{"id":2163,"date":"2020-04-19T14:34:20","date_gmt":"2020-04-19T12:34:20","guid":{"rendered":"https:\/\/balsamico.shop\/pl\/?post_type=product&#038;p=2163"},"modified":"2026-04-18T23:23:06","modified_gmt":"2026-04-18T21:23:06","slug":"giuseppe-cremonini-aceto-balsamico-di-modena-invecchiato-5-grape-aged","status":"publish","type":"product","link":"https:\/\/balsamico.shop\/pl\/produkt\/giuseppe-cremonini-aceto-balsamico-di-modena-invecchiato-5-grape-aged\/","title":{"rendered":"Aceto Balsamico di Modena I.G.P. &#8211; Invecchiato &#8211; Cremonini"},"content":{"rendered":"<p><img loading=\"lazy\" decoding=\"async\" class=\"alignright wp-image-3760 size-medium\" src=\"https:\/\/balsamico.shop\/de\/wp-content\/uploads\/2020\/04\/cremonini-logo-211x300.png\" alt=\"Giuseppe Cremonini Logo\" width=\"211\" height=\"300\" \/>Ten <strong>Ocet Balsamiczny z Modeny PGI<\/strong> starzony przez<strong> Acetaia Giuseppe Cremonini<\/strong> zosta\u0142 wybrany jako zwyci\u0119zca testu przez niemiecki magazyn<strong> \u00d6KO-TEST<\/strong> w wydaniu z lipca 2021 roku. Zosta\u0142 og\u0142oszony zwyci\u0119zc\u0105 z og\u00f3ln\u0105 ocen\u0105 &#8222;<strong>bardzo dobry<\/strong>&#8222;. W 2020 roku ten ocet balsamiczny ChOG zosta\u0142 wybrany na zwyci\u0119zc\u0119 konkursu<strong> Stiftung Warentest<\/strong> z ocen\u0105 <strong>1,6<\/strong>. Przy tej okazji przetestowano 27 r\u00f3\u017cnych oct\u00f3w balsamicznych ChOG, wszystkie w niskim i \u015brednim przedziale cenowym.<\/p>\n<p>Octy Cremonini mo\u017cna zazwyczaj znale\u017a\u0107 w supermarketach. Ten jednak bardzo rzadko mo\u017cna znale\u017a\u0107 w sklepach, jest to odmiana 5 winogronowa z dodatkiem &#8222;Aged&#8221;, kt\u00f3r\u0105 \u0142atwo pomyli\u0107 z ta\u0144sz\u0105 odmian\u0105 5 winogronow\u0105 bez <strong>dodatku &#8222;Aged<\/strong>&#8222;. Zawsze sprawdzajcie te\u017c ty\u0142 butelki!<\/p>\n<p>G\u0119sto\u015b\u0107 tego balsamico wynosi 1,33. Tylko niezwykle rzadko balsamico IGP osi\u0105ga tak wysok\u0105 g\u0119sto\u015b\u0107, a tym samym syropowat\u0105 p\u0142ynno\u015b\u0107. Du\u017cy udzia\u0142 gotowanego moszczu winogronowego i czas dojrzewania w beczce s\u0105 decyduj\u0105ce w uzyskaniu tej cechy. Tylko <a href=\"https:\/\/balsamico.shop\/pl\/produkt\/aceto-balsamico-tradizionale-di-modena-giuseppe-cremonini\/\" target=\"_blank\" rel=\"noopener\">Aceto Balsamico Tradizionale firmy Cremonini<\/a> mo\u017ce przewy\u017cszy\u0107 ten ocet balsamiczny. Jest on produkowany bez sztucznych aromat\u00f3w i konserwant\u00f3w. Ten balsamiczny szczeg\u00f3lnie nadaje si\u0119 do ryb, twardych ser\u00f3w, warzyw i owoc\u00f3w.<\/p>\n<p>Giuseppe Cremonini produkuje w ma\u0142ej miejscowo\u015bci Spilamberto, kilka kilometr\u00f3w na po\u0142udniowy wsch\u00f3d od Modeny. W\u015br\u00f3d koneser\u00f3w octu, Spilamberto jest prawdziw\u0105 stolic\u0105 balsamico. Tutaj znajduje si\u0119 r\u00f3wnie\u017c s\u0142ynne Muzeum Balsamico oraz gigantyczna kropla (<a href=\"http:\/\/www.lunatiscenografie.it\/portfolio\/la-goccia-balsamica-di-spilamberto\/\" target=\"_blank\" rel=\"noopener\">la Goccia balsamica<\/a>). W Spilamberto odbywa si\u0119 r\u00f3wnie\u017c raz w roku najs\u0142ynniejsze Palio (konkurs balsamiczny), Palio di San Giovanni.<\/p>\n<p><strong>Nasza letnia rada<\/strong>: Mo\u017cesz wykorzysta\u0107 ten balsamik idealnie do przygotowania balsamicznej spritzerki! W tym celu dodaj ok. 2 \u0142y\u017ceczki balsamico do szklanki (0,33) gazowanej, ch\u0142odnej wody mineralnej, lekko zamieszaj, gotowe. Letni, s\u0142odko-kwa\u015bny orze\u017awiaj\u0105cy nap\u00f3j reguluj\u0105cy r\u00f3wnowag\u0119 PH i ch\u0142odz\u0105cy przy wysokich temperaturach.<\/p>\n<p><span style=\"text-decoration: underline;\"><strong>Dane produktu<\/strong>:<\/span><\/p>\n<p><strong>Starzenie<\/strong>: dojrzewa w beczkach z drewna barrique przez co najmniej 3 lata<\/p>\n<p><strong>G\u0119sto\u015b\u0107<\/strong>: 1,33 &#8211; jako\u015b\u0107 premium (syropowata \/ lepka)<\/p>\n<p><strong>Kolor<\/strong>: bogaty ciemny br\u0105z<\/p>\n<p><strong>Aromat<\/strong>: przyjemny, nie ostra kwasowo\u015b\u0107, dobra nuta beczkowa, intensywnie trwa\u0142y<\/p>\n<p><strong>Smak i intensywno\u015b\u0107<\/strong>: s\u0142odki intensywny smak z nut\u0105 wanilii z dobrze zintegrowan\u0105 kwasowo\u015bci\u0105<\/p>\n<p><strong>Przechowywanie<\/strong>: przechowywa\u0107 w ch\u0142odnym, suchym miejscu z dala od \u015bwiat\u0142a i ciep\u0142a<\/p>\n<p><strong>Kraj pochodzenia<\/strong>: W\u0142ochy<\/p>\n<p><strong>Wyprodukowane i przetworzone<\/strong>: Spilamberto, W\u0142ochy<\/p>\n<p><strong>Znak ochrony<\/strong>: I.G.P. \/ PGI (Chronione Oznaczenie Geograficzne)<\/p>\n<p><strong>Oznaczenie chronione przez<\/strong>: <a href=\"https:\/\/eur-lex.europa.eu\/legal-content\/pl\/TXT\/HTML\/?uri=CELEX:32009R0583\" target=\"_blank\" rel=\"noopener\">Rozporz\u0105dzenie (WE) nr 583\/2009 &#8211; Aceto Balsamico di Modena<\/a><\/p>\n<p><strong>Wylewka<\/strong>: zintegrowana, silikonowa<\/p>\n<p><strong>Ilo\u015b\u0107<\/strong>: 250 mililitr\u00f3w<\/p>\n<p><strong>Sk\u0142adniki<\/strong>: 6% kwas, gotowany moszcz winogronowy, ocet winny. Bez barwnika \/ karmelu<\/p>\n<p><strong>Uwaga<\/strong>: zawiera siarczyny<\/p>\n<p><strong>Wskaz\u00f3wka wideo Aceto Balsamico di Modena<\/strong>:<\/p>\n<p><a href=\"https:\/\/www.youtube.com\/watch?v=NASYSaDr5bI\" target=\"_blank\" rel=\"noopener noreferrer\"><img loading=\"lazy\" decoding=\"async\" class=\"alignnone wp-image-3756 size-full\" src=\"https:\/\/balsamico.shop\/de\/wp-content\/uploads\/2020\/04\/cremonini-balsamico.jpg\" alt=\"Cremonini ocet balsamiczny wideo\" width=\"500\" height=\"341\" \/><\/a><\/p>\n<p><strong>Inne nazwy<\/strong> &#8211; kt\u00f3re mo\u017cna przypisa\u0107 do tego produktu:<\/p>\n<ul>\n<li>Cremonini 5 Grape Balsamico<\/li>\n<li>Aceto Balsamico Modena 5 GP Aged Inter<\/li>\n<li>Aceto Balsamico di Modena I.G.P. Invecchiato Aged, 5 Z\u0142otych Winogron<\/li>\n<li>Zwyci\u0119zca testu Giuseppe Cremonini Balsamico 2020<\/li>\n<li>Aceto Balsamico by Cremoni &#8211; 5 z\u0142otych winogron<\/li>\n<li>Butelka 250 ml Balsamico by Cremonini z pi\u0119cioma winogronami<\/li>\n<\/ul>\n","protected":false},"excerpt":{"rendered":"<p>Ten <strong>Ocet Balsamiczny z Modeny PGI<\/strong> starzony przez<strong> Acetaia Giuseppe Cremonini<\/strong> zosta\u0142 wybrany jako zwyci\u0119zca testu przez niemiecki magazyn<strong> \u00d6KO-TEST<\/strong> w wydaniu z lipca 2021 roku. Zosta\u0142 og\u0142oszony zwyci\u0119zc\u0105 z og\u00f3ln\u0105 ocen\u0105 &#8222;<strong>bardzo dobry<\/strong>&#8222;. W 2020 roku ten ocet balsamiczny ChOG zosta\u0142 wybrany na zwyci\u0119zc\u0119 konkursu<strong> Stiftung Warentest<\/strong> z ocen\u0105 <strong>1,6<\/strong>. Przy tej okazji przetestowano 27 r\u00f3\u017cnych oct\u00f3w balsamicznych ChOG, wszystkie w niskim i \u015brednim przedziale cenowym. G\u0119sto\u015b\u0107 tego balsamico wynosi 1,33. Tylko niezwykle rzadko balsamico IGP osi\u0105ga tak wysok\u0105 g\u0119sto\u015b\u0107, a tym samym syropowat\u0105 p\u0142ynno\u015b\u0107. Du\u017cy udzia\u0142 gotowanego moszczu winogronowego i czas dojrzewania w beczce s\u0105 decyduj\u0105ce w uzyskaniu tej cechy. Tylko <a href=\"https:\/\/balsamico.shop\/pl\/produkt\/aceto-balsamico-tradizionale-di-modena-giuseppe-cremonini\/\" target=\"_blank\" rel=\"noopener\">Aceto Balsamico Tradizionale firmy Cremonini<\/a> mo\u017ce przewy\u017cszy\u0107 ten ocet balsamiczny. Jest on produkowany bez sztucznych aromat\u00f3w i konserwant\u00f3w. Ten balsamiczny szczeg\u00f3lnie nadaje si\u0119 do ryb, twardych ser\u00f3w, warzyw i owoc\u00f3w.<\/p>\n","protected":false},"featured_media":2164,"template":"","meta":[],"product_brand":[],"product_cat":[63],"product_tag":[],"class_list":{"0":"post-2163","1":"product","2":"type-product","3":"status-publish","4":"has-post-thumbnail","6":"product_cat-cremonini","7":"product_shipping_class-balsamico","9":"first","10":"instock","11":"taxable","12":"shipping-taxable","13":"purchasable","14":"product-type-simple"},"bundle_layout":"","bundled_by":[],"bundled_items":[],"yoast_head":"<!-- This site is optimized with the Yoast SEO plugin v27.4 - https:\/\/yoast.com\/product\/yoast-seo-wordpress\/ -->\n<title>Aceto Balsamico di Modena I.G.P. - Invecchiato - Cremonini - Aceto Balsamico Shop - Polska<\/title>\n<meta name=\"robots\" content=\"index, follow, max-snippet:-1, max-image-preview:large, max-video-preview:-1\" \/>\n<link rel=\"canonical\" href=\"https:\/\/balsamico.shop\/pl\/produkt\/giuseppe-cremonini-aceto-balsamico-di-modena-invecchiato-5-grape-aged\/\" \/>\n<meta property=\"og:locale\" content=\"pl_PL\" \/>\n<meta property=\"og:type\" content=\"article\" \/>\n<meta property=\"og:title\" content=\"Aceto Balsamico di Modena I.G.P. - Invecchiato - Cremonini - Aceto Balsamico Shop - Polska\" \/>\n<meta property=\"og:description\" content=\"Ten Ocet Balsamiczny z Modeny PGI starzony przez Acetaia Giuseppe Cremonini zosta\u0142 wybrany jako zwyci\u0119zca testu przez niemiecki magazyn \u00d6KO-TEST w wydaniu z lipca 2021 roku. Zosta\u0142 og\u0142oszony zwyci\u0119zc\u0105 z og\u00f3ln\u0105 ocen\u0105 &quot;bardzo dobry&quot;. W 2020 roku ten ocet balsamiczny ChOG zosta\u0142 wybrany na zwyci\u0119zc\u0119 konkursu Stiftung Warentest z ocen\u0105 1,6. Przy tej okazji przetestowano 27 r\u00f3\u017cnych oct\u00f3w balsamicznych ChOG, wszystkie w niskim i \u015brednim przedziale cenowym. G\u0119sto\u015b\u0107 tego balsamico wynosi 1,33. Tylko niezwykle rzadko balsamico IGP osi\u0105ga tak wysok\u0105 g\u0119sto\u015b\u0107, a tym samym syropowat\u0105 p\u0142ynno\u015b\u0107. Du\u017cy udzia\u0142 gotowanego moszczu winogronowego i czas dojrzewania w beczce s\u0105 decyduj\u0105ce w uzyskaniu tej cechy. Tylko Aceto Balsamico Tradizionale firmy Cremonini mo\u017ce przewy\u017cszy\u0107 ten ocet balsamiczny. Jest on produkowany bez sztucznych aromat\u00f3w i konserwant\u00f3w. Ten balsamiczny szczeg\u00f3lnie nadaje si\u0119 do ryb, twardych ser\u00f3w, warzyw i owoc\u00f3w.\" \/>\n<meta property=\"og:url\" content=\"https:\/\/balsamico.shop\/pl\/produkt\/giuseppe-cremonini-aceto-balsamico-di-modena-invecchiato-5-grape-aged\/\" \/>\n<meta property=\"og:site_name\" content=\"Aceto Balsamico Shop - Polska\" \/>\n<meta property=\"article:modified_time\" content=\"2026-04-18T21:23:06+00:00\" \/>\n<meta property=\"og:image\" content=\"https:\/\/balsamico.shop\/pl\/wp-content\/uploads\/2020\/04\/giuseppe-cremonini-aceto-balsamico-di-modena-invecchiato-5-trauben-aged.jpg\" \/>\n\t<meta property=\"og:image:width\" content=\"1600\" \/>\n\t<meta property=\"og:image:height\" content=\"1872\" \/>\n\t<meta property=\"og:image:type\" content=\"image\/jpeg\" \/>\n<meta name=\"twitter:card\" content=\"summary_large_image\" \/>\n<meta name=\"twitter:label1\" content=\"Szacowany czas czytania\" \/>\n\t<meta name=\"twitter:data1\" content=\"2 minuty\" \/>\n<script type=\"application\/ld+json\" class=\"yoast-schema-graph\">{\"@context\":\"https:\\\/\\\/schema.org\",\"@graph\":[{\"@type\":\"WebPage\",\"@id\":\"https:\\\/\\\/balsamico.shop\\\/pl\\\/produkt\\\/giuseppe-cremonini-aceto-balsamico-di-modena-invecchiato-5-grape-aged\\\/\",\"url\":\"https:\\\/\\\/balsamico.shop\\\/pl\\\/produkt\\\/giuseppe-cremonini-aceto-balsamico-di-modena-invecchiato-5-grape-aged\\\/\",\"name\":\"Aceto Balsamico di Modena I.G.P. - Invecchiato - Cremonini - Aceto Balsamico Shop - Polska\",\"isPartOf\":{\"@id\":\"https:\\\/\\\/balsamico.shop\\\/pl\\\/#website\"},\"primaryImageOfPage\":{\"@id\":\"https:\\\/\\\/balsamico.shop\\\/pl\\\/produkt\\\/giuseppe-cremonini-aceto-balsamico-di-modena-invecchiato-5-grape-aged\\\/#primaryimage\"},\"image\":{\"@id\":\"https:\\\/\\\/balsamico.shop\\\/pl\\\/produkt\\\/giuseppe-cremonini-aceto-balsamico-di-modena-invecchiato-5-grape-aged\\\/#primaryimage\"},\"thumbnailUrl\":\"https:\\\/\\\/balsamico.shop\\\/pl\\\/wp-content\\\/uploads\\\/2020\\\/04\\\/giuseppe-cremonini-aceto-balsamico-di-modena-invecchiato-5-trauben-aged.jpg\",\"datePublished\":\"2020-04-19T12:34:20+00:00\",\"dateModified\":\"2026-04-18T21:23:06+00:00\",\"breadcrumb\":{\"@id\":\"https:\\\/\\\/balsamico.shop\\\/pl\\\/produkt\\\/giuseppe-cremonini-aceto-balsamico-di-modena-invecchiato-5-grape-aged\\\/#breadcrumb\"},\"inLanguage\":\"pl-PL\",\"potentialAction\":[{\"@type\":\"ReadAction\",\"target\":[\"https:\\\/\\\/balsamico.shop\\\/pl\\\/produkt\\\/giuseppe-cremonini-aceto-balsamico-di-modena-invecchiato-5-grape-aged\\\/\"]}]},{\"@type\":\"ImageObject\",\"inLanguage\":\"pl-PL\",\"@id\":\"https:\\\/\\\/balsamico.shop\\\/pl\\\/produkt\\\/giuseppe-cremonini-aceto-balsamico-di-modena-invecchiato-5-grape-aged\\\/#primaryimage\",\"url\":\"https:\\\/\\\/balsamico.shop\\\/pl\\\/wp-content\\\/uploads\\\/2020\\\/04\\\/giuseppe-cremonini-aceto-balsamico-di-modena-invecchiato-5-trauben-aged.jpg\",\"contentUrl\":\"https:\\\/\\\/balsamico.shop\\\/pl\\\/wp-content\\\/uploads\\\/2020\\\/04\\\/giuseppe-cremonini-aceto-balsamico-di-modena-invecchiato-5-trauben-aged.jpg\",\"width\":1600,\"height\":1872},{\"@type\":\"BreadcrumbList\",\"@id\":\"https:\\\/\\\/balsamico.shop\\\/pl\\\/produkt\\\/giuseppe-cremonini-aceto-balsamico-di-modena-invecchiato-5-grape-aged\\\/#breadcrumb\",\"itemListElement\":[{\"@type\":\"ListItem\",\"position\":1,\"name\":\"Home\",\"item\":\"https:\\\/\\\/balsamico.shop\\\/pl\\\/\"},{\"@type\":\"ListItem\",\"position\":2,\"name\":\"Ocet Balsamiczny &#8211; Sklep Internetowy\",\"item\":\"https:\\\/\\\/balsamico.shop\\\/pl\\\/shop\\\/\"},{\"@type\":\"ListItem\",\"position\":3,\"name\":\"Aceto Balsamico di Modena I.G.P. &#8211; Invecchiato &#8211; Cremonini\"}]},{\"@type\":\"WebSite\",\"@id\":\"https:\\\/\\\/balsamico.shop\\\/pl\\\/#website\",\"url\":\"https:\\\/\\\/balsamico.shop\\\/pl\\\/\",\"name\":\"Aceto Balsamico Shop - Polska\",\"description\":\"Ocet balsamiczny sklep internetowy\",\"potentialAction\":[{\"@type\":\"SearchAction\",\"target\":{\"@type\":\"EntryPoint\",\"urlTemplate\":\"https:\\\/\\\/balsamico.shop\\\/pl\\\/?s={search_term_string}\"},\"query-input\":{\"@type\":\"PropertyValueSpecification\",\"valueRequired\":true,\"valueName\":\"search_term_string\"}}],\"inLanguage\":\"pl-PL\"}]}<\/script>\n<!-- \/ Yoast SEO plugin. -->","yoast_head_json":{"title":"Aceto Balsamico di Modena I.G.P. - Invecchiato - Cremonini - Aceto Balsamico Shop - Polska","robots":{"index":"index","follow":"follow","max-snippet":"max-snippet:-1","max-image-preview":"max-image-preview:large","max-video-preview":"max-video-preview:-1"},"canonical":"https:\/\/balsamico.shop\/pl\/produkt\/giuseppe-cremonini-aceto-balsamico-di-modena-invecchiato-5-grape-aged\/","og_locale":"pl_PL","og_type":"article","og_title":"Aceto Balsamico di Modena I.G.P. - Invecchiato - Cremonini - Aceto Balsamico Shop - Polska","og_description":"Ten Ocet Balsamiczny z Modeny PGI starzony przez Acetaia Giuseppe Cremonini zosta\u0142 wybrany jako zwyci\u0119zca testu przez niemiecki magazyn \u00d6KO-TEST w wydaniu z lipca 2021 roku. Zosta\u0142 og\u0142oszony zwyci\u0119zc\u0105 z og\u00f3ln\u0105 ocen\u0105 \"bardzo dobry\". W 2020 roku ten ocet balsamiczny ChOG zosta\u0142 wybrany na zwyci\u0119zc\u0119 konkursu Stiftung Warentest z ocen\u0105 1,6. Przy tej okazji przetestowano 27 r\u00f3\u017cnych oct\u00f3w balsamicznych ChOG, wszystkie w niskim i \u015brednim przedziale cenowym. G\u0119sto\u015b\u0107 tego balsamico wynosi 1,33. Tylko niezwykle rzadko balsamico IGP osi\u0105ga tak wysok\u0105 g\u0119sto\u015b\u0107, a tym samym syropowat\u0105 p\u0142ynno\u015b\u0107. Du\u017cy udzia\u0142 gotowanego moszczu winogronowego i czas dojrzewania w beczce s\u0105 decyduj\u0105ce w uzyskaniu tej cechy. Tylko Aceto Balsamico Tradizionale firmy Cremonini mo\u017ce przewy\u017cszy\u0107 ten ocet balsamiczny. Jest on produkowany bez sztucznych aromat\u00f3w i konserwant\u00f3w. Ten balsamiczny szczeg\u00f3lnie nadaje si\u0119 do ryb, twardych ser\u00f3w, warzyw i owoc\u00f3w.","og_url":"https:\/\/balsamico.shop\/pl\/produkt\/giuseppe-cremonini-aceto-balsamico-di-modena-invecchiato-5-grape-aged\/","og_site_name":"Aceto Balsamico Shop - Polska","article_modified_time":"2026-04-18T21:23:06+00:00","og_image":[{"width":1600,"height":1872,"url":"https:\/\/balsamico.shop\/pl\/wp-content\/uploads\/2020\/04\/giuseppe-cremonini-aceto-balsamico-di-modena-invecchiato-5-trauben-aged.jpg","type":"image\/jpeg"}],"twitter_card":"summary_large_image","twitter_misc":{"Szacowany czas czytania":"2 minuty"},"schema":{"@context":"https:\/\/schema.org","@graph":[{"@type":"WebPage","@id":"https:\/\/balsamico.shop\/pl\/produkt\/giuseppe-cremonini-aceto-balsamico-di-modena-invecchiato-5-grape-aged\/","url":"https:\/\/balsamico.shop\/pl\/produkt\/giuseppe-cremonini-aceto-balsamico-di-modena-invecchiato-5-grape-aged\/","name":"Aceto Balsamico di Modena I.G.P. - Invecchiato - Cremonini - Aceto Balsamico Shop - Polska","isPartOf":{"@id":"https:\/\/balsamico.shop\/pl\/#website"},"primaryImageOfPage":{"@id":"https:\/\/balsamico.shop\/pl\/produkt\/giuseppe-cremonini-aceto-balsamico-di-modena-invecchiato-5-grape-aged\/#primaryimage"},"image":{"@id":"https:\/\/balsamico.shop\/pl\/produkt\/giuseppe-cremonini-aceto-balsamico-di-modena-invecchiato-5-grape-aged\/#primaryimage"},"thumbnailUrl":"https:\/\/balsamico.shop\/pl\/wp-content\/uploads\/2020\/04\/giuseppe-cremonini-aceto-balsamico-di-modena-invecchiato-5-trauben-aged.jpg","datePublished":"2020-04-19T12:34:20+00:00","dateModified":"2026-04-18T21:23:06+00:00","breadcrumb":{"@id":"https:\/\/balsamico.shop\/pl\/produkt\/giuseppe-cremonini-aceto-balsamico-di-modena-invecchiato-5-grape-aged\/#breadcrumb"},"inLanguage":"pl-PL","potentialAction":[{"@type":"ReadAction","target":["https:\/\/balsamico.shop\/pl\/produkt\/giuseppe-cremonini-aceto-balsamico-di-modena-invecchiato-5-grape-aged\/"]}]},{"@type":"ImageObject","inLanguage":"pl-PL","@id":"https:\/\/balsamico.shop\/pl\/produkt\/giuseppe-cremonini-aceto-balsamico-di-modena-invecchiato-5-grape-aged\/#primaryimage","url":"https:\/\/balsamico.shop\/pl\/wp-content\/uploads\/2020\/04\/giuseppe-cremonini-aceto-balsamico-di-modena-invecchiato-5-trauben-aged.jpg","contentUrl":"https:\/\/balsamico.shop\/pl\/wp-content\/uploads\/2020\/04\/giuseppe-cremonini-aceto-balsamico-di-modena-invecchiato-5-trauben-aged.jpg","width":1600,"height":1872},{"@type":"BreadcrumbList","@id":"https:\/\/balsamico.shop\/pl\/produkt\/giuseppe-cremonini-aceto-balsamico-di-modena-invecchiato-5-grape-aged\/#breadcrumb","itemListElement":[{"@type":"ListItem","position":1,"name":"Home","item":"https:\/\/balsamico.shop\/pl\/"},{"@type":"ListItem","position":2,"name":"Ocet Balsamiczny &#8211; Sklep Internetowy","item":"https:\/\/balsamico.shop\/pl\/shop\/"},{"@type":"ListItem","position":3,"name":"Aceto Balsamico di Modena I.G.P. &#8211; Invecchiato &#8211; Cremonini"}]},{"@type":"WebSite","@id":"https:\/\/balsamico.shop\/pl\/#website","url":"https:\/\/balsamico.shop\/pl\/","name":"Aceto Balsamico Shop - Polska","description":"Ocet balsamiczny sklep internetowy","potentialAction":[{"@type":"SearchAction","target":{"@type":"EntryPoint","urlTemplate":"https:\/\/balsamico.shop\/pl\/?s={search_term_string}"},"query-input":{"@type":"PropertyValueSpecification","valueRequired":true,"valueName":"search_term_string"}}],"inLanguage":"pl-PL"}]}},"_links":{"self":[{"href":"https:\/\/balsamico.shop\/pl\/wp-json\/wp\/v2\/product\/2163","targetHints":{"allow":["GET"]}}],"collection":[{"href":"https:\/\/balsamico.shop\/pl\/wp-json\/wp\/v2\/product"}],"about":[{"href":"https:\/\/balsamico.shop\/pl\/wp-json\/wp\/v2\/types\/product"}],"wp:featuredmedia":[{"embeddable":true,"href":"https:\/\/balsamico.shop\/pl\/wp-json\/wp\/v2\/media\/2164"}],"wp:attachment":[{"href":"https:\/\/balsamico.shop\/pl\/wp-json\/wp\/v2\/media?parent=2163"}],"wp:term":[{"taxonomy":"product_brand","embeddable":true,"href":"https:\/\/balsamico.shop\/pl\/wp-json\/wp\/v2\/product_brand?post=2163"},{"taxonomy":"product_cat","embeddable":true,"href":"https:\/\/balsamico.shop\/pl\/wp-json\/wp\/v2\/product_cat?post=2163"},{"taxonomy":"product_tag","embeddable":true,"href":"https:\/\/balsamico.shop\/pl\/wp-json\/wp\/v2\/product_tag?post=2163"}],"curies":[{"name":"wp","href":"https:\/\/api.w.org\/{rel}","templated":true}]}}