{"id":2113,"date":"2020-02-21T08:50:42","date_gmt":"2020-02-21T07:50:42","guid":{"rendered":"https:\/\/balsamico.shop\/pl\/?post_type=product&#038;p=2113"},"modified":"2024-11-21T15:28:51","modified_gmt":"2024-11-21T14:28:51","slug":"oliwa-z-oliwek-premium-z-wloch-profumo-oliva-gonnelli","status":"publish","type":"product","link":"https:\/\/balsamico.shop\/pl\/produkt\/oliwa-z-oliwek-premium-z-wloch-profumo-oliva-gonnelli\/","title":{"rendered":"Oliwa z oliwek Premium z W\u0142och &#8211; Profumo d&#8217;Oliva &#8211; Gonnelli 1585"},"content":{"rendered":"<p>Ta wysokiej jako\u015bci oliwa z oliwek &#8222;Extra Vergine &#8211; Gran Cru&#8221; pochodzi z olejarni rodziny Gonnelli, kt\u00f3ra znajduje si\u0119 w Toskanii we W\u0142oszech. Olej charakteryzuje si\u0119 nie tylko wyj\u0105tkowo pi\u0119knym i szlachetnym opakowaniem, ale tak\u017ce wyr\u00f3\u017cnia si\u0119 wyj\u0105tkow\u0105 produkcj\u0105 przy <strong>wy\u0142\u0105czeniu tlenu<\/strong>. Ca\u0142y proces produkcji od zbioru oliwek do gotowej oliwy trwa zaledwie 15 godzin. Celem jest wyprodukowanie oliwy z oliwek, kt\u00f3ra jest chroniona przed utlenianiem podczas produkcji. Dzi\u0119ki temu zachowuje maksimum smaku \u015bwie\u017cej oliwy z oliwek. W przypadku tego produktu kupujesz bardzo wysokiej jako\u015bci rzemie\u015blnicz\u0105 oliw\u0119 z oliwek premium.<\/p>\n<p><strong>Nowe zbiory 2021\/2022!<\/strong> Oliwa Profumo d&#8217;Oliva klasy premium jest ca\u0142kowicie \u015bwie\u017ca z sezonu 2021\/2022 i stanowi mistrzowsk\u0105 kompozycj\u0119 g\u0142\u00f3wnie odmian oliwek Frantoio, Moraiolo i odrobiny odmiany Leccino. Zawarto\u015b\u0107 kwasu oleinowego jest bardzo niska i wed\u0142ug producenta wynosi tylko <strong>oko\u0142o 0,15%!<\/strong><\/p>\n<p><b><img loading=\"lazy\" decoding=\"async\" class=\"alignright wp-image-3551 size-full\" src=\"https:\/\/balsamico.shop\/de\/wp-content\/uploads\/2020\/02\/profumo-d-olivia-gonnelli.jpg\" alt=\"Oliwa z oliwek Premium z W\u0142och - Smak\" width=\"487\" height=\"355\" \/><\/b><strong>Czas zbior\u00f3w oliwek<\/strong>: pa\u017adziernik i pocz\u0105tek listopada<\/p>\n<p><strong>Czyszczenie<\/strong> <strong>oliwek<\/strong>: Oliwki s\u0105 pozbawiane li\u015bci i oddzielane od cia\u0142 obcych, takich jak ga\u0142\u0105zki czy li\u015bcie, za pomoc\u0105 opatentowanego systemu. Nast\u0119pnie s\u0105 one myte wod\u0105 oczyszczon\u0105.<\/p>\n<p><strong>Przetwarzanie<\/strong>: Oliwki s\u0105 przetwarzane w cyklu ci\u0105g\u0142ym przy braku tlenu w atmosferze pod wp\u0142ywem azotu. Ekstrakcja odbywa si\u0119 w kontrolowanej temperaturze (na zimno).<\/p>\n<p><strong>Produkcja<\/strong>: Produkcja jest ograniczona do kilku butelek.<\/p>\n<p><strong>Filtrowanie<\/strong>: Oliwa z oliwek jest filtrowana za pomoc\u0105 czystej celulozy.<\/p>\n<p><strong>Warto\u015b\u0107<\/strong> <strong>polifenoli<\/strong>: Warto\u015b\u0107 polifenoli wynosi \u015brednio 480 mg\/kg. Polifenole z oliwy z oliwek pomagaj\u0105 chroni\u0107 lipidy krwi przed stresem oksydacyjnym.<\/p>\n<p><strong>Przechowywanie<\/strong>: Oliwa z oliwek jest przechowywana w pojemnikach ze stali nierdzewnej w kontrolowanej temperaturze, bez dost\u0119pu tlenu, pod azotem.<\/p>\n<p><strong>Bukiet<\/strong>: Oliwa posiada bogaty i delikatny bukiet z aromatami \u015bwie\u017cych migda\u0142\u00f3w i karczoch\u00f3w.<\/p>\n<p><strong>Kwasowo\u015b\u0107<\/strong>: Olej ma bardzo ma\u0142o kwasu oleinowego, tylko oko\u0142o 0,15%.<\/p>\n<p><strong>Smak<\/strong>: Oliwa tworzy harmoni\u0119 gorzko-pikantnych dozna\u0144 i nut zio\u0142owych, a tak\u017ce \u015bwie\u017cych warzyw w d\u0142ugim i zr\u00f3wnowa\u017conym finiszu.<\/p>\n<p><strong>Zalecane<\/strong> <strong>po\u0142\u0105czenie<\/strong>: Oliwa jest doskona\u0142a do sufletu krewetkowego i warzywnych crudit\u00e9s, jak r\u00f3wnie\u017c do czystej przyjemno\u015bci.<\/p>\n<p><strong>Sk\u0142ad<\/strong>: 100% oliwa z oliwek extra virgin z W\u0142och.<\/p>\n<p>&nbsp;<\/p>\n<p><iframe loading=\"lazy\" title=\"La raccolta delle olive Gonnelli 1585\" width=\"1170\" height=\"658\" src=\"https:\/\/www.youtube.com\/embed\/9-lhIaM15nc?start=2&#038;feature=oembed\" frameborder=\"0\" allow=\"accelerometer; autoplay; clipboard-write; encrypted-media; gyroscope; picture-in-picture; web-share\" referrerpolicy=\"strict-origin-when-cross-origin\" allowfullscreen><\/iframe><\/p>\n<p>&nbsp;<\/p>\n<p>Producent<br \/>\nGonnelli 1585 S.r.l.<br \/>\nVia Piero della Francesca snc<br \/>\nLoc. Cascia 50066 &#8211; Reggello (FI) W\u0142ochy<\/p>\n","protected":false},"excerpt":{"rendered":"<p>Ta wysokiej jako\u015bci oliwa z oliwek &#8222;Extra Vergine &#8211; Gran Cru&#8221; pochodzi z olejarni rodziny Gonnelli, kt\u00f3ra znajduje si\u0119 w Toskanii we W\u0142oszech. Olej charakteryzuje si\u0119 nie tylko wyj\u0105tkowo pi\u0119knym i szlachetnym opakowaniem, ale tak\u017ce wyr\u00f3\u017cnia si\u0119 wyj\u0105tkow\u0105 produkcj\u0105 przy wy\u0142\u0105czeniu tlenu. Ca\u0142y proces produkcji od zbioru oliwek do gotowej oliwy trwa zaledwie 15 godzin. Celem jest wyprodukowanie oliwy z oliwek, kt\u00f3ra jest chroniona przed utlenianiem podczas produkcji. Dzi\u0119ki temu zachowuje maksimum smaku \u015bwie\u017cej oliwy z oliwek. W przypadku tego produktu kupujesz bardzo wysokiej jako\u015bci rzemie\u015blnicz\u0105 oliw\u0119 z oliwek premium. Nowe zbiory 2021\/2022! Oliwa Profumo d&#8217;Oliva klasy premium jest ca\u0142kowicie \u015bwie\u017ca z sezonu 2021\/2022 i stanowi mistrzowsk\u0105 kompozycj\u0119 g\u0142\u00f3wnie odmian oliwek Frantoio, Moraiolo i odrobiny odmiany Leccino. Zawarto\u015b\u0107 kwasu oleinowego jest bardzo niska i wed\u0142ug producenta wynosi tylko oko\u0142o 0,15%! Czas zbior\u00f3w oliwek: pa\u017adziernik i pocz\u0105tek listopada Czyszczenie oliwek: Oliwki s\u0105 pozbawiane li\u015bci i oddzielane od cia\u0142 obcych, takich jak ga\u0142\u0105zki czy li\u015bcie, za pomoc\u0105 opatentowanego systemu. Nast\u0119pnie s\u0105 one myte wod\u0105 oczyszczon\u0105. Przetwarzanie: Oliwki s\u0105 przetwarzane w cyklu ci\u0105g\u0142ym przy braku tlenu w atmosferze pod wp\u0142ywem azotu. Ekstrakcja odbywa si\u0119 w kontrolowanej temperaturze (na zimno). Produkcja: Produkcja jest ograniczona do kilku butelek. Filtrowanie: Oliwa z oliwek jest filtrowana za pomoc\u0105 czystej celulozy. Warto\u015b\u0107 polifenoli: Warto\u015b\u0107 polifenoli wynosi \u015brednio 480 mg\/kg. Polifenole z oliwy z oliwek pomagaj\u0105 chroni\u0107 lipidy krwi przed stresem oksydacyjnym. Przechowywanie: Oliwa z oliwek jest przechowywana w pojemnikach ze stali nierdzewnej w kontrolowanej temperaturze, bez dost\u0119pu tlenu, pod azotem. Bukiet: Oliwa posiada bogaty i delikatny bukiet z aromatami \u015bwie\u017cych migda\u0142\u00f3w i karczoch\u00f3w. Kwasowo\u015b\u0107: Olej ma bardzo ma\u0142o kwasu oleinowego, tylko oko\u0142o 0,15%. Smak: Oliwa tworzy harmoni\u0119 gorzko-pikantnych dozna\u0144 i nut zio\u0142owych, a tak\u017ce \u015bwie\u017cych warzyw w d\u0142ugim i zr\u00f3wnowa\u017conym finiszu. Zalecane po\u0142\u0105czenie: Oliwa jest doskona\u0142a do sufletu krewetkowego i warzywnych crudit\u00e9s, jak r\u00f3wnie\u017c do czystej przyjemno\u015bci. Sk\u0142ad: 100% oliwa z oliwek extra virgin z W\u0142och. &nbsp; &nbsp; Producent Gonnelli 1585 S.r.l. Via Piero della Francesca snc Loc. Cascia 50066 &#8211; Reggello (FI) W\u0142ochy<\/p>\n","protected":false},"featured_media":2116,"template":"","meta":[],"product_brand":[],"product_cat":[71],"product_tag":[],"class_list":{"0":"post-2113","1":"product","2":"type-product","3":"status-publish","4":"has-post-thumbnail","6":"product_cat-gonnelli","8":"first","9":"outofstock","10":"taxable","11":"shipping-taxable","12":"purchasable","13":"product-type-simple"},"bundle_layout":"","bundled_by":[],"bundled_items":[],"yoast_head":"<!-- This site is optimized with the Yoast SEO plugin v27.4 - https:\/\/yoast.com\/product\/yoast-seo-wordpress\/ -->\n<title>Oliwa z oliwek Premium z W\u0142och - Profumo d&#039;Oliva - Gonnelli 1585<\/title>\n<meta name=\"robots\" content=\"index, follow, max-snippet:-1, max-image-preview:large, max-video-preview:-1\" \/>\n<link rel=\"canonical\" href=\"https:\/\/balsamico.shop\/pl\/produkt\/oliwa-z-oliwek-premium-z-wloch-profumo-oliva-gonnelli\/\" \/>\n<meta property=\"og:locale\" content=\"pl_PL\" \/>\n<meta property=\"og:type\" content=\"article\" \/>\n<meta property=\"og:title\" content=\"Oliwa z oliwek Premium z W\u0142och - Profumo d&#039;Oliva - Gonnelli 1585\" \/>\n<meta property=\"og:description\" content=\"Ta wysokiej jako\u015bci oliwa z oliwek &#8222;Extra Vergine &#8211; Gran Cru&#8221; pochodzi z olejarni rodziny Gonnelli, kt\u00f3ra znajduje si\u0119 w Toskanii we W\u0142oszech. Olej charakteryzuje si\u0119 nie tylko wyj\u0105tkowo pi\u0119knym i szlachetnym opakowaniem, ale tak\u017ce wyr\u00f3\u017cnia si\u0119 wyj\u0105tkow\u0105 produkcj\u0105 przy wy\u0142\u0105czeniu tlenu. Ca\u0142y proces produkcji od zbioru oliwek do gotowej oliwy trwa zaledwie 15 godzin. Celem jest wyprodukowanie oliwy z oliwek, kt\u00f3ra jest chroniona przed utlenianiem podczas produkcji. Dzi\u0119ki temu zachowuje maksimum smaku \u015bwie\u017cej oliwy z oliwek. W przypadku tego produktu kupujesz bardzo wysokiej jako\u015bci rzemie\u015blnicz\u0105 oliw\u0119 z oliwek premium. Nowe zbiory 2021\/2022! Oliwa Profumo d&#8217;Oliva klasy premium jest ca\u0142kowicie \u015bwie\u017ca z sezonu 2021\/2022 i stanowi mistrzowsk\u0105 kompozycj\u0119 g\u0142\u00f3wnie odmian oliwek Frantoio, Moraiolo i odrobiny odmiany Leccino. Zawarto\u015b\u0107 kwasu oleinowego jest bardzo niska i wed\u0142ug producenta wynosi tylko oko\u0142o 0,15%! Czas zbior\u00f3w oliwek: pa\u017adziernik i pocz\u0105tek listopada Czyszczenie oliwek: Oliwki s\u0105 pozbawiane li\u015bci i oddzielane od cia\u0142 obcych, takich jak ga\u0142\u0105zki czy li\u015bcie, za pomoc\u0105 opatentowanego systemu. Nast\u0119pnie s\u0105 one myte wod\u0105 oczyszczon\u0105. Przetwarzanie: Oliwki s\u0105 przetwarzane w cyklu ci\u0105g\u0142ym przy braku tlenu w atmosferze pod wp\u0142ywem azotu. Ekstrakcja odbywa si\u0119 w kontrolowanej temperaturze (na zimno). Produkcja: Produkcja jest ograniczona do kilku butelek. Filtrowanie: Oliwa z oliwek jest filtrowana za pomoc\u0105 czystej celulozy. Warto\u015b\u0107 polifenoli: Warto\u015b\u0107 polifenoli wynosi \u015brednio 480 mg\/kg. Polifenole z oliwy z oliwek pomagaj\u0105 chroni\u0107 lipidy krwi przed stresem oksydacyjnym. Przechowywanie: Oliwa z oliwek jest przechowywana w pojemnikach ze stali nierdzewnej w kontrolowanej temperaturze, bez dost\u0119pu tlenu, pod azotem. Bukiet: Oliwa posiada bogaty i delikatny bukiet z aromatami \u015bwie\u017cych migda\u0142\u00f3w i karczoch\u00f3w. Kwasowo\u015b\u0107: Olej ma bardzo ma\u0142o kwasu oleinowego, tylko oko\u0142o 0,15%. Smak: Oliwa tworzy harmoni\u0119 gorzko-pikantnych dozna\u0144 i nut zio\u0142owych, a tak\u017ce \u015bwie\u017cych warzyw w d\u0142ugim i zr\u00f3wnowa\u017conym finiszu. Zalecane po\u0142\u0105czenie: Oliwa jest doskona\u0142a do sufletu krewetkowego i warzywnych crudit\u00e9s, jak r\u00f3wnie\u017c do czystej przyjemno\u015bci. Sk\u0142ad: 100% oliwa z oliwek extra virgin z W\u0142och. &nbsp; &nbsp; Producent Gonnelli 1585 S.r.l. Via Piero della Francesca snc Loc. Cascia 50066 &#8211; Reggello (FI) W\u0142ochy\" \/>\n<meta property=\"og:url\" content=\"https:\/\/balsamico.shop\/pl\/produkt\/oliwa-z-oliwek-premium-z-wloch-profumo-oliva-gonnelli\/\" \/>\n<meta property=\"og:site_name\" content=\"Aceto Balsamico Shop - Polska\" \/>\n<meta property=\"article:modified_time\" content=\"2024-11-21T14:28:51+00:00\" \/>\n<meta property=\"og:image\" content=\"https:\/\/balsamico.shop\/pl\/wp-content\/uploads\/2020\/02\/profumodolivia-gonnelli.jpg\" \/>\n\t<meta property=\"og:image:width\" content=\"1600\" \/>\n\t<meta property=\"og:image:height\" content=\"1872\" \/>\n\t<meta property=\"og:image:type\" content=\"image\/jpeg\" \/>\n<meta name=\"twitter:card\" content=\"summary_large_image\" \/>\n<meta name=\"twitter:label1\" content=\"Szacowany czas czytania\" \/>\n\t<meta name=\"twitter:data1\" content=\"2 minuty\" \/>\n<script type=\"application\/ld+json\" class=\"yoast-schema-graph\">{\"@context\":\"https:\\\/\\\/schema.org\",\"@graph\":[{\"@type\":\"WebPage\",\"@id\":\"https:\\\/\\\/balsamico.shop\\\/pl\\\/produkt\\\/oliwa-z-oliwek-premium-z-wloch-profumo-oliva-gonnelli\\\/\",\"url\":\"https:\\\/\\\/balsamico.shop\\\/pl\\\/produkt\\\/oliwa-z-oliwek-premium-z-wloch-profumo-oliva-gonnelli\\\/\",\"name\":\"Oliwa z oliwek Premium z W\u0142och - Profumo d'Oliva - Gonnelli 1585\",\"isPartOf\":{\"@id\":\"https:\\\/\\\/balsamico.shop\\\/pl\\\/#website\"},\"primaryImageOfPage\":{\"@id\":\"https:\\\/\\\/balsamico.shop\\\/pl\\\/produkt\\\/oliwa-z-oliwek-premium-z-wloch-profumo-oliva-gonnelli\\\/#primaryimage\"},\"image\":{\"@id\":\"https:\\\/\\\/balsamico.shop\\\/pl\\\/produkt\\\/oliwa-z-oliwek-premium-z-wloch-profumo-oliva-gonnelli\\\/#primaryimage\"},\"thumbnailUrl\":\"https:\\\/\\\/balsamico.shop\\\/pl\\\/wp-content\\\/uploads\\\/2020\\\/02\\\/profumodolivia-gonnelli.jpg\",\"datePublished\":\"2020-02-21T07:50:42+00:00\",\"dateModified\":\"2024-11-21T14:28:51+00:00\",\"breadcrumb\":{\"@id\":\"https:\\\/\\\/balsamico.shop\\\/pl\\\/produkt\\\/oliwa-z-oliwek-premium-z-wloch-profumo-oliva-gonnelli\\\/#breadcrumb\"},\"inLanguage\":\"pl-PL\",\"potentialAction\":[{\"@type\":\"ReadAction\",\"target\":[\"https:\\\/\\\/balsamico.shop\\\/pl\\\/produkt\\\/oliwa-z-oliwek-premium-z-wloch-profumo-oliva-gonnelli\\\/\"]}]},{\"@type\":\"ImageObject\",\"inLanguage\":\"pl-PL\",\"@id\":\"https:\\\/\\\/balsamico.shop\\\/pl\\\/produkt\\\/oliwa-z-oliwek-premium-z-wloch-profumo-oliva-gonnelli\\\/#primaryimage\",\"url\":\"https:\\\/\\\/balsamico.shop\\\/pl\\\/wp-content\\\/uploads\\\/2020\\\/02\\\/profumodolivia-gonnelli.jpg\",\"contentUrl\":\"https:\\\/\\\/balsamico.shop\\\/pl\\\/wp-content\\\/uploads\\\/2020\\\/02\\\/profumodolivia-gonnelli.jpg\",\"width\":1600,\"height\":1872,\"caption\":\"Premium Olivien\u00f6l aus Italien - Profumo d' Oliva - Gonnelli 1585\"},{\"@type\":\"BreadcrumbList\",\"@id\":\"https:\\\/\\\/balsamico.shop\\\/pl\\\/produkt\\\/oliwa-z-oliwek-premium-z-wloch-profumo-oliva-gonnelli\\\/#breadcrumb\",\"itemListElement\":[{\"@type\":\"ListItem\",\"position\":1,\"name\":\"Home\",\"item\":\"https:\\\/\\\/balsamico.shop\\\/pl\\\/\"},{\"@type\":\"ListItem\",\"position\":2,\"name\":\"Ocet Balsamiczny &#8211; Sklep Internetowy\",\"item\":\"https:\\\/\\\/balsamico.shop\\\/pl\\\/shop\\\/\"},{\"@type\":\"ListItem\",\"position\":3,\"name\":\"Oliwa z oliwek Premium z W\u0142och &#8211; Profumo d&#8217;Oliva &#8211; Gonnelli 1585\"}]},{\"@type\":\"WebSite\",\"@id\":\"https:\\\/\\\/balsamico.shop\\\/pl\\\/#website\",\"url\":\"https:\\\/\\\/balsamico.shop\\\/pl\\\/\",\"name\":\"Aceto Balsamico Shop - Polska\",\"description\":\"Ocet balsamiczny sklep internetowy\",\"potentialAction\":[{\"@type\":\"SearchAction\",\"target\":{\"@type\":\"EntryPoint\",\"urlTemplate\":\"https:\\\/\\\/balsamico.shop\\\/pl\\\/?s={search_term_string}\"},\"query-input\":{\"@type\":\"PropertyValueSpecification\",\"valueRequired\":true,\"valueName\":\"search_term_string\"}}],\"inLanguage\":\"pl-PL\"}]}<\/script>\n<!-- \/ Yoast SEO plugin. -->","yoast_head_json":{"title":"Oliwa z oliwek Premium z W\u0142och - Profumo d'Oliva - Gonnelli 1585","robots":{"index":"index","follow":"follow","max-snippet":"max-snippet:-1","max-image-preview":"max-image-preview:large","max-video-preview":"max-video-preview:-1"},"canonical":"https:\/\/balsamico.shop\/pl\/produkt\/oliwa-z-oliwek-premium-z-wloch-profumo-oliva-gonnelli\/","og_locale":"pl_PL","og_type":"article","og_title":"Oliwa z oliwek Premium z W\u0142och - Profumo d'Oliva - Gonnelli 1585","og_description":"Ta wysokiej jako\u015bci oliwa z oliwek &#8222;Extra Vergine &#8211; Gran Cru&#8221; pochodzi z olejarni rodziny Gonnelli, kt\u00f3ra znajduje si\u0119 w Toskanii we W\u0142oszech. Olej charakteryzuje si\u0119 nie tylko wyj\u0105tkowo pi\u0119knym i szlachetnym opakowaniem, ale tak\u017ce wyr\u00f3\u017cnia si\u0119 wyj\u0105tkow\u0105 produkcj\u0105 przy wy\u0142\u0105czeniu tlenu. Ca\u0142y proces produkcji od zbioru oliwek do gotowej oliwy trwa zaledwie 15 godzin. Celem jest wyprodukowanie oliwy z oliwek, kt\u00f3ra jest chroniona przed utlenianiem podczas produkcji. Dzi\u0119ki temu zachowuje maksimum smaku \u015bwie\u017cej oliwy z oliwek. W przypadku tego produktu kupujesz bardzo wysokiej jako\u015bci rzemie\u015blnicz\u0105 oliw\u0119 z oliwek premium. Nowe zbiory 2021\/2022! Oliwa Profumo d&#8217;Oliva klasy premium jest ca\u0142kowicie \u015bwie\u017ca z sezonu 2021\/2022 i stanowi mistrzowsk\u0105 kompozycj\u0119 g\u0142\u00f3wnie odmian oliwek Frantoio, Moraiolo i odrobiny odmiany Leccino. Zawarto\u015b\u0107 kwasu oleinowego jest bardzo niska i wed\u0142ug producenta wynosi tylko oko\u0142o 0,15%! Czas zbior\u00f3w oliwek: pa\u017adziernik i pocz\u0105tek listopada Czyszczenie oliwek: Oliwki s\u0105 pozbawiane li\u015bci i oddzielane od cia\u0142 obcych, takich jak ga\u0142\u0105zki czy li\u015bcie, za pomoc\u0105 opatentowanego systemu. Nast\u0119pnie s\u0105 one myte wod\u0105 oczyszczon\u0105. Przetwarzanie: Oliwki s\u0105 przetwarzane w cyklu ci\u0105g\u0142ym przy braku tlenu w atmosferze pod wp\u0142ywem azotu. Ekstrakcja odbywa si\u0119 w kontrolowanej temperaturze (na zimno). Produkcja: Produkcja jest ograniczona do kilku butelek. Filtrowanie: Oliwa z oliwek jest filtrowana za pomoc\u0105 czystej celulozy. Warto\u015b\u0107 polifenoli: Warto\u015b\u0107 polifenoli wynosi \u015brednio 480 mg\/kg. Polifenole z oliwy z oliwek pomagaj\u0105 chroni\u0107 lipidy krwi przed stresem oksydacyjnym. Przechowywanie: Oliwa z oliwek jest przechowywana w pojemnikach ze stali nierdzewnej w kontrolowanej temperaturze, bez dost\u0119pu tlenu, pod azotem. Bukiet: Oliwa posiada bogaty i delikatny bukiet z aromatami \u015bwie\u017cych migda\u0142\u00f3w i karczoch\u00f3w. Kwasowo\u015b\u0107: Olej ma bardzo ma\u0142o kwasu oleinowego, tylko oko\u0142o 0,15%. Smak: Oliwa tworzy harmoni\u0119 gorzko-pikantnych dozna\u0144 i nut zio\u0142owych, a tak\u017ce \u015bwie\u017cych warzyw w d\u0142ugim i zr\u00f3wnowa\u017conym finiszu. Zalecane po\u0142\u0105czenie: Oliwa jest doskona\u0142a do sufletu krewetkowego i warzywnych crudit\u00e9s, jak r\u00f3wnie\u017c do czystej przyjemno\u015bci. Sk\u0142ad: 100% oliwa z oliwek extra virgin z W\u0142och. &nbsp; &nbsp; Producent Gonnelli 1585 S.r.l. Via Piero della Francesca snc Loc. Cascia 50066 &#8211; Reggello (FI) W\u0142ochy","og_url":"https:\/\/balsamico.shop\/pl\/produkt\/oliwa-z-oliwek-premium-z-wloch-profumo-oliva-gonnelli\/","og_site_name":"Aceto Balsamico Shop - Polska","article_modified_time":"2024-11-21T14:28:51+00:00","og_image":[{"width":1600,"height":1872,"url":"https:\/\/balsamico.shop\/pl\/wp-content\/uploads\/2020\/02\/profumodolivia-gonnelli.jpg","type":"image\/jpeg"}],"twitter_card":"summary_large_image","twitter_misc":{"Szacowany czas czytania":"2 minuty"},"schema":{"@context":"https:\/\/schema.org","@graph":[{"@type":"WebPage","@id":"https:\/\/balsamico.shop\/pl\/produkt\/oliwa-z-oliwek-premium-z-wloch-profumo-oliva-gonnelli\/","url":"https:\/\/balsamico.shop\/pl\/produkt\/oliwa-z-oliwek-premium-z-wloch-profumo-oliva-gonnelli\/","name":"Oliwa z oliwek Premium z W\u0142och - Profumo d'Oliva - Gonnelli 1585","isPartOf":{"@id":"https:\/\/balsamico.shop\/pl\/#website"},"primaryImageOfPage":{"@id":"https:\/\/balsamico.shop\/pl\/produkt\/oliwa-z-oliwek-premium-z-wloch-profumo-oliva-gonnelli\/#primaryimage"},"image":{"@id":"https:\/\/balsamico.shop\/pl\/produkt\/oliwa-z-oliwek-premium-z-wloch-profumo-oliva-gonnelli\/#primaryimage"},"thumbnailUrl":"https:\/\/balsamico.shop\/pl\/wp-content\/uploads\/2020\/02\/profumodolivia-gonnelli.jpg","datePublished":"2020-02-21T07:50:42+00:00","dateModified":"2024-11-21T14:28:51+00:00","breadcrumb":{"@id":"https:\/\/balsamico.shop\/pl\/produkt\/oliwa-z-oliwek-premium-z-wloch-profumo-oliva-gonnelli\/#breadcrumb"},"inLanguage":"pl-PL","potentialAction":[{"@type":"ReadAction","target":["https:\/\/balsamico.shop\/pl\/produkt\/oliwa-z-oliwek-premium-z-wloch-profumo-oliva-gonnelli\/"]}]},{"@type":"ImageObject","inLanguage":"pl-PL","@id":"https:\/\/balsamico.shop\/pl\/produkt\/oliwa-z-oliwek-premium-z-wloch-profumo-oliva-gonnelli\/#primaryimage","url":"https:\/\/balsamico.shop\/pl\/wp-content\/uploads\/2020\/02\/profumodolivia-gonnelli.jpg","contentUrl":"https:\/\/balsamico.shop\/pl\/wp-content\/uploads\/2020\/02\/profumodolivia-gonnelli.jpg","width":1600,"height":1872,"caption":"Premium Olivien\u00f6l aus Italien - Profumo d' Oliva - Gonnelli 1585"},{"@type":"BreadcrumbList","@id":"https:\/\/balsamico.shop\/pl\/produkt\/oliwa-z-oliwek-premium-z-wloch-profumo-oliva-gonnelli\/#breadcrumb","itemListElement":[{"@type":"ListItem","position":1,"name":"Home","item":"https:\/\/balsamico.shop\/pl\/"},{"@type":"ListItem","position":2,"name":"Ocet Balsamiczny &#8211; Sklep Internetowy","item":"https:\/\/balsamico.shop\/pl\/shop\/"},{"@type":"ListItem","position":3,"name":"Oliwa z oliwek Premium z W\u0142och &#8211; Profumo d&#8217;Oliva &#8211; Gonnelli 1585"}]},{"@type":"WebSite","@id":"https:\/\/balsamico.shop\/pl\/#website","url":"https:\/\/balsamico.shop\/pl\/","name":"Aceto Balsamico Shop - Polska","description":"Ocet balsamiczny sklep internetowy","potentialAction":[{"@type":"SearchAction","target":{"@type":"EntryPoint","urlTemplate":"https:\/\/balsamico.shop\/pl\/?s={search_term_string}"},"query-input":{"@type":"PropertyValueSpecification","valueRequired":true,"valueName":"search_term_string"}}],"inLanguage":"pl-PL"}]}},"_links":{"self":[{"href":"https:\/\/balsamico.shop\/pl\/wp-json\/wp\/v2\/product\/2113","targetHints":{"allow":["GET"]}}],"collection":[{"href":"https:\/\/balsamico.shop\/pl\/wp-json\/wp\/v2\/product"}],"about":[{"href":"https:\/\/balsamico.shop\/pl\/wp-json\/wp\/v2\/types\/product"}],"wp:featuredmedia":[{"embeddable":true,"href":"https:\/\/balsamico.shop\/pl\/wp-json\/wp\/v2\/media\/2116"}],"wp:attachment":[{"href":"https:\/\/balsamico.shop\/pl\/wp-json\/wp\/v2\/media?parent=2113"}],"wp:term":[{"taxonomy":"product_brand","embeddable":true,"href":"https:\/\/balsamico.shop\/pl\/wp-json\/wp\/v2\/product_brand?post=2113"},{"taxonomy":"product_cat","embeddable":true,"href":"https:\/\/balsamico.shop\/pl\/wp-json\/wp\/v2\/product_cat?post=2113"},{"taxonomy":"product_tag","embeddable":true,"href":"https:\/\/balsamico.shop\/pl\/wp-json\/wp\/v2\/product_tag?post=2113"}],"curies":[{"name":"wp","href":"https:\/\/api.w.org\/{rel}","templated":true}]}}