{"id":2105,"date":"2016-10-02T16:54:11","date_gmt":"2016-10-02T14:54:11","guid":{"rendered":"https:\/\/balsamico.shop\/pl\/?post_type=product&#038;p=2105"},"modified":"2024-07-15T17:47:10","modified_gmt":"2024-07-15T15:47:10","slug":"abt-modena-extra-vecchio-premium-pedroni","status":"publish","type":"product","link":"https:\/\/balsamico.shop\/pl\/produkt\/abt-modena-extra-vecchio-premium-pedroni\/","title":{"rendered":"Aceto Balsamico Tradizionale di Modena Extra Vecchio Premium &#8211; Pedroni"},"content":{"rendered":"<p><img loading=\"lazy\" decoding=\"async\" class=\"size-medium wp-image-396 alignright\" src=\"https:\/\/balsamico.shop\/de\/wp-content\/uploads\/2016\/10\/pedroni-199x300.png\" alt=\"pedroni\" width=\"199\" height=\"300\" srcset=\"https:\/\/balsamico.shop\/pl\/wp-content\/uploads\/2016\/10\/pedroni-199x300.png 199w, https:\/\/balsamico.shop\/pl\/wp-content\/uploads\/2016\/10\/pedroni.png 215w\" sizes=\"auto, (max-width: 199px) 100vw, 199px\" \/>Ten produkt to definicja Aceto Balsamico. Je\u015bli chcesz wiedzie\u0107, jak powinien smakowa\u0107 orygina\u0142, spr\u00f3buj tej wykwintnej kropli z rodzinnych beczek rodziny Pedroni z Modeny. Balsamico z tej staro\u017cytnej baterii beczek, kt\u00f3rej pocz\u0105tki si\u0119gaj\u0105 1862 roku, definiuje produkt epikurejski, kt\u00f3ry zdoby\u0142 wiele nagr\u00f3d w ci\u0105gu dziesi\u0119cioleci i jest obecnie znany jako &#8222;Aceto Balsamico Tradizionale di Modena DOP extra vecchio&#8221;. Produkt o niereprodukowalnej jako\u015bci, charakteryzuj\u0105cy si\u0119 niesko\u0144czon\u0105 cierpliwo\u015bci\u0105 i pasj\u0105. Bateria beczek nale\u017c\u0105cych do rodziny Pedroni, z kt\u00f3rych pochodzi ten ocet balsamiczny, sk\u0142ada si\u0119 ze starych beczek d\u0119bowych i kasztanowych. Niekt\u00f3re z tych beczek s\u0105 u\u017cywane od ponad 100 lat i nadaj\u0105 temu produktowi o nazwie Cesare niepowtarzalny, prawdziwy smak. Balsamik z tych beczek zosta\u0142 poddany co najmniej 50 przelewom. Poniewa\u017c w ci\u0105gu roku dokonuje si\u0119 tylko jednego przelewu, daje to okres dojrzewania wynosz\u0105cy co najmniej 50 lat. Cesare Pedroni, pradziadek Giuseppe III Pedroniego, jako pierwsze pokolenie Pedronich, opr\u00f3cz prowadzenia w\u0142asnej osterii, profesjonalnie zaj\u0105\u0142 si\u0119 produkcj\u0105 balsamico w Rubbirze, niedaleko Modeny. Dzi\u0119ki swojej pasji do Aceto Balsamico zbudowa\u0142 bezpieczn\u0105 przysz\u0142o\u015b\u0107 dla swojej rodziny.<\/p>\n<blockquote><p>O jako\u015bci pami\u0119ta si\u0119 jeszcze wtedy, gdy o cenie ju\u017c dawno zapomniano. Aldo Gucci<\/p><\/blockquote>\n<p>W przypadku tego produktu obowi\u0105zuje maksymalne zam\u00f3wienie 1 butelki na osob\u0119, o ile nie zostan\u0105 wyczerpane zapasy.<\/p>\n<p><strong>Sk\u0142ad<\/strong>: 100% moszcz winogronowy z winogron Trebbiano di Spagna.<\/p>\n<p><strong>Uwaga<\/strong>: Jest to produkt w 100% naturalny, bez \u017cadnych dodatk\u00f3w.<\/p>\n<p>Producent:<br \/>\nAz. Agr. Pedroni<br \/>\nVia Risaia, 6<br \/>\nRubbiara di Nonantola<br \/>\n41015 Modena<br \/>\nW\u0142ochy<\/p>\n","protected":false},"excerpt":{"rendered":"<p>Ten produkt to definicja Aceto Balsamico. Je\u015bli chcesz wiedzie\u0107, jak powinien smakowa\u0107 orygina\u0142, spr\u00f3buj tej wykwintnej kropli z rodzinnych beczek rodziny Pedroni z Modeny. Balsamico z tej staro\u017cytnej baterii beczek, kt\u00f3rej pocz\u0105tki si\u0119gaj\u0105 1862 roku, definiuje produkt epikurejski, kt\u00f3ry zdoby\u0142 wiele nagr\u00f3d w ci\u0105gu dziesi\u0119cioleci i jest obecnie znany jako &#8222;Aceto Balsamico Tradizionale di Modena DOP extra vecchio&#8221;. Produkt o niereprodukowalnej jako\u015bci, charakteryzuj\u0105cy si\u0119 niesko\u0144czon\u0105 cierpliwo\u015bci\u0105 i pasj\u0105. Bateria beczek nale\u017c\u0105cych do rodziny Pedroni, z kt\u00f3rych pochodzi ten ocet balsamiczny, sk\u0142ada si\u0119 ze starych beczek d\u0119bowych i kasztanowych. Niekt\u00f3re z tych beczek s\u0105 u\u017cywane od ponad 100 lat i nadaj\u0105 temu produktowi o nazwie Cesare niepowtarzalny, prawdziwy smak. Balsamik z tych beczek zosta\u0142 poddany co najmniej 50 przelewom. Poniewa\u017c w ci\u0105gu roku dokonuje si\u0119 tylko jednego przelewu, daje to okres dojrzewania wynosz\u0105cy co najmniej 50 lat. Cesare Pedroni, pradziadek Giuseppe III Pedroniego, jako pierwsze pokolenie Pedronich, opr\u00f3cz prowadzenia w\u0142asnej osterii, profesjonalnie zaj\u0105\u0142 si\u0119 produkcj\u0105 balsamico w Rubbirze, niedaleko Modeny. Dzi\u0119ki swojej pasji do Aceto Balsamico zbudowa\u0142 bezpieczn\u0105 przysz\u0142o\u015b\u0107 dla swojej rodziny. O jako\u015bci pami\u0119ta si\u0119 jeszcze wtedy, gdy o cenie ju\u017c dawno zapomniano. Aldo Gucci W przypadku tego produktu obowi\u0105zuje maksymalne zam\u00f3wienie 1 butelki na osob\u0119, o ile nie zostan\u0105 wyczerpane zapasy. Sk\u0142ad: 100% moszcz winogronowy z winogron Trebbiano di Spagna. Uwaga: Jest to produkt w 100% naturalny, bez \u017cadnych dodatk\u00f3w. Producent: Az. Agr. Pedroni Via Risaia, 6 Rubbiara di Nonantola 41015 Modena W\u0142ochy<\/p>\n","protected":false},"featured_media":2192,"template":"","meta":[],"product_brand":[],"product_cat":[32],"product_tag":[],"class_list":{"0":"post-2105","1":"product","2":"type-product","3":"status-publish","4":"has-post-thumbnail","6":"product_cat-pedroni","7":"product_shipping_class-ueber-400","9":"first","10":"outofstock","11":"taxable","12":"shipping-taxable","13":"purchasable","14":"product-type-simple"},"bundle_layout":"","bundled_by":[],"bundled_items":[],"yoast_head":"<!-- This site is optimized with the Yoast SEO plugin v27.5 - https:\/\/yoast.com\/product\/yoast-seo-wordpress\/ -->\n<title>Aceto Balsamico Tradizionale di Modena Extra Vecchio Premium - Pedroni<\/title>\n<meta name=\"robots\" content=\"index, follow, max-snippet:-1, max-image-preview:large, max-video-preview:-1\" \/>\n<link rel=\"canonical\" href=\"https:\/\/balsamico.shop\/pl\/produkt\/abt-modena-extra-vecchio-premium-pedroni\/\" \/>\n<meta property=\"og:locale\" content=\"pl_PL\" \/>\n<meta property=\"og:type\" content=\"article\" \/>\n<meta property=\"og:title\" content=\"Aceto Balsamico Tradizionale di Modena Extra Vecchio Premium - Pedroni\" \/>\n<meta property=\"og:description\" content=\"Ten produkt to definicja Aceto Balsamico. Je\u015bli chcesz wiedzie\u0107, jak powinien smakowa\u0107 orygina\u0142, spr\u00f3buj tej wykwintnej kropli z rodzinnych beczek rodziny Pedroni z Modeny. Balsamico z tej staro\u017cytnej baterii beczek, kt\u00f3rej pocz\u0105tki si\u0119gaj\u0105 1862 roku, definiuje produkt epikurejski, kt\u00f3ry zdoby\u0142 wiele nagr\u00f3d w ci\u0105gu dziesi\u0119cioleci i jest obecnie znany jako &#8222;Aceto Balsamico Tradizionale di Modena DOP extra vecchio&#8221;. Produkt o niereprodukowalnej jako\u015bci, charakteryzuj\u0105cy si\u0119 niesko\u0144czon\u0105 cierpliwo\u015bci\u0105 i pasj\u0105. Bateria beczek nale\u017c\u0105cych do rodziny Pedroni, z kt\u00f3rych pochodzi ten ocet balsamiczny, sk\u0142ada si\u0119 ze starych beczek d\u0119bowych i kasztanowych. Niekt\u00f3re z tych beczek s\u0105 u\u017cywane od ponad 100 lat i nadaj\u0105 temu produktowi o nazwie Cesare niepowtarzalny, prawdziwy smak. Balsamik z tych beczek zosta\u0142 poddany co najmniej 50 przelewom. Poniewa\u017c w ci\u0105gu roku dokonuje si\u0119 tylko jednego przelewu, daje to okres dojrzewania wynosz\u0105cy co najmniej 50 lat. Cesare Pedroni, pradziadek Giuseppe III Pedroniego, jako pierwsze pokolenie Pedronich, opr\u00f3cz prowadzenia w\u0142asnej osterii, profesjonalnie zaj\u0105\u0142 si\u0119 produkcj\u0105 balsamico w Rubbirze, niedaleko Modeny. Dzi\u0119ki swojej pasji do Aceto Balsamico zbudowa\u0142 bezpieczn\u0105 przysz\u0142o\u015b\u0107 dla swojej rodziny. O jako\u015bci pami\u0119ta si\u0119 jeszcze wtedy, gdy o cenie ju\u017c dawno zapomniano. Aldo Gucci W przypadku tego produktu obowi\u0105zuje maksymalne zam\u00f3wienie 1 butelki na osob\u0119, o ile nie zostan\u0105 wyczerpane zapasy. Sk\u0142ad: 100% moszcz winogronowy z winogron Trebbiano di Spagna. Uwaga: Jest to produkt w 100% naturalny, bez \u017cadnych dodatk\u00f3w. Producent: Az. Agr. Pedroni Via Risaia, 6 Rubbiara di Nonantola 41015 Modena W\u0142ochy\" \/>\n<meta property=\"og:url\" content=\"https:\/\/balsamico.shop\/pl\/produkt\/abt-modena-extra-vecchio-premium-pedroni\/\" \/>\n<meta property=\"og:site_name\" content=\"Aceto Balsamico Shop - Polska\" \/>\n<meta property=\"article:modified_time\" content=\"2024-07-15T15:47:10+00:00\" \/>\n<meta property=\"og:image\" content=\"https:\/\/balsamico.shop\/pl\/wp-content\/uploads\/2016\/10\/pedroni-aceto-balsamico-tradizionale-extravecchio-cesare-1.jpg\" \/>\n\t<meta property=\"og:image:width\" content=\"1600\" \/>\n\t<meta property=\"og:image:height\" content=\"1872\" \/>\n\t<meta property=\"og:image:type\" content=\"image\/jpeg\" \/>\n<meta name=\"twitter:card\" content=\"summary_large_image\" \/>\n<meta name=\"twitter:label1\" content=\"Szacowany czas czytania\" \/>\n\t<meta name=\"twitter:data1\" content=\"1 minuta\" \/>\n<script type=\"application\/ld+json\" class=\"yoast-schema-graph\">{\"@context\":\"https:\\\/\\\/schema.org\",\"@graph\":[{\"@type\":\"WebPage\",\"@id\":\"https:\\\/\\\/balsamico.shop\\\/pl\\\/produkt\\\/abt-modena-extra-vecchio-premium-pedroni\\\/\",\"url\":\"https:\\\/\\\/balsamico.shop\\\/pl\\\/produkt\\\/abt-modena-extra-vecchio-premium-pedroni\\\/\",\"name\":\"Aceto Balsamico Tradizionale di Modena Extra Vecchio Premium - Pedroni\",\"isPartOf\":{\"@id\":\"https:\\\/\\\/balsamico.shop\\\/pl\\\/#website\"},\"primaryImageOfPage\":{\"@id\":\"https:\\\/\\\/balsamico.shop\\\/pl\\\/produkt\\\/abt-modena-extra-vecchio-premium-pedroni\\\/#primaryimage\"},\"image\":{\"@id\":\"https:\\\/\\\/balsamico.shop\\\/pl\\\/produkt\\\/abt-modena-extra-vecchio-premium-pedroni\\\/#primaryimage\"},\"thumbnailUrl\":\"https:\\\/\\\/balsamico.shop\\\/pl\\\/wp-content\\\/uploads\\\/2016\\\/10\\\/pedroni-aceto-balsamico-tradizionale-extravecchio-cesare-1.jpg\",\"datePublished\":\"2016-10-02T14:54:11+00:00\",\"dateModified\":\"2024-07-15T15:47:10+00:00\",\"breadcrumb\":{\"@id\":\"https:\\\/\\\/balsamico.shop\\\/pl\\\/produkt\\\/abt-modena-extra-vecchio-premium-pedroni\\\/#breadcrumb\"},\"inLanguage\":\"pl-PL\",\"potentialAction\":[{\"@type\":\"ReadAction\",\"target\":[\"https:\\\/\\\/balsamico.shop\\\/pl\\\/produkt\\\/abt-modena-extra-vecchio-premium-pedroni\\\/\"]}]},{\"@type\":\"ImageObject\",\"inLanguage\":\"pl-PL\",\"@id\":\"https:\\\/\\\/balsamico.shop\\\/pl\\\/produkt\\\/abt-modena-extra-vecchio-premium-pedroni\\\/#primaryimage\",\"url\":\"https:\\\/\\\/balsamico.shop\\\/pl\\\/wp-content\\\/uploads\\\/2016\\\/10\\\/pedroni-aceto-balsamico-tradizionale-extravecchio-cesare-1.jpg\",\"contentUrl\":\"https:\\\/\\\/balsamico.shop\\\/pl\\\/wp-content\\\/uploads\\\/2016\\\/10\\\/pedroni-aceto-balsamico-tradizionale-extravecchio-cesare-1.jpg\",\"width\":1600,\"height\":1872},{\"@type\":\"BreadcrumbList\",\"@id\":\"https:\\\/\\\/balsamico.shop\\\/pl\\\/produkt\\\/abt-modena-extra-vecchio-premium-pedroni\\\/#breadcrumb\",\"itemListElement\":[{\"@type\":\"ListItem\",\"position\":1,\"name\":\"Home\",\"item\":\"https:\\\/\\\/balsamico.shop\\\/pl\\\/\"},{\"@type\":\"ListItem\",\"position\":2,\"name\":\"Ocet Balsamiczny &#8211; Sklep Internetowy\",\"item\":\"https:\\\/\\\/balsamico.shop\\\/pl\\\/shop\\\/\"},{\"@type\":\"ListItem\",\"position\":3,\"name\":\"Aceto Balsamico Tradizionale di Modena Extra Vecchio Premium &#8211; Pedroni\"}]},{\"@type\":\"WebSite\",\"@id\":\"https:\\\/\\\/balsamico.shop\\\/pl\\\/#website\",\"url\":\"https:\\\/\\\/balsamico.shop\\\/pl\\\/\",\"name\":\"Aceto Balsamico Shop - Polska\",\"description\":\"Ocet balsamiczny sklep internetowy\",\"potentialAction\":[{\"@type\":\"SearchAction\",\"target\":{\"@type\":\"EntryPoint\",\"urlTemplate\":\"https:\\\/\\\/balsamico.shop\\\/pl\\\/?s={search_term_string}\"},\"query-input\":{\"@type\":\"PropertyValueSpecification\",\"valueRequired\":true,\"valueName\":\"search_term_string\"}}],\"inLanguage\":\"pl-PL\"}]}<\/script>\n<!-- \/ Yoast SEO plugin. -->","yoast_head_json":{"title":"Aceto Balsamico Tradizionale di Modena Extra Vecchio Premium - Pedroni","robots":{"index":"index","follow":"follow","max-snippet":"max-snippet:-1","max-image-preview":"max-image-preview:large","max-video-preview":"max-video-preview:-1"},"canonical":"https:\/\/balsamico.shop\/pl\/produkt\/abt-modena-extra-vecchio-premium-pedroni\/","og_locale":"pl_PL","og_type":"article","og_title":"Aceto Balsamico Tradizionale di Modena Extra Vecchio Premium - Pedroni","og_description":"Ten produkt to definicja Aceto Balsamico. Je\u015bli chcesz wiedzie\u0107, jak powinien smakowa\u0107 orygina\u0142, spr\u00f3buj tej wykwintnej kropli z rodzinnych beczek rodziny Pedroni z Modeny. Balsamico z tej staro\u017cytnej baterii beczek, kt\u00f3rej pocz\u0105tki si\u0119gaj\u0105 1862 roku, definiuje produkt epikurejski, kt\u00f3ry zdoby\u0142 wiele nagr\u00f3d w ci\u0105gu dziesi\u0119cioleci i jest obecnie znany jako &#8222;Aceto Balsamico Tradizionale di Modena DOP extra vecchio&#8221;. Produkt o niereprodukowalnej jako\u015bci, charakteryzuj\u0105cy si\u0119 niesko\u0144czon\u0105 cierpliwo\u015bci\u0105 i pasj\u0105. Bateria beczek nale\u017c\u0105cych do rodziny Pedroni, z kt\u00f3rych pochodzi ten ocet balsamiczny, sk\u0142ada si\u0119 ze starych beczek d\u0119bowych i kasztanowych. Niekt\u00f3re z tych beczek s\u0105 u\u017cywane od ponad 100 lat i nadaj\u0105 temu produktowi o nazwie Cesare niepowtarzalny, prawdziwy smak. Balsamik z tych beczek zosta\u0142 poddany co najmniej 50 przelewom. Poniewa\u017c w ci\u0105gu roku dokonuje si\u0119 tylko jednego przelewu, daje to okres dojrzewania wynosz\u0105cy co najmniej 50 lat. Cesare Pedroni, pradziadek Giuseppe III Pedroniego, jako pierwsze pokolenie Pedronich, opr\u00f3cz prowadzenia w\u0142asnej osterii, profesjonalnie zaj\u0105\u0142 si\u0119 produkcj\u0105 balsamico w Rubbirze, niedaleko Modeny. Dzi\u0119ki swojej pasji do Aceto Balsamico zbudowa\u0142 bezpieczn\u0105 przysz\u0142o\u015b\u0107 dla swojej rodziny. O jako\u015bci pami\u0119ta si\u0119 jeszcze wtedy, gdy o cenie ju\u017c dawno zapomniano. Aldo Gucci W przypadku tego produktu obowi\u0105zuje maksymalne zam\u00f3wienie 1 butelki na osob\u0119, o ile nie zostan\u0105 wyczerpane zapasy. Sk\u0142ad: 100% moszcz winogronowy z winogron Trebbiano di Spagna. Uwaga: Jest to produkt w 100% naturalny, bez \u017cadnych dodatk\u00f3w. Producent: Az. Agr. Pedroni Via Risaia, 6 Rubbiara di Nonantola 41015 Modena W\u0142ochy","og_url":"https:\/\/balsamico.shop\/pl\/produkt\/abt-modena-extra-vecchio-premium-pedroni\/","og_site_name":"Aceto Balsamico Shop - Polska","article_modified_time":"2024-07-15T15:47:10+00:00","og_image":[{"width":1600,"height":1872,"url":"https:\/\/balsamico.shop\/pl\/wp-content\/uploads\/2016\/10\/pedroni-aceto-balsamico-tradizionale-extravecchio-cesare-1.jpg","type":"image\/jpeg"}],"twitter_card":"summary_large_image","twitter_misc":{"Szacowany czas czytania":"1 minuta"},"schema":{"@context":"https:\/\/schema.org","@graph":[{"@type":"WebPage","@id":"https:\/\/balsamico.shop\/pl\/produkt\/abt-modena-extra-vecchio-premium-pedroni\/","url":"https:\/\/balsamico.shop\/pl\/produkt\/abt-modena-extra-vecchio-premium-pedroni\/","name":"Aceto Balsamico Tradizionale di Modena Extra Vecchio Premium - Pedroni","isPartOf":{"@id":"https:\/\/balsamico.shop\/pl\/#website"},"primaryImageOfPage":{"@id":"https:\/\/balsamico.shop\/pl\/produkt\/abt-modena-extra-vecchio-premium-pedroni\/#primaryimage"},"image":{"@id":"https:\/\/balsamico.shop\/pl\/produkt\/abt-modena-extra-vecchio-premium-pedroni\/#primaryimage"},"thumbnailUrl":"https:\/\/balsamico.shop\/pl\/wp-content\/uploads\/2016\/10\/pedroni-aceto-balsamico-tradizionale-extravecchio-cesare-1.jpg","datePublished":"2016-10-02T14:54:11+00:00","dateModified":"2024-07-15T15:47:10+00:00","breadcrumb":{"@id":"https:\/\/balsamico.shop\/pl\/produkt\/abt-modena-extra-vecchio-premium-pedroni\/#breadcrumb"},"inLanguage":"pl-PL","potentialAction":[{"@type":"ReadAction","target":["https:\/\/balsamico.shop\/pl\/produkt\/abt-modena-extra-vecchio-premium-pedroni\/"]}]},{"@type":"ImageObject","inLanguage":"pl-PL","@id":"https:\/\/balsamico.shop\/pl\/produkt\/abt-modena-extra-vecchio-premium-pedroni\/#primaryimage","url":"https:\/\/balsamico.shop\/pl\/wp-content\/uploads\/2016\/10\/pedroni-aceto-balsamico-tradizionale-extravecchio-cesare-1.jpg","contentUrl":"https:\/\/balsamico.shop\/pl\/wp-content\/uploads\/2016\/10\/pedroni-aceto-balsamico-tradizionale-extravecchio-cesare-1.jpg","width":1600,"height":1872},{"@type":"BreadcrumbList","@id":"https:\/\/balsamico.shop\/pl\/produkt\/abt-modena-extra-vecchio-premium-pedroni\/#breadcrumb","itemListElement":[{"@type":"ListItem","position":1,"name":"Home","item":"https:\/\/balsamico.shop\/pl\/"},{"@type":"ListItem","position":2,"name":"Ocet Balsamiczny &#8211; Sklep Internetowy","item":"https:\/\/balsamico.shop\/pl\/shop\/"},{"@type":"ListItem","position":3,"name":"Aceto Balsamico Tradizionale di Modena Extra Vecchio Premium &#8211; Pedroni"}]},{"@type":"WebSite","@id":"https:\/\/balsamico.shop\/pl\/#website","url":"https:\/\/balsamico.shop\/pl\/","name":"Aceto Balsamico Shop - Polska","description":"Ocet balsamiczny sklep internetowy","potentialAction":[{"@type":"SearchAction","target":{"@type":"EntryPoint","urlTemplate":"https:\/\/balsamico.shop\/pl\/?s={search_term_string}"},"query-input":{"@type":"PropertyValueSpecification","valueRequired":true,"valueName":"search_term_string"}}],"inLanguage":"pl-PL"}]}},"_links":{"self":[{"href":"https:\/\/balsamico.shop\/pl\/wp-json\/wp\/v2\/product\/2105","targetHints":{"allow":["GET"]}}],"collection":[{"href":"https:\/\/balsamico.shop\/pl\/wp-json\/wp\/v2\/product"}],"about":[{"href":"https:\/\/balsamico.shop\/pl\/wp-json\/wp\/v2\/types\/product"}],"wp:featuredmedia":[{"embeddable":true,"href":"https:\/\/balsamico.shop\/pl\/wp-json\/wp\/v2\/media\/2192"}],"wp:attachment":[{"href":"https:\/\/balsamico.shop\/pl\/wp-json\/wp\/v2\/media?parent=2105"}],"wp:term":[{"taxonomy":"product_brand","embeddable":true,"href":"https:\/\/balsamico.shop\/pl\/wp-json\/wp\/v2\/product_brand?post=2105"},{"taxonomy":"product_cat","embeddable":true,"href":"https:\/\/balsamico.shop\/pl\/wp-json\/wp\/v2\/product_cat?post=2105"},{"taxonomy":"product_tag","embeddable":true,"href":"https:\/\/balsamico.shop\/pl\/wp-json\/wp\/v2\/product_tag?post=2105"}],"curies":[{"name":"wp","href":"https:\/\/api.w.org\/{rel}","templated":true}]}}