{"id":2089,"date":"2016-09-23T08:31:29","date_gmt":"2016-09-23T06:31:29","guid":{"rendered":"https:\/\/balsamico.shop\/pl\/?post_type=product&#038;p=2089"},"modified":"2026-03-11T11:24:36","modified_gmt":"2026-03-11T10:24:36","slug":"cavalli-abte-25-oro-zloto","status":"publish","type":"product","link":"https:\/\/balsamico.shop\/pl\/produkt\/cavalli-abte-25-oro-zloto\/","title":{"rendered":"Balsamico Tradizionale &#8211; Cavalli &#8211; 25 lat &#8211; z\u0142oto &#8211; extravecchio"},"content":{"rendered":"<p><strong>Acetaia Cavalli<\/strong> produkuje swoje z\u0142ote Aceto Balsamico Tradizionale w ma\u0142ej gminie Fellegara di Scandiano, 10 km od Reggio Emilia.\u00a0 Winiarz Giovanni Cavalli, wraz z bratem Roberto, kontynuuje tradycj\u0119 ojca i od 1980 roku komercyjnie produkuje Aceto Balsamico Tradizionale. Ju\u017c w latach 50. jego ojciec po\u0142o\u017cy\u0142 podwaliny pod dzisiejszy biznes, wykupuj\u0105c zabytkowe beczki. Z ponad 800 beczkami jest to najwi\u0119ksza Acetaia w regionie.<\/p>\n<p>Do jego <strong>Aceto Balsamico Tradizionale di Reggio Emilia Extravecchio<\/strong> u\u017cyto tylko szczeg\u00f3lnie s\u0142odkich, jasnych winogron odmiany Trebbiano. Sprzedawana tu seria by\u0142a starzona w pi\u0119ciu drewnianych beczkach w nast\u0119puj\u0105cej kolejno\u015bci: d\u0105b, kasztan, ja\u0142owiec, wi\u015bnia i morwa. G\u0119sto\u015b\u0107 tego balsamiku wynosi <strong>1,35<\/strong>, znacznie powy\u017cej minimalnej specyfikacji 1,2, wi\u0119c ten balsamik jest grubszy ni\u017c niekt\u00f3re inne w naszej ofercie. Na \u015bwiecie jest tylko <strong>40 butelek<\/strong> z tej serii!<\/p>\n<p>Aby otrzyma\u0107 piecz\u0119\u0107 &#8222;Oro&#8221; (z\u0142ot\u0105), balsamico musi otrzyma\u0107 co <strong>najmniej 300 na 400 punkt\u00f3w<\/strong> w ocenie kontroler\u00f3w. Dodatek &#8222;extravecchio&#8221; okre\u015bla, \u017ce to Balsamico dojrzewa\u0142o przez co najmniej 25 lat w tradycyjnych drewnianych beczkach.<\/p>\n<p>Ka\u017cda butelka jest kontrolowana pod wzgl\u0119dem jako\u015bci i posiada certyfikat<a href=\"https:\/\/www.politicheagricole.it\/flex\/cm\/pages\/ServeBLOB.php\/L\/IT\/IDPagina\/309\"> Ministerstwa Polityki Rolnej<\/a>, \u017bywno\u015bciowej i Le\u015bnej. Jako konsument mo\u017cesz rozpozna\u0107 orygina\u0142 po woskowej piecz\u0119ci, na kt\u00f3rej umieszczono litery: &#8222;<strong>DOP ABTRE<\/strong>&#8222;. Kszta\u0142t butelki w kszta\u0142cie tulipana jest r\u00f3wnie\u017c przepisany dla tego octu balsamicznego. Butelka oznaczona jest czerwono-\u017c\u00f3\u0142t\u0105 piecz\u0119ci\u0105 D.O.P. Etykieta zawiera fraz\u0119 &#8222;Certificato da organismo di controllo autorizzato dal Mipaaf&#8221; i potwierdza test akceptacyjny przeprowadzony przez Ministerstwo.<\/p>\n<p><strong>Sk\u0142adniki<\/strong>: 100% gotowany moszcz winogronowy<\/p>\n<p>Uwaga: nie zawiera siarczyn\u00f3w<\/p>\n<p>Producent:<br \/>\nCavalli cav. Ferdinando srl<br \/>\nVia del Cristo 6\/ab<br \/>\n42019 Scandiano Reggio Emilia<br \/>\nW\u0142ochy<\/p>\n","protected":false},"excerpt":{"rendered":"<p>Acetaia Cavalli produkuje swoje z\u0142ote Aceto Balsamico Tradizionale w ma\u0142ej gminie Fellegara di Scandiano, 10 km od Reggio Emilia.\u00a0 Winiarz Giovanni Cavalli, wraz z bratem Roberto, kontynuuje tradycj\u0119 ojca i od 1980 roku komercyjnie produkuje Aceto Balsamico Tradizionale. Ju\u017c w latach 50. jego ojciec po\u0142o\u017cy\u0142 podwaliny pod dzisiejszy biznes, wykupuj\u0105c zabytkowe beczki. Z ponad 800 beczkami jest to najwi\u0119ksza Acetaia w regionie. Do jego Aceto Balsamico Tradizionale di Reggio Emilia Extravecchio u\u017cyto tylko szczeg\u00f3lnie s\u0142odkich, jasnych winogron odmiany Trebbiano. Sprzedawana tu seria by\u0142a starzona w pi\u0119ciu drewnianych beczkach w nast\u0119puj\u0105cej kolejno\u015bci: d\u0105b, kasztan, ja\u0142owiec, wi\u015bnia i morwa. G\u0119sto\u015b\u0107 tego balsamiku wynosi 1,35, znacznie powy\u017cej minimalnej specyfikacji 1,2, wi\u0119c ten balsamik jest grubszy ni\u017c niekt\u00f3re inne w naszej ofercie. Na \u015bwiecie jest tylko 40 butelek z tej serii! Aby otrzyma\u0107 piecz\u0119\u0107 &#8222;Oro&#8221; (z\u0142ot\u0105), balsamico musi otrzyma\u0107 co najmniej 300 na 400 punkt\u00f3w w ocenie kontroler\u00f3w. Dodatek &#8222;extravecchio&#8221; okre\u015bla, \u017ce to Balsamico dojrzewa\u0142o przez co najmniej 25 lat w tradycyjnych drewnianych beczkach. Ka\u017cda butelka jest kontrolowana pod wzgl\u0119dem jako\u015bci i posiada certyfikat Ministerstwa Polityki Rolnej, \u017bywno\u015bciowej i Le\u015bnej. Jako konsument mo\u017cesz rozpozna\u0107 orygina\u0142 po woskowej piecz\u0119ci, na kt\u00f3rej umieszczono litery: &#8222;DOP ABTRE&#8222;. Kszta\u0142t butelki w kszta\u0142cie tulipana jest r\u00f3wnie\u017c przepisany dla tego octu balsamicznego. Butelka oznaczona jest czerwono-\u017c\u00f3\u0142t\u0105 piecz\u0119ci\u0105 D.O.P. Etykieta zawiera fraz\u0119 &#8222;Certificato da organismo di controllo autorizzato dal Mipaaf&#8221; i potwierdza test akceptacyjny przeprowadzony przez Ministerstwo. Sk\u0142adniki: 100% gotowany moszcz winogronowy Uwaga: nie zawiera siarczyn\u00f3w Producent: Cavalli cav. Ferdinando srl Via del Cristo 6\/ab 42019 Scandiano Reggio Emilia W\u0142ochy<\/p>\n","protected":false},"featured_media":2207,"template":"","meta":[],"product_brand":[],"product_cat":[31],"product_tag":[],"class_list":{"0":"post-2089","1":"product","2":"type-product","3":"status-publish","4":"has-post-thumbnail","6":"product_cat-cavalli","7":"product_shipping_class-ueber-400","9":"first","10":"instock","11":"taxable","12":"shipping-taxable","13":"purchasable","14":"product-type-simple"},"bundle_layout":"","bundled_by":[],"bundled_items":[],"yoast_head":"<!-- This site is optimized with the Yoast SEO plugin v27.4 - https:\/\/yoast.com\/product\/yoast-seo-wordpress\/ -->\n<title>Balsamico Tradizionale - Cavalli - 25 lat - z\u0142oto - extravecchio<\/title>\n<meta name=\"robots\" content=\"index, follow, max-snippet:-1, max-image-preview:large, max-video-preview:-1\" \/>\n<link rel=\"canonical\" href=\"https:\/\/balsamico.shop\/pl\/produkt\/cavalli-abte-25-oro-zloto\/\" \/>\n<meta property=\"og:locale\" content=\"pl_PL\" \/>\n<meta property=\"og:type\" content=\"article\" \/>\n<meta property=\"og:title\" content=\"Balsamico Tradizionale - Cavalli - 25 lat - z\u0142oto - extravecchio\" \/>\n<meta property=\"og:description\" content=\"Acetaia Cavalli produkuje swoje z\u0142ote Aceto Balsamico Tradizionale w ma\u0142ej gminie Fellegara di Scandiano, 10 km od Reggio Emilia.\u00a0 Winiarz Giovanni Cavalli, wraz z bratem Roberto, kontynuuje tradycj\u0119 ojca i od 1980 roku komercyjnie produkuje Aceto Balsamico Tradizionale. Ju\u017c w latach 50. jego ojciec po\u0142o\u017cy\u0142 podwaliny pod dzisiejszy biznes, wykupuj\u0105c zabytkowe beczki. Z ponad 800 beczkami jest to najwi\u0119ksza Acetaia w regionie. Do jego Aceto Balsamico Tradizionale di Reggio Emilia Extravecchio u\u017cyto tylko szczeg\u00f3lnie s\u0142odkich, jasnych winogron odmiany Trebbiano. Sprzedawana tu seria by\u0142a starzona w pi\u0119ciu drewnianych beczkach w nast\u0119puj\u0105cej kolejno\u015bci: d\u0105b, kasztan, ja\u0142owiec, wi\u015bnia i morwa. G\u0119sto\u015b\u0107 tego balsamiku wynosi 1,35, znacznie powy\u017cej minimalnej specyfikacji 1,2, wi\u0119c ten balsamik jest grubszy ni\u017c niekt\u00f3re inne w naszej ofercie. Na \u015bwiecie jest tylko 40 butelek z tej serii! Aby otrzyma\u0107 piecz\u0119\u0107 &#8222;Oro&#8221; (z\u0142ot\u0105), balsamico musi otrzyma\u0107 co najmniej 300 na 400 punkt\u00f3w w ocenie kontroler\u00f3w. Dodatek &#8222;extravecchio&#8221; okre\u015bla, \u017ce to Balsamico dojrzewa\u0142o przez co najmniej 25 lat w tradycyjnych drewnianych beczkach. Ka\u017cda butelka jest kontrolowana pod wzgl\u0119dem jako\u015bci i posiada certyfikat Ministerstwa Polityki Rolnej, \u017bywno\u015bciowej i Le\u015bnej. Jako konsument mo\u017cesz rozpozna\u0107 orygina\u0142 po woskowej piecz\u0119ci, na kt\u00f3rej umieszczono litery: &#8222;DOP ABTRE&#8222;. Kszta\u0142t butelki w kszta\u0142cie tulipana jest r\u00f3wnie\u017c przepisany dla tego octu balsamicznego. Butelka oznaczona jest czerwono-\u017c\u00f3\u0142t\u0105 piecz\u0119ci\u0105 D.O.P. Etykieta zawiera fraz\u0119 &#8222;Certificato da organismo di controllo autorizzato dal Mipaaf&#8221; i potwierdza test akceptacyjny przeprowadzony przez Ministerstwo. Sk\u0142adniki: 100% gotowany moszcz winogronowy Uwaga: nie zawiera siarczyn\u00f3w Producent: Cavalli cav. Ferdinando srl Via del Cristo 6\/ab 42019 Scandiano Reggio Emilia W\u0142ochy\" \/>\n<meta property=\"og:url\" content=\"https:\/\/balsamico.shop\/pl\/produkt\/cavalli-abte-25-oro-zloto\/\" \/>\n<meta property=\"og:site_name\" content=\"Aceto Balsamico Shop - Polska\" \/>\n<meta property=\"article:modified_time\" content=\"2026-03-11T10:24:36+00:00\" \/>\n<meta property=\"og:image\" content=\"https:\/\/balsamico.shop\/pl\/wp-content\/uploads\/2016\/09\/aceto-balsamico-tradizionale-gold-reggioemilia-cavalli.jpg\" \/>\n\t<meta property=\"og:image:width\" content=\"1600\" \/>\n\t<meta property=\"og:image:height\" content=\"1872\" \/>\n\t<meta property=\"og:image:type\" content=\"image\/jpeg\" \/>\n<meta name=\"twitter:card\" content=\"summary_large_image\" \/>\n<meta name=\"twitter:label1\" content=\"Szacowany czas czytania\" \/>\n\t<meta name=\"twitter:data1\" content=\"2 minuty\" \/>\n<script type=\"application\/ld+json\" class=\"yoast-schema-graph\">{\"@context\":\"https:\\\/\\\/schema.org\",\"@graph\":[{\"@type\":\"WebPage\",\"@id\":\"https:\\\/\\\/balsamico.shop\\\/pl\\\/produkt\\\/cavalli-abte-25-oro-zloto\\\/\",\"url\":\"https:\\\/\\\/balsamico.shop\\\/pl\\\/produkt\\\/cavalli-abte-25-oro-zloto\\\/\",\"name\":\"Balsamico Tradizionale - Cavalli - 25 lat - z\u0142oto - extravecchio\",\"isPartOf\":{\"@id\":\"https:\\\/\\\/balsamico.shop\\\/pl\\\/#website\"},\"primaryImageOfPage\":{\"@id\":\"https:\\\/\\\/balsamico.shop\\\/pl\\\/produkt\\\/cavalli-abte-25-oro-zloto\\\/#primaryimage\"},\"image\":{\"@id\":\"https:\\\/\\\/balsamico.shop\\\/pl\\\/produkt\\\/cavalli-abte-25-oro-zloto\\\/#primaryimage\"},\"thumbnailUrl\":\"https:\\\/\\\/balsamico.shop\\\/pl\\\/wp-content\\\/uploads\\\/2016\\\/09\\\/aceto-balsamico-tradizionale-gold-reggioemilia-cavalli.jpg\",\"datePublished\":\"2016-09-23T06:31:29+00:00\",\"dateModified\":\"2026-03-11T10:24:36+00:00\",\"breadcrumb\":{\"@id\":\"https:\\\/\\\/balsamico.shop\\\/pl\\\/produkt\\\/cavalli-abte-25-oro-zloto\\\/#breadcrumb\"},\"inLanguage\":\"pl-PL\",\"potentialAction\":[{\"@type\":\"ReadAction\",\"target\":[\"https:\\\/\\\/balsamico.shop\\\/pl\\\/produkt\\\/cavalli-abte-25-oro-zloto\\\/\"]}]},{\"@type\":\"ImageObject\",\"inLanguage\":\"pl-PL\",\"@id\":\"https:\\\/\\\/balsamico.shop\\\/pl\\\/produkt\\\/cavalli-abte-25-oro-zloto\\\/#primaryimage\",\"url\":\"https:\\\/\\\/balsamico.shop\\\/pl\\\/wp-content\\\/uploads\\\/2016\\\/09\\\/aceto-balsamico-tradizionale-gold-reggioemilia-cavalli.jpg\",\"contentUrl\":\"https:\\\/\\\/balsamico.shop\\\/pl\\\/wp-content\\\/uploads\\\/2016\\\/09\\\/aceto-balsamico-tradizionale-gold-reggioemilia-cavalli.jpg\",\"width\":1600,\"height\":1872},{\"@type\":\"BreadcrumbList\",\"@id\":\"https:\\\/\\\/balsamico.shop\\\/pl\\\/produkt\\\/cavalli-abte-25-oro-zloto\\\/#breadcrumb\",\"itemListElement\":[{\"@type\":\"ListItem\",\"position\":1,\"name\":\"Home\",\"item\":\"https:\\\/\\\/balsamico.shop\\\/pl\\\/\"},{\"@type\":\"ListItem\",\"position\":2,\"name\":\"Ocet Balsamiczny &#8211; Sklep Internetowy\",\"item\":\"https:\\\/\\\/balsamico.shop\\\/pl\\\/shop\\\/\"},{\"@type\":\"ListItem\",\"position\":3,\"name\":\"Balsamico Tradizionale &#8211; Cavalli &#8211; 25 lat &#8211; z\u0142oto &#8211; extravecchio\"}]},{\"@type\":\"WebSite\",\"@id\":\"https:\\\/\\\/balsamico.shop\\\/pl\\\/#website\",\"url\":\"https:\\\/\\\/balsamico.shop\\\/pl\\\/\",\"name\":\"Aceto Balsamico Shop - Polska\",\"description\":\"Ocet balsamiczny sklep internetowy\",\"potentialAction\":[{\"@type\":\"SearchAction\",\"target\":{\"@type\":\"EntryPoint\",\"urlTemplate\":\"https:\\\/\\\/balsamico.shop\\\/pl\\\/?s={search_term_string}\"},\"query-input\":{\"@type\":\"PropertyValueSpecification\",\"valueRequired\":true,\"valueName\":\"search_term_string\"}}],\"inLanguage\":\"pl-PL\"}]}<\/script>\n<!-- \/ Yoast SEO plugin. -->","yoast_head_json":{"title":"Balsamico Tradizionale - Cavalli - 25 lat - z\u0142oto - extravecchio","robots":{"index":"index","follow":"follow","max-snippet":"max-snippet:-1","max-image-preview":"max-image-preview:large","max-video-preview":"max-video-preview:-1"},"canonical":"https:\/\/balsamico.shop\/pl\/produkt\/cavalli-abte-25-oro-zloto\/","og_locale":"pl_PL","og_type":"article","og_title":"Balsamico Tradizionale - Cavalli - 25 lat - z\u0142oto - extravecchio","og_description":"Acetaia Cavalli produkuje swoje z\u0142ote Aceto Balsamico Tradizionale w ma\u0142ej gminie Fellegara di Scandiano, 10 km od Reggio Emilia.\u00a0 Winiarz Giovanni Cavalli, wraz z bratem Roberto, kontynuuje tradycj\u0119 ojca i od 1980 roku komercyjnie produkuje Aceto Balsamico Tradizionale. Ju\u017c w latach 50. jego ojciec po\u0142o\u017cy\u0142 podwaliny pod dzisiejszy biznes, wykupuj\u0105c zabytkowe beczki. Z ponad 800 beczkami jest to najwi\u0119ksza Acetaia w regionie. Do jego Aceto Balsamico Tradizionale di Reggio Emilia Extravecchio u\u017cyto tylko szczeg\u00f3lnie s\u0142odkich, jasnych winogron odmiany Trebbiano. Sprzedawana tu seria by\u0142a starzona w pi\u0119ciu drewnianych beczkach w nast\u0119puj\u0105cej kolejno\u015bci: d\u0105b, kasztan, ja\u0142owiec, wi\u015bnia i morwa. G\u0119sto\u015b\u0107 tego balsamiku wynosi 1,35, znacznie powy\u017cej minimalnej specyfikacji 1,2, wi\u0119c ten balsamik jest grubszy ni\u017c niekt\u00f3re inne w naszej ofercie. Na \u015bwiecie jest tylko 40 butelek z tej serii! Aby otrzyma\u0107 piecz\u0119\u0107 &#8222;Oro&#8221; (z\u0142ot\u0105), balsamico musi otrzyma\u0107 co najmniej 300 na 400 punkt\u00f3w w ocenie kontroler\u00f3w. Dodatek &#8222;extravecchio&#8221; okre\u015bla, \u017ce to Balsamico dojrzewa\u0142o przez co najmniej 25 lat w tradycyjnych drewnianych beczkach. Ka\u017cda butelka jest kontrolowana pod wzgl\u0119dem jako\u015bci i posiada certyfikat Ministerstwa Polityki Rolnej, \u017bywno\u015bciowej i Le\u015bnej. Jako konsument mo\u017cesz rozpozna\u0107 orygina\u0142 po woskowej piecz\u0119ci, na kt\u00f3rej umieszczono litery: &#8222;DOP ABTRE&#8222;. Kszta\u0142t butelki w kszta\u0142cie tulipana jest r\u00f3wnie\u017c przepisany dla tego octu balsamicznego. Butelka oznaczona jest czerwono-\u017c\u00f3\u0142t\u0105 piecz\u0119ci\u0105 D.O.P. Etykieta zawiera fraz\u0119 &#8222;Certificato da organismo di controllo autorizzato dal Mipaaf&#8221; i potwierdza test akceptacyjny przeprowadzony przez Ministerstwo. Sk\u0142adniki: 100% gotowany moszcz winogronowy Uwaga: nie zawiera siarczyn\u00f3w Producent: Cavalli cav. Ferdinando srl Via del Cristo 6\/ab 42019 Scandiano Reggio Emilia W\u0142ochy","og_url":"https:\/\/balsamico.shop\/pl\/produkt\/cavalli-abte-25-oro-zloto\/","og_site_name":"Aceto Balsamico Shop - Polska","article_modified_time":"2026-03-11T10:24:36+00:00","og_image":[{"width":1600,"height":1872,"url":"https:\/\/balsamico.shop\/pl\/wp-content\/uploads\/2016\/09\/aceto-balsamico-tradizionale-gold-reggioemilia-cavalli.jpg","type":"image\/jpeg"}],"twitter_card":"summary_large_image","twitter_misc":{"Szacowany czas czytania":"2 minuty"},"schema":{"@context":"https:\/\/schema.org","@graph":[{"@type":"WebPage","@id":"https:\/\/balsamico.shop\/pl\/produkt\/cavalli-abte-25-oro-zloto\/","url":"https:\/\/balsamico.shop\/pl\/produkt\/cavalli-abte-25-oro-zloto\/","name":"Balsamico Tradizionale - Cavalli - 25 lat - z\u0142oto - extravecchio","isPartOf":{"@id":"https:\/\/balsamico.shop\/pl\/#website"},"primaryImageOfPage":{"@id":"https:\/\/balsamico.shop\/pl\/produkt\/cavalli-abte-25-oro-zloto\/#primaryimage"},"image":{"@id":"https:\/\/balsamico.shop\/pl\/produkt\/cavalli-abte-25-oro-zloto\/#primaryimage"},"thumbnailUrl":"https:\/\/balsamico.shop\/pl\/wp-content\/uploads\/2016\/09\/aceto-balsamico-tradizionale-gold-reggioemilia-cavalli.jpg","datePublished":"2016-09-23T06:31:29+00:00","dateModified":"2026-03-11T10:24:36+00:00","breadcrumb":{"@id":"https:\/\/balsamico.shop\/pl\/produkt\/cavalli-abte-25-oro-zloto\/#breadcrumb"},"inLanguage":"pl-PL","potentialAction":[{"@type":"ReadAction","target":["https:\/\/balsamico.shop\/pl\/produkt\/cavalli-abte-25-oro-zloto\/"]}]},{"@type":"ImageObject","inLanguage":"pl-PL","@id":"https:\/\/balsamico.shop\/pl\/produkt\/cavalli-abte-25-oro-zloto\/#primaryimage","url":"https:\/\/balsamico.shop\/pl\/wp-content\/uploads\/2016\/09\/aceto-balsamico-tradizionale-gold-reggioemilia-cavalli.jpg","contentUrl":"https:\/\/balsamico.shop\/pl\/wp-content\/uploads\/2016\/09\/aceto-balsamico-tradizionale-gold-reggioemilia-cavalli.jpg","width":1600,"height":1872},{"@type":"BreadcrumbList","@id":"https:\/\/balsamico.shop\/pl\/produkt\/cavalli-abte-25-oro-zloto\/#breadcrumb","itemListElement":[{"@type":"ListItem","position":1,"name":"Home","item":"https:\/\/balsamico.shop\/pl\/"},{"@type":"ListItem","position":2,"name":"Ocet Balsamiczny &#8211; Sklep Internetowy","item":"https:\/\/balsamico.shop\/pl\/shop\/"},{"@type":"ListItem","position":3,"name":"Balsamico Tradizionale &#8211; Cavalli &#8211; 25 lat &#8211; z\u0142oto &#8211; extravecchio"}]},{"@type":"WebSite","@id":"https:\/\/balsamico.shop\/pl\/#website","url":"https:\/\/balsamico.shop\/pl\/","name":"Aceto Balsamico Shop - Polska","description":"Ocet balsamiczny sklep internetowy","potentialAction":[{"@type":"SearchAction","target":{"@type":"EntryPoint","urlTemplate":"https:\/\/balsamico.shop\/pl\/?s={search_term_string}"},"query-input":{"@type":"PropertyValueSpecification","valueRequired":true,"valueName":"search_term_string"}}],"inLanguage":"pl-PL"}]}},"_links":{"self":[{"href":"https:\/\/balsamico.shop\/pl\/wp-json\/wp\/v2\/product\/2089","targetHints":{"allow":["GET"]}}],"collection":[{"href":"https:\/\/balsamico.shop\/pl\/wp-json\/wp\/v2\/product"}],"about":[{"href":"https:\/\/balsamico.shop\/pl\/wp-json\/wp\/v2\/types\/product"}],"wp:featuredmedia":[{"embeddable":true,"href":"https:\/\/balsamico.shop\/pl\/wp-json\/wp\/v2\/media\/2207"}],"wp:attachment":[{"href":"https:\/\/balsamico.shop\/pl\/wp-json\/wp\/v2\/media?parent=2089"}],"wp:term":[{"taxonomy":"product_brand","embeddable":true,"href":"https:\/\/balsamico.shop\/pl\/wp-json\/wp\/v2\/product_brand?post=2089"},{"taxonomy":"product_cat","embeddable":true,"href":"https:\/\/balsamico.shop\/pl\/wp-json\/wp\/v2\/product_cat?post=2089"},{"taxonomy":"product_tag","embeddable":true,"href":"https:\/\/balsamico.shop\/pl\/wp-json\/wp\/v2\/product_tag?post=2089"}],"curies":[{"name":"wp","href":"https:\/\/api.w.org\/{rel}","templated":true}]}}