{"id":2082,"date":"2016-05-03T22:45:03","date_gmt":"2016-05-03T20:45:03","guid":{"rendered":"https:\/\/balsamico.shop\/pl\/?post_type=product&#038;p=2082"},"modified":"2026-02-24T22:35:11","modified_gmt":"2026-02-24T21:35:11","slug":"aceto-balsamico-tradizionale-di-reggio-emilia-d-o-p-argento-picci-18-lat","status":"publish","type":"product","link":"https:\/\/balsamico.shop\/pl\/produkt\/aceto-balsamico-tradizionale-di-reggio-emilia-d-o-p-argento-picci-18-lat\/","title":{"rendered":"Aceto Balsamico Tradizionale di Reggio Emilia D.O.P &#8211; Argento &#8211; Picci &#8211; 18 lat"},"content":{"rendered":"<p>Srebrna (po w\u0142osku &#8222;<strong>Argento<\/strong>&#8222;) dojrzewa\u0142a przez co najmniej <strong>18 lat<\/strong> w beczkach <strong>Acetaia Picci<\/strong> i przez lata by\u0142a uprawiana z du\u017c\u0105 mi\u0142o\u015bci\u0105. To Aceto Balsamico dojrzewa\u0142o 6 do 7 lat d\u0142u\u017cej ni\u017c jego mniejszy brat &#8222;Aragosta&#8221;. Ze wzgl\u0119du na d\u0142u\u017cszy czas dojrzewania i wynikaj\u0105ce z niego silne parowanie, koncentrat jest bardziej lepki, a smak bardziej intensywny i jednocze\u015bnie zr\u00f3wnowa\u017cony. Kwasowo\u015b\u0107 jest bardziej w tle, dzi\u0119ki czemu to Aceto nadaje si\u0119 na pierwsze lub drugie danie w Twoim menu.<\/p>\n<p>Nasza osobista degustacja wykaza\u0142a niesamowicie d\u0142ugotrwa\u0142y aromat. Jeszcze kilka minut p\u00f3\u017aniej mia\u0142o si\u0119 w nosie smak finezyjnych winogron i s\u0142odkiego drewna i mo\u017cna by\u0142o si\u0119 nim cieszy\u0107 szczeg\u00f3lnie d\u0142ugo. Balans mi\u0119dzy s\u0142odycz\u0105 a kwasowo\u015bci\u0105 r\u00f3wnie\u017c przekroczy\u0142 nasze oczekiwania.<\/p>\n<p>W po\u0142\u0105czeniu z kawa\u0142kiem parmezanu, balsamiczny mo\u017ce rozwin\u0105\u0107 swoj\u0105 pe\u0142n\u0105 moc, nie narzucaj\u0105c si\u0119. <strong>Obecnie nasz osobisty faworyt.<\/strong><\/p>\n<p><strong>Sk\u0142adniki<\/strong>: 100% gotowany moszcz winogronowy<\/p>\n<p>Uwaga: zawiera naturalne siarczyny.<\/p>\n<p>Producent:<br \/>\nACETAIA PICCI snc<br \/>\nVia Roncaglio 29<br \/>\n42025 Cavriago Reggio Emilia<br \/>\nW\u0142ochy<\/p>\n","protected":false},"excerpt":{"rendered":"<p>Srebrna (po w\u0142osku &#8222;Argento&#8222;) dojrzewa\u0142a przez co najmniej 18 lat w beczkach Acetaia Picci i przez lata by\u0142a uprawiana z du\u017c\u0105 mi\u0142o\u015bci\u0105. To Aceto Balsamico dojrzewa\u0142o 6 do 7 lat d\u0142u\u017cej ni\u017c jego mniejszy brat &#8222;Aragosta&#8221;. Ze wzgl\u0119du na d\u0142u\u017cszy czas dojrzewania i wynikaj\u0105ce z niego silne parowanie, koncentrat jest bardziej lepki, a smak bardziej intensywny i jednocze\u015bnie zr\u00f3wnowa\u017cony. Kwasowo\u015b\u0107 jest bardziej w tle, dzi\u0119ki czemu to Aceto nadaje si\u0119 na pierwsze lub drugie danie w Twoim menu. Nasza osobista degustacja wykaza\u0142a niesamowicie d\u0142ugotrwa\u0142y aromat. Jeszcze kilka minut p\u00f3\u017aniej mia\u0142o si\u0119 w nosie smak finezyjnych winogron i s\u0142odkiego drewna i mo\u017cna by\u0142o si\u0119 nim cieszy\u0107 szczeg\u00f3lnie d\u0142ugo. Balans mi\u0119dzy s\u0142odycz\u0105 a kwasowo\u015bci\u0105 r\u00f3wnie\u017c przekroczy\u0142 nasze oczekiwania. W po\u0142\u0105czeniu z kawa\u0142kiem parmezanu, balsamiczny mo\u017ce rozwin\u0105\u0107 swoj\u0105 pe\u0142n\u0105 moc, nie narzucaj\u0105c si\u0119. Obecnie nasz osobisty faworyt. Sk\u0142adniki: 100% gotowany moszcz winogronowy Uwaga: zawiera naturalne siarczyny. Producent: ACETAIA PICCI snc Via Roncaglio 29 42025 Cavriago Reggio Emilia W\u0142ochy<\/p>\n","protected":false},"featured_media":2193,"template":"","meta":[],"product_brand":[],"product_cat":[26],"product_tag":[],"class_list":{"0":"post-2082","1":"product","2":"type-product","3":"status-publish","4":"has-post-thumbnail","6":"product_cat-picci","7":"product_shipping_class-ueber-400","9":"first","10":"instock","11":"taxable","12":"shipping-taxable","13":"purchasable","14":"product-type-simple"},"bundle_layout":"","bundled_by":[],"bundled_items":[],"yoast_head":"<!-- This site is optimized with the Yoast SEO plugin v27.4 - https:\/\/yoast.com\/product\/yoast-seo-wordpress\/ -->\n<title>Aceto Balsamico Tradizionale di Reggio Emilia D.O.P - Argento - Picci - 18 lat<\/title>\n<meta name=\"robots\" content=\"index, follow, max-snippet:-1, max-image-preview:large, max-video-preview:-1\" \/>\n<link rel=\"canonical\" href=\"https:\/\/balsamico.shop\/pl\/produkt\/aceto-balsamico-tradizionale-di-reggio-emilia-d-o-p-argento-picci-18-lat\/\" \/>\n<meta property=\"og:locale\" content=\"pl_PL\" \/>\n<meta property=\"og:type\" content=\"article\" \/>\n<meta property=\"og:title\" content=\"Aceto Balsamico Tradizionale di Reggio Emilia D.O.P - Argento - Picci - 18 lat\" \/>\n<meta property=\"og:description\" content=\"Srebrna (po w\u0142osku &#8222;Argento&#8222;) dojrzewa\u0142a przez co najmniej 18 lat w beczkach Acetaia Picci i przez lata by\u0142a uprawiana z du\u017c\u0105 mi\u0142o\u015bci\u0105. To Aceto Balsamico dojrzewa\u0142o 6 do 7 lat d\u0142u\u017cej ni\u017c jego mniejszy brat &#8222;Aragosta&#8221;. Ze wzgl\u0119du na d\u0142u\u017cszy czas dojrzewania i wynikaj\u0105ce z niego silne parowanie, koncentrat jest bardziej lepki, a smak bardziej intensywny i jednocze\u015bnie zr\u00f3wnowa\u017cony. Kwasowo\u015b\u0107 jest bardziej w tle, dzi\u0119ki czemu to Aceto nadaje si\u0119 na pierwsze lub drugie danie w Twoim menu. Nasza osobista degustacja wykaza\u0142a niesamowicie d\u0142ugotrwa\u0142y aromat. Jeszcze kilka minut p\u00f3\u017aniej mia\u0142o si\u0119 w nosie smak finezyjnych winogron i s\u0142odkiego drewna i mo\u017cna by\u0142o si\u0119 nim cieszy\u0107 szczeg\u00f3lnie d\u0142ugo. Balans mi\u0119dzy s\u0142odycz\u0105 a kwasowo\u015bci\u0105 r\u00f3wnie\u017c przekroczy\u0142 nasze oczekiwania. W po\u0142\u0105czeniu z kawa\u0142kiem parmezanu, balsamiczny mo\u017ce rozwin\u0105\u0107 swoj\u0105 pe\u0142n\u0105 moc, nie narzucaj\u0105c si\u0119. Obecnie nasz osobisty faworyt. Sk\u0142adniki: 100% gotowany moszcz winogronowy Uwaga: zawiera naturalne siarczyny. Producent: ACETAIA PICCI snc Via Roncaglio 29 42025 Cavriago Reggio Emilia W\u0142ochy\" \/>\n<meta property=\"og:url\" content=\"https:\/\/balsamico.shop\/pl\/produkt\/aceto-balsamico-tradizionale-di-reggio-emilia-d-o-p-argento-picci-18-lat\/\" \/>\n<meta property=\"og:site_name\" content=\"Aceto Balsamico Shop - Polska\" \/>\n<meta property=\"article:modified_time\" content=\"2026-02-24T21:35:11+00:00\" \/>\n<meta property=\"og:image\" content=\"https:\/\/balsamico.shop\/pl\/wp-content\/uploads\/2016\/05\/acetaia-picci-aceto-balsamico-tradizionale-argento-reggioemilia-1.jpg\" \/>\n\t<meta property=\"og:image:width\" content=\"1600\" \/>\n\t<meta property=\"og:image:height\" content=\"1872\" \/>\n\t<meta property=\"og:image:type\" content=\"image\/jpeg\" \/>\n<meta name=\"twitter:card\" content=\"summary_large_image\" \/>\n<meta name=\"twitter:label1\" content=\"Szacowany czas czytania\" \/>\n\t<meta name=\"twitter:data1\" content=\"1 minuta\" \/>\n<script type=\"application\/ld+json\" class=\"yoast-schema-graph\">{\"@context\":\"https:\\\/\\\/schema.org\",\"@graph\":[{\"@type\":\"WebPage\",\"@id\":\"https:\\\/\\\/balsamico.shop\\\/pl\\\/produkt\\\/aceto-balsamico-tradizionale-di-reggio-emilia-d-o-p-argento-picci-18-lat\\\/\",\"url\":\"https:\\\/\\\/balsamico.shop\\\/pl\\\/produkt\\\/aceto-balsamico-tradizionale-di-reggio-emilia-d-o-p-argento-picci-18-lat\\\/\",\"name\":\"Aceto Balsamico Tradizionale di Reggio Emilia D.O.P - Argento - Picci - 18 lat\",\"isPartOf\":{\"@id\":\"https:\\\/\\\/balsamico.shop\\\/pl\\\/#website\"},\"primaryImageOfPage\":{\"@id\":\"https:\\\/\\\/balsamico.shop\\\/pl\\\/produkt\\\/aceto-balsamico-tradizionale-di-reggio-emilia-d-o-p-argento-picci-18-lat\\\/#primaryimage\"},\"image\":{\"@id\":\"https:\\\/\\\/balsamico.shop\\\/pl\\\/produkt\\\/aceto-balsamico-tradizionale-di-reggio-emilia-d-o-p-argento-picci-18-lat\\\/#primaryimage\"},\"thumbnailUrl\":\"https:\\\/\\\/balsamico.shop\\\/pl\\\/wp-content\\\/uploads\\\/2016\\\/05\\\/acetaia-picci-aceto-balsamico-tradizionale-argento-reggioemilia-1.jpg\",\"datePublished\":\"2016-05-03T20:45:03+00:00\",\"dateModified\":\"2026-02-24T21:35:11+00:00\",\"breadcrumb\":{\"@id\":\"https:\\\/\\\/balsamico.shop\\\/pl\\\/produkt\\\/aceto-balsamico-tradizionale-di-reggio-emilia-d-o-p-argento-picci-18-lat\\\/#breadcrumb\"},\"inLanguage\":\"pl-PL\",\"potentialAction\":[{\"@type\":\"ReadAction\",\"target\":[\"https:\\\/\\\/balsamico.shop\\\/pl\\\/produkt\\\/aceto-balsamico-tradizionale-di-reggio-emilia-d-o-p-argento-picci-18-lat\\\/\"]}]},{\"@type\":\"ImageObject\",\"inLanguage\":\"pl-PL\",\"@id\":\"https:\\\/\\\/balsamico.shop\\\/pl\\\/produkt\\\/aceto-balsamico-tradizionale-di-reggio-emilia-d-o-p-argento-picci-18-lat\\\/#primaryimage\",\"url\":\"https:\\\/\\\/balsamico.shop\\\/pl\\\/wp-content\\\/uploads\\\/2016\\\/05\\\/acetaia-picci-aceto-balsamico-tradizionale-argento-reggioemilia-1.jpg\",\"contentUrl\":\"https:\\\/\\\/balsamico.shop\\\/pl\\\/wp-content\\\/uploads\\\/2016\\\/05\\\/acetaia-picci-aceto-balsamico-tradizionale-argento-reggioemilia-1.jpg\",\"width\":1600,\"height\":1872},{\"@type\":\"BreadcrumbList\",\"@id\":\"https:\\\/\\\/balsamico.shop\\\/pl\\\/produkt\\\/aceto-balsamico-tradizionale-di-reggio-emilia-d-o-p-argento-picci-18-lat\\\/#breadcrumb\",\"itemListElement\":[{\"@type\":\"ListItem\",\"position\":1,\"name\":\"Home\",\"item\":\"https:\\\/\\\/balsamico.shop\\\/pl\\\/\"},{\"@type\":\"ListItem\",\"position\":2,\"name\":\"Ocet Balsamiczny &#8211; Sklep Internetowy\",\"item\":\"https:\\\/\\\/balsamico.shop\\\/pl\\\/shop\\\/\"},{\"@type\":\"ListItem\",\"position\":3,\"name\":\"Aceto Balsamico Tradizionale di Reggio Emilia D.O.P &#8211; Argento &#8211; Picci &#8211; 18 lat\"}]},{\"@type\":\"WebSite\",\"@id\":\"https:\\\/\\\/balsamico.shop\\\/pl\\\/#website\",\"url\":\"https:\\\/\\\/balsamico.shop\\\/pl\\\/\",\"name\":\"Aceto Balsamico Shop - Polska\",\"description\":\"Ocet balsamiczny sklep internetowy\",\"potentialAction\":[{\"@type\":\"SearchAction\",\"target\":{\"@type\":\"EntryPoint\",\"urlTemplate\":\"https:\\\/\\\/balsamico.shop\\\/pl\\\/?s={search_term_string}\"},\"query-input\":{\"@type\":\"PropertyValueSpecification\",\"valueRequired\":true,\"valueName\":\"search_term_string\"}}],\"inLanguage\":\"pl-PL\"}]}<\/script>\n<!-- \/ Yoast SEO plugin. -->","yoast_head_json":{"title":"Aceto Balsamico Tradizionale di Reggio Emilia D.O.P - Argento - Picci - 18 lat","robots":{"index":"index","follow":"follow","max-snippet":"max-snippet:-1","max-image-preview":"max-image-preview:large","max-video-preview":"max-video-preview:-1"},"canonical":"https:\/\/balsamico.shop\/pl\/produkt\/aceto-balsamico-tradizionale-di-reggio-emilia-d-o-p-argento-picci-18-lat\/","og_locale":"pl_PL","og_type":"article","og_title":"Aceto Balsamico Tradizionale di Reggio Emilia D.O.P - Argento - Picci - 18 lat","og_description":"Srebrna (po w\u0142osku &#8222;Argento&#8222;) dojrzewa\u0142a przez co najmniej 18 lat w beczkach Acetaia Picci i przez lata by\u0142a uprawiana z du\u017c\u0105 mi\u0142o\u015bci\u0105. To Aceto Balsamico dojrzewa\u0142o 6 do 7 lat d\u0142u\u017cej ni\u017c jego mniejszy brat &#8222;Aragosta&#8221;. Ze wzgl\u0119du na d\u0142u\u017cszy czas dojrzewania i wynikaj\u0105ce z niego silne parowanie, koncentrat jest bardziej lepki, a smak bardziej intensywny i jednocze\u015bnie zr\u00f3wnowa\u017cony. Kwasowo\u015b\u0107 jest bardziej w tle, dzi\u0119ki czemu to Aceto nadaje si\u0119 na pierwsze lub drugie danie w Twoim menu. Nasza osobista degustacja wykaza\u0142a niesamowicie d\u0142ugotrwa\u0142y aromat. Jeszcze kilka minut p\u00f3\u017aniej mia\u0142o si\u0119 w nosie smak finezyjnych winogron i s\u0142odkiego drewna i mo\u017cna by\u0142o si\u0119 nim cieszy\u0107 szczeg\u00f3lnie d\u0142ugo. Balans mi\u0119dzy s\u0142odycz\u0105 a kwasowo\u015bci\u0105 r\u00f3wnie\u017c przekroczy\u0142 nasze oczekiwania. W po\u0142\u0105czeniu z kawa\u0142kiem parmezanu, balsamiczny mo\u017ce rozwin\u0105\u0107 swoj\u0105 pe\u0142n\u0105 moc, nie narzucaj\u0105c si\u0119. Obecnie nasz osobisty faworyt. Sk\u0142adniki: 100% gotowany moszcz winogronowy Uwaga: zawiera naturalne siarczyny. Producent: ACETAIA PICCI snc Via Roncaglio 29 42025 Cavriago Reggio Emilia W\u0142ochy","og_url":"https:\/\/balsamico.shop\/pl\/produkt\/aceto-balsamico-tradizionale-di-reggio-emilia-d-o-p-argento-picci-18-lat\/","og_site_name":"Aceto Balsamico Shop - Polska","article_modified_time":"2026-02-24T21:35:11+00:00","og_image":[{"width":1600,"height":1872,"url":"https:\/\/balsamico.shop\/pl\/wp-content\/uploads\/2016\/05\/acetaia-picci-aceto-balsamico-tradizionale-argento-reggioemilia-1.jpg","type":"image\/jpeg"}],"twitter_card":"summary_large_image","twitter_misc":{"Szacowany czas czytania":"1 minuta"},"schema":{"@context":"https:\/\/schema.org","@graph":[{"@type":"WebPage","@id":"https:\/\/balsamico.shop\/pl\/produkt\/aceto-balsamico-tradizionale-di-reggio-emilia-d-o-p-argento-picci-18-lat\/","url":"https:\/\/balsamico.shop\/pl\/produkt\/aceto-balsamico-tradizionale-di-reggio-emilia-d-o-p-argento-picci-18-lat\/","name":"Aceto Balsamico Tradizionale di Reggio Emilia D.O.P - Argento - Picci - 18 lat","isPartOf":{"@id":"https:\/\/balsamico.shop\/pl\/#website"},"primaryImageOfPage":{"@id":"https:\/\/balsamico.shop\/pl\/produkt\/aceto-balsamico-tradizionale-di-reggio-emilia-d-o-p-argento-picci-18-lat\/#primaryimage"},"image":{"@id":"https:\/\/balsamico.shop\/pl\/produkt\/aceto-balsamico-tradizionale-di-reggio-emilia-d-o-p-argento-picci-18-lat\/#primaryimage"},"thumbnailUrl":"https:\/\/balsamico.shop\/pl\/wp-content\/uploads\/2016\/05\/acetaia-picci-aceto-balsamico-tradizionale-argento-reggioemilia-1.jpg","datePublished":"2016-05-03T20:45:03+00:00","dateModified":"2026-02-24T21:35:11+00:00","breadcrumb":{"@id":"https:\/\/balsamico.shop\/pl\/produkt\/aceto-balsamico-tradizionale-di-reggio-emilia-d-o-p-argento-picci-18-lat\/#breadcrumb"},"inLanguage":"pl-PL","potentialAction":[{"@type":"ReadAction","target":["https:\/\/balsamico.shop\/pl\/produkt\/aceto-balsamico-tradizionale-di-reggio-emilia-d-o-p-argento-picci-18-lat\/"]}]},{"@type":"ImageObject","inLanguage":"pl-PL","@id":"https:\/\/balsamico.shop\/pl\/produkt\/aceto-balsamico-tradizionale-di-reggio-emilia-d-o-p-argento-picci-18-lat\/#primaryimage","url":"https:\/\/balsamico.shop\/pl\/wp-content\/uploads\/2016\/05\/acetaia-picci-aceto-balsamico-tradizionale-argento-reggioemilia-1.jpg","contentUrl":"https:\/\/balsamico.shop\/pl\/wp-content\/uploads\/2016\/05\/acetaia-picci-aceto-balsamico-tradizionale-argento-reggioemilia-1.jpg","width":1600,"height":1872},{"@type":"BreadcrumbList","@id":"https:\/\/balsamico.shop\/pl\/produkt\/aceto-balsamico-tradizionale-di-reggio-emilia-d-o-p-argento-picci-18-lat\/#breadcrumb","itemListElement":[{"@type":"ListItem","position":1,"name":"Home","item":"https:\/\/balsamico.shop\/pl\/"},{"@type":"ListItem","position":2,"name":"Ocet Balsamiczny &#8211; Sklep Internetowy","item":"https:\/\/balsamico.shop\/pl\/shop\/"},{"@type":"ListItem","position":3,"name":"Aceto Balsamico Tradizionale di Reggio Emilia D.O.P &#8211; Argento &#8211; Picci &#8211; 18 lat"}]},{"@type":"WebSite","@id":"https:\/\/balsamico.shop\/pl\/#website","url":"https:\/\/balsamico.shop\/pl\/","name":"Aceto Balsamico Shop - Polska","description":"Ocet balsamiczny sklep internetowy","potentialAction":[{"@type":"SearchAction","target":{"@type":"EntryPoint","urlTemplate":"https:\/\/balsamico.shop\/pl\/?s={search_term_string}"},"query-input":{"@type":"PropertyValueSpecification","valueRequired":true,"valueName":"search_term_string"}}],"inLanguage":"pl-PL"}]}},"_links":{"self":[{"href":"https:\/\/balsamico.shop\/pl\/wp-json\/wp\/v2\/product\/2082","targetHints":{"allow":["GET"]}}],"collection":[{"href":"https:\/\/balsamico.shop\/pl\/wp-json\/wp\/v2\/product"}],"about":[{"href":"https:\/\/balsamico.shop\/pl\/wp-json\/wp\/v2\/types\/product"}],"wp:featuredmedia":[{"embeddable":true,"href":"https:\/\/balsamico.shop\/pl\/wp-json\/wp\/v2\/media\/2193"}],"wp:attachment":[{"href":"https:\/\/balsamico.shop\/pl\/wp-json\/wp\/v2\/media?parent=2082"}],"wp:term":[{"taxonomy":"product_brand","embeddable":true,"href":"https:\/\/balsamico.shop\/pl\/wp-json\/wp\/v2\/product_brand?post=2082"},{"taxonomy":"product_cat","embeddable":true,"href":"https:\/\/balsamico.shop\/pl\/wp-json\/wp\/v2\/product_cat?post=2082"},{"taxonomy":"product_tag","embeddable":true,"href":"https:\/\/balsamico.shop\/pl\/wp-json\/wp\/v2\/product_tag?post=2082"}],"curies":[{"name":"wp","href":"https:\/\/api.w.org\/{rel}","templated":true}]}}