{"id":2076,"date":"2020-06-04T08:22:22","date_gmt":"2020-06-04T06:22:22","guid":{"rendered":"https:\/\/balsamico.shop\/pl\/?post_type=product&#038;p=2076"},"modified":"2026-02-01T15:40:41","modified_gmt":"2026-02-01T14:40:41","slug":"aceto-balsamico-tradizionale-di-modena-extravecchio-malagoli","status":"publish","type":"product","link":"https:\/\/balsamico.shop\/pl\/produkt\/aceto-balsamico-tradizionale-di-modena-extravecchio-malagoli\/","title":{"rendered":"Aceto Balsamico Tradizionale di Modena &#8211; extravecchio &#8211; Malagoli"},"content":{"rendered":"<p>To <strong>Aceto Balsamico Tradizionale di Modena D.O.P. extravecchio<\/strong> jest najwi\u0119kszym skarbem z Acetaia Malagoli. Rodzina Malagoli produkuje swoje Aceto Balsamico z wielk\u0105 pasj\u0105. Prawie 30 lat temu rozpocz\u0119li produkcj\u0119 tradycyjnego balsamico w posiad\u0142o\u015bci typowej dla regionu, na po\u0142udniowy wsch\u00f3d od Modeny, w otoczeniu winoro\u015bli, drzew owocowych i p\u00f3l. Liczba beczek ros\u0142a przez lata, a wraz z ni\u0105 doskona\u0142a jako\u015b\u0107 produkowanego tam Aceto Balsamico. Dzi\u015b Acetaia jest reprezentowana przez Sofi\u0119 Malagoli, najstarsz\u0105 c\u00f3rk\u0119 Malagoli. Podobnie jak jej ojciec, Sofia r\u00f3wnie\u017c pasjonuje si\u0119 balsamico i jest zaanga\u017cowana w Consorzio Tutela Aceto Balsamico Tradizionale di Modena jako przedstawiciel, prowadz\u0105c kursy balsamiczne i profesjonalne wycieczki z przewodnikiem na ten temat.<\/p>\n<p>To Aceto Balsamico Tradizionale di Modena D.O.P. Extravecchio dojrzewa\u0142o przez ponad 25 lat w drewnianych beczkach Acetaia Malagoli. Jeste\u015bmy obecnie jednym z niewielu sklep\u00f3w internetowych, w kt\u00f3rych mo\u017cna kupi\u0107 to wyj\u0105tkowo dobre tradycyjne Balsamico online.<\/p>\n<p>&nbsp;<\/p>\n<p><img loading=\"lazy\" decoding=\"async\" class=\"alignnone\" src=\"https:\/\/balsamico.shop\/de\/wp-content\/uploads\/2020\/06\/sofia-malagoli-extravecchio.jpg\" alt=\"Sofia Malagoli - Acetaia Malagoli\" width=\"561\" height=\"374\" \/><br \/>\nZdj\u0119cie &#8211; Sofia Malagoli &#8211; Acetaia Malagoli<\/p>\n<p>&nbsp;<\/p>\n<p>Ta partia, kt\u00f3ra jest w bardzo ograniczonych dostawach, zosta\u0142a zabutelkowana w 2020 roku i jest dostarczana w ozdobnej drewnianej skrzynce z prawdziwego w\u0142oskiego drewna jod\u0142owego z typowym wylewem. Ze wzgl\u0119d\u00f3w transportowych butelka jest dodatkowo zapakowana w pude\u0142ko.<\/p>\n<p><strong>Sk\u0142ad<\/strong>: 100% gotowany moszcz winogronowy.<\/p>\n<p>Uwaga: Mo\u017ce zawiera\u0107 siarczyny.<\/p>\n<p>&nbsp;<\/p>\n<p>Producent:<br \/>\nAcetaia Malagoli Daniele<br \/>\nVia Celeste 9<br \/>\n41013 Castelfranco Emilia (MO), W\u0142ochy<\/p>\n<p>&nbsp;<\/p>\n","protected":false},"excerpt":{"rendered":"<p>To Aceto Balsamico Tradizionale di Modena D.O.P. extravecchio jest najwi\u0119kszym skarbem z Acetaia Malagoli. Rodzina Malagoli produkuje swoje Aceto Balsamico z wielk\u0105 pasj\u0105. Prawie 30 lat temu rozpocz\u0119li produkcj\u0119 tradycyjnego balsamico w posiad\u0142o\u015bci typowej dla regionu, na po\u0142udniowy wsch\u00f3d od Modeny, w otoczeniu winoro\u015bli, drzew owocowych i p\u00f3l. Liczba beczek ros\u0142a przez lata, a wraz z ni\u0105 doskona\u0142a jako\u015b\u0107 produkowanego tam Aceto Balsamico. Dzi\u015b Acetaia jest reprezentowana przez Sofi\u0119 Malagoli, najstarsz\u0105 c\u00f3rk\u0119 Malagoli. Podobnie jak jej ojciec, Sofia r\u00f3wnie\u017c pasjonuje si\u0119 balsamico i jest zaanga\u017cowana w Consorzio Tutela Aceto Balsamico Tradizionale di Modena jako przedstawiciel, prowadz\u0105c kursy balsamiczne i profesjonalne wycieczki z przewodnikiem na ten temat. To Aceto Balsamico Tradizionale di Modena D.O.P. Extravecchio dojrzewa\u0142o przez ponad 25 lat w drewnianych beczkach Acetaia Malagoli. Jeste\u015bmy obecnie jednym z niewielu sklep\u00f3w internetowych, w kt\u00f3rych mo\u017cna kupi\u0107 to wyj\u0105tkowo dobre tradycyjne Balsamico online. &nbsp; Zdj\u0119cie &#8211; Sofia Malagoli &#8211; Acetaia Malagoli &nbsp; Ta partia, kt\u00f3ra jest w bardzo ograniczonych dostawach, zosta\u0142a zabutelkowana w 2020 roku i jest dostarczana w ozdobnej drewnianej skrzynce z prawdziwego w\u0142oskiego drewna jod\u0142owego z typowym wylewem. Ze wzgl\u0119d\u00f3w transportowych butelka jest dodatkowo zapakowana w pude\u0142ko. Sk\u0142ad: 100% gotowany moszcz winogronowy. Uwaga: Mo\u017ce zawiera\u0107 siarczyny. &nbsp; Producent: Acetaia Malagoli Daniele Via Celeste 9 41013 Castelfranco Emilia (MO), W\u0142ochy &nbsp;<\/p>\n","protected":false},"featured_media":2079,"template":"","meta":[],"product_brand":[],"product_cat":[61],"product_tag":[],"class_list":{"0":"post-2076","1":"product","2":"type-product","3":"status-publish","4":"has-post-thumbnail","6":"product_cat-malagoli","7":"product_shipping_class-ueber-400","9":"first","10":"instock","11":"taxable","12":"shipping-taxable","13":"purchasable","14":"product-type-simple"},"bundle_layout":"","bundled_by":[],"bundled_items":[],"yoast_head":"<!-- This site is optimized with the Yoast SEO plugin v27.4 - https:\/\/yoast.com\/product\/yoast-seo-wordpress\/ -->\n<title>Aceto Balsamico Tradizionale di Modena - extravecchio - Malagoli<\/title>\n<meta name=\"robots\" content=\"index, follow, max-snippet:-1, max-image-preview:large, max-video-preview:-1\" \/>\n<link rel=\"canonical\" href=\"https:\/\/balsamico.shop\/pl\/produkt\/aceto-balsamico-tradizionale-di-modena-extravecchio-malagoli\/\" \/>\n<meta property=\"og:locale\" content=\"pl_PL\" \/>\n<meta property=\"og:type\" content=\"article\" \/>\n<meta property=\"og:title\" content=\"Aceto Balsamico Tradizionale di Modena - extravecchio - Malagoli\" \/>\n<meta property=\"og:description\" content=\"To Aceto Balsamico Tradizionale di Modena D.O.P. extravecchio jest najwi\u0119kszym skarbem z Acetaia Malagoli. Rodzina Malagoli produkuje swoje Aceto Balsamico z wielk\u0105 pasj\u0105. Prawie 30 lat temu rozpocz\u0119li produkcj\u0119 tradycyjnego balsamico w posiad\u0142o\u015bci typowej dla regionu, na po\u0142udniowy wsch\u00f3d od Modeny, w otoczeniu winoro\u015bli, drzew owocowych i p\u00f3l. Liczba beczek ros\u0142a przez lata, a wraz z ni\u0105 doskona\u0142a jako\u015b\u0107 produkowanego tam Aceto Balsamico. Dzi\u015b Acetaia jest reprezentowana przez Sofi\u0119 Malagoli, najstarsz\u0105 c\u00f3rk\u0119 Malagoli. Podobnie jak jej ojciec, Sofia r\u00f3wnie\u017c pasjonuje si\u0119 balsamico i jest zaanga\u017cowana w Consorzio Tutela Aceto Balsamico Tradizionale di Modena jako przedstawiciel, prowadz\u0105c kursy balsamiczne i profesjonalne wycieczki z przewodnikiem na ten temat. To Aceto Balsamico Tradizionale di Modena D.O.P. Extravecchio dojrzewa\u0142o przez ponad 25 lat w drewnianych beczkach Acetaia Malagoli. Jeste\u015bmy obecnie jednym z niewielu sklep\u00f3w internetowych, w kt\u00f3rych mo\u017cna kupi\u0107 to wyj\u0105tkowo dobre tradycyjne Balsamico online. &nbsp; Zdj\u0119cie &#8211; Sofia Malagoli &#8211; Acetaia Malagoli &nbsp; Ta partia, kt\u00f3ra jest w bardzo ograniczonych dostawach, zosta\u0142a zabutelkowana w 2020 roku i jest dostarczana w ozdobnej drewnianej skrzynce z prawdziwego w\u0142oskiego drewna jod\u0142owego z typowym wylewem. Ze wzgl\u0119d\u00f3w transportowych butelka jest dodatkowo zapakowana w pude\u0142ko. Sk\u0142ad: 100% gotowany moszcz winogronowy. Uwaga: Mo\u017ce zawiera\u0107 siarczyny. &nbsp; Producent: Acetaia Malagoli Daniele Via Celeste 9 41013 Castelfranco Emilia (MO), W\u0142ochy &nbsp;\" \/>\n<meta property=\"og:url\" content=\"https:\/\/balsamico.shop\/pl\/produkt\/aceto-balsamico-tradizionale-di-modena-extravecchio-malagoli\/\" \/>\n<meta property=\"og:site_name\" content=\"Aceto Balsamico Shop - Polska\" \/>\n<meta property=\"article:modified_time\" content=\"2026-02-01T14:40:41+00:00\" \/>\n<meta property=\"og:image\" content=\"https:\/\/balsamico.shop\/pl\/wp-content\/uploads\/2020\/06\/aceto-balsamico-tradizionale-di-modena-dop-malagoli-extravecchio_lum.jpg\" \/>\n\t<meta property=\"og:image:width\" content=\"1600\" \/>\n\t<meta property=\"og:image:height\" content=\"1872\" \/>\n\t<meta property=\"og:image:type\" content=\"image\/jpeg\" \/>\n<meta name=\"twitter:card\" content=\"summary_large_image\" \/>\n<meta name=\"twitter:label1\" content=\"Szacowany czas czytania\" \/>\n\t<meta name=\"twitter:data1\" content=\"2 minuty\" \/>\n<script type=\"application\/ld+json\" class=\"yoast-schema-graph\">{\"@context\":\"https:\\\/\\\/schema.org\",\"@graph\":[{\"@type\":\"WebPage\",\"@id\":\"https:\\\/\\\/balsamico.shop\\\/pl\\\/produkt\\\/aceto-balsamico-tradizionale-di-modena-extravecchio-malagoli\\\/\",\"url\":\"https:\\\/\\\/balsamico.shop\\\/pl\\\/produkt\\\/aceto-balsamico-tradizionale-di-modena-extravecchio-malagoli\\\/\",\"name\":\"Aceto Balsamico Tradizionale di Modena - extravecchio - Malagoli\",\"isPartOf\":{\"@id\":\"https:\\\/\\\/balsamico.shop\\\/pl\\\/#website\"},\"primaryImageOfPage\":{\"@id\":\"https:\\\/\\\/balsamico.shop\\\/pl\\\/produkt\\\/aceto-balsamico-tradizionale-di-modena-extravecchio-malagoli\\\/#primaryimage\"},\"image\":{\"@id\":\"https:\\\/\\\/balsamico.shop\\\/pl\\\/produkt\\\/aceto-balsamico-tradizionale-di-modena-extravecchio-malagoli\\\/#primaryimage\"},\"thumbnailUrl\":\"https:\\\/\\\/balsamico.shop\\\/pl\\\/wp-content\\\/uploads\\\/2020\\\/06\\\/aceto-balsamico-tradizionale-di-modena-dop-malagoli-extravecchio_lum.jpg\",\"datePublished\":\"2020-06-04T06:22:22+00:00\",\"dateModified\":\"2026-02-01T14:40:41+00:00\",\"breadcrumb\":{\"@id\":\"https:\\\/\\\/balsamico.shop\\\/pl\\\/produkt\\\/aceto-balsamico-tradizionale-di-modena-extravecchio-malagoli\\\/#breadcrumb\"},\"inLanguage\":\"pl-PL\",\"potentialAction\":[{\"@type\":\"ReadAction\",\"target\":[\"https:\\\/\\\/balsamico.shop\\\/pl\\\/produkt\\\/aceto-balsamico-tradizionale-di-modena-extravecchio-malagoli\\\/\"]}]},{\"@type\":\"ImageObject\",\"inLanguage\":\"pl-PL\",\"@id\":\"https:\\\/\\\/balsamico.shop\\\/pl\\\/produkt\\\/aceto-balsamico-tradizionale-di-modena-extravecchio-malagoli\\\/#primaryimage\",\"url\":\"https:\\\/\\\/balsamico.shop\\\/pl\\\/wp-content\\\/uploads\\\/2020\\\/06\\\/aceto-balsamico-tradizionale-di-modena-dop-malagoli-extravecchio_lum.jpg\",\"contentUrl\":\"https:\\\/\\\/balsamico.shop\\\/pl\\\/wp-content\\\/uploads\\\/2020\\\/06\\\/aceto-balsamico-tradizionale-di-modena-dop-malagoli-extravecchio_lum.jpg\",\"width\":1600,\"height\":1872,\"caption\":\"Aceto Balsamico Tradizionale di Modena DOP Malagoli Extravecchio\"},{\"@type\":\"BreadcrumbList\",\"@id\":\"https:\\\/\\\/balsamico.shop\\\/pl\\\/produkt\\\/aceto-balsamico-tradizionale-di-modena-extravecchio-malagoli\\\/#breadcrumb\",\"itemListElement\":[{\"@type\":\"ListItem\",\"position\":1,\"name\":\"Home\",\"item\":\"https:\\\/\\\/balsamico.shop\\\/pl\\\/\"},{\"@type\":\"ListItem\",\"position\":2,\"name\":\"Ocet Balsamiczny &#8211; Sklep Internetowy\",\"item\":\"https:\\\/\\\/balsamico.shop\\\/pl\\\/shop\\\/\"},{\"@type\":\"ListItem\",\"position\":3,\"name\":\"Aceto Balsamico Tradizionale di Modena &#8211; extravecchio &#8211; Malagoli\"}]},{\"@type\":\"WebSite\",\"@id\":\"https:\\\/\\\/balsamico.shop\\\/pl\\\/#website\",\"url\":\"https:\\\/\\\/balsamico.shop\\\/pl\\\/\",\"name\":\"Aceto Balsamico Shop - Polska\",\"description\":\"Ocet balsamiczny sklep internetowy\",\"potentialAction\":[{\"@type\":\"SearchAction\",\"target\":{\"@type\":\"EntryPoint\",\"urlTemplate\":\"https:\\\/\\\/balsamico.shop\\\/pl\\\/?s={search_term_string}\"},\"query-input\":{\"@type\":\"PropertyValueSpecification\",\"valueRequired\":true,\"valueName\":\"search_term_string\"}}],\"inLanguage\":\"pl-PL\"}]}<\/script>\n<!-- \/ Yoast SEO plugin. -->","yoast_head_json":{"title":"Aceto Balsamico Tradizionale di Modena - extravecchio - Malagoli","robots":{"index":"index","follow":"follow","max-snippet":"max-snippet:-1","max-image-preview":"max-image-preview:large","max-video-preview":"max-video-preview:-1"},"canonical":"https:\/\/balsamico.shop\/pl\/produkt\/aceto-balsamico-tradizionale-di-modena-extravecchio-malagoli\/","og_locale":"pl_PL","og_type":"article","og_title":"Aceto Balsamico Tradizionale di Modena - extravecchio - Malagoli","og_description":"To Aceto Balsamico Tradizionale di Modena D.O.P. extravecchio jest najwi\u0119kszym skarbem z Acetaia Malagoli. Rodzina Malagoli produkuje swoje Aceto Balsamico z wielk\u0105 pasj\u0105. Prawie 30 lat temu rozpocz\u0119li produkcj\u0119 tradycyjnego balsamico w posiad\u0142o\u015bci typowej dla regionu, na po\u0142udniowy wsch\u00f3d od Modeny, w otoczeniu winoro\u015bli, drzew owocowych i p\u00f3l. Liczba beczek ros\u0142a przez lata, a wraz z ni\u0105 doskona\u0142a jako\u015b\u0107 produkowanego tam Aceto Balsamico. Dzi\u015b Acetaia jest reprezentowana przez Sofi\u0119 Malagoli, najstarsz\u0105 c\u00f3rk\u0119 Malagoli. Podobnie jak jej ojciec, Sofia r\u00f3wnie\u017c pasjonuje si\u0119 balsamico i jest zaanga\u017cowana w Consorzio Tutela Aceto Balsamico Tradizionale di Modena jako przedstawiciel, prowadz\u0105c kursy balsamiczne i profesjonalne wycieczki z przewodnikiem na ten temat. To Aceto Balsamico Tradizionale di Modena D.O.P. Extravecchio dojrzewa\u0142o przez ponad 25 lat w drewnianych beczkach Acetaia Malagoli. Jeste\u015bmy obecnie jednym z niewielu sklep\u00f3w internetowych, w kt\u00f3rych mo\u017cna kupi\u0107 to wyj\u0105tkowo dobre tradycyjne Balsamico online. &nbsp; Zdj\u0119cie &#8211; Sofia Malagoli &#8211; Acetaia Malagoli &nbsp; Ta partia, kt\u00f3ra jest w bardzo ograniczonych dostawach, zosta\u0142a zabutelkowana w 2020 roku i jest dostarczana w ozdobnej drewnianej skrzynce z prawdziwego w\u0142oskiego drewna jod\u0142owego z typowym wylewem. Ze wzgl\u0119d\u00f3w transportowych butelka jest dodatkowo zapakowana w pude\u0142ko. Sk\u0142ad: 100% gotowany moszcz winogronowy. Uwaga: Mo\u017ce zawiera\u0107 siarczyny. &nbsp; Producent: Acetaia Malagoli Daniele Via Celeste 9 41013 Castelfranco Emilia (MO), W\u0142ochy &nbsp;","og_url":"https:\/\/balsamico.shop\/pl\/produkt\/aceto-balsamico-tradizionale-di-modena-extravecchio-malagoli\/","og_site_name":"Aceto Balsamico Shop - Polska","article_modified_time":"2026-02-01T14:40:41+00:00","og_image":[{"width":1600,"height":1872,"url":"https:\/\/balsamico.shop\/pl\/wp-content\/uploads\/2020\/06\/aceto-balsamico-tradizionale-di-modena-dop-malagoli-extravecchio_lum.jpg","type":"image\/jpeg"}],"twitter_card":"summary_large_image","twitter_misc":{"Szacowany czas czytania":"2 minuty"},"schema":{"@context":"https:\/\/schema.org","@graph":[{"@type":"WebPage","@id":"https:\/\/balsamico.shop\/pl\/produkt\/aceto-balsamico-tradizionale-di-modena-extravecchio-malagoli\/","url":"https:\/\/balsamico.shop\/pl\/produkt\/aceto-balsamico-tradizionale-di-modena-extravecchio-malagoli\/","name":"Aceto Balsamico Tradizionale di Modena - extravecchio - Malagoli","isPartOf":{"@id":"https:\/\/balsamico.shop\/pl\/#website"},"primaryImageOfPage":{"@id":"https:\/\/balsamico.shop\/pl\/produkt\/aceto-balsamico-tradizionale-di-modena-extravecchio-malagoli\/#primaryimage"},"image":{"@id":"https:\/\/balsamico.shop\/pl\/produkt\/aceto-balsamico-tradizionale-di-modena-extravecchio-malagoli\/#primaryimage"},"thumbnailUrl":"https:\/\/balsamico.shop\/pl\/wp-content\/uploads\/2020\/06\/aceto-balsamico-tradizionale-di-modena-dop-malagoli-extravecchio_lum.jpg","datePublished":"2020-06-04T06:22:22+00:00","dateModified":"2026-02-01T14:40:41+00:00","breadcrumb":{"@id":"https:\/\/balsamico.shop\/pl\/produkt\/aceto-balsamico-tradizionale-di-modena-extravecchio-malagoli\/#breadcrumb"},"inLanguage":"pl-PL","potentialAction":[{"@type":"ReadAction","target":["https:\/\/balsamico.shop\/pl\/produkt\/aceto-balsamico-tradizionale-di-modena-extravecchio-malagoli\/"]}]},{"@type":"ImageObject","inLanguage":"pl-PL","@id":"https:\/\/balsamico.shop\/pl\/produkt\/aceto-balsamico-tradizionale-di-modena-extravecchio-malagoli\/#primaryimage","url":"https:\/\/balsamico.shop\/pl\/wp-content\/uploads\/2020\/06\/aceto-balsamico-tradizionale-di-modena-dop-malagoli-extravecchio_lum.jpg","contentUrl":"https:\/\/balsamico.shop\/pl\/wp-content\/uploads\/2020\/06\/aceto-balsamico-tradizionale-di-modena-dop-malagoli-extravecchio_lum.jpg","width":1600,"height":1872,"caption":"Aceto Balsamico Tradizionale di Modena DOP Malagoli Extravecchio"},{"@type":"BreadcrumbList","@id":"https:\/\/balsamico.shop\/pl\/produkt\/aceto-balsamico-tradizionale-di-modena-extravecchio-malagoli\/#breadcrumb","itemListElement":[{"@type":"ListItem","position":1,"name":"Home","item":"https:\/\/balsamico.shop\/pl\/"},{"@type":"ListItem","position":2,"name":"Ocet Balsamiczny &#8211; Sklep Internetowy","item":"https:\/\/balsamico.shop\/pl\/shop\/"},{"@type":"ListItem","position":3,"name":"Aceto Balsamico Tradizionale di Modena &#8211; extravecchio &#8211; Malagoli"}]},{"@type":"WebSite","@id":"https:\/\/balsamico.shop\/pl\/#website","url":"https:\/\/balsamico.shop\/pl\/","name":"Aceto Balsamico Shop - Polska","description":"Ocet balsamiczny sklep internetowy","potentialAction":[{"@type":"SearchAction","target":{"@type":"EntryPoint","urlTemplate":"https:\/\/balsamico.shop\/pl\/?s={search_term_string}"},"query-input":{"@type":"PropertyValueSpecification","valueRequired":true,"valueName":"search_term_string"}}],"inLanguage":"pl-PL"}]}},"_links":{"self":[{"href":"https:\/\/balsamico.shop\/pl\/wp-json\/wp\/v2\/product\/2076","targetHints":{"allow":["GET"]}}],"collection":[{"href":"https:\/\/balsamico.shop\/pl\/wp-json\/wp\/v2\/product"}],"about":[{"href":"https:\/\/balsamico.shop\/pl\/wp-json\/wp\/v2\/types\/product"}],"wp:featuredmedia":[{"embeddable":true,"href":"https:\/\/balsamico.shop\/pl\/wp-json\/wp\/v2\/media\/2079"}],"wp:attachment":[{"href":"https:\/\/balsamico.shop\/pl\/wp-json\/wp\/v2\/media?parent=2076"}],"wp:term":[{"taxonomy":"product_brand","embeddable":true,"href":"https:\/\/balsamico.shop\/pl\/wp-json\/wp\/v2\/product_brand?post=2076"},{"taxonomy":"product_cat","embeddable":true,"href":"https:\/\/balsamico.shop\/pl\/wp-json\/wp\/v2\/product_cat?post=2076"},{"taxonomy":"product_tag","embeddable":true,"href":"https:\/\/balsamico.shop\/pl\/wp-json\/wp\/v2\/product_tag?post=2076"}],"curies":[{"name":"wp","href":"https:\/\/api.w.org\/{rel}","templated":true}]}}