{"id":2065,"date":"2016-10-02T17:40:28","date_gmt":"2016-10-02T15:40:28","guid":{"rendered":"https:\/\/balsamico.shop\/pl\/?post_type=product&#038;p=2065"},"modified":"2026-01-29T19:15:39","modified_gmt":"2026-01-29T18:15:39","slug":"balsamico-tradizionale-jalowiec-12-lat-pedroni","status":"publish","type":"product","link":"https:\/\/balsamico.shop\/pl\/produkt\/balsamico-tradizionale-jalowiec-12-lat-pedroni\/","title":{"rendered":"Aceto Balsamico Tradizionale Ja\u0142owiec &#8211; 12 lat &#8211; Pedroni"},"content":{"rendered":"<p>Je\u015bli szukasz wyj\u0105tkowego <strong>Aceto Balsamico Tradizionale<\/strong>, to z tym produktem znalaz\u0142e\u015b sw\u00f3j cel. Z tradycyjnej winnicy Pedroni w Rubbirze, w pobli\u017cu miasta Modena, pochodzi to pikantne i wyj\u0105tkowe Aceto Balsamico Tradizionale. Podstaw\u0105 tego Aceto Balsamico s\u0105 s\u0142odkie winogrona Trebbiano z historycznej winnicy, kt\u00f3ra ju\u017c wtedy nale\u017ca\u0142a do szlacheckiej rodziny Alfonsa I d&#8217;Este. To balsamico jest szczeg\u00f3lne i niepowtarzalne, poniewa\u017c osi\u0105ga swoj\u0105 ostateczn\u0105 dojrza\u0142o\u015b\u0107 w szczeg\u00f3lnie pikantnych beczkach po <strong>ja\u0142owcu<\/strong>. Beczki z ja\u0142owca s\u0105 bardzo rzadkie, poniewa\u017c ten rodzaj drewna jest obecnie chroniony i nie mo\u017cna z niego robi\u0107 nowych beczek. Acetaia Pedroni nadal posiada kilka historycznych beczek z tego rodzaju drewna i dlatego mo\u017ce zaoferowa\u0107 Aceto Balsamico Tradizionale di Modena DOP Juniper. Ka\u017cdy, kto spr\u00f3bowa\u0142 pikantnego Tradizionale, nie b\u0119dzie chcia\u0142 go ponownie przegapi\u0107, zw\u0142aszcza na szlachetnym kawa\u0142ku mi\u0119sa. Na butelce znajduje si\u0119 nazwa UMBERTO.<\/p>\n<p>Nazwa pochodzi od imienia wuja ojca Italo Pedroniego. Dostarczy\u0142 mu beczki z ja\u0142owcem.<\/p>\n<p>Ci, kt\u00f3rzy rozsmakowali si\u0119 ju\u017c w &#8222;normalnym&#8221; ABTM, odkryj\u0105 z tym balsamikiem nowy \u015bwiat smaku. Niepowtarzalny i bardzo rzadko spotykany na rynku balsamicznym!<\/p>\n<p><strong>Sk\u0142adniki<\/strong>: 100% moszczu winogronowego z odmiany Trebbiano di Spagna.<\/p>\n<p>Uwaga: Mo\u017ce zawiera\u0107 naturalne siarczyny.<\/p>\n<p>Producent:<br \/>\nAz. Agr. Pedroni<br \/>\nVia Risaia, 6<br \/>\nRubbiara di Nonantola<br \/>\n41015 Modena<br \/>\nW\u0142ochy<\/p>\n","protected":false},"excerpt":{"rendered":"<p>Je\u015bli szukasz wyj\u0105tkowego Aceto Balsamico Tradizionale, to z tym produktem znalaz\u0142e\u015b sw\u00f3j cel. Z tradycyjnej winnicy Pedroni w Rubbirze, w pobli\u017cu miasta Modena, pochodzi to pikantne i wyj\u0105tkowe Aceto Balsamico Tradizionale. Podstaw\u0105 tego Aceto Balsamico s\u0105 s\u0142odkie winogrona Trebbiano z historycznej winnicy, kt\u00f3ra ju\u017c wtedy nale\u017ca\u0142a do szlacheckiej rodziny Alfonsa I d&#8217;Este. To balsamico jest szczeg\u00f3lne i niepowtarzalne, poniewa\u017c osi\u0105ga swoj\u0105 ostateczn\u0105 dojrza\u0142o\u015b\u0107 w szczeg\u00f3lnie pikantnych beczkach po ja\u0142owcu. Beczki z ja\u0142owca s\u0105 bardzo rzadkie, poniewa\u017c ten rodzaj drewna jest obecnie chroniony i nie mo\u017cna z niego robi\u0107 nowych beczek. Acetaia Pedroni nadal posiada kilka historycznych beczek z tego rodzaju drewna i dlatego mo\u017ce zaoferowa\u0107 Aceto Balsamico Tradizionale di Modena DOP Juniper. Ka\u017cdy, kto spr\u00f3bowa\u0142 pikantnego Tradizionale, nie b\u0119dzie chcia\u0142 go ponownie przegapi\u0107, zw\u0142aszcza na szlachetnym kawa\u0142ku mi\u0119sa. Na butelce znajduje si\u0119 nazwa UMBERTO. Nazwa pochodzi od imienia wuja ojca Italo Pedroniego. Dostarczy\u0142 mu beczki z ja\u0142owcem. Ci, kt\u00f3rzy rozsmakowali si\u0119 ju\u017c w &#8222;normalnym&#8221; ABTM, odkryj\u0105 z tym balsamikiem nowy \u015bwiat smaku. Niepowtarzalny i bardzo rzadko spotykany na rynku balsamicznym! Sk\u0142adniki: 100% moszczu winogronowego z odmiany Trebbiano di Spagna. Uwaga: Mo\u017ce zawiera\u0107 naturalne siarczyny. Producent: Az. Agr. Pedroni Via Risaia, 6 Rubbiara di Nonantola 41015 Modena W\u0142ochy<\/p>\n","protected":false},"featured_media":2203,"template":"","meta":[],"product_brand":[],"product_cat":[32],"product_tag":[],"class_list":{"0":"post-2065","1":"product","2":"type-product","3":"status-publish","4":"has-post-thumbnail","6":"product_cat-pedroni","7":"product_shipping_class-ueber-400","9":"first","10":"instock","11":"taxable","12":"shipping-taxable","13":"purchasable","14":"product-type-simple"},"bundle_layout":"","bundled_by":[],"bundled_items":[],"yoast_head":"<!-- This site is optimized with the Yoast SEO plugin v27.5 - https:\/\/yoast.com\/product\/yoast-seo-wordpress\/ -->\n<title>Aceto Balsamico Tradizionale Ja\u0142owiec - 12 lat - Pedroni<\/title>\n<meta name=\"robots\" content=\"index, follow, max-snippet:-1, max-image-preview:large, max-video-preview:-1\" \/>\n<link rel=\"canonical\" href=\"https:\/\/balsamico.shop\/pl\/produkt\/balsamico-tradizionale-jalowiec-12-lat-pedroni\/\" \/>\n<meta property=\"og:locale\" content=\"pl_PL\" \/>\n<meta property=\"og:type\" content=\"article\" \/>\n<meta property=\"og:title\" content=\"Aceto Balsamico Tradizionale Ja\u0142owiec - 12 lat - Pedroni\" \/>\n<meta property=\"og:description\" content=\"Je\u015bli szukasz wyj\u0105tkowego Aceto Balsamico Tradizionale, to z tym produktem znalaz\u0142e\u015b sw\u00f3j cel. Z tradycyjnej winnicy Pedroni w Rubbirze, w pobli\u017cu miasta Modena, pochodzi to pikantne i wyj\u0105tkowe Aceto Balsamico Tradizionale. Podstaw\u0105 tego Aceto Balsamico s\u0105 s\u0142odkie winogrona Trebbiano z historycznej winnicy, kt\u00f3ra ju\u017c wtedy nale\u017ca\u0142a do szlacheckiej rodziny Alfonsa I d&#8217;Este. To balsamico jest szczeg\u00f3lne i niepowtarzalne, poniewa\u017c osi\u0105ga swoj\u0105 ostateczn\u0105 dojrza\u0142o\u015b\u0107 w szczeg\u00f3lnie pikantnych beczkach po ja\u0142owcu. Beczki z ja\u0142owca s\u0105 bardzo rzadkie, poniewa\u017c ten rodzaj drewna jest obecnie chroniony i nie mo\u017cna z niego robi\u0107 nowych beczek. Acetaia Pedroni nadal posiada kilka historycznych beczek z tego rodzaju drewna i dlatego mo\u017ce zaoferowa\u0107 Aceto Balsamico Tradizionale di Modena DOP Juniper. Ka\u017cdy, kto spr\u00f3bowa\u0142 pikantnego Tradizionale, nie b\u0119dzie chcia\u0142 go ponownie przegapi\u0107, zw\u0142aszcza na szlachetnym kawa\u0142ku mi\u0119sa. Na butelce znajduje si\u0119 nazwa UMBERTO. Nazwa pochodzi od imienia wuja ojca Italo Pedroniego. Dostarczy\u0142 mu beczki z ja\u0142owcem. Ci, kt\u00f3rzy rozsmakowali si\u0119 ju\u017c w &#8222;normalnym&#8221; ABTM, odkryj\u0105 z tym balsamikiem nowy \u015bwiat smaku. Niepowtarzalny i bardzo rzadko spotykany na rynku balsamicznym! Sk\u0142adniki: 100% moszczu winogronowego z odmiany Trebbiano di Spagna. Uwaga: Mo\u017ce zawiera\u0107 naturalne siarczyny. Producent: Az. Agr. Pedroni Via Risaia, 6 Rubbiara di Nonantola 41015 Modena W\u0142ochy\" \/>\n<meta property=\"og:url\" content=\"https:\/\/balsamico.shop\/pl\/produkt\/balsamico-tradizionale-jalowiec-12-lat-pedroni\/\" \/>\n<meta property=\"og:site_name\" content=\"Aceto Balsamico Shop - Polska\" \/>\n<meta property=\"article:modified_time\" content=\"2026-01-29T18:15:39+00:00\" \/>\n<meta property=\"og:image\" content=\"https:\/\/balsamico.shop\/pl\/wp-content\/uploads\/2016\/10\/pedroni-aceto-balsamico-tradizionale-umberto.jpg\" \/>\n\t<meta property=\"og:image:width\" content=\"1600\" \/>\n\t<meta property=\"og:image:height\" content=\"1872\" \/>\n\t<meta property=\"og:image:type\" content=\"image\/jpeg\" \/>\n<meta name=\"twitter:card\" content=\"summary_large_image\" \/>\n<meta name=\"twitter:label1\" content=\"Szacowany czas czytania\" \/>\n\t<meta name=\"twitter:data1\" content=\"2 minuty\" \/>\n<script type=\"application\/ld+json\" class=\"yoast-schema-graph\">{\"@context\":\"https:\\\/\\\/schema.org\",\"@graph\":[{\"@type\":\"WebPage\",\"@id\":\"https:\\\/\\\/balsamico.shop\\\/pl\\\/produkt\\\/balsamico-tradizionale-jalowiec-12-lat-pedroni\\\/\",\"url\":\"https:\\\/\\\/balsamico.shop\\\/pl\\\/produkt\\\/balsamico-tradizionale-jalowiec-12-lat-pedroni\\\/\",\"name\":\"Aceto Balsamico Tradizionale Ja\u0142owiec - 12 lat - Pedroni\",\"isPartOf\":{\"@id\":\"https:\\\/\\\/balsamico.shop\\\/pl\\\/#website\"},\"primaryImageOfPage\":{\"@id\":\"https:\\\/\\\/balsamico.shop\\\/pl\\\/produkt\\\/balsamico-tradizionale-jalowiec-12-lat-pedroni\\\/#primaryimage\"},\"image\":{\"@id\":\"https:\\\/\\\/balsamico.shop\\\/pl\\\/produkt\\\/balsamico-tradizionale-jalowiec-12-lat-pedroni\\\/#primaryimage\"},\"thumbnailUrl\":\"https:\\\/\\\/balsamico.shop\\\/pl\\\/wp-content\\\/uploads\\\/2016\\\/10\\\/pedroni-aceto-balsamico-tradizionale-umberto.jpg\",\"datePublished\":\"2016-10-02T15:40:28+00:00\",\"dateModified\":\"2026-01-29T18:15:39+00:00\",\"breadcrumb\":{\"@id\":\"https:\\\/\\\/balsamico.shop\\\/pl\\\/produkt\\\/balsamico-tradizionale-jalowiec-12-lat-pedroni\\\/#breadcrumb\"},\"inLanguage\":\"pl-PL\",\"potentialAction\":[{\"@type\":\"ReadAction\",\"target\":[\"https:\\\/\\\/balsamico.shop\\\/pl\\\/produkt\\\/balsamico-tradizionale-jalowiec-12-lat-pedroni\\\/\"]}]},{\"@type\":\"ImageObject\",\"inLanguage\":\"pl-PL\",\"@id\":\"https:\\\/\\\/balsamico.shop\\\/pl\\\/produkt\\\/balsamico-tradizionale-jalowiec-12-lat-pedroni\\\/#primaryimage\",\"url\":\"https:\\\/\\\/balsamico.shop\\\/pl\\\/wp-content\\\/uploads\\\/2016\\\/10\\\/pedroni-aceto-balsamico-tradizionale-umberto.jpg\",\"contentUrl\":\"https:\\\/\\\/balsamico.shop\\\/pl\\\/wp-content\\\/uploads\\\/2016\\\/10\\\/pedroni-aceto-balsamico-tradizionale-umberto.jpg\",\"width\":1600,\"height\":1872},{\"@type\":\"BreadcrumbList\",\"@id\":\"https:\\\/\\\/balsamico.shop\\\/pl\\\/produkt\\\/balsamico-tradizionale-jalowiec-12-lat-pedroni\\\/#breadcrumb\",\"itemListElement\":[{\"@type\":\"ListItem\",\"position\":1,\"name\":\"Home\",\"item\":\"https:\\\/\\\/balsamico.shop\\\/pl\\\/\"},{\"@type\":\"ListItem\",\"position\":2,\"name\":\"Ocet Balsamiczny &#8211; Sklep Internetowy\",\"item\":\"https:\\\/\\\/balsamico.shop\\\/pl\\\/shop\\\/\"},{\"@type\":\"ListItem\",\"position\":3,\"name\":\"Aceto Balsamico Tradizionale Ja\u0142owiec &#8211; 12 lat &#8211; Pedroni\"}]},{\"@type\":\"WebSite\",\"@id\":\"https:\\\/\\\/balsamico.shop\\\/pl\\\/#website\",\"url\":\"https:\\\/\\\/balsamico.shop\\\/pl\\\/\",\"name\":\"Aceto Balsamico Shop - Polska\",\"description\":\"Ocet balsamiczny sklep internetowy\",\"potentialAction\":[{\"@type\":\"SearchAction\",\"target\":{\"@type\":\"EntryPoint\",\"urlTemplate\":\"https:\\\/\\\/balsamico.shop\\\/pl\\\/?s={search_term_string}\"},\"query-input\":{\"@type\":\"PropertyValueSpecification\",\"valueRequired\":true,\"valueName\":\"search_term_string\"}}],\"inLanguage\":\"pl-PL\"}]}<\/script>\n<!-- \/ Yoast SEO plugin. -->","yoast_head_json":{"title":"Aceto Balsamico Tradizionale Ja\u0142owiec - 12 lat - Pedroni","robots":{"index":"index","follow":"follow","max-snippet":"max-snippet:-1","max-image-preview":"max-image-preview:large","max-video-preview":"max-video-preview:-1"},"canonical":"https:\/\/balsamico.shop\/pl\/produkt\/balsamico-tradizionale-jalowiec-12-lat-pedroni\/","og_locale":"pl_PL","og_type":"article","og_title":"Aceto Balsamico Tradizionale Ja\u0142owiec - 12 lat - Pedroni","og_description":"Je\u015bli szukasz wyj\u0105tkowego Aceto Balsamico Tradizionale, to z tym produktem znalaz\u0142e\u015b sw\u00f3j cel. Z tradycyjnej winnicy Pedroni w Rubbirze, w pobli\u017cu miasta Modena, pochodzi to pikantne i wyj\u0105tkowe Aceto Balsamico Tradizionale. Podstaw\u0105 tego Aceto Balsamico s\u0105 s\u0142odkie winogrona Trebbiano z historycznej winnicy, kt\u00f3ra ju\u017c wtedy nale\u017ca\u0142a do szlacheckiej rodziny Alfonsa I d&#8217;Este. To balsamico jest szczeg\u00f3lne i niepowtarzalne, poniewa\u017c osi\u0105ga swoj\u0105 ostateczn\u0105 dojrza\u0142o\u015b\u0107 w szczeg\u00f3lnie pikantnych beczkach po ja\u0142owcu. Beczki z ja\u0142owca s\u0105 bardzo rzadkie, poniewa\u017c ten rodzaj drewna jest obecnie chroniony i nie mo\u017cna z niego robi\u0107 nowych beczek. Acetaia Pedroni nadal posiada kilka historycznych beczek z tego rodzaju drewna i dlatego mo\u017ce zaoferowa\u0107 Aceto Balsamico Tradizionale di Modena DOP Juniper. Ka\u017cdy, kto spr\u00f3bowa\u0142 pikantnego Tradizionale, nie b\u0119dzie chcia\u0142 go ponownie przegapi\u0107, zw\u0142aszcza na szlachetnym kawa\u0142ku mi\u0119sa. Na butelce znajduje si\u0119 nazwa UMBERTO. Nazwa pochodzi od imienia wuja ojca Italo Pedroniego. Dostarczy\u0142 mu beczki z ja\u0142owcem. Ci, kt\u00f3rzy rozsmakowali si\u0119 ju\u017c w &#8222;normalnym&#8221; ABTM, odkryj\u0105 z tym balsamikiem nowy \u015bwiat smaku. Niepowtarzalny i bardzo rzadko spotykany na rynku balsamicznym! Sk\u0142adniki: 100% moszczu winogronowego z odmiany Trebbiano di Spagna. Uwaga: Mo\u017ce zawiera\u0107 naturalne siarczyny. Producent: Az. Agr. Pedroni Via Risaia, 6 Rubbiara di Nonantola 41015 Modena W\u0142ochy","og_url":"https:\/\/balsamico.shop\/pl\/produkt\/balsamico-tradizionale-jalowiec-12-lat-pedroni\/","og_site_name":"Aceto Balsamico Shop - Polska","article_modified_time":"2026-01-29T18:15:39+00:00","og_image":[{"width":1600,"height":1872,"url":"https:\/\/balsamico.shop\/pl\/wp-content\/uploads\/2016\/10\/pedroni-aceto-balsamico-tradizionale-umberto.jpg","type":"image\/jpeg"}],"twitter_card":"summary_large_image","twitter_misc":{"Szacowany czas czytania":"2 minuty"},"schema":{"@context":"https:\/\/schema.org","@graph":[{"@type":"WebPage","@id":"https:\/\/balsamico.shop\/pl\/produkt\/balsamico-tradizionale-jalowiec-12-lat-pedroni\/","url":"https:\/\/balsamico.shop\/pl\/produkt\/balsamico-tradizionale-jalowiec-12-lat-pedroni\/","name":"Aceto Balsamico Tradizionale Ja\u0142owiec - 12 lat - Pedroni","isPartOf":{"@id":"https:\/\/balsamico.shop\/pl\/#website"},"primaryImageOfPage":{"@id":"https:\/\/balsamico.shop\/pl\/produkt\/balsamico-tradizionale-jalowiec-12-lat-pedroni\/#primaryimage"},"image":{"@id":"https:\/\/balsamico.shop\/pl\/produkt\/balsamico-tradizionale-jalowiec-12-lat-pedroni\/#primaryimage"},"thumbnailUrl":"https:\/\/balsamico.shop\/pl\/wp-content\/uploads\/2016\/10\/pedroni-aceto-balsamico-tradizionale-umberto.jpg","datePublished":"2016-10-02T15:40:28+00:00","dateModified":"2026-01-29T18:15:39+00:00","breadcrumb":{"@id":"https:\/\/balsamico.shop\/pl\/produkt\/balsamico-tradizionale-jalowiec-12-lat-pedroni\/#breadcrumb"},"inLanguage":"pl-PL","potentialAction":[{"@type":"ReadAction","target":["https:\/\/balsamico.shop\/pl\/produkt\/balsamico-tradizionale-jalowiec-12-lat-pedroni\/"]}]},{"@type":"ImageObject","inLanguage":"pl-PL","@id":"https:\/\/balsamico.shop\/pl\/produkt\/balsamico-tradizionale-jalowiec-12-lat-pedroni\/#primaryimage","url":"https:\/\/balsamico.shop\/pl\/wp-content\/uploads\/2016\/10\/pedroni-aceto-balsamico-tradizionale-umberto.jpg","contentUrl":"https:\/\/balsamico.shop\/pl\/wp-content\/uploads\/2016\/10\/pedroni-aceto-balsamico-tradizionale-umberto.jpg","width":1600,"height":1872},{"@type":"BreadcrumbList","@id":"https:\/\/balsamico.shop\/pl\/produkt\/balsamico-tradizionale-jalowiec-12-lat-pedroni\/#breadcrumb","itemListElement":[{"@type":"ListItem","position":1,"name":"Home","item":"https:\/\/balsamico.shop\/pl\/"},{"@type":"ListItem","position":2,"name":"Ocet Balsamiczny &#8211; Sklep Internetowy","item":"https:\/\/balsamico.shop\/pl\/shop\/"},{"@type":"ListItem","position":3,"name":"Aceto Balsamico Tradizionale Ja\u0142owiec &#8211; 12 lat &#8211; Pedroni"}]},{"@type":"WebSite","@id":"https:\/\/balsamico.shop\/pl\/#website","url":"https:\/\/balsamico.shop\/pl\/","name":"Aceto Balsamico Shop - Polska","description":"Ocet balsamiczny sklep internetowy","potentialAction":[{"@type":"SearchAction","target":{"@type":"EntryPoint","urlTemplate":"https:\/\/balsamico.shop\/pl\/?s={search_term_string}"},"query-input":{"@type":"PropertyValueSpecification","valueRequired":true,"valueName":"search_term_string"}}],"inLanguage":"pl-PL"}]}},"_links":{"self":[{"href":"https:\/\/balsamico.shop\/pl\/wp-json\/wp\/v2\/product\/2065","targetHints":{"allow":["GET"]}}],"collection":[{"href":"https:\/\/balsamico.shop\/pl\/wp-json\/wp\/v2\/product"}],"about":[{"href":"https:\/\/balsamico.shop\/pl\/wp-json\/wp\/v2\/types\/product"}],"wp:featuredmedia":[{"embeddable":true,"href":"https:\/\/balsamico.shop\/pl\/wp-json\/wp\/v2\/media\/2203"}],"wp:attachment":[{"href":"https:\/\/balsamico.shop\/pl\/wp-json\/wp\/v2\/media?parent=2065"}],"wp:term":[{"taxonomy":"product_brand","embeddable":true,"href":"https:\/\/balsamico.shop\/pl\/wp-json\/wp\/v2\/product_brand?post=2065"},{"taxonomy":"product_cat","embeddable":true,"href":"https:\/\/balsamico.shop\/pl\/wp-json\/wp\/v2\/product_cat?post=2065"},{"taxonomy":"product_tag","embeddable":true,"href":"https:\/\/balsamico.shop\/pl\/wp-json\/wp\/v2\/product_tag?post=2065"}],"curies":[{"name":"wp","href":"https:\/\/api.w.org\/{rel}","templated":true}]}}