{"id":2055,"date":"2016-10-01T21:29:19","date_gmt":"2016-10-01T19:29:19","guid":{"rendered":"https:\/\/balsamico.shop\/pl\/?post_type=product&#038;p=2055"},"modified":"2026-05-02T19:35:01","modified_gmt":"2026-05-02T17:35:01","slug":"aceto-balsamico-tradizionale-di-modena-pedroni-italo","status":"publish","type":"product","link":"https:\/\/balsamico.shop\/pl\/produkt\/aceto-balsamico-tradizionale-di-modena-pedroni-italo\/","title":{"rendered":"Pedroni Italo &#8211; Tradycyjny ocet balsamiczny &#8211; ABTM 12 lat"},"content":{"rendered":"<p>Aceto Balsamico Italo to klasyk pochodz\u0105cy z wielokrotnie nagradzanej winnicy Pedroni. Pedroniowie zawsze nazywaj\u0105 swoje tradycyjne octy balsamiczne imionami wa\u017cnych cz\u0142onk\u00f3w rodziny, tak jak w tym przypadku. Italo Pedroni jest ojcem Giuseppe III, obecnego w\u0142a\u015bciciela firmy Acetaia Pedroni w Rubbirze. Zaledwie 5 km w linii prostej od centrum Modeny pa\u0144stwo Pedroni posiadaj\u0105 i uprawiaj\u0105 winnic\u0119 o nazwie Rubbiara di Nonantola. Na tej historycznej winnicy ro\u015bnie stara odmiana winogron &#8222;<strong>Trebbiano di Spagna<\/strong>&#8222;. Ta odmiana winoro\u015bli by\u0142a u\u017cywana ju\u017c w czasach Franciszka I d&#8217;Este i ocala\u0142a z wojny. Ta odmiana winoro\u015bli stanowi podstaw\u0119 tego niepowtarzalnego Aceto Balsamico Tradizionale di Modena. Firma Pedronis dzia\u0142a w tym miejscu od 1862 r. i charakteryzuje si\u0119 starymi beczkami oraz ogromnym do\u015bwiadczeniem w produkcji balsamico. Tradycyjny ocet balsamiczny, kt\u00f3rego nie powinno zabrakn\u0105\u0107 w \u017cadnej kuchni delikatesowej!<\/p>\n<p>Sk\u0142adniki: 100% moszcz winogronowy<\/p>\n<p>Uwaga: Mo\u017ce zawiera\u0107 naturalne siarczyny.<\/p>\n<p>&nbsp;<\/p>\n<p>Producent:<br \/>\nAz. Agr. Pedroni<br \/>\nVia Risaia, 6<br \/>\nRubbiara di Nonantola<br \/>\n41015 Modena<br \/>\nW\u0142ochy<\/p>\n","protected":false},"excerpt":{"rendered":"<p>Aceto Balsamico Italo to klasyk pochodz\u0105cy z wielokrotnie nagradzanej winnicy Pedroni. Pedroniowie zawsze nazywaj\u0105 swoje tradycyjne octy balsamiczne imionami wa\u017cnych cz\u0142onk\u00f3w rodziny, tak jak w tym przypadku. Italo Pedroni jest ojcem Giuseppe III, obecnego w\u0142a\u015bciciela firmy Acetaia Pedroni w Rubbirze. Zaledwie 5 km w linii prostej od centrum Modeny pa\u0144stwo Pedroni posiadaj\u0105 i uprawiaj\u0105 winnic\u0119 o nazwie Rubbiara di Nonantola. Na tej historycznej winnicy ro\u015bnie stara odmiana winogron &#8222;Trebbiano di Spagna&#8222;. Ta odmiana winoro\u015bli by\u0142a u\u017cywana ju\u017c w czasach Franciszka I d&#8217;Este i ocala\u0142a z wojny. Ta odmiana winoro\u015bli stanowi podstaw\u0119 tego niepowtarzalnego Aceto Balsamico Tradizionale di Modena. Firma Pedronis dzia\u0142a w tym miejscu od 1862 r. i charakteryzuje si\u0119 starymi beczkami oraz ogromnym do\u015bwiadczeniem w produkcji balsamico. Tradycyjny ocet balsamiczny, kt\u00f3rego nie powinno zabrakn\u0105\u0107 w \u017cadnej kuchni delikatesowej! Sk\u0142adniki: 100% moszcz winogronowy Uwaga: Mo\u017ce zawiera\u0107 naturalne siarczyny. &nbsp; Producent: Az. Agr. Pedroni Via Risaia, 6 Rubbiara di Nonantola 41015 Modena W\u0142ochy<\/p>\n","protected":false},"featured_media":2194,"template":"","meta":[],"product_brand":[],"product_cat":[32],"product_tag":[],"class_list":{"0":"post-2055","1":"product","2":"type-product","3":"status-publish","4":"has-post-thumbnail","6":"product_cat-pedroni","7":"product_shipping_class-balsamico","9":"first","10":"instock","11":"taxable","12":"shipping-taxable","13":"purchasable","14":"product-type-simple"},"bundle_layout":"","bundled_by":[],"bundled_items":[],"yoast_head":"<!-- This site is optimized with the Yoast SEO plugin v27.6 - https:\/\/yoast.com\/product\/yoast-seo-wordpress\/ -->\n<title>Pedroni Italo - Tradycyjny ocet balsamiczny - ABTM 12 lat<\/title>\n<meta name=\"robots\" content=\"index, follow, max-snippet:-1, max-image-preview:large, max-video-preview:-1\" \/>\n<link rel=\"canonical\" href=\"https:\/\/balsamico.shop\/pl\/produkt\/aceto-balsamico-tradizionale-di-modena-pedroni-italo\/\" \/>\n<meta property=\"og:locale\" content=\"pl_PL\" \/>\n<meta property=\"og:type\" content=\"article\" \/>\n<meta property=\"og:title\" content=\"Pedroni Italo - Tradycyjny ocet balsamiczny - ABTM 12 lat\" \/>\n<meta property=\"og:description\" content=\"Aceto Balsamico Italo to klasyk pochodz\u0105cy z wielokrotnie nagradzanej winnicy Pedroni. Pedroniowie zawsze nazywaj\u0105 swoje tradycyjne octy balsamiczne imionami wa\u017cnych cz\u0142onk\u00f3w rodziny, tak jak w tym przypadku. Italo Pedroni jest ojcem Giuseppe III, obecnego w\u0142a\u015bciciela firmy Acetaia Pedroni w Rubbirze. Zaledwie 5 km w linii prostej od centrum Modeny pa\u0144stwo Pedroni posiadaj\u0105 i uprawiaj\u0105 winnic\u0119 o nazwie Rubbiara di Nonantola. Na tej historycznej winnicy ro\u015bnie stara odmiana winogron &#8222;Trebbiano di Spagna&#8222;. Ta odmiana winoro\u015bli by\u0142a u\u017cywana ju\u017c w czasach Franciszka I d&#8217;Este i ocala\u0142a z wojny. Ta odmiana winoro\u015bli stanowi podstaw\u0119 tego niepowtarzalnego Aceto Balsamico Tradizionale di Modena. Firma Pedronis dzia\u0142a w tym miejscu od 1862 r. i charakteryzuje si\u0119 starymi beczkami oraz ogromnym do\u015bwiadczeniem w produkcji balsamico. Tradycyjny ocet balsamiczny, kt\u00f3rego nie powinno zabrakn\u0105\u0107 w \u017cadnej kuchni delikatesowej! Sk\u0142adniki: 100% moszcz winogronowy Uwaga: Mo\u017ce zawiera\u0107 naturalne siarczyny. &nbsp; Producent: Az. Agr. Pedroni Via Risaia, 6 Rubbiara di Nonantola 41015 Modena W\u0142ochy\" \/>\n<meta property=\"og:url\" content=\"https:\/\/balsamico.shop\/pl\/produkt\/aceto-balsamico-tradizionale-di-modena-pedroni-italo\/\" \/>\n<meta property=\"og:site_name\" content=\"Aceto Balsamico Shop - Polska\" \/>\n<meta property=\"article:modified_time\" content=\"2026-05-02T17:35:01+00:00\" \/>\n<meta property=\"og:image\" content=\"https:\/\/balsamico.shop\/pl\/wp-content\/uploads\/2016\/10\/aceto-balsamico-tradizionale-affinato-pedroni-italo-1.jpg\" \/>\n\t<meta property=\"og:image:width\" content=\"1600\" \/>\n\t<meta property=\"og:image:height\" content=\"1872\" \/>\n\t<meta property=\"og:image:type\" content=\"image\/jpeg\" \/>\n<meta name=\"twitter:card\" content=\"summary_large_image\" \/>\n<meta name=\"twitter:label1\" content=\"Szacowany czas czytania\" \/>\n\t<meta name=\"twitter:data1\" content=\"1 minuta\" \/>\n<script type=\"application\/ld+json\" class=\"yoast-schema-graph\">{\"@context\":\"https:\\\/\\\/schema.org\",\"@graph\":[{\"@type\":\"WebPage\",\"@id\":\"https:\\\/\\\/balsamico.shop\\\/pl\\\/produkt\\\/aceto-balsamico-tradizionale-di-modena-pedroni-italo\\\/\",\"url\":\"https:\\\/\\\/balsamico.shop\\\/pl\\\/produkt\\\/aceto-balsamico-tradizionale-di-modena-pedroni-italo\\\/\",\"name\":\"Pedroni Italo - Tradycyjny ocet balsamiczny - ABTM 12 lat\",\"isPartOf\":{\"@id\":\"https:\\\/\\\/balsamico.shop\\\/pl\\\/#website\"},\"primaryImageOfPage\":{\"@id\":\"https:\\\/\\\/balsamico.shop\\\/pl\\\/produkt\\\/aceto-balsamico-tradizionale-di-modena-pedroni-italo\\\/#primaryimage\"},\"image\":{\"@id\":\"https:\\\/\\\/balsamico.shop\\\/pl\\\/produkt\\\/aceto-balsamico-tradizionale-di-modena-pedroni-italo\\\/#primaryimage\"},\"thumbnailUrl\":\"https:\\\/\\\/balsamico.shop\\\/pl\\\/wp-content\\\/uploads\\\/2016\\\/10\\\/aceto-balsamico-tradizionale-affinato-pedroni-italo-1.jpg\",\"datePublished\":\"2016-10-01T19:29:19+00:00\",\"dateModified\":\"2026-05-02T17:35:01+00:00\",\"breadcrumb\":{\"@id\":\"https:\\\/\\\/balsamico.shop\\\/pl\\\/produkt\\\/aceto-balsamico-tradizionale-di-modena-pedroni-italo\\\/#breadcrumb\"},\"inLanguage\":\"pl-PL\",\"potentialAction\":[{\"@type\":\"ReadAction\",\"target\":[\"https:\\\/\\\/balsamico.shop\\\/pl\\\/produkt\\\/aceto-balsamico-tradizionale-di-modena-pedroni-italo\\\/\"]}]},{\"@type\":\"ImageObject\",\"inLanguage\":\"pl-PL\",\"@id\":\"https:\\\/\\\/balsamico.shop\\\/pl\\\/produkt\\\/aceto-balsamico-tradizionale-di-modena-pedroni-italo\\\/#primaryimage\",\"url\":\"https:\\\/\\\/balsamico.shop\\\/pl\\\/wp-content\\\/uploads\\\/2016\\\/10\\\/aceto-balsamico-tradizionale-affinato-pedroni-italo-1.jpg\",\"contentUrl\":\"https:\\\/\\\/balsamico.shop\\\/pl\\\/wp-content\\\/uploads\\\/2016\\\/10\\\/aceto-balsamico-tradizionale-affinato-pedroni-italo-1.jpg\",\"width\":1600,\"height\":1872},{\"@type\":\"BreadcrumbList\",\"@id\":\"https:\\\/\\\/balsamico.shop\\\/pl\\\/produkt\\\/aceto-balsamico-tradizionale-di-modena-pedroni-italo\\\/#breadcrumb\",\"itemListElement\":[{\"@type\":\"ListItem\",\"position\":1,\"name\":\"Home\",\"item\":\"https:\\\/\\\/balsamico.shop\\\/pl\\\/\"},{\"@type\":\"ListItem\",\"position\":2,\"name\":\"Ocet Balsamiczny &#8211; Sklep Internetowy\",\"item\":\"https:\\\/\\\/balsamico.shop\\\/pl\\\/shop\\\/\"},{\"@type\":\"ListItem\",\"position\":3,\"name\":\"Pedroni Italo &#8211; Tradycyjny ocet balsamiczny &#8211; ABTM 12 lat\"}]},{\"@type\":\"WebSite\",\"@id\":\"https:\\\/\\\/balsamico.shop\\\/pl\\\/#website\",\"url\":\"https:\\\/\\\/balsamico.shop\\\/pl\\\/\",\"name\":\"Aceto Balsamico Shop - Polska\",\"description\":\"Ocet balsamiczny sklep internetowy\",\"potentialAction\":[{\"@type\":\"SearchAction\",\"target\":{\"@type\":\"EntryPoint\",\"urlTemplate\":\"https:\\\/\\\/balsamico.shop\\\/pl\\\/?s={search_term_string}\"},\"query-input\":{\"@type\":\"PropertyValueSpecification\",\"valueRequired\":true,\"valueName\":\"search_term_string\"}}],\"inLanguage\":\"pl-PL\"}]}<\/script>\n<!-- \/ Yoast SEO plugin. -->","yoast_head_json":{"title":"Pedroni Italo - Tradycyjny ocet balsamiczny - ABTM 12 lat","robots":{"index":"index","follow":"follow","max-snippet":"max-snippet:-1","max-image-preview":"max-image-preview:large","max-video-preview":"max-video-preview:-1"},"canonical":"https:\/\/balsamico.shop\/pl\/produkt\/aceto-balsamico-tradizionale-di-modena-pedroni-italo\/","og_locale":"pl_PL","og_type":"article","og_title":"Pedroni Italo - Tradycyjny ocet balsamiczny - ABTM 12 lat","og_description":"Aceto Balsamico Italo to klasyk pochodz\u0105cy z wielokrotnie nagradzanej winnicy Pedroni. Pedroniowie zawsze nazywaj\u0105 swoje tradycyjne octy balsamiczne imionami wa\u017cnych cz\u0142onk\u00f3w rodziny, tak jak w tym przypadku. Italo Pedroni jest ojcem Giuseppe III, obecnego w\u0142a\u015bciciela firmy Acetaia Pedroni w Rubbirze. Zaledwie 5 km w linii prostej od centrum Modeny pa\u0144stwo Pedroni posiadaj\u0105 i uprawiaj\u0105 winnic\u0119 o nazwie Rubbiara di Nonantola. Na tej historycznej winnicy ro\u015bnie stara odmiana winogron &#8222;Trebbiano di Spagna&#8222;. Ta odmiana winoro\u015bli by\u0142a u\u017cywana ju\u017c w czasach Franciszka I d&#8217;Este i ocala\u0142a z wojny. Ta odmiana winoro\u015bli stanowi podstaw\u0119 tego niepowtarzalnego Aceto Balsamico Tradizionale di Modena. Firma Pedronis dzia\u0142a w tym miejscu od 1862 r. i charakteryzuje si\u0119 starymi beczkami oraz ogromnym do\u015bwiadczeniem w produkcji balsamico. Tradycyjny ocet balsamiczny, kt\u00f3rego nie powinno zabrakn\u0105\u0107 w \u017cadnej kuchni delikatesowej! Sk\u0142adniki: 100% moszcz winogronowy Uwaga: Mo\u017ce zawiera\u0107 naturalne siarczyny. &nbsp; Producent: Az. Agr. Pedroni Via Risaia, 6 Rubbiara di Nonantola 41015 Modena W\u0142ochy","og_url":"https:\/\/balsamico.shop\/pl\/produkt\/aceto-balsamico-tradizionale-di-modena-pedroni-italo\/","og_site_name":"Aceto Balsamico Shop - Polska","article_modified_time":"2026-05-02T17:35:01+00:00","og_image":[{"width":1600,"height":1872,"url":"https:\/\/balsamico.shop\/pl\/wp-content\/uploads\/2016\/10\/aceto-balsamico-tradizionale-affinato-pedroni-italo-1.jpg","type":"image\/jpeg"}],"twitter_card":"summary_large_image","twitter_misc":{"Szacowany czas czytania":"1 minuta"},"schema":{"@context":"https:\/\/schema.org","@graph":[{"@type":"WebPage","@id":"https:\/\/balsamico.shop\/pl\/produkt\/aceto-balsamico-tradizionale-di-modena-pedroni-italo\/","url":"https:\/\/balsamico.shop\/pl\/produkt\/aceto-balsamico-tradizionale-di-modena-pedroni-italo\/","name":"Pedroni Italo - Tradycyjny ocet balsamiczny - ABTM 12 lat","isPartOf":{"@id":"https:\/\/balsamico.shop\/pl\/#website"},"primaryImageOfPage":{"@id":"https:\/\/balsamico.shop\/pl\/produkt\/aceto-balsamico-tradizionale-di-modena-pedroni-italo\/#primaryimage"},"image":{"@id":"https:\/\/balsamico.shop\/pl\/produkt\/aceto-balsamico-tradizionale-di-modena-pedroni-italo\/#primaryimage"},"thumbnailUrl":"https:\/\/balsamico.shop\/pl\/wp-content\/uploads\/2016\/10\/aceto-balsamico-tradizionale-affinato-pedroni-italo-1.jpg","datePublished":"2016-10-01T19:29:19+00:00","dateModified":"2026-05-02T17:35:01+00:00","breadcrumb":{"@id":"https:\/\/balsamico.shop\/pl\/produkt\/aceto-balsamico-tradizionale-di-modena-pedroni-italo\/#breadcrumb"},"inLanguage":"pl-PL","potentialAction":[{"@type":"ReadAction","target":["https:\/\/balsamico.shop\/pl\/produkt\/aceto-balsamico-tradizionale-di-modena-pedroni-italo\/"]}]},{"@type":"ImageObject","inLanguage":"pl-PL","@id":"https:\/\/balsamico.shop\/pl\/produkt\/aceto-balsamico-tradizionale-di-modena-pedroni-italo\/#primaryimage","url":"https:\/\/balsamico.shop\/pl\/wp-content\/uploads\/2016\/10\/aceto-balsamico-tradizionale-affinato-pedroni-italo-1.jpg","contentUrl":"https:\/\/balsamico.shop\/pl\/wp-content\/uploads\/2016\/10\/aceto-balsamico-tradizionale-affinato-pedroni-italo-1.jpg","width":1600,"height":1872},{"@type":"BreadcrumbList","@id":"https:\/\/balsamico.shop\/pl\/produkt\/aceto-balsamico-tradizionale-di-modena-pedroni-italo\/#breadcrumb","itemListElement":[{"@type":"ListItem","position":1,"name":"Home","item":"https:\/\/balsamico.shop\/pl\/"},{"@type":"ListItem","position":2,"name":"Ocet Balsamiczny &#8211; Sklep Internetowy","item":"https:\/\/balsamico.shop\/pl\/shop\/"},{"@type":"ListItem","position":3,"name":"Pedroni Italo &#8211; Tradycyjny ocet balsamiczny &#8211; ABTM 12 lat"}]},{"@type":"WebSite","@id":"https:\/\/balsamico.shop\/pl\/#website","url":"https:\/\/balsamico.shop\/pl\/","name":"Aceto Balsamico Shop - Polska","description":"Ocet balsamiczny sklep internetowy","potentialAction":[{"@type":"SearchAction","target":{"@type":"EntryPoint","urlTemplate":"https:\/\/balsamico.shop\/pl\/?s={search_term_string}"},"query-input":{"@type":"PropertyValueSpecification","valueRequired":true,"valueName":"search_term_string"}}],"inLanguage":"pl-PL"}]}},"_links":{"self":[{"href":"https:\/\/balsamico.shop\/pl\/wp-json\/wp\/v2\/product\/2055","targetHints":{"allow":["GET"]}}],"collection":[{"href":"https:\/\/balsamico.shop\/pl\/wp-json\/wp\/v2\/product"}],"about":[{"href":"https:\/\/balsamico.shop\/pl\/wp-json\/wp\/v2\/types\/product"}],"wp:featuredmedia":[{"embeddable":true,"href":"https:\/\/balsamico.shop\/pl\/wp-json\/wp\/v2\/media\/2194"}],"wp:attachment":[{"href":"https:\/\/balsamico.shop\/pl\/wp-json\/wp\/v2\/media?parent=2055"}],"wp:term":[{"taxonomy":"product_brand","embeddable":true,"href":"https:\/\/balsamico.shop\/pl\/wp-json\/wp\/v2\/product_brand?post=2055"},{"taxonomy":"product_cat","embeddable":true,"href":"https:\/\/balsamico.shop\/pl\/wp-json\/wp\/v2\/product_cat?post=2055"},{"taxonomy":"product_tag","embeddable":true,"href":"https:\/\/balsamico.shop\/pl\/wp-json\/wp\/v2\/product_tag?post=2055"}],"curies":[{"name":"wp","href":"https:\/\/api.w.org\/{rel}","templated":true}]}}