{"id":2046,"date":"2016-11-17T22:31:46","date_gmt":"2016-11-17T21:31:46","guid":{"rendered":"https:\/\/balsamico.shop\/pl\/?post_type=product&#038;p=2046"},"modified":"2026-03-23T06:45:29","modified_gmt":"2026-03-23T05:45:29","slug":"malpighi-balsamico-affinato-aceto-tradizionale-12","status":"publish","type":"product","link":"https:\/\/balsamico.shop\/pl\/produkt\/malpighi-balsamico-affinato-aceto-tradizionale-12\/","title":{"rendered":"Malpighi &#8211; Aceto Balsamico Tradizionale Affinato &#8211; Dojrzewa przez 12 lat"},"content":{"rendered":"<p>Acetaia <strong>Malpighi<\/strong> produkuje Aceto Balsamico od pi\u0119ciu pokole\u0144, od 1850 roku. Pod obecnym kierownictwem Massimo Malpighi co roku na ca\u0142ym \u015bwiecie rozprowadza si\u0119 oko\u0142o 10 000 butelek. <strong>Aceto Balsamico Tradizionale<\/strong> stanowi najmniejsz\u0105 cz\u0119\u015b\u0107 tej grupy ze wzgl\u0119du na cen\u0119 i ograniczon\u0105 dost\u0119pno\u015b\u0107. Wiedza na temat wytwarzania prawdziwego balsamico zgodnie ze star\u0105 tradycj\u0105 jest przekazywana w\u015br\u00f3d Malpighis\u00f3w z pokolenia na pokolenie. To m\u0142ode <strong>Affinato<\/strong> jest dobrym wprowadzeniem do \u015bwiata Tradizionale i jednym z pierwszych ABTM, jakie wypr\u00f3bowa\u0142em w mojej karierze balsamicznej. Kremowa nakr\u0119tka wskazuje, \u017ce to balsamico zosta\u0142o zabutelkowane w Spilamberto. Starzone przez 12 lat w drewnianych beczkach Acetaia, a przed butelkowaniem ka\u017cda partia by\u0142a degustowana i oceniana.<\/p>\n<p>Wielokrotnie wracam do tej kropli i u\u017cywam jej do dekoracji wybranych sa\u0142atek lub carpaccio. Prawdziwy orygina\u0142.<\/p>\n<p>Acetaia Malpighi znajduje si\u0119 na po\u0142udnie od Modeny i oferuje turystom mo\u017cliwo\u015b\u0107 zwiedzania z przewodnikiem.<\/p>\n<p>Sk\u0142adniki: 100% konserwowany moszcz winogronowy z winogron Lambrusco i Trebbiano.<\/p>\n<p>Uwaga: Mo\u017ce zawiera\u0107 naturalne siarczyny.<\/p>\n<p>Producent:<br \/>\nAcetaia MALPIGHI Srl.<br \/>\nStradello Barca, 20<br \/>\n41126 Modena, W\u0142ochy<\/p>\n","protected":false},"excerpt":{"rendered":"<p>Acetaia Malpighi produkuje Aceto Balsamico od pi\u0119ciu pokole\u0144, od 1850 roku. Pod obecnym kierownictwem Massimo Malpighi co roku na ca\u0142ym \u015bwiecie rozprowadza si\u0119 oko\u0142o 10 000 butelek. Aceto Balsamico Tradizionale stanowi najmniejsz\u0105 cz\u0119\u015b\u0107 tej grupy ze wzgl\u0119du na cen\u0119 i ograniczon\u0105 dost\u0119pno\u015b\u0107. Wiedza na temat wytwarzania prawdziwego balsamico zgodnie ze star\u0105 tradycj\u0105 jest przekazywana w\u015br\u00f3d Malpighis\u00f3w z pokolenia na pokolenie. To m\u0142ode Affinato jest dobrym wprowadzeniem do \u015bwiata Tradizionale i jednym z pierwszych ABTM, jakie wypr\u00f3bowa\u0142em w mojej karierze balsamicznej. Kremowa nakr\u0119tka wskazuje, \u017ce to balsamico zosta\u0142o zabutelkowane w Spilamberto. Starzone przez 12 lat w drewnianych beczkach Acetaia, a przed butelkowaniem ka\u017cda partia by\u0142a degustowana i oceniana. Wielokrotnie wracam do tej kropli i u\u017cywam jej do dekoracji wybranych sa\u0142atek lub carpaccio. Prawdziwy orygina\u0142. Acetaia Malpighi znajduje si\u0119 na po\u0142udnie od Modeny i oferuje turystom mo\u017cliwo\u015b\u0107 zwiedzania z przewodnikiem. Sk\u0142adniki: 100% konserwowany moszcz winogronowy z winogron Lambrusco i Trebbiano. Uwaga: Mo\u017ce zawiera\u0107 naturalne siarczyny. Producent: Acetaia MALPIGHI Srl. Stradello Barca, 20 41126 Modena, W\u0142ochy<\/p>\n","protected":false},"featured_media":2202,"template":"","meta":[],"product_brand":[],"product_cat":[34],"product_tag":[],"class_list":{"0":"post-2046","1":"product","2":"type-product","3":"status-publish","4":"has-post-thumbnail","6":"product_cat-malpighi","7":"product_shipping_class-balsamico","9":"first","10":"outofstock","11":"taxable","12":"shipping-taxable","13":"purchasable","14":"product-type-simple"},"bundle_layout":"","bundled_by":[],"bundled_items":[],"yoast_head":"<!-- This site is optimized with the Yoast SEO plugin v27.4 - https:\/\/yoast.com\/product\/yoast-seo-wordpress\/ -->\n<title>Malpighi - Aceto Balsamico Tradizionale Affinato - Dojrzewa przez 12 lat<\/title>\n<meta name=\"robots\" content=\"index, follow, max-snippet:-1, max-image-preview:large, max-video-preview:-1\" \/>\n<link rel=\"canonical\" href=\"https:\/\/balsamico.shop\/pl\/produkt\/malpighi-balsamico-affinato-aceto-tradizionale-12\/\" \/>\n<meta property=\"og:locale\" content=\"pl_PL\" \/>\n<meta property=\"og:type\" content=\"article\" \/>\n<meta property=\"og:title\" content=\"Malpighi - Aceto Balsamico Tradizionale Affinato - Dojrzewa przez 12 lat\" \/>\n<meta property=\"og:description\" content=\"Acetaia Malpighi produkuje Aceto Balsamico od pi\u0119ciu pokole\u0144, od 1850 roku. Pod obecnym kierownictwem Massimo Malpighi co roku na ca\u0142ym \u015bwiecie rozprowadza si\u0119 oko\u0142o 10 000 butelek. Aceto Balsamico Tradizionale stanowi najmniejsz\u0105 cz\u0119\u015b\u0107 tej grupy ze wzgl\u0119du na cen\u0119 i ograniczon\u0105 dost\u0119pno\u015b\u0107. Wiedza na temat wytwarzania prawdziwego balsamico zgodnie ze star\u0105 tradycj\u0105 jest przekazywana w\u015br\u00f3d Malpighis\u00f3w z pokolenia na pokolenie. To m\u0142ode Affinato jest dobrym wprowadzeniem do \u015bwiata Tradizionale i jednym z pierwszych ABTM, jakie wypr\u00f3bowa\u0142em w mojej karierze balsamicznej. Kremowa nakr\u0119tka wskazuje, \u017ce to balsamico zosta\u0142o zabutelkowane w Spilamberto. Starzone przez 12 lat w drewnianych beczkach Acetaia, a przed butelkowaniem ka\u017cda partia by\u0142a degustowana i oceniana. Wielokrotnie wracam do tej kropli i u\u017cywam jej do dekoracji wybranych sa\u0142atek lub carpaccio. Prawdziwy orygina\u0142. Acetaia Malpighi znajduje si\u0119 na po\u0142udnie od Modeny i oferuje turystom mo\u017cliwo\u015b\u0107 zwiedzania z przewodnikiem. Sk\u0142adniki: 100% konserwowany moszcz winogronowy z winogron Lambrusco i Trebbiano. Uwaga: Mo\u017ce zawiera\u0107 naturalne siarczyny. Producent: Acetaia MALPIGHI Srl. Stradello Barca, 20 41126 Modena, W\u0142ochy\" \/>\n<meta property=\"og:url\" content=\"https:\/\/balsamico.shop\/pl\/produkt\/malpighi-balsamico-affinato-aceto-tradizionale-12\/\" \/>\n<meta property=\"og:site_name\" content=\"Aceto Balsamico Shop - Polska\" \/>\n<meta property=\"article:modified_time\" content=\"2026-03-23T05:45:29+00:00\" \/>\n<meta property=\"og:image\" content=\"https:\/\/balsamico.shop\/pl\/wp-content\/uploads\/2016\/11\/malpighi-balsamico-tradizionale-modena-affinato.jpg\" \/>\n\t<meta property=\"og:image:width\" content=\"1600\" \/>\n\t<meta property=\"og:image:height\" content=\"1872\" \/>\n\t<meta property=\"og:image:type\" content=\"image\/jpeg\" \/>\n<meta name=\"twitter:card\" content=\"summary_large_image\" \/>\n<meta name=\"twitter:label1\" content=\"Szacowany czas czytania\" \/>\n\t<meta name=\"twitter:data1\" content=\"1 minuta\" \/>\n<script type=\"application\/ld+json\" class=\"yoast-schema-graph\">{\"@context\":\"https:\\\/\\\/schema.org\",\"@graph\":[{\"@type\":\"WebPage\",\"@id\":\"https:\\\/\\\/balsamico.shop\\\/pl\\\/produkt\\\/malpighi-balsamico-affinato-aceto-tradizionale-12\\\/\",\"url\":\"https:\\\/\\\/balsamico.shop\\\/pl\\\/produkt\\\/malpighi-balsamico-affinato-aceto-tradizionale-12\\\/\",\"name\":\"Malpighi - Aceto Balsamico Tradizionale Affinato - Dojrzewa przez 12 lat\",\"isPartOf\":{\"@id\":\"https:\\\/\\\/balsamico.shop\\\/pl\\\/#website\"},\"primaryImageOfPage\":{\"@id\":\"https:\\\/\\\/balsamico.shop\\\/pl\\\/produkt\\\/malpighi-balsamico-affinato-aceto-tradizionale-12\\\/#primaryimage\"},\"image\":{\"@id\":\"https:\\\/\\\/balsamico.shop\\\/pl\\\/produkt\\\/malpighi-balsamico-affinato-aceto-tradizionale-12\\\/#primaryimage\"},\"thumbnailUrl\":\"https:\\\/\\\/balsamico.shop\\\/pl\\\/wp-content\\\/uploads\\\/2016\\\/11\\\/malpighi-balsamico-tradizionale-modena-affinato.jpg\",\"datePublished\":\"2016-11-17T21:31:46+00:00\",\"dateModified\":\"2026-03-23T05:45:29+00:00\",\"breadcrumb\":{\"@id\":\"https:\\\/\\\/balsamico.shop\\\/pl\\\/produkt\\\/malpighi-balsamico-affinato-aceto-tradizionale-12\\\/#breadcrumb\"},\"inLanguage\":\"pl-PL\",\"potentialAction\":[{\"@type\":\"ReadAction\",\"target\":[\"https:\\\/\\\/balsamico.shop\\\/pl\\\/produkt\\\/malpighi-balsamico-affinato-aceto-tradizionale-12\\\/\"]}]},{\"@type\":\"ImageObject\",\"inLanguage\":\"pl-PL\",\"@id\":\"https:\\\/\\\/balsamico.shop\\\/pl\\\/produkt\\\/malpighi-balsamico-affinato-aceto-tradizionale-12\\\/#primaryimage\",\"url\":\"https:\\\/\\\/balsamico.shop\\\/pl\\\/wp-content\\\/uploads\\\/2016\\\/11\\\/malpighi-balsamico-tradizionale-modena-affinato.jpg\",\"contentUrl\":\"https:\\\/\\\/balsamico.shop\\\/pl\\\/wp-content\\\/uploads\\\/2016\\\/11\\\/malpighi-balsamico-tradizionale-modena-affinato.jpg\",\"width\":1600,\"height\":1872},{\"@type\":\"BreadcrumbList\",\"@id\":\"https:\\\/\\\/balsamico.shop\\\/pl\\\/produkt\\\/malpighi-balsamico-affinato-aceto-tradizionale-12\\\/#breadcrumb\",\"itemListElement\":[{\"@type\":\"ListItem\",\"position\":1,\"name\":\"Home\",\"item\":\"https:\\\/\\\/balsamico.shop\\\/pl\\\/\"},{\"@type\":\"ListItem\",\"position\":2,\"name\":\"Ocet Balsamiczny &#8211; Sklep Internetowy\",\"item\":\"https:\\\/\\\/balsamico.shop\\\/pl\\\/shop\\\/\"},{\"@type\":\"ListItem\",\"position\":3,\"name\":\"Malpighi &#8211; Aceto Balsamico Tradizionale Affinato &#8211; Dojrzewa przez 12 lat\"}]},{\"@type\":\"WebSite\",\"@id\":\"https:\\\/\\\/balsamico.shop\\\/pl\\\/#website\",\"url\":\"https:\\\/\\\/balsamico.shop\\\/pl\\\/\",\"name\":\"Aceto Balsamico Shop - Polska\",\"description\":\"Ocet balsamiczny sklep internetowy\",\"potentialAction\":[{\"@type\":\"SearchAction\",\"target\":{\"@type\":\"EntryPoint\",\"urlTemplate\":\"https:\\\/\\\/balsamico.shop\\\/pl\\\/?s={search_term_string}\"},\"query-input\":{\"@type\":\"PropertyValueSpecification\",\"valueRequired\":true,\"valueName\":\"search_term_string\"}}],\"inLanguage\":\"pl-PL\"}]}<\/script>\n<!-- \/ Yoast SEO plugin. -->","yoast_head_json":{"title":"Malpighi - Aceto Balsamico Tradizionale Affinato - Dojrzewa przez 12 lat","robots":{"index":"index","follow":"follow","max-snippet":"max-snippet:-1","max-image-preview":"max-image-preview:large","max-video-preview":"max-video-preview:-1"},"canonical":"https:\/\/balsamico.shop\/pl\/produkt\/malpighi-balsamico-affinato-aceto-tradizionale-12\/","og_locale":"pl_PL","og_type":"article","og_title":"Malpighi - Aceto Balsamico Tradizionale Affinato - Dojrzewa przez 12 lat","og_description":"Acetaia Malpighi produkuje Aceto Balsamico od pi\u0119ciu pokole\u0144, od 1850 roku. Pod obecnym kierownictwem Massimo Malpighi co roku na ca\u0142ym \u015bwiecie rozprowadza si\u0119 oko\u0142o 10 000 butelek. Aceto Balsamico Tradizionale stanowi najmniejsz\u0105 cz\u0119\u015b\u0107 tej grupy ze wzgl\u0119du na cen\u0119 i ograniczon\u0105 dost\u0119pno\u015b\u0107. Wiedza na temat wytwarzania prawdziwego balsamico zgodnie ze star\u0105 tradycj\u0105 jest przekazywana w\u015br\u00f3d Malpighis\u00f3w z pokolenia na pokolenie. To m\u0142ode Affinato jest dobrym wprowadzeniem do \u015bwiata Tradizionale i jednym z pierwszych ABTM, jakie wypr\u00f3bowa\u0142em w mojej karierze balsamicznej. Kremowa nakr\u0119tka wskazuje, \u017ce to balsamico zosta\u0142o zabutelkowane w Spilamberto. Starzone przez 12 lat w drewnianych beczkach Acetaia, a przed butelkowaniem ka\u017cda partia by\u0142a degustowana i oceniana. Wielokrotnie wracam do tej kropli i u\u017cywam jej do dekoracji wybranych sa\u0142atek lub carpaccio. Prawdziwy orygina\u0142. Acetaia Malpighi znajduje si\u0119 na po\u0142udnie od Modeny i oferuje turystom mo\u017cliwo\u015b\u0107 zwiedzania z przewodnikiem. Sk\u0142adniki: 100% konserwowany moszcz winogronowy z winogron Lambrusco i Trebbiano. Uwaga: Mo\u017ce zawiera\u0107 naturalne siarczyny. Producent: Acetaia MALPIGHI Srl. Stradello Barca, 20 41126 Modena, W\u0142ochy","og_url":"https:\/\/balsamico.shop\/pl\/produkt\/malpighi-balsamico-affinato-aceto-tradizionale-12\/","og_site_name":"Aceto Balsamico Shop - Polska","article_modified_time":"2026-03-23T05:45:29+00:00","og_image":[{"width":1600,"height":1872,"url":"https:\/\/balsamico.shop\/pl\/wp-content\/uploads\/2016\/11\/malpighi-balsamico-tradizionale-modena-affinato.jpg","type":"image\/jpeg"}],"twitter_card":"summary_large_image","twitter_misc":{"Szacowany czas czytania":"1 minuta"},"schema":{"@context":"https:\/\/schema.org","@graph":[{"@type":"WebPage","@id":"https:\/\/balsamico.shop\/pl\/produkt\/malpighi-balsamico-affinato-aceto-tradizionale-12\/","url":"https:\/\/balsamico.shop\/pl\/produkt\/malpighi-balsamico-affinato-aceto-tradizionale-12\/","name":"Malpighi - Aceto Balsamico Tradizionale Affinato - Dojrzewa przez 12 lat","isPartOf":{"@id":"https:\/\/balsamico.shop\/pl\/#website"},"primaryImageOfPage":{"@id":"https:\/\/balsamico.shop\/pl\/produkt\/malpighi-balsamico-affinato-aceto-tradizionale-12\/#primaryimage"},"image":{"@id":"https:\/\/balsamico.shop\/pl\/produkt\/malpighi-balsamico-affinato-aceto-tradizionale-12\/#primaryimage"},"thumbnailUrl":"https:\/\/balsamico.shop\/pl\/wp-content\/uploads\/2016\/11\/malpighi-balsamico-tradizionale-modena-affinato.jpg","datePublished":"2016-11-17T21:31:46+00:00","dateModified":"2026-03-23T05:45:29+00:00","breadcrumb":{"@id":"https:\/\/balsamico.shop\/pl\/produkt\/malpighi-balsamico-affinato-aceto-tradizionale-12\/#breadcrumb"},"inLanguage":"pl-PL","potentialAction":[{"@type":"ReadAction","target":["https:\/\/balsamico.shop\/pl\/produkt\/malpighi-balsamico-affinato-aceto-tradizionale-12\/"]}]},{"@type":"ImageObject","inLanguage":"pl-PL","@id":"https:\/\/balsamico.shop\/pl\/produkt\/malpighi-balsamico-affinato-aceto-tradizionale-12\/#primaryimage","url":"https:\/\/balsamico.shop\/pl\/wp-content\/uploads\/2016\/11\/malpighi-balsamico-tradizionale-modena-affinato.jpg","contentUrl":"https:\/\/balsamico.shop\/pl\/wp-content\/uploads\/2016\/11\/malpighi-balsamico-tradizionale-modena-affinato.jpg","width":1600,"height":1872},{"@type":"BreadcrumbList","@id":"https:\/\/balsamico.shop\/pl\/produkt\/malpighi-balsamico-affinato-aceto-tradizionale-12\/#breadcrumb","itemListElement":[{"@type":"ListItem","position":1,"name":"Home","item":"https:\/\/balsamico.shop\/pl\/"},{"@type":"ListItem","position":2,"name":"Ocet Balsamiczny &#8211; Sklep Internetowy","item":"https:\/\/balsamico.shop\/pl\/shop\/"},{"@type":"ListItem","position":3,"name":"Malpighi &#8211; Aceto Balsamico Tradizionale Affinato &#8211; Dojrzewa przez 12 lat"}]},{"@type":"WebSite","@id":"https:\/\/balsamico.shop\/pl\/#website","url":"https:\/\/balsamico.shop\/pl\/","name":"Aceto Balsamico Shop - Polska","description":"Ocet balsamiczny sklep internetowy","potentialAction":[{"@type":"SearchAction","target":{"@type":"EntryPoint","urlTemplate":"https:\/\/balsamico.shop\/pl\/?s={search_term_string}"},"query-input":{"@type":"PropertyValueSpecification","valueRequired":true,"valueName":"search_term_string"}}],"inLanguage":"pl-PL"}]}},"_links":{"self":[{"href":"https:\/\/balsamico.shop\/pl\/wp-json\/wp\/v2\/product\/2046","targetHints":{"allow":["GET"]}}],"collection":[{"href":"https:\/\/balsamico.shop\/pl\/wp-json\/wp\/v2\/product"}],"about":[{"href":"https:\/\/balsamico.shop\/pl\/wp-json\/wp\/v2\/types\/product"}],"wp:featuredmedia":[{"embeddable":true,"href":"https:\/\/balsamico.shop\/pl\/wp-json\/wp\/v2\/media\/2202"}],"wp:attachment":[{"href":"https:\/\/balsamico.shop\/pl\/wp-json\/wp\/v2\/media?parent=2046"}],"wp:term":[{"taxonomy":"product_brand","embeddable":true,"href":"https:\/\/balsamico.shop\/pl\/wp-json\/wp\/v2\/product_brand?post=2046"},{"taxonomy":"product_cat","embeddable":true,"href":"https:\/\/balsamico.shop\/pl\/wp-json\/wp\/v2\/product_cat?post=2046"},{"taxonomy":"product_tag","embeddable":true,"href":"https:\/\/balsamico.shop\/pl\/wp-json\/wp\/v2\/product_tag?post=2046"}],"curies":[{"name":"wp","href":"https:\/\/api.w.org\/{rel}","templated":true}]}}