{"id":2022,"date":"2018-11-03T19:05:48","date_gmt":"2018-11-03T18:05:48","guid":{"rendered":"https:\/\/balsamico.shop\/pl\/?post_type=product&#038;p=2022"},"modified":"2026-05-07T07:44:32","modified_gmt":"2026-05-07T05:44:32","slug":"malpighi-abt-reggio-emilia-dop-aragosta","status":"publish","type":"product","link":"https:\/\/balsamico.shop\/pl\/produkt\/malpighi-abt-reggio-emilia-dop-aragosta\/","title":{"rendered":"Malpighi &#8211; Aceto Balsamico Tradizionale di Reggio Emilia &#8211; Aragosta"},"content":{"rendered":"<p>To Aceto Balsamico Tradizionale di Reggio Emilia DOP Aragosta z obecnie w\u0142asnej Acetaia Malpighi le\u017cakowa\u0142o w drewnianej baterii beczek przez co najmniej 12 lat, w rz\u0119dzie sk\u0142adaj\u0105cym si\u0119 z pi\u0119ciu do siedmiu beczek. Pod wzgl\u0119dem jako\u015bci i smaku to bardzo ciemnobr\u0105zowe balsamico zosta\u0142o sklasyfikowane podczas naszej w\u0142asnej degustacji jako mocne, pikantne i mocno kwa\u015bne.<\/p>\n<p>Balsamik ten doskonale nadaje si\u0119 jako dodatek do zupy krem z dyni, makaronu, a nawet do s\u0142odkiego sufletu. Konsystencja daje wiele mo\u017cliwo\u015bci kreatywnego udekorowania brzeg\u00f3w talerza, a nawet powierzchni zupy kremowej.<\/p>\n<p>Ten tradycyjny ocet balsamiczny jest dostarczany w typowym dla regionu Reggio Emilia pude\u0142ku upominkowym z pokrywk\u0105 na zawiasie i atrakcyjn\u0105 wylewk\u0105 ze szk\u0142a i korka.<\/p>\n<p>Acetaia Malpighi jest bardzo dobrze znana w Modenie. Niewielu koneser\u00f3w wie jednak, \u017ce Malpighi kupi\u0142 niedawno ma\u0142\u0105 Acetaia w prowincji Reggio Emilia. Oznacza to, \u017ce Acetaia mo\u017ce produkowa\u0107 Aceto Balsamico Tradizionale di Reggio Emilia DOP. Octy balsamiczne z Reggio Emilia s\u0105 odpowiednikiem D.O.P. Balsamico z Modeny. Proces produkcji jest bardzo podobny do tego w Modenie, ale proces certyfikacji jest inny.<\/p>\n<p>Po co najmniej 12-letnim okresie przechowywania octy s\u0105 punktowane przez degustator\u00f3w. Na podstawie uzyskanego wyniku klasyfikuje si\u0119 je do kategorii Aragosta, Argento i Oro. Najm\u0142odsi musz\u0105 sp\u0119dzi\u0107 w bateriach co najmniej 12 lat.<\/p>\n<p>Procedura ta zapewnia minimaln\u0105 liczb\u0119 punkt\u00f3w, a tym samym jako\u015b\u0107 octu. R\u00f3wnie\u017c w Modenie, aby butelkowa\u0107 wino jako Tradizionale, musi ono uzyska\u0107 co najmniej 229 punkt\u00f3w. W Reggio Emilia minimalny wynik wynosi 240 punkt\u00f3w dla Aragosty, z czerwonaw\u0105 etykiet\u0105 w kolorze homara. Poniewa\u017c procedury degustacji s\u0105 bardzo podobne, jako\u015b\u0107 Balsamico Tradizionale z Reggio Emilia jest nieco wy\u017csza ni\u017c Balsamico Tradizionale z Modeny, przynajmniej je\u015bli chodzi o minimaln\u0105 liczb\u0119 punkt\u00f3w.<\/p>\n<p>Sk\u0142adniki: 100% gotowanego moszczu winogronowego<\/p>\n<p>Uwaga: Mo\u017ce zawiera\u0107 naturalne siarczyny.<\/p>\n<p>&nbsp;<\/p>\n<p>Odpowiedzialny producent: Acetaia MALPIGHI Srl Stradello Barca 20, 41126 Modena, W\u0142ochy<\/p>\n","protected":false},"excerpt":{"rendered":"<p>To Aceto Balsamico Tradizionale di Reggio Emilia DOP Aragosta z obecnie w\u0142asnej Acetaia Malpighi le\u017cakowa\u0142o w drewnianej baterii beczek przez co najmniej 12 lat, w rz\u0119dzie sk\u0142adaj\u0105cym si\u0119 z pi\u0119ciu do siedmiu beczek. Pod wzgl\u0119dem jako\u015bci i smaku to bardzo ciemnobr\u0105zowe balsamico zosta\u0142o sklasyfikowane podczas naszej w\u0142asnej degustacji jako mocne, pikantne i mocno kwa\u015bne. Balsamik ten doskonale nadaje si\u0119 jako dodatek do zupy krem z dyni, makaronu, a nawet do s\u0142odkiego sufletu. Konsystencja daje wiele mo\u017cliwo\u015bci kreatywnego udekorowania brzeg\u00f3w talerza, a nawet powierzchni zupy kremowej. Ten tradycyjny ocet balsamiczny jest dostarczany w typowym dla regionu Reggio Emilia pude\u0142ku upominkowym z pokrywk\u0105 na zawiasie i atrakcyjn\u0105 wylewk\u0105 ze szk\u0142a i korka. Acetaia Malpighi jest bardzo dobrze znana w Modenie. Niewielu koneser\u00f3w wie jednak, \u017ce Malpighi kupi\u0142 niedawno ma\u0142\u0105 Acetaia w prowincji Reggio Emilia. Oznacza to, \u017ce Acetaia mo\u017ce produkowa\u0107 Aceto Balsamico Tradizionale di Reggio Emilia DOP. Octy balsamiczne z Reggio Emilia s\u0105 odpowiednikiem D.O.P. Balsamico z Modeny. Proces produkcji jest bardzo podobny do tego w Modenie, ale proces certyfikacji jest inny. Po co najmniej 12-letnim okresie przechowywania octy s\u0105 punktowane przez degustator\u00f3w. Na podstawie uzyskanego wyniku klasyfikuje si\u0119 je do kategorii Aragosta, Argento i Oro. Najm\u0142odsi musz\u0105 sp\u0119dzi\u0107 w bateriach co najmniej 12 lat. Procedura ta zapewnia minimaln\u0105 liczb\u0119 punkt\u00f3w, a tym samym jako\u015b\u0107 octu. R\u00f3wnie\u017c w Modenie, aby butelkowa\u0107 wino jako Tradizionale, musi ono uzyska\u0107 co najmniej 229 punkt\u00f3w. W Reggio Emilia minimalny wynik wynosi 240 punkt\u00f3w dla Aragosty, z czerwonaw\u0105 etykiet\u0105 w kolorze homara. Poniewa\u017c procedury degustacji s\u0105 bardzo podobne, jako\u015b\u0107 Balsamico Tradizionale z Reggio Emilia jest nieco wy\u017csza ni\u017c Balsamico Tradizionale z Modeny, przynajmniej je\u015bli chodzi o minimaln\u0105 liczb\u0119 punkt\u00f3w. Sk\u0142adniki: 100% gotowanego moszczu winogronowego Uwaga: Mo\u017ce zawiera\u0107 naturalne siarczyny. &nbsp; Odpowiedzialny producent: Acetaia MALPIGHI Srl Stradello Barca 20, 41126 Modena, W\u0142ochy<\/p>\n","protected":false},"featured_media":2201,"template":"","meta":[],"product_brand":[],"product_cat":[34],"product_tag":[],"class_list":{"0":"post-2022","1":"product","2":"type-product","3":"status-publish","4":"has-post-thumbnail","6":"product_cat-malpighi","7":"product_shipping_class-balsamico","9":"first","10":"instock","11":"taxable","12":"shipping-taxable","13":"purchasable","14":"product-type-simple"},"bundle_layout":"","bundled_by":[],"bundled_items":[],"yoast_head":"<!-- This site is optimized with the Yoast SEO plugin v27.6 - https:\/\/yoast.com\/product\/yoast-seo-wordpress\/ -->\n<title>Malpighi - Aceto Balsamico Tradizionale di Reggio Emilia - Aragosta<\/title>\n<meta name=\"robots\" content=\"index, follow, max-snippet:-1, max-image-preview:large, max-video-preview:-1\" \/>\n<link rel=\"canonical\" href=\"https:\/\/balsamico.shop\/pl\/produkt\/malpighi-abt-reggio-emilia-dop-aragosta\/\" \/>\n<meta property=\"og:locale\" content=\"pl_PL\" \/>\n<meta property=\"og:type\" content=\"article\" \/>\n<meta property=\"og:title\" content=\"Malpighi - Aceto Balsamico Tradizionale di Reggio Emilia - Aragosta\" \/>\n<meta property=\"og:description\" content=\"To Aceto Balsamico Tradizionale di Reggio Emilia DOP Aragosta z obecnie w\u0142asnej Acetaia Malpighi le\u017cakowa\u0142o w drewnianej baterii beczek przez co najmniej 12 lat, w rz\u0119dzie sk\u0142adaj\u0105cym si\u0119 z pi\u0119ciu do siedmiu beczek. Pod wzgl\u0119dem jako\u015bci i smaku to bardzo ciemnobr\u0105zowe balsamico zosta\u0142o sklasyfikowane podczas naszej w\u0142asnej degustacji jako mocne, pikantne i mocno kwa\u015bne. Balsamik ten doskonale nadaje si\u0119 jako dodatek do zupy krem z dyni, makaronu, a nawet do s\u0142odkiego sufletu. Konsystencja daje wiele mo\u017cliwo\u015bci kreatywnego udekorowania brzeg\u00f3w talerza, a nawet powierzchni zupy kremowej. Ten tradycyjny ocet balsamiczny jest dostarczany w typowym dla regionu Reggio Emilia pude\u0142ku upominkowym z pokrywk\u0105 na zawiasie i atrakcyjn\u0105 wylewk\u0105 ze szk\u0142a i korka. Acetaia Malpighi jest bardzo dobrze znana w Modenie. Niewielu koneser\u00f3w wie jednak, \u017ce Malpighi kupi\u0142 niedawno ma\u0142\u0105 Acetaia w prowincji Reggio Emilia. Oznacza to, \u017ce Acetaia mo\u017ce produkowa\u0107 Aceto Balsamico Tradizionale di Reggio Emilia DOP. Octy balsamiczne z Reggio Emilia s\u0105 odpowiednikiem D.O.P. Balsamico z Modeny. Proces produkcji jest bardzo podobny do tego w Modenie, ale proces certyfikacji jest inny. Po co najmniej 12-letnim okresie przechowywania octy s\u0105 punktowane przez degustator\u00f3w. Na podstawie uzyskanego wyniku klasyfikuje si\u0119 je do kategorii Aragosta, Argento i Oro. Najm\u0142odsi musz\u0105 sp\u0119dzi\u0107 w bateriach co najmniej 12 lat. Procedura ta zapewnia minimaln\u0105 liczb\u0119 punkt\u00f3w, a tym samym jako\u015b\u0107 octu. R\u00f3wnie\u017c w Modenie, aby butelkowa\u0107 wino jako Tradizionale, musi ono uzyska\u0107 co najmniej 229 punkt\u00f3w. W Reggio Emilia minimalny wynik wynosi 240 punkt\u00f3w dla Aragosty, z czerwonaw\u0105 etykiet\u0105 w kolorze homara. Poniewa\u017c procedury degustacji s\u0105 bardzo podobne, jako\u015b\u0107 Balsamico Tradizionale z Reggio Emilia jest nieco wy\u017csza ni\u017c Balsamico Tradizionale z Modeny, przynajmniej je\u015bli chodzi o minimaln\u0105 liczb\u0119 punkt\u00f3w. Sk\u0142adniki: 100% gotowanego moszczu winogronowego Uwaga: Mo\u017ce zawiera\u0107 naturalne siarczyny. &nbsp; Odpowiedzialny producent: Acetaia MALPIGHI Srl Stradello Barca 20, 41126 Modena, W\u0142ochy\" \/>\n<meta property=\"og:url\" content=\"https:\/\/balsamico.shop\/pl\/produkt\/malpighi-abt-reggio-emilia-dop-aragosta\/\" \/>\n<meta property=\"og:site_name\" content=\"Aceto Balsamico Shop - Polska\" \/>\n<meta property=\"article:modified_time\" content=\"2026-05-07T05:44:32+00:00\" \/>\n<meta property=\"og:image\" content=\"https:\/\/balsamico.shop\/pl\/wp-content\/uploads\/2018\/11\/malipghi-aragosta-aceto-balsamico-tradizionale-reggioemilia.jpg\" \/>\n\t<meta property=\"og:image:width\" content=\"1600\" \/>\n\t<meta property=\"og:image:height\" content=\"1872\" \/>\n\t<meta property=\"og:image:type\" content=\"image\/jpeg\" \/>\n<meta name=\"twitter:card\" content=\"summary_large_image\" \/>\n<meta name=\"twitter:label1\" content=\"Szacowany czas czytania\" \/>\n\t<meta name=\"twitter:data1\" content=\"2 minuty\" \/>\n<script type=\"application\/ld+json\" class=\"yoast-schema-graph\">{\"@context\":\"https:\\\/\\\/schema.org\",\"@graph\":[{\"@type\":\"WebPage\",\"@id\":\"https:\\\/\\\/balsamico.shop\\\/pl\\\/produkt\\\/malpighi-abt-reggio-emilia-dop-aragosta\\\/\",\"url\":\"https:\\\/\\\/balsamico.shop\\\/pl\\\/produkt\\\/malpighi-abt-reggio-emilia-dop-aragosta\\\/\",\"name\":\"Malpighi - Aceto Balsamico Tradizionale di Reggio Emilia - Aragosta\",\"isPartOf\":{\"@id\":\"https:\\\/\\\/balsamico.shop\\\/pl\\\/#website\"},\"primaryImageOfPage\":{\"@id\":\"https:\\\/\\\/balsamico.shop\\\/pl\\\/produkt\\\/malpighi-abt-reggio-emilia-dop-aragosta\\\/#primaryimage\"},\"image\":{\"@id\":\"https:\\\/\\\/balsamico.shop\\\/pl\\\/produkt\\\/malpighi-abt-reggio-emilia-dop-aragosta\\\/#primaryimage\"},\"thumbnailUrl\":\"https:\\\/\\\/balsamico.shop\\\/pl\\\/wp-content\\\/uploads\\\/2018\\\/11\\\/malipghi-aragosta-aceto-balsamico-tradizionale-reggioemilia.jpg\",\"datePublished\":\"2018-11-03T18:05:48+00:00\",\"dateModified\":\"2026-05-07T05:44:32+00:00\",\"breadcrumb\":{\"@id\":\"https:\\\/\\\/balsamico.shop\\\/pl\\\/produkt\\\/malpighi-abt-reggio-emilia-dop-aragosta\\\/#breadcrumb\"},\"inLanguage\":\"pl-PL\",\"potentialAction\":[{\"@type\":\"ReadAction\",\"target\":[\"https:\\\/\\\/balsamico.shop\\\/pl\\\/produkt\\\/malpighi-abt-reggio-emilia-dop-aragosta\\\/\"]}]},{\"@type\":\"ImageObject\",\"inLanguage\":\"pl-PL\",\"@id\":\"https:\\\/\\\/balsamico.shop\\\/pl\\\/produkt\\\/malpighi-abt-reggio-emilia-dop-aragosta\\\/#primaryimage\",\"url\":\"https:\\\/\\\/balsamico.shop\\\/pl\\\/wp-content\\\/uploads\\\/2018\\\/11\\\/malipghi-aragosta-aceto-balsamico-tradizionale-reggioemilia.jpg\",\"contentUrl\":\"https:\\\/\\\/balsamico.shop\\\/pl\\\/wp-content\\\/uploads\\\/2018\\\/11\\\/malipghi-aragosta-aceto-balsamico-tradizionale-reggioemilia.jpg\",\"width\":1600,\"height\":1872},{\"@type\":\"BreadcrumbList\",\"@id\":\"https:\\\/\\\/balsamico.shop\\\/pl\\\/produkt\\\/malpighi-abt-reggio-emilia-dop-aragosta\\\/#breadcrumb\",\"itemListElement\":[{\"@type\":\"ListItem\",\"position\":1,\"name\":\"Home\",\"item\":\"https:\\\/\\\/balsamico.shop\\\/pl\\\/\"},{\"@type\":\"ListItem\",\"position\":2,\"name\":\"Ocet Balsamiczny &#8211; Sklep Internetowy\",\"item\":\"https:\\\/\\\/balsamico.shop\\\/pl\\\/shop\\\/\"},{\"@type\":\"ListItem\",\"position\":3,\"name\":\"Malpighi &#8211; Aceto Balsamico Tradizionale di Reggio Emilia &#8211; Aragosta\"}]},{\"@type\":\"WebSite\",\"@id\":\"https:\\\/\\\/balsamico.shop\\\/pl\\\/#website\",\"url\":\"https:\\\/\\\/balsamico.shop\\\/pl\\\/\",\"name\":\"Aceto Balsamico Shop - Polska\",\"description\":\"Ocet balsamiczny sklep internetowy\",\"potentialAction\":[{\"@type\":\"SearchAction\",\"target\":{\"@type\":\"EntryPoint\",\"urlTemplate\":\"https:\\\/\\\/balsamico.shop\\\/pl\\\/?s={search_term_string}\"},\"query-input\":{\"@type\":\"PropertyValueSpecification\",\"valueRequired\":true,\"valueName\":\"search_term_string\"}}],\"inLanguage\":\"pl-PL\"}]}<\/script>\n<!-- \/ Yoast SEO plugin. -->","yoast_head_json":{"title":"Malpighi - Aceto Balsamico Tradizionale di Reggio Emilia - Aragosta","robots":{"index":"index","follow":"follow","max-snippet":"max-snippet:-1","max-image-preview":"max-image-preview:large","max-video-preview":"max-video-preview:-1"},"canonical":"https:\/\/balsamico.shop\/pl\/produkt\/malpighi-abt-reggio-emilia-dop-aragosta\/","og_locale":"pl_PL","og_type":"article","og_title":"Malpighi - Aceto Balsamico Tradizionale di Reggio Emilia - Aragosta","og_description":"To Aceto Balsamico Tradizionale di Reggio Emilia DOP Aragosta z obecnie w\u0142asnej Acetaia Malpighi le\u017cakowa\u0142o w drewnianej baterii beczek przez co najmniej 12 lat, w rz\u0119dzie sk\u0142adaj\u0105cym si\u0119 z pi\u0119ciu do siedmiu beczek. Pod wzgl\u0119dem jako\u015bci i smaku to bardzo ciemnobr\u0105zowe balsamico zosta\u0142o sklasyfikowane podczas naszej w\u0142asnej degustacji jako mocne, pikantne i mocno kwa\u015bne. Balsamik ten doskonale nadaje si\u0119 jako dodatek do zupy krem z dyni, makaronu, a nawet do s\u0142odkiego sufletu. Konsystencja daje wiele mo\u017cliwo\u015bci kreatywnego udekorowania brzeg\u00f3w talerza, a nawet powierzchni zupy kremowej. Ten tradycyjny ocet balsamiczny jest dostarczany w typowym dla regionu Reggio Emilia pude\u0142ku upominkowym z pokrywk\u0105 na zawiasie i atrakcyjn\u0105 wylewk\u0105 ze szk\u0142a i korka. Acetaia Malpighi jest bardzo dobrze znana w Modenie. Niewielu koneser\u00f3w wie jednak, \u017ce Malpighi kupi\u0142 niedawno ma\u0142\u0105 Acetaia w prowincji Reggio Emilia. Oznacza to, \u017ce Acetaia mo\u017ce produkowa\u0107 Aceto Balsamico Tradizionale di Reggio Emilia DOP. Octy balsamiczne z Reggio Emilia s\u0105 odpowiednikiem D.O.P. Balsamico z Modeny. Proces produkcji jest bardzo podobny do tego w Modenie, ale proces certyfikacji jest inny. Po co najmniej 12-letnim okresie przechowywania octy s\u0105 punktowane przez degustator\u00f3w. Na podstawie uzyskanego wyniku klasyfikuje si\u0119 je do kategorii Aragosta, Argento i Oro. Najm\u0142odsi musz\u0105 sp\u0119dzi\u0107 w bateriach co najmniej 12 lat. Procedura ta zapewnia minimaln\u0105 liczb\u0119 punkt\u00f3w, a tym samym jako\u015b\u0107 octu. R\u00f3wnie\u017c w Modenie, aby butelkowa\u0107 wino jako Tradizionale, musi ono uzyska\u0107 co najmniej 229 punkt\u00f3w. W Reggio Emilia minimalny wynik wynosi 240 punkt\u00f3w dla Aragosty, z czerwonaw\u0105 etykiet\u0105 w kolorze homara. Poniewa\u017c procedury degustacji s\u0105 bardzo podobne, jako\u015b\u0107 Balsamico Tradizionale z Reggio Emilia jest nieco wy\u017csza ni\u017c Balsamico Tradizionale z Modeny, przynajmniej je\u015bli chodzi o minimaln\u0105 liczb\u0119 punkt\u00f3w. Sk\u0142adniki: 100% gotowanego moszczu winogronowego Uwaga: Mo\u017ce zawiera\u0107 naturalne siarczyny. &nbsp; Odpowiedzialny producent: Acetaia MALPIGHI Srl Stradello Barca 20, 41126 Modena, W\u0142ochy","og_url":"https:\/\/balsamico.shop\/pl\/produkt\/malpighi-abt-reggio-emilia-dop-aragosta\/","og_site_name":"Aceto Balsamico Shop - Polska","article_modified_time":"2026-05-07T05:44:32+00:00","og_image":[{"width":1600,"height":1872,"url":"https:\/\/balsamico.shop\/pl\/wp-content\/uploads\/2018\/11\/malipghi-aragosta-aceto-balsamico-tradizionale-reggioemilia.jpg","type":"image\/jpeg"}],"twitter_card":"summary_large_image","twitter_misc":{"Szacowany czas czytania":"2 minuty"},"schema":{"@context":"https:\/\/schema.org","@graph":[{"@type":"WebPage","@id":"https:\/\/balsamico.shop\/pl\/produkt\/malpighi-abt-reggio-emilia-dop-aragosta\/","url":"https:\/\/balsamico.shop\/pl\/produkt\/malpighi-abt-reggio-emilia-dop-aragosta\/","name":"Malpighi - Aceto Balsamico Tradizionale di Reggio Emilia - Aragosta","isPartOf":{"@id":"https:\/\/balsamico.shop\/pl\/#website"},"primaryImageOfPage":{"@id":"https:\/\/balsamico.shop\/pl\/produkt\/malpighi-abt-reggio-emilia-dop-aragosta\/#primaryimage"},"image":{"@id":"https:\/\/balsamico.shop\/pl\/produkt\/malpighi-abt-reggio-emilia-dop-aragosta\/#primaryimage"},"thumbnailUrl":"https:\/\/balsamico.shop\/pl\/wp-content\/uploads\/2018\/11\/malipghi-aragosta-aceto-balsamico-tradizionale-reggioemilia.jpg","datePublished":"2018-11-03T18:05:48+00:00","dateModified":"2026-05-07T05:44:32+00:00","breadcrumb":{"@id":"https:\/\/balsamico.shop\/pl\/produkt\/malpighi-abt-reggio-emilia-dop-aragosta\/#breadcrumb"},"inLanguage":"pl-PL","potentialAction":[{"@type":"ReadAction","target":["https:\/\/balsamico.shop\/pl\/produkt\/malpighi-abt-reggio-emilia-dop-aragosta\/"]}]},{"@type":"ImageObject","inLanguage":"pl-PL","@id":"https:\/\/balsamico.shop\/pl\/produkt\/malpighi-abt-reggio-emilia-dop-aragosta\/#primaryimage","url":"https:\/\/balsamico.shop\/pl\/wp-content\/uploads\/2018\/11\/malipghi-aragosta-aceto-balsamico-tradizionale-reggioemilia.jpg","contentUrl":"https:\/\/balsamico.shop\/pl\/wp-content\/uploads\/2018\/11\/malipghi-aragosta-aceto-balsamico-tradizionale-reggioemilia.jpg","width":1600,"height":1872},{"@type":"BreadcrumbList","@id":"https:\/\/balsamico.shop\/pl\/produkt\/malpighi-abt-reggio-emilia-dop-aragosta\/#breadcrumb","itemListElement":[{"@type":"ListItem","position":1,"name":"Home","item":"https:\/\/balsamico.shop\/pl\/"},{"@type":"ListItem","position":2,"name":"Ocet Balsamiczny &#8211; Sklep Internetowy","item":"https:\/\/balsamico.shop\/pl\/shop\/"},{"@type":"ListItem","position":3,"name":"Malpighi &#8211; Aceto Balsamico Tradizionale di Reggio Emilia &#8211; Aragosta"}]},{"@type":"WebSite","@id":"https:\/\/balsamico.shop\/pl\/#website","url":"https:\/\/balsamico.shop\/pl\/","name":"Aceto Balsamico Shop - Polska","description":"Ocet balsamiczny sklep internetowy","potentialAction":[{"@type":"SearchAction","target":{"@type":"EntryPoint","urlTemplate":"https:\/\/balsamico.shop\/pl\/?s={search_term_string}"},"query-input":{"@type":"PropertyValueSpecification","valueRequired":true,"valueName":"search_term_string"}}],"inLanguage":"pl-PL"}]}},"_links":{"self":[{"href":"https:\/\/balsamico.shop\/pl\/wp-json\/wp\/v2\/product\/2022","targetHints":{"allow":["GET"]}}],"collection":[{"href":"https:\/\/balsamico.shop\/pl\/wp-json\/wp\/v2\/product"}],"about":[{"href":"https:\/\/balsamico.shop\/pl\/wp-json\/wp\/v2\/types\/product"}],"wp:featuredmedia":[{"embeddable":true,"href":"https:\/\/balsamico.shop\/pl\/wp-json\/wp\/v2\/media\/2201"}],"wp:attachment":[{"href":"https:\/\/balsamico.shop\/pl\/wp-json\/wp\/v2\/media?parent=2022"}],"wp:term":[{"taxonomy":"product_brand","embeddable":true,"href":"https:\/\/balsamico.shop\/pl\/wp-json\/wp\/v2\/product_brand?post=2022"},{"taxonomy":"product_cat","embeddable":true,"href":"https:\/\/balsamico.shop\/pl\/wp-json\/wp\/v2\/product_cat?post=2022"},{"taxonomy":"product_tag","embeddable":true,"href":"https:\/\/balsamico.shop\/pl\/wp-json\/wp\/v2\/product_tag?post=2022"}],"curies":[{"name":"wp","href":"https:\/\/api.w.org\/{rel}","templated":true}]}}