{"id":2015,"date":"2018-07-07T19:07:33","date_gmt":"2018-07-07T17:07:33","guid":{"rendered":"https:\/\/balsamico.shop\/pl\/?post_type=product&#038;p=2015"},"modified":"2026-04-13T20:05:12","modified_gmt":"2026-04-13T18:05:12","slug":"bernardo-tesori-zloto-aceto-balsamico-tradizionale-di-modena-dop-bardzo-stary","status":"publish","type":"product","link":"https:\/\/balsamico.shop\/pl\/produkt\/bernardo-tesori-zloto-aceto-balsamico-tradizionale-di-modena-dop-bardzo-stary\/","title":{"rendered":"Bernardo Tesori &#8211; z\u0142oto &#8211; Aceto Balsamico Tradizionale di Modena ExtraVecchio D.O.P."},"content":{"rendered":"<p>Nasza specjalna edycja <strong>Bernardo Tesori z\u0142oto<\/strong> to <strong>Aceto Balsamico Tradizionale di Modena extravecchio D.O.P.<\/strong>, kt\u00f3re jest klas\u0105 sam\u0105 w sobie. W Bernardo Tesori pr\u00f3bujemy niezliczonych tradycyjnych oct\u00f3w balsamicznych i tylko nieliczne z nich trafiaj\u0105 do naszego sklepu. Nasza Z\u0142ota Seria jest ukoronowaniem tego wyboru, uhonorowaniem specjalnej butelki, kt\u00f3ra zdoby\u0142a nasze uznanie dzi\u0119ki swojej konsystencji, aromatowi i intensywnemu smakowi. Dzielimy si\u0119 z Wami rezultatami tej wyj\u0105tkowej selekcji, a tak\u017ce sprzedajemy w sklepie bardzo ograniczon\u0105 cz\u0119\u015b\u0107 tej serii.<\/p>\n<p><img loading=\"lazy\" decoding=\"async\" class=\"alignleft\" src=\"https:\/\/balsamico.shop\/de\/wp-content\/uploads\/2018\/07\/acetaia.jpg\" alt=\"Bernardo Tesori - z\u0142oto - Aceto Balsamico Tradizionale di Modena ExtraVecchio D.O.P.\" width=\"250\" height=\"205\" \/>O Z\u0142otej Serii Bernardo Tesori: Ten wysokiej jako\u015bci balsamico dojrzewa\u0142 przez <strong>25 lat<\/strong> w pi\u0119ciu r\u00f3\u017cnych drewnianych beczkach (d\u0105b, kasztan, jesion, wi\u015bnia i ja\u0142owiec). Winnice, w kt\u00f3rych uprawia si\u0119 ten balsamico, znajduj\u0105 si\u0119 oko\u0142o 15 km na p\u00f3\u0142noc od centrum Modeny. Do produkcji tego balsamicznego napoju u\u017cyto odmian winogron Trebbiano i Lambrusco.<img decoding=\"async\" class=\"alignright\" src=\"https:\/\/balsamico.shop\/de\/wp-content\/uploads\/2018\/07\/zeit-ist-geld.jpg\" \/><\/p>\n<p>Nasza degustacja wykaza\u0142a, \u017ce w tym balsamico panuje idealna harmonia mi\u0119dzy kwasowo\u015bci\u0105, intensywno\u015bci\u0105 i s\u0142odycz\u0105. Przekona\u0142a nas r\u00f3wnowaga, smaki typowe dla regionu i odmiany winogron, a tak\u017ce staro\u017cytne baterie beczek. Aceto Balsamico Tradizionale D.O.P., o warto\u015bci Brixa przekraczaj\u0105cej 70 punkt\u00f3w, oferuje niezb\u0119dn\u0105 s\u0142odycz bardzo starego balsamico. Kwasowo\u015b\u0107 na poziomie 4% jest doskonale zintegrowana. Tak w\u0142a\u015bnie musi smakowa\u0107 <strong>Tradizionale Extravecchio<\/strong>!<\/p>\n<p>Nasz\u0105 Z\u0142ot\u0105 Seri\u0119 dostarczamy w oryginalnej butelce i trwa\u0142ym drewnianym pude\u0142ku upominkowym z oryginalnym szklanym korkiem.<\/p>\n<p>Sk\u0142adniki: 100% gotowanego moszczu winogronowego. Mo\u017ce zawiera\u0107 naturalne siarczyny.<\/p>\n<p>&nbsp;<\/p>\n<p>Dystrybutor:<br \/>\nBernardo Tesori &#8211; marka nale\u017c\u0105ca do Acoonia GmbH &#8211; Brabandt Str. 8 &#8211; 38100 Braunschweig, Niemcy.<\/p>\n<p>Producent:<br \/>\nACETOMODENA &#8211; Borelle 120 &#8211; 41126 Modena (MO)<\/p>\n<p>&nbsp;<\/p>\n","protected":false},"excerpt":{"rendered":"<p>Nasza specjalna edycja Bernardo Tesori z\u0142oto to Aceto Balsamico Tradizionale di Modena extravecchio D.O.P., kt\u00f3re jest klas\u0105 sam\u0105 w sobie. W Bernardo Tesori pr\u00f3bujemy niezliczonych tradycyjnych oct\u00f3w balsamicznych i tylko nieliczne z nich trafiaj\u0105 do naszego sklepu. Nasza Z\u0142ota Seria jest ukoronowaniem tego wyboru, uhonorowaniem specjalnej butelki, kt\u00f3ra zdoby\u0142a nasze uznanie dzi\u0119ki swojej konsystencji, aromatowi i intensywnemu smakowi. Dzielimy si\u0119 z Wami rezultatami tej wyj\u0105tkowej selekcji, a tak\u017ce sprzedajemy w sklepie bardzo ograniczon\u0105 cz\u0119\u015b\u0107 tej serii. O Z\u0142otej Serii Bernardo Tesori: Ten wysokiej jako\u015bci balsamico dojrzewa\u0142 przez 25 lat w pi\u0119ciu r\u00f3\u017cnych drewnianych beczkach (d\u0105b, kasztan, jesion, wi\u015bnia i ja\u0142owiec). Winnice, w kt\u00f3rych uprawia si\u0119 ten balsamico, znajduj\u0105 si\u0119 oko\u0142o 15 km na p\u00f3\u0142noc od centrum Modeny. Do produkcji tego balsamicznego napoju u\u017cyto odmian winogron Trebbiano i Lambrusco. Nasza degustacja wykaza\u0142a, \u017ce w tym balsamico panuje idealna harmonia mi\u0119dzy kwasowo\u015bci\u0105, intensywno\u015bci\u0105 i s\u0142odycz\u0105. Przekona\u0142a nas r\u00f3wnowaga, smaki typowe dla regionu i odmiany winogron, a tak\u017ce staro\u017cytne baterie beczek. Aceto Balsamico Tradizionale D.O.P., o warto\u015bci Brixa przekraczaj\u0105cej 70 punkt\u00f3w, oferuje niezb\u0119dn\u0105 s\u0142odycz bardzo starego balsamico. Kwasowo\u015b\u0107 na poziomie 4% jest doskonale zintegrowana. Tak w\u0142a\u015bnie musi smakowa\u0107 Tradizionale Extravecchio! Nasz\u0105 Z\u0142ot\u0105 Seri\u0119 dostarczamy w oryginalnej butelce i trwa\u0142ym drewnianym pude\u0142ku upominkowym z oryginalnym szklanym korkiem. Sk\u0142adniki: 100% gotowanego moszczu winogronowego. Mo\u017ce zawiera\u0107 naturalne siarczyny. &nbsp; Dystrybutor: Bernardo Tesori &#8211; marka nale\u017c\u0105ca do Acoonia GmbH &#8211; Brabandt Str. 8 &#8211; 38100 Braunschweig, Niemcy. Producent: ACETOMODENA &#8211; Borelle 120 &#8211; 41126 Modena (MO) &nbsp;<\/p>\n","protected":false},"featured_media":2018,"template":"","meta":[],"product_brand":[],"product_cat":[57],"product_tag":[],"class_list":{"0":"post-2015","1":"product","2":"type-product","3":"status-publish","4":"has-post-thumbnail","6":"product_cat-bernardo-tesori","7":"product_shipping_class-ueber-400","9":"first","10":"instock","11":"taxable","12":"shipping-taxable","13":"purchasable","14":"product-type-simple"},"bundle_layout":"","bundled_by":[],"bundled_items":[],"yoast_head":"<!-- This site is optimized with the Yoast SEO plugin v27.6 - https:\/\/yoast.com\/product\/yoast-seo-wordpress\/ -->\n<title>Bernardo Tesori - z\u0142oto - Aceto Balsamico Tradizionale di Modena ExtraVecchio D.O.P.<\/title>\n<meta name=\"robots\" content=\"index, follow, max-snippet:-1, max-image-preview:large, max-video-preview:-1\" \/>\n<link rel=\"canonical\" href=\"https:\/\/balsamico.shop\/pl\/produkt\/bernardo-tesori-zloto-aceto-balsamico-tradizionale-di-modena-dop-bardzo-stary\/\" \/>\n<meta property=\"og:locale\" content=\"pl_PL\" \/>\n<meta property=\"og:type\" content=\"article\" \/>\n<meta property=\"og:title\" content=\"Bernardo Tesori - z\u0142oto - Aceto Balsamico Tradizionale di Modena ExtraVecchio D.O.P.\" \/>\n<meta property=\"og:description\" content=\"Nasza specjalna edycja Bernardo Tesori z\u0142oto to Aceto Balsamico Tradizionale di Modena extravecchio D.O.P., kt\u00f3re jest klas\u0105 sam\u0105 w sobie. W Bernardo Tesori pr\u00f3bujemy niezliczonych tradycyjnych oct\u00f3w balsamicznych i tylko nieliczne z nich trafiaj\u0105 do naszego sklepu. Nasza Z\u0142ota Seria jest ukoronowaniem tego wyboru, uhonorowaniem specjalnej butelki, kt\u00f3ra zdoby\u0142a nasze uznanie dzi\u0119ki swojej konsystencji, aromatowi i intensywnemu smakowi. Dzielimy si\u0119 z Wami rezultatami tej wyj\u0105tkowej selekcji, a tak\u017ce sprzedajemy w sklepie bardzo ograniczon\u0105 cz\u0119\u015b\u0107 tej serii. O Z\u0142otej Serii Bernardo Tesori: Ten wysokiej jako\u015bci balsamico dojrzewa\u0142 przez 25 lat w pi\u0119ciu r\u00f3\u017cnych drewnianych beczkach (d\u0105b, kasztan, jesion, wi\u015bnia i ja\u0142owiec). Winnice, w kt\u00f3rych uprawia si\u0119 ten balsamico, znajduj\u0105 si\u0119 oko\u0142o 15 km na p\u00f3\u0142noc od centrum Modeny. Do produkcji tego balsamicznego napoju u\u017cyto odmian winogron Trebbiano i Lambrusco. Nasza degustacja wykaza\u0142a, \u017ce w tym balsamico panuje idealna harmonia mi\u0119dzy kwasowo\u015bci\u0105, intensywno\u015bci\u0105 i s\u0142odycz\u0105. Przekona\u0142a nas r\u00f3wnowaga, smaki typowe dla regionu i odmiany winogron, a tak\u017ce staro\u017cytne baterie beczek. Aceto Balsamico Tradizionale D.O.P., o warto\u015bci Brixa przekraczaj\u0105cej 70 punkt\u00f3w, oferuje niezb\u0119dn\u0105 s\u0142odycz bardzo starego balsamico. Kwasowo\u015b\u0107 na poziomie 4% jest doskonale zintegrowana. Tak w\u0142a\u015bnie musi smakowa\u0107 Tradizionale Extravecchio! Nasz\u0105 Z\u0142ot\u0105 Seri\u0119 dostarczamy w oryginalnej butelce i trwa\u0142ym drewnianym pude\u0142ku upominkowym z oryginalnym szklanym korkiem. Sk\u0142adniki: 100% gotowanego moszczu winogronowego. Mo\u017ce zawiera\u0107 naturalne siarczyny. &nbsp; Dystrybutor: Bernardo Tesori &#8211; marka nale\u017c\u0105ca do Acoonia GmbH &#8211; Brabandt Str. 8 &#8211; 38100 Braunschweig, Niemcy. Producent: ACETOMODENA &#8211; Borelle 120 &#8211; 41126 Modena (MO) &nbsp;\" \/>\n<meta property=\"og:url\" content=\"https:\/\/balsamico.shop\/pl\/produkt\/bernardo-tesori-zloto-aceto-balsamico-tradizionale-di-modena-dop-bardzo-stary\/\" \/>\n<meta property=\"og:site_name\" content=\"Aceto Balsamico Shop - Polska\" \/>\n<meta property=\"article:modified_time\" content=\"2026-04-13T18:05:12+00:00\" \/>\n<meta property=\"og:image\" content=\"https:\/\/balsamico.shop\/pl\/wp-content\/uploads\/2018\/07\/bernardo-tesori-aceto-balsamico-tradizionale-di-modena-gold.jpg\" \/>\n\t<meta property=\"og:image:width\" content=\"400\" \/>\n\t<meta property=\"og:image:height\" content=\"520\" \/>\n\t<meta property=\"og:image:type\" content=\"image\/jpeg\" \/>\n<meta name=\"twitter:card\" content=\"summary_large_image\" \/>\n<meta name=\"twitter:label1\" content=\"Szacowany czas czytania\" \/>\n\t<meta name=\"twitter:data1\" content=\"2 minuty\" \/>\n<script type=\"application\/ld+json\" class=\"yoast-schema-graph\">{\"@context\":\"https:\\\/\\\/schema.org\",\"@graph\":[{\"@type\":\"WebPage\",\"@id\":\"https:\\\/\\\/balsamico.shop\\\/pl\\\/produkt\\\/bernardo-tesori-zloto-aceto-balsamico-tradizionale-di-modena-dop-bardzo-stary\\\/\",\"url\":\"https:\\\/\\\/balsamico.shop\\\/pl\\\/produkt\\\/bernardo-tesori-zloto-aceto-balsamico-tradizionale-di-modena-dop-bardzo-stary\\\/\",\"name\":\"Bernardo Tesori - z\u0142oto - Aceto Balsamico Tradizionale di Modena ExtraVecchio D.O.P.\",\"isPartOf\":{\"@id\":\"https:\\\/\\\/balsamico.shop\\\/pl\\\/#website\"},\"primaryImageOfPage\":{\"@id\":\"https:\\\/\\\/balsamico.shop\\\/pl\\\/produkt\\\/bernardo-tesori-zloto-aceto-balsamico-tradizionale-di-modena-dop-bardzo-stary\\\/#primaryimage\"},\"image\":{\"@id\":\"https:\\\/\\\/balsamico.shop\\\/pl\\\/produkt\\\/bernardo-tesori-zloto-aceto-balsamico-tradizionale-di-modena-dop-bardzo-stary\\\/#primaryimage\"},\"thumbnailUrl\":\"https:\\\/\\\/balsamico.shop\\\/pl\\\/wp-content\\\/uploads\\\/2018\\\/07\\\/bernardo-tesori-aceto-balsamico-tradizionale-di-modena-gold.jpg\",\"datePublished\":\"2018-07-07T17:07:33+00:00\",\"dateModified\":\"2026-04-13T18:05:12+00:00\",\"breadcrumb\":{\"@id\":\"https:\\\/\\\/balsamico.shop\\\/pl\\\/produkt\\\/bernardo-tesori-zloto-aceto-balsamico-tradizionale-di-modena-dop-bardzo-stary\\\/#breadcrumb\"},\"inLanguage\":\"pl-PL\",\"potentialAction\":[{\"@type\":\"ReadAction\",\"target\":[\"https:\\\/\\\/balsamico.shop\\\/pl\\\/produkt\\\/bernardo-tesori-zloto-aceto-balsamico-tradizionale-di-modena-dop-bardzo-stary\\\/\"]}]},{\"@type\":\"ImageObject\",\"inLanguage\":\"pl-PL\",\"@id\":\"https:\\\/\\\/balsamico.shop\\\/pl\\\/produkt\\\/bernardo-tesori-zloto-aceto-balsamico-tradizionale-di-modena-dop-bardzo-stary\\\/#primaryimage\",\"url\":\"https:\\\/\\\/balsamico.shop\\\/pl\\\/wp-content\\\/uploads\\\/2018\\\/07\\\/bernardo-tesori-aceto-balsamico-tradizionale-di-modena-gold.jpg\",\"contentUrl\":\"https:\\\/\\\/balsamico.shop\\\/pl\\\/wp-content\\\/uploads\\\/2018\\\/07\\\/bernardo-tesori-aceto-balsamico-tradizionale-di-modena-gold.jpg\",\"width\":400,\"height\":520,\"caption\":\"Bernardo Tesori Aceto Balsamico Tradizionale di Modena DOP extravecchio - Gold\"},{\"@type\":\"BreadcrumbList\",\"@id\":\"https:\\\/\\\/balsamico.shop\\\/pl\\\/produkt\\\/bernardo-tesori-zloto-aceto-balsamico-tradizionale-di-modena-dop-bardzo-stary\\\/#breadcrumb\",\"itemListElement\":[{\"@type\":\"ListItem\",\"position\":1,\"name\":\"Home\",\"item\":\"https:\\\/\\\/balsamico.shop\\\/pl\\\/\"},{\"@type\":\"ListItem\",\"position\":2,\"name\":\"Ocet Balsamiczny &#8211; Sklep Internetowy\",\"item\":\"https:\\\/\\\/balsamico.shop\\\/pl\\\/shop\\\/\"},{\"@type\":\"ListItem\",\"position\":3,\"name\":\"Bernardo Tesori &#8211; z\u0142oto &#8211; Aceto Balsamico Tradizionale di Modena ExtraVecchio D.O.P.\"}]},{\"@type\":\"WebSite\",\"@id\":\"https:\\\/\\\/balsamico.shop\\\/pl\\\/#website\",\"url\":\"https:\\\/\\\/balsamico.shop\\\/pl\\\/\",\"name\":\"Aceto Balsamico Shop - Polska\",\"description\":\"Ocet balsamiczny sklep internetowy\",\"potentialAction\":[{\"@type\":\"SearchAction\",\"target\":{\"@type\":\"EntryPoint\",\"urlTemplate\":\"https:\\\/\\\/balsamico.shop\\\/pl\\\/?s={search_term_string}\"},\"query-input\":{\"@type\":\"PropertyValueSpecification\",\"valueRequired\":true,\"valueName\":\"search_term_string\"}}],\"inLanguage\":\"pl-PL\"}]}<\/script>\n<!-- \/ Yoast SEO plugin. -->","yoast_head_json":{"title":"Bernardo Tesori - z\u0142oto - Aceto Balsamico Tradizionale di Modena ExtraVecchio D.O.P.","robots":{"index":"index","follow":"follow","max-snippet":"max-snippet:-1","max-image-preview":"max-image-preview:large","max-video-preview":"max-video-preview:-1"},"canonical":"https:\/\/balsamico.shop\/pl\/produkt\/bernardo-tesori-zloto-aceto-balsamico-tradizionale-di-modena-dop-bardzo-stary\/","og_locale":"pl_PL","og_type":"article","og_title":"Bernardo Tesori - z\u0142oto - Aceto Balsamico Tradizionale di Modena ExtraVecchio D.O.P.","og_description":"Nasza specjalna edycja Bernardo Tesori z\u0142oto to Aceto Balsamico Tradizionale di Modena extravecchio D.O.P., kt\u00f3re jest klas\u0105 sam\u0105 w sobie. W Bernardo Tesori pr\u00f3bujemy niezliczonych tradycyjnych oct\u00f3w balsamicznych i tylko nieliczne z nich trafiaj\u0105 do naszego sklepu. Nasza Z\u0142ota Seria jest ukoronowaniem tego wyboru, uhonorowaniem specjalnej butelki, kt\u00f3ra zdoby\u0142a nasze uznanie dzi\u0119ki swojej konsystencji, aromatowi i intensywnemu smakowi. Dzielimy si\u0119 z Wami rezultatami tej wyj\u0105tkowej selekcji, a tak\u017ce sprzedajemy w sklepie bardzo ograniczon\u0105 cz\u0119\u015b\u0107 tej serii. O Z\u0142otej Serii Bernardo Tesori: Ten wysokiej jako\u015bci balsamico dojrzewa\u0142 przez 25 lat w pi\u0119ciu r\u00f3\u017cnych drewnianych beczkach (d\u0105b, kasztan, jesion, wi\u015bnia i ja\u0142owiec). Winnice, w kt\u00f3rych uprawia si\u0119 ten balsamico, znajduj\u0105 si\u0119 oko\u0142o 15 km na p\u00f3\u0142noc od centrum Modeny. Do produkcji tego balsamicznego napoju u\u017cyto odmian winogron Trebbiano i Lambrusco. Nasza degustacja wykaza\u0142a, \u017ce w tym balsamico panuje idealna harmonia mi\u0119dzy kwasowo\u015bci\u0105, intensywno\u015bci\u0105 i s\u0142odycz\u0105. Przekona\u0142a nas r\u00f3wnowaga, smaki typowe dla regionu i odmiany winogron, a tak\u017ce staro\u017cytne baterie beczek. Aceto Balsamico Tradizionale D.O.P., o warto\u015bci Brixa przekraczaj\u0105cej 70 punkt\u00f3w, oferuje niezb\u0119dn\u0105 s\u0142odycz bardzo starego balsamico. Kwasowo\u015b\u0107 na poziomie 4% jest doskonale zintegrowana. Tak w\u0142a\u015bnie musi smakowa\u0107 Tradizionale Extravecchio! Nasz\u0105 Z\u0142ot\u0105 Seri\u0119 dostarczamy w oryginalnej butelce i trwa\u0142ym drewnianym pude\u0142ku upominkowym z oryginalnym szklanym korkiem. Sk\u0142adniki: 100% gotowanego moszczu winogronowego. Mo\u017ce zawiera\u0107 naturalne siarczyny. &nbsp; Dystrybutor: Bernardo Tesori &#8211; marka nale\u017c\u0105ca do Acoonia GmbH &#8211; Brabandt Str. 8 &#8211; 38100 Braunschweig, Niemcy. Producent: ACETOMODENA &#8211; Borelle 120 &#8211; 41126 Modena (MO) &nbsp;","og_url":"https:\/\/balsamico.shop\/pl\/produkt\/bernardo-tesori-zloto-aceto-balsamico-tradizionale-di-modena-dop-bardzo-stary\/","og_site_name":"Aceto Balsamico Shop - Polska","article_modified_time":"2026-04-13T18:05:12+00:00","og_image":[{"width":400,"height":520,"url":"https:\/\/balsamico.shop\/pl\/wp-content\/uploads\/2018\/07\/bernardo-tesori-aceto-balsamico-tradizionale-di-modena-gold.jpg","type":"image\/jpeg"}],"twitter_card":"summary_large_image","twitter_misc":{"Szacowany czas czytania":"2 minuty"},"schema":{"@context":"https:\/\/schema.org","@graph":[{"@type":"WebPage","@id":"https:\/\/balsamico.shop\/pl\/produkt\/bernardo-tesori-zloto-aceto-balsamico-tradizionale-di-modena-dop-bardzo-stary\/","url":"https:\/\/balsamico.shop\/pl\/produkt\/bernardo-tesori-zloto-aceto-balsamico-tradizionale-di-modena-dop-bardzo-stary\/","name":"Bernardo Tesori - z\u0142oto - Aceto Balsamico Tradizionale di Modena ExtraVecchio D.O.P.","isPartOf":{"@id":"https:\/\/balsamico.shop\/pl\/#website"},"primaryImageOfPage":{"@id":"https:\/\/balsamico.shop\/pl\/produkt\/bernardo-tesori-zloto-aceto-balsamico-tradizionale-di-modena-dop-bardzo-stary\/#primaryimage"},"image":{"@id":"https:\/\/balsamico.shop\/pl\/produkt\/bernardo-tesori-zloto-aceto-balsamico-tradizionale-di-modena-dop-bardzo-stary\/#primaryimage"},"thumbnailUrl":"https:\/\/balsamico.shop\/pl\/wp-content\/uploads\/2018\/07\/bernardo-tesori-aceto-balsamico-tradizionale-di-modena-gold.jpg","datePublished":"2018-07-07T17:07:33+00:00","dateModified":"2026-04-13T18:05:12+00:00","breadcrumb":{"@id":"https:\/\/balsamico.shop\/pl\/produkt\/bernardo-tesori-zloto-aceto-balsamico-tradizionale-di-modena-dop-bardzo-stary\/#breadcrumb"},"inLanguage":"pl-PL","potentialAction":[{"@type":"ReadAction","target":["https:\/\/balsamico.shop\/pl\/produkt\/bernardo-tesori-zloto-aceto-balsamico-tradizionale-di-modena-dop-bardzo-stary\/"]}]},{"@type":"ImageObject","inLanguage":"pl-PL","@id":"https:\/\/balsamico.shop\/pl\/produkt\/bernardo-tesori-zloto-aceto-balsamico-tradizionale-di-modena-dop-bardzo-stary\/#primaryimage","url":"https:\/\/balsamico.shop\/pl\/wp-content\/uploads\/2018\/07\/bernardo-tesori-aceto-balsamico-tradizionale-di-modena-gold.jpg","contentUrl":"https:\/\/balsamico.shop\/pl\/wp-content\/uploads\/2018\/07\/bernardo-tesori-aceto-balsamico-tradizionale-di-modena-gold.jpg","width":400,"height":520,"caption":"Bernardo Tesori Aceto Balsamico Tradizionale di Modena DOP extravecchio - Gold"},{"@type":"BreadcrumbList","@id":"https:\/\/balsamico.shop\/pl\/produkt\/bernardo-tesori-zloto-aceto-balsamico-tradizionale-di-modena-dop-bardzo-stary\/#breadcrumb","itemListElement":[{"@type":"ListItem","position":1,"name":"Home","item":"https:\/\/balsamico.shop\/pl\/"},{"@type":"ListItem","position":2,"name":"Ocet Balsamiczny &#8211; Sklep Internetowy","item":"https:\/\/balsamico.shop\/pl\/shop\/"},{"@type":"ListItem","position":3,"name":"Bernardo Tesori &#8211; z\u0142oto &#8211; Aceto Balsamico Tradizionale di Modena ExtraVecchio D.O.P."}]},{"@type":"WebSite","@id":"https:\/\/balsamico.shop\/pl\/#website","url":"https:\/\/balsamico.shop\/pl\/","name":"Aceto Balsamico Shop - Polska","description":"Ocet balsamiczny sklep internetowy","potentialAction":[{"@type":"SearchAction","target":{"@type":"EntryPoint","urlTemplate":"https:\/\/balsamico.shop\/pl\/?s={search_term_string}"},"query-input":{"@type":"PropertyValueSpecification","valueRequired":true,"valueName":"search_term_string"}}],"inLanguage":"pl-PL"}]}},"_links":{"self":[{"href":"https:\/\/balsamico.shop\/pl\/wp-json\/wp\/v2\/product\/2015","targetHints":{"allow":["GET"]}}],"collection":[{"href":"https:\/\/balsamico.shop\/pl\/wp-json\/wp\/v2\/product"}],"about":[{"href":"https:\/\/balsamico.shop\/pl\/wp-json\/wp\/v2\/types\/product"}],"wp:featuredmedia":[{"embeddable":true,"href":"https:\/\/balsamico.shop\/pl\/wp-json\/wp\/v2\/media\/2018"}],"wp:attachment":[{"href":"https:\/\/balsamico.shop\/pl\/wp-json\/wp\/v2\/media?parent=2015"}],"wp:term":[{"taxonomy":"product_brand","embeddable":true,"href":"https:\/\/balsamico.shop\/pl\/wp-json\/wp\/v2\/product_brand?post=2015"},{"taxonomy":"product_cat","embeddable":true,"href":"https:\/\/balsamico.shop\/pl\/wp-json\/wp\/v2\/product_cat?post=2015"},{"taxonomy":"product_tag","embeddable":true,"href":"https:\/\/balsamico.shop\/pl\/wp-json\/wp\/v2\/product_tag?post=2015"}],"curies":[{"name":"wp","href":"https:\/\/api.w.org\/{rel}","templated":true}]}}