{"id":2008,"date":"2021-03-27T23:31:16","date_gmt":"2021-03-27T22:31:16","guid":{"rendered":"https:\/\/balsamico.shop\/pl\/?post_type=product&#038;p=2008"},"modified":"2026-04-01T13:45:56","modified_gmt":"2026-04-01T11:45:56","slug":"aceto-balsamico-di-modena-igp-bernardo-tesori","status":"publish","type":"product","link":"https:\/\/balsamico.shop\/pl\/produkt\/aceto-balsamico-di-modena-igp-bernardo-tesori\/","title":{"rendered":"Aceto Balsamico di Modena IGP &#8211; Bernardo Tesori"},"content":{"rendered":"<p><strong>Nowo\u015b\u0107<\/strong>! Nasze Bernardo Tesori &#8211; <strong>Aceto Balsamico di Modena I.G.P.<\/strong> &#8211; Bronze Edition w ekskluzywnym butelkowaniu. Ten le\u017cakowany w drewnianych beczkach balsamico przekonuje swoj\u0105 wysok\u0105 g\u0119sto\u015bci\u0105 i syropowat\u0105 konsystencj\u0105. Idealnie nadaje si\u0119 do przygotowywania smacznych dressing\u00f3w i sos\u00f3w do codziennego u\u017cytku. Jego g\u0119sta konsystencja sprawia, \u017ce nadaje si\u0119 r\u00f3wnie\u017c do przyozdabiania da\u0144 g\u0142\u00f3wnych. Szczeg\u00f3lnie nadaje si\u0119 do klasycznego przepisu z pomidorami, mozzarell\u0105, octem balsamicznym i \u015bwie\u017c\u0105 bazyli\u0105. Otrzymujesz najwy\u017cszej klasy w\u0142oskie Aceto Balsamico di Modena IGP o niewiarygodnie korzystnym stosunku jako\u015bci do ceny.<\/p>\n<p>Ten <strong>certyfikowany balsamico I.G.P.<\/strong> jest wyj\u0105tkowo ciemny, wyj\u0105tkowo owocowy w smaku i nasycony subtelnymi drzewnymi nutami wi\u015bni i d\u0119bu. Sze\u015bcioprocentowa kwasowo\u015b\u0107 (kt\u00f3r\u0105 musi mie\u0107 Aceto Balsamico di Modena I.G.P.) jest doskonale zintegrowana i tworzy przyjemn\u0105 harmoni\u0119 mi\u0119dzy s\u0142odycz\u0105 a kwasowo\u015bci\u0105, dzi\u0119ki czemu balsamico to mo\u017ce by\u0107 r\u00f3wnie\u017c spo\u017cywane w czystej postaci. Ten w\u0142oski produkt naturalny zosta\u0142 wyprodukowany bez barwnik\u00f3w i sztucznych dodatk\u00f3w. <img loading=\"lazy\" decoding=\"async\" class=\"alignright\" src=\"https:\/\/balsamico.shop\/de\/wp-content\/uploads\/2021\/03\/bronze-tropfen-balsamico-bernardo-tesori.png\" alt=\"Aceto Balsamico di Modena IGP - Bernardo Tesori\" width=\"253\" height=\"256\" \/><\/p>\n<p>Aromat jest dobrze zr\u00f3wnowa\u017cony, z lekkimi nutami tytoniu i \u015bliwek. Kwasowo\u015b\u0107 jest dyskretnie w tle i nie wyr\u00f3\u017cnia si\u0119.<\/p>\n<p>Br\u0105zowa butelka Bernardo Tesori zosta\u0142a stworzona w \u015bcis\u0142ej wsp\u00f3\u0142pracy z najlepszymi specjalistami balsamicznymi z Modeny i udoskonalona przez &#8222;Mistrza Smaku&#8221; znanej rodzinnej octowni. Otrzymasz balsamico premium, kt\u00f3re mo\u017cesz kupi\u0107 tylko u nas w sklepie internetowym! Zintegrowany nalewak gwarantuje nalewanie bez kapania. Dzi\u0119ki temu mo\u017cna umie\u015bci\u0107 butelk\u0119 na stole jadalnym w atrakcyjny wizualnie spos\u00f3b. Pyszne arcydzie\u0142o w bezkonkurencyjnej cenie.<\/p>\n<p><strong>Informacje dotycz\u0105ce przechowywania i trwa\u0142o\u015bci<\/strong>: Najlepiej spo\u017cy\u0107 przed: 03\/2031, nawet po otwarciu. Przechowywa\u0107 zamkni\u0119te w temperaturze pokojowej, z dala od bezpo\u015bredniego \u015bwiat\u0142a s\u0142onecznego.<\/p>\n<p><span style=\"text-decoration: underline;\"><strong>Dane produktu<\/strong><\/span>:<\/p>\n<p><strong>Dojrzewanie<\/strong>: moszcz winogronowy dojrzewa w d\u0119bowych beczkach, ocet winny dojrzewa w d\u0119bowych beczkach.<\/p>\n<p><strong>Odmiany winogron<\/strong>: Lambrusco i Trebbiano.<\/p>\n<p><strong>G\u0119sto\u015b\u0107<\/strong>: 1,34 &#8211; jako\u015b\u0107 premium (syropowata \/ lepka)<\/p>\n<p><strong>Kolor<\/strong>: g\u0142\u0119boki ciemny br\u0105z<\/p>\n<p><strong>Aromat<\/strong>: przyjemnie pow\u015bci\u0105gliwy, z wyra\u017an\u0105 kwasowo\u015bci\u0105, intensywnie owocowy i pobudzaj\u0105cy.<\/p>\n<p><strong>Smak i intensywno\u015b\u0107<\/strong>: s\u0142odki, intensywny smak z lekkimi nutami tytoniu i \u015bliwek, harmonijnie zintegrowana kwasowo\u015b\u0107.<\/p>\n<p><strong>Przechowywanie<\/strong>: przechowywa\u0107 w ch\u0142odnym, suchym miejscu, chroni\u0107 przed \u015bwiat\u0142em i ciep\u0142em.<\/p>\n<p><strong>Butelkowanie<\/strong>: 2021 r.<\/p>\n<p><strong>Okres trwa\u0142o\u015bci<\/strong>: 10 lat &#8211; do MHD 03\/2031<\/p>\n<p><strong>Kraj pochodzenia<\/strong>: W\u0142ochy<\/p>\n<p><strong>Produkowane i przetwarzane<\/strong>: Modena, W\u0142ochy<\/p>\n<p><strong>Piecz\u0119\u0107 ochronna<\/strong>: I.G.P. =\u00a0Chronione Oznaczenie Geograficzne (ChOG).<\/p>\n<p><strong>Oznaczenie chronione przez<\/strong>: Rozporz\u0105dzenie (WE) nr 583\/2009 &#8211; Aceto Balsamico di Modena.<\/p>\n<p><strong>Wylewka<\/strong>: zintegrowana, silikonowa<\/p>\n<p><strong>Ilo\u015b\u0107<\/strong>: 250 mililitr\u00f3w<\/p>\n<p><strong>Sk\u0142adniki<\/strong>: 6% kwasu, gotowany moszcz winogronowy, ocet winny.<\/p>\n<p><strong>Uwaga<\/strong>: zawiera siarczyny<\/p>\n<p>Miejsce butelkowania: n.CSAQ 392211, Modena, W\u0142ochy.<\/p>\n<p>Dystrybutor: Bernardo Tesori &#8211; marka nale\u017c\u0105ca do Acoonia GmbH. Brabandtstrasse 8, 38100 Brunszwik<\/p>\n","protected":false},"excerpt":{"rendered":"<p>Nowo\u015b\u0107! Nasze Bernardo Tesori &#8211; Aceto Balsamico di Modena I.G.P. &#8211; Bronze Edition w ekskluzywnym butelkowaniu. Ten le\u017cakowany w drewnianych beczkach balsamico przekonuje swoj\u0105 wysok\u0105 g\u0119sto\u015bci\u0105 i syropowat\u0105 konsystencj\u0105. Idealnie nadaje si\u0119 do przygotowywania smacznych dressing\u00f3w i sos\u00f3w do codziennego u\u017cytku. Jego g\u0119sta konsystencja sprawia, \u017ce nadaje si\u0119 r\u00f3wnie\u017c do przyozdabiania da\u0144 g\u0142\u00f3wnych. Szczeg\u00f3lnie nadaje si\u0119 do klasycznego przepisu z pomidorami, mozzarell\u0105, octem balsamicznym i \u015bwie\u017c\u0105 bazyli\u0105. Otrzymujesz najwy\u017cszej klasy w\u0142oskie Aceto Balsamico di Modena IGP o niewiarygodnie korzystnym stosunku jako\u015bci do ceny. Ten certyfikowany balsamico I.G.P. jest wyj\u0105tkowo ciemny, wyj\u0105tkowo owocowy w smaku i nasycony subtelnymi drzewnymi nutami wi\u015bni i d\u0119bu. Sze\u015bcioprocentowa kwasowo\u015b\u0107 (kt\u00f3r\u0105 musi mie\u0107 Aceto Balsamico di Modena I.G.P.) jest doskonale zintegrowana i tworzy przyjemn\u0105 harmoni\u0119 mi\u0119dzy s\u0142odycz\u0105 a kwasowo\u015bci\u0105, dzi\u0119ki czemu balsamico to mo\u017ce by\u0107 r\u00f3wnie\u017c spo\u017cywane w czystej postaci. Ten w\u0142oski produkt naturalny zosta\u0142 wyprodukowany bez barwnik\u00f3w i sztucznych dodatk\u00f3w. Aromat jest dobrze zr\u00f3wnowa\u017cony, z lekkimi nutami tytoniu i \u015bliwek. Kwasowo\u015b\u0107 jest dyskretnie w tle i nie wyr\u00f3\u017cnia si\u0119. Br\u0105zowa butelka Bernardo Tesori zosta\u0142a stworzona w \u015bcis\u0142ej wsp\u00f3\u0142pracy z najlepszymi specjalistami balsamicznymi z Modeny i udoskonalona przez &#8222;Mistrza Smaku&#8221; znanej rodzinnej octowni. Otrzymasz balsamico premium, kt\u00f3re mo\u017cesz kupi\u0107 tylko u nas w sklepie internetowym! Zintegrowany nalewak gwarantuje nalewanie bez kapania. Dzi\u0119ki temu mo\u017cna umie\u015bci\u0107 butelk\u0119 na stole jadalnym w atrakcyjny wizualnie spos\u00f3b. Pyszne arcydzie\u0142o w bezkonkurencyjnej cenie. Informacje dotycz\u0105ce przechowywania i trwa\u0142o\u015bci: Najlepiej spo\u017cy\u0107 przed: 03\/2031, nawet po otwarciu. Przechowywa\u0107 zamkni\u0119te w temperaturze pokojowej, z dala od bezpo\u015bredniego \u015bwiat\u0142a s\u0142onecznego. Dane produktu: Dojrzewanie: moszcz winogronowy dojrzewa w d\u0119bowych beczkach, ocet winny dojrzewa w d\u0119bowych beczkach. Odmiany winogron: Lambrusco i Trebbiano. G\u0119sto\u015b\u0107: 1,34 &#8211; jako\u015b\u0107 premium (syropowata \/ lepka) Kolor: g\u0142\u0119boki ciemny br\u0105z Aromat: przyjemnie pow\u015bci\u0105gliwy, z wyra\u017an\u0105 kwasowo\u015bci\u0105, intensywnie owocowy i pobudzaj\u0105cy. Smak i intensywno\u015b\u0107: s\u0142odki, intensywny smak z lekkimi nutami tytoniu i \u015bliwek, harmonijnie zintegrowana kwasowo\u015b\u0107. Przechowywanie: przechowywa\u0107 w ch\u0142odnym, suchym miejscu, chroni\u0107 przed \u015bwiat\u0142em i ciep\u0142em. Butelkowanie: 2021 r. Okres trwa\u0142o\u015bci: 10 lat &#8211; do MHD 03\/2031 Kraj pochodzenia: W\u0142ochy Produkowane i przetwarzane: Modena, W\u0142ochy Piecz\u0119\u0107 ochronna: I.G.P. =\u00a0Chronione Oznaczenie Geograficzne (ChOG). Oznaczenie chronione przez: Rozporz\u0105dzenie (WE) nr 583\/2009 &#8211; Aceto Balsamico di Modena. Wylewka: zintegrowana, silikonowa Ilo\u015b\u0107: 250 mililitr\u00f3w Sk\u0142adniki: 6% kwasu, gotowany moszcz winogronowy, ocet winny. Uwaga: zawiera siarczyny Miejsce butelkowania: n.CSAQ 392211, Modena, W\u0142ochy. Dystrybutor: Bernardo Tesori &#8211; marka nale\u017c\u0105ca do Acoonia GmbH. Brabandtstrasse 8, 38100 Brunszwik<\/p>\n","protected":false},"featured_media":2011,"template":"","meta":[],"product_brand":[],"product_cat":[57],"product_tag":[],"class_list":{"0":"post-2008","1":"product","2":"type-product","3":"status-publish","4":"has-post-thumbnail","6":"product_cat-bernardo-tesori","7":"product_shipping_class-balsamico","9":"first","10":"outofstock","11":"taxable","12":"shipping-taxable","13":"purchasable","14":"product-type-simple"},"bundle_layout":"","bundled_by":[],"bundled_items":[],"yoast_head":"<!-- This site is optimized with the Yoast SEO plugin v27.4 - https:\/\/yoast.com\/product\/yoast-seo-wordpress\/ -->\n<title>Aceto Balsamico di Modena IGP - Bernardo Tesori<\/title>\n<meta name=\"robots\" content=\"index, follow, max-snippet:-1, max-image-preview:large, max-video-preview:-1\" \/>\n<link rel=\"canonical\" href=\"https:\/\/balsamico.shop\/pl\/produkt\/aceto-balsamico-di-modena-igp-bernardo-tesori\/\" \/>\n<meta property=\"og:locale\" content=\"pl_PL\" \/>\n<meta property=\"og:type\" content=\"article\" \/>\n<meta property=\"og:title\" content=\"Aceto Balsamico di Modena IGP - Bernardo Tesori\" \/>\n<meta property=\"og:description\" content=\"Nowo\u015b\u0107! Nasze Bernardo Tesori &#8211; Aceto Balsamico di Modena I.G.P. &#8211; Bronze Edition w ekskluzywnym butelkowaniu. Ten le\u017cakowany w drewnianych beczkach balsamico przekonuje swoj\u0105 wysok\u0105 g\u0119sto\u015bci\u0105 i syropowat\u0105 konsystencj\u0105. Idealnie nadaje si\u0119 do przygotowywania smacznych dressing\u00f3w i sos\u00f3w do codziennego u\u017cytku. Jego g\u0119sta konsystencja sprawia, \u017ce nadaje si\u0119 r\u00f3wnie\u017c do przyozdabiania da\u0144 g\u0142\u00f3wnych. Szczeg\u00f3lnie nadaje si\u0119 do klasycznego przepisu z pomidorami, mozzarell\u0105, octem balsamicznym i \u015bwie\u017c\u0105 bazyli\u0105. Otrzymujesz najwy\u017cszej klasy w\u0142oskie Aceto Balsamico di Modena IGP o niewiarygodnie korzystnym stosunku jako\u015bci do ceny. Ten certyfikowany balsamico I.G.P. jest wyj\u0105tkowo ciemny, wyj\u0105tkowo owocowy w smaku i nasycony subtelnymi drzewnymi nutami wi\u015bni i d\u0119bu. Sze\u015bcioprocentowa kwasowo\u015b\u0107 (kt\u00f3r\u0105 musi mie\u0107 Aceto Balsamico di Modena I.G.P.) jest doskonale zintegrowana i tworzy przyjemn\u0105 harmoni\u0119 mi\u0119dzy s\u0142odycz\u0105 a kwasowo\u015bci\u0105, dzi\u0119ki czemu balsamico to mo\u017ce by\u0107 r\u00f3wnie\u017c spo\u017cywane w czystej postaci. Ten w\u0142oski produkt naturalny zosta\u0142 wyprodukowany bez barwnik\u00f3w i sztucznych dodatk\u00f3w. Aromat jest dobrze zr\u00f3wnowa\u017cony, z lekkimi nutami tytoniu i \u015bliwek. Kwasowo\u015b\u0107 jest dyskretnie w tle i nie wyr\u00f3\u017cnia si\u0119. Br\u0105zowa butelka Bernardo Tesori zosta\u0142a stworzona w \u015bcis\u0142ej wsp\u00f3\u0142pracy z najlepszymi specjalistami balsamicznymi z Modeny i udoskonalona przez &#8222;Mistrza Smaku&#8221; znanej rodzinnej octowni. Otrzymasz balsamico premium, kt\u00f3re mo\u017cesz kupi\u0107 tylko u nas w sklepie internetowym! Zintegrowany nalewak gwarantuje nalewanie bez kapania. Dzi\u0119ki temu mo\u017cna umie\u015bci\u0107 butelk\u0119 na stole jadalnym w atrakcyjny wizualnie spos\u00f3b. Pyszne arcydzie\u0142o w bezkonkurencyjnej cenie. Informacje dotycz\u0105ce przechowywania i trwa\u0142o\u015bci: Najlepiej spo\u017cy\u0107 przed: 03\/2031, nawet po otwarciu. Przechowywa\u0107 zamkni\u0119te w temperaturze pokojowej, z dala od bezpo\u015bredniego \u015bwiat\u0142a s\u0142onecznego. Dane produktu: Dojrzewanie: moszcz winogronowy dojrzewa w d\u0119bowych beczkach, ocet winny dojrzewa w d\u0119bowych beczkach. Odmiany winogron: Lambrusco i Trebbiano. G\u0119sto\u015b\u0107: 1,34 &#8211; jako\u015b\u0107 premium (syropowata \/ lepka) Kolor: g\u0142\u0119boki ciemny br\u0105z Aromat: przyjemnie pow\u015bci\u0105gliwy, z wyra\u017an\u0105 kwasowo\u015bci\u0105, intensywnie owocowy i pobudzaj\u0105cy. Smak i intensywno\u015b\u0107: s\u0142odki, intensywny smak z lekkimi nutami tytoniu i \u015bliwek, harmonijnie zintegrowana kwasowo\u015b\u0107. Przechowywanie: przechowywa\u0107 w ch\u0142odnym, suchym miejscu, chroni\u0107 przed \u015bwiat\u0142em i ciep\u0142em. Butelkowanie: 2021 r. Okres trwa\u0142o\u015bci: 10 lat &#8211; do MHD 03\/2031 Kraj pochodzenia: W\u0142ochy Produkowane i przetwarzane: Modena, W\u0142ochy Piecz\u0119\u0107 ochronna: I.G.P. =\u00a0Chronione Oznaczenie Geograficzne (ChOG). Oznaczenie chronione przez: Rozporz\u0105dzenie (WE) nr 583\/2009 &#8211; Aceto Balsamico di Modena. Wylewka: zintegrowana, silikonowa Ilo\u015b\u0107: 250 mililitr\u00f3w Sk\u0142adniki: 6% kwasu, gotowany moszcz winogronowy, ocet winny. Uwaga: zawiera siarczyny Miejsce butelkowania: n.CSAQ 392211, Modena, W\u0142ochy. Dystrybutor: Bernardo Tesori &#8211; marka nale\u017c\u0105ca do Acoonia GmbH. Brabandtstrasse 8, 38100 Brunszwik\" \/>\n<meta property=\"og:url\" content=\"https:\/\/balsamico.shop\/pl\/produkt\/aceto-balsamico-di-modena-igp-bernardo-tesori\/\" \/>\n<meta property=\"og:site_name\" content=\"Aceto Balsamico Shop - Polska\" \/>\n<meta property=\"article:modified_time\" content=\"2026-04-01T11:45:56+00:00\" \/>\n<meta property=\"og:image\" content=\"https:\/\/balsamico.shop\/pl\/wp-content\/uploads\/2021\/03\/bernardo-tesori-aceto-balsamico-di-modena-igp.jpg\" \/>\n\t<meta property=\"og:image:width\" content=\"1600\" \/>\n\t<meta property=\"og:image:height\" content=\"1872\" \/>\n\t<meta property=\"og:image:type\" content=\"image\/jpeg\" \/>\n<meta name=\"twitter:card\" content=\"summary_large_image\" \/>\n<meta name=\"twitter:label1\" content=\"Szacowany czas czytania\" \/>\n\t<meta name=\"twitter:data1\" content=\"3 minuty\" \/>\n<script type=\"application\/ld+json\" class=\"yoast-schema-graph\">{\"@context\":\"https:\\\/\\\/schema.org\",\"@graph\":[{\"@type\":\"WebPage\",\"@id\":\"https:\\\/\\\/balsamico.shop\\\/pl\\\/produkt\\\/aceto-balsamico-di-modena-igp-bernardo-tesori\\\/\",\"url\":\"https:\\\/\\\/balsamico.shop\\\/pl\\\/produkt\\\/aceto-balsamico-di-modena-igp-bernardo-tesori\\\/\",\"name\":\"Aceto Balsamico di Modena IGP - Bernardo Tesori\",\"isPartOf\":{\"@id\":\"https:\\\/\\\/balsamico.shop\\\/pl\\\/#website\"},\"primaryImageOfPage\":{\"@id\":\"https:\\\/\\\/balsamico.shop\\\/pl\\\/produkt\\\/aceto-balsamico-di-modena-igp-bernardo-tesori\\\/#primaryimage\"},\"image\":{\"@id\":\"https:\\\/\\\/balsamico.shop\\\/pl\\\/produkt\\\/aceto-balsamico-di-modena-igp-bernardo-tesori\\\/#primaryimage\"},\"thumbnailUrl\":\"https:\\\/\\\/balsamico.shop\\\/pl\\\/wp-content\\\/uploads\\\/2021\\\/03\\\/bernardo-tesori-aceto-balsamico-di-modena-igp.jpg\",\"datePublished\":\"2021-03-27T22:31:16+00:00\",\"dateModified\":\"2026-04-01T11:45:56+00:00\",\"breadcrumb\":{\"@id\":\"https:\\\/\\\/balsamico.shop\\\/pl\\\/produkt\\\/aceto-balsamico-di-modena-igp-bernardo-tesori\\\/#breadcrumb\"},\"inLanguage\":\"pl-PL\",\"potentialAction\":[{\"@type\":\"ReadAction\",\"target\":[\"https:\\\/\\\/balsamico.shop\\\/pl\\\/produkt\\\/aceto-balsamico-di-modena-igp-bernardo-tesori\\\/\"]}]},{\"@type\":\"ImageObject\",\"inLanguage\":\"pl-PL\",\"@id\":\"https:\\\/\\\/balsamico.shop\\\/pl\\\/produkt\\\/aceto-balsamico-di-modena-igp-bernardo-tesori\\\/#primaryimage\",\"url\":\"https:\\\/\\\/balsamico.shop\\\/pl\\\/wp-content\\\/uploads\\\/2021\\\/03\\\/bernardo-tesori-aceto-balsamico-di-modena-igp.jpg\",\"contentUrl\":\"https:\\\/\\\/balsamico.shop\\\/pl\\\/wp-content\\\/uploads\\\/2021\\\/03\\\/bernardo-tesori-aceto-balsamico-di-modena-igp.jpg\",\"width\":1600,\"height\":1872},{\"@type\":\"BreadcrumbList\",\"@id\":\"https:\\\/\\\/balsamico.shop\\\/pl\\\/produkt\\\/aceto-balsamico-di-modena-igp-bernardo-tesori\\\/#breadcrumb\",\"itemListElement\":[{\"@type\":\"ListItem\",\"position\":1,\"name\":\"Home\",\"item\":\"https:\\\/\\\/balsamico.shop\\\/pl\\\/\"},{\"@type\":\"ListItem\",\"position\":2,\"name\":\"Ocet Balsamiczny &#8211; Sklep Internetowy\",\"item\":\"https:\\\/\\\/balsamico.shop\\\/pl\\\/shop\\\/\"},{\"@type\":\"ListItem\",\"position\":3,\"name\":\"Aceto Balsamico di Modena IGP &#8211; Bernardo Tesori\"}]},{\"@type\":\"WebSite\",\"@id\":\"https:\\\/\\\/balsamico.shop\\\/pl\\\/#website\",\"url\":\"https:\\\/\\\/balsamico.shop\\\/pl\\\/\",\"name\":\"Aceto Balsamico Shop - Polska\",\"description\":\"Ocet balsamiczny sklep internetowy\",\"potentialAction\":[{\"@type\":\"SearchAction\",\"target\":{\"@type\":\"EntryPoint\",\"urlTemplate\":\"https:\\\/\\\/balsamico.shop\\\/pl\\\/?s={search_term_string}\"},\"query-input\":{\"@type\":\"PropertyValueSpecification\",\"valueRequired\":true,\"valueName\":\"search_term_string\"}}],\"inLanguage\":\"pl-PL\"}]}<\/script>\n<!-- \/ Yoast SEO plugin. -->","yoast_head_json":{"title":"Aceto Balsamico di Modena IGP - Bernardo Tesori","robots":{"index":"index","follow":"follow","max-snippet":"max-snippet:-1","max-image-preview":"max-image-preview:large","max-video-preview":"max-video-preview:-1"},"canonical":"https:\/\/balsamico.shop\/pl\/produkt\/aceto-balsamico-di-modena-igp-bernardo-tesori\/","og_locale":"pl_PL","og_type":"article","og_title":"Aceto Balsamico di Modena IGP - Bernardo Tesori","og_description":"Nowo\u015b\u0107! Nasze Bernardo Tesori &#8211; Aceto Balsamico di Modena I.G.P. &#8211; Bronze Edition w ekskluzywnym butelkowaniu. Ten le\u017cakowany w drewnianych beczkach balsamico przekonuje swoj\u0105 wysok\u0105 g\u0119sto\u015bci\u0105 i syropowat\u0105 konsystencj\u0105. Idealnie nadaje si\u0119 do przygotowywania smacznych dressing\u00f3w i sos\u00f3w do codziennego u\u017cytku. Jego g\u0119sta konsystencja sprawia, \u017ce nadaje si\u0119 r\u00f3wnie\u017c do przyozdabiania da\u0144 g\u0142\u00f3wnych. Szczeg\u00f3lnie nadaje si\u0119 do klasycznego przepisu z pomidorami, mozzarell\u0105, octem balsamicznym i \u015bwie\u017c\u0105 bazyli\u0105. Otrzymujesz najwy\u017cszej klasy w\u0142oskie Aceto Balsamico di Modena IGP o niewiarygodnie korzystnym stosunku jako\u015bci do ceny. Ten certyfikowany balsamico I.G.P. jest wyj\u0105tkowo ciemny, wyj\u0105tkowo owocowy w smaku i nasycony subtelnymi drzewnymi nutami wi\u015bni i d\u0119bu. Sze\u015bcioprocentowa kwasowo\u015b\u0107 (kt\u00f3r\u0105 musi mie\u0107 Aceto Balsamico di Modena I.G.P.) jest doskonale zintegrowana i tworzy przyjemn\u0105 harmoni\u0119 mi\u0119dzy s\u0142odycz\u0105 a kwasowo\u015bci\u0105, dzi\u0119ki czemu balsamico to mo\u017ce by\u0107 r\u00f3wnie\u017c spo\u017cywane w czystej postaci. Ten w\u0142oski produkt naturalny zosta\u0142 wyprodukowany bez barwnik\u00f3w i sztucznych dodatk\u00f3w. Aromat jest dobrze zr\u00f3wnowa\u017cony, z lekkimi nutami tytoniu i \u015bliwek. Kwasowo\u015b\u0107 jest dyskretnie w tle i nie wyr\u00f3\u017cnia si\u0119. Br\u0105zowa butelka Bernardo Tesori zosta\u0142a stworzona w \u015bcis\u0142ej wsp\u00f3\u0142pracy z najlepszymi specjalistami balsamicznymi z Modeny i udoskonalona przez &#8222;Mistrza Smaku&#8221; znanej rodzinnej octowni. Otrzymasz balsamico premium, kt\u00f3re mo\u017cesz kupi\u0107 tylko u nas w sklepie internetowym! Zintegrowany nalewak gwarantuje nalewanie bez kapania. Dzi\u0119ki temu mo\u017cna umie\u015bci\u0107 butelk\u0119 na stole jadalnym w atrakcyjny wizualnie spos\u00f3b. Pyszne arcydzie\u0142o w bezkonkurencyjnej cenie. Informacje dotycz\u0105ce przechowywania i trwa\u0142o\u015bci: Najlepiej spo\u017cy\u0107 przed: 03\/2031, nawet po otwarciu. Przechowywa\u0107 zamkni\u0119te w temperaturze pokojowej, z dala od bezpo\u015bredniego \u015bwiat\u0142a s\u0142onecznego. Dane produktu: Dojrzewanie: moszcz winogronowy dojrzewa w d\u0119bowych beczkach, ocet winny dojrzewa w d\u0119bowych beczkach. Odmiany winogron: Lambrusco i Trebbiano. G\u0119sto\u015b\u0107: 1,34 &#8211; jako\u015b\u0107 premium (syropowata \/ lepka) Kolor: g\u0142\u0119boki ciemny br\u0105z Aromat: przyjemnie pow\u015bci\u0105gliwy, z wyra\u017an\u0105 kwasowo\u015bci\u0105, intensywnie owocowy i pobudzaj\u0105cy. Smak i intensywno\u015b\u0107: s\u0142odki, intensywny smak z lekkimi nutami tytoniu i \u015bliwek, harmonijnie zintegrowana kwasowo\u015b\u0107. Przechowywanie: przechowywa\u0107 w ch\u0142odnym, suchym miejscu, chroni\u0107 przed \u015bwiat\u0142em i ciep\u0142em. Butelkowanie: 2021 r. Okres trwa\u0142o\u015bci: 10 lat &#8211; do MHD 03\/2031 Kraj pochodzenia: W\u0142ochy Produkowane i przetwarzane: Modena, W\u0142ochy Piecz\u0119\u0107 ochronna: I.G.P. =\u00a0Chronione Oznaczenie Geograficzne (ChOG). Oznaczenie chronione przez: Rozporz\u0105dzenie (WE) nr 583\/2009 &#8211; Aceto Balsamico di Modena. Wylewka: zintegrowana, silikonowa Ilo\u015b\u0107: 250 mililitr\u00f3w Sk\u0142adniki: 6% kwasu, gotowany moszcz winogronowy, ocet winny. Uwaga: zawiera siarczyny Miejsce butelkowania: n.CSAQ 392211, Modena, W\u0142ochy. Dystrybutor: Bernardo Tesori &#8211; marka nale\u017c\u0105ca do Acoonia GmbH. Brabandtstrasse 8, 38100 Brunszwik","og_url":"https:\/\/balsamico.shop\/pl\/produkt\/aceto-balsamico-di-modena-igp-bernardo-tesori\/","og_site_name":"Aceto Balsamico Shop - Polska","article_modified_time":"2026-04-01T11:45:56+00:00","og_image":[{"width":1600,"height":1872,"url":"https:\/\/balsamico.shop\/pl\/wp-content\/uploads\/2021\/03\/bernardo-tesori-aceto-balsamico-di-modena-igp.jpg","type":"image\/jpeg"}],"twitter_card":"summary_large_image","twitter_misc":{"Szacowany czas czytania":"3 minuty"},"schema":{"@context":"https:\/\/schema.org","@graph":[{"@type":"WebPage","@id":"https:\/\/balsamico.shop\/pl\/produkt\/aceto-balsamico-di-modena-igp-bernardo-tesori\/","url":"https:\/\/balsamico.shop\/pl\/produkt\/aceto-balsamico-di-modena-igp-bernardo-tesori\/","name":"Aceto Balsamico di Modena IGP - Bernardo Tesori","isPartOf":{"@id":"https:\/\/balsamico.shop\/pl\/#website"},"primaryImageOfPage":{"@id":"https:\/\/balsamico.shop\/pl\/produkt\/aceto-balsamico-di-modena-igp-bernardo-tesori\/#primaryimage"},"image":{"@id":"https:\/\/balsamico.shop\/pl\/produkt\/aceto-balsamico-di-modena-igp-bernardo-tesori\/#primaryimage"},"thumbnailUrl":"https:\/\/balsamico.shop\/pl\/wp-content\/uploads\/2021\/03\/bernardo-tesori-aceto-balsamico-di-modena-igp.jpg","datePublished":"2021-03-27T22:31:16+00:00","dateModified":"2026-04-01T11:45:56+00:00","breadcrumb":{"@id":"https:\/\/balsamico.shop\/pl\/produkt\/aceto-balsamico-di-modena-igp-bernardo-tesori\/#breadcrumb"},"inLanguage":"pl-PL","potentialAction":[{"@type":"ReadAction","target":["https:\/\/balsamico.shop\/pl\/produkt\/aceto-balsamico-di-modena-igp-bernardo-tesori\/"]}]},{"@type":"ImageObject","inLanguage":"pl-PL","@id":"https:\/\/balsamico.shop\/pl\/produkt\/aceto-balsamico-di-modena-igp-bernardo-tesori\/#primaryimage","url":"https:\/\/balsamico.shop\/pl\/wp-content\/uploads\/2021\/03\/bernardo-tesori-aceto-balsamico-di-modena-igp.jpg","contentUrl":"https:\/\/balsamico.shop\/pl\/wp-content\/uploads\/2021\/03\/bernardo-tesori-aceto-balsamico-di-modena-igp.jpg","width":1600,"height":1872},{"@type":"BreadcrumbList","@id":"https:\/\/balsamico.shop\/pl\/produkt\/aceto-balsamico-di-modena-igp-bernardo-tesori\/#breadcrumb","itemListElement":[{"@type":"ListItem","position":1,"name":"Home","item":"https:\/\/balsamico.shop\/pl\/"},{"@type":"ListItem","position":2,"name":"Ocet Balsamiczny &#8211; Sklep Internetowy","item":"https:\/\/balsamico.shop\/pl\/shop\/"},{"@type":"ListItem","position":3,"name":"Aceto Balsamico di Modena IGP &#8211; Bernardo Tesori"}]},{"@type":"WebSite","@id":"https:\/\/balsamico.shop\/pl\/#website","url":"https:\/\/balsamico.shop\/pl\/","name":"Aceto Balsamico Shop - Polska","description":"Ocet balsamiczny sklep internetowy","potentialAction":[{"@type":"SearchAction","target":{"@type":"EntryPoint","urlTemplate":"https:\/\/balsamico.shop\/pl\/?s={search_term_string}"},"query-input":{"@type":"PropertyValueSpecification","valueRequired":true,"valueName":"search_term_string"}}],"inLanguage":"pl-PL"}]}},"_links":{"self":[{"href":"https:\/\/balsamico.shop\/pl\/wp-json\/wp\/v2\/product\/2008","targetHints":{"allow":["GET"]}}],"collection":[{"href":"https:\/\/balsamico.shop\/pl\/wp-json\/wp\/v2\/product"}],"about":[{"href":"https:\/\/balsamico.shop\/pl\/wp-json\/wp\/v2\/types\/product"}],"wp:featuredmedia":[{"embeddable":true,"href":"https:\/\/balsamico.shop\/pl\/wp-json\/wp\/v2\/media\/2011"}],"wp:attachment":[{"href":"https:\/\/balsamico.shop\/pl\/wp-json\/wp\/v2\/media?parent=2008"}],"wp:term":[{"taxonomy":"product_brand","embeddable":true,"href":"https:\/\/balsamico.shop\/pl\/wp-json\/wp\/v2\/product_brand?post=2008"},{"taxonomy":"product_cat","embeddable":true,"href":"https:\/\/balsamico.shop\/pl\/wp-json\/wp\/v2\/product_cat?post=2008"},{"taxonomy":"product_tag","embeddable":true,"href":"https:\/\/balsamico.shop\/pl\/wp-json\/wp\/v2\/product_tag?post=2008"}],"curies":[{"name":"wp","href":"https:\/\/api.w.org\/{rel}","templated":true}]}}