{"id":1697,"date":"2020-06-04T08:24:52","date_gmt":"2020-06-04T06:24:52","guid":{"rendered":"https:\/\/balsamico.shop\/pl\/?post_type=product&#038;p=1697"},"modified":"2025-11-30T21:01:42","modified_gmt":"2025-11-30T20:01:42","slug":"aceto-balsamico-tradizionale-di-modena-giuseppe-cremonini","status":"publish","type":"product","link":"https:\/\/balsamico.shop\/pl\/produkt\/aceto-balsamico-tradizionale-di-modena-giuseppe-cremonini\/","title":{"rendered":"Aceto Balsamico Tradizionale di Modena &#8211; Giuseppe Cremonini"},"content":{"rendered":"<p><img loading=\"lazy\" decoding=\"async\" class=\"size-medium wp-image-1699 alignright\" src=\"https:\/\/balsamico.shop\/pl\/wp-content\/uploads\/2020\/06\/cremonini-logo-211x300.png\" alt=\"\" width=\"211\" height=\"300\" srcset=\"https:\/\/balsamico.shop\/pl\/wp-content\/uploads\/2020\/06\/cremonini-logo-211x300.png 211w, https:\/\/balsamico.shop\/pl\/wp-content\/uploads\/2020\/06\/cremonini-logo.png 238w\" sizes=\"auto, (max-width: 211px) 100vw, 211px\" \/>Jednym z najbardziej znanych producent\u00f3w balsamu we W\u0142oszech jest rodzina Cremonini. Pomi\u0119dzy wioskami San Donnino i Spilamberto, w otoczeniu winnic i p\u00f3l, firma <strong>Giuseppe Cremonini<\/strong> od wielu lat produkuje Aceto Balsamico.<\/p>\n<p>Tradycyjna firma dobrze zna r\u00f3\u017cne poziomy jako\u015bci przemys\u0142owej i opr\u00f3cz licznych, zoptymalizowanych cenowo oct\u00f3w balsamicznych dla handlu detalicznego, Cremonini mo\u017ce r\u00f3wnie\u017c zaliczy\u0107 niezwykle wysok\u0105 jako\u015b\u0107. Zosta\u0142o to ostatnio udowodnione w te\u015bcie przeprowadzonym przez Stiftung Warentest w Niemczech &#8211; gdzie Giuseppe Cremonini wygra\u0142 ze swoim doskona\u0142ym, dojrza\u0142ym do beczki Aceto Balsamico!<\/p>\n<p>Giuseppe Cremonini produkuje <strong>Aceto Balsamico Tradizionale di Modena D.O.P.<\/strong> w bardzo ma\u0142ych ilo\u015bciach. Ten produkt Cremonini prawie nigdy nie znajduje si\u0119 w normalnych sklepach detalicznych. Jest to najwy\u017csza sztuka produkcji Balsamico i na tym obszarze Affinato mo\u017ce w pe\u0142ni przekona\u0107 do smaku po 12 latach dojrzewania beczek drewnianych.<\/p>\n<p>Przekonaj si\u0119 o niezwyk\u0142ej intensywno\u015bci smaku tego Aceto Balsamico Tradizionale di Modena. Od razu poczujesz r\u00f3\u017cnic\u0119 w stosunku do innych produkt\u00f3w tego producenta.<\/p>\n<p>Ten Aceto Balsamico Tradizionale sk\u0142ada si\u0119 wy\u0142\u0105cznie z gotowanego moszczu gronowego i bez \u017cadnych innych dodatk\u00f3w, zw\u0142aszcza bez dodatku octu winnego. Kwasowo\u015b\u0107 doskonale wtapia si\u0119 w produkt, ma intensywny i d\u0142ugotrwa\u0142y smak oraz przekonuje charakterystycznym smakiem lat dojrzewania.<\/p>\n<p>Sk\u0142adniki: 100% gotowanego moszczu winogronowego<\/p>\n<p>Uwaga: Mo\u017ce zawiera\u0107 siarczyny.<\/p>\n<p>&nbsp;<\/p>\n<p>&nbsp;<\/p>\n<p>&nbsp;<\/p>\n<p>Producent:<br \/>\nAcetaia Giuseppe Cremonini srl<br \/>\nVia Foschiero, 1142 Spilamberto, Modena, W\u0142ochy<\/p>\n","protected":false},"excerpt":{"rendered":"<p>Jednym z najbardziej znanych producent\u00f3w balsamu we W\u0142oszech jest rodzina Cremonini. Pomi\u0119dzy wioskami San Donnino i Spilamberto, w otoczeniu winnic i p\u00f3l, firma Giuseppe Cremonini od wielu lat produkuje Aceto Balsamico. Tradycyjna firma dobrze zna r\u00f3\u017cne poziomy jako\u015bci przemys\u0142owej i opr\u00f3cz licznych, zoptymalizowanych cenowo oct\u00f3w balsamicznych dla handlu detalicznego, Cremonini mo\u017ce r\u00f3wnie\u017c zaliczy\u0107 niezwykle wysok\u0105 jako\u015b\u0107. Zosta\u0142o to ostatnio udowodnione w te\u015bcie przeprowadzonym przez Stiftung Warentest w Niemczech &#8211; gdzie Giuseppe Cremonini wygra\u0142 ze swoim doskona\u0142ym, dojrza\u0142ym do beczki Aceto Balsamico! Giuseppe Cremonini produkuje Aceto Balsamico Tradizionale di Modena D.O.P. w bardzo ma\u0142ych ilo\u015bciach. Ten produkt Cremonini prawie nigdy nie znajduje si\u0119 w normalnych sklepach detalicznych. Jest to najwy\u017csza sztuka produkcji Balsamico i na tym obszarze Affinato mo\u017ce w pe\u0142ni przekona\u0107 do smaku po 12 latach dojrzewania beczek drewnianych. Przekonaj si\u0119 o niezwyk\u0142ej intensywno\u015bci smaku tego Aceto Balsamico Tradizionale di Modena. Od razu poczujesz r\u00f3\u017cnic\u0119 w stosunku do innych produkt\u00f3w tego producenta. Ten Aceto Balsamico Tradizionale sk\u0142ada si\u0119 wy\u0142\u0105cznie z gotowanego moszczu gronowego i bez \u017cadnych innych dodatk\u00f3w, zw\u0142aszcza bez dodatku octu winnego. Kwasowo\u015b\u0107 doskonale wtapia si\u0119 w produkt, ma intensywny i d\u0142ugotrwa\u0142y smak oraz przekonuje charakterystycznym smakiem lat dojrzewania. Sk\u0142adniki: 100% gotowanego moszczu winogronowego Uwaga: Mo\u017ce zawiera\u0107 siarczyny. &nbsp; &nbsp; &nbsp; Producent: Acetaia Giuseppe Cremonini srl Via Foschiero, 1142 Spilamberto, Modena, W\u0142ochy<\/p>\n","protected":false},"featured_media":1712,"template":"","meta":[],"product_brand":[],"product_cat":[63],"product_tag":[],"class_list":{"0":"post-1697","1":"product","2":"type-product","3":"status-publish","4":"has-post-thumbnail","6":"product_cat-cremonini","7":"product_shipping_class-balsamico","9":"first","10":"outofstock","11":"taxable","12":"shipping-taxable","13":"purchasable","14":"product-type-simple"},"bundle_layout":"","bundled_by":[],"bundled_items":[],"yoast_head":"<!-- This site is optimized with the Yoast SEO plugin v27.4 - https:\/\/yoast.com\/product\/yoast-seo-wordpress\/ -->\n<title>Aceto Balsamico Tradizionale di Modena - Giuseppe Cremonini<\/title>\n<meta name=\"robots\" content=\"index, follow, max-snippet:-1, max-image-preview:large, max-video-preview:-1\" \/>\n<link rel=\"canonical\" href=\"https:\/\/balsamico.shop\/pl\/produkt\/aceto-balsamico-tradizionale-di-modena-giuseppe-cremonini\/\" \/>\n<meta property=\"og:locale\" content=\"pl_PL\" \/>\n<meta property=\"og:type\" content=\"article\" \/>\n<meta property=\"og:title\" content=\"Aceto Balsamico Tradizionale di Modena - Giuseppe Cremonini\" \/>\n<meta property=\"og:description\" content=\"Jednym z najbardziej znanych producent\u00f3w balsamu we W\u0142oszech jest rodzina Cremonini. Pomi\u0119dzy wioskami San Donnino i Spilamberto, w otoczeniu winnic i p\u00f3l, firma Giuseppe Cremonini od wielu lat produkuje Aceto Balsamico. Tradycyjna firma dobrze zna r\u00f3\u017cne poziomy jako\u015bci przemys\u0142owej i opr\u00f3cz licznych, zoptymalizowanych cenowo oct\u00f3w balsamicznych dla handlu detalicznego, Cremonini mo\u017ce r\u00f3wnie\u017c zaliczy\u0107 niezwykle wysok\u0105 jako\u015b\u0107. Zosta\u0142o to ostatnio udowodnione w te\u015bcie przeprowadzonym przez Stiftung Warentest w Niemczech &#8211; gdzie Giuseppe Cremonini wygra\u0142 ze swoim doskona\u0142ym, dojrza\u0142ym do beczki Aceto Balsamico! Giuseppe Cremonini produkuje Aceto Balsamico Tradizionale di Modena D.O.P. w bardzo ma\u0142ych ilo\u015bciach. Ten produkt Cremonini prawie nigdy nie znajduje si\u0119 w normalnych sklepach detalicznych. Jest to najwy\u017csza sztuka produkcji Balsamico i na tym obszarze Affinato mo\u017ce w pe\u0142ni przekona\u0107 do smaku po 12 latach dojrzewania beczek drewnianych. Przekonaj si\u0119 o niezwyk\u0142ej intensywno\u015bci smaku tego Aceto Balsamico Tradizionale di Modena. Od razu poczujesz r\u00f3\u017cnic\u0119 w stosunku do innych produkt\u00f3w tego producenta. Ten Aceto Balsamico Tradizionale sk\u0142ada si\u0119 wy\u0142\u0105cznie z gotowanego moszczu gronowego i bez \u017cadnych innych dodatk\u00f3w, zw\u0142aszcza bez dodatku octu winnego. Kwasowo\u015b\u0107 doskonale wtapia si\u0119 w produkt, ma intensywny i d\u0142ugotrwa\u0142y smak oraz przekonuje charakterystycznym smakiem lat dojrzewania. Sk\u0142adniki: 100% gotowanego moszczu winogronowego Uwaga: Mo\u017ce zawiera\u0107 siarczyny. &nbsp; &nbsp; &nbsp; Producent: Acetaia Giuseppe Cremonini srl Via Foschiero, 1142 Spilamberto, Modena, W\u0142ochy\" \/>\n<meta property=\"og:url\" content=\"https:\/\/balsamico.shop\/pl\/produkt\/aceto-balsamico-tradizionale-di-modena-giuseppe-cremonini\/\" \/>\n<meta property=\"og:site_name\" content=\"Aceto Balsamico Shop - Polska\" \/>\n<meta property=\"article:modified_time\" content=\"2025-11-30T20:01:42+00:00\" \/>\n<meta property=\"og:image\" content=\"https:\/\/balsamico.shop\/pl\/wp-content\/uploads\/2020\/06\/aceto-balsamico-tradizionale-di-modena-giuseppe-cremonini-12-lum.jpg\" \/>\n\t<meta property=\"og:image:width\" content=\"1600\" \/>\n\t<meta property=\"og:image:height\" content=\"1872\" \/>\n\t<meta property=\"og:image:type\" content=\"image\/jpeg\" \/>\n<meta name=\"twitter:card\" content=\"summary_large_image\" \/>\n<meta name=\"twitter:label1\" content=\"Szacowany czas czytania\" \/>\n\t<meta name=\"twitter:data1\" content=\"2 minuty\" \/>\n<script type=\"application\/ld+json\" class=\"yoast-schema-graph\">{\"@context\":\"https:\\\/\\\/schema.org\",\"@graph\":[{\"@type\":\"WebPage\",\"@id\":\"https:\\\/\\\/balsamico.shop\\\/pl\\\/produkt\\\/aceto-balsamico-tradizionale-di-modena-giuseppe-cremonini\\\/\",\"url\":\"https:\\\/\\\/balsamico.shop\\\/pl\\\/produkt\\\/aceto-balsamico-tradizionale-di-modena-giuseppe-cremonini\\\/\",\"name\":\"Aceto Balsamico Tradizionale di Modena - Giuseppe Cremonini\",\"isPartOf\":{\"@id\":\"https:\\\/\\\/balsamico.shop\\\/pl\\\/#website\"},\"primaryImageOfPage\":{\"@id\":\"https:\\\/\\\/balsamico.shop\\\/pl\\\/produkt\\\/aceto-balsamico-tradizionale-di-modena-giuseppe-cremonini\\\/#primaryimage\"},\"image\":{\"@id\":\"https:\\\/\\\/balsamico.shop\\\/pl\\\/produkt\\\/aceto-balsamico-tradizionale-di-modena-giuseppe-cremonini\\\/#primaryimage\"},\"thumbnailUrl\":\"https:\\\/\\\/balsamico.shop\\\/pl\\\/wp-content\\\/uploads\\\/2020\\\/06\\\/aceto-balsamico-tradizionale-di-modena-giuseppe-cremonini-12-lum.jpg\",\"datePublished\":\"2020-06-04T06:24:52+00:00\",\"dateModified\":\"2025-11-30T20:01:42+00:00\",\"breadcrumb\":{\"@id\":\"https:\\\/\\\/balsamico.shop\\\/pl\\\/produkt\\\/aceto-balsamico-tradizionale-di-modena-giuseppe-cremonini\\\/#breadcrumb\"},\"inLanguage\":\"pl-PL\",\"potentialAction\":[{\"@type\":\"ReadAction\",\"target\":[\"https:\\\/\\\/balsamico.shop\\\/pl\\\/produkt\\\/aceto-balsamico-tradizionale-di-modena-giuseppe-cremonini\\\/\"]}]},{\"@type\":\"ImageObject\",\"inLanguage\":\"pl-PL\",\"@id\":\"https:\\\/\\\/balsamico.shop\\\/pl\\\/produkt\\\/aceto-balsamico-tradizionale-di-modena-giuseppe-cremonini\\\/#primaryimage\",\"url\":\"https:\\\/\\\/balsamico.shop\\\/pl\\\/wp-content\\\/uploads\\\/2020\\\/06\\\/aceto-balsamico-tradizionale-di-modena-giuseppe-cremonini-12-lum.jpg\",\"contentUrl\":\"https:\\\/\\\/balsamico.shop\\\/pl\\\/wp-content\\\/uploads\\\/2020\\\/06\\\/aceto-balsamico-tradizionale-di-modena-giuseppe-cremonini-12-lum.jpg\",\"width\":1600,\"height\":1872,\"caption\":\"Aceto Balsamico Tradizionale Giuseppe Cremonini\"},{\"@type\":\"BreadcrumbList\",\"@id\":\"https:\\\/\\\/balsamico.shop\\\/pl\\\/produkt\\\/aceto-balsamico-tradizionale-di-modena-giuseppe-cremonini\\\/#breadcrumb\",\"itemListElement\":[{\"@type\":\"ListItem\",\"position\":1,\"name\":\"Home\",\"item\":\"https:\\\/\\\/balsamico.shop\\\/pl\\\/\"},{\"@type\":\"ListItem\",\"position\":2,\"name\":\"Ocet Balsamiczny &#8211; Sklep Internetowy\",\"item\":\"https:\\\/\\\/balsamico.shop\\\/pl\\\/shop\\\/\"},{\"@type\":\"ListItem\",\"position\":3,\"name\":\"Aceto Balsamico Tradizionale di Modena &#8211; Giuseppe Cremonini\"}]},{\"@type\":\"WebSite\",\"@id\":\"https:\\\/\\\/balsamico.shop\\\/pl\\\/#website\",\"url\":\"https:\\\/\\\/balsamico.shop\\\/pl\\\/\",\"name\":\"Aceto Balsamico Shop - Polska\",\"description\":\"Ocet balsamiczny sklep internetowy\",\"potentialAction\":[{\"@type\":\"SearchAction\",\"target\":{\"@type\":\"EntryPoint\",\"urlTemplate\":\"https:\\\/\\\/balsamico.shop\\\/pl\\\/?s={search_term_string}\"},\"query-input\":{\"@type\":\"PropertyValueSpecification\",\"valueRequired\":true,\"valueName\":\"search_term_string\"}}],\"inLanguage\":\"pl-PL\"}]}<\/script>\n<!-- \/ Yoast SEO plugin. -->","yoast_head_json":{"title":"Aceto Balsamico Tradizionale di Modena - Giuseppe Cremonini","robots":{"index":"index","follow":"follow","max-snippet":"max-snippet:-1","max-image-preview":"max-image-preview:large","max-video-preview":"max-video-preview:-1"},"canonical":"https:\/\/balsamico.shop\/pl\/produkt\/aceto-balsamico-tradizionale-di-modena-giuseppe-cremonini\/","og_locale":"pl_PL","og_type":"article","og_title":"Aceto Balsamico Tradizionale di Modena - Giuseppe Cremonini","og_description":"Jednym z najbardziej znanych producent\u00f3w balsamu we W\u0142oszech jest rodzina Cremonini. Pomi\u0119dzy wioskami San Donnino i Spilamberto, w otoczeniu winnic i p\u00f3l, firma Giuseppe Cremonini od wielu lat produkuje Aceto Balsamico. Tradycyjna firma dobrze zna r\u00f3\u017cne poziomy jako\u015bci przemys\u0142owej i opr\u00f3cz licznych, zoptymalizowanych cenowo oct\u00f3w balsamicznych dla handlu detalicznego, Cremonini mo\u017ce r\u00f3wnie\u017c zaliczy\u0107 niezwykle wysok\u0105 jako\u015b\u0107. Zosta\u0142o to ostatnio udowodnione w te\u015bcie przeprowadzonym przez Stiftung Warentest w Niemczech &#8211; gdzie Giuseppe Cremonini wygra\u0142 ze swoim doskona\u0142ym, dojrza\u0142ym do beczki Aceto Balsamico! Giuseppe Cremonini produkuje Aceto Balsamico Tradizionale di Modena D.O.P. w bardzo ma\u0142ych ilo\u015bciach. Ten produkt Cremonini prawie nigdy nie znajduje si\u0119 w normalnych sklepach detalicznych. Jest to najwy\u017csza sztuka produkcji Balsamico i na tym obszarze Affinato mo\u017ce w pe\u0142ni przekona\u0107 do smaku po 12 latach dojrzewania beczek drewnianych. Przekonaj si\u0119 o niezwyk\u0142ej intensywno\u015bci smaku tego Aceto Balsamico Tradizionale di Modena. Od razu poczujesz r\u00f3\u017cnic\u0119 w stosunku do innych produkt\u00f3w tego producenta. Ten Aceto Balsamico Tradizionale sk\u0142ada si\u0119 wy\u0142\u0105cznie z gotowanego moszczu gronowego i bez \u017cadnych innych dodatk\u00f3w, zw\u0142aszcza bez dodatku octu winnego. Kwasowo\u015b\u0107 doskonale wtapia si\u0119 w produkt, ma intensywny i d\u0142ugotrwa\u0142y smak oraz przekonuje charakterystycznym smakiem lat dojrzewania. Sk\u0142adniki: 100% gotowanego moszczu winogronowego Uwaga: Mo\u017ce zawiera\u0107 siarczyny. &nbsp; &nbsp; &nbsp; Producent: Acetaia Giuseppe Cremonini srl Via Foschiero, 1142 Spilamberto, Modena, W\u0142ochy","og_url":"https:\/\/balsamico.shop\/pl\/produkt\/aceto-balsamico-tradizionale-di-modena-giuseppe-cremonini\/","og_site_name":"Aceto Balsamico Shop - Polska","article_modified_time":"2025-11-30T20:01:42+00:00","og_image":[{"width":1600,"height":1872,"url":"https:\/\/balsamico.shop\/pl\/wp-content\/uploads\/2020\/06\/aceto-balsamico-tradizionale-di-modena-giuseppe-cremonini-12-lum.jpg","type":"image\/jpeg"}],"twitter_card":"summary_large_image","twitter_misc":{"Szacowany czas czytania":"2 minuty"},"schema":{"@context":"https:\/\/schema.org","@graph":[{"@type":"WebPage","@id":"https:\/\/balsamico.shop\/pl\/produkt\/aceto-balsamico-tradizionale-di-modena-giuseppe-cremonini\/","url":"https:\/\/balsamico.shop\/pl\/produkt\/aceto-balsamico-tradizionale-di-modena-giuseppe-cremonini\/","name":"Aceto Balsamico Tradizionale di Modena - Giuseppe Cremonini","isPartOf":{"@id":"https:\/\/balsamico.shop\/pl\/#website"},"primaryImageOfPage":{"@id":"https:\/\/balsamico.shop\/pl\/produkt\/aceto-balsamico-tradizionale-di-modena-giuseppe-cremonini\/#primaryimage"},"image":{"@id":"https:\/\/balsamico.shop\/pl\/produkt\/aceto-balsamico-tradizionale-di-modena-giuseppe-cremonini\/#primaryimage"},"thumbnailUrl":"https:\/\/balsamico.shop\/pl\/wp-content\/uploads\/2020\/06\/aceto-balsamico-tradizionale-di-modena-giuseppe-cremonini-12-lum.jpg","datePublished":"2020-06-04T06:24:52+00:00","dateModified":"2025-11-30T20:01:42+00:00","breadcrumb":{"@id":"https:\/\/balsamico.shop\/pl\/produkt\/aceto-balsamico-tradizionale-di-modena-giuseppe-cremonini\/#breadcrumb"},"inLanguage":"pl-PL","potentialAction":[{"@type":"ReadAction","target":["https:\/\/balsamico.shop\/pl\/produkt\/aceto-balsamico-tradizionale-di-modena-giuseppe-cremonini\/"]}]},{"@type":"ImageObject","inLanguage":"pl-PL","@id":"https:\/\/balsamico.shop\/pl\/produkt\/aceto-balsamico-tradizionale-di-modena-giuseppe-cremonini\/#primaryimage","url":"https:\/\/balsamico.shop\/pl\/wp-content\/uploads\/2020\/06\/aceto-balsamico-tradizionale-di-modena-giuseppe-cremonini-12-lum.jpg","contentUrl":"https:\/\/balsamico.shop\/pl\/wp-content\/uploads\/2020\/06\/aceto-balsamico-tradizionale-di-modena-giuseppe-cremonini-12-lum.jpg","width":1600,"height":1872,"caption":"Aceto Balsamico Tradizionale Giuseppe Cremonini"},{"@type":"BreadcrumbList","@id":"https:\/\/balsamico.shop\/pl\/produkt\/aceto-balsamico-tradizionale-di-modena-giuseppe-cremonini\/#breadcrumb","itemListElement":[{"@type":"ListItem","position":1,"name":"Home","item":"https:\/\/balsamico.shop\/pl\/"},{"@type":"ListItem","position":2,"name":"Ocet Balsamiczny &#8211; Sklep Internetowy","item":"https:\/\/balsamico.shop\/pl\/shop\/"},{"@type":"ListItem","position":3,"name":"Aceto Balsamico Tradizionale di Modena &#8211; Giuseppe Cremonini"}]},{"@type":"WebSite","@id":"https:\/\/balsamico.shop\/pl\/#website","url":"https:\/\/balsamico.shop\/pl\/","name":"Aceto Balsamico Shop - Polska","description":"Ocet balsamiczny sklep internetowy","potentialAction":[{"@type":"SearchAction","target":{"@type":"EntryPoint","urlTemplate":"https:\/\/balsamico.shop\/pl\/?s={search_term_string}"},"query-input":{"@type":"PropertyValueSpecification","valueRequired":true,"valueName":"search_term_string"}}],"inLanguage":"pl-PL"}]}},"_links":{"self":[{"href":"https:\/\/balsamico.shop\/pl\/wp-json\/wp\/v2\/product\/1697","targetHints":{"allow":["GET"]}}],"collection":[{"href":"https:\/\/balsamico.shop\/pl\/wp-json\/wp\/v2\/product"}],"about":[{"href":"https:\/\/balsamico.shop\/pl\/wp-json\/wp\/v2\/types\/product"}],"wp:featuredmedia":[{"embeddable":true,"href":"https:\/\/balsamico.shop\/pl\/wp-json\/wp\/v2\/media\/1712"}],"wp:attachment":[{"href":"https:\/\/balsamico.shop\/pl\/wp-json\/wp\/v2\/media?parent=1697"}],"wp:term":[{"taxonomy":"product_brand","embeddable":true,"href":"https:\/\/balsamico.shop\/pl\/wp-json\/wp\/v2\/product_brand?post=1697"},{"taxonomy":"product_cat","embeddable":true,"href":"https:\/\/balsamico.shop\/pl\/wp-json\/wp\/v2\/product_cat?post=1697"},{"taxonomy":"product_tag","embeddable":true,"href":"https:\/\/balsamico.shop\/pl\/wp-json\/wp\/v2\/product_tag?post=1697"}],"curies":[{"name":"wp","href":"https:\/\/api.w.org\/{rel}","templated":true}]}}