{"id":1647,"date":"2019-12-06T09:09:52","date_gmt":"2019-12-06T08:09:52","guid":{"rendered":"https:\/\/balsamico.shop\/pl\/?post_type=product&#038;p=1647"},"modified":"2026-04-16T18:38:58","modified_gmt":"2026-04-16T16:38:58","slug":"malagoli-aceto-balsamico-tradizionale-di-modena-dop","status":"publish","type":"product","link":"https:\/\/balsamico.shop\/pl\/produkt\/malagoli-aceto-balsamico-tradizionale-di-modena-dop\/","title":{"rendered":"Aceto Balsamico Tradizionale di Modena D.O.P. Affinato &#8211; Malagoli"},"content":{"rendered":"<p><img loading=\"lazy\" decoding=\"async\" class=\"size-medium wp-image-1649 alignright\" src=\"https:\/\/balsamico.shop\/pl\/wp-content\/uploads\/2020\/02\/acetaia-malagoli-216x300.jpg\" alt=\"Acetaia Malagoli\" width=\"236\" height=\"328\" srcset=\"https:\/\/balsamico.shop\/pl\/wp-content\/uploads\/2020\/02\/acetaia-malagoli-216x300.jpg 216w, https:\/\/balsamico.shop\/pl\/wp-content\/uploads\/2020\/02\/acetaia-malagoli.jpg 236w\" sizes=\"auto, (max-width: 236px) 100vw, 236px\" \/>Ten Aceto Balsamico Tradizionale di Modena D.O.P. pochodzi z beczek Acetaia <strong>Malagoli<\/strong>. Acetaia ta zosta\u0142a za\u0142o\u017cona przez Daniele Malagoli i zrodzi\u0142a si\u0119 z pasji do octu balsamicznego prawie 30 lat temu w typowej posiad\u0142o\u015bci na po\u0142udniowy wsch\u00f3d od Modeny, otoczonej winnicami, drzewami owocowymi i polami. Liczba beczek ros\u0142a na przestrzeni lat, a wraz z ni\u0105 doskona\u0142a jako\u015b\u0107 produkowanego tam Aceto Balsamico. Dzisiaj Acetaia jest reprezentowana przez Sofi\u0119 Malagoli, najstarsz\u0105 c\u00f3rk\u0119 Malagol\u00f3w. Sofia, podobnie jak jej ojciec, pasjonuje si\u0119 octem balsamicznym i jest przedstawicielem Consorzio Tutela Aceto Balsamico Tradizionale di Modena, prowadz\u0105c kursy octu balsamicznego i profesjonalne wycieczki z przewodnikiem.<\/p>\n<p>Ten <strong>Aceto Balsamico Tradizionale di Modena D.O.P. Affinato<\/strong> dojrzewa\u0142 od 12 do 25 lat w drewnianych beczkach Acetaia Malagoli. Jeste\u015bmy obecnie jedynym sklepem internetowym w Niemczech, w kt\u00f3rym mo\u017cna kupi\u0107 ten wyj\u0105tkowo dobry tradycyjny ocet balsamiczny online.<\/p>\n<p>Ta partia, kt\u00f3ra jest dost\u0119pna w bardzo ograniczonej ilo\u015bci, zosta\u0142a rozlewana w 2019 r. i jest dostarczana w oryginalnym opakowaniu konsorcjum z typow\u0105 wylewk\u0105.<\/p>\n<p><img loading=\"lazy\" decoding=\"async\" width=\"600\" height=\"400\" class=\"alignnone wp-image-1648 size-full\" src=\"https:\/\/balsamico.shop\/pl\/wp-content\/uploads\/2020\/02\/sofia-malagoli-abtm-affinato.jpg\" alt=\"&quot;Sofia\" srcset=\"https:\/\/balsamico.shop\/pl\/wp-content\/uploads\/2020\/02\/sofia-malagoli-abtm-affinato.jpg 600w, https:\/\/balsamico.shop\/pl\/wp-content\/uploads\/2020\/02\/sofia-malagoli-abtm-affinato-300x200.jpg 300w, https:\/\/balsamico.shop\/pl\/wp-content\/uploads\/2020\/02\/sofia-malagoli-abtm-affinato-390x260.jpg 390w\" sizes=\"auto, (max-width: 600px) 100vw, 600px\" \/><br \/>\n<em>Zdj\u0119cie &#8211; Sofia Malagoli &#8211; Acetaia Malagoli<\/em><\/p>\n<p>Sk\u0142adniki: 100% gotowanego moszczu winogronowego<\/p>\n<p>Uwaga: Mo\u017ce zawiera\u0107 siarczyny.<\/p>\n<p>&nbsp;<\/p>\n<p>&nbsp;<\/p>\n<p>&nbsp;<\/p>\n<p>Producent:<br \/>\nAcetaia Malagoli Daniele<br \/>\nVia Celeste 9<br \/>\n41013 Castelfranco Emilia (MO), W\u0142ochy<\/p>\n","protected":false},"excerpt":{"rendered":"<p>Ten Aceto Balsamico Tradizionale di Modena D.O.P. pochodzi z beczek Acetaia Malagoli. Acetaia ta zosta\u0142a za\u0142o\u017cona przez Daniele Malagoli i zrodzi\u0142a si\u0119 z pasji do octu balsamicznego prawie 30 lat temu w typowej posiad\u0142o\u015bci na po\u0142udniowy wsch\u00f3d od Modeny, otoczonej winnicami, drzewami owocowymi i polami. Liczba beczek ros\u0142a na przestrzeni lat, a wraz z ni\u0105 doskona\u0142a jako\u015b\u0107 produkowanego tam Aceto Balsamico. Dzisiaj Acetaia jest reprezentowana przez Sofi\u0119 Malagoli, najstarsz\u0105 c\u00f3rk\u0119 Malagol\u00f3w. Sofia, podobnie jak jej ojciec, pasjonuje si\u0119 octem balsamicznym i jest przedstawicielem Consorzio Tutela Aceto Balsamico Tradizionale di Modena, prowadz\u0105c kursy octu balsamicznego i profesjonalne wycieczki z przewodnikiem. Ten Aceto Balsamico Tradizionale di Modena D.O.P. Affinato dojrzewa\u0142 od 12 do 25 lat w drewnianych beczkach Acetaia Malagoli. Jeste\u015bmy obecnie jedynym sklepem internetowym w Niemczech, w kt\u00f3rym mo\u017cna kupi\u0107 ten wyj\u0105tkowo dobry tradycyjny ocet balsamiczny online. Ta partia, kt\u00f3ra jest dost\u0119pna w bardzo ograniczonej ilo\u015bci, zosta\u0142a rozlewana w 2019 r. i jest dostarczana w oryginalnym opakowaniu konsorcjum z typow\u0105 wylewk\u0105. Zdj\u0119cie &#8211; Sofia Malagoli &#8211; Acetaia Malagoli Sk\u0142adniki: 100% gotowanego moszczu winogronowego Uwaga: Mo\u017ce zawiera\u0107 siarczyny. &nbsp; &nbsp; &nbsp; Producent: Acetaia Malagoli Daniele Via Celeste 9 41013 Castelfranco Emilia (MO), W\u0142ochy<\/p>\n","protected":false},"featured_media":1680,"template":"","meta":[],"product_brand":[],"product_cat":[61],"product_tag":[],"class_list":{"0":"post-1647","1":"product","2":"type-product","3":"status-publish","4":"has-post-thumbnail","6":"product_cat-malagoli","7":"product_shipping_class-balsamico","9":"first","10":"instock","11":"taxable","12":"shipping-taxable","13":"purchasable","14":"product-type-simple"},"bundle_layout":"","bundled_by":[],"bundled_items":[],"yoast_head":"<!-- This site is optimized with the Yoast SEO plugin v27.4 - https:\/\/yoast.com\/product\/yoast-seo-wordpress\/ -->\n<title>Aceto Balsamico Tradizionale di Modena D.O.P. Affinato - Malagoli<\/title>\n<meta name=\"robots\" content=\"index, follow, max-snippet:-1, max-image-preview:large, max-video-preview:-1\" \/>\n<link rel=\"canonical\" href=\"https:\/\/balsamico.shop\/pl\/produkt\/malagoli-aceto-balsamico-tradizionale-di-modena-dop\/\" \/>\n<meta property=\"og:locale\" content=\"pl_PL\" \/>\n<meta property=\"og:type\" content=\"article\" \/>\n<meta property=\"og:title\" content=\"Aceto Balsamico Tradizionale di Modena D.O.P. Affinato - Malagoli\" \/>\n<meta property=\"og:description\" content=\"Ten Aceto Balsamico Tradizionale di Modena D.O.P. pochodzi z beczek Acetaia Malagoli. Acetaia ta zosta\u0142a za\u0142o\u017cona przez Daniele Malagoli i zrodzi\u0142a si\u0119 z pasji do octu balsamicznego prawie 30 lat temu w typowej posiad\u0142o\u015bci na po\u0142udniowy wsch\u00f3d od Modeny, otoczonej winnicami, drzewami owocowymi i polami. Liczba beczek ros\u0142a na przestrzeni lat, a wraz z ni\u0105 doskona\u0142a jako\u015b\u0107 produkowanego tam Aceto Balsamico. Dzisiaj Acetaia jest reprezentowana przez Sofi\u0119 Malagoli, najstarsz\u0105 c\u00f3rk\u0119 Malagol\u00f3w. Sofia, podobnie jak jej ojciec, pasjonuje si\u0119 octem balsamicznym i jest przedstawicielem Consorzio Tutela Aceto Balsamico Tradizionale di Modena, prowadz\u0105c kursy octu balsamicznego i profesjonalne wycieczki z przewodnikiem. Ten Aceto Balsamico Tradizionale di Modena D.O.P. Affinato dojrzewa\u0142 od 12 do 25 lat w drewnianych beczkach Acetaia Malagoli. Jeste\u015bmy obecnie jedynym sklepem internetowym w Niemczech, w kt\u00f3rym mo\u017cna kupi\u0107 ten wyj\u0105tkowo dobry tradycyjny ocet balsamiczny online. Ta partia, kt\u00f3ra jest dost\u0119pna w bardzo ograniczonej ilo\u015bci, zosta\u0142a rozlewana w 2019 r. i jest dostarczana w oryginalnym opakowaniu konsorcjum z typow\u0105 wylewk\u0105. Zdj\u0119cie &#8211; Sofia Malagoli &#8211; Acetaia Malagoli Sk\u0142adniki: 100% gotowanego moszczu winogronowego Uwaga: Mo\u017ce zawiera\u0107 siarczyny. &nbsp; &nbsp; &nbsp; Producent: Acetaia Malagoli Daniele Via Celeste 9 41013 Castelfranco Emilia (MO), W\u0142ochy\" \/>\n<meta property=\"og:url\" content=\"https:\/\/balsamico.shop\/pl\/produkt\/malagoli-aceto-balsamico-tradizionale-di-modena-dop\/\" \/>\n<meta property=\"og:site_name\" content=\"Aceto Balsamico Shop - Polska\" \/>\n<meta property=\"article:modified_time\" content=\"2026-04-16T16:38:58+00:00\" \/>\n<meta property=\"og:image\" content=\"https:\/\/balsamico.shop\/pl\/wp-content\/uploads\/2020\/02\/aceto-balsamico-tradizionale-di-modena-dop-malagoli-12-1.jpg\" \/>\n\t<meta property=\"og:image:width\" content=\"1600\" \/>\n\t<meta property=\"og:image:height\" content=\"1872\" \/>\n\t<meta property=\"og:image:type\" content=\"image\/jpeg\" \/>\n<meta name=\"twitter:card\" content=\"summary_large_image\" \/>\n<meta name=\"twitter:label1\" content=\"Szacowany czas czytania\" \/>\n\t<meta name=\"twitter:data1\" content=\"2 minuty\" \/>\n<script type=\"application\/ld+json\" class=\"yoast-schema-graph\">{\"@context\":\"https:\\\/\\\/schema.org\",\"@graph\":[{\"@type\":\"WebPage\",\"@id\":\"https:\\\/\\\/balsamico.shop\\\/pl\\\/produkt\\\/malagoli-aceto-balsamico-tradizionale-di-modena-dop\\\/\",\"url\":\"https:\\\/\\\/balsamico.shop\\\/pl\\\/produkt\\\/malagoli-aceto-balsamico-tradizionale-di-modena-dop\\\/\",\"name\":\"Aceto Balsamico Tradizionale di Modena D.O.P. Affinato - Malagoli\",\"isPartOf\":{\"@id\":\"https:\\\/\\\/balsamico.shop\\\/pl\\\/#website\"},\"primaryImageOfPage\":{\"@id\":\"https:\\\/\\\/balsamico.shop\\\/pl\\\/produkt\\\/malagoli-aceto-balsamico-tradizionale-di-modena-dop\\\/#primaryimage\"},\"image\":{\"@id\":\"https:\\\/\\\/balsamico.shop\\\/pl\\\/produkt\\\/malagoli-aceto-balsamico-tradizionale-di-modena-dop\\\/#primaryimage\"},\"thumbnailUrl\":\"https:\\\/\\\/balsamico.shop\\\/pl\\\/wp-content\\\/uploads\\\/2020\\\/02\\\/aceto-balsamico-tradizionale-di-modena-dop-malagoli-12-1.jpg\",\"datePublished\":\"2019-12-06T08:09:52+00:00\",\"dateModified\":\"2026-04-16T16:38:58+00:00\",\"breadcrumb\":{\"@id\":\"https:\\\/\\\/balsamico.shop\\\/pl\\\/produkt\\\/malagoli-aceto-balsamico-tradizionale-di-modena-dop\\\/#breadcrumb\"},\"inLanguage\":\"pl-PL\",\"potentialAction\":[{\"@type\":\"ReadAction\",\"target\":[\"https:\\\/\\\/balsamico.shop\\\/pl\\\/produkt\\\/malagoli-aceto-balsamico-tradizionale-di-modena-dop\\\/\"]}]},{\"@type\":\"ImageObject\",\"inLanguage\":\"pl-PL\",\"@id\":\"https:\\\/\\\/balsamico.shop\\\/pl\\\/produkt\\\/malagoli-aceto-balsamico-tradizionale-di-modena-dop\\\/#primaryimage\",\"url\":\"https:\\\/\\\/balsamico.shop\\\/pl\\\/wp-content\\\/uploads\\\/2020\\\/02\\\/aceto-balsamico-tradizionale-di-modena-dop-malagoli-12-1.jpg\",\"contentUrl\":\"https:\\\/\\\/balsamico.shop\\\/pl\\\/wp-content\\\/uploads\\\/2020\\\/02\\\/aceto-balsamico-tradizionale-di-modena-dop-malagoli-12-1.jpg\",\"width\":1600,\"height\":1872,\"caption\":\"Aceto Balsamico Tradizionale di Modena DOP - Malagoli\"},{\"@type\":\"BreadcrumbList\",\"@id\":\"https:\\\/\\\/balsamico.shop\\\/pl\\\/produkt\\\/malagoli-aceto-balsamico-tradizionale-di-modena-dop\\\/#breadcrumb\",\"itemListElement\":[{\"@type\":\"ListItem\",\"position\":1,\"name\":\"Home\",\"item\":\"https:\\\/\\\/balsamico.shop\\\/pl\\\/\"},{\"@type\":\"ListItem\",\"position\":2,\"name\":\"Ocet Balsamiczny &#8211; Sklep Internetowy\",\"item\":\"https:\\\/\\\/balsamico.shop\\\/pl\\\/shop\\\/\"},{\"@type\":\"ListItem\",\"position\":3,\"name\":\"Aceto Balsamico Tradizionale di Modena D.O.P. Affinato &#8211; Malagoli\"}]},{\"@type\":\"WebSite\",\"@id\":\"https:\\\/\\\/balsamico.shop\\\/pl\\\/#website\",\"url\":\"https:\\\/\\\/balsamico.shop\\\/pl\\\/\",\"name\":\"Aceto Balsamico Shop - Polska\",\"description\":\"Ocet balsamiczny sklep internetowy\",\"potentialAction\":[{\"@type\":\"SearchAction\",\"target\":{\"@type\":\"EntryPoint\",\"urlTemplate\":\"https:\\\/\\\/balsamico.shop\\\/pl\\\/?s={search_term_string}\"},\"query-input\":{\"@type\":\"PropertyValueSpecification\",\"valueRequired\":true,\"valueName\":\"search_term_string\"}}],\"inLanguage\":\"pl-PL\"}]}<\/script>\n<!-- \/ Yoast SEO plugin. -->","yoast_head_json":{"title":"Aceto Balsamico Tradizionale di Modena D.O.P. Affinato - Malagoli","robots":{"index":"index","follow":"follow","max-snippet":"max-snippet:-1","max-image-preview":"max-image-preview:large","max-video-preview":"max-video-preview:-1"},"canonical":"https:\/\/balsamico.shop\/pl\/produkt\/malagoli-aceto-balsamico-tradizionale-di-modena-dop\/","og_locale":"pl_PL","og_type":"article","og_title":"Aceto Balsamico Tradizionale di Modena D.O.P. Affinato - Malagoli","og_description":"Ten Aceto Balsamico Tradizionale di Modena D.O.P. pochodzi z beczek Acetaia Malagoli. Acetaia ta zosta\u0142a za\u0142o\u017cona przez Daniele Malagoli i zrodzi\u0142a si\u0119 z pasji do octu balsamicznego prawie 30 lat temu w typowej posiad\u0142o\u015bci na po\u0142udniowy wsch\u00f3d od Modeny, otoczonej winnicami, drzewami owocowymi i polami. Liczba beczek ros\u0142a na przestrzeni lat, a wraz z ni\u0105 doskona\u0142a jako\u015b\u0107 produkowanego tam Aceto Balsamico. Dzisiaj Acetaia jest reprezentowana przez Sofi\u0119 Malagoli, najstarsz\u0105 c\u00f3rk\u0119 Malagol\u00f3w. Sofia, podobnie jak jej ojciec, pasjonuje si\u0119 octem balsamicznym i jest przedstawicielem Consorzio Tutela Aceto Balsamico Tradizionale di Modena, prowadz\u0105c kursy octu balsamicznego i profesjonalne wycieczki z przewodnikiem. Ten Aceto Balsamico Tradizionale di Modena D.O.P. Affinato dojrzewa\u0142 od 12 do 25 lat w drewnianych beczkach Acetaia Malagoli. Jeste\u015bmy obecnie jedynym sklepem internetowym w Niemczech, w kt\u00f3rym mo\u017cna kupi\u0107 ten wyj\u0105tkowo dobry tradycyjny ocet balsamiczny online. Ta partia, kt\u00f3ra jest dost\u0119pna w bardzo ograniczonej ilo\u015bci, zosta\u0142a rozlewana w 2019 r. i jest dostarczana w oryginalnym opakowaniu konsorcjum z typow\u0105 wylewk\u0105. Zdj\u0119cie &#8211; Sofia Malagoli &#8211; Acetaia Malagoli Sk\u0142adniki: 100% gotowanego moszczu winogronowego Uwaga: Mo\u017ce zawiera\u0107 siarczyny. &nbsp; &nbsp; &nbsp; Producent: Acetaia Malagoli Daniele Via Celeste 9 41013 Castelfranco Emilia (MO), W\u0142ochy","og_url":"https:\/\/balsamico.shop\/pl\/produkt\/malagoli-aceto-balsamico-tradizionale-di-modena-dop\/","og_site_name":"Aceto Balsamico Shop - Polska","article_modified_time":"2026-04-16T16:38:58+00:00","og_image":[{"width":1600,"height":1872,"url":"https:\/\/balsamico.shop\/pl\/wp-content\/uploads\/2020\/02\/aceto-balsamico-tradizionale-di-modena-dop-malagoli-12-1.jpg","type":"image\/jpeg"}],"twitter_card":"summary_large_image","twitter_misc":{"Szacowany czas czytania":"2 minuty"},"schema":{"@context":"https:\/\/schema.org","@graph":[{"@type":"WebPage","@id":"https:\/\/balsamico.shop\/pl\/produkt\/malagoli-aceto-balsamico-tradizionale-di-modena-dop\/","url":"https:\/\/balsamico.shop\/pl\/produkt\/malagoli-aceto-balsamico-tradizionale-di-modena-dop\/","name":"Aceto Balsamico Tradizionale di Modena D.O.P. Affinato - Malagoli","isPartOf":{"@id":"https:\/\/balsamico.shop\/pl\/#website"},"primaryImageOfPage":{"@id":"https:\/\/balsamico.shop\/pl\/produkt\/malagoli-aceto-balsamico-tradizionale-di-modena-dop\/#primaryimage"},"image":{"@id":"https:\/\/balsamico.shop\/pl\/produkt\/malagoli-aceto-balsamico-tradizionale-di-modena-dop\/#primaryimage"},"thumbnailUrl":"https:\/\/balsamico.shop\/pl\/wp-content\/uploads\/2020\/02\/aceto-balsamico-tradizionale-di-modena-dop-malagoli-12-1.jpg","datePublished":"2019-12-06T08:09:52+00:00","dateModified":"2026-04-16T16:38:58+00:00","breadcrumb":{"@id":"https:\/\/balsamico.shop\/pl\/produkt\/malagoli-aceto-balsamico-tradizionale-di-modena-dop\/#breadcrumb"},"inLanguage":"pl-PL","potentialAction":[{"@type":"ReadAction","target":["https:\/\/balsamico.shop\/pl\/produkt\/malagoli-aceto-balsamico-tradizionale-di-modena-dop\/"]}]},{"@type":"ImageObject","inLanguage":"pl-PL","@id":"https:\/\/balsamico.shop\/pl\/produkt\/malagoli-aceto-balsamico-tradizionale-di-modena-dop\/#primaryimage","url":"https:\/\/balsamico.shop\/pl\/wp-content\/uploads\/2020\/02\/aceto-balsamico-tradizionale-di-modena-dop-malagoli-12-1.jpg","contentUrl":"https:\/\/balsamico.shop\/pl\/wp-content\/uploads\/2020\/02\/aceto-balsamico-tradizionale-di-modena-dop-malagoli-12-1.jpg","width":1600,"height":1872,"caption":"Aceto Balsamico Tradizionale di Modena DOP - Malagoli"},{"@type":"BreadcrumbList","@id":"https:\/\/balsamico.shop\/pl\/produkt\/malagoli-aceto-balsamico-tradizionale-di-modena-dop\/#breadcrumb","itemListElement":[{"@type":"ListItem","position":1,"name":"Home","item":"https:\/\/balsamico.shop\/pl\/"},{"@type":"ListItem","position":2,"name":"Ocet Balsamiczny &#8211; Sklep Internetowy","item":"https:\/\/balsamico.shop\/pl\/shop\/"},{"@type":"ListItem","position":3,"name":"Aceto Balsamico Tradizionale di Modena D.O.P. Affinato &#8211; Malagoli"}]},{"@type":"WebSite","@id":"https:\/\/balsamico.shop\/pl\/#website","url":"https:\/\/balsamico.shop\/pl\/","name":"Aceto Balsamico Shop - Polska","description":"Ocet balsamiczny sklep internetowy","potentialAction":[{"@type":"SearchAction","target":{"@type":"EntryPoint","urlTemplate":"https:\/\/balsamico.shop\/pl\/?s={search_term_string}"},"query-input":{"@type":"PropertyValueSpecification","valueRequired":true,"valueName":"search_term_string"}}],"inLanguage":"pl-PL"}]}},"_links":{"self":[{"href":"https:\/\/balsamico.shop\/pl\/wp-json\/wp\/v2\/product\/1647","targetHints":{"allow":["GET"]}}],"collection":[{"href":"https:\/\/balsamico.shop\/pl\/wp-json\/wp\/v2\/product"}],"about":[{"href":"https:\/\/balsamico.shop\/pl\/wp-json\/wp\/v2\/types\/product"}],"wp:featuredmedia":[{"embeddable":true,"href":"https:\/\/balsamico.shop\/pl\/wp-json\/wp\/v2\/media\/1680"}],"wp:attachment":[{"href":"https:\/\/balsamico.shop\/pl\/wp-json\/wp\/v2\/media?parent=1647"}],"wp:term":[{"taxonomy":"product_brand","embeddable":true,"href":"https:\/\/balsamico.shop\/pl\/wp-json\/wp\/v2\/product_brand?post=1647"},{"taxonomy":"product_cat","embeddable":true,"href":"https:\/\/balsamico.shop\/pl\/wp-json\/wp\/v2\/product_cat?post=1647"},{"taxonomy":"product_tag","embeddable":true,"href":"https:\/\/balsamico.shop\/pl\/wp-json\/wp\/v2\/product_tag?post=1647"}],"curies":[{"name":"wp","href":"https:\/\/api.w.org\/{rel}","templated":true}]}}