{"id":1644,"date":"2020-02-10T18:28:02","date_gmt":"2020-02-10T17:28:02","guid":{"rendered":"https:\/\/balsamico.shop\/pl\/?post_type=product&#038;p=1644"},"modified":"2022-11-29T18:56:12","modified_gmt":"2022-11-29T17:56:12","slug":"compagnia-del-montale-aceto-balsamico-tradizionale-12-25","status":"publish","type":"product","link":"https:\/\/balsamico.shop\/pl\/produkt\/compagnia-del-montale-aceto-balsamico-tradizionale-12-25\/","title":{"rendered":"2x Aceti Balsamici Tradizionali di Modena 12 + 25 &#8211; Compagnia del Montale"},"content":{"rendered":"<p>Te dwa tradycyjne ocet balsamiczny zosta\u0142y wyprodukowane w wielokrotnie nagradzanej Acetaia Compagnia del Montale. Ta oferta obejmuje butelk\u0119 Aceto Balsamico Tradizionale di Modena D.O.P. <strong>Affinato<\/strong> (w wieku co najmniej 12 lat) z czerwon\u0105 czapk\u0105 i butelk\u0105 Aceto Balsamico Tradizionale di Modena D.O.P. <strong>Extravecchio<\/strong> (w wieku co najmniej 25 lat) ze z\u0142ot\u0105 czapk\u0105. Te cenne octy zosta\u0142y wyprodukowane przez <strong>Enrico Zini<\/strong>. Jego Acetaia \u201eCompagnia del Montale\u201d znajduje si\u0119 na po\u0142udniu regionu Modena, w Sassuolo, gdzie pierwsze stoki Apenin Liguryjskich wznosz\u0105 si\u0119 do doliny Padu. Stoki i \u0142agodny klimat zapewniaj\u0105 winogronom najlepsze warunki do dojrzewania. To jest podstawa tego wyj\u0105tkowo dobrego tradycyjnego octu balsamicznego.<\/p>\n<p><img loading=\"lazy\" decoding=\"async\" width=\"800\" height=\"800\" class=\"alignnone wp-image-1646 size-full\" src=\"https:\/\/balsamico.shop\/pl\/wp-content\/uploads\/2020\/02\/flying-aceti-balsamici-compagnia-del-montale.jpg\" alt=\"Insieme - Flying Aceti Balsamici Tradizionali di Modena DOP Compagnia del Montale\" srcset=\"https:\/\/balsamico.shop\/pl\/wp-content\/uploads\/2020\/02\/flying-aceti-balsamici-compagnia-del-montale.jpg 800w, https:\/\/balsamico.shop\/pl\/wp-content\/uploads\/2020\/02\/flying-aceti-balsamici-compagnia-del-montale-300x300.jpg 300w, https:\/\/balsamico.shop\/pl\/wp-content\/uploads\/2020\/02\/flying-aceti-balsamici-compagnia-del-montale-150x150.jpg 150w, https:\/\/balsamico.shop\/pl\/wp-content\/uploads\/2020\/02\/flying-aceti-balsamici-compagnia-del-montale-768x768.jpg 768w, https:\/\/balsamico.shop\/pl\/wp-content\/uploads\/2020\/02\/flying-aceti-balsamici-compagnia-del-montale-390x390.jpg 390w, https:\/\/balsamico.shop\/pl\/wp-content\/uploads\/2020\/02\/flying-aceti-balsamici-compagnia-del-montale-75x75.jpg 75w, https:\/\/balsamico.shop\/pl\/wp-content\/uploads\/2020\/02\/flying-aceti-balsamici-compagnia-del-montale-600x600.jpg 600w, https:\/\/balsamico.shop\/pl\/wp-content\/uploads\/2020\/02\/flying-aceti-balsamici-compagnia-del-montale-100x100.jpg 100w\" sizes=\"auto, (max-width: 800px) 100vw, 800px\" \/><\/p>\n<p>Z tymi dwoma <strong>Aceti Balsamici Tradizionali di Modena D.O.P.<\/strong> otrzymasz unikalny kawa\u0142ek wsp\u00f3\u0142czesnej historii kulinarnej z regionu Modeny. Skosztuj r\u00f3\u017cnicy mi\u0119dzy Affinato i Extravecchio &#8211; por\u00f3wnaj r\u00f3\u017cnic\u0119 co najmniej 12 lat mi\u0119dzy dwoma butelkami. Ciesz si\u0119 z\u0142o\u017cono\u015bci\u0105, intensywno\u015bci\u0105 i niepowtarzaln\u0105 s\u0142odycz\u0105 Extravecchio lub s\u0142odko-kwa\u015bnym temperamentem z przyjemnymi nutami drzewnymi Affinatos. Oba butelki s\u0105 unikalne z unikalnym na ca\u0142ym \u015bwiecie numerem seryjnym &#8211; nie mo\u017cna dwukrotnie kupi\u0107 tego samego produktu. Oba butelkowania pochodz\u0105 z dw\u00f3ch r\u00f3\u017cnych certyfikowanych rz\u0119d\u00f3w beczek z octem (bateria), kt\u00f3re s\u0105 coraz mniejszymi drewnianymi beczkami (patrz wideo).<\/p>\n<p>W 2012 roku Enrico Zini z Compagnia del Montale wygra\u0142 Palio di S. Giovanni z balsamiczn\u0105 beczk\u0105. Palio di S. Giovanni to najwi\u0119kszy konkurs w\u015br\u00f3d producent\u00f3w octu i honoruje najlepszy ocet balsamiczny roku w\u015br\u00f3d wszystkich uczestnik\u00f3w. W 2012 r. By\u0142o to a\u017c 1400, przeciwko kt\u00f3rym Acetaia mog\u0142a zwyci\u0119\u017cy\u0107! Od 2012 roku nikt nie przekroczy\u0142 wyniku Zini na poziomie 324,0 dla tego Palio! Enrico Zini jest obecnie cz\u0142onkiem zarz\u0105du Consorzio Tutela Aceto Balsamico di Modena i jest zaanga\u017cowany w ochron\u0119 tego cennego produktu ze swojego kraju.<\/p>\n<p>Sk\u0142adniki: 100% moszcz winogronowy<\/p>\n<p>Uwaga: Mo\u017ce zawiera\u0107 naturalne siarczyny.<\/p>\n","protected":false},"excerpt":{"rendered":"<p>Te dwa tradycyjne ocet balsamiczny zosta\u0142y wyprodukowane w wielokrotnie nagradzanej Acetaia Compagnia del Montale. Ta oferta obejmuje butelk\u0119 Aceto Balsamico Tradizionale di Modena D.O.P. Affinato (w wieku co najmniej 12 lat) z czerwon\u0105 czapk\u0105 i butelk\u0105 Aceto Balsamico Tradizionale di Modena D.O.P. Extravecchio (w wieku co najmniej 25 lat) ze z\u0142ot\u0105 czapk\u0105. Te cenne octy zosta\u0142y wyprodukowane przez Enrico Zini. Jego Acetaia \u201eCompagnia del Montale\u201d znajduje si\u0119 na po\u0142udniu regionu Modena, w Sassuolo, gdzie pierwsze stoki Apenin Liguryjskich wznosz\u0105 si\u0119 do doliny Padu. Stoki i \u0142agodny klimat zapewniaj\u0105 winogronom najlepsze warunki do dojrzewania. To jest podstawa tego wyj\u0105tkowo dobrego tradycyjnego octu balsamicznego. Z tymi dwoma Aceti Balsamici Tradizionali di Modena D.O.P. otrzymasz unikalny kawa\u0142ek wsp\u00f3\u0142czesnej historii kulinarnej z regionu Modeny. Skosztuj r\u00f3\u017cnicy mi\u0119dzy Affinato i Extravecchio &#8211; por\u00f3wnaj r\u00f3\u017cnic\u0119 co najmniej 12 lat mi\u0119dzy dwoma butelkami. Ciesz si\u0119 z\u0142o\u017cono\u015bci\u0105, intensywno\u015bci\u0105 i niepowtarzaln\u0105 s\u0142odycz\u0105 Extravecchio lub s\u0142odko-kwa\u015bnym temperamentem z przyjemnymi nutami drzewnymi Affinatos. Oba butelki s\u0105 unikalne z unikalnym na ca\u0142ym \u015bwiecie numerem seryjnym &#8211; nie mo\u017cna dwukrotnie kupi\u0107 tego samego produktu. Oba butelkowania pochodz\u0105 z dw\u00f3ch r\u00f3\u017cnych certyfikowanych rz\u0119d\u00f3w beczek z octem (bateria), kt\u00f3re s\u0105 coraz mniejszymi drewnianymi beczkami (patrz wideo). W 2012 roku Enrico Zini z Compagnia del Montale wygra\u0142 Palio di S. Giovanni z balsamiczn\u0105 beczk\u0105. Palio di S. Giovanni to najwi\u0119kszy konkurs w\u015br\u00f3d producent\u00f3w octu i honoruje najlepszy ocet balsamiczny roku w\u015br\u00f3d wszystkich uczestnik\u00f3w. W 2012 r. By\u0142o to a\u017c 1400, przeciwko kt\u00f3rym Acetaia mog\u0142a zwyci\u0119\u017cy\u0107! Od 2012 roku nikt nie przekroczy\u0142 wyniku Zini na poziomie 324,0 dla tego Palio! Enrico Zini jest obecnie cz\u0142onkiem zarz\u0105du Consorzio Tutela Aceto Balsamico di Modena i jest zaanga\u017cowany w ochron\u0119 tego cennego produktu ze swojego kraju. Sk\u0142adniki: 100% moszcz winogronowy Uwaga: Mo\u017ce zawiera\u0107 naturalne siarczyny.<\/p>\n","protected":false},"featured_media":1689,"template":"","meta":[],"product_brand":[],"product_cat":[60],"product_tag":[],"class_list":{"0":"post-1644","1":"product","2":"type-product","3":"status-publish","4":"has-post-thumbnail","6":"product_cat-compagnia-del-montale","7":"product_shipping_class-ueber-400","9":"first","10":"outofstock","11":"sale","12":"taxable","13":"shipping-taxable","14":"purchasable","15":"product-type-bundle"},"bundle_layout":"default","bundled_by":[],"bundled_items":[{"bundled_item_id":1,"product_id":1674,"menu_order":0,"quantity_min":1,"quantity_max":1,"priced_individually":false,"shipped_individually":false,"override_title":false,"title":"","override_description":false,"description":"","optional":false,"hide_thumbnail":false,"discount":"","override_variations":false,"allowed_variations":[],"override_default_variation_attributes":false,"default_variation_attributes":[],"single_product_visibility":"hidden","cart_visibility":"hidden","order_visibility":"hidden","single_product_price_visibility":"visible","cart_price_visibility":"visible","order_price_visibility":"visible","stock_status":"out_of_stock"},{"bundled_item_id":2,"product_id":1675,"menu_order":1,"quantity_min":1,"quantity_max":1,"priced_individually":false,"shipped_individually":false,"override_title":false,"title":"","override_description":false,"description":"","optional":false,"hide_thumbnail":false,"discount":"","override_variations":false,"allowed_variations":[],"override_default_variation_attributes":false,"default_variation_attributes":[],"single_product_visibility":"hidden","cart_visibility":"hidden","order_visibility":"hidden","single_product_price_visibility":"visible","cart_price_visibility":"visible","order_price_visibility":"visible","stock_status":"out_of_stock"}],"yoast_head":"<!-- This site is optimized with the Yoast SEO plugin v27.4 - https:\/\/yoast.com\/product\/yoast-seo-wordpress\/ -->\n<title>2x Aceti Balsamici Tradizionali di Modena 12 + 25 - Compagnia del Montale<\/title>\n<meta name=\"robots\" content=\"index, follow, max-snippet:-1, max-image-preview:large, max-video-preview:-1\" \/>\n<link rel=\"canonical\" href=\"https:\/\/balsamico.shop\/pl\/produkt\/compagnia-del-montale-aceto-balsamico-tradizionale-12-25\/\" \/>\n<meta property=\"og:locale\" content=\"pl_PL\" \/>\n<meta property=\"og:type\" content=\"article\" \/>\n<meta property=\"og:title\" content=\"2x Aceti Balsamici Tradizionali di Modena 12 + 25 - Compagnia del Montale\" \/>\n<meta property=\"og:description\" content=\"Te dwa tradycyjne ocet balsamiczny zosta\u0142y wyprodukowane w wielokrotnie nagradzanej Acetaia Compagnia del Montale. Ta oferta obejmuje butelk\u0119 Aceto Balsamico Tradizionale di Modena D.O.P. Affinato (w wieku co najmniej 12 lat) z czerwon\u0105 czapk\u0105 i butelk\u0105 Aceto Balsamico Tradizionale di Modena D.O.P. Extravecchio (w wieku co najmniej 25 lat) ze z\u0142ot\u0105 czapk\u0105. Te cenne octy zosta\u0142y wyprodukowane przez Enrico Zini. Jego Acetaia \u201eCompagnia del Montale\u201d znajduje si\u0119 na po\u0142udniu regionu Modena, w Sassuolo, gdzie pierwsze stoki Apenin Liguryjskich wznosz\u0105 si\u0119 do doliny Padu. Stoki i \u0142agodny klimat zapewniaj\u0105 winogronom najlepsze warunki do dojrzewania. To jest podstawa tego wyj\u0105tkowo dobrego tradycyjnego octu balsamicznego. Z tymi dwoma Aceti Balsamici Tradizionali di Modena D.O.P. otrzymasz unikalny kawa\u0142ek wsp\u00f3\u0142czesnej historii kulinarnej z regionu Modeny. Skosztuj r\u00f3\u017cnicy mi\u0119dzy Affinato i Extravecchio &#8211; por\u00f3wnaj r\u00f3\u017cnic\u0119 co najmniej 12 lat mi\u0119dzy dwoma butelkami. Ciesz si\u0119 z\u0142o\u017cono\u015bci\u0105, intensywno\u015bci\u0105 i niepowtarzaln\u0105 s\u0142odycz\u0105 Extravecchio lub s\u0142odko-kwa\u015bnym temperamentem z przyjemnymi nutami drzewnymi Affinatos. Oba butelki s\u0105 unikalne z unikalnym na ca\u0142ym \u015bwiecie numerem seryjnym &#8211; nie mo\u017cna dwukrotnie kupi\u0107 tego samego produktu. Oba butelkowania pochodz\u0105 z dw\u00f3ch r\u00f3\u017cnych certyfikowanych rz\u0119d\u00f3w beczek z octem (bateria), kt\u00f3re s\u0105 coraz mniejszymi drewnianymi beczkami (patrz wideo). W 2012 roku Enrico Zini z Compagnia del Montale wygra\u0142 Palio di S. Giovanni z balsamiczn\u0105 beczk\u0105. Palio di S. Giovanni to najwi\u0119kszy konkurs w\u015br\u00f3d producent\u00f3w octu i honoruje najlepszy ocet balsamiczny roku w\u015br\u00f3d wszystkich uczestnik\u00f3w. W 2012 r. By\u0142o to a\u017c 1400, przeciwko kt\u00f3rym Acetaia mog\u0142a zwyci\u0119\u017cy\u0107! Od 2012 roku nikt nie przekroczy\u0142 wyniku Zini na poziomie 324,0 dla tego Palio! Enrico Zini jest obecnie cz\u0142onkiem zarz\u0105du Consorzio Tutela Aceto Balsamico di Modena i jest zaanga\u017cowany w ochron\u0119 tego cennego produktu ze swojego kraju. Sk\u0142adniki: 100% moszcz winogronowy Uwaga: Mo\u017ce zawiera\u0107 naturalne siarczyny.\" \/>\n<meta property=\"og:url\" content=\"https:\/\/balsamico.shop\/pl\/produkt\/compagnia-del-montale-aceto-balsamico-tradizionale-12-25\/\" \/>\n<meta property=\"og:site_name\" content=\"Aceto Balsamico Shop - Polska\" \/>\n<meta property=\"article:modified_time\" content=\"2022-11-29T17:56:12+00:00\" \/>\n<meta property=\"og:image\" content=\"https:\/\/balsamico.shop\/pl\/wp-content\/uploads\/2020\/02\/insieme-tradizionali-compagnia-del-montale-1.jpg\" \/>\n\t<meta property=\"og:image:width\" content=\"1600\" \/>\n\t<meta property=\"og:image:height\" content=\"1872\" \/>\n\t<meta property=\"og:image:type\" content=\"image\/jpeg\" \/>\n<meta name=\"twitter:card\" content=\"summary_large_image\" \/>\n<meta name=\"twitter:label1\" content=\"Szacowany czas czytania\" \/>\n\t<meta name=\"twitter:data1\" content=\"2 minuty\" \/>\n<script type=\"application\/ld+json\" class=\"yoast-schema-graph\">{\"@context\":\"https:\\\/\\\/schema.org\",\"@graph\":[{\"@type\":\"WebPage\",\"@id\":\"https:\\\/\\\/balsamico.shop\\\/pl\\\/produkt\\\/compagnia-del-montale-aceto-balsamico-tradizionale-12-25\\\/\",\"url\":\"https:\\\/\\\/balsamico.shop\\\/pl\\\/produkt\\\/compagnia-del-montale-aceto-balsamico-tradizionale-12-25\\\/\",\"name\":\"2x Aceti Balsamici Tradizionali di Modena 12 + 25 - Compagnia del Montale\",\"isPartOf\":{\"@id\":\"https:\\\/\\\/balsamico.shop\\\/pl\\\/#website\"},\"primaryImageOfPage\":{\"@id\":\"https:\\\/\\\/balsamico.shop\\\/pl\\\/produkt\\\/compagnia-del-montale-aceto-balsamico-tradizionale-12-25\\\/#primaryimage\"},\"image\":{\"@id\":\"https:\\\/\\\/balsamico.shop\\\/pl\\\/produkt\\\/compagnia-del-montale-aceto-balsamico-tradizionale-12-25\\\/#primaryimage\"},\"thumbnailUrl\":\"https:\\\/\\\/balsamico.shop\\\/pl\\\/wp-content\\\/uploads\\\/2020\\\/02\\\/insieme-tradizionali-compagnia-del-montale-1.jpg\",\"datePublished\":\"2020-02-10T17:28:02+00:00\",\"dateModified\":\"2022-11-29T17:56:12+00:00\",\"breadcrumb\":{\"@id\":\"https:\\\/\\\/balsamico.shop\\\/pl\\\/produkt\\\/compagnia-del-montale-aceto-balsamico-tradizionale-12-25\\\/#breadcrumb\"},\"inLanguage\":\"pl-PL\",\"potentialAction\":[{\"@type\":\"ReadAction\",\"target\":[\"https:\\\/\\\/balsamico.shop\\\/pl\\\/produkt\\\/compagnia-del-montale-aceto-balsamico-tradizionale-12-25\\\/\"]}]},{\"@type\":\"ImageObject\",\"inLanguage\":\"pl-PL\",\"@id\":\"https:\\\/\\\/balsamico.shop\\\/pl\\\/produkt\\\/compagnia-del-montale-aceto-balsamico-tradizionale-12-25\\\/#primaryimage\",\"url\":\"https:\\\/\\\/balsamico.shop\\\/pl\\\/wp-content\\\/uploads\\\/2020\\\/02\\\/insieme-tradizionali-compagnia-del-montale-1.jpg\",\"contentUrl\":\"https:\\\/\\\/balsamico.shop\\\/pl\\\/wp-content\\\/uploads\\\/2020\\\/02\\\/insieme-tradizionali-compagnia-del-montale-1.jpg\",\"width\":1600,\"height\":1872},{\"@type\":\"BreadcrumbList\",\"@id\":\"https:\\\/\\\/balsamico.shop\\\/pl\\\/produkt\\\/compagnia-del-montale-aceto-balsamico-tradizionale-12-25\\\/#breadcrumb\",\"itemListElement\":[{\"@type\":\"ListItem\",\"position\":1,\"name\":\"Home\",\"item\":\"https:\\\/\\\/balsamico.shop\\\/pl\\\/\"},{\"@type\":\"ListItem\",\"position\":2,\"name\":\"Ocet Balsamiczny &#8211; Sklep Internetowy\",\"item\":\"https:\\\/\\\/balsamico.shop\\\/pl\\\/shop\\\/\"},{\"@type\":\"ListItem\",\"position\":3,\"name\":\"2x Aceti Balsamici Tradizionali di Modena 12 + 25 &#8211; Compagnia del Montale\"}]},{\"@type\":\"WebSite\",\"@id\":\"https:\\\/\\\/balsamico.shop\\\/pl\\\/#website\",\"url\":\"https:\\\/\\\/balsamico.shop\\\/pl\\\/\",\"name\":\"Aceto Balsamico Shop - Polska\",\"description\":\"Ocet balsamiczny sklep internetowy\",\"potentialAction\":[{\"@type\":\"SearchAction\",\"target\":{\"@type\":\"EntryPoint\",\"urlTemplate\":\"https:\\\/\\\/balsamico.shop\\\/pl\\\/?s={search_term_string}\"},\"query-input\":{\"@type\":\"PropertyValueSpecification\",\"valueRequired\":true,\"valueName\":\"search_term_string\"}}],\"inLanguage\":\"pl-PL\"}]}<\/script>\n<!-- \/ Yoast SEO plugin. -->","yoast_head_json":{"title":"2x Aceti Balsamici Tradizionali di Modena 12 + 25 - Compagnia del Montale","robots":{"index":"index","follow":"follow","max-snippet":"max-snippet:-1","max-image-preview":"max-image-preview:large","max-video-preview":"max-video-preview:-1"},"canonical":"https:\/\/balsamico.shop\/pl\/produkt\/compagnia-del-montale-aceto-balsamico-tradizionale-12-25\/","og_locale":"pl_PL","og_type":"article","og_title":"2x Aceti Balsamici Tradizionali di Modena 12 + 25 - Compagnia del Montale","og_description":"Te dwa tradycyjne ocet balsamiczny zosta\u0142y wyprodukowane w wielokrotnie nagradzanej Acetaia Compagnia del Montale. Ta oferta obejmuje butelk\u0119 Aceto Balsamico Tradizionale di Modena D.O.P. Affinato (w wieku co najmniej 12 lat) z czerwon\u0105 czapk\u0105 i butelk\u0105 Aceto Balsamico Tradizionale di Modena D.O.P. Extravecchio (w wieku co najmniej 25 lat) ze z\u0142ot\u0105 czapk\u0105. Te cenne octy zosta\u0142y wyprodukowane przez Enrico Zini. Jego Acetaia \u201eCompagnia del Montale\u201d znajduje si\u0119 na po\u0142udniu regionu Modena, w Sassuolo, gdzie pierwsze stoki Apenin Liguryjskich wznosz\u0105 si\u0119 do doliny Padu. Stoki i \u0142agodny klimat zapewniaj\u0105 winogronom najlepsze warunki do dojrzewania. To jest podstawa tego wyj\u0105tkowo dobrego tradycyjnego octu balsamicznego. Z tymi dwoma Aceti Balsamici Tradizionali di Modena D.O.P. otrzymasz unikalny kawa\u0142ek wsp\u00f3\u0142czesnej historii kulinarnej z regionu Modeny. Skosztuj r\u00f3\u017cnicy mi\u0119dzy Affinato i Extravecchio &#8211; por\u00f3wnaj r\u00f3\u017cnic\u0119 co najmniej 12 lat mi\u0119dzy dwoma butelkami. Ciesz si\u0119 z\u0142o\u017cono\u015bci\u0105, intensywno\u015bci\u0105 i niepowtarzaln\u0105 s\u0142odycz\u0105 Extravecchio lub s\u0142odko-kwa\u015bnym temperamentem z przyjemnymi nutami drzewnymi Affinatos. Oba butelki s\u0105 unikalne z unikalnym na ca\u0142ym \u015bwiecie numerem seryjnym &#8211; nie mo\u017cna dwukrotnie kupi\u0107 tego samego produktu. Oba butelkowania pochodz\u0105 z dw\u00f3ch r\u00f3\u017cnych certyfikowanych rz\u0119d\u00f3w beczek z octem (bateria), kt\u00f3re s\u0105 coraz mniejszymi drewnianymi beczkami (patrz wideo). W 2012 roku Enrico Zini z Compagnia del Montale wygra\u0142 Palio di S. Giovanni z balsamiczn\u0105 beczk\u0105. Palio di S. Giovanni to najwi\u0119kszy konkurs w\u015br\u00f3d producent\u00f3w octu i honoruje najlepszy ocet balsamiczny roku w\u015br\u00f3d wszystkich uczestnik\u00f3w. W 2012 r. By\u0142o to a\u017c 1400, przeciwko kt\u00f3rym Acetaia mog\u0142a zwyci\u0119\u017cy\u0107! Od 2012 roku nikt nie przekroczy\u0142 wyniku Zini na poziomie 324,0 dla tego Palio! Enrico Zini jest obecnie cz\u0142onkiem zarz\u0105du Consorzio Tutela Aceto Balsamico di Modena i jest zaanga\u017cowany w ochron\u0119 tego cennego produktu ze swojego kraju. Sk\u0142adniki: 100% moszcz winogronowy Uwaga: Mo\u017ce zawiera\u0107 naturalne siarczyny.","og_url":"https:\/\/balsamico.shop\/pl\/produkt\/compagnia-del-montale-aceto-balsamico-tradizionale-12-25\/","og_site_name":"Aceto Balsamico Shop - Polska","article_modified_time":"2022-11-29T17:56:12+00:00","og_image":[{"width":1600,"height":1872,"url":"https:\/\/balsamico.shop\/pl\/wp-content\/uploads\/2020\/02\/insieme-tradizionali-compagnia-del-montale-1.jpg","type":"image\/jpeg"}],"twitter_card":"summary_large_image","twitter_misc":{"Szacowany czas czytania":"2 minuty"},"schema":{"@context":"https:\/\/schema.org","@graph":[{"@type":"WebPage","@id":"https:\/\/balsamico.shop\/pl\/produkt\/compagnia-del-montale-aceto-balsamico-tradizionale-12-25\/","url":"https:\/\/balsamico.shop\/pl\/produkt\/compagnia-del-montale-aceto-balsamico-tradizionale-12-25\/","name":"2x Aceti Balsamici Tradizionali di Modena 12 + 25 - Compagnia del Montale","isPartOf":{"@id":"https:\/\/balsamico.shop\/pl\/#website"},"primaryImageOfPage":{"@id":"https:\/\/balsamico.shop\/pl\/produkt\/compagnia-del-montale-aceto-balsamico-tradizionale-12-25\/#primaryimage"},"image":{"@id":"https:\/\/balsamico.shop\/pl\/produkt\/compagnia-del-montale-aceto-balsamico-tradizionale-12-25\/#primaryimage"},"thumbnailUrl":"https:\/\/balsamico.shop\/pl\/wp-content\/uploads\/2020\/02\/insieme-tradizionali-compagnia-del-montale-1.jpg","datePublished":"2020-02-10T17:28:02+00:00","dateModified":"2022-11-29T17:56:12+00:00","breadcrumb":{"@id":"https:\/\/balsamico.shop\/pl\/produkt\/compagnia-del-montale-aceto-balsamico-tradizionale-12-25\/#breadcrumb"},"inLanguage":"pl-PL","potentialAction":[{"@type":"ReadAction","target":["https:\/\/balsamico.shop\/pl\/produkt\/compagnia-del-montale-aceto-balsamico-tradizionale-12-25\/"]}]},{"@type":"ImageObject","inLanguage":"pl-PL","@id":"https:\/\/balsamico.shop\/pl\/produkt\/compagnia-del-montale-aceto-balsamico-tradizionale-12-25\/#primaryimage","url":"https:\/\/balsamico.shop\/pl\/wp-content\/uploads\/2020\/02\/insieme-tradizionali-compagnia-del-montale-1.jpg","contentUrl":"https:\/\/balsamico.shop\/pl\/wp-content\/uploads\/2020\/02\/insieme-tradizionali-compagnia-del-montale-1.jpg","width":1600,"height":1872},{"@type":"BreadcrumbList","@id":"https:\/\/balsamico.shop\/pl\/produkt\/compagnia-del-montale-aceto-balsamico-tradizionale-12-25\/#breadcrumb","itemListElement":[{"@type":"ListItem","position":1,"name":"Home","item":"https:\/\/balsamico.shop\/pl\/"},{"@type":"ListItem","position":2,"name":"Ocet Balsamiczny &#8211; Sklep Internetowy","item":"https:\/\/balsamico.shop\/pl\/shop\/"},{"@type":"ListItem","position":3,"name":"2x Aceti Balsamici Tradizionali di Modena 12 + 25 &#8211; Compagnia del Montale"}]},{"@type":"WebSite","@id":"https:\/\/balsamico.shop\/pl\/#website","url":"https:\/\/balsamico.shop\/pl\/","name":"Aceto Balsamico Shop - Polska","description":"Ocet balsamiczny sklep internetowy","potentialAction":[{"@type":"SearchAction","target":{"@type":"EntryPoint","urlTemplate":"https:\/\/balsamico.shop\/pl\/?s={search_term_string}"},"query-input":{"@type":"PropertyValueSpecification","valueRequired":true,"valueName":"search_term_string"}}],"inLanguage":"pl-PL"}]}},"_links":{"self":[{"href":"https:\/\/balsamico.shop\/pl\/wp-json\/wp\/v2\/product\/1644","targetHints":{"allow":["GET"]}}],"collection":[{"href":"https:\/\/balsamico.shop\/pl\/wp-json\/wp\/v2\/product"}],"about":[{"href":"https:\/\/balsamico.shop\/pl\/wp-json\/wp\/v2\/types\/product"}],"wp:featuredmedia":[{"embeddable":true,"href":"https:\/\/balsamico.shop\/pl\/wp-json\/wp\/v2\/media\/1689"}],"wp:attachment":[{"href":"https:\/\/balsamico.shop\/pl\/wp-json\/wp\/v2\/media?parent=1644"}],"wp:term":[{"taxonomy":"product_brand","embeddable":true,"href":"https:\/\/balsamico.shop\/pl\/wp-json\/wp\/v2\/product_brand?post=1644"},{"taxonomy":"product_cat","embeddable":true,"href":"https:\/\/balsamico.shop\/pl\/wp-json\/wp\/v2\/product_cat?post=1644"},{"taxonomy":"product_tag","embeddable":true,"href":"https:\/\/balsamico.shop\/pl\/wp-json\/wp\/v2\/product_tag?post=1644"}],"curies":[{"name":"wp","href":"https:\/\/api.w.org\/{rel}","templated":true}]}}