{"id":1583,"date":"2018-09-22T11:56:45","date_gmt":"2018-09-22T09:56:45","guid":{"rendered":"https:\/\/balsamico.shop\/pl\/?post_type=product&#038;p=1583"},"modified":"2026-04-13T19:17:02","modified_gmt":"2026-04-13T17:17:02","slug":"ocet-balsamiczny-condimento-cavalli-100-moszczu-gronowego-100","status":"publish","type":"product","link":"https:\/\/balsamico.shop\/pl\/produkt\/ocet-balsamiczny-condimento-cavalli-100-moszczu-gronowego-100\/","title":{"rendered":"Ocet Balsamiczny &#8211; Condimento Cavalli &#8211; 100% moszczu gronowego (100ml)"},"content":{"rendered":"<p>Raz po raz byli\u015bmy pytani przez naszych klient\u00f3w, czy nie mo\u017cemy zaoferowa\u0107 octu balsamicznego, kt\u00f3ry jest bardzo zbli\u017cony do tradycyjnego, ale nie tak drogiego. Codzienny balsamiczny, kt\u00f3ry mo\u017cna r\u00f3wnie\u017c cieszy\u0107 si\u0119 beztrosk\u0105, bez bezpo\u015bredniego my\u015blenia o cenie.<\/p>\n<p>Cena prawdziwego Aceto BalsamicoTradizionale jest przede wszystkim ze wzgl\u0119du na czas potrzebuje do dojrzewania, jego sp\u00f3jno\u015bci i jej z\u0142o\u017conym smaku. Czas oznacza balsamico w najprawdziwszym tego s\u0142owa znaczeniu dla pieni\u0119dzy. Prawie ka\u017cdy Acetaia w Modenie i Reggio Emilia sprzedawane obok tradycyjnego octem balsamicznym z Modeny D.O.P. tak\u017ce condimento &#8211; czyli pikantny sos lub prekursor Tradizionale. Wi\u0119c Acetaia Cavalli Ferdinando z Scandiano prowincji Reggio Emilia \/ W\u0142ochy, z kt\u00f3rych tradycyjny Ocet balsamiczny z Reggio Emilia nadchodzi.<\/p>\n<p><img loading=\"lazy\" decoding=\"async\" width=\"843\" height=\"160\" class=\"alignnone wp-image-585 size-full\" src=\"https:\/\/balsamico.shop\/pl\/wp-content\/uploads\/2017\/01\/cavalli-logo.jpg\" alt=\"Balsamico \" srcset=\"https:\/\/balsamico.shop\/pl\/wp-content\/uploads\/2017\/01\/cavalli-logo.jpg 843w, https:\/\/balsamico.shop\/pl\/wp-content\/uploads\/2017\/01\/cavalli-logo-600x114.jpg 600w, https:\/\/balsamico.shop\/pl\/wp-content\/uploads\/2017\/01\/cavalli-logo-300x57.jpg 300w, https:\/\/balsamico.shop\/pl\/wp-content\/uploads\/2017\/01\/cavalli-logo-768x146.jpg 768w, https:\/\/balsamico.shop\/pl\/wp-content\/uploads\/2017\/01\/cavalli-logo-390x74.jpg 390w\" sizes=\"auto, (max-width: 843px) 100vw, 843px\" \/><\/p>\n<p>Balsamicznym Cavalli \u201eRiserva Nando\u201d jest prekursorem tradycyjnego octu balsamicznego. Mimo \u017ce dojrzewa \u201etylko\u201d pi\u0119\u0107 do o\u015bmiu lat w beczkach Acetaia Cavalli, ale to ju\u017c ma konsystencj\u0119 dla \u201eprawdziwy\u201d &#8211; nie tak skomplikowane i finanlisiert jak Tradizionale ale ten ocet balsamiczny zachwyca czysto\u015bci\u0105 i jego charakterystyczny smak Winogrono Trebbiano i nie tylko jego cena.<\/p>\n<p>Sk\u0142ad: <strong>100%<\/strong> ugotowanego moszczu gronowego, posortowanego z winogron <strong>Trebbiano<\/strong><\/p>\n<p>Ten ocet balsamiczny jest bezglutenowy, bez octu winnego, bez sztucznych barwnik\u00f3w, bez zag\u0119szczacza, bez konserwant\u00f3w, aromat\u00f3w bez!<\/p>\n<p>&nbsp;<\/p>\n<p>&nbsp;<\/p>\n<p>Producent:<br \/>\nCavalli cav. Ferdinando srl<br \/>\nVia del Cristo 6\/ab<br \/>\n42019 Scandiano Reggio Emilia<br \/>\nW\u0142ochy<\/p>\n","protected":false},"excerpt":{"rendered":"<p>Raz po raz byli\u015bmy pytani przez naszych klient\u00f3w, czy nie mo\u017cemy zaoferowa\u0107 octu balsamicznego, kt\u00f3ry jest bardzo zbli\u017cony do tradycyjnego, ale nie tak drogiego. Codzienny balsamiczny, kt\u00f3ry mo\u017cna r\u00f3wnie\u017c cieszy\u0107 si\u0119 beztrosk\u0105, bez bezpo\u015bredniego my\u015blenia o cenie. Cena prawdziwego Aceto BalsamicoTradizionale jest przede wszystkim ze wzgl\u0119du na czas potrzebuje do dojrzewania, jego sp\u00f3jno\u015bci i jej z\u0142o\u017conym smaku. Czas oznacza balsamico w najprawdziwszym tego s\u0142owa znaczeniu dla pieni\u0119dzy. Prawie ka\u017cdy Acetaia w Modenie i Reggio Emilia sprzedawane obok tradycyjnego octem balsamicznym z Modeny D.O.P. tak\u017ce condimento &#8211; czyli pikantny sos lub prekursor Tradizionale. Wi\u0119c Acetaia Cavalli Ferdinando z Scandiano prowincji Reggio Emilia \/ W\u0142ochy, z kt\u00f3rych tradycyjny Ocet balsamiczny z Reggio Emilia nadchodzi. Balsamicznym Cavalli \u201eRiserva Nando\u201d jest prekursorem tradycyjnego octu balsamicznego. Mimo \u017ce dojrzewa \u201etylko\u201d pi\u0119\u0107 do o\u015bmiu lat w beczkach Acetaia Cavalli, ale to ju\u017c ma konsystencj\u0119 dla \u201eprawdziwy\u201d &#8211; nie tak skomplikowane i finanlisiert jak Tradizionale ale ten ocet balsamiczny zachwyca czysto\u015bci\u0105 i jego charakterystyczny smak Winogrono Trebbiano i nie tylko jego cena. Sk\u0142ad: 100% ugotowanego moszczu gronowego, posortowanego z winogron Trebbiano Ten ocet balsamiczny jest bezglutenowy, bez octu winnego, bez sztucznych barwnik\u00f3w, bez zag\u0119szczacza, bez konserwant\u00f3w, aromat\u00f3w bez! &nbsp; &nbsp; Producent: Cavalli cav. Ferdinando srl Via del Cristo 6\/ab 42019 Scandiano Reggio Emilia W\u0142ochy<\/p>\n","protected":false},"featured_media":2208,"template":"","meta":[],"product_brand":[],"product_cat":[31],"product_tag":[],"class_list":{"0":"post-1583","1":"product","2":"type-product","3":"status-publish","4":"has-post-thumbnail","6":"product_cat-cavalli","7":"product_shipping_class-balsamico","9":"first","10":"instock","11":"taxable","12":"shipping-taxable","13":"purchasable","14":"product-type-simple"},"bundle_layout":"","bundled_by":[],"bundled_items":[],"yoast_head":"<!-- This site is optimized with the Yoast SEO plugin v27.4 - https:\/\/yoast.com\/product\/yoast-seo-wordpress\/ -->\n<title>Ocet Balsamiczny - Condimento Cavalli - 100% moszczu gronowego (100ml)<\/title>\n<meta name=\"robots\" content=\"index, follow, max-snippet:-1, max-image-preview:large, max-video-preview:-1\" \/>\n<link rel=\"canonical\" href=\"https:\/\/balsamico.shop\/pl\/produkt\/ocet-balsamiczny-condimento-cavalli-100-moszczu-gronowego-100\/\" \/>\n<meta property=\"og:locale\" content=\"pl_PL\" \/>\n<meta property=\"og:type\" content=\"article\" \/>\n<meta property=\"og:title\" content=\"Ocet Balsamiczny - Condimento Cavalli - 100% moszczu gronowego (100ml)\" \/>\n<meta property=\"og:description\" content=\"Raz po raz byli\u015bmy pytani przez naszych klient\u00f3w, czy nie mo\u017cemy zaoferowa\u0107 octu balsamicznego, kt\u00f3ry jest bardzo zbli\u017cony do tradycyjnego, ale nie tak drogiego. Codzienny balsamiczny, kt\u00f3ry mo\u017cna r\u00f3wnie\u017c cieszy\u0107 si\u0119 beztrosk\u0105, bez bezpo\u015bredniego my\u015blenia o cenie. Cena prawdziwego Aceto BalsamicoTradizionale jest przede wszystkim ze wzgl\u0119du na czas potrzebuje do dojrzewania, jego sp\u00f3jno\u015bci i jej z\u0142o\u017conym smaku. Czas oznacza balsamico w najprawdziwszym tego s\u0142owa znaczeniu dla pieni\u0119dzy. Prawie ka\u017cdy Acetaia w Modenie i Reggio Emilia sprzedawane obok tradycyjnego octem balsamicznym z Modeny D.O.P. tak\u017ce condimento &#8211; czyli pikantny sos lub prekursor Tradizionale. Wi\u0119c Acetaia Cavalli Ferdinando z Scandiano prowincji Reggio Emilia \/ W\u0142ochy, z kt\u00f3rych tradycyjny Ocet balsamiczny z Reggio Emilia nadchodzi. Balsamicznym Cavalli \u201eRiserva Nando\u201d jest prekursorem tradycyjnego octu balsamicznego. Mimo \u017ce dojrzewa \u201etylko\u201d pi\u0119\u0107 do o\u015bmiu lat w beczkach Acetaia Cavalli, ale to ju\u017c ma konsystencj\u0119 dla \u201eprawdziwy\u201d &#8211; nie tak skomplikowane i finanlisiert jak Tradizionale ale ten ocet balsamiczny zachwyca czysto\u015bci\u0105 i jego charakterystyczny smak Winogrono Trebbiano i nie tylko jego cena. Sk\u0142ad: 100% ugotowanego moszczu gronowego, posortowanego z winogron Trebbiano Ten ocet balsamiczny jest bezglutenowy, bez octu winnego, bez sztucznych barwnik\u00f3w, bez zag\u0119szczacza, bez konserwant\u00f3w, aromat\u00f3w bez! &nbsp; &nbsp; Producent: Cavalli cav. Ferdinando srl Via del Cristo 6\/ab 42019 Scandiano Reggio Emilia W\u0142ochy\" \/>\n<meta property=\"og:url\" content=\"https:\/\/balsamico.shop\/pl\/produkt\/ocet-balsamiczny-condimento-cavalli-100-moszczu-gronowego-100\/\" \/>\n<meta property=\"og:site_name\" content=\"Aceto Balsamico Shop - Polska\" \/>\n<meta property=\"article:modified_time\" content=\"2026-04-13T17:17:02+00:00\" \/>\n<meta property=\"og:image\" content=\"https:\/\/balsamico.shop\/pl\/wp-content\/uploads\/2018\/09\/riserva-nando-cavalli-traubenmost-reggioemila.jpg\" \/>\n\t<meta property=\"og:image:width\" content=\"1600\" \/>\n\t<meta property=\"og:image:height\" content=\"1872\" \/>\n\t<meta property=\"og:image:type\" content=\"image\/jpeg\" \/>\n<meta name=\"twitter:card\" content=\"summary_large_image\" \/>\n<meta name=\"twitter:label1\" content=\"Szacowany czas czytania\" \/>\n\t<meta name=\"twitter:data1\" content=\"2 minuty\" \/>\n<script type=\"application\/ld+json\" class=\"yoast-schema-graph\">{\"@context\":\"https:\\\/\\\/schema.org\",\"@graph\":[{\"@type\":\"WebPage\",\"@id\":\"https:\\\/\\\/balsamico.shop\\\/pl\\\/produkt\\\/ocet-balsamiczny-condimento-cavalli-100-moszczu-gronowego-100\\\/\",\"url\":\"https:\\\/\\\/balsamico.shop\\\/pl\\\/produkt\\\/ocet-balsamiczny-condimento-cavalli-100-moszczu-gronowego-100\\\/\",\"name\":\"Ocet Balsamiczny - Condimento Cavalli - 100% moszczu gronowego (100ml)\",\"isPartOf\":{\"@id\":\"https:\\\/\\\/balsamico.shop\\\/pl\\\/#website\"},\"primaryImageOfPage\":{\"@id\":\"https:\\\/\\\/balsamico.shop\\\/pl\\\/produkt\\\/ocet-balsamiczny-condimento-cavalli-100-moszczu-gronowego-100\\\/#primaryimage\"},\"image\":{\"@id\":\"https:\\\/\\\/balsamico.shop\\\/pl\\\/produkt\\\/ocet-balsamiczny-condimento-cavalli-100-moszczu-gronowego-100\\\/#primaryimage\"},\"thumbnailUrl\":\"https:\\\/\\\/balsamico.shop\\\/pl\\\/wp-content\\\/uploads\\\/2018\\\/09\\\/riserva-nando-cavalli-traubenmost-reggioemila.jpg\",\"datePublished\":\"2018-09-22T09:56:45+00:00\",\"dateModified\":\"2026-04-13T17:17:02+00:00\",\"breadcrumb\":{\"@id\":\"https:\\\/\\\/balsamico.shop\\\/pl\\\/produkt\\\/ocet-balsamiczny-condimento-cavalli-100-moszczu-gronowego-100\\\/#breadcrumb\"},\"inLanguage\":\"pl-PL\",\"potentialAction\":[{\"@type\":\"ReadAction\",\"target\":[\"https:\\\/\\\/balsamico.shop\\\/pl\\\/produkt\\\/ocet-balsamiczny-condimento-cavalli-100-moszczu-gronowego-100\\\/\"]}]},{\"@type\":\"ImageObject\",\"inLanguage\":\"pl-PL\",\"@id\":\"https:\\\/\\\/balsamico.shop\\\/pl\\\/produkt\\\/ocet-balsamiczny-condimento-cavalli-100-moszczu-gronowego-100\\\/#primaryimage\",\"url\":\"https:\\\/\\\/balsamico.shop\\\/pl\\\/wp-content\\\/uploads\\\/2018\\\/09\\\/riserva-nando-cavalli-traubenmost-reggioemila.jpg\",\"contentUrl\":\"https:\\\/\\\/balsamico.shop\\\/pl\\\/wp-content\\\/uploads\\\/2018\\\/09\\\/riserva-nando-cavalli-traubenmost-reggioemila.jpg\",\"width\":1600,\"height\":1872},{\"@type\":\"BreadcrumbList\",\"@id\":\"https:\\\/\\\/balsamico.shop\\\/pl\\\/produkt\\\/ocet-balsamiczny-condimento-cavalli-100-moszczu-gronowego-100\\\/#breadcrumb\",\"itemListElement\":[{\"@type\":\"ListItem\",\"position\":1,\"name\":\"Home\",\"item\":\"https:\\\/\\\/balsamico.shop\\\/pl\\\/\"},{\"@type\":\"ListItem\",\"position\":2,\"name\":\"Ocet Balsamiczny &#8211; Sklep Internetowy\",\"item\":\"https:\\\/\\\/balsamico.shop\\\/pl\\\/shop\\\/\"},{\"@type\":\"ListItem\",\"position\":3,\"name\":\"Ocet Balsamiczny &#8211; Condimento Cavalli &#8211; 100% moszczu gronowego (100ml)\"}]},{\"@type\":\"WebSite\",\"@id\":\"https:\\\/\\\/balsamico.shop\\\/pl\\\/#website\",\"url\":\"https:\\\/\\\/balsamico.shop\\\/pl\\\/\",\"name\":\"Aceto Balsamico Shop - Polska\",\"description\":\"Ocet balsamiczny sklep internetowy\",\"potentialAction\":[{\"@type\":\"SearchAction\",\"target\":{\"@type\":\"EntryPoint\",\"urlTemplate\":\"https:\\\/\\\/balsamico.shop\\\/pl\\\/?s={search_term_string}\"},\"query-input\":{\"@type\":\"PropertyValueSpecification\",\"valueRequired\":true,\"valueName\":\"search_term_string\"}}],\"inLanguage\":\"pl-PL\"}]}<\/script>\n<!-- \/ Yoast SEO plugin. -->","yoast_head_json":{"title":"Ocet Balsamiczny - Condimento Cavalli - 100% moszczu gronowego (100ml)","robots":{"index":"index","follow":"follow","max-snippet":"max-snippet:-1","max-image-preview":"max-image-preview:large","max-video-preview":"max-video-preview:-1"},"canonical":"https:\/\/balsamico.shop\/pl\/produkt\/ocet-balsamiczny-condimento-cavalli-100-moszczu-gronowego-100\/","og_locale":"pl_PL","og_type":"article","og_title":"Ocet Balsamiczny - Condimento Cavalli - 100% moszczu gronowego (100ml)","og_description":"Raz po raz byli\u015bmy pytani przez naszych klient\u00f3w, czy nie mo\u017cemy zaoferowa\u0107 octu balsamicznego, kt\u00f3ry jest bardzo zbli\u017cony do tradycyjnego, ale nie tak drogiego. Codzienny balsamiczny, kt\u00f3ry mo\u017cna r\u00f3wnie\u017c cieszy\u0107 si\u0119 beztrosk\u0105, bez bezpo\u015bredniego my\u015blenia o cenie. Cena prawdziwego Aceto BalsamicoTradizionale jest przede wszystkim ze wzgl\u0119du na czas potrzebuje do dojrzewania, jego sp\u00f3jno\u015bci i jej z\u0142o\u017conym smaku. Czas oznacza balsamico w najprawdziwszym tego s\u0142owa znaczeniu dla pieni\u0119dzy. Prawie ka\u017cdy Acetaia w Modenie i Reggio Emilia sprzedawane obok tradycyjnego octem balsamicznym z Modeny D.O.P. tak\u017ce condimento &#8211; czyli pikantny sos lub prekursor Tradizionale. Wi\u0119c Acetaia Cavalli Ferdinando z Scandiano prowincji Reggio Emilia \/ W\u0142ochy, z kt\u00f3rych tradycyjny Ocet balsamiczny z Reggio Emilia nadchodzi. Balsamicznym Cavalli \u201eRiserva Nando\u201d jest prekursorem tradycyjnego octu balsamicznego. Mimo \u017ce dojrzewa \u201etylko\u201d pi\u0119\u0107 do o\u015bmiu lat w beczkach Acetaia Cavalli, ale to ju\u017c ma konsystencj\u0119 dla \u201eprawdziwy\u201d &#8211; nie tak skomplikowane i finanlisiert jak Tradizionale ale ten ocet balsamiczny zachwyca czysto\u015bci\u0105 i jego charakterystyczny smak Winogrono Trebbiano i nie tylko jego cena. Sk\u0142ad: 100% ugotowanego moszczu gronowego, posortowanego z winogron Trebbiano Ten ocet balsamiczny jest bezglutenowy, bez octu winnego, bez sztucznych barwnik\u00f3w, bez zag\u0119szczacza, bez konserwant\u00f3w, aromat\u00f3w bez! &nbsp; &nbsp; Producent: Cavalli cav. Ferdinando srl Via del Cristo 6\/ab 42019 Scandiano Reggio Emilia W\u0142ochy","og_url":"https:\/\/balsamico.shop\/pl\/produkt\/ocet-balsamiczny-condimento-cavalli-100-moszczu-gronowego-100\/","og_site_name":"Aceto Balsamico Shop - Polska","article_modified_time":"2026-04-13T17:17:02+00:00","og_image":[{"width":1600,"height":1872,"url":"https:\/\/balsamico.shop\/pl\/wp-content\/uploads\/2018\/09\/riserva-nando-cavalli-traubenmost-reggioemila.jpg","type":"image\/jpeg"}],"twitter_card":"summary_large_image","twitter_misc":{"Szacowany czas czytania":"2 minuty"},"schema":{"@context":"https:\/\/schema.org","@graph":[{"@type":"WebPage","@id":"https:\/\/balsamico.shop\/pl\/produkt\/ocet-balsamiczny-condimento-cavalli-100-moszczu-gronowego-100\/","url":"https:\/\/balsamico.shop\/pl\/produkt\/ocet-balsamiczny-condimento-cavalli-100-moszczu-gronowego-100\/","name":"Ocet Balsamiczny - Condimento Cavalli - 100% moszczu gronowego (100ml)","isPartOf":{"@id":"https:\/\/balsamico.shop\/pl\/#website"},"primaryImageOfPage":{"@id":"https:\/\/balsamico.shop\/pl\/produkt\/ocet-balsamiczny-condimento-cavalli-100-moszczu-gronowego-100\/#primaryimage"},"image":{"@id":"https:\/\/balsamico.shop\/pl\/produkt\/ocet-balsamiczny-condimento-cavalli-100-moszczu-gronowego-100\/#primaryimage"},"thumbnailUrl":"https:\/\/balsamico.shop\/pl\/wp-content\/uploads\/2018\/09\/riserva-nando-cavalli-traubenmost-reggioemila.jpg","datePublished":"2018-09-22T09:56:45+00:00","dateModified":"2026-04-13T17:17:02+00:00","breadcrumb":{"@id":"https:\/\/balsamico.shop\/pl\/produkt\/ocet-balsamiczny-condimento-cavalli-100-moszczu-gronowego-100\/#breadcrumb"},"inLanguage":"pl-PL","potentialAction":[{"@type":"ReadAction","target":["https:\/\/balsamico.shop\/pl\/produkt\/ocet-balsamiczny-condimento-cavalli-100-moszczu-gronowego-100\/"]}]},{"@type":"ImageObject","inLanguage":"pl-PL","@id":"https:\/\/balsamico.shop\/pl\/produkt\/ocet-balsamiczny-condimento-cavalli-100-moszczu-gronowego-100\/#primaryimage","url":"https:\/\/balsamico.shop\/pl\/wp-content\/uploads\/2018\/09\/riserva-nando-cavalli-traubenmost-reggioemila.jpg","contentUrl":"https:\/\/balsamico.shop\/pl\/wp-content\/uploads\/2018\/09\/riserva-nando-cavalli-traubenmost-reggioemila.jpg","width":1600,"height":1872},{"@type":"BreadcrumbList","@id":"https:\/\/balsamico.shop\/pl\/produkt\/ocet-balsamiczny-condimento-cavalli-100-moszczu-gronowego-100\/#breadcrumb","itemListElement":[{"@type":"ListItem","position":1,"name":"Home","item":"https:\/\/balsamico.shop\/pl\/"},{"@type":"ListItem","position":2,"name":"Ocet Balsamiczny &#8211; Sklep Internetowy","item":"https:\/\/balsamico.shop\/pl\/shop\/"},{"@type":"ListItem","position":3,"name":"Ocet Balsamiczny &#8211; Condimento Cavalli &#8211; 100% moszczu gronowego (100ml)"}]},{"@type":"WebSite","@id":"https:\/\/balsamico.shop\/pl\/#website","url":"https:\/\/balsamico.shop\/pl\/","name":"Aceto Balsamico Shop - Polska","description":"Ocet balsamiczny sklep internetowy","potentialAction":[{"@type":"SearchAction","target":{"@type":"EntryPoint","urlTemplate":"https:\/\/balsamico.shop\/pl\/?s={search_term_string}"},"query-input":{"@type":"PropertyValueSpecification","valueRequired":true,"valueName":"search_term_string"}}],"inLanguage":"pl-PL"}]}},"_links":{"self":[{"href":"https:\/\/balsamico.shop\/pl\/wp-json\/wp\/v2\/product\/1583","targetHints":{"allow":["GET"]}}],"collection":[{"href":"https:\/\/balsamico.shop\/pl\/wp-json\/wp\/v2\/product"}],"about":[{"href":"https:\/\/balsamico.shop\/pl\/wp-json\/wp\/v2\/types\/product"}],"wp:featuredmedia":[{"embeddable":true,"href":"https:\/\/balsamico.shop\/pl\/wp-json\/wp\/v2\/media\/2208"}],"wp:attachment":[{"href":"https:\/\/balsamico.shop\/pl\/wp-json\/wp\/v2\/media?parent=1583"}],"wp:term":[{"taxonomy":"product_brand","embeddable":true,"href":"https:\/\/balsamico.shop\/pl\/wp-json\/wp\/v2\/product_brand?post=1583"},{"taxonomy":"product_cat","embeddable":true,"href":"https:\/\/balsamico.shop\/pl\/wp-json\/wp\/v2\/product_cat?post=1583"},{"taxonomy":"product_tag","embeddable":true,"href":"https:\/\/balsamico.shop\/pl\/wp-json\/wp\/v2\/product_tag?post=1583"}],"curies":[{"name":"wp","href":"https:\/\/api.w.org\/{rel}","templated":true}]}}