{"id":1529,"date":"2018-02-16T18:29:57","date_gmt":"2018-02-16T17:29:57","guid":{"rendered":"https:\/\/balsamico.shop\/pl\/?post_type=product&#038;p=1529"},"modified":"2026-03-12T20:07:05","modified_gmt":"2026-03-12T19:07:05","slug":"tradycyjny-ocet-balsamiczny-modeny-dop-extra-vecchio","status":"publish","type":"product","link":"https:\/\/balsamico.shop\/pl\/produkt\/tradycyjny-ocet-balsamiczny-modeny-dop-extra-vecchio\/","title":{"rendered":"Aceto Balsamico Tradizionale di Modena DOP Extra Vecchio &#8211; Malpighi"},"content":{"rendered":"<p>Ten tradycyjny Aceto Balsamico Tradizionale di Modena DOP \u201eExtra Vecchio\u201d (<em>ocet balsamiczny z Modeny<\/em>) dojrzewa przez co najmniej 25 lat w drewnianych beczkach. Jest wytwarzany z najlepszych winogron Trebbiano i Lambrusco z winnic w Modenie i przetwarzany w tradycyjnej winiarni Malpighi w Modenie. Ten oryginalny Aceto Balsamico Tradizionale di Modena DOP Extra Vecchio charakteryzuje si\u0119 g\u0142\u0119bokim br\u0105zem i wyra\u017anym kolorem, intensywnym smakiem i du\u017c\u0105 g\u0119sto\u015bci\u0105. Zapach jest harmonijny i trwa\u0142y, z aromatami trawy, siana i \u015bliwki.<\/p>\n<p>Dojrzewanie odbywa si\u0119 w najcenniejszych lasach Acetaia Malpighi wed\u0142ug starej techniki \u201ebary\u0142ka do beczki\u201d.<\/p>\n<p>Opakowanie: szklana butelka zaprojektowana przez Giorgetto Giugiaro, oryginalne opakowanie konsorcjum i dopasowana wylewka ze szklan\u0105 rurk\u0105.<\/p>\n<p>Zastosowanie: Pure, w ma\u0142ych kroplach na wszystkie rodzaje \u017cywno\u015bci, zw\u0142aszcza na ser, parmezan, \u015bwie\u017ce truskawki, desery, lody waniliowe lub wyrafinowane koktajle.<\/p>\n<p>Sk\u0142adniki: 100% gotowany moszcz winogronowy z winogron Modenese<\/p>\n<p><iframe loading=\"lazy\" title=\"House of Balsamics - Traditional Balsamic Vinegar from Modena\" width=\"1170\" height=\"658\" src=\"https:\/\/www.youtube.com\/embed\/KxHEpD9YPKs?feature=oembed\" frameborder=\"0\" allow=\"accelerometer; autoplay; clipboard-write; encrypted-media; gyroscope; picture-in-picture; web-share\" referrerpolicy=\"strict-origin-when-cross-origin\" allowfullscreen><\/iframe><\/p>\n<p>&nbsp;<\/p>\n<p>&nbsp;<\/p>\n<p>Producent:<br \/>\nAcetaia MALPIGHI Srl<br \/>\nStradello Barca, 20<br \/>\n41126 Modena, W\u0142ochy<\/p>\n","protected":false},"excerpt":{"rendered":"<p>Ten tradycyjny Aceto Balsamico Tradizionale di Modena DOP \u201eExtra Vecchio\u201d (ocet balsamiczny z Modeny) dojrzewa przez co najmniej 25 lat w drewnianych beczkach. Jest wytwarzany z najlepszych winogron Trebbiano i Lambrusco z winnic w Modenie i przetwarzany w tradycyjnej winiarni Malpighi w Modenie. Ten oryginalny Aceto Balsamico Tradizionale di Modena DOP Extra Vecchio charakteryzuje si\u0119 g\u0142\u0119bokim br\u0105zem i wyra\u017anym kolorem, intensywnym smakiem i du\u017c\u0105 g\u0119sto\u015bci\u0105. Zapach jest harmonijny i trwa\u0142y, z aromatami trawy, siana i \u015bliwki. Dojrzewanie odbywa si\u0119 w najcenniejszych lasach Acetaia Malpighi wed\u0142ug starej techniki \u201ebary\u0142ka do beczki\u201d. Opakowanie: szklana butelka zaprojektowana przez Giorgetto Giugiaro, oryginalne opakowanie konsorcjum i dopasowana wylewka ze szklan\u0105 rurk\u0105. Zastosowanie: Pure, w ma\u0142ych kroplach na wszystkie rodzaje \u017cywno\u015bci, zw\u0142aszcza na ser, parmezan, \u015bwie\u017ce truskawki, desery, lody waniliowe lub wyrafinowane koktajle. Sk\u0142adniki: 100% gotowany moszcz winogronowy z winogron Modenese &nbsp; &nbsp; Producent: Acetaia MALPIGHI Srl Stradello Barca, 20 41126 Modena, W\u0142ochy<\/p>\n","protected":false},"featured_media":2195,"template":"","meta":[],"product_brand":[],"product_cat":[34],"product_tag":[],"class_list":{"0":"post-1529","1":"product","2":"type-product","3":"status-publish","4":"has-post-thumbnail","6":"product_cat-malpighi","7":"product_shipping_class-balsamico","9":"first","10":"instock","11":"taxable","12":"shipping-taxable","13":"purchasable","14":"product-type-simple"},"bundle_layout":"","bundled_by":[],"bundled_items":[],"yoast_head":"<!-- This site is optimized with the Yoast SEO plugin v27.4 - https:\/\/yoast.com\/product\/yoast-seo-wordpress\/ -->\n<title>Tradycyjny Ocet Balsamiczny z Modeny DOP Extra Vecchio - Oferta \/ Sale<\/title>\n<meta name=\"description\" content=\"Ten tradycyjny Aceto Balsamico Tradizionale di Modena DOP \u201eExtra Vecchio\u201d (ocet balsamiczny z Modeny) dojrzewa przez co najmniej 25 lat w drewnianych beczkach. Jest wytwarzany z najlepszych winogron Trebbiano i Lambrusco z winnic w Modenie i przetwarzany w tradycyjnej winiarni Malpighi w Modenie. Ten oryginalny Aceto Balsamico Tradizionale di Modena DOP Extra Vecchio charakteryzuje si\u0119 g\u0142\u0119bokim br\u0105zem i wyra\u017anym kolorem, intensywnym smakiem i du\u017c\u0105 g\u0119sto\u015bci\u0105. Zapach jest harmonijny i trwa\u0142y, z aromatami trawy, siana i \u015bliwki.\" \/>\n<meta name=\"robots\" content=\"index, follow, max-snippet:-1, max-image-preview:large, max-video-preview:-1\" \/>\n<link rel=\"canonical\" href=\"https:\/\/balsamico.shop\/pl\/produkt\/tradycyjny-ocet-balsamiczny-modeny-dop-extra-vecchio\/\" \/>\n<meta property=\"og:locale\" content=\"pl_PL\" \/>\n<meta property=\"og:type\" content=\"article\" \/>\n<meta property=\"og:title\" content=\"Tradycyjny Ocet Balsamiczny z Modeny DOP Extra Vecchio - Oferta \/ Sale\" \/>\n<meta property=\"og:description\" content=\"Ten tradycyjny Aceto Balsamico Tradizionale di Modena DOP \u201eExtra Vecchio\u201d (ocet balsamiczny z Modeny) dojrzewa przez co najmniej 25 lat w drewnianych beczkach. Jest wytwarzany z najlepszych winogron Trebbiano i Lambrusco z winnic w Modenie i przetwarzany w tradycyjnej winiarni Malpighi w Modenie. Ten oryginalny Aceto Balsamico Tradizionale di Modena DOP Extra Vecchio charakteryzuje si\u0119 g\u0142\u0119bokim br\u0105zem i wyra\u017anym kolorem, intensywnym smakiem i du\u017c\u0105 g\u0119sto\u015bci\u0105. Zapach jest harmonijny i trwa\u0142y, z aromatami trawy, siana i \u015bliwki.\" \/>\n<meta property=\"og:url\" content=\"https:\/\/balsamico.shop\/pl\/produkt\/tradycyjny-ocet-balsamiczny-modeny-dop-extra-vecchio\/\" \/>\n<meta property=\"og:site_name\" content=\"Aceto Balsamico Shop - Polska\" \/>\n<meta property=\"article:modified_time\" content=\"2026-03-12T19:07:05+00:00\" \/>\n<meta property=\"og:image\" content=\"https:\/\/balsamico.shop\/pl\/wp-content\/uploads\/2018\/02\/aceto-balsamico-tradizionale-extravecchio-malpighi-1.jpg\" \/>\n\t<meta property=\"og:image:width\" content=\"1600\" \/>\n\t<meta property=\"og:image:height\" content=\"1872\" \/>\n\t<meta property=\"og:image:type\" content=\"image\/jpeg\" \/>\n<meta name=\"twitter:card\" content=\"summary_large_image\" \/>\n<meta name=\"twitter:label1\" content=\"Szacowany czas czytania\" \/>\n\t<meta name=\"twitter:data1\" content=\"1 minuta\" \/>\n<script type=\"application\/ld+json\" class=\"yoast-schema-graph\">{\"@context\":\"https:\\\/\\\/schema.org\",\"@graph\":[{\"@type\":\"WebPage\",\"@id\":\"https:\\\/\\\/balsamico.shop\\\/pl\\\/produkt\\\/tradycyjny-ocet-balsamiczny-modeny-dop-extra-vecchio\\\/\",\"url\":\"https:\\\/\\\/balsamico.shop\\\/pl\\\/produkt\\\/tradycyjny-ocet-balsamiczny-modeny-dop-extra-vecchio\\\/\",\"name\":\"Tradycyjny Ocet Balsamiczny z Modeny DOP Extra Vecchio - Oferta \\\/ Sale\",\"isPartOf\":{\"@id\":\"https:\\\/\\\/balsamico.shop\\\/pl\\\/#website\"},\"primaryImageOfPage\":{\"@id\":\"https:\\\/\\\/balsamico.shop\\\/pl\\\/produkt\\\/tradycyjny-ocet-balsamiczny-modeny-dop-extra-vecchio\\\/#primaryimage\"},\"image\":{\"@id\":\"https:\\\/\\\/balsamico.shop\\\/pl\\\/produkt\\\/tradycyjny-ocet-balsamiczny-modeny-dop-extra-vecchio\\\/#primaryimage\"},\"thumbnailUrl\":\"https:\\\/\\\/balsamico.shop\\\/pl\\\/wp-content\\\/uploads\\\/2018\\\/02\\\/aceto-balsamico-tradizionale-extravecchio-malpighi-1.jpg\",\"datePublished\":\"2018-02-16T17:29:57+00:00\",\"dateModified\":\"2026-03-12T19:07:05+00:00\",\"description\":\"Ten tradycyjny Aceto Balsamico Tradizionale di Modena DOP \u201eExtra Vecchio\u201d (ocet balsamiczny z Modeny) dojrzewa przez co najmniej 25 lat w drewnianych beczkach. Jest wytwarzany z najlepszych winogron Trebbiano i Lambrusco z winnic w Modenie i przetwarzany w tradycyjnej winiarni Malpighi w Modenie. Ten oryginalny Aceto Balsamico Tradizionale di Modena DOP Extra Vecchio charakteryzuje si\u0119 g\u0142\u0119bokim br\u0105zem i wyra\u017anym kolorem, intensywnym smakiem i du\u017c\u0105 g\u0119sto\u015bci\u0105. Zapach jest harmonijny i trwa\u0142y, z aromatami trawy, siana i \u015bliwki.\",\"breadcrumb\":{\"@id\":\"https:\\\/\\\/balsamico.shop\\\/pl\\\/produkt\\\/tradycyjny-ocet-balsamiczny-modeny-dop-extra-vecchio\\\/#breadcrumb\"},\"inLanguage\":\"pl-PL\",\"potentialAction\":[{\"@type\":\"ReadAction\",\"target\":[\"https:\\\/\\\/balsamico.shop\\\/pl\\\/produkt\\\/tradycyjny-ocet-balsamiczny-modeny-dop-extra-vecchio\\\/\"]}]},{\"@type\":\"ImageObject\",\"inLanguage\":\"pl-PL\",\"@id\":\"https:\\\/\\\/balsamico.shop\\\/pl\\\/produkt\\\/tradycyjny-ocet-balsamiczny-modeny-dop-extra-vecchio\\\/#primaryimage\",\"url\":\"https:\\\/\\\/balsamico.shop\\\/pl\\\/wp-content\\\/uploads\\\/2018\\\/02\\\/aceto-balsamico-tradizionale-extravecchio-malpighi-1.jpg\",\"contentUrl\":\"https:\\\/\\\/balsamico.shop\\\/pl\\\/wp-content\\\/uploads\\\/2018\\\/02\\\/aceto-balsamico-tradizionale-extravecchio-malpighi-1.jpg\",\"width\":1600,\"height\":1872},{\"@type\":\"BreadcrumbList\",\"@id\":\"https:\\\/\\\/balsamico.shop\\\/pl\\\/produkt\\\/tradycyjny-ocet-balsamiczny-modeny-dop-extra-vecchio\\\/#breadcrumb\",\"itemListElement\":[{\"@type\":\"ListItem\",\"position\":1,\"name\":\"Home\",\"item\":\"https:\\\/\\\/balsamico.shop\\\/pl\\\/\"},{\"@type\":\"ListItem\",\"position\":2,\"name\":\"Ocet Balsamiczny &#8211; Sklep Internetowy\",\"item\":\"https:\\\/\\\/balsamico.shop\\\/pl\\\/shop\\\/\"},{\"@type\":\"ListItem\",\"position\":3,\"name\":\"Aceto Balsamico Tradizionale di Modena DOP Extra Vecchio &#8211; Malpighi\"}]},{\"@type\":\"WebSite\",\"@id\":\"https:\\\/\\\/balsamico.shop\\\/pl\\\/#website\",\"url\":\"https:\\\/\\\/balsamico.shop\\\/pl\\\/\",\"name\":\"Aceto Balsamico Shop - Polska\",\"description\":\"Ocet balsamiczny sklep internetowy\",\"potentialAction\":[{\"@type\":\"SearchAction\",\"target\":{\"@type\":\"EntryPoint\",\"urlTemplate\":\"https:\\\/\\\/balsamico.shop\\\/pl\\\/?s={search_term_string}\"},\"query-input\":{\"@type\":\"PropertyValueSpecification\",\"valueRequired\":true,\"valueName\":\"search_term_string\"}}],\"inLanguage\":\"pl-PL\"}]}<\/script>\n<!-- \/ Yoast SEO plugin. -->","yoast_head_json":{"title":"Tradycyjny Ocet Balsamiczny z Modeny DOP Extra Vecchio - Oferta \/ Sale","description":"Ten tradycyjny Aceto Balsamico Tradizionale di Modena DOP \u201eExtra Vecchio\u201d (ocet balsamiczny z Modeny) dojrzewa przez co najmniej 25 lat w drewnianych beczkach. Jest wytwarzany z najlepszych winogron Trebbiano i Lambrusco z winnic w Modenie i przetwarzany w tradycyjnej winiarni Malpighi w Modenie. Ten oryginalny Aceto Balsamico Tradizionale di Modena DOP Extra Vecchio charakteryzuje si\u0119 g\u0142\u0119bokim br\u0105zem i wyra\u017anym kolorem, intensywnym smakiem i du\u017c\u0105 g\u0119sto\u015bci\u0105. Zapach jest harmonijny i trwa\u0142y, z aromatami trawy, siana i \u015bliwki.","robots":{"index":"index","follow":"follow","max-snippet":"max-snippet:-1","max-image-preview":"max-image-preview:large","max-video-preview":"max-video-preview:-1"},"canonical":"https:\/\/balsamico.shop\/pl\/produkt\/tradycyjny-ocet-balsamiczny-modeny-dop-extra-vecchio\/","og_locale":"pl_PL","og_type":"article","og_title":"Tradycyjny Ocet Balsamiczny z Modeny DOP Extra Vecchio - Oferta \/ Sale","og_description":"Ten tradycyjny Aceto Balsamico Tradizionale di Modena DOP \u201eExtra Vecchio\u201d (ocet balsamiczny z Modeny) dojrzewa przez co najmniej 25 lat w drewnianych beczkach. Jest wytwarzany z najlepszych winogron Trebbiano i Lambrusco z winnic w Modenie i przetwarzany w tradycyjnej winiarni Malpighi w Modenie. Ten oryginalny Aceto Balsamico Tradizionale di Modena DOP Extra Vecchio charakteryzuje si\u0119 g\u0142\u0119bokim br\u0105zem i wyra\u017anym kolorem, intensywnym smakiem i du\u017c\u0105 g\u0119sto\u015bci\u0105. Zapach jest harmonijny i trwa\u0142y, z aromatami trawy, siana i \u015bliwki.","og_url":"https:\/\/balsamico.shop\/pl\/produkt\/tradycyjny-ocet-balsamiczny-modeny-dop-extra-vecchio\/","og_site_name":"Aceto Balsamico Shop - Polska","article_modified_time":"2026-03-12T19:07:05+00:00","og_image":[{"width":1600,"height":1872,"url":"https:\/\/balsamico.shop\/pl\/wp-content\/uploads\/2018\/02\/aceto-balsamico-tradizionale-extravecchio-malpighi-1.jpg","type":"image\/jpeg"}],"twitter_card":"summary_large_image","twitter_misc":{"Szacowany czas czytania":"1 minuta"},"schema":{"@context":"https:\/\/schema.org","@graph":[{"@type":"WebPage","@id":"https:\/\/balsamico.shop\/pl\/produkt\/tradycyjny-ocet-balsamiczny-modeny-dop-extra-vecchio\/","url":"https:\/\/balsamico.shop\/pl\/produkt\/tradycyjny-ocet-balsamiczny-modeny-dop-extra-vecchio\/","name":"Tradycyjny Ocet Balsamiczny z Modeny DOP Extra Vecchio - Oferta \/ Sale","isPartOf":{"@id":"https:\/\/balsamico.shop\/pl\/#website"},"primaryImageOfPage":{"@id":"https:\/\/balsamico.shop\/pl\/produkt\/tradycyjny-ocet-balsamiczny-modeny-dop-extra-vecchio\/#primaryimage"},"image":{"@id":"https:\/\/balsamico.shop\/pl\/produkt\/tradycyjny-ocet-balsamiczny-modeny-dop-extra-vecchio\/#primaryimage"},"thumbnailUrl":"https:\/\/balsamico.shop\/pl\/wp-content\/uploads\/2018\/02\/aceto-balsamico-tradizionale-extravecchio-malpighi-1.jpg","datePublished":"2018-02-16T17:29:57+00:00","dateModified":"2026-03-12T19:07:05+00:00","description":"Ten tradycyjny Aceto Balsamico Tradizionale di Modena DOP \u201eExtra Vecchio\u201d (ocet balsamiczny z Modeny) dojrzewa przez co najmniej 25 lat w drewnianych beczkach. Jest wytwarzany z najlepszych winogron Trebbiano i Lambrusco z winnic w Modenie i przetwarzany w tradycyjnej winiarni Malpighi w Modenie. Ten oryginalny Aceto Balsamico Tradizionale di Modena DOP Extra Vecchio charakteryzuje si\u0119 g\u0142\u0119bokim br\u0105zem i wyra\u017anym kolorem, intensywnym smakiem i du\u017c\u0105 g\u0119sto\u015bci\u0105. Zapach jest harmonijny i trwa\u0142y, z aromatami trawy, siana i \u015bliwki.","breadcrumb":{"@id":"https:\/\/balsamico.shop\/pl\/produkt\/tradycyjny-ocet-balsamiczny-modeny-dop-extra-vecchio\/#breadcrumb"},"inLanguage":"pl-PL","potentialAction":[{"@type":"ReadAction","target":["https:\/\/balsamico.shop\/pl\/produkt\/tradycyjny-ocet-balsamiczny-modeny-dop-extra-vecchio\/"]}]},{"@type":"ImageObject","inLanguage":"pl-PL","@id":"https:\/\/balsamico.shop\/pl\/produkt\/tradycyjny-ocet-balsamiczny-modeny-dop-extra-vecchio\/#primaryimage","url":"https:\/\/balsamico.shop\/pl\/wp-content\/uploads\/2018\/02\/aceto-balsamico-tradizionale-extravecchio-malpighi-1.jpg","contentUrl":"https:\/\/balsamico.shop\/pl\/wp-content\/uploads\/2018\/02\/aceto-balsamico-tradizionale-extravecchio-malpighi-1.jpg","width":1600,"height":1872},{"@type":"BreadcrumbList","@id":"https:\/\/balsamico.shop\/pl\/produkt\/tradycyjny-ocet-balsamiczny-modeny-dop-extra-vecchio\/#breadcrumb","itemListElement":[{"@type":"ListItem","position":1,"name":"Home","item":"https:\/\/balsamico.shop\/pl\/"},{"@type":"ListItem","position":2,"name":"Ocet Balsamiczny &#8211; Sklep Internetowy","item":"https:\/\/balsamico.shop\/pl\/shop\/"},{"@type":"ListItem","position":3,"name":"Aceto Balsamico Tradizionale di Modena DOP Extra Vecchio &#8211; Malpighi"}]},{"@type":"WebSite","@id":"https:\/\/balsamico.shop\/pl\/#website","url":"https:\/\/balsamico.shop\/pl\/","name":"Aceto Balsamico Shop - Polska","description":"Ocet balsamiczny sklep internetowy","potentialAction":[{"@type":"SearchAction","target":{"@type":"EntryPoint","urlTemplate":"https:\/\/balsamico.shop\/pl\/?s={search_term_string}"},"query-input":{"@type":"PropertyValueSpecification","valueRequired":true,"valueName":"search_term_string"}}],"inLanguage":"pl-PL"}]}},"_links":{"self":[{"href":"https:\/\/balsamico.shop\/pl\/wp-json\/wp\/v2\/product\/1529","targetHints":{"allow":["GET"]}}],"collection":[{"href":"https:\/\/balsamico.shop\/pl\/wp-json\/wp\/v2\/product"}],"about":[{"href":"https:\/\/balsamico.shop\/pl\/wp-json\/wp\/v2\/types\/product"}],"wp:featuredmedia":[{"embeddable":true,"href":"https:\/\/balsamico.shop\/pl\/wp-json\/wp\/v2\/media\/2195"}],"wp:attachment":[{"href":"https:\/\/balsamico.shop\/pl\/wp-json\/wp\/v2\/media?parent=1529"}],"wp:term":[{"taxonomy":"product_brand","embeddable":true,"href":"https:\/\/balsamico.shop\/pl\/wp-json\/wp\/v2\/product_brand?post=1529"},{"taxonomy":"product_cat","embeddable":true,"href":"https:\/\/balsamico.shop\/pl\/wp-json\/wp\/v2\/product_cat?post=1529"},{"taxonomy":"product_tag","embeddable":true,"href":"https:\/\/balsamico.shop\/pl\/wp-json\/wp\/v2\/product_tag?post=1529"}],"curies":[{"name":"wp","href":"https:\/\/api.w.org\/{rel}","templated":true}]}}