{"id":1511,"date":"2017-01-07T20:09:32","date_gmt":"2017-01-07T19:09:32","guid":{"rendered":"https:\/\/balsamico.shop\/pl\/?post_type=product&#038;p=1511"},"modified":"2026-03-02T14:28:19","modified_gmt":"2026-03-02T13:28:19","slug":"extra-vecchio-aceto-balsamico-tradizionale-di-modena-dop","status":"publish","type":"product","link":"https:\/\/balsamico.shop\/pl\/produkt\/extra-vecchio-aceto-balsamico-tradizionale-di-modena-dop\/","title":{"rendered":"Extra Vecchio &#8211; Aceto Balsamico Tradizionale di Modena DOP"},"content":{"rendered":"<p><img loading=\"lazy\" decoding=\"async\" class=\"size-full wp-image-340 alignright\" src=\"https:\/\/balsamico.shop\/de\/wp-content\/uploads\/2016\/08\/villa-san-donnino.jpg\" alt=\"\" width=\"198\" height=\"145\" \/><span style=\"vertical-align: inherit\"><span style=\"vertical-align: inherit\">Przez ponad <strong>25 lat<\/strong> ten balsam by\u0142 u\u017cywany w beczkach w Acetaia Villa San Donnino. <\/span><span style=\"vertical-align: inherit\">Acetaia znana jest z secesyjnej willi w San Donnino, miasteczku niedaleko Modeny. <\/span><span style=\"vertical-align: inherit\">Prawdopodobnie ze wzgl\u0119du na jego strategiczne po\u0142o\u017cenie na Autostrada A1 i jej nieskazitelnej to Acetaia by\u0142 z ni\u0105 kr\u00f3tk\u0105 wizyt\u0119 w sierpniu ubieg\u0142ego roku przez za\u0142o\u017cyciela Facebooka Mark Zuckerberg i jego \u017cona Priscilla Chan ( <\/span><\/span><a href=\"http:\/\/www.modena.coldiretti.it\/zuckerberg-incantato-dall-aceto-balsamico-tradizionale-di-modena.aspx?KeyPub=GP_CD_MODENA_HOME%7CCD_MODENA_HOME&amp;Cod_Oggetto=95897375&amp;subskintype=Detail\" target=\"_blank\" rel=\"noopener noreferrer\"><span style=\"vertical-align: inherit\"><span style=\"vertical-align: inherit\">informacja prasowa<\/span><\/span><\/a><span style=\"vertical-align: inherit\"><span style=\"vertical-align: inherit\"> ) w Modenie, dworca, w kt\u00f3rym te gwiazdy zatrzymania wykonane. <\/span><span style=\"vertical-align: inherit\">Przed wizyt\u0105 do Osteria Francescana Ci smakowa\u0142y s\u0142ynny tradycyjny ocet balsamiczny z Modeny w Villa San Donnino.<\/span><\/span><\/p>\n<p><span style=\"vertical-align: inherit\"><span style=\"vertical-align: inherit\">Smak jest wyj\u0105tkowy &#8211; beczki s\u0105 szczeg\u00f3lnym skarbem i nadaj\u0105 temu ABTM extra vecchio jego wyj\u0105tkowy charakter.<\/span><\/span><\/p>\n<p>Do przygotowania balsamicznego:<\/p>\n<p><span style=\"vertical-align: inherit\"><span style=\"vertical-align: inherit\">Ocet balsamiczny wytwarzany jest w drodze fermentacji gotowanej moszczu. <\/span><span style=\"vertical-align: inherit\">Bakterie z octu cz\u0119sto pochodz\u0105 z kolonii bakterii zwanych &#8222;matkami&#8221;. <\/span><span style=\"vertical-align: inherit\">Nast\u0119pnie, w d\u0142ugim okresie, zachodzi powolne dojrzewanie enzymami, jest to rodzaj chemiczno-fizycznej transformacji. <\/span><span style=\"vertical-align: inherit\">Moszcz winogronowy sk\u0142ada si\u0119 z t\u0142oczonego &#8222;Trebbiano&#8221; i innych tradycyjnych odmian winogron z Modeny, na przyk\u0142ad &#8222;Lambrusco&#8221;. <\/span><span style=\"vertical-align: inherit\">Winogrona s\u0105 prasowane, a nast\u0119pnie niegotowany sok winogronowy wlewa si\u0119 do otwartych kadzi do gotowania i gotuje w temperaturze oko\u0142o 95 \u00b0 C powy\u017cej otwartego ognia. <\/span><span style=\"vertical-align: inherit\">Podczas gotowania moszczu gronowego moszcz jest zredukowany i skoncentrowany, poniewa\u017c podczas gotowania traci si\u0119 du\u017co wody i zabijaj\u0105 zarazki. <\/span><span style=\"vertical-align: inherit\">Gotowana moszcz jest ju\u017c ciemna, <\/span><span style=\"vertical-align: inherit\">br\u0105zowawe i ma zwi\u0119kszon\u0105 zawarto\u015b\u0107 cukru. <\/span><span style=\"vertical-align: inherit\">Po gotowaniu sok ch\u0142odzi si\u0119, dekantuje si\u0119, a w wielu beczek z zmniejszania nat\u0119\u017cenia, oraz r\u00f3\u017cne rodzaje drewna (d\u0105b, kasztan, morwy, wi\u015bni, ja\u0142owca, etc.) jest nape\u0142niony. <\/span><span style=\"vertical-align: inherit\">Ka\u017cdy rz\u0105d bary\u0142ek, istniej\u0105cy od pi\u0119ciu do siedmiu bary\u0142ek pojedynczych beczek, nazywa si\u0119 &#8222;bateri\u0105&#8221;. <\/span><span style=\"vertical-align: inherit\">W tych bateriach, <strong>Aceto Balsamico Tradizionale di Modena extravecchio DOP<\/strong> dojrzewaj\u0105 w ci\u0105gu nast\u0119pnych dziesi\u0119cioleci.<\/span><\/span><\/p>\n<p><span style=\"vertical-align: inherit\"><span style=\"vertical-align: inherit\">Sk\u0142ad: 100% ugotowanego moszczu gronowego<\/span><\/span><\/p>\n<p>&nbsp;<\/p>\n<p>&nbsp;<\/p>\n<p>&nbsp;<\/p>\n<p>Producent:<br \/>\nAcetaia Villa San Donnino<br \/>\nStrada Medicina 25<br \/>\n41126 San Donnino &#8211; Modena<br \/>\nW\u0142ochy<\/p>\n","protected":false},"excerpt":{"rendered":"<p>Przez ponad 25 lat ten balsam by\u0142 u\u017cywany w beczkach w Acetaia Villa San Donnino. Acetaia znana jest z secesyjnej willi w San Donnino, miasteczku niedaleko Modeny. Prawdopodobnie ze wzgl\u0119du na jego strategiczne po\u0142o\u017cenie na Autostrada A1 i jej nieskazitelnej to Acetaia by\u0142 z ni\u0105 kr\u00f3tk\u0105 wizyt\u0119 w sierpniu ubieg\u0142ego roku przez za\u0142o\u017cyciela Facebooka Mark Zuckerberg i jego \u017cona Priscilla Chan ( informacja prasowa ) w Modenie, dworca, w kt\u00f3rym te gwiazdy zatrzymania wykonane. Przed wizyt\u0105 do Osteria Francescana Ci smakowa\u0142y s\u0142ynny tradycyjny ocet balsamiczny z Modeny w Villa San Donnino. Smak jest wyj\u0105tkowy &#8211; beczki s\u0105 szczeg\u00f3lnym skarbem i nadaj\u0105 temu ABTM extra vecchio jego wyj\u0105tkowy charakter. Do przygotowania balsamicznego: Ocet balsamiczny wytwarzany jest w drodze fermentacji gotowanej moszczu. Bakterie z octu cz\u0119sto pochodz\u0105 z kolonii bakterii zwanych &#8222;matkami&#8221;. Nast\u0119pnie, w d\u0142ugim okresie, zachodzi powolne dojrzewanie enzymami, jest to rodzaj chemiczno-fizycznej transformacji. Moszcz winogronowy sk\u0142ada si\u0119 z t\u0142oczonego &#8222;Trebbiano&#8221; i innych tradycyjnych odmian winogron z Modeny, na przyk\u0142ad &#8222;Lambrusco&#8221;. Winogrona s\u0105 prasowane, a nast\u0119pnie niegotowany sok winogronowy wlewa si\u0119 do otwartych kadzi do gotowania i gotuje w temperaturze oko\u0142o 95 \u00b0 C powy\u017cej otwartego ognia. Podczas gotowania moszczu gronowego moszcz jest zredukowany i skoncentrowany, poniewa\u017c podczas gotowania traci si\u0119 du\u017co wody i zabijaj\u0105 zarazki. Gotowana moszcz jest ju\u017c ciemna, br\u0105zowawe i ma zwi\u0119kszon\u0105 zawarto\u015b\u0107 cukru. Po gotowaniu sok ch\u0142odzi si\u0119, dekantuje si\u0119, a w wielu beczek z zmniejszania nat\u0119\u017cenia, oraz r\u00f3\u017cne rodzaje drewna (d\u0105b, kasztan, morwy, wi\u015bni, ja\u0142owca, etc.) jest nape\u0142niony. Ka\u017cdy rz\u0105d bary\u0142ek, istniej\u0105cy od pi\u0119ciu do siedmiu bary\u0142ek pojedynczych beczek, nazywa si\u0119 &#8222;bateri\u0105&#8221;. W tych bateriach, Aceto Balsamico Tradizionale di Modena extravecchio DOP dojrzewaj\u0105 w ci\u0105gu nast\u0119pnych dziesi\u0119cioleci. Sk\u0142ad: 100% ugotowanego moszczu gronowego &nbsp; &nbsp; &nbsp; Producent: Acetaia Villa San Donnino Strada Medicina 25 41126 San Donnino &#8211; Modena W\u0142ochy<\/p>\n","protected":false},"featured_media":2205,"template":"","meta":[],"product_brand":[],"product_cat":[36],"product_tag":[],"class_list":{"0":"post-1511","1":"product","2":"type-product","3":"status-publish","4":"has-post-thumbnail","6":"product_cat-villa-san-donnino","7":"product_shipping_class-ueber-400","9":"first","10":"instock","11":"taxable","12":"shipping-taxable","13":"purchasable","14":"product-type-simple"},"bundle_layout":"","bundled_by":[],"bundled_items":[],"yoast_head":"<!-- This site is optimized with the Yoast SEO plugin v27.4 - https:\/\/yoast.com\/product\/yoast-seo-wordpress\/ -->\n<title>Extra Vecchio - Aceto Balsamico Tradizionale di Modena DOP<\/title>\n<meta name=\"robots\" content=\"index, follow, max-snippet:-1, max-image-preview:large, max-video-preview:-1\" \/>\n<link rel=\"canonical\" href=\"https:\/\/balsamico.shop\/pl\/produkt\/extra-vecchio-aceto-balsamico-tradizionale-di-modena-dop\/\" \/>\n<meta property=\"og:locale\" content=\"pl_PL\" \/>\n<meta property=\"og:type\" content=\"article\" \/>\n<meta property=\"og:title\" content=\"Extra Vecchio - Aceto Balsamico Tradizionale di Modena DOP\" \/>\n<meta property=\"og:description\" content=\"Przez ponad 25 lat ten balsam by\u0142 u\u017cywany w beczkach w Acetaia Villa San Donnino. Acetaia znana jest z secesyjnej willi w San Donnino, miasteczku niedaleko Modeny. Prawdopodobnie ze wzgl\u0119du na jego strategiczne po\u0142o\u017cenie na Autostrada A1 i jej nieskazitelnej to Acetaia by\u0142 z ni\u0105 kr\u00f3tk\u0105 wizyt\u0119 w sierpniu ubieg\u0142ego roku przez za\u0142o\u017cyciela Facebooka Mark Zuckerberg i jego \u017cona Priscilla Chan ( informacja prasowa ) w Modenie, dworca, w kt\u00f3rym te gwiazdy zatrzymania wykonane. Przed wizyt\u0105 do Osteria Francescana Ci smakowa\u0142y s\u0142ynny tradycyjny ocet balsamiczny z Modeny w Villa San Donnino. Smak jest wyj\u0105tkowy &#8211; beczki s\u0105 szczeg\u00f3lnym skarbem i nadaj\u0105 temu ABTM extra vecchio jego wyj\u0105tkowy charakter. Do przygotowania balsamicznego: Ocet balsamiczny wytwarzany jest w drodze fermentacji gotowanej moszczu. Bakterie z octu cz\u0119sto pochodz\u0105 z kolonii bakterii zwanych &#8222;matkami&#8221;. Nast\u0119pnie, w d\u0142ugim okresie, zachodzi powolne dojrzewanie enzymami, jest to rodzaj chemiczno-fizycznej transformacji. Moszcz winogronowy sk\u0142ada si\u0119 z t\u0142oczonego &#8222;Trebbiano&#8221; i innych tradycyjnych odmian winogron z Modeny, na przyk\u0142ad &#8222;Lambrusco&#8221;. Winogrona s\u0105 prasowane, a nast\u0119pnie niegotowany sok winogronowy wlewa si\u0119 do otwartych kadzi do gotowania i gotuje w temperaturze oko\u0142o 95 \u00b0 C powy\u017cej otwartego ognia. Podczas gotowania moszczu gronowego moszcz jest zredukowany i skoncentrowany, poniewa\u017c podczas gotowania traci si\u0119 du\u017co wody i zabijaj\u0105 zarazki. Gotowana moszcz jest ju\u017c ciemna, br\u0105zowawe i ma zwi\u0119kszon\u0105 zawarto\u015b\u0107 cukru. Po gotowaniu sok ch\u0142odzi si\u0119, dekantuje si\u0119, a w wielu beczek z zmniejszania nat\u0119\u017cenia, oraz r\u00f3\u017cne rodzaje drewna (d\u0105b, kasztan, morwy, wi\u015bni, ja\u0142owca, etc.) jest nape\u0142niony. Ka\u017cdy rz\u0105d bary\u0142ek, istniej\u0105cy od pi\u0119ciu do siedmiu bary\u0142ek pojedynczych beczek, nazywa si\u0119 &#8222;bateri\u0105&#8221;. W tych bateriach, Aceto Balsamico Tradizionale di Modena extravecchio DOP dojrzewaj\u0105 w ci\u0105gu nast\u0119pnych dziesi\u0119cioleci. Sk\u0142ad: 100% ugotowanego moszczu gronowego &nbsp; &nbsp; &nbsp; Producent: Acetaia Villa San Donnino Strada Medicina 25 41126 San Donnino &#8211; Modena W\u0142ochy\" \/>\n<meta property=\"og:url\" content=\"https:\/\/balsamico.shop\/pl\/produkt\/extra-vecchio-aceto-balsamico-tradizionale-di-modena-dop\/\" \/>\n<meta property=\"og:site_name\" content=\"Aceto Balsamico Shop - Polska\" \/>\n<meta property=\"article:modified_time\" content=\"2026-03-02T13:28:19+00:00\" \/>\n<meta property=\"og:image\" content=\"https:\/\/balsamico.shop\/pl\/wp-content\/uploads\/2017\/01\/villa-san-donnino-aceto-balsamico-tradizionale-extravecchio.jpg\" \/>\n\t<meta property=\"og:image:width\" content=\"1600\" \/>\n\t<meta property=\"og:image:height\" content=\"1872\" \/>\n\t<meta property=\"og:image:type\" content=\"image\/jpeg\" \/>\n<meta name=\"twitter:card\" content=\"summary_large_image\" \/>\n<meta name=\"twitter:label1\" content=\"Szacowany czas czytania\" \/>\n\t<meta name=\"twitter:data1\" content=\"2 minuty\" \/>\n<script type=\"application\/ld+json\" class=\"yoast-schema-graph\">{\"@context\":\"https:\\\/\\\/schema.org\",\"@graph\":[{\"@type\":\"WebPage\",\"@id\":\"https:\\\/\\\/balsamico.shop\\\/pl\\\/produkt\\\/extra-vecchio-aceto-balsamico-tradizionale-di-modena-dop\\\/\",\"url\":\"https:\\\/\\\/balsamico.shop\\\/pl\\\/produkt\\\/extra-vecchio-aceto-balsamico-tradizionale-di-modena-dop\\\/\",\"name\":\"Extra Vecchio - Aceto Balsamico Tradizionale di Modena DOP\",\"isPartOf\":{\"@id\":\"https:\\\/\\\/balsamico.shop\\\/pl\\\/#website\"},\"primaryImageOfPage\":{\"@id\":\"https:\\\/\\\/balsamico.shop\\\/pl\\\/produkt\\\/extra-vecchio-aceto-balsamico-tradizionale-di-modena-dop\\\/#primaryimage\"},\"image\":{\"@id\":\"https:\\\/\\\/balsamico.shop\\\/pl\\\/produkt\\\/extra-vecchio-aceto-balsamico-tradizionale-di-modena-dop\\\/#primaryimage\"},\"thumbnailUrl\":\"https:\\\/\\\/balsamico.shop\\\/pl\\\/wp-content\\\/uploads\\\/2017\\\/01\\\/villa-san-donnino-aceto-balsamico-tradizionale-extravecchio.jpg\",\"datePublished\":\"2017-01-07T19:09:32+00:00\",\"dateModified\":\"2026-03-02T13:28:19+00:00\",\"breadcrumb\":{\"@id\":\"https:\\\/\\\/balsamico.shop\\\/pl\\\/produkt\\\/extra-vecchio-aceto-balsamico-tradizionale-di-modena-dop\\\/#breadcrumb\"},\"inLanguage\":\"pl-PL\",\"potentialAction\":[{\"@type\":\"ReadAction\",\"target\":[\"https:\\\/\\\/balsamico.shop\\\/pl\\\/produkt\\\/extra-vecchio-aceto-balsamico-tradizionale-di-modena-dop\\\/\"]}]},{\"@type\":\"ImageObject\",\"inLanguage\":\"pl-PL\",\"@id\":\"https:\\\/\\\/balsamico.shop\\\/pl\\\/produkt\\\/extra-vecchio-aceto-balsamico-tradizionale-di-modena-dop\\\/#primaryimage\",\"url\":\"https:\\\/\\\/balsamico.shop\\\/pl\\\/wp-content\\\/uploads\\\/2017\\\/01\\\/villa-san-donnino-aceto-balsamico-tradizionale-extravecchio.jpg\",\"contentUrl\":\"https:\\\/\\\/balsamico.shop\\\/pl\\\/wp-content\\\/uploads\\\/2017\\\/01\\\/villa-san-donnino-aceto-balsamico-tradizionale-extravecchio.jpg\",\"width\":1600,\"height\":1872},{\"@type\":\"BreadcrumbList\",\"@id\":\"https:\\\/\\\/balsamico.shop\\\/pl\\\/produkt\\\/extra-vecchio-aceto-balsamico-tradizionale-di-modena-dop\\\/#breadcrumb\",\"itemListElement\":[{\"@type\":\"ListItem\",\"position\":1,\"name\":\"Home\",\"item\":\"https:\\\/\\\/balsamico.shop\\\/pl\\\/\"},{\"@type\":\"ListItem\",\"position\":2,\"name\":\"Ocet Balsamiczny &#8211; Sklep Internetowy\",\"item\":\"https:\\\/\\\/balsamico.shop\\\/pl\\\/shop\\\/\"},{\"@type\":\"ListItem\",\"position\":3,\"name\":\"Extra Vecchio &#8211; Aceto Balsamico Tradizionale di Modena DOP\"}]},{\"@type\":\"WebSite\",\"@id\":\"https:\\\/\\\/balsamico.shop\\\/pl\\\/#website\",\"url\":\"https:\\\/\\\/balsamico.shop\\\/pl\\\/\",\"name\":\"Aceto Balsamico Shop - Polska\",\"description\":\"Ocet balsamiczny sklep internetowy\",\"potentialAction\":[{\"@type\":\"SearchAction\",\"target\":{\"@type\":\"EntryPoint\",\"urlTemplate\":\"https:\\\/\\\/balsamico.shop\\\/pl\\\/?s={search_term_string}\"},\"query-input\":{\"@type\":\"PropertyValueSpecification\",\"valueRequired\":true,\"valueName\":\"search_term_string\"}}],\"inLanguage\":\"pl-PL\"}]}<\/script>\n<!-- \/ Yoast SEO plugin. -->","yoast_head_json":{"title":"Extra Vecchio - Aceto Balsamico Tradizionale di Modena DOP","robots":{"index":"index","follow":"follow","max-snippet":"max-snippet:-1","max-image-preview":"max-image-preview:large","max-video-preview":"max-video-preview:-1"},"canonical":"https:\/\/balsamico.shop\/pl\/produkt\/extra-vecchio-aceto-balsamico-tradizionale-di-modena-dop\/","og_locale":"pl_PL","og_type":"article","og_title":"Extra Vecchio - Aceto Balsamico Tradizionale di Modena DOP","og_description":"Przez ponad 25 lat ten balsam by\u0142 u\u017cywany w beczkach w Acetaia Villa San Donnino. Acetaia znana jest z secesyjnej willi w San Donnino, miasteczku niedaleko Modeny. Prawdopodobnie ze wzgl\u0119du na jego strategiczne po\u0142o\u017cenie na Autostrada A1 i jej nieskazitelnej to Acetaia by\u0142 z ni\u0105 kr\u00f3tk\u0105 wizyt\u0119 w sierpniu ubieg\u0142ego roku przez za\u0142o\u017cyciela Facebooka Mark Zuckerberg i jego \u017cona Priscilla Chan ( informacja prasowa ) w Modenie, dworca, w kt\u00f3rym te gwiazdy zatrzymania wykonane. Przed wizyt\u0105 do Osteria Francescana Ci smakowa\u0142y s\u0142ynny tradycyjny ocet balsamiczny z Modeny w Villa San Donnino. Smak jest wyj\u0105tkowy &#8211; beczki s\u0105 szczeg\u00f3lnym skarbem i nadaj\u0105 temu ABTM extra vecchio jego wyj\u0105tkowy charakter. Do przygotowania balsamicznego: Ocet balsamiczny wytwarzany jest w drodze fermentacji gotowanej moszczu. Bakterie z octu cz\u0119sto pochodz\u0105 z kolonii bakterii zwanych &#8222;matkami&#8221;. Nast\u0119pnie, w d\u0142ugim okresie, zachodzi powolne dojrzewanie enzymami, jest to rodzaj chemiczno-fizycznej transformacji. Moszcz winogronowy sk\u0142ada si\u0119 z t\u0142oczonego &#8222;Trebbiano&#8221; i innych tradycyjnych odmian winogron z Modeny, na przyk\u0142ad &#8222;Lambrusco&#8221;. Winogrona s\u0105 prasowane, a nast\u0119pnie niegotowany sok winogronowy wlewa si\u0119 do otwartych kadzi do gotowania i gotuje w temperaturze oko\u0142o 95 \u00b0 C powy\u017cej otwartego ognia. Podczas gotowania moszczu gronowego moszcz jest zredukowany i skoncentrowany, poniewa\u017c podczas gotowania traci si\u0119 du\u017co wody i zabijaj\u0105 zarazki. Gotowana moszcz jest ju\u017c ciemna, br\u0105zowawe i ma zwi\u0119kszon\u0105 zawarto\u015b\u0107 cukru. Po gotowaniu sok ch\u0142odzi si\u0119, dekantuje si\u0119, a w wielu beczek z zmniejszania nat\u0119\u017cenia, oraz r\u00f3\u017cne rodzaje drewna (d\u0105b, kasztan, morwy, wi\u015bni, ja\u0142owca, etc.) jest nape\u0142niony. Ka\u017cdy rz\u0105d bary\u0142ek, istniej\u0105cy od pi\u0119ciu do siedmiu bary\u0142ek pojedynczych beczek, nazywa si\u0119 &#8222;bateri\u0105&#8221;. W tych bateriach, Aceto Balsamico Tradizionale di Modena extravecchio DOP dojrzewaj\u0105 w ci\u0105gu nast\u0119pnych dziesi\u0119cioleci. Sk\u0142ad: 100% ugotowanego moszczu gronowego &nbsp; &nbsp; &nbsp; Producent: Acetaia Villa San Donnino Strada Medicina 25 41126 San Donnino &#8211; Modena W\u0142ochy","og_url":"https:\/\/balsamico.shop\/pl\/produkt\/extra-vecchio-aceto-balsamico-tradizionale-di-modena-dop\/","og_site_name":"Aceto Balsamico Shop - Polska","article_modified_time":"2026-03-02T13:28:19+00:00","og_image":[{"width":1600,"height":1872,"url":"https:\/\/balsamico.shop\/pl\/wp-content\/uploads\/2017\/01\/villa-san-donnino-aceto-balsamico-tradizionale-extravecchio.jpg","type":"image\/jpeg"}],"twitter_card":"summary_large_image","twitter_misc":{"Szacowany czas czytania":"2 minuty"},"schema":{"@context":"https:\/\/schema.org","@graph":[{"@type":"WebPage","@id":"https:\/\/balsamico.shop\/pl\/produkt\/extra-vecchio-aceto-balsamico-tradizionale-di-modena-dop\/","url":"https:\/\/balsamico.shop\/pl\/produkt\/extra-vecchio-aceto-balsamico-tradizionale-di-modena-dop\/","name":"Extra Vecchio - Aceto Balsamico Tradizionale di Modena DOP","isPartOf":{"@id":"https:\/\/balsamico.shop\/pl\/#website"},"primaryImageOfPage":{"@id":"https:\/\/balsamico.shop\/pl\/produkt\/extra-vecchio-aceto-balsamico-tradizionale-di-modena-dop\/#primaryimage"},"image":{"@id":"https:\/\/balsamico.shop\/pl\/produkt\/extra-vecchio-aceto-balsamico-tradizionale-di-modena-dop\/#primaryimage"},"thumbnailUrl":"https:\/\/balsamico.shop\/pl\/wp-content\/uploads\/2017\/01\/villa-san-donnino-aceto-balsamico-tradizionale-extravecchio.jpg","datePublished":"2017-01-07T19:09:32+00:00","dateModified":"2026-03-02T13:28:19+00:00","breadcrumb":{"@id":"https:\/\/balsamico.shop\/pl\/produkt\/extra-vecchio-aceto-balsamico-tradizionale-di-modena-dop\/#breadcrumb"},"inLanguage":"pl-PL","potentialAction":[{"@type":"ReadAction","target":["https:\/\/balsamico.shop\/pl\/produkt\/extra-vecchio-aceto-balsamico-tradizionale-di-modena-dop\/"]}]},{"@type":"ImageObject","inLanguage":"pl-PL","@id":"https:\/\/balsamico.shop\/pl\/produkt\/extra-vecchio-aceto-balsamico-tradizionale-di-modena-dop\/#primaryimage","url":"https:\/\/balsamico.shop\/pl\/wp-content\/uploads\/2017\/01\/villa-san-donnino-aceto-balsamico-tradizionale-extravecchio.jpg","contentUrl":"https:\/\/balsamico.shop\/pl\/wp-content\/uploads\/2017\/01\/villa-san-donnino-aceto-balsamico-tradizionale-extravecchio.jpg","width":1600,"height":1872},{"@type":"BreadcrumbList","@id":"https:\/\/balsamico.shop\/pl\/produkt\/extra-vecchio-aceto-balsamico-tradizionale-di-modena-dop\/#breadcrumb","itemListElement":[{"@type":"ListItem","position":1,"name":"Home","item":"https:\/\/balsamico.shop\/pl\/"},{"@type":"ListItem","position":2,"name":"Ocet Balsamiczny &#8211; Sklep Internetowy","item":"https:\/\/balsamico.shop\/pl\/shop\/"},{"@type":"ListItem","position":3,"name":"Extra Vecchio &#8211; Aceto Balsamico Tradizionale di Modena DOP"}]},{"@type":"WebSite","@id":"https:\/\/balsamico.shop\/pl\/#website","url":"https:\/\/balsamico.shop\/pl\/","name":"Aceto Balsamico Shop - Polska","description":"Ocet balsamiczny sklep internetowy","potentialAction":[{"@type":"SearchAction","target":{"@type":"EntryPoint","urlTemplate":"https:\/\/balsamico.shop\/pl\/?s={search_term_string}"},"query-input":{"@type":"PropertyValueSpecification","valueRequired":true,"valueName":"search_term_string"}}],"inLanguage":"pl-PL"}]}},"_links":{"self":[{"href":"https:\/\/balsamico.shop\/pl\/wp-json\/wp\/v2\/product\/1511","targetHints":{"allow":["GET"]}}],"collection":[{"href":"https:\/\/balsamico.shop\/pl\/wp-json\/wp\/v2\/product"}],"about":[{"href":"https:\/\/balsamico.shop\/pl\/wp-json\/wp\/v2\/types\/product"}],"wp:featuredmedia":[{"embeddable":true,"href":"https:\/\/balsamico.shop\/pl\/wp-json\/wp\/v2\/media\/2205"}],"wp:attachment":[{"href":"https:\/\/balsamico.shop\/pl\/wp-json\/wp\/v2\/media?parent=1511"}],"wp:term":[{"taxonomy":"product_brand","embeddable":true,"href":"https:\/\/balsamico.shop\/pl\/wp-json\/wp\/v2\/product_brand?post=1511"},{"taxonomy":"product_cat","embeddable":true,"href":"https:\/\/balsamico.shop\/pl\/wp-json\/wp\/v2\/product_cat?post=1511"},{"taxonomy":"product_tag","embeddable":true,"href":"https:\/\/balsamico.shop\/pl\/wp-json\/wp\/v2\/product_tag?post=1511"}],"curies":[{"name":"wp","href":"https:\/\/api.w.org\/{rel}","templated":true}]}}