{"id":1492,"date":"2019-01-27T13:35:04","date_gmt":"2019-01-27T12:35:04","guid":{"rendered":"https:\/\/balsamico.shop\/pl\/?post_type=product&#038;p=1492"},"modified":"2026-04-16T20:55:19","modified_gmt":"2026-04-16T18:55:19","slug":"aceto-balsamico-tradizionale-di-modena-dop-12-bernardo-tesori","status":"publish","type":"product","link":"https:\/\/balsamico.shop\/pl\/produkt\/aceto-balsamico-tradizionale-di-modena-dop-12-bernardo-tesori\/","title":{"rendered":"Aceto Balsamico Tradizionale di Modena D.O.P. -12 lenti &#8211; Edycja Srebrna"},"content":{"rendered":"<p><img loading=\"lazy\" decoding=\"async\" class=\"size-full wp-image-1495 alignright\" src=\"https:\/\/balsamico.shop\/pl\/wp-content\/uploads\/2019\/01\/franco-mazzi-acetaia.jpg\" alt=\"traditioneller Balsamico-Essig Dop - Balsamico 12 Jahre alt\" width=\"250\" height=\"207\" \/><\/p>\n<p>W obecnej serii srebrnej uda\u0142o nam si\u0119 zaoferowa\u0107 Pa\u0144stwu doskona\u0142y dojrza\u0142y ocet balsamiczny. Ten produkt le\u017cakowa\u0142 przez ponad 12 lat w wybranych, certyfikowanych i zarejestrowanych drewnianych beczkach w Modenie i by\u0142 butelkowany wy\u0142\u0105cznie dla <strong>Bernardo Tesori<\/strong>.<\/p>\n<p>Na ca\u0142ym \u015bwiecie jest tylko mniej\u00a0<strong>ni\u017c 500 butelek<\/strong>\u00a0tej konkretnej butelki. Przy bardzo wysokiej warto\u015bci Brixa wynosz\u0105cej\u00a0<strong>69<\/strong>, ocet balsamiczny charakteryzuje si\u0119 s\u0142odycz\u0105, konsystencj\u0105 i fantastycznym zapachem. Warto\u015b\u0107 Brixa okre\u015bla zawarto\u015b\u0107 fruktozy, kt\u00f3ra wskazuje na jako\u015b\u0107 zbior\u00f3w winogron. Z regu\u0142y tradycyjny ocet balsamiczny z tej grupy wiekowej osi\u0105ga warto\u015b\u0107 od 65 do 68.<\/p>\n<p>Ten ocet balsamiczny jest czystym produktem naturalnym i sk\u0142ada si\u0119 tylko z jednego sk\u0142adnika \u2013 100% ugotowanego moszczu gronowego. Ze wzgl\u0119du na d\u0142ugi czas dojrzewania ocet balsamiczny staje si\u0119 g\u0119sty i kremowy. Przy g\u0119sto\u015bci 1,37 ten balsamiczny ju\u017c nie kapie, ale jest jak syrop.<\/p>\n<p>Z resztkow\u0105 kwasowo\u015bci\u0105 jedynie 5,28%, ocet balsamiczny jest \u0142agodniejszy ni\u017c przemys\u0142owy ocet balsamiczny.<\/p>\n<p>Winogrona do tego przysmaku pochodz\u0105 z Modeny z winnic rodziny Vecchi. Do tego octu balsamicznego u\u017cywano 40% winogron\u00a0<strong>Trebbiano<\/strong>\u00a0i 60% winogron\u00a0<strong>Lambrusco Grasparossa<\/strong>. Te odmiany s\u0105 typowymi odmianami winogron dla prawdziwego octu balsamicznego z Modeny. Odmiany s\u0105 szczeg\u00f3lnie s\u0142odkie i idealnie nadaj\u0105 si\u0119 do produkcji octu balsamicznego.<\/p>\n<p>Zdob\u0105d\u017a \u015bci\u015ble limitowan\u0105, ponumerowan\u0105 butelk\u0119 100 ml tego specjalnego butelkowania. Nasze specjalne wydanie \u2013 Bernardo Tesori w kolorze srebrnym, to oryginalny tradycyjny w\u0142oski ocet,\u00a0<strong>Aceto Balsamico Tradizionale di Modena D.O.P.<\/strong>\u00a0Produkt zosta\u0142 wyprodukowany pod \u015bcis\u0142\u0105 kontrol\u0105 Consorzio Produttori Antiche Acetaie i dojrza\u0142 przez ponad 12 lat.<\/p>\n<p><img loading=\"lazy\" decoding=\"async\" class=\"size-medium wp-image-1615 alignleft\" src=\"https:\/\/balsamico.shop\/pl\/wp-content\/uploads\/2019\/01\/wooden-box-bernardo-tesori-mag-256x300.jpg\" alt=\"Aceto Balsamico Tradizionale di Modena DOP-12 Lenti - Silber Edition\" width=\"256\" height=\"300\" srcset=\"https:\/\/balsamico.shop\/pl\/wp-content\/uploads\/2019\/01\/wooden-box-bernardo-tesori-mag-256x300.jpg 256w, https:\/\/balsamico.shop\/pl\/wp-content\/uploads\/2019\/01\/wooden-box-bernardo-tesori-mag-768x899.jpg 768w, https:\/\/balsamico.shop\/pl\/wp-content\/uploads\/2019\/01\/wooden-box-bernardo-tesori-mag-875x1024.jpg 875w, https:\/\/balsamico.shop\/pl\/wp-content\/uploads\/2019\/01\/wooden-box-bernardo-tesori-mag-1170x1369.jpg 1170w, https:\/\/balsamico.shop\/pl\/wp-content\/uploads\/2019\/01\/wooden-box-bernardo-tesori-mag-870x1018.jpg 870w, https:\/\/balsamico.shop\/pl\/wp-content\/uploads\/2019\/01\/wooden-box-bernardo-tesori-mag-390x456.jpg 390w, https:\/\/balsamico.shop\/pl\/wp-content\/uploads\/2019\/01\/wooden-box-bernardo-tesori-mag-300x351.jpg 300w, https:\/\/balsamico.shop\/pl\/wp-content\/uploads\/2019\/01\/wooden-box-bernardo-tesori-mag-600x702.jpg 600w, https:\/\/balsamico.shop\/pl\/wp-content\/uploads\/2019\/01\/wooden-box-bernardo-tesori-mag.jpg 1600w\" sizes=\"auto, (max-width: 256px) 100vw, 256px\" \/>My, z Bernardo Tesori, smakujemy niezliczon\u0105 ilo\u015b\u0107 tradycyjnych octu balsamicznego, tylko nieliczni trafiaj\u0105 do naszego sklepu. Nasza srebrna seria jest zwie\u0144czeniem tej selekcji, uhonorowania specjalnej butelki, kt\u00f3ra zmienia si\u0119 z roku na rok i przekona\u0142a nas o swojej konsystencji, zapachu i intensywnym smaku. Pozwalamy Ci wzi\u0105\u0107 udzia\u0142 w tej wyj\u0105tkowej selekcji i sprzeda\u0107 bardzo ograniczon\u0105 cz\u0119\u015b\u0107 tej serii r\u00f3wnie\u017c w sklepie.<\/p>\n<p>Ten wysokiej jako\u015bci i unikalny produkt dostarczany jest w szlachetnym drewnianym pude\u0142ku wykonanym z najlepszego drewna jod\u0142y lombardzkiej. Butelka jest po\u015bcielona w ma\u0142ej wi\u0105zce we\u0142ny drzewnej. Oryginalna szklana wylewka z korka jest ju\u017c do\u0142\u0105czona do tego produktu i jest od\u015bwi\u0119tnie trzymana z czerwon\u0105 kokard\u0105.<\/p>\n<div class=\"content\">\n<article class=\"post_item post_item_single post_item_product\">\n<div id=\"product-1492\" class=\"product type-product post-1492 status-publish first outofstock product_cat-bernardo-tesori has-post-thumbnail sale taxable shipping-taxable purchasable product-type-simple\">\n<div class=\"woocommerce-tabs wc-tabs-wrapper\">\n<div id=\"tab-description\" class=\"woocommerce-Tabs-panel woocommerce-Tabs-panel--description panel entry-content wc-tab\" role=\"tabpanel\" aria-labelledby=\"tab-title-description\">\n<p>Sk\u0142ad:\u00a0<strong>100% ugotowanego moszczu gronowego<\/strong>. Mo\u017ce zawiera\u0107 naturalne siarczyny.<\/p>\n<\/div>\n<\/div>\n<p>&nbsp;<\/p>\n<\/div>\n<\/article>\n<\/div>\n<p>&nbsp;<\/p>\n<p>&nbsp;<\/p>\n<p>&nbsp;<\/p>\n<p>Dystrybutor:<br \/>\nBernardo Tesori &#8211; marka nale\u017c\u0105ca do Acoonia GmbH &#8211; Brabandt Str. 8 &#8211; 38100 Braunschweig, Niemcy.<\/p>\n<p>Producent:<br \/>\nACETOMODENA &#8211; Borelle 120 &#8211; 41126 Modena (MO)<\/p>\n","protected":false},"excerpt":{"rendered":"<p>W obecnej serii srebrnej uda\u0142o nam si\u0119 zaoferowa\u0107 Pa\u0144stwu doskona\u0142y dojrza\u0142y ocet balsamiczny. Ten produkt le\u017cakowa\u0142 przez ponad 12 lat w wybranych, certyfikowanych i zarejestrowanych drewnianych beczkach w Modenie i by\u0142 butelkowany wy\u0142\u0105cznie dla Bernardo Tesori. Na ca\u0142ym \u015bwiecie jest tylko mniej\u00a0ni\u017c 500 butelek\u00a0tej konkretnej butelki. Przy bardzo wysokiej warto\u015bci Brixa wynosz\u0105cej\u00a069, ocet balsamiczny charakteryzuje si\u0119 s\u0142odycz\u0105, konsystencj\u0105 i fantastycznym zapachem. Warto\u015b\u0107 Brixa okre\u015bla zawarto\u015b\u0107 fruktozy, kt\u00f3ra wskazuje na jako\u015b\u0107 zbior\u00f3w winogron. Z regu\u0142y tradycyjny ocet balsamiczny z tej grupy wiekowej osi\u0105ga warto\u015b\u0107 od 65 do 68. Ten ocet balsamiczny jest czystym produktem naturalnym i sk\u0142ada si\u0119 tylko z jednego sk\u0142adnika \u2013 100% ugotowanego moszczu gronowego. Ze wzgl\u0119du na d\u0142ugi czas dojrzewania ocet balsamiczny staje si\u0119 g\u0119sty i kremowy. Przy g\u0119sto\u015bci 1,37 ten balsamiczny ju\u017c nie kapie, ale jest jak syrop. Z resztkow\u0105 kwasowo\u015bci\u0105 jedynie 5,28%, ocet balsamiczny jest \u0142agodniejszy ni\u017c przemys\u0142owy ocet balsamiczny. Winogrona do tego przysmaku pochodz\u0105 z Modeny z winnic rodziny Vecchi. Do tego octu balsamicznego u\u017cywano 40% winogron\u00a0Trebbiano\u00a0i 60% winogron\u00a0Lambrusco Grasparossa. Te odmiany s\u0105 typowymi odmianami winogron dla prawdziwego octu balsamicznego z Modeny. Odmiany s\u0105 szczeg\u00f3lnie s\u0142odkie i idealnie nadaj\u0105 si\u0119 do produkcji octu balsamicznego. Zdob\u0105d\u017a \u015bci\u015ble limitowan\u0105, ponumerowan\u0105 butelk\u0119 100 ml tego specjalnego butelkowania. Nasze specjalne wydanie \u2013 Bernardo Tesori w kolorze srebrnym, to oryginalny tradycyjny w\u0142oski ocet,\u00a0Aceto Balsamico Tradizionale di Modena D.O.P.\u00a0Produkt zosta\u0142 wyprodukowany pod \u015bcis\u0142\u0105 kontrol\u0105 Consorzio Produttori Antiche Acetaie i dojrza\u0142 przez ponad 12 lat. My, z Bernardo Tesori, smakujemy niezliczon\u0105 ilo\u015b\u0107 tradycyjnych octu balsamicznego, tylko nieliczni trafiaj\u0105 do naszego sklepu. Nasza srebrna seria jest zwie\u0144czeniem tej selekcji, uhonorowania specjalnej butelki, kt\u00f3ra zmienia si\u0119 z roku na rok i przekona\u0142a nas o swojej konsystencji, zapachu i intensywnym smaku. Pozwalamy Ci wzi\u0105\u0107 udzia\u0142 w tej wyj\u0105tkowej selekcji i sprzeda\u0107 bardzo ograniczon\u0105 cz\u0119\u015b\u0107 tej serii r\u00f3wnie\u017c w sklepie. Ten wysokiej jako\u015bci i unikalny produkt dostarczany jest w szlachetnym drewnianym pude\u0142ku wykonanym z najlepszego drewna jod\u0142y lombardzkiej. Butelka jest po\u015bcielona w ma\u0142ej wi\u0105zce we\u0142ny drzewnej. Oryginalna szklana wylewka z korka jest ju\u017c do\u0142\u0105czona do tego produktu i jest od\u015bwi\u0119tnie trzymana z czerwon\u0105 kokard\u0105. Sk\u0142ad:\u00a0100% ugotowanego moszczu gronowego. Mo\u017ce zawiera\u0107 naturalne siarczyny. &nbsp; &nbsp; &nbsp; &nbsp; Dystrybutor: Bernardo Tesori &#8211; marka nale\u017c\u0105ca do Acoonia GmbH &#8211; Brabandt Str. 8 &#8211; 38100 Braunschweig, Niemcy. Producent: ACETOMODENA &#8211; Borelle 120 &#8211; 41126 Modena (MO)<\/p>\n","protected":false},"featured_media":1684,"template":"","meta":[],"product_brand":[],"product_cat":[57],"product_tag":[],"class_list":{"0":"post-1492","1":"product","2":"type-product","3":"status-publish","4":"has-post-thumbnail","6":"product_cat-bernardo-tesori","7":"product_shipping_class-balsamico","9":"first","10":"instock","11":"taxable","12":"shipping-taxable","13":"purchasable","14":"product-type-simple"},"bundle_layout":"","bundled_by":[],"bundled_items":[],"yoast_head":"<!-- This site is optimized with the Yoast SEO plugin v27.4 - https:\/\/yoast.com\/product\/yoast-seo-wordpress\/ -->\n<title>Aceto Balsamico Tradizionale di Modena D.O.P. -12 lenti - Edycja Srebrna<\/title>\n<meta name=\"robots\" content=\"index, follow, max-snippet:-1, max-image-preview:large, max-video-preview:-1\" \/>\n<link rel=\"canonical\" href=\"https:\/\/balsamico.shop\/pl\/produkt\/aceto-balsamico-tradizionale-di-modena-dop-12-bernardo-tesori\/\" \/>\n<meta property=\"og:locale\" content=\"pl_PL\" \/>\n<meta property=\"og:type\" content=\"article\" \/>\n<meta property=\"og:title\" content=\"Aceto Balsamico Tradizionale di Modena D.O.P. -12 lenti - Edycja Srebrna\" \/>\n<meta property=\"og:description\" content=\"W obecnej serii srebrnej uda\u0142o nam si\u0119 zaoferowa\u0107 Pa\u0144stwu doskona\u0142y dojrza\u0142y ocet balsamiczny. Ten produkt le\u017cakowa\u0142 przez ponad 12 lat w wybranych, certyfikowanych i zarejestrowanych drewnianych beczkach w Modenie i by\u0142 butelkowany wy\u0142\u0105cznie dla Bernardo Tesori. Na ca\u0142ym \u015bwiecie jest tylko mniej\u00a0ni\u017c 500 butelek\u00a0tej konkretnej butelki. Przy bardzo wysokiej warto\u015bci Brixa wynosz\u0105cej\u00a069, ocet balsamiczny charakteryzuje si\u0119 s\u0142odycz\u0105, konsystencj\u0105 i fantastycznym zapachem. Warto\u015b\u0107 Brixa okre\u015bla zawarto\u015b\u0107 fruktozy, kt\u00f3ra wskazuje na jako\u015b\u0107 zbior\u00f3w winogron. Z regu\u0142y tradycyjny ocet balsamiczny z tej grupy wiekowej osi\u0105ga warto\u015b\u0107 od 65 do 68. Ten ocet balsamiczny jest czystym produktem naturalnym i sk\u0142ada si\u0119 tylko z jednego sk\u0142adnika \u2013 100% ugotowanego moszczu gronowego. Ze wzgl\u0119du na d\u0142ugi czas dojrzewania ocet balsamiczny staje si\u0119 g\u0119sty i kremowy. Przy g\u0119sto\u015bci 1,37 ten balsamiczny ju\u017c nie kapie, ale jest jak syrop. Z resztkow\u0105 kwasowo\u015bci\u0105 jedynie 5,28%, ocet balsamiczny jest \u0142agodniejszy ni\u017c przemys\u0142owy ocet balsamiczny. Winogrona do tego przysmaku pochodz\u0105 z Modeny z winnic rodziny Vecchi. Do tego octu balsamicznego u\u017cywano 40% winogron\u00a0Trebbiano\u00a0i 60% winogron\u00a0Lambrusco Grasparossa. Te odmiany s\u0105 typowymi odmianami winogron dla prawdziwego octu balsamicznego z Modeny. Odmiany s\u0105 szczeg\u00f3lnie s\u0142odkie i idealnie nadaj\u0105 si\u0119 do produkcji octu balsamicznego. Zdob\u0105d\u017a \u015bci\u015ble limitowan\u0105, ponumerowan\u0105 butelk\u0119 100 ml tego specjalnego butelkowania. Nasze specjalne wydanie \u2013 Bernardo Tesori w kolorze srebrnym, to oryginalny tradycyjny w\u0142oski ocet,\u00a0Aceto Balsamico Tradizionale di Modena D.O.P.\u00a0Produkt zosta\u0142 wyprodukowany pod \u015bcis\u0142\u0105 kontrol\u0105 Consorzio Produttori Antiche Acetaie i dojrza\u0142 przez ponad 12 lat. My, z Bernardo Tesori, smakujemy niezliczon\u0105 ilo\u015b\u0107 tradycyjnych octu balsamicznego, tylko nieliczni trafiaj\u0105 do naszego sklepu. Nasza srebrna seria jest zwie\u0144czeniem tej selekcji, uhonorowania specjalnej butelki, kt\u00f3ra zmienia si\u0119 z roku na rok i przekona\u0142a nas o swojej konsystencji, zapachu i intensywnym smaku. Pozwalamy Ci wzi\u0105\u0107 udzia\u0142 w tej wyj\u0105tkowej selekcji i sprzeda\u0107 bardzo ograniczon\u0105 cz\u0119\u015b\u0107 tej serii r\u00f3wnie\u017c w sklepie. Ten wysokiej jako\u015bci i unikalny produkt dostarczany jest w szlachetnym drewnianym pude\u0142ku wykonanym z najlepszego drewna jod\u0142y lombardzkiej. Butelka jest po\u015bcielona w ma\u0142ej wi\u0105zce we\u0142ny drzewnej. Oryginalna szklana wylewka z korka jest ju\u017c do\u0142\u0105czona do tego produktu i jest od\u015bwi\u0119tnie trzymana z czerwon\u0105 kokard\u0105. Sk\u0142ad:\u00a0100% ugotowanego moszczu gronowego. Mo\u017ce zawiera\u0107 naturalne siarczyny. &nbsp; &nbsp; &nbsp; &nbsp; Dystrybutor: Bernardo Tesori &#8211; marka nale\u017c\u0105ca do Acoonia GmbH &#8211; Brabandt Str. 8 &#8211; 38100 Braunschweig, Niemcy. Producent: ACETOMODENA &#8211; Borelle 120 &#8211; 41126 Modena (MO)\" \/>\n<meta property=\"og:url\" content=\"https:\/\/balsamico.shop\/pl\/produkt\/aceto-balsamico-tradizionale-di-modena-dop-12-bernardo-tesori\/\" \/>\n<meta property=\"og:site_name\" content=\"Aceto Balsamico Shop - Polska\" \/>\n<meta property=\"article:modified_time\" content=\"2026-04-16T18:55:19+00:00\" \/>\n<meta property=\"og:image\" content=\"https:\/\/balsamico.shop\/pl\/wp-content\/uploads\/2019\/01\/holzbox-bernardo-tesori-silber-dop.jpg\" \/>\n\t<meta property=\"og:image:width\" content=\"1600\" \/>\n\t<meta property=\"og:image:height\" content=\"1872\" \/>\n\t<meta property=\"og:image:type\" content=\"image\/jpeg\" \/>\n<meta name=\"twitter:card\" content=\"summary_large_image\" \/>\n<meta name=\"twitter:label1\" content=\"Szacowany czas czytania\" \/>\n\t<meta name=\"twitter:data1\" content=\"3 minuty\" \/>\n<script type=\"application\/ld+json\" class=\"yoast-schema-graph\">{\"@context\":\"https:\\\/\\\/schema.org\",\"@graph\":[{\"@type\":\"WebPage\",\"@id\":\"https:\\\/\\\/balsamico.shop\\\/pl\\\/produkt\\\/aceto-balsamico-tradizionale-di-modena-dop-12-bernardo-tesori\\\/\",\"url\":\"https:\\\/\\\/balsamico.shop\\\/pl\\\/produkt\\\/aceto-balsamico-tradizionale-di-modena-dop-12-bernardo-tesori\\\/\",\"name\":\"Aceto Balsamico Tradizionale di Modena D.O.P. -12 lenti - Edycja Srebrna\",\"isPartOf\":{\"@id\":\"https:\\\/\\\/balsamico.shop\\\/pl\\\/#website\"},\"primaryImageOfPage\":{\"@id\":\"https:\\\/\\\/balsamico.shop\\\/pl\\\/produkt\\\/aceto-balsamico-tradizionale-di-modena-dop-12-bernardo-tesori\\\/#primaryimage\"},\"image\":{\"@id\":\"https:\\\/\\\/balsamico.shop\\\/pl\\\/produkt\\\/aceto-balsamico-tradizionale-di-modena-dop-12-bernardo-tesori\\\/#primaryimage\"},\"thumbnailUrl\":\"https:\\\/\\\/balsamico.shop\\\/pl\\\/wp-content\\\/uploads\\\/2019\\\/01\\\/holzbox-bernardo-tesori-silber-dop.jpg\",\"datePublished\":\"2019-01-27T12:35:04+00:00\",\"dateModified\":\"2026-04-16T18:55:19+00:00\",\"breadcrumb\":{\"@id\":\"https:\\\/\\\/balsamico.shop\\\/pl\\\/produkt\\\/aceto-balsamico-tradizionale-di-modena-dop-12-bernardo-tesori\\\/#breadcrumb\"},\"inLanguage\":\"pl-PL\",\"potentialAction\":[{\"@type\":\"ReadAction\",\"target\":[\"https:\\\/\\\/balsamico.shop\\\/pl\\\/produkt\\\/aceto-balsamico-tradizionale-di-modena-dop-12-bernardo-tesori\\\/\"]}]},{\"@type\":\"ImageObject\",\"inLanguage\":\"pl-PL\",\"@id\":\"https:\\\/\\\/balsamico.shop\\\/pl\\\/produkt\\\/aceto-balsamico-tradizionale-di-modena-dop-12-bernardo-tesori\\\/#primaryimage\",\"url\":\"https:\\\/\\\/balsamico.shop\\\/pl\\\/wp-content\\\/uploads\\\/2019\\\/01\\\/holzbox-bernardo-tesori-silber-dop.jpg\",\"contentUrl\":\"https:\\\/\\\/balsamico.shop\\\/pl\\\/wp-content\\\/uploads\\\/2019\\\/01\\\/holzbox-bernardo-tesori-silber-dop.jpg\",\"width\":1600,\"height\":1872,\"caption\":\"Bernardo Tesori Silber Holzbox Geschenk - Aceto Balsamico Tradizionale di Modena DOP\"},{\"@type\":\"BreadcrumbList\",\"@id\":\"https:\\\/\\\/balsamico.shop\\\/pl\\\/produkt\\\/aceto-balsamico-tradizionale-di-modena-dop-12-bernardo-tesori\\\/#breadcrumb\",\"itemListElement\":[{\"@type\":\"ListItem\",\"position\":1,\"name\":\"Home\",\"item\":\"https:\\\/\\\/balsamico.shop\\\/pl\\\/\"},{\"@type\":\"ListItem\",\"position\":2,\"name\":\"Ocet Balsamiczny &#8211; Sklep Internetowy\",\"item\":\"https:\\\/\\\/balsamico.shop\\\/pl\\\/shop\\\/\"},{\"@type\":\"ListItem\",\"position\":3,\"name\":\"Aceto Balsamico Tradizionale di Modena D.O.P. -12 lenti &#8211; Edycja Srebrna\"}]},{\"@type\":\"WebSite\",\"@id\":\"https:\\\/\\\/balsamico.shop\\\/pl\\\/#website\",\"url\":\"https:\\\/\\\/balsamico.shop\\\/pl\\\/\",\"name\":\"Aceto Balsamico Shop - Polska\",\"description\":\"Ocet balsamiczny sklep internetowy\",\"potentialAction\":[{\"@type\":\"SearchAction\",\"target\":{\"@type\":\"EntryPoint\",\"urlTemplate\":\"https:\\\/\\\/balsamico.shop\\\/pl\\\/?s={search_term_string}\"},\"query-input\":{\"@type\":\"PropertyValueSpecification\",\"valueRequired\":true,\"valueName\":\"search_term_string\"}}],\"inLanguage\":\"pl-PL\"}]}<\/script>\n<!-- \/ Yoast SEO plugin. -->","yoast_head_json":{"title":"Aceto Balsamico Tradizionale di Modena D.O.P. -12 lenti - Edycja Srebrna","robots":{"index":"index","follow":"follow","max-snippet":"max-snippet:-1","max-image-preview":"max-image-preview:large","max-video-preview":"max-video-preview:-1"},"canonical":"https:\/\/balsamico.shop\/pl\/produkt\/aceto-balsamico-tradizionale-di-modena-dop-12-bernardo-tesori\/","og_locale":"pl_PL","og_type":"article","og_title":"Aceto Balsamico Tradizionale di Modena D.O.P. -12 lenti - Edycja Srebrna","og_description":"W obecnej serii srebrnej uda\u0142o nam si\u0119 zaoferowa\u0107 Pa\u0144stwu doskona\u0142y dojrza\u0142y ocet balsamiczny. Ten produkt le\u017cakowa\u0142 przez ponad 12 lat w wybranych, certyfikowanych i zarejestrowanych drewnianych beczkach w Modenie i by\u0142 butelkowany wy\u0142\u0105cznie dla Bernardo Tesori. Na ca\u0142ym \u015bwiecie jest tylko mniej\u00a0ni\u017c 500 butelek\u00a0tej konkretnej butelki. Przy bardzo wysokiej warto\u015bci Brixa wynosz\u0105cej\u00a069, ocet balsamiczny charakteryzuje si\u0119 s\u0142odycz\u0105, konsystencj\u0105 i fantastycznym zapachem. Warto\u015b\u0107 Brixa okre\u015bla zawarto\u015b\u0107 fruktozy, kt\u00f3ra wskazuje na jako\u015b\u0107 zbior\u00f3w winogron. Z regu\u0142y tradycyjny ocet balsamiczny z tej grupy wiekowej osi\u0105ga warto\u015b\u0107 od 65 do 68. Ten ocet balsamiczny jest czystym produktem naturalnym i sk\u0142ada si\u0119 tylko z jednego sk\u0142adnika \u2013 100% ugotowanego moszczu gronowego. Ze wzgl\u0119du na d\u0142ugi czas dojrzewania ocet balsamiczny staje si\u0119 g\u0119sty i kremowy. Przy g\u0119sto\u015bci 1,37 ten balsamiczny ju\u017c nie kapie, ale jest jak syrop. Z resztkow\u0105 kwasowo\u015bci\u0105 jedynie 5,28%, ocet balsamiczny jest \u0142agodniejszy ni\u017c przemys\u0142owy ocet balsamiczny. Winogrona do tego przysmaku pochodz\u0105 z Modeny z winnic rodziny Vecchi. Do tego octu balsamicznego u\u017cywano 40% winogron\u00a0Trebbiano\u00a0i 60% winogron\u00a0Lambrusco Grasparossa. Te odmiany s\u0105 typowymi odmianami winogron dla prawdziwego octu balsamicznego z Modeny. Odmiany s\u0105 szczeg\u00f3lnie s\u0142odkie i idealnie nadaj\u0105 si\u0119 do produkcji octu balsamicznego. Zdob\u0105d\u017a \u015bci\u015ble limitowan\u0105, ponumerowan\u0105 butelk\u0119 100 ml tego specjalnego butelkowania. Nasze specjalne wydanie \u2013 Bernardo Tesori w kolorze srebrnym, to oryginalny tradycyjny w\u0142oski ocet,\u00a0Aceto Balsamico Tradizionale di Modena D.O.P.\u00a0Produkt zosta\u0142 wyprodukowany pod \u015bcis\u0142\u0105 kontrol\u0105 Consorzio Produttori Antiche Acetaie i dojrza\u0142 przez ponad 12 lat. My, z Bernardo Tesori, smakujemy niezliczon\u0105 ilo\u015b\u0107 tradycyjnych octu balsamicznego, tylko nieliczni trafiaj\u0105 do naszego sklepu. Nasza srebrna seria jest zwie\u0144czeniem tej selekcji, uhonorowania specjalnej butelki, kt\u00f3ra zmienia si\u0119 z roku na rok i przekona\u0142a nas o swojej konsystencji, zapachu i intensywnym smaku. Pozwalamy Ci wzi\u0105\u0107 udzia\u0142 w tej wyj\u0105tkowej selekcji i sprzeda\u0107 bardzo ograniczon\u0105 cz\u0119\u015b\u0107 tej serii r\u00f3wnie\u017c w sklepie. Ten wysokiej jako\u015bci i unikalny produkt dostarczany jest w szlachetnym drewnianym pude\u0142ku wykonanym z najlepszego drewna jod\u0142y lombardzkiej. Butelka jest po\u015bcielona w ma\u0142ej wi\u0105zce we\u0142ny drzewnej. Oryginalna szklana wylewka z korka jest ju\u017c do\u0142\u0105czona do tego produktu i jest od\u015bwi\u0119tnie trzymana z czerwon\u0105 kokard\u0105. Sk\u0142ad:\u00a0100% ugotowanego moszczu gronowego. Mo\u017ce zawiera\u0107 naturalne siarczyny. &nbsp; &nbsp; &nbsp; &nbsp; Dystrybutor: Bernardo Tesori &#8211; marka nale\u017c\u0105ca do Acoonia GmbH &#8211; Brabandt Str. 8 &#8211; 38100 Braunschweig, Niemcy. Producent: ACETOMODENA &#8211; Borelle 120 &#8211; 41126 Modena (MO)","og_url":"https:\/\/balsamico.shop\/pl\/produkt\/aceto-balsamico-tradizionale-di-modena-dop-12-bernardo-tesori\/","og_site_name":"Aceto Balsamico Shop - Polska","article_modified_time":"2026-04-16T18:55:19+00:00","og_image":[{"width":1600,"height":1872,"url":"https:\/\/balsamico.shop\/pl\/wp-content\/uploads\/2019\/01\/holzbox-bernardo-tesori-silber-dop.jpg","type":"image\/jpeg"}],"twitter_card":"summary_large_image","twitter_misc":{"Szacowany czas czytania":"3 minuty"},"schema":{"@context":"https:\/\/schema.org","@graph":[{"@type":"WebPage","@id":"https:\/\/balsamico.shop\/pl\/produkt\/aceto-balsamico-tradizionale-di-modena-dop-12-bernardo-tesori\/","url":"https:\/\/balsamico.shop\/pl\/produkt\/aceto-balsamico-tradizionale-di-modena-dop-12-bernardo-tesori\/","name":"Aceto Balsamico Tradizionale di Modena D.O.P. -12 lenti - Edycja Srebrna","isPartOf":{"@id":"https:\/\/balsamico.shop\/pl\/#website"},"primaryImageOfPage":{"@id":"https:\/\/balsamico.shop\/pl\/produkt\/aceto-balsamico-tradizionale-di-modena-dop-12-bernardo-tesori\/#primaryimage"},"image":{"@id":"https:\/\/balsamico.shop\/pl\/produkt\/aceto-balsamico-tradizionale-di-modena-dop-12-bernardo-tesori\/#primaryimage"},"thumbnailUrl":"https:\/\/balsamico.shop\/pl\/wp-content\/uploads\/2019\/01\/holzbox-bernardo-tesori-silber-dop.jpg","datePublished":"2019-01-27T12:35:04+00:00","dateModified":"2026-04-16T18:55:19+00:00","breadcrumb":{"@id":"https:\/\/balsamico.shop\/pl\/produkt\/aceto-balsamico-tradizionale-di-modena-dop-12-bernardo-tesori\/#breadcrumb"},"inLanguage":"pl-PL","potentialAction":[{"@type":"ReadAction","target":["https:\/\/balsamico.shop\/pl\/produkt\/aceto-balsamico-tradizionale-di-modena-dop-12-bernardo-tesori\/"]}]},{"@type":"ImageObject","inLanguage":"pl-PL","@id":"https:\/\/balsamico.shop\/pl\/produkt\/aceto-balsamico-tradizionale-di-modena-dop-12-bernardo-tesori\/#primaryimage","url":"https:\/\/balsamico.shop\/pl\/wp-content\/uploads\/2019\/01\/holzbox-bernardo-tesori-silber-dop.jpg","contentUrl":"https:\/\/balsamico.shop\/pl\/wp-content\/uploads\/2019\/01\/holzbox-bernardo-tesori-silber-dop.jpg","width":1600,"height":1872,"caption":"Bernardo Tesori Silber Holzbox Geschenk - Aceto Balsamico Tradizionale di Modena DOP"},{"@type":"BreadcrumbList","@id":"https:\/\/balsamico.shop\/pl\/produkt\/aceto-balsamico-tradizionale-di-modena-dop-12-bernardo-tesori\/#breadcrumb","itemListElement":[{"@type":"ListItem","position":1,"name":"Home","item":"https:\/\/balsamico.shop\/pl\/"},{"@type":"ListItem","position":2,"name":"Ocet Balsamiczny &#8211; Sklep Internetowy","item":"https:\/\/balsamico.shop\/pl\/shop\/"},{"@type":"ListItem","position":3,"name":"Aceto Balsamico Tradizionale di Modena D.O.P. -12 lenti &#8211; Edycja Srebrna"}]},{"@type":"WebSite","@id":"https:\/\/balsamico.shop\/pl\/#website","url":"https:\/\/balsamico.shop\/pl\/","name":"Aceto Balsamico Shop - Polska","description":"Ocet balsamiczny sklep internetowy","potentialAction":[{"@type":"SearchAction","target":{"@type":"EntryPoint","urlTemplate":"https:\/\/balsamico.shop\/pl\/?s={search_term_string}"},"query-input":{"@type":"PropertyValueSpecification","valueRequired":true,"valueName":"search_term_string"}}],"inLanguage":"pl-PL"}]}},"_links":{"self":[{"href":"https:\/\/balsamico.shop\/pl\/wp-json\/wp\/v2\/product\/1492","targetHints":{"allow":["GET"]}}],"collection":[{"href":"https:\/\/balsamico.shop\/pl\/wp-json\/wp\/v2\/product"}],"about":[{"href":"https:\/\/balsamico.shop\/pl\/wp-json\/wp\/v2\/types\/product"}],"wp:featuredmedia":[{"embeddable":true,"href":"https:\/\/balsamico.shop\/pl\/wp-json\/wp\/v2\/media\/1684"}],"wp:attachment":[{"href":"https:\/\/balsamico.shop\/pl\/wp-json\/wp\/v2\/media?parent=1492"}],"wp:term":[{"taxonomy":"product_brand","embeddable":true,"href":"https:\/\/balsamico.shop\/pl\/wp-json\/wp\/v2\/product_brand?post=1492"},{"taxonomy":"product_cat","embeddable":true,"href":"https:\/\/balsamico.shop\/pl\/wp-json\/wp\/v2\/product_cat?post=1492"},{"taxonomy":"product_tag","embeddable":true,"href":"https:\/\/balsamico.shop\/pl\/wp-json\/wp\/v2\/product_tag?post=1492"}],"curies":[{"name":"wp","href":"https:\/\/api.w.org\/{rel}","templated":true}]}}