{"id":1380,"date":"2017-01-05T17:25:19","date_gmt":"2017-01-05T16:25:19","guid":{"rendered":"https:\/\/balsamico.shop\/dk\/?post_type=product&#038;p=1380"},"modified":"2024-07-15T17:45:41","modified_gmt":"2024-07-15T15:45:41","slug":"stary-aceto-balsamico-tradizionale-100-lat","status":"publish","type":"product","link":"https:\/\/balsamico.shop\/pl\/produkt\/stary-aceto-balsamico-tradizionale-100-lat\/","title":{"rendered":"Bardzo stary Aceto Balsamico Tradizionale di Modena DOP &#8211; 100 letni"},"content":{"rendered":"<p><img loading=\"lazy\" decoding=\"async\" class=\"size-full wp-image-340 alignright\" src=\"https:\/\/balsamico.shop\/de\/wp-content\/uploads\/2016\/08\/villa-san-donnino.jpg\" alt=\"\" width=\"198\" height=\"145\" \/>Ta wyj\u0105tkowa seria Extravecchio zawieraj\u0105ca jedynie 50 butelek z rodzinnej rodziny Lonardi jest obecnie dost\u0119pna wy\u0142\u0105cznie w naszym magazynie w Niemczech. To Aceto Balsamico Tradizionale di Modena DOP dojrzewa w rodzinnej baterii, kt\u00f3ra dzia\u0142a od ponad 100 letni.<\/p>\n<p>Nie bez powodu Mark Zuckerberg, za\u0142o\u017cyciel Facebooka zdecydowa\u0142, wraz z \u017con\u0105 podczas jego ostatniej wizyty pod koniec lata 2016 roku dok\u0142adnie w tej Acetaii. W secesyjnej willi w Acetaia Villa San Donnino skosztowa\u0142 z rodzin\u0105 tej wielkiej przyjemno\u015bci octu balsamicznego.<\/p>\n<p>To balsamico jest <strong>wyj\u0105tkowe<\/strong>.<\/p>\n<p><strong>Maksymalna ilo\u015b\u0107 zam\u00f3wienia 1 butelka \/ klient, poniewa\u017c ta seria jest \u015bci\u015ble ograniczona.<\/strong><\/p>\n<p>To Tradycyjny Ocet Balsamiczny z Modeny D.O.P &#8211; &#8222;Riserva Oro&#8221; jest dostarczane w eleganckim pude\u0142ku na bi\u017cuteri\u0119 z \u0142y\u017ceczk\u0105 smakow\u0105 wykonan\u0105 z porcelany, a tak\u017ce oryginalnym korkowym \/ szklanym nalewakiem i ma\u0142ym oryginalnym certyfikatem Acetaia.<\/p>\n<p>Sk\u0142ad: 100% gotowany moszcz winogronowy<\/p>\n<p>&nbsp;<\/p>\n<p>&nbsp;<\/p>\n<p>&nbsp;<\/p>\n<p>Producent:<br \/>\nAcetaia Villa San Donnino<br \/>\nStrada Medicina 25<br \/>\n41126 San Donnino &#8211; Modena<br \/>\nW\u0142ochy<\/p>\n","protected":false},"excerpt":{"rendered":"<p>Ta wyj\u0105tkowa seria Extravecchio zawieraj\u0105ca jedynie 50 butelek z rodzinnej rodziny Lonardi jest obecnie dost\u0119pna wy\u0142\u0105cznie w naszym magazynie w Niemczech. To Aceto Balsamico Tradizionale di Modena DOP dojrzewa w rodzinnej baterii, kt\u00f3ra dzia\u0142a od ponad 100 letni. Nie bez powodu Mark Zuckerberg, za\u0142o\u017cyciel Facebooka zdecydowa\u0142, wraz z \u017con\u0105 podczas jego ostatniej wizyty pod koniec lata 2016 roku dok\u0142adnie w tej Acetaii. W secesyjnej willi w Acetaia Villa San Donnino skosztowa\u0142 z rodzin\u0105 tej wielkiej przyjemno\u015bci octu balsamicznego. To balsamico jest wyj\u0105tkowe. Maksymalna ilo\u015b\u0107 zam\u00f3wienia 1 butelka \/ klient, poniewa\u017c ta seria jest \u015bci\u015ble ograniczona. To Tradycyjny Ocet Balsamiczny z Modeny D.O.P &#8211; &#8222;Riserva Oro&#8221; jest dostarczane w eleganckim pude\u0142ku na bi\u017cuteri\u0119 z \u0142y\u017ceczk\u0105 smakow\u0105 wykonan\u0105 z porcelany, a tak\u017ce oryginalnym korkowym \/ szklanym nalewakiem i ma\u0142ym oryginalnym certyfikatem Acetaia. Sk\u0142ad: 100% gotowany moszcz winogronowy &nbsp; &nbsp; &nbsp; Producent: Acetaia Villa San Donnino Strada Medicina 25 41126 San Donnino &#8211; Modena W\u0142ochy<\/p>\n","protected":false},"featured_media":2209,"template":"","meta":[],"product_brand":[],"product_cat":[36],"product_tag":[],"class_list":{"0":"post-1380","1":"product","2":"type-product","3":"status-publish","4":"has-post-thumbnail","6":"product_cat-villa-san-donnino","7":"product_shipping_class-ueber-400","9":"first","10":"outofstock","11":"sold-individually","12":"taxable","13":"shipping-taxable","14":"purchasable","15":"product-type-simple"},"bundle_layout":"","bundled_by":[],"bundled_items":[],"yoast_head":"<!-- This site is optimized with the Yoast SEO plugin v27.4 - https:\/\/yoast.com\/product\/yoast-seo-wordpress\/ -->\n<title>Bardzo stary Aceto Balsamico Tradizionale di Modena DOP - 100 letni - Aceto Balsamico Shop - Polska<\/title>\n<meta name=\"robots\" content=\"index, follow, max-snippet:-1, max-image-preview:large, max-video-preview:-1\" \/>\n<link rel=\"canonical\" href=\"https:\/\/balsamico.shop\/pl\/produkt\/stary-aceto-balsamico-tradizionale-100-lat\/\" \/>\n<meta property=\"og:locale\" content=\"pl_PL\" \/>\n<meta property=\"og:type\" content=\"article\" \/>\n<meta property=\"og:title\" content=\"Bardzo stary Aceto Balsamico Tradizionale di Modena DOP - 100 letni - Aceto Balsamico Shop - Polska\" \/>\n<meta property=\"og:description\" content=\"Ta wyj\u0105tkowa seria Extravecchio zawieraj\u0105ca jedynie 50 butelek z rodzinnej rodziny Lonardi jest obecnie dost\u0119pna wy\u0142\u0105cznie w naszym magazynie w Niemczech. To Aceto Balsamico Tradizionale di Modena DOP dojrzewa w rodzinnej baterii, kt\u00f3ra dzia\u0142a od ponad 100 letni. Nie bez powodu Mark Zuckerberg, za\u0142o\u017cyciel Facebooka zdecydowa\u0142, wraz z \u017con\u0105 podczas jego ostatniej wizyty pod koniec lata 2016 roku dok\u0142adnie w tej Acetaii. W secesyjnej willi w Acetaia Villa San Donnino skosztowa\u0142 z rodzin\u0105 tej wielkiej przyjemno\u015bci octu balsamicznego. To balsamico jest wyj\u0105tkowe. Maksymalna ilo\u015b\u0107 zam\u00f3wienia 1 butelka \/ klient, poniewa\u017c ta seria jest \u015bci\u015ble ograniczona. To Tradycyjny Ocet Balsamiczny z Modeny D.O.P &#8211; &#8222;Riserva Oro&#8221; jest dostarczane w eleganckim pude\u0142ku na bi\u017cuteri\u0119 z \u0142y\u017ceczk\u0105 smakow\u0105 wykonan\u0105 z porcelany, a tak\u017ce oryginalnym korkowym \/ szklanym nalewakiem i ma\u0142ym oryginalnym certyfikatem Acetaia. Sk\u0142ad: 100% gotowany moszcz winogronowy &nbsp; &nbsp; &nbsp; Producent: Acetaia Villa San Donnino Strada Medicina 25 41126 San Donnino &#8211; Modena W\u0142ochy\" \/>\n<meta property=\"og:url\" content=\"https:\/\/balsamico.shop\/pl\/produkt\/stary-aceto-balsamico-tradizionale-100-lat\/\" \/>\n<meta property=\"og:site_name\" content=\"Aceto Balsamico Shop - Polska\" \/>\n<meta property=\"article:modified_time\" content=\"2024-07-15T15:45:41+00:00\" \/>\n<meta property=\"og:image\" content=\"https:\/\/balsamico.shop\/pl\/wp-content\/uploads\/2017\/01\/acetaia-villa-san-donnino-balsamico-tradizionale-extravecchio-oro.jpg\" \/>\n\t<meta property=\"og:image:width\" content=\"1600\" \/>\n\t<meta property=\"og:image:height\" content=\"1872\" \/>\n\t<meta property=\"og:image:type\" content=\"image\/jpeg\" \/>\n<meta name=\"twitter:card\" content=\"summary_large_image\" \/>\n<meta name=\"twitter:label1\" content=\"Szacowany czas czytania\" \/>\n\t<meta name=\"twitter:data1\" content=\"1 minuta\" \/>\n<script type=\"application\/ld+json\" class=\"yoast-schema-graph\">{\"@context\":\"https:\\\/\\\/schema.org\",\"@graph\":[{\"@type\":\"WebPage\",\"@id\":\"https:\\\/\\\/balsamico.shop\\\/pl\\\/produkt\\\/stary-aceto-balsamico-tradizionale-100-lat\\\/\",\"url\":\"https:\\\/\\\/balsamico.shop\\\/pl\\\/produkt\\\/stary-aceto-balsamico-tradizionale-100-lat\\\/\",\"name\":\"Bardzo stary Aceto Balsamico Tradizionale di Modena DOP - 100 letni - Aceto Balsamico Shop - Polska\",\"isPartOf\":{\"@id\":\"https:\\\/\\\/balsamico.shop\\\/pl\\\/#website\"},\"primaryImageOfPage\":{\"@id\":\"https:\\\/\\\/balsamico.shop\\\/pl\\\/produkt\\\/stary-aceto-balsamico-tradizionale-100-lat\\\/#primaryimage\"},\"image\":{\"@id\":\"https:\\\/\\\/balsamico.shop\\\/pl\\\/produkt\\\/stary-aceto-balsamico-tradizionale-100-lat\\\/#primaryimage\"},\"thumbnailUrl\":\"https:\\\/\\\/balsamico.shop\\\/pl\\\/wp-content\\\/uploads\\\/2017\\\/01\\\/acetaia-villa-san-donnino-balsamico-tradizionale-extravecchio-oro.jpg\",\"datePublished\":\"2017-01-05T16:25:19+00:00\",\"dateModified\":\"2024-07-15T15:45:41+00:00\",\"breadcrumb\":{\"@id\":\"https:\\\/\\\/balsamico.shop\\\/pl\\\/produkt\\\/stary-aceto-balsamico-tradizionale-100-lat\\\/#breadcrumb\"},\"inLanguage\":\"pl-PL\",\"potentialAction\":[{\"@type\":\"ReadAction\",\"target\":[\"https:\\\/\\\/balsamico.shop\\\/pl\\\/produkt\\\/stary-aceto-balsamico-tradizionale-100-lat\\\/\"]}]},{\"@type\":\"ImageObject\",\"inLanguage\":\"pl-PL\",\"@id\":\"https:\\\/\\\/balsamico.shop\\\/pl\\\/produkt\\\/stary-aceto-balsamico-tradizionale-100-lat\\\/#primaryimage\",\"url\":\"https:\\\/\\\/balsamico.shop\\\/pl\\\/wp-content\\\/uploads\\\/2017\\\/01\\\/acetaia-villa-san-donnino-balsamico-tradizionale-extravecchio-oro.jpg\",\"contentUrl\":\"https:\\\/\\\/balsamico.shop\\\/pl\\\/wp-content\\\/uploads\\\/2017\\\/01\\\/acetaia-villa-san-donnino-balsamico-tradizionale-extravecchio-oro.jpg\",\"width\":1600,\"height\":1872},{\"@type\":\"BreadcrumbList\",\"@id\":\"https:\\\/\\\/balsamico.shop\\\/pl\\\/produkt\\\/stary-aceto-balsamico-tradizionale-100-lat\\\/#breadcrumb\",\"itemListElement\":[{\"@type\":\"ListItem\",\"position\":1,\"name\":\"Home\",\"item\":\"https:\\\/\\\/balsamico.shop\\\/pl\\\/\"},{\"@type\":\"ListItem\",\"position\":2,\"name\":\"Ocet Balsamiczny &#8211; Sklep Internetowy\",\"item\":\"https:\\\/\\\/balsamico.shop\\\/pl\\\/shop\\\/\"},{\"@type\":\"ListItem\",\"position\":3,\"name\":\"Bardzo stary Aceto Balsamico Tradizionale di Modena DOP &#8211; 100 letni\"}]},{\"@type\":\"WebSite\",\"@id\":\"https:\\\/\\\/balsamico.shop\\\/pl\\\/#website\",\"url\":\"https:\\\/\\\/balsamico.shop\\\/pl\\\/\",\"name\":\"Aceto Balsamico Shop - Polska\",\"description\":\"Ocet balsamiczny sklep internetowy\",\"potentialAction\":[{\"@type\":\"SearchAction\",\"target\":{\"@type\":\"EntryPoint\",\"urlTemplate\":\"https:\\\/\\\/balsamico.shop\\\/pl\\\/?s={search_term_string}\"},\"query-input\":{\"@type\":\"PropertyValueSpecification\",\"valueRequired\":true,\"valueName\":\"search_term_string\"}}],\"inLanguage\":\"pl-PL\"}]}<\/script>\n<!-- \/ Yoast SEO plugin. -->","yoast_head_json":{"title":"Bardzo stary Aceto Balsamico Tradizionale di Modena DOP - 100 letni - Aceto Balsamico Shop - Polska","robots":{"index":"index","follow":"follow","max-snippet":"max-snippet:-1","max-image-preview":"max-image-preview:large","max-video-preview":"max-video-preview:-1"},"canonical":"https:\/\/balsamico.shop\/pl\/produkt\/stary-aceto-balsamico-tradizionale-100-lat\/","og_locale":"pl_PL","og_type":"article","og_title":"Bardzo stary Aceto Balsamico Tradizionale di Modena DOP - 100 letni - Aceto Balsamico Shop - Polska","og_description":"Ta wyj\u0105tkowa seria Extravecchio zawieraj\u0105ca jedynie 50 butelek z rodzinnej rodziny Lonardi jest obecnie dost\u0119pna wy\u0142\u0105cznie w naszym magazynie w Niemczech. To Aceto Balsamico Tradizionale di Modena DOP dojrzewa w rodzinnej baterii, kt\u00f3ra dzia\u0142a od ponad 100 letni. Nie bez powodu Mark Zuckerberg, za\u0142o\u017cyciel Facebooka zdecydowa\u0142, wraz z \u017con\u0105 podczas jego ostatniej wizyty pod koniec lata 2016 roku dok\u0142adnie w tej Acetaii. W secesyjnej willi w Acetaia Villa San Donnino skosztowa\u0142 z rodzin\u0105 tej wielkiej przyjemno\u015bci octu balsamicznego. To balsamico jest wyj\u0105tkowe. Maksymalna ilo\u015b\u0107 zam\u00f3wienia 1 butelka \/ klient, poniewa\u017c ta seria jest \u015bci\u015ble ograniczona. To Tradycyjny Ocet Balsamiczny z Modeny D.O.P &#8211; &#8222;Riserva Oro&#8221; jest dostarczane w eleganckim pude\u0142ku na bi\u017cuteri\u0119 z \u0142y\u017ceczk\u0105 smakow\u0105 wykonan\u0105 z porcelany, a tak\u017ce oryginalnym korkowym \/ szklanym nalewakiem i ma\u0142ym oryginalnym certyfikatem Acetaia. Sk\u0142ad: 100% gotowany moszcz winogronowy &nbsp; &nbsp; &nbsp; Producent: Acetaia Villa San Donnino Strada Medicina 25 41126 San Donnino &#8211; Modena W\u0142ochy","og_url":"https:\/\/balsamico.shop\/pl\/produkt\/stary-aceto-balsamico-tradizionale-100-lat\/","og_site_name":"Aceto Balsamico Shop - Polska","article_modified_time":"2024-07-15T15:45:41+00:00","og_image":[{"width":1600,"height":1872,"url":"https:\/\/balsamico.shop\/pl\/wp-content\/uploads\/2017\/01\/acetaia-villa-san-donnino-balsamico-tradizionale-extravecchio-oro.jpg","type":"image\/jpeg"}],"twitter_card":"summary_large_image","twitter_misc":{"Szacowany czas czytania":"1 minuta"},"schema":{"@context":"https:\/\/schema.org","@graph":[{"@type":"WebPage","@id":"https:\/\/balsamico.shop\/pl\/produkt\/stary-aceto-balsamico-tradizionale-100-lat\/","url":"https:\/\/balsamico.shop\/pl\/produkt\/stary-aceto-balsamico-tradizionale-100-lat\/","name":"Bardzo stary Aceto Balsamico Tradizionale di Modena DOP - 100 letni - Aceto Balsamico Shop - Polska","isPartOf":{"@id":"https:\/\/balsamico.shop\/pl\/#website"},"primaryImageOfPage":{"@id":"https:\/\/balsamico.shop\/pl\/produkt\/stary-aceto-balsamico-tradizionale-100-lat\/#primaryimage"},"image":{"@id":"https:\/\/balsamico.shop\/pl\/produkt\/stary-aceto-balsamico-tradizionale-100-lat\/#primaryimage"},"thumbnailUrl":"https:\/\/balsamico.shop\/pl\/wp-content\/uploads\/2017\/01\/acetaia-villa-san-donnino-balsamico-tradizionale-extravecchio-oro.jpg","datePublished":"2017-01-05T16:25:19+00:00","dateModified":"2024-07-15T15:45:41+00:00","breadcrumb":{"@id":"https:\/\/balsamico.shop\/pl\/produkt\/stary-aceto-balsamico-tradizionale-100-lat\/#breadcrumb"},"inLanguage":"pl-PL","potentialAction":[{"@type":"ReadAction","target":["https:\/\/balsamico.shop\/pl\/produkt\/stary-aceto-balsamico-tradizionale-100-lat\/"]}]},{"@type":"ImageObject","inLanguage":"pl-PL","@id":"https:\/\/balsamico.shop\/pl\/produkt\/stary-aceto-balsamico-tradizionale-100-lat\/#primaryimage","url":"https:\/\/balsamico.shop\/pl\/wp-content\/uploads\/2017\/01\/acetaia-villa-san-donnino-balsamico-tradizionale-extravecchio-oro.jpg","contentUrl":"https:\/\/balsamico.shop\/pl\/wp-content\/uploads\/2017\/01\/acetaia-villa-san-donnino-balsamico-tradizionale-extravecchio-oro.jpg","width":1600,"height":1872},{"@type":"BreadcrumbList","@id":"https:\/\/balsamico.shop\/pl\/produkt\/stary-aceto-balsamico-tradizionale-100-lat\/#breadcrumb","itemListElement":[{"@type":"ListItem","position":1,"name":"Home","item":"https:\/\/balsamico.shop\/pl\/"},{"@type":"ListItem","position":2,"name":"Ocet Balsamiczny &#8211; Sklep Internetowy","item":"https:\/\/balsamico.shop\/pl\/shop\/"},{"@type":"ListItem","position":3,"name":"Bardzo stary Aceto Balsamico Tradizionale di Modena DOP &#8211; 100 letni"}]},{"@type":"WebSite","@id":"https:\/\/balsamico.shop\/pl\/#website","url":"https:\/\/balsamico.shop\/pl\/","name":"Aceto Balsamico Shop - Polska","description":"Ocet balsamiczny sklep internetowy","potentialAction":[{"@type":"SearchAction","target":{"@type":"EntryPoint","urlTemplate":"https:\/\/balsamico.shop\/pl\/?s={search_term_string}"},"query-input":{"@type":"PropertyValueSpecification","valueRequired":true,"valueName":"search_term_string"}}],"inLanguage":"pl-PL"}]}},"_links":{"self":[{"href":"https:\/\/balsamico.shop\/pl\/wp-json\/wp\/v2\/product\/1380","targetHints":{"allow":["GET"]}}],"collection":[{"href":"https:\/\/balsamico.shop\/pl\/wp-json\/wp\/v2\/product"}],"about":[{"href":"https:\/\/balsamico.shop\/pl\/wp-json\/wp\/v2\/types\/product"}],"wp:featuredmedia":[{"embeddable":true,"href":"https:\/\/balsamico.shop\/pl\/wp-json\/wp\/v2\/media\/2209"}],"wp:attachment":[{"href":"https:\/\/balsamico.shop\/pl\/wp-json\/wp\/v2\/media?parent=1380"}],"wp:term":[{"taxonomy":"product_brand","embeddable":true,"href":"https:\/\/balsamico.shop\/pl\/wp-json\/wp\/v2\/product_brand?post=1380"},{"taxonomy":"product_cat","embeddable":true,"href":"https:\/\/balsamico.shop\/pl\/wp-json\/wp\/v2\/product_cat?post=1380"},{"taxonomy":"product_tag","embeddable":true,"href":"https:\/\/balsamico.shop\/pl\/wp-json\/wp\/v2\/product_tag?post=1380"}],"curies":[{"name":"wp","href":"https:\/\/api.w.org\/{rel}","templated":true}]}}