{"id":1374,"date":"2017-01-07T22:35:34","date_gmt":"2017-01-07T21:35:34","guid":{"rendered":"https:\/\/balsamico.shop\/dk\/?post_type=product&#038;p=1374"},"modified":"2025-10-28T18:29:23","modified_gmt":"2025-10-28T17:29:23","slug":"aceto-balsamico-tradizionale-di-modena-12-lat-villasandonnino","status":"publish","type":"product","link":"https:\/\/balsamico.shop\/pl\/produkt\/aceto-balsamico-tradizionale-di-modena-12-lat-villasandonnino\/","title":{"rendered":"Aceto Balsamico Tradizionale di Modena &#8211; 12 letni &#8211; Villa San Donnino"},"content":{"rendered":"<p><img loading=\"lazy\" decoding=\"async\" class=\"alignright wp-image-340 size-full\" src=\"https:\/\/balsamico.shop\/de\/wp-content\/uploads\/2016\/08\/villa-san-donnino.jpg\" alt=\"Aceto Balsamico Traditionel fra Modena - Balsamico eddike fra Modena\" width=\"198\" height=\"145\" \/>Musi min\u0105\u0107 ponad 12 lat, zanim ocet balsamiczny zostanie butelkowany w oryginalnej butelce o pojemno\u015bci 100 ml. Ka\u017cda butelka jest uwalniana przez oficjalne balsamiczne konsorcjum z regionu Modena i otrzymuje unikalny numer seryjny. Czas, niezwykle wysoka jako\u015b\u0107 winogron, w\u0142a\u015bciwe drewniane beczki i sztuka wytwarzania prawdziwego Aceto Balsamico Tradizionale sprawiaj\u0105, \u017ce Tradizionale to niezapomniane wra\u017cenia smakowe.<\/p>\n<p>Ze wzgl\u0119du na cz\u0119\u015bciowo bardzo stare beczki tego balsamicznego rozwija si\u0119 szczeg\u00f3lny, niepor\u00f3wnywalnie s\u0142odko-kwa\u015bny smak z intensywnym posmakiem.<\/p>\n<p><img loading=\"lazy\" decoding=\"async\" class=\"alignleft wp-image-817\" src=\"https:\/\/balsamico.shop\/de\/wp-content\/uploads\/2017\/04\/goldener-tropfen-0417-n2-254x300.png\" alt=\"Balsamico eddikke fra Modena - Balsamisk eddike fra Modena\" width=\"189\" height=\"213\" \/><\/p>\n<p>Villa San Donnino obchodzi\u0142a setn\u0105 rocznic\u0119 w 2010 roku, a tradycja produkcji octu si\u0119ga kilkudziesi\u0119ciu pokole\u0144 od Lonardisa.<\/p>\n<p>Nawet za\u0142o\u017cyciel Facebooka Mark Zuckerberg zdecydowa\u0142 si\u0119 wzi\u0105\u0107 udzia\u0142 w degustacji tego szlachetnego spadku w Villa San Donnino podczas swojej wizyty w regionie Modena. Davide Lonardi pokaza\u0142 znanego miliardera z Doliny Krzemowej jego pi\u0119kn\u0105 will\u0119 w stylu Art Nouveau z 1910 roku, kt\u00f3ra jest typowa dla tego regionu i rozs\u0142awiona przez kilka filmowych p\u0119d\u00f3w. Zuckerberg skosztowa\u0142 wraz z \u017con\u0105 unikalny Aceto Balsamico Tradizionale di Modena D.O.P, kt\u00f3ry mo\u017cna zam\u00f3wi\u0107 u nas.<\/p>\n<div id=\"fb-root\"><\/div>\n<div class=\"fb-post\" data-href=\"https:\/\/www.facebook.com\/122128577843060\/photos\/a.225297457526171\/1096409640414944\/?type=3&amp;theater\" data-width=\"500\" data-show-text=\"true\">\n<blockquote class=\"fb-xfbml-parse-ignore\" cite=\"https:\/\/developers.facebook.com\/permalink.php?story_fbid=1096409640414944&amp;id=122128577843060&amp;substory_index=0\"><p>from <a href=\"https:\/\/www.facebook.com\/Villa-San-Donnino-122128577843060\/\">Villa San Donnino<\/a> @ <a href=\"https:\/\/developers.facebook.com\/permalink.php?story_fbid=1096409640414944&amp;id=122128577843060&amp;substory_index=0\">3. September 2016<\/a><\/p><\/blockquote>\n<\/div>\n<p><em>&#8222;Davide Lonardi wraz z Mark Zuckerberg przed wej\u015bciem do Villa San Donnino&#8221;<\/em><\/p>\n<p>Zachwy\u0107 si\u0119 tym imponuj\u0105cym przegl\u0105dem wizyty w Villa San Donnino:<br \/>\n<iframe loading=\"lazy\" title=\"Italy_Aceto Balsamic_Villa San Donnino_Michella Kim_ENG\" width=\"1170\" height=\"658\" src=\"https:\/\/www.youtube.com\/embed\/AJDjgVRgcgU?feature=oembed\" frameborder=\"0\" allow=\"accelerometer; autoplay; clipboard-write; encrypted-media; gyroscope; picture-in-picture\" allowfullscreen><\/iframe><\/p>\n<p>Sk\u0142adniki: 100% gotowanego moszczu gronowego + du\u017co czasu<br \/>\nUwaga: Mo\u017ce zawiera\u0107 siarczyny.<\/p>\n<p>&nbsp;<\/p>\n<p>&nbsp;<\/p>\n<p>&nbsp;<\/p>\n<p>Producent:<br \/>\nAcetaia Villa San Donnino<br \/>\nStrada Medicina 25<br \/>\n41126 San Donnino &#8211; Modena<br \/>\nW\u0142ochy<\/p>\n","protected":false},"excerpt":{"rendered":"<p>Musi min\u0105\u0107 ponad 12 lat, zanim ocet balsamiczny zostanie butelkowany w oryginalnej butelce o pojemno\u015bci 100 ml. Ka\u017cda butelka jest uwalniana przez oficjalne balsamiczne konsorcjum z regionu Modena i otrzymuje unikalny numer seryjny. Czas, niezwykle wysoka jako\u015b\u0107 winogron, w\u0142a\u015bciwe drewniane beczki i sztuka wytwarzania prawdziwego Aceto Balsamico Tradizionale sprawiaj\u0105, \u017ce Tradizionale to niezapomniane wra\u017cenia smakowe. Ze wzgl\u0119du na cz\u0119\u015bciowo bardzo stare beczki tego balsamicznego rozwija si\u0119 szczeg\u00f3lny, niepor\u00f3wnywalnie s\u0142odko-kwa\u015bny smak z intensywnym posmakiem. Villa San Donnino obchodzi\u0142a setn\u0105 rocznic\u0119 w 2010 roku, a tradycja produkcji octu si\u0119ga kilkudziesi\u0119ciu pokole\u0144 od Lonardisa. Nawet za\u0142o\u017cyciel Facebooka Mark Zuckerberg zdecydowa\u0142 si\u0119 wzi\u0105\u0107 udzia\u0142 w degustacji tego szlachetnego spadku w Villa San Donnino podczas swojej wizyty w regionie Modena. Davide Lonardi pokaza\u0142 znanego miliardera z Doliny Krzemowej jego pi\u0119kn\u0105 will\u0119 w stylu Art Nouveau z 1910 roku, kt\u00f3ra jest typowa dla tego regionu i rozs\u0142awiona przez kilka filmowych p\u0119d\u00f3w. Zuckerberg skosztowa\u0142 wraz z \u017con\u0105 unikalny Aceto Balsamico Tradizionale di Modena D.O.P, kt\u00f3ry mo\u017cna zam\u00f3wi\u0107 u nas. from Villa San Donnino @ 3. September 2016 &#8222;Davide Lonardi wraz z Mark Zuckerberg przed wej\u015bciem do Villa San Donnino&#8221; Zachwy\u0107 si\u0119 tym imponuj\u0105cym przegl\u0105dem wizyty w Villa San Donnino: Sk\u0142adniki: 100% gotowanego moszczu gronowego + du\u017co czasu Uwaga: Mo\u017ce zawiera\u0107 siarczyny. &nbsp; &nbsp; &nbsp; Producent: Acetaia Villa San Donnino Strada Medicina 25 41126 San Donnino &#8211; Modena W\u0142ochy<\/p>\n","protected":false},"featured_media":2213,"template":"","meta":[],"product_brand":[],"product_cat":[36],"product_tag":[],"class_list":{"0":"post-1374","1":"product","2":"type-product","3":"status-publish","4":"has-post-thumbnail","6":"product_cat-villa-san-donnino","7":"product_shipping_class-balsamico","9":"first","10":"outofstock","11":"taxable","12":"shipping-taxable","13":"purchasable","14":"product-type-simple"},"bundle_layout":"","bundled_by":[],"bundled_items":[],"yoast_head":"<!-- This site is optimized with the Yoast SEO plugin v27.4 - https:\/\/yoast.com\/product\/yoast-seo-wordpress\/ -->\n<title>Aceto Balsamico Tradizionale di Modena - 12 letni - Villa San Donnino - Aceto Balsamico Shop - Polska<\/title>\n<meta name=\"robots\" content=\"index, follow, max-snippet:-1, max-image-preview:large, max-video-preview:-1\" \/>\n<link rel=\"canonical\" href=\"https:\/\/balsamico.shop\/pl\/produkt\/aceto-balsamico-tradizionale-di-modena-12-lat-villasandonnino\/\" \/>\n<meta property=\"og:locale\" content=\"pl_PL\" \/>\n<meta property=\"og:type\" content=\"article\" \/>\n<meta property=\"og:title\" content=\"Aceto Balsamico Tradizionale di Modena - 12 letni - Villa San Donnino - Aceto Balsamico Shop - Polska\" \/>\n<meta property=\"og:description\" content=\"Musi min\u0105\u0107 ponad 12 lat, zanim ocet balsamiczny zostanie butelkowany w oryginalnej butelce o pojemno\u015bci 100 ml. Ka\u017cda butelka jest uwalniana przez oficjalne balsamiczne konsorcjum z regionu Modena i otrzymuje unikalny numer seryjny. Czas, niezwykle wysoka jako\u015b\u0107 winogron, w\u0142a\u015bciwe drewniane beczki i sztuka wytwarzania prawdziwego Aceto Balsamico Tradizionale sprawiaj\u0105, \u017ce Tradizionale to niezapomniane wra\u017cenia smakowe. Ze wzgl\u0119du na cz\u0119\u015bciowo bardzo stare beczki tego balsamicznego rozwija si\u0119 szczeg\u00f3lny, niepor\u00f3wnywalnie s\u0142odko-kwa\u015bny smak z intensywnym posmakiem. Villa San Donnino obchodzi\u0142a setn\u0105 rocznic\u0119 w 2010 roku, a tradycja produkcji octu si\u0119ga kilkudziesi\u0119ciu pokole\u0144 od Lonardisa. Nawet za\u0142o\u017cyciel Facebooka Mark Zuckerberg zdecydowa\u0142 si\u0119 wzi\u0105\u0107 udzia\u0142 w degustacji tego szlachetnego spadku w Villa San Donnino podczas swojej wizyty w regionie Modena. Davide Lonardi pokaza\u0142 znanego miliardera z Doliny Krzemowej jego pi\u0119kn\u0105 will\u0119 w stylu Art Nouveau z 1910 roku, kt\u00f3ra jest typowa dla tego regionu i rozs\u0142awiona przez kilka filmowych p\u0119d\u00f3w. Zuckerberg skosztowa\u0142 wraz z \u017con\u0105 unikalny Aceto Balsamico Tradizionale di Modena D.O.P, kt\u00f3ry mo\u017cna zam\u00f3wi\u0107 u nas. from Villa San Donnino @ 3. September 2016 &#8222;Davide Lonardi wraz z Mark Zuckerberg przed wej\u015bciem do Villa San Donnino&#8221; Zachwy\u0107 si\u0119 tym imponuj\u0105cym przegl\u0105dem wizyty w Villa San Donnino: Sk\u0142adniki: 100% gotowanego moszczu gronowego + du\u017co czasu Uwaga: Mo\u017ce zawiera\u0107 siarczyny. &nbsp; &nbsp; &nbsp; Producent: Acetaia Villa San Donnino Strada Medicina 25 41126 San Donnino &#8211; Modena W\u0142ochy\" \/>\n<meta property=\"og:url\" content=\"https:\/\/balsamico.shop\/pl\/produkt\/aceto-balsamico-tradizionale-di-modena-12-lat-villasandonnino\/\" \/>\n<meta property=\"og:site_name\" content=\"Aceto Balsamico Shop - Polska\" \/>\n<meta property=\"article:modified_time\" content=\"2025-10-28T17:29:23+00:00\" \/>\n<meta property=\"og:image\" content=\"https:\/\/balsamico.shop\/pl\/wp-content\/uploads\/2017\/01\/villa-san-donnino-aceto-balsamico-tradizionale-affinato-1.jpg\" \/>\n\t<meta property=\"og:image:width\" content=\"1600\" \/>\n\t<meta property=\"og:image:height\" content=\"1872\" \/>\n\t<meta property=\"og:image:type\" content=\"image\/jpeg\" \/>\n<meta name=\"twitter:card\" content=\"summary_large_image\" \/>\n<meta name=\"twitter:label1\" content=\"Szacowany czas czytania\" \/>\n\t<meta name=\"twitter:data1\" content=\"2 minuty\" \/>\n<script type=\"application\/ld+json\" class=\"yoast-schema-graph\">{\"@context\":\"https:\\\/\\\/schema.org\",\"@graph\":[{\"@type\":\"WebPage\",\"@id\":\"https:\\\/\\\/balsamico.shop\\\/pl\\\/produkt\\\/aceto-balsamico-tradizionale-di-modena-12-lat-villasandonnino\\\/\",\"url\":\"https:\\\/\\\/balsamico.shop\\\/pl\\\/produkt\\\/aceto-balsamico-tradizionale-di-modena-12-lat-villasandonnino\\\/\",\"name\":\"Aceto Balsamico Tradizionale di Modena - 12 letni - Villa San Donnino - Aceto Balsamico Shop - Polska\",\"isPartOf\":{\"@id\":\"https:\\\/\\\/balsamico.shop\\\/pl\\\/#website\"},\"primaryImageOfPage\":{\"@id\":\"https:\\\/\\\/balsamico.shop\\\/pl\\\/produkt\\\/aceto-balsamico-tradizionale-di-modena-12-lat-villasandonnino\\\/#primaryimage\"},\"image\":{\"@id\":\"https:\\\/\\\/balsamico.shop\\\/pl\\\/produkt\\\/aceto-balsamico-tradizionale-di-modena-12-lat-villasandonnino\\\/#primaryimage\"},\"thumbnailUrl\":\"https:\\\/\\\/balsamico.shop\\\/pl\\\/wp-content\\\/uploads\\\/2017\\\/01\\\/villa-san-donnino-aceto-balsamico-tradizionale-affinato-1.jpg\",\"datePublished\":\"2017-01-07T21:35:34+00:00\",\"dateModified\":\"2025-10-28T17:29:23+00:00\",\"breadcrumb\":{\"@id\":\"https:\\\/\\\/balsamico.shop\\\/pl\\\/produkt\\\/aceto-balsamico-tradizionale-di-modena-12-lat-villasandonnino\\\/#breadcrumb\"},\"inLanguage\":\"pl-PL\",\"potentialAction\":[{\"@type\":\"ReadAction\",\"target\":[\"https:\\\/\\\/balsamico.shop\\\/pl\\\/produkt\\\/aceto-balsamico-tradizionale-di-modena-12-lat-villasandonnino\\\/\"]}]},{\"@type\":\"ImageObject\",\"inLanguage\":\"pl-PL\",\"@id\":\"https:\\\/\\\/balsamico.shop\\\/pl\\\/produkt\\\/aceto-balsamico-tradizionale-di-modena-12-lat-villasandonnino\\\/#primaryimage\",\"url\":\"https:\\\/\\\/balsamico.shop\\\/pl\\\/wp-content\\\/uploads\\\/2017\\\/01\\\/villa-san-donnino-aceto-balsamico-tradizionale-affinato-1.jpg\",\"contentUrl\":\"https:\\\/\\\/balsamico.shop\\\/pl\\\/wp-content\\\/uploads\\\/2017\\\/01\\\/villa-san-donnino-aceto-balsamico-tradizionale-affinato-1.jpg\",\"width\":1600,\"height\":1872},{\"@type\":\"BreadcrumbList\",\"@id\":\"https:\\\/\\\/balsamico.shop\\\/pl\\\/produkt\\\/aceto-balsamico-tradizionale-di-modena-12-lat-villasandonnino\\\/#breadcrumb\",\"itemListElement\":[{\"@type\":\"ListItem\",\"position\":1,\"name\":\"Home\",\"item\":\"https:\\\/\\\/balsamico.shop\\\/pl\\\/\"},{\"@type\":\"ListItem\",\"position\":2,\"name\":\"Ocet Balsamiczny &#8211; Sklep Internetowy\",\"item\":\"https:\\\/\\\/balsamico.shop\\\/pl\\\/shop\\\/\"},{\"@type\":\"ListItem\",\"position\":3,\"name\":\"Aceto Balsamico Tradizionale di Modena &#8211; 12 letni &#8211; Villa San Donnino\"}]},{\"@type\":\"WebSite\",\"@id\":\"https:\\\/\\\/balsamico.shop\\\/pl\\\/#website\",\"url\":\"https:\\\/\\\/balsamico.shop\\\/pl\\\/\",\"name\":\"Aceto Balsamico Shop - Polska\",\"description\":\"Ocet balsamiczny sklep internetowy\",\"potentialAction\":[{\"@type\":\"SearchAction\",\"target\":{\"@type\":\"EntryPoint\",\"urlTemplate\":\"https:\\\/\\\/balsamico.shop\\\/pl\\\/?s={search_term_string}\"},\"query-input\":{\"@type\":\"PropertyValueSpecification\",\"valueRequired\":true,\"valueName\":\"search_term_string\"}}],\"inLanguage\":\"pl-PL\"}]}<\/script>\n<!-- \/ Yoast SEO plugin. -->","yoast_head_json":{"title":"Aceto Balsamico Tradizionale di Modena - 12 letni - Villa San Donnino - Aceto Balsamico Shop - Polska","robots":{"index":"index","follow":"follow","max-snippet":"max-snippet:-1","max-image-preview":"max-image-preview:large","max-video-preview":"max-video-preview:-1"},"canonical":"https:\/\/balsamico.shop\/pl\/produkt\/aceto-balsamico-tradizionale-di-modena-12-lat-villasandonnino\/","og_locale":"pl_PL","og_type":"article","og_title":"Aceto Balsamico Tradizionale di Modena - 12 letni - Villa San Donnino - Aceto Balsamico Shop - Polska","og_description":"Musi min\u0105\u0107 ponad 12 lat, zanim ocet balsamiczny zostanie butelkowany w oryginalnej butelce o pojemno\u015bci 100 ml. Ka\u017cda butelka jest uwalniana przez oficjalne balsamiczne konsorcjum z regionu Modena i otrzymuje unikalny numer seryjny. Czas, niezwykle wysoka jako\u015b\u0107 winogron, w\u0142a\u015bciwe drewniane beczki i sztuka wytwarzania prawdziwego Aceto Balsamico Tradizionale sprawiaj\u0105, \u017ce Tradizionale to niezapomniane wra\u017cenia smakowe. Ze wzgl\u0119du na cz\u0119\u015bciowo bardzo stare beczki tego balsamicznego rozwija si\u0119 szczeg\u00f3lny, niepor\u00f3wnywalnie s\u0142odko-kwa\u015bny smak z intensywnym posmakiem. Villa San Donnino obchodzi\u0142a setn\u0105 rocznic\u0119 w 2010 roku, a tradycja produkcji octu si\u0119ga kilkudziesi\u0119ciu pokole\u0144 od Lonardisa. Nawet za\u0142o\u017cyciel Facebooka Mark Zuckerberg zdecydowa\u0142 si\u0119 wzi\u0105\u0107 udzia\u0142 w degustacji tego szlachetnego spadku w Villa San Donnino podczas swojej wizyty w regionie Modena. Davide Lonardi pokaza\u0142 znanego miliardera z Doliny Krzemowej jego pi\u0119kn\u0105 will\u0119 w stylu Art Nouveau z 1910 roku, kt\u00f3ra jest typowa dla tego regionu i rozs\u0142awiona przez kilka filmowych p\u0119d\u00f3w. Zuckerberg skosztowa\u0142 wraz z \u017con\u0105 unikalny Aceto Balsamico Tradizionale di Modena D.O.P, kt\u00f3ry mo\u017cna zam\u00f3wi\u0107 u nas. from Villa San Donnino @ 3. September 2016 &#8222;Davide Lonardi wraz z Mark Zuckerberg przed wej\u015bciem do Villa San Donnino&#8221; Zachwy\u0107 si\u0119 tym imponuj\u0105cym przegl\u0105dem wizyty w Villa San Donnino: Sk\u0142adniki: 100% gotowanego moszczu gronowego + du\u017co czasu Uwaga: Mo\u017ce zawiera\u0107 siarczyny. &nbsp; &nbsp; &nbsp; Producent: Acetaia Villa San Donnino Strada Medicina 25 41126 San Donnino &#8211; Modena W\u0142ochy","og_url":"https:\/\/balsamico.shop\/pl\/produkt\/aceto-balsamico-tradizionale-di-modena-12-lat-villasandonnino\/","og_site_name":"Aceto Balsamico Shop - Polska","article_modified_time":"2025-10-28T17:29:23+00:00","og_image":[{"width":1600,"height":1872,"url":"https:\/\/balsamico.shop\/pl\/wp-content\/uploads\/2017\/01\/villa-san-donnino-aceto-balsamico-tradizionale-affinato-1.jpg","type":"image\/jpeg"}],"twitter_card":"summary_large_image","twitter_misc":{"Szacowany czas czytania":"2 minuty"},"schema":{"@context":"https:\/\/schema.org","@graph":[{"@type":"WebPage","@id":"https:\/\/balsamico.shop\/pl\/produkt\/aceto-balsamico-tradizionale-di-modena-12-lat-villasandonnino\/","url":"https:\/\/balsamico.shop\/pl\/produkt\/aceto-balsamico-tradizionale-di-modena-12-lat-villasandonnino\/","name":"Aceto Balsamico Tradizionale di Modena - 12 letni - Villa San Donnino - Aceto Balsamico Shop - Polska","isPartOf":{"@id":"https:\/\/balsamico.shop\/pl\/#website"},"primaryImageOfPage":{"@id":"https:\/\/balsamico.shop\/pl\/produkt\/aceto-balsamico-tradizionale-di-modena-12-lat-villasandonnino\/#primaryimage"},"image":{"@id":"https:\/\/balsamico.shop\/pl\/produkt\/aceto-balsamico-tradizionale-di-modena-12-lat-villasandonnino\/#primaryimage"},"thumbnailUrl":"https:\/\/balsamico.shop\/pl\/wp-content\/uploads\/2017\/01\/villa-san-donnino-aceto-balsamico-tradizionale-affinato-1.jpg","datePublished":"2017-01-07T21:35:34+00:00","dateModified":"2025-10-28T17:29:23+00:00","breadcrumb":{"@id":"https:\/\/balsamico.shop\/pl\/produkt\/aceto-balsamico-tradizionale-di-modena-12-lat-villasandonnino\/#breadcrumb"},"inLanguage":"pl-PL","potentialAction":[{"@type":"ReadAction","target":["https:\/\/balsamico.shop\/pl\/produkt\/aceto-balsamico-tradizionale-di-modena-12-lat-villasandonnino\/"]}]},{"@type":"ImageObject","inLanguage":"pl-PL","@id":"https:\/\/balsamico.shop\/pl\/produkt\/aceto-balsamico-tradizionale-di-modena-12-lat-villasandonnino\/#primaryimage","url":"https:\/\/balsamico.shop\/pl\/wp-content\/uploads\/2017\/01\/villa-san-donnino-aceto-balsamico-tradizionale-affinato-1.jpg","contentUrl":"https:\/\/balsamico.shop\/pl\/wp-content\/uploads\/2017\/01\/villa-san-donnino-aceto-balsamico-tradizionale-affinato-1.jpg","width":1600,"height":1872},{"@type":"BreadcrumbList","@id":"https:\/\/balsamico.shop\/pl\/produkt\/aceto-balsamico-tradizionale-di-modena-12-lat-villasandonnino\/#breadcrumb","itemListElement":[{"@type":"ListItem","position":1,"name":"Home","item":"https:\/\/balsamico.shop\/pl\/"},{"@type":"ListItem","position":2,"name":"Ocet Balsamiczny &#8211; Sklep Internetowy","item":"https:\/\/balsamico.shop\/pl\/shop\/"},{"@type":"ListItem","position":3,"name":"Aceto Balsamico Tradizionale di Modena &#8211; 12 letni &#8211; Villa San Donnino"}]},{"@type":"WebSite","@id":"https:\/\/balsamico.shop\/pl\/#website","url":"https:\/\/balsamico.shop\/pl\/","name":"Aceto Balsamico Shop - Polska","description":"Ocet balsamiczny sklep internetowy","potentialAction":[{"@type":"SearchAction","target":{"@type":"EntryPoint","urlTemplate":"https:\/\/balsamico.shop\/pl\/?s={search_term_string}"},"query-input":{"@type":"PropertyValueSpecification","valueRequired":true,"valueName":"search_term_string"}}],"inLanguage":"pl-PL"}]}},"_links":{"self":[{"href":"https:\/\/balsamico.shop\/pl\/wp-json\/wp\/v2\/product\/1374","targetHints":{"allow":["GET"]}}],"collection":[{"href":"https:\/\/balsamico.shop\/pl\/wp-json\/wp\/v2\/product"}],"about":[{"href":"https:\/\/balsamico.shop\/pl\/wp-json\/wp\/v2\/types\/product"}],"wp:featuredmedia":[{"embeddable":true,"href":"https:\/\/balsamico.shop\/pl\/wp-json\/wp\/v2\/media\/2213"}],"wp:attachment":[{"href":"https:\/\/balsamico.shop\/pl\/wp-json\/wp\/v2\/media?parent=1374"}],"wp:term":[{"taxonomy":"product_brand","embeddable":true,"href":"https:\/\/balsamico.shop\/pl\/wp-json\/wp\/v2\/product_brand?post=1374"},{"taxonomy":"product_cat","embeddable":true,"href":"https:\/\/balsamico.shop\/pl\/wp-json\/wp\/v2\/product_cat?post=1374"},{"taxonomy":"product_tag","embeddable":true,"href":"https:\/\/balsamico.shop\/pl\/wp-json\/wp\/v2\/product_tag?post=1374"}],"curies":[{"name":"wp","href":"https:\/\/api.w.org\/{rel}","templated":true}]}}