{"id":1372,"date":"2016-09-22T13:53:17","date_gmt":"2016-09-22T11:53:17","guid":{"rendered":"https:\/\/balsamico.shop\/dk\/?post_type=product&#038;p=1372"},"modified":"2026-03-11T11:24:36","modified_gmt":"2026-03-11T10:24:36","slug":"abt-di-re-12-lat-cavalli","status":"publish","type":"product","link":"https:\/\/balsamico.shop\/pl\/produkt\/abt-di-re-12-lat-cavalli\/","title":{"rendered":"Cavalli &#8211; Aceto Balsamico Tradizionale di Reggio Emilia &#8211; 12 lat &#8211; Srebrny"},"content":{"rendered":"<p>Giovanni Cavalli z mi\u0142o\u015bci\u0105 produkuje swoje Aceto Balsamico Tradizionale di Reggio Emilia &#8211; Argento (srebro) w Scandiano, ma\u0142ym miasteczku w prowincji Reggio Emilia. Cavalli wykorzystuje tylko s\u0142odkie winogrona Trebbiano z regionu Reggio Emilia do swojej ABTE i zosta\u0142 zatwierdzony do komercjalizacji Aceto Balsamico Tradizionale di Reggio Emilia ponad 30 lat temu, co czyni go jednym z pierwszych w swoim regionie.\u00a0Serie sprzedawane tutaj by\u0142y przechowywane w pi\u0119ciu drewnianych beczkach w nast\u0119puj\u0105cej kolejno\u015bci: d\u0105b, kasztan, ja\u0142owiec, wi\u015bnia, morwa. G\u0119sto\u015b\u0107, kt\u00f3ra opisuje syropowat\u0105 w\u0142a\u015bciwo\u015b\u0107, wynosi od 1,33 do 1,34 w tym occie balsamicznym, kt\u00f3ry jest znacznie powy\u017cej minimalnego wymogu 1,2. Ta seria obejmuje tylko 551 butelek na ca\u0142ym \u015bwiecie.<\/p>\n<p><strong>12 lat i ju\u017c srebro?<\/strong><\/p>\n<p>Pomimo przechowywania przez 12 lat, ten balsamiczny otrzymuje srebrn\u0105 &#8211; Argento piecz\u0119\u0107, poniewa\u017c niewielu wie, \u017ce piecz\u0119\u0107 jest przyznawana zgodnie ze specyfikacjami Ministerstwa pod wzgl\u0119dem liczby punkt\u00f3w jako\u015bci. Ocet ten osi\u0105ga wystarczaj\u0105c\u0105 liczb\u0119 punkt\u00f3w jako\u015bci ju\u017c po 12 latach, aby uzyska\u0107 srebrn\u0105 piecz\u0119\u0107. Zgodnie z Art. 6 Rozporz\u0105dzenia, punktacja musi osi\u0105gn\u0105\u0107 ponad 270 punkt\u00f3w &#8211; to kryterium jest osi\u0105gane przez t\u0119 seri\u0119 i dlatego s\u0142usznie nosi srebrn\u0105 piecz\u0119\u0107.<\/p>\n<p>Ka\u017cda butelka jest kontrolowana i certyfikowana przez Ministerstwo Rolnictwa, \u017bywno\u015bci i Le\u015bnictwa. Rozpoznajesz orygina\u0142 na piecz\u0119ci woskowej, kt\u00f3ra zosta\u0142a opatrzona literami: &#8222;DOP ABTRE&#8221;. Kszta\u0142t butelki, podobny do tulipana, jest przepisany na ten ocet balsamiczny. Butelka jest oznaczona piecz\u0119ci\u0105 D.O.P, a etykieta zawiera zdanie: &#8222;Certificato da organismo di controllo autorizzato dal Mipaaf&#8221; i potwierdza test akceptacji Ministerstwa. Mo\u017cliwo\u015b\u0107 \u015bledzenia tego produktu jest oznaczona numerem seryjnym z ty\u0142u produktu.<\/p>\n<p>Sk\u0142ad: 100% ugotowanego moszczu gronowego<\/p>\n<p>Uwaga: nie zawiera siarczyn\u00f3w<\/p>\n<p>&nbsp;<\/p>\n<p>&nbsp;<\/p>\n<p>&nbsp;<\/p>\n<p>Producent:<br \/>\nCavalli cav. Ferdinando srl<br \/>\nVia del Cristo 6\/ab<br \/>\n42019 Scandiano Reggio Emilia<br \/>\nW\u0142ochy<\/p>\n","protected":false},"excerpt":{"rendered":"<p>Giovanni Cavalli z mi\u0142o\u015bci\u0105 produkuje swoje Aceto Balsamico Tradizionale di Reggio Emilia &#8211; Argento (srebro) w Scandiano, ma\u0142ym miasteczku w prowincji Reggio Emilia. Cavalli wykorzystuje tylko s\u0142odkie winogrona Trebbiano z regionu Reggio Emilia do swojej ABTE i zosta\u0142 zatwierdzony do komercjalizacji Aceto Balsamico Tradizionale di Reggio Emilia ponad 30 lat temu, co czyni go jednym z pierwszych w swoim regionie.\u00a0Serie sprzedawane tutaj by\u0142y przechowywane w pi\u0119ciu drewnianych beczkach w nast\u0119puj\u0105cej kolejno\u015bci: d\u0105b, kasztan, ja\u0142owiec, wi\u015bnia, morwa. G\u0119sto\u015b\u0107, kt\u00f3ra opisuje syropowat\u0105 w\u0142a\u015bciwo\u015b\u0107, wynosi od 1,33 do 1,34 w tym occie balsamicznym, kt\u00f3ry jest znacznie powy\u017cej minimalnego wymogu 1,2. Ta seria obejmuje tylko 551 butelek na ca\u0142ym \u015bwiecie. 12 lat i ju\u017c srebro? Pomimo przechowywania przez 12 lat, ten balsamiczny otrzymuje srebrn\u0105 &#8211; Argento piecz\u0119\u0107, poniewa\u017c niewielu wie, \u017ce piecz\u0119\u0107 jest przyznawana zgodnie ze specyfikacjami Ministerstwa pod wzgl\u0119dem liczby punkt\u00f3w jako\u015bci. Ocet ten osi\u0105ga wystarczaj\u0105c\u0105 liczb\u0119 punkt\u00f3w jako\u015bci ju\u017c po 12 latach, aby uzyska\u0107 srebrn\u0105 piecz\u0119\u0107. Zgodnie z Art. 6 Rozporz\u0105dzenia, punktacja musi osi\u0105gn\u0105\u0107 ponad 270 punkt\u00f3w &#8211; to kryterium jest osi\u0105gane przez t\u0119 seri\u0119 i dlatego s\u0142usznie nosi srebrn\u0105 piecz\u0119\u0107. Ka\u017cda butelka jest kontrolowana i certyfikowana przez Ministerstwo Rolnictwa, \u017bywno\u015bci i Le\u015bnictwa. Rozpoznajesz orygina\u0142 na piecz\u0119ci woskowej, kt\u00f3ra zosta\u0142a opatrzona literami: &#8222;DOP ABTRE&#8221;. Kszta\u0142t butelki, podobny do tulipana, jest przepisany na ten ocet balsamiczny. Butelka jest oznaczona piecz\u0119ci\u0105 D.O.P, a etykieta zawiera zdanie: &#8222;Certificato da organismo di controllo autorizzato dal Mipaaf&#8221; i potwierdza test akceptacji Ministerstwa. Mo\u017cliwo\u015b\u0107 \u015bledzenia tego produktu jest oznaczona numerem seryjnym z ty\u0142u produktu. Sk\u0142ad: 100% ugotowanego moszczu gronowego Uwaga: nie zawiera siarczyn\u00f3w &nbsp; &nbsp; &nbsp; Producent: Cavalli cav. Ferdinando srl Via del Cristo 6\/ab 42019 Scandiano Reggio Emilia W\u0142ochy<\/p>\n","protected":false},"featured_media":2206,"template":"","meta":[],"product_brand":[],"product_cat":[31],"product_tag":[],"class_list":{"0":"post-1372","1":"product","2":"type-product","3":"status-publish","4":"has-post-thumbnail","6":"product_cat-cavalli","7":"product_shipping_class-balsamico","9":"first","10":"instock","11":"taxable","12":"shipping-taxable","13":"purchasable","14":"product-type-simple"},"bundle_layout":"","bundled_by":[],"bundled_items":[],"yoast_head":"<!-- This site is optimized with the Yoast SEO plugin v27.6 - https:\/\/yoast.com\/product\/yoast-seo-wordpress\/ -->\n<title>Cavalli - Aceto Balsamico Tradizionale di Reggio Emilia - 12 lat - Srebrny - Aceto Balsamico Shop - Polska<\/title>\n<meta name=\"robots\" content=\"index, follow, max-snippet:-1, max-image-preview:large, max-video-preview:-1\" \/>\n<link rel=\"canonical\" href=\"https:\/\/balsamico.shop\/pl\/produkt\/abt-di-re-12-lat-cavalli\/\" \/>\n<meta property=\"og:locale\" content=\"pl_PL\" \/>\n<meta property=\"og:type\" content=\"article\" \/>\n<meta property=\"og:title\" content=\"Cavalli - Aceto Balsamico Tradizionale di Reggio Emilia - 12 lat - Srebrny - Aceto Balsamico Shop - Polska\" \/>\n<meta property=\"og:description\" content=\"Giovanni Cavalli z mi\u0142o\u015bci\u0105 produkuje swoje Aceto Balsamico Tradizionale di Reggio Emilia &#8211; Argento (srebro) w Scandiano, ma\u0142ym miasteczku w prowincji Reggio Emilia. Cavalli wykorzystuje tylko s\u0142odkie winogrona Trebbiano z regionu Reggio Emilia do swojej ABTE i zosta\u0142 zatwierdzony do komercjalizacji Aceto Balsamico Tradizionale di Reggio Emilia ponad 30 lat temu, co czyni go jednym z pierwszych w swoim regionie.\u00a0Serie sprzedawane tutaj by\u0142y przechowywane w pi\u0119ciu drewnianych beczkach w nast\u0119puj\u0105cej kolejno\u015bci: d\u0105b, kasztan, ja\u0142owiec, wi\u015bnia, morwa. G\u0119sto\u015b\u0107, kt\u00f3ra opisuje syropowat\u0105 w\u0142a\u015bciwo\u015b\u0107, wynosi od 1,33 do 1,34 w tym occie balsamicznym, kt\u00f3ry jest znacznie powy\u017cej minimalnego wymogu 1,2. Ta seria obejmuje tylko 551 butelek na ca\u0142ym \u015bwiecie. 12 lat i ju\u017c srebro? Pomimo przechowywania przez 12 lat, ten balsamiczny otrzymuje srebrn\u0105 &#8211; Argento piecz\u0119\u0107, poniewa\u017c niewielu wie, \u017ce piecz\u0119\u0107 jest przyznawana zgodnie ze specyfikacjami Ministerstwa pod wzgl\u0119dem liczby punkt\u00f3w jako\u015bci. Ocet ten osi\u0105ga wystarczaj\u0105c\u0105 liczb\u0119 punkt\u00f3w jako\u015bci ju\u017c po 12 latach, aby uzyska\u0107 srebrn\u0105 piecz\u0119\u0107. Zgodnie z Art. 6 Rozporz\u0105dzenia, punktacja musi osi\u0105gn\u0105\u0107 ponad 270 punkt\u00f3w &#8211; to kryterium jest osi\u0105gane przez t\u0119 seri\u0119 i dlatego s\u0142usznie nosi srebrn\u0105 piecz\u0119\u0107. Ka\u017cda butelka jest kontrolowana i certyfikowana przez Ministerstwo Rolnictwa, \u017bywno\u015bci i Le\u015bnictwa. Rozpoznajesz orygina\u0142 na piecz\u0119ci woskowej, kt\u00f3ra zosta\u0142a opatrzona literami: &#8222;DOP ABTRE&#8221;. Kszta\u0142t butelki, podobny do tulipana, jest przepisany na ten ocet balsamiczny. Butelka jest oznaczona piecz\u0119ci\u0105 D.O.P, a etykieta zawiera zdanie: &#8222;Certificato da organismo di controllo autorizzato dal Mipaaf&#8221; i potwierdza test akceptacji Ministerstwa. Mo\u017cliwo\u015b\u0107 \u015bledzenia tego produktu jest oznaczona numerem seryjnym z ty\u0142u produktu. Sk\u0142ad: 100% ugotowanego moszczu gronowego Uwaga: nie zawiera siarczyn\u00f3w &nbsp; &nbsp; &nbsp; Producent: Cavalli cav. Ferdinando srl Via del Cristo 6\/ab 42019 Scandiano Reggio Emilia W\u0142ochy\" \/>\n<meta property=\"og:url\" content=\"https:\/\/balsamico.shop\/pl\/produkt\/abt-di-re-12-lat-cavalli\/\" \/>\n<meta property=\"og:site_name\" content=\"Aceto Balsamico Shop - Polska\" \/>\n<meta property=\"article:modified_time\" content=\"2026-03-11T10:24:36+00:00\" \/>\n<meta property=\"og:image\" content=\"https:\/\/balsamico.shop\/pl\/wp-content\/uploads\/2016\/09\/aceto-balsamico-tradizionale-reggioemilia-argento-cavalli.jpg\" \/>\n\t<meta property=\"og:image:width\" content=\"1600\" \/>\n\t<meta property=\"og:image:height\" content=\"1872\" \/>\n\t<meta property=\"og:image:type\" content=\"image\/jpeg\" \/>\n<meta name=\"twitter:card\" content=\"summary_large_image\" \/>\n<meta name=\"twitter:label1\" content=\"Szacowany czas czytania\" \/>\n\t<meta name=\"twitter:data1\" content=\"2 minuty\" \/>\n<script type=\"application\/ld+json\" class=\"yoast-schema-graph\">{\"@context\":\"https:\\\/\\\/schema.org\",\"@graph\":[{\"@type\":\"WebPage\",\"@id\":\"https:\\\/\\\/balsamico.shop\\\/pl\\\/produkt\\\/abt-di-re-12-lat-cavalli\\\/\",\"url\":\"https:\\\/\\\/balsamico.shop\\\/pl\\\/produkt\\\/abt-di-re-12-lat-cavalli\\\/\",\"name\":\"Cavalli - Aceto Balsamico Tradizionale di Reggio Emilia - 12 lat - Srebrny - Aceto Balsamico Shop - Polska\",\"isPartOf\":{\"@id\":\"https:\\\/\\\/balsamico.shop\\\/pl\\\/#website\"},\"primaryImageOfPage\":{\"@id\":\"https:\\\/\\\/balsamico.shop\\\/pl\\\/produkt\\\/abt-di-re-12-lat-cavalli\\\/#primaryimage\"},\"image\":{\"@id\":\"https:\\\/\\\/balsamico.shop\\\/pl\\\/produkt\\\/abt-di-re-12-lat-cavalli\\\/#primaryimage\"},\"thumbnailUrl\":\"https:\\\/\\\/balsamico.shop\\\/pl\\\/wp-content\\\/uploads\\\/2016\\\/09\\\/aceto-balsamico-tradizionale-reggioemilia-argento-cavalli.jpg\",\"datePublished\":\"2016-09-22T11:53:17+00:00\",\"dateModified\":\"2026-03-11T10:24:36+00:00\",\"breadcrumb\":{\"@id\":\"https:\\\/\\\/balsamico.shop\\\/pl\\\/produkt\\\/abt-di-re-12-lat-cavalli\\\/#breadcrumb\"},\"inLanguage\":\"pl-PL\",\"potentialAction\":[{\"@type\":\"ReadAction\",\"target\":[\"https:\\\/\\\/balsamico.shop\\\/pl\\\/produkt\\\/abt-di-re-12-lat-cavalli\\\/\"]}]},{\"@type\":\"ImageObject\",\"inLanguage\":\"pl-PL\",\"@id\":\"https:\\\/\\\/balsamico.shop\\\/pl\\\/produkt\\\/abt-di-re-12-lat-cavalli\\\/#primaryimage\",\"url\":\"https:\\\/\\\/balsamico.shop\\\/pl\\\/wp-content\\\/uploads\\\/2016\\\/09\\\/aceto-balsamico-tradizionale-reggioemilia-argento-cavalli.jpg\",\"contentUrl\":\"https:\\\/\\\/balsamico.shop\\\/pl\\\/wp-content\\\/uploads\\\/2016\\\/09\\\/aceto-balsamico-tradizionale-reggioemilia-argento-cavalli.jpg\",\"width\":1600,\"height\":1872},{\"@type\":\"BreadcrumbList\",\"@id\":\"https:\\\/\\\/balsamico.shop\\\/pl\\\/produkt\\\/abt-di-re-12-lat-cavalli\\\/#breadcrumb\",\"itemListElement\":[{\"@type\":\"ListItem\",\"position\":1,\"name\":\"Home\",\"item\":\"https:\\\/\\\/balsamico.shop\\\/pl\\\/\"},{\"@type\":\"ListItem\",\"position\":2,\"name\":\"Ocet Balsamiczny &#8211; Sklep Internetowy\",\"item\":\"https:\\\/\\\/balsamico.shop\\\/pl\\\/shop\\\/\"},{\"@type\":\"ListItem\",\"position\":3,\"name\":\"Cavalli &#8211; Aceto Balsamico Tradizionale di Reggio Emilia &#8211; 12 lat &#8211; Srebrny\"}]},{\"@type\":\"WebSite\",\"@id\":\"https:\\\/\\\/balsamico.shop\\\/pl\\\/#website\",\"url\":\"https:\\\/\\\/balsamico.shop\\\/pl\\\/\",\"name\":\"Aceto Balsamico Shop - Polska\",\"description\":\"Ocet balsamiczny sklep internetowy\",\"potentialAction\":[{\"@type\":\"SearchAction\",\"target\":{\"@type\":\"EntryPoint\",\"urlTemplate\":\"https:\\\/\\\/balsamico.shop\\\/pl\\\/?s={search_term_string}\"},\"query-input\":{\"@type\":\"PropertyValueSpecification\",\"valueRequired\":true,\"valueName\":\"search_term_string\"}}],\"inLanguage\":\"pl-PL\"}]}<\/script>\n<!-- \/ Yoast SEO plugin. -->","yoast_head_json":{"title":"Cavalli - Aceto Balsamico Tradizionale di Reggio Emilia - 12 lat - Srebrny - Aceto Balsamico Shop - Polska","robots":{"index":"index","follow":"follow","max-snippet":"max-snippet:-1","max-image-preview":"max-image-preview:large","max-video-preview":"max-video-preview:-1"},"canonical":"https:\/\/balsamico.shop\/pl\/produkt\/abt-di-re-12-lat-cavalli\/","og_locale":"pl_PL","og_type":"article","og_title":"Cavalli - Aceto Balsamico Tradizionale di Reggio Emilia - 12 lat - Srebrny - Aceto Balsamico Shop - Polska","og_description":"Giovanni Cavalli z mi\u0142o\u015bci\u0105 produkuje swoje Aceto Balsamico Tradizionale di Reggio Emilia &#8211; Argento (srebro) w Scandiano, ma\u0142ym miasteczku w prowincji Reggio Emilia. Cavalli wykorzystuje tylko s\u0142odkie winogrona Trebbiano z regionu Reggio Emilia do swojej ABTE i zosta\u0142 zatwierdzony do komercjalizacji Aceto Balsamico Tradizionale di Reggio Emilia ponad 30 lat temu, co czyni go jednym z pierwszych w swoim regionie.\u00a0Serie sprzedawane tutaj by\u0142y przechowywane w pi\u0119ciu drewnianych beczkach w nast\u0119puj\u0105cej kolejno\u015bci: d\u0105b, kasztan, ja\u0142owiec, wi\u015bnia, morwa. G\u0119sto\u015b\u0107, kt\u00f3ra opisuje syropowat\u0105 w\u0142a\u015bciwo\u015b\u0107, wynosi od 1,33 do 1,34 w tym occie balsamicznym, kt\u00f3ry jest znacznie powy\u017cej minimalnego wymogu 1,2. Ta seria obejmuje tylko 551 butelek na ca\u0142ym \u015bwiecie. 12 lat i ju\u017c srebro? Pomimo przechowywania przez 12 lat, ten balsamiczny otrzymuje srebrn\u0105 &#8211; Argento piecz\u0119\u0107, poniewa\u017c niewielu wie, \u017ce piecz\u0119\u0107 jest przyznawana zgodnie ze specyfikacjami Ministerstwa pod wzgl\u0119dem liczby punkt\u00f3w jako\u015bci. Ocet ten osi\u0105ga wystarczaj\u0105c\u0105 liczb\u0119 punkt\u00f3w jako\u015bci ju\u017c po 12 latach, aby uzyska\u0107 srebrn\u0105 piecz\u0119\u0107. Zgodnie z Art. 6 Rozporz\u0105dzenia, punktacja musi osi\u0105gn\u0105\u0107 ponad 270 punkt\u00f3w &#8211; to kryterium jest osi\u0105gane przez t\u0119 seri\u0119 i dlatego s\u0142usznie nosi srebrn\u0105 piecz\u0119\u0107. Ka\u017cda butelka jest kontrolowana i certyfikowana przez Ministerstwo Rolnictwa, \u017bywno\u015bci i Le\u015bnictwa. Rozpoznajesz orygina\u0142 na piecz\u0119ci woskowej, kt\u00f3ra zosta\u0142a opatrzona literami: &#8222;DOP ABTRE&#8221;. Kszta\u0142t butelki, podobny do tulipana, jest przepisany na ten ocet balsamiczny. Butelka jest oznaczona piecz\u0119ci\u0105 D.O.P, a etykieta zawiera zdanie: &#8222;Certificato da organismo di controllo autorizzato dal Mipaaf&#8221; i potwierdza test akceptacji Ministerstwa. Mo\u017cliwo\u015b\u0107 \u015bledzenia tego produktu jest oznaczona numerem seryjnym z ty\u0142u produktu. Sk\u0142ad: 100% ugotowanego moszczu gronowego Uwaga: nie zawiera siarczyn\u00f3w &nbsp; &nbsp; &nbsp; Producent: Cavalli cav. Ferdinando srl Via del Cristo 6\/ab 42019 Scandiano Reggio Emilia W\u0142ochy","og_url":"https:\/\/balsamico.shop\/pl\/produkt\/abt-di-re-12-lat-cavalli\/","og_site_name":"Aceto Balsamico Shop - Polska","article_modified_time":"2026-03-11T10:24:36+00:00","og_image":[{"width":1600,"height":1872,"url":"https:\/\/balsamico.shop\/pl\/wp-content\/uploads\/2016\/09\/aceto-balsamico-tradizionale-reggioemilia-argento-cavalli.jpg","type":"image\/jpeg"}],"twitter_card":"summary_large_image","twitter_misc":{"Szacowany czas czytania":"2 minuty"},"schema":{"@context":"https:\/\/schema.org","@graph":[{"@type":"WebPage","@id":"https:\/\/balsamico.shop\/pl\/produkt\/abt-di-re-12-lat-cavalli\/","url":"https:\/\/balsamico.shop\/pl\/produkt\/abt-di-re-12-lat-cavalli\/","name":"Cavalli - Aceto Balsamico Tradizionale di Reggio Emilia - 12 lat - Srebrny - Aceto Balsamico Shop - Polska","isPartOf":{"@id":"https:\/\/balsamico.shop\/pl\/#website"},"primaryImageOfPage":{"@id":"https:\/\/balsamico.shop\/pl\/produkt\/abt-di-re-12-lat-cavalli\/#primaryimage"},"image":{"@id":"https:\/\/balsamico.shop\/pl\/produkt\/abt-di-re-12-lat-cavalli\/#primaryimage"},"thumbnailUrl":"https:\/\/balsamico.shop\/pl\/wp-content\/uploads\/2016\/09\/aceto-balsamico-tradizionale-reggioemilia-argento-cavalli.jpg","datePublished":"2016-09-22T11:53:17+00:00","dateModified":"2026-03-11T10:24:36+00:00","breadcrumb":{"@id":"https:\/\/balsamico.shop\/pl\/produkt\/abt-di-re-12-lat-cavalli\/#breadcrumb"},"inLanguage":"pl-PL","potentialAction":[{"@type":"ReadAction","target":["https:\/\/balsamico.shop\/pl\/produkt\/abt-di-re-12-lat-cavalli\/"]}]},{"@type":"ImageObject","inLanguage":"pl-PL","@id":"https:\/\/balsamico.shop\/pl\/produkt\/abt-di-re-12-lat-cavalli\/#primaryimage","url":"https:\/\/balsamico.shop\/pl\/wp-content\/uploads\/2016\/09\/aceto-balsamico-tradizionale-reggioemilia-argento-cavalli.jpg","contentUrl":"https:\/\/balsamico.shop\/pl\/wp-content\/uploads\/2016\/09\/aceto-balsamico-tradizionale-reggioemilia-argento-cavalli.jpg","width":1600,"height":1872},{"@type":"BreadcrumbList","@id":"https:\/\/balsamico.shop\/pl\/produkt\/abt-di-re-12-lat-cavalli\/#breadcrumb","itemListElement":[{"@type":"ListItem","position":1,"name":"Home","item":"https:\/\/balsamico.shop\/pl\/"},{"@type":"ListItem","position":2,"name":"Ocet Balsamiczny &#8211; Sklep Internetowy","item":"https:\/\/balsamico.shop\/pl\/shop\/"},{"@type":"ListItem","position":3,"name":"Cavalli &#8211; Aceto Balsamico Tradizionale di Reggio Emilia &#8211; 12 lat &#8211; Srebrny"}]},{"@type":"WebSite","@id":"https:\/\/balsamico.shop\/pl\/#website","url":"https:\/\/balsamico.shop\/pl\/","name":"Aceto Balsamico Shop - Polska","description":"Ocet balsamiczny sklep internetowy","potentialAction":[{"@type":"SearchAction","target":{"@type":"EntryPoint","urlTemplate":"https:\/\/balsamico.shop\/pl\/?s={search_term_string}"},"query-input":{"@type":"PropertyValueSpecification","valueRequired":true,"valueName":"search_term_string"}}],"inLanguage":"pl-PL"}]}},"_links":{"self":[{"href":"https:\/\/balsamico.shop\/pl\/wp-json\/wp\/v2\/product\/1372","targetHints":{"allow":["GET"]}}],"collection":[{"href":"https:\/\/balsamico.shop\/pl\/wp-json\/wp\/v2\/product"}],"about":[{"href":"https:\/\/balsamico.shop\/pl\/wp-json\/wp\/v2\/types\/product"}],"wp:featuredmedia":[{"embeddable":true,"href":"https:\/\/balsamico.shop\/pl\/wp-json\/wp\/v2\/media\/2206"}],"wp:attachment":[{"href":"https:\/\/balsamico.shop\/pl\/wp-json\/wp\/v2\/media?parent=1372"}],"wp:term":[{"taxonomy":"product_brand","embeddable":true,"href":"https:\/\/balsamico.shop\/pl\/wp-json\/wp\/v2\/product_brand?post=1372"},{"taxonomy":"product_cat","embeddable":true,"href":"https:\/\/balsamico.shop\/pl\/wp-json\/wp\/v2\/product_cat?post=1372"},{"taxonomy":"product_tag","embeddable":true,"href":"https:\/\/balsamico.shop\/pl\/wp-json\/wp\/v2\/product_tag?post=1372"}],"curies":[{"name":"wp","href":"https:\/\/api.w.org\/{rel}","templated":true}]}}