{"id":21,"date":"2016-03-28T23:23:26","date_gmt":"2016-03-28T21:23:26","guid":{"rendered":"http:\/\/de.aceto-balsamico-tradizionale.com\/?page_id=21"},"modified":"2023-11-13T12:23:19","modified_gmt":"2023-11-13T11:23:19","slug":"koszt-i-czas-dostawy","status":"publish","type":"page","link":"https:\/\/balsamico.shop\/pl\/koszt-i-czas-dostawy\/","title":{"rendered":"Koszt i czas dostawy"},"content":{"rendered":"<p>Koszty wysy\u0142ki s\u0105 w krajach <strong>Polska, Niemczech i Austrii<\/strong> wynosi <strong>29,00 z\u0142<\/strong> za. Wysy\u0142ka do maksymalnie 5 kg.<\/p>\n<p><strong>Dla zam\u00f3wie\u0144 powy\u017cej 450, &#8211; z\u0142, dostawy do Polski, Niemiec i Austrii s\u0105 bezp\u0142atne!<\/strong><\/p>\n<p>Czas dostawy wynosi od 3 do 5 dni roboczych. Wysy\u0142amy wszystkie paczki z <strong>UPS<\/strong>.<\/p>\n<p>Obecnie dostarczamy tylko adresy pocztowe w nast\u0119puj\u0105cych krajach: Polska, Niemcy, Austria, Francja, Finlandia, Czechy, Dania, Szwecja, Belgia, Cypr (Republika Cypryjska &#8211; Non North), S\u0142owacja, S\u0142owenia, Luksemburg, Hiszpania, Zjednoczone Kr\u00f3lestwo (Zjednoczone Kr\u00f3lestwo) z wyj\u0105tkiem wysp, Chorwacji, Litwy, \u0141otwy, Estonii, Grecji, W\u0119gier i Niderland\u00f3w.<\/p>\n<p>Wysy\u0142ka do Francji, Finlandii, Czech, Szwecji, Belgii, Cypru (Republika Cypryjska &#8211; Non North), S\u0142owacji, S\u0142owenii, Luksemburga, Hiszpanii, Mainland, Wielkiej Brytanii (UK) z wyj\u0105tkiem wysp, Chorwacji, Litwy, \u0141otwy, Estonia, Grecja, W\u0119gry i Holandia kosztuj\u0105 sta\u0142\u0105 stawk\u0119 w wysoko\u015bci 46,00 z\u0142.<\/p>\n","protected":false},"excerpt":{"rendered":"<p>Koszty wysy\u0142ki s\u0105 w krajach Polska, Niemczech i Austrii wynosi 29,00 z\u0142 za. Wysy\u0142ka do maksymalnie 5 kg. Dla zam\u00f3wie\u0144 powy\u017cej 450, &#8211; z\u0142, dostawy do Polski, Niemiec i Austrii s\u0105 bezp\u0142atne! Czas dostawy wynosi od 3 do 5 dni roboczych. Wysy\u0142amy wszystkie paczki z UPS. Obecnie dostarczamy tylko adresy pocztowe w nast\u0119puj\u0105cych krajach: Polska, Niemcy, Austria, Francja, Finlandia, Czechy, Dania, Szwecja, Belgia, Cypr (Republika Cypryjska &#8211; Non North), S\u0142owacja, S\u0142owenia, Luksemburg, Hiszpania, Zjednoczone Kr\u00f3lestwo (Zjednoczone Kr\u00f3lestwo) z wyj\u0105tkiem wysp, Chorwacji, Litwy, \u0141otwy, Estonii, Grecji, W\u0119gier i Niderland\u00f3w. Wysy\u0142ka do Francji, Finlandii, Czech, Szwecji, Belgii, Cypru (Republika Cypryjska &#8211; Non North), S\u0142owacji, S\u0142owenii, Luksemburga, Hiszpanii, Mainland, Wielkiej Brytanii (UK) z wyj\u0105tkiem wysp, Chorwacji, Litwy, \u0141otwy, Estonia, Grecja, W\u0119gry i Holandia kosztuj\u0105 sta\u0142\u0105 stawk\u0119 w wysoko\u015bci 46,00 z\u0142.<\/p>\n","protected":false},"author":1,"featured_media":0,"parent":0,"menu_order":0,"comment_status":"closed","ping_status":"closed","template":"","meta":{"footnotes":""},"class_list":["post-21","page","type-page","status-publish","hentry"],"yoast_head":"<!-- This site is optimized with the Yoast SEO plugin v27.5 - https:\/\/yoast.com\/product\/yoast-seo-wordpress\/ -->\n<title>Koszt i czas dostawy - Aceto Balsamico Shop - Polska<\/title>\n<meta name=\"robots\" content=\"index, follow, max-snippet:-1, max-image-preview:large, max-video-preview:-1\" \/>\n<link rel=\"canonical\" href=\"https:\/\/balsamico.shop\/pl\/koszt-i-czas-dostawy\/\" \/>\n<meta property=\"og:locale\" content=\"pl_PL\" \/>\n<meta property=\"og:type\" content=\"article\" \/>\n<meta property=\"og:title\" content=\"Koszt i czas dostawy - Aceto Balsamico Shop - Polska\" \/>\n<meta property=\"og:description\" content=\"Koszty wysy\u0142ki s\u0105 w krajach Polska, Niemczech i Austrii wynosi 29,00 z\u0142 za. Wysy\u0142ka do maksymalnie 5 kg. Dla zam\u00f3wie\u0144 powy\u017cej 450, &#8211; z\u0142, dostawy do Polski, Niemiec i Austrii s\u0105 bezp\u0142atne! Czas dostawy wynosi od 3 do 5 dni roboczych. Wysy\u0142amy wszystkie paczki z UPS. Obecnie dostarczamy tylko adresy pocztowe w nast\u0119puj\u0105cych krajach: Polska, Niemcy, Austria, Francja, Finlandia, Czechy, Dania, Szwecja, Belgia, Cypr (Republika Cypryjska &#8211; Non North), S\u0142owacja, S\u0142owenia, Luksemburg, Hiszpania, Zjednoczone Kr\u00f3lestwo (Zjednoczone Kr\u00f3lestwo) z wyj\u0105tkiem wysp, Chorwacji, Litwy, \u0141otwy, Estonii, Grecji, W\u0119gier i Niderland\u00f3w. Wysy\u0142ka do Francji, Finlandii, Czech, Szwecji, Belgii, Cypru (Republika Cypryjska &#8211; Non North), S\u0142owacji, S\u0142owenii, Luksemburga, Hiszpanii, Mainland, Wielkiej Brytanii (UK) z wyj\u0105tkiem wysp, Chorwacji, Litwy, \u0141otwy, Estonia, Grecja, W\u0119gry i Holandia kosztuj\u0105 sta\u0142\u0105 stawk\u0119 w wysoko\u015bci 46,00 z\u0142.\" \/>\n<meta property=\"og:url\" content=\"https:\/\/balsamico.shop\/pl\/koszt-i-czas-dostawy\/\" \/>\n<meta property=\"og:site_name\" content=\"Aceto Balsamico Shop - Polska\" \/>\n<meta property=\"article:modified_time\" content=\"2023-11-13T11:23:19+00:00\" \/>\n<meta name=\"twitter:card\" content=\"summary_large_image\" \/>\n<meta name=\"twitter:label1\" content=\"Szacowany czas czytania\" \/>\n\t<meta name=\"twitter:data1\" content=\"1 minuta\" \/>\n<script type=\"application\/ld+json\" class=\"yoast-schema-graph\">{\"@context\":\"https:\\\/\\\/schema.org\",\"@graph\":[{\"@type\":\"WebPage\",\"@id\":\"https:\\\/\\\/balsamico.shop\\\/pl\\\/koszt-i-czas-dostawy\\\/\",\"url\":\"https:\\\/\\\/balsamico.shop\\\/pl\\\/koszt-i-czas-dostawy\\\/\",\"name\":\"Koszt i czas dostawy - Aceto Balsamico Shop - Polska\",\"isPartOf\":{\"@id\":\"https:\\\/\\\/balsamico.shop\\\/pl\\\/#website\"},\"datePublished\":\"2016-03-28T21:23:26+00:00\",\"dateModified\":\"2023-11-13T11:23:19+00:00\",\"breadcrumb\":{\"@id\":\"https:\\\/\\\/balsamico.shop\\\/pl\\\/koszt-i-czas-dostawy\\\/#breadcrumb\"},\"inLanguage\":\"pl-PL\",\"potentialAction\":[{\"@type\":\"ReadAction\",\"target\":[\"https:\\\/\\\/balsamico.shop\\\/pl\\\/koszt-i-czas-dostawy\\\/\"]}]},{\"@type\":\"BreadcrumbList\",\"@id\":\"https:\\\/\\\/balsamico.shop\\\/pl\\\/koszt-i-czas-dostawy\\\/#breadcrumb\",\"itemListElement\":[{\"@type\":\"ListItem\",\"position\":1,\"name\":\"Home\",\"item\":\"https:\\\/\\\/balsamico.shop\\\/pl\\\/\"},{\"@type\":\"ListItem\",\"position\":2,\"name\":\"Koszt i czas dostawy\"}]},{\"@type\":\"WebSite\",\"@id\":\"https:\\\/\\\/balsamico.shop\\\/pl\\\/#website\",\"url\":\"https:\\\/\\\/balsamico.shop\\\/pl\\\/\",\"name\":\"Aceto Balsamico Shop - Polska\",\"description\":\"Ocet balsamiczny sklep internetowy\",\"potentialAction\":[{\"@type\":\"SearchAction\",\"target\":{\"@type\":\"EntryPoint\",\"urlTemplate\":\"https:\\\/\\\/balsamico.shop\\\/pl\\\/?s={search_term_string}\"},\"query-input\":{\"@type\":\"PropertyValueSpecification\",\"valueRequired\":true,\"valueName\":\"search_term_string\"}}],\"inLanguage\":\"pl-PL\"}]}<\/script>\n<!-- \/ Yoast SEO plugin. -->","yoast_head_json":{"title":"Koszt i czas dostawy - Aceto Balsamico Shop - Polska","robots":{"index":"index","follow":"follow","max-snippet":"max-snippet:-1","max-image-preview":"max-image-preview:large","max-video-preview":"max-video-preview:-1"},"canonical":"https:\/\/balsamico.shop\/pl\/koszt-i-czas-dostawy\/","og_locale":"pl_PL","og_type":"article","og_title":"Koszt i czas dostawy - Aceto Balsamico Shop - Polska","og_description":"Koszty wysy\u0142ki s\u0105 w krajach Polska, Niemczech i Austrii wynosi 29,00 z\u0142 za. Wysy\u0142ka do maksymalnie 5 kg. Dla zam\u00f3wie\u0144 powy\u017cej 450, &#8211; z\u0142, dostawy do Polski, Niemiec i Austrii s\u0105 bezp\u0142atne! Czas dostawy wynosi od 3 do 5 dni roboczych. Wysy\u0142amy wszystkie paczki z UPS. Obecnie dostarczamy tylko adresy pocztowe w nast\u0119puj\u0105cych krajach: Polska, Niemcy, Austria, Francja, Finlandia, Czechy, Dania, Szwecja, Belgia, Cypr (Republika Cypryjska &#8211; Non North), S\u0142owacja, S\u0142owenia, Luksemburg, Hiszpania, Zjednoczone Kr\u00f3lestwo (Zjednoczone Kr\u00f3lestwo) z wyj\u0105tkiem wysp, Chorwacji, Litwy, \u0141otwy, Estonii, Grecji, W\u0119gier i Niderland\u00f3w. Wysy\u0142ka do Francji, Finlandii, Czech, Szwecji, Belgii, Cypru (Republika Cypryjska &#8211; Non North), S\u0142owacji, S\u0142owenii, Luksemburga, Hiszpanii, Mainland, Wielkiej Brytanii (UK) z wyj\u0105tkiem wysp, Chorwacji, Litwy, \u0141otwy, Estonia, Grecja, W\u0119gry i Holandia kosztuj\u0105 sta\u0142\u0105 stawk\u0119 w wysoko\u015bci 46,00 z\u0142.","og_url":"https:\/\/balsamico.shop\/pl\/koszt-i-czas-dostawy\/","og_site_name":"Aceto Balsamico Shop - Polska","article_modified_time":"2023-11-13T11:23:19+00:00","twitter_card":"summary_large_image","twitter_misc":{"Szacowany czas czytania":"1 minuta"},"schema":{"@context":"https:\/\/schema.org","@graph":[{"@type":"WebPage","@id":"https:\/\/balsamico.shop\/pl\/koszt-i-czas-dostawy\/","url":"https:\/\/balsamico.shop\/pl\/koszt-i-czas-dostawy\/","name":"Koszt i czas dostawy - Aceto Balsamico Shop - Polska","isPartOf":{"@id":"https:\/\/balsamico.shop\/pl\/#website"},"datePublished":"2016-03-28T21:23:26+00:00","dateModified":"2023-11-13T11:23:19+00:00","breadcrumb":{"@id":"https:\/\/balsamico.shop\/pl\/koszt-i-czas-dostawy\/#breadcrumb"},"inLanguage":"pl-PL","potentialAction":[{"@type":"ReadAction","target":["https:\/\/balsamico.shop\/pl\/koszt-i-czas-dostawy\/"]}]},{"@type":"BreadcrumbList","@id":"https:\/\/balsamico.shop\/pl\/koszt-i-czas-dostawy\/#breadcrumb","itemListElement":[{"@type":"ListItem","position":1,"name":"Home","item":"https:\/\/balsamico.shop\/pl\/"},{"@type":"ListItem","position":2,"name":"Koszt i czas dostawy"}]},{"@type":"WebSite","@id":"https:\/\/balsamico.shop\/pl\/#website","url":"https:\/\/balsamico.shop\/pl\/","name":"Aceto Balsamico Shop - Polska","description":"Ocet balsamiczny sklep internetowy","potentialAction":[{"@type":"SearchAction","target":{"@type":"EntryPoint","urlTemplate":"https:\/\/balsamico.shop\/pl\/?s={search_term_string}"},"query-input":{"@type":"PropertyValueSpecification","valueRequired":true,"valueName":"search_term_string"}}],"inLanguage":"pl-PL"}]}},"_links":{"self":[{"href":"https:\/\/balsamico.shop\/pl\/wp-json\/wp\/v2\/pages\/21","targetHints":{"allow":["GET"]}}],"collection":[{"href":"https:\/\/balsamico.shop\/pl\/wp-json\/wp\/v2\/pages"}],"about":[{"href":"https:\/\/balsamico.shop\/pl\/wp-json\/wp\/v2\/types\/page"}],"author":[{"embeddable":true,"href":"https:\/\/balsamico.shop\/pl\/wp-json\/wp\/v2\/users\/1"}],"replies":[{"embeddable":true,"href":"https:\/\/balsamico.shop\/pl\/wp-json\/wp\/v2\/comments?post=21"}],"version-history":[{"count":11,"href":"https:\/\/balsamico.shop\/pl\/wp-json\/wp\/v2\/pages\/21\/revisions"}],"predecessor-version":[{"id":2301,"href":"https:\/\/balsamico.shop\/pl\/wp-json\/wp\/v2\/pages\/21\/revisions\/2301"}],"wp:attachment":[{"href":"https:\/\/balsamico.shop\/pl\/wp-json\/wp\/v2\/media?parent=21"}],"curies":[{"name":"wp","href":"https:\/\/api.w.org\/{rel}","templated":true}]}}