{"id":17,"date":"2016-03-28T23:07:51","date_gmt":"2016-03-28T21:07:51","guid":{"rendered":"http:\/\/de.aceto-balsamico-tradizionale.com\/?page_id=17"},"modified":"2021-01-01T01:36:22","modified_gmt":"2021-01-01T00:36:22","slug":"zwrot-i-wymiana","status":"publish","type":"page","link":"https:\/\/balsamico.shop\/pl\/zwrot-i-wymiana\/","title":{"rendered":"Zwrot i wymiana"},"content":{"rendered":"<p><strong>Zwrot i wymiana<\/strong><\/p>\n<p>Masz prawo odst\u0105pi\u0107 od tej umowy w ci\u0105gu czternastu dni bez podawania przyczyny.<\/p>\n<p>Okres odst\u0105pienia wynosi czterna\u015bcie dni od dnia, w kt\u00f3rym u\u017cytkownik lub osoba trzecia wskazana przez niego, kt\u00f3ra nie jest przewo\u017anikiem, przej\u0119\u0142a posiadanie ostatnich towar\u00f3w.<\/p>\n<p>Aby skorzysta\u0107 z prawa do odwo\u0142ania, musisz nas poinformowa\u0107 (Bernardo Tesori &#8211; Acoonia GmbH, Brabandtstrasse 8, 38100 Braunschweig Email: shop@balsamico.shop, \u2706 +49 5041 \/ 9472970) za pomoc\u0105 wyra\u017anego o\u015bwiadczenia (np. Listu lub e-maila wys\u0142anego poczt\u0105) Twojej decyzji, odwo\u0142a\u0107 t\u0119 umow\u0119. Mo\u017cesz skorzysta\u0107 z do\u0142\u0105czonego modelu formularza wyp\u0142aty, kt\u00f3ry nie jest wymagany.<\/p>\n<p>W celu zachowania okresu odst\u0105pienia wystarczy wys\u0142a\u0107 powiadomienie o skorzystaniu z prawa do odst\u0105pienia od umowy przed up\u0142ywem okresu odst\u0105pienia.<\/p>\n<p><strong>Konsekwencje anulowania<br \/>\n<\/strong><br \/>\nJe\u015bli anulujesz niniejsz\u0105 Umow\u0119, otrzymasz wszystkie otrzymane od Ciebie p\u0142atno\u015bci, w tym koszty dostawy (z wyj\u0105tkiem dodatkowych koszt\u00f3w wynikaj\u0105cych z wyboru innej metody dostawy ni\u017c najta\u0144sza standardowa dostawa, kt\u00f3r\u0105 oferujemy ), niezw\u0142ocznie i nie p\u00f3\u017aniej ni\u017c w ci\u0105gu czternastu dni od daty otrzymania przez nas powiadomienia o odwo\u0142aniu niniejszej umowy. W przypadku tej sp\u0142aty, z wyj\u0105tkiem p\u0142atno\u015bci w kryptowalutach, u\u017cywamy tej samej formy p\u0142atno\u015bci, kt\u00f3ra zosta\u0142a u\u017cyta w pierwotnej transakcji, chyba \u017ce uzgodniono inaczej z Tob\u0105; W \u017cadnym wypadku nie zostaniesz obci\u0105\u017cony op\u0142atami za sp\u0142at\u0119. Sp\u0142ata jest w euro. W przypadku zwrotu pieni\u0119dzy i metody p\u0142atno\u015bci &#8222;kryptowaluta&#8221; cena sprzeda\u017cy towar\u00f3w wa\u017cna w momencie sprzeda\u017cy zostanie zwr\u00f3cona w euro. Mo\u017cemy odm\u00f3wi\u0107 sp\u0142aty, dop\u00f3ki nie otrzymamy zwrotu lub dop\u00f3ki nie przedstawisz dowodu zwrotu towar\u00f3w, w zale\u017cno\u015bci od tego, co nast\u0105pi wcze\u015bniej.<\/p>\n<p>Musisz odes\u0142a\u0107 nam towar niezw\u0142ocznie, aw ka\u017cdym razie nie p\u00f3\u017aniej ni\u017c czterna\u015bcie dni od daty, w kt\u00f3rej poinformujesz nas o anulowaniu niniejszej umowy. Termin jest zachowany, je\u015bli przesy\u0142asz towar przed up\u0142ywem czternastu dni.<\/p>\n<p>Ponosisz bezpo\u015brednie koszty zwrotu towar\u00f3w.<\/p>\n<p>Trzeba tylko zap\u0142aci\u0107 za ewentualn\u0105 utrat\u0119 warto\u015bci towar\u00f3w, je\u017celi utrata warto\u015bci wynika z obchodzenia si\u0119, kt\u00f3re nie jest konieczne do zbadania charakteru, cech i funkcjonowania towar\u00f3w.<\/p>\n<p>Informacje og\u00f3lne<\/p>\n<p>1) Nale\u017cy unika\u0107 uszkodze\u0144 i zanieczyszczenia towar\u00f3w. Je\u015bli to mo\u017cliwe, ode\u015blij towar do nas w oryginalnym opakowaniu ze wszystkimi akcesoriami i wszystkimi elementami opakowania. W razie potrzeby u\u017cyj zewn\u0119trznego opakowania ochronnego. Je\u015bli nie masz ju\u017c oryginalnego opakowania, podaj odpowiednie opakowanie, kt\u00f3re zapewni wystarczaj\u0105c\u0105 ochron\u0119 przed uszkodzeniem podczas transportu.<\/p>\n<p>Koniec zasad anulowania<\/p>\n<p>Acoonia GmbH<br \/>\nBrabandtstrasse 8<br \/>\n38100 Braunschweig, Germany<br \/>\nDeutschland<br \/>\nshop@balsamico.shop<\/p>\n<p><strong>Wz\u00f3r formularza odst\u0105pienia<\/strong><\/p>\n<p>Je\u015bli chcesz anulowa\u0107 umow\u0119, wype\u0142nij ten formularz i ode\u015blij go.<\/p>\n<p>&#8211; Do [Bernardo Tesori &#8211; Acoonia GmbH, Brabandtstrasse 8, 38100 Braunschweig, Germany Email: shop@balsamico.shop]:<\/p>\n<p>&#8211; Ja \/ my (*) niniejszym anulujemy umow\u0119 zawart\u0105 przeze mnie \/ nas (*) na zakup nast\u0119puj\u0105cych towar\u00f3w (*) \/ \u015bwiadczenie nast\u0119puj\u0105cych us\u0142ug (*)<\/p>\n<p>-Posted on (*) \/ otrzyma\u0142 na (*)<\/p>\n<p>-name konsumenta (\u00f3w)<\/p>\n<p>Adres konsumenta (\u00f3w)<\/p>\n<p>&#8211; Podpis konsumenta (wy\u0142\u0105cznie w przypadku powiadomienia na papierze)<\/p>\n<p>&#8211; data<br \/>\n_______________<br \/>\n(*) Usu\u0144 odpowiednio.<\/p>\n","protected":false},"excerpt":{"rendered":"<p>Zwrot i wymiana Masz prawo odst\u0105pi\u0107 od tej umowy w ci\u0105gu czternastu dni bez podawania przyczyny. Okres odst\u0105pienia wynosi czterna\u015bcie dni od dnia, w kt\u00f3rym u\u017cytkownik lub osoba trzecia wskazana przez niego, kt\u00f3ra nie jest przewo\u017anikiem, przej\u0119\u0142a posiadanie ostatnich towar\u00f3w. Aby skorzysta\u0107 z prawa do odwo\u0142ania, musisz nas poinformowa\u0107 (Bernardo Tesori &#8211; Acoonia GmbH, Brabandtstrasse 8, 38100 Braunschweig Email: shop@balsamico.shop, \u2706 +49 5041 \/ 9472970) za pomoc\u0105 wyra\u017anego o\u015bwiadczenia (np. Listu lub e-maila wys\u0142anego poczt\u0105) Twojej decyzji, odwo\u0142a\u0107 t\u0119 umow\u0119. Mo\u017cesz skorzysta\u0107 z do\u0142\u0105czonego modelu formularza wyp\u0142aty, kt\u00f3ry nie jest wymagany. W celu zachowania okresu odst\u0105pienia wystarczy wys\u0142a\u0107 powiadomienie o skorzystaniu z prawa do odst\u0105pienia od umowy przed up\u0142ywem okresu odst\u0105pienia. Konsekwencje anulowania Je\u015bli anulujesz niniejsz\u0105 Umow\u0119, otrzymasz wszystkie otrzymane od Ciebie p\u0142atno\u015bci, w tym koszty dostawy (z wyj\u0105tkiem dodatkowych koszt\u00f3w wynikaj\u0105cych z wyboru innej metody dostawy ni\u017c najta\u0144sza standardowa dostawa, kt\u00f3r\u0105 oferujemy ), niezw\u0142ocznie i nie p\u00f3\u017aniej ni\u017c w ci\u0105gu czternastu dni od daty otrzymania przez nas powiadomienia o odwo\u0142aniu niniejszej umowy. W przypadku tej sp\u0142aty, z wyj\u0105tkiem p\u0142atno\u015bci w kryptowalutach, u\u017cywamy tej samej formy p\u0142atno\u015bci, kt\u00f3ra zosta\u0142a u\u017cyta w pierwotnej transakcji, chyba \u017ce uzgodniono inaczej z Tob\u0105; W \u017cadnym wypadku nie zostaniesz obci\u0105\u017cony op\u0142atami za sp\u0142at\u0119. Sp\u0142ata jest w euro. W przypadku zwrotu pieni\u0119dzy i metody p\u0142atno\u015bci &#8222;kryptowaluta&#8221; cena sprzeda\u017cy towar\u00f3w wa\u017cna w momencie sprzeda\u017cy zostanie zwr\u00f3cona w euro. Mo\u017cemy odm\u00f3wi\u0107 sp\u0142aty, dop\u00f3ki nie otrzymamy zwrotu lub dop\u00f3ki nie przedstawisz dowodu zwrotu towar\u00f3w, w zale\u017cno\u015bci od tego, co nast\u0105pi wcze\u015bniej. Musisz odes\u0142a\u0107 nam towar niezw\u0142ocznie, aw ka\u017cdym razie nie p\u00f3\u017aniej ni\u017c czterna\u015bcie dni od daty, w kt\u00f3rej poinformujesz nas o anulowaniu niniejszej umowy. Termin jest zachowany, je\u015bli przesy\u0142asz towar przed up\u0142ywem czternastu dni. Ponosisz bezpo\u015brednie koszty zwrotu towar\u00f3w. Trzeba tylko zap\u0142aci\u0107 za ewentualn\u0105 utrat\u0119 warto\u015bci towar\u00f3w, je\u017celi utrata warto\u015bci wynika z obchodzenia si\u0119, kt\u00f3re nie jest konieczne do zbadania charakteru, cech i funkcjonowania towar\u00f3w. Informacje og\u00f3lne 1) Nale\u017cy unika\u0107 uszkodze\u0144 i zanieczyszczenia towar\u00f3w. Je\u015bli to mo\u017cliwe, ode\u015blij towar do nas w oryginalnym opakowaniu ze wszystkimi akcesoriami i wszystkimi elementami opakowania. W razie potrzeby u\u017cyj zewn\u0119trznego opakowania ochronnego. Je\u015bli nie masz ju\u017c oryginalnego opakowania, podaj odpowiednie opakowanie, kt\u00f3re zapewni wystarczaj\u0105c\u0105 ochron\u0119 przed uszkodzeniem podczas transportu. Koniec zasad anulowania Acoonia GmbH Brabandtstrasse 8 38100 Braunschweig, Germany Deutschland shop@balsamico.shop Wz\u00f3r formularza odst\u0105pienia Je\u015bli chcesz anulowa\u0107 umow\u0119, wype\u0142nij ten formularz i ode\u015blij go. &#8211; Do [Bernardo Tesori &#8211; Acoonia GmbH, Brabandtstrasse 8, 38100 Braunschweig, Germany Email: shop@balsamico.shop]: &#8211; Ja \/ my (*) niniejszym anulujemy umow\u0119 zawart\u0105 przeze mnie \/ nas (*) na zakup nast\u0119puj\u0105cych towar\u00f3w (*) \/ \u015bwiadczenie nast\u0119puj\u0105cych us\u0142ug (*) -Posted on (*) \/ otrzyma\u0142 na (*) -name konsumenta (\u00f3w) Adres konsumenta (\u00f3w) &#8211; Podpis konsumenta (wy\u0142\u0105cznie w przypadku powiadomienia na papierze) &#8211; data _______________ (*) Usu\u0144 odpowiednio.<\/p>\n","protected":false},"author":1,"featured_media":0,"parent":0,"menu_order":0,"comment_status":"closed","ping_status":"closed","template":"","meta":{"footnotes":""},"class_list":["post-17","page","type-page","status-publish","hentry"],"yoast_head":"<!-- This site is optimized with the Yoast SEO plugin v27.3 - https:\/\/yoast.com\/product\/yoast-seo-wordpress\/ -->\n<title>Zwrot i wymiana - Aceto Balsamico Shop - Polska<\/title>\n<meta name=\"robots\" content=\"index, follow, max-snippet:-1, max-image-preview:large, max-video-preview:-1\" \/>\n<link rel=\"canonical\" href=\"https:\/\/balsamico.shop\/pl\/zwrot-i-wymiana\/\" \/>\n<meta property=\"og:locale\" content=\"pl_PL\" \/>\n<meta property=\"og:type\" content=\"article\" \/>\n<meta property=\"og:title\" content=\"Zwrot i wymiana - Aceto Balsamico Shop - Polska\" \/>\n<meta property=\"og:description\" content=\"Zwrot i wymiana Masz prawo odst\u0105pi\u0107 od tej umowy w ci\u0105gu czternastu dni bez podawania przyczyny. Okres odst\u0105pienia wynosi czterna\u015bcie dni od dnia, w kt\u00f3rym u\u017cytkownik lub osoba trzecia wskazana przez niego, kt\u00f3ra nie jest przewo\u017anikiem, przej\u0119\u0142a posiadanie ostatnich towar\u00f3w. Aby skorzysta\u0107 z prawa do odwo\u0142ania, musisz nas poinformowa\u0107 (Bernardo Tesori &#8211; Acoonia GmbH, Brabandtstrasse 8, 38100 Braunschweig Email: shop@balsamico.shop, \u2706 +49 5041 \/ 9472970) za pomoc\u0105 wyra\u017anego o\u015bwiadczenia (np. Listu lub e-maila wys\u0142anego poczt\u0105) Twojej decyzji, odwo\u0142a\u0107 t\u0119 umow\u0119. Mo\u017cesz skorzysta\u0107 z do\u0142\u0105czonego modelu formularza wyp\u0142aty, kt\u00f3ry nie jest wymagany. W celu zachowania okresu odst\u0105pienia wystarczy wys\u0142a\u0107 powiadomienie o skorzystaniu z prawa do odst\u0105pienia od umowy przed up\u0142ywem okresu odst\u0105pienia. Konsekwencje anulowania Je\u015bli anulujesz niniejsz\u0105 Umow\u0119, otrzymasz wszystkie otrzymane od Ciebie p\u0142atno\u015bci, w tym koszty dostawy (z wyj\u0105tkiem dodatkowych koszt\u00f3w wynikaj\u0105cych z wyboru innej metody dostawy ni\u017c najta\u0144sza standardowa dostawa, kt\u00f3r\u0105 oferujemy ), niezw\u0142ocznie i nie p\u00f3\u017aniej ni\u017c w ci\u0105gu czternastu dni od daty otrzymania przez nas powiadomienia o odwo\u0142aniu niniejszej umowy. W przypadku tej sp\u0142aty, z wyj\u0105tkiem p\u0142atno\u015bci w kryptowalutach, u\u017cywamy tej samej formy p\u0142atno\u015bci, kt\u00f3ra zosta\u0142a u\u017cyta w pierwotnej transakcji, chyba \u017ce uzgodniono inaczej z Tob\u0105; W \u017cadnym wypadku nie zostaniesz obci\u0105\u017cony op\u0142atami za sp\u0142at\u0119. Sp\u0142ata jest w euro. W przypadku zwrotu pieni\u0119dzy i metody p\u0142atno\u015bci &#8222;kryptowaluta&#8221; cena sprzeda\u017cy towar\u00f3w wa\u017cna w momencie sprzeda\u017cy zostanie zwr\u00f3cona w euro. Mo\u017cemy odm\u00f3wi\u0107 sp\u0142aty, dop\u00f3ki nie otrzymamy zwrotu lub dop\u00f3ki nie przedstawisz dowodu zwrotu towar\u00f3w, w zale\u017cno\u015bci od tego, co nast\u0105pi wcze\u015bniej. Musisz odes\u0142a\u0107 nam towar niezw\u0142ocznie, aw ka\u017cdym razie nie p\u00f3\u017aniej ni\u017c czterna\u015bcie dni od daty, w kt\u00f3rej poinformujesz nas o anulowaniu niniejszej umowy. Termin jest zachowany, je\u015bli przesy\u0142asz towar przed up\u0142ywem czternastu dni. Ponosisz bezpo\u015brednie koszty zwrotu towar\u00f3w. Trzeba tylko zap\u0142aci\u0107 za ewentualn\u0105 utrat\u0119 warto\u015bci towar\u00f3w, je\u017celi utrata warto\u015bci wynika z obchodzenia si\u0119, kt\u00f3re nie jest konieczne do zbadania charakteru, cech i funkcjonowania towar\u00f3w. Informacje og\u00f3lne 1) Nale\u017cy unika\u0107 uszkodze\u0144 i zanieczyszczenia towar\u00f3w. Je\u015bli to mo\u017cliwe, ode\u015blij towar do nas w oryginalnym opakowaniu ze wszystkimi akcesoriami i wszystkimi elementami opakowania. W razie potrzeby u\u017cyj zewn\u0119trznego opakowania ochronnego. Je\u015bli nie masz ju\u017c oryginalnego opakowania, podaj odpowiednie opakowanie, kt\u00f3re zapewni wystarczaj\u0105c\u0105 ochron\u0119 przed uszkodzeniem podczas transportu. Koniec zasad anulowania Acoonia GmbH Brabandtstrasse 8 38100 Braunschweig, Germany Deutschland shop@balsamico.shop Wz\u00f3r formularza odst\u0105pienia Je\u015bli chcesz anulowa\u0107 umow\u0119, wype\u0142nij ten formularz i ode\u015blij go. &#8211; Do [Bernardo Tesori &#8211; Acoonia GmbH, Brabandtstrasse 8, 38100 Braunschweig, Germany Email: shop@balsamico.shop]: &#8211; Ja \/ my (*) niniejszym anulujemy umow\u0119 zawart\u0105 przeze mnie \/ nas (*) na zakup nast\u0119puj\u0105cych towar\u00f3w (*) \/ \u015bwiadczenie nast\u0119puj\u0105cych us\u0142ug (*) -Posted on (*) \/ otrzyma\u0142 na (*) -name konsumenta (\u00f3w) Adres konsumenta (\u00f3w) &#8211; Podpis konsumenta (wy\u0142\u0105cznie w przypadku powiadomienia na papierze) &#8211; data _______________ (*) Usu\u0144 odpowiednio.\" \/>\n<meta property=\"og:url\" content=\"https:\/\/balsamico.shop\/pl\/zwrot-i-wymiana\/\" \/>\n<meta property=\"og:site_name\" content=\"Aceto Balsamico Shop - Polska\" \/>\n<meta property=\"article:modified_time\" content=\"2021-01-01T00:36:22+00:00\" \/>\n<meta name=\"twitter:card\" content=\"summary_large_image\" \/>\n<meta name=\"twitter:label1\" content=\"Szacowany czas czytania\" \/>\n\t<meta name=\"twitter:data1\" content=\"3 minuty\" \/>\n<script type=\"application\/ld+json\" class=\"yoast-schema-graph\">{\"@context\":\"https:\\\/\\\/schema.org\",\"@graph\":[{\"@type\":\"WebPage\",\"@id\":\"https:\\\/\\\/balsamico.shop\\\/pl\\\/zwrot-i-wymiana\\\/\",\"url\":\"https:\\\/\\\/balsamico.shop\\\/pl\\\/zwrot-i-wymiana\\\/\",\"name\":\"Zwrot i wymiana - Aceto Balsamico Shop - Polska\",\"isPartOf\":{\"@id\":\"https:\\\/\\\/balsamico.shop\\\/pl\\\/#website\"},\"datePublished\":\"2016-03-28T21:07:51+00:00\",\"dateModified\":\"2021-01-01T00:36:22+00:00\",\"breadcrumb\":{\"@id\":\"https:\\\/\\\/balsamico.shop\\\/pl\\\/zwrot-i-wymiana\\\/#breadcrumb\"},\"inLanguage\":\"pl-PL\",\"potentialAction\":[{\"@type\":\"ReadAction\",\"target\":[\"https:\\\/\\\/balsamico.shop\\\/pl\\\/zwrot-i-wymiana\\\/\"]}]},{\"@type\":\"BreadcrumbList\",\"@id\":\"https:\\\/\\\/balsamico.shop\\\/pl\\\/zwrot-i-wymiana\\\/#breadcrumb\",\"itemListElement\":[{\"@type\":\"ListItem\",\"position\":1,\"name\":\"Home\",\"item\":\"https:\\\/\\\/balsamico.shop\\\/pl\\\/\"},{\"@type\":\"ListItem\",\"position\":2,\"name\":\"Zwrot i wymiana\"}]},{\"@type\":\"WebSite\",\"@id\":\"https:\\\/\\\/balsamico.shop\\\/pl\\\/#website\",\"url\":\"https:\\\/\\\/balsamico.shop\\\/pl\\\/\",\"name\":\"Aceto Balsamico Shop - Polska\",\"description\":\"Ocet balsamiczny sklep internetowy\",\"potentialAction\":[{\"@type\":\"SearchAction\",\"target\":{\"@type\":\"EntryPoint\",\"urlTemplate\":\"https:\\\/\\\/balsamico.shop\\\/pl\\\/?s={search_term_string}\"},\"query-input\":{\"@type\":\"PropertyValueSpecification\",\"valueRequired\":true,\"valueName\":\"search_term_string\"}}],\"inLanguage\":\"pl-PL\"}]}<\/script>\n<!-- \/ Yoast SEO plugin. -->","yoast_head_json":{"title":"Zwrot i wymiana - Aceto Balsamico Shop - Polska","robots":{"index":"index","follow":"follow","max-snippet":"max-snippet:-1","max-image-preview":"max-image-preview:large","max-video-preview":"max-video-preview:-1"},"canonical":"https:\/\/balsamico.shop\/pl\/zwrot-i-wymiana\/","og_locale":"pl_PL","og_type":"article","og_title":"Zwrot i wymiana - Aceto Balsamico Shop - Polska","og_description":"Zwrot i wymiana Masz prawo odst\u0105pi\u0107 od tej umowy w ci\u0105gu czternastu dni bez podawania przyczyny. Okres odst\u0105pienia wynosi czterna\u015bcie dni od dnia, w kt\u00f3rym u\u017cytkownik lub osoba trzecia wskazana przez niego, kt\u00f3ra nie jest przewo\u017anikiem, przej\u0119\u0142a posiadanie ostatnich towar\u00f3w. Aby skorzysta\u0107 z prawa do odwo\u0142ania, musisz nas poinformowa\u0107 (Bernardo Tesori &#8211; Acoonia GmbH, Brabandtstrasse 8, 38100 Braunschweig Email: shop@balsamico.shop, \u2706 +49 5041 \/ 9472970) za pomoc\u0105 wyra\u017anego o\u015bwiadczenia (np. Listu lub e-maila wys\u0142anego poczt\u0105) Twojej decyzji, odwo\u0142a\u0107 t\u0119 umow\u0119. Mo\u017cesz skorzysta\u0107 z do\u0142\u0105czonego modelu formularza wyp\u0142aty, kt\u00f3ry nie jest wymagany. W celu zachowania okresu odst\u0105pienia wystarczy wys\u0142a\u0107 powiadomienie o skorzystaniu z prawa do odst\u0105pienia od umowy przed up\u0142ywem okresu odst\u0105pienia. Konsekwencje anulowania Je\u015bli anulujesz niniejsz\u0105 Umow\u0119, otrzymasz wszystkie otrzymane od Ciebie p\u0142atno\u015bci, w tym koszty dostawy (z wyj\u0105tkiem dodatkowych koszt\u00f3w wynikaj\u0105cych z wyboru innej metody dostawy ni\u017c najta\u0144sza standardowa dostawa, kt\u00f3r\u0105 oferujemy ), niezw\u0142ocznie i nie p\u00f3\u017aniej ni\u017c w ci\u0105gu czternastu dni od daty otrzymania przez nas powiadomienia o odwo\u0142aniu niniejszej umowy. W przypadku tej sp\u0142aty, z wyj\u0105tkiem p\u0142atno\u015bci w kryptowalutach, u\u017cywamy tej samej formy p\u0142atno\u015bci, kt\u00f3ra zosta\u0142a u\u017cyta w pierwotnej transakcji, chyba \u017ce uzgodniono inaczej z Tob\u0105; W \u017cadnym wypadku nie zostaniesz obci\u0105\u017cony op\u0142atami za sp\u0142at\u0119. Sp\u0142ata jest w euro. W przypadku zwrotu pieni\u0119dzy i metody p\u0142atno\u015bci &#8222;kryptowaluta&#8221; cena sprzeda\u017cy towar\u00f3w wa\u017cna w momencie sprzeda\u017cy zostanie zwr\u00f3cona w euro. Mo\u017cemy odm\u00f3wi\u0107 sp\u0142aty, dop\u00f3ki nie otrzymamy zwrotu lub dop\u00f3ki nie przedstawisz dowodu zwrotu towar\u00f3w, w zale\u017cno\u015bci od tego, co nast\u0105pi wcze\u015bniej. Musisz odes\u0142a\u0107 nam towar niezw\u0142ocznie, aw ka\u017cdym razie nie p\u00f3\u017aniej ni\u017c czterna\u015bcie dni od daty, w kt\u00f3rej poinformujesz nas o anulowaniu niniejszej umowy. Termin jest zachowany, je\u015bli przesy\u0142asz towar przed up\u0142ywem czternastu dni. Ponosisz bezpo\u015brednie koszty zwrotu towar\u00f3w. Trzeba tylko zap\u0142aci\u0107 za ewentualn\u0105 utrat\u0119 warto\u015bci towar\u00f3w, je\u017celi utrata warto\u015bci wynika z obchodzenia si\u0119, kt\u00f3re nie jest konieczne do zbadania charakteru, cech i funkcjonowania towar\u00f3w. Informacje og\u00f3lne 1) Nale\u017cy unika\u0107 uszkodze\u0144 i zanieczyszczenia towar\u00f3w. Je\u015bli to mo\u017cliwe, ode\u015blij towar do nas w oryginalnym opakowaniu ze wszystkimi akcesoriami i wszystkimi elementami opakowania. W razie potrzeby u\u017cyj zewn\u0119trznego opakowania ochronnego. Je\u015bli nie masz ju\u017c oryginalnego opakowania, podaj odpowiednie opakowanie, kt\u00f3re zapewni wystarczaj\u0105c\u0105 ochron\u0119 przed uszkodzeniem podczas transportu. Koniec zasad anulowania Acoonia GmbH Brabandtstrasse 8 38100 Braunschweig, Germany Deutschland shop@balsamico.shop Wz\u00f3r formularza odst\u0105pienia Je\u015bli chcesz anulowa\u0107 umow\u0119, wype\u0142nij ten formularz i ode\u015blij go. &#8211; Do [Bernardo Tesori &#8211; Acoonia GmbH, Brabandtstrasse 8, 38100 Braunschweig, Germany Email: shop@balsamico.shop]: &#8211; Ja \/ my (*) niniejszym anulujemy umow\u0119 zawart\u0105 przeze mnie \/ nas (*) na zakup nast\u0119puj\u0105cych towar\u00f3w (*) \/ \u015bwiadczenie nast\u0119puj\u0105cych us\u0142ug (*) -Posted on (*) \/ otrzyma\u0142 na (*) -name konsumenta (\u00f3w) Adres konsumenta (\u00f3w) &#8211; Podpis konsumenta (wy\u0142\u0105cznie w przypadku powiadomienia na papierze) &#8211; data _______________ (*) Usu\u0144 odpowiednio.","og_url":"https:\/\/balsamico.shop\/pl\/zwrot-i-wymiana\/","og_site_name":"Aceto Balsamico Shop - Polska","article_modified_time":"2021-01-01T00:36:22+00:00","twitter_card":"summary_large_image","twitter_misc":{"Szacowany czas czytania":"3 minuty"},"schema":{"@context":"https:\/\/schema.org","@graph":[{"@type":"WebPage","@id":"https:\/\/balsamico.shop\/pl\/zwrot-i-wymiana\/","url":"https:\/\/balsamico.shop\/pl\/zwrot-i-wymiana\/","name":"Zwrot i wymiana - Aceto Balsamico Shop - Polska","isPartOf":{"@id":"https:\/\/balsamico.shop\/pl\/#website"},"datePublished":"2016-03-28T21:07:51+00:00","dateModified":"2021-01-01T00:36:22+00:00","breadcrumb":{"@id":"https:\/\/balsamico.shop\/pl\/zwrot-i-wymiana\/#breadcrumb"},"inLanguage":"pl-PL","potentialAction":[{"@type":"ReadAction","target":["https:\/\/balsamico.shop\/pl\/zwrot-i-wymiana\/"]}]},{"@type":"BreadcrumbList","@id":"https:\/\/balsamico.shop\/pl\/zwrot-i-wymiana\/#breadcrumb","itemListElement":[{"@type":"ListItem","position":1,"name":"Home","item":"https:\/\/balsamico.shop\/pl\/"},{"@type":"ListItem","position":2,"name":"Zwrot i wymiana"}]},{"@type":"WebSite","@id":"https:\/\/balsamico.shop\/pl\/#website","url":"https:\/\/balsamico.shop\/pl\/","name":"Aceto Balsamico Shop - Polska","description":"Ocet balsamiczny sklep internetowy","potentialAction":[{"@type":"SearchAction","target":{"@type":"EntryPoint","urlTemplate":"https:\/\/balsamico.shop\/pl\/?s={search_term_string}"},"query-input":{"@type":"PropertyValueSpecification","valueRequired":true,"valueName":"search_term_string"}}],"inLanguage":"pl-PL"}]}},"_links":{"self":[{"href":"https:\/\/balsamico.shop\/pl\/wp-json\/wp\/v2\/pages\/17","targetHints":{"allow":["GET"]}}],"collection":[{"href":"https:\/\/balsamico.shop\/pl\/wp-json\/wp\/v2\/pages"}],"about":[{"href":"https:\/\/balsamico.shop\/pl\/wp-json\/wp\/v2\/types\/page"}],"author":[{"embeddable":true,"href":"https:\/\/balsamico.shop\/pl\/wp-json\/wp\/v2\/users\/1"}],"replies":[{"embeddable":true,"href":"https:\/\/balsamico.shop\/pl\/wp-json\/wp\/v2\/comments?post=17"}],"version-history":[{"count":5,"href":"https:\/\/balsamico.shop\/pl\/wp-json\/wp\/v2\/pages\/17\/revisions"}],"predecessor-version":[{"id":1743,"href":"https:\/\/balsamico.shop\/pl\/wp-json\/wp\/v2\/pages\/17\/revisions\/1743"}],"wp:attachment":[{"href":"https:\/\/balsamico.shop\/pl\/wp-json\/wp\/v2\/media?parent=17"}],"curies":[{"name":"wp","href":"https:\/\/api.w.org\/{rel}","templated":true}]}}