{"id":136,"date":"2016-04-11T16:22:23","date_gmt":"2016-04-11T14:22:23","guid":{"rendered":"https:\/\/de.aceto-balsamico-tradizionale.com\/?page_id=136"},"modified":"2018-01-22T07:40:13","modified_gmt":"2018-01-22T06:40:13","slug":"metody-platnosci","status":"publish","type":"page","link":"https:\/\/balsamico.shop\/pl\/metody-platnosci\/","title":{"rendered":"Metody p\u0142atno\u015bci"},"content":{"rendered":"<p>W tej chwili obs\u0142ugujemy PayPal, karty kredytowe (Visa, Mastercard lub American Express) i dokonujemy przedp\u0142aty przelewem bankowym jako p\u0142atno\u015bci.<\/p>\n<p>Mo\u017cesz r\u00f3wnie\u017c u\u017cy\u0107 PayPal do zap\u0142aty kart\u0105 kredytow\u0105 (Visa lub Mastercard), nawet je\u015bli nie jeste\u015b zarejestrowany w systemie PayPal.<\/p>\n<p>Akceptujemy r\u00f3wnie\u017c nast\u0119puj\u0105cy margines krypto poprzez Coinify:<\/p>\n<p><img loading=\"lazy\" decoding=\"async\" class=\"alignnone wp-image-1366 size-full\" src=\"https:\/\/balsamico.shop\/dk\/wp-content\/uploads\/2018\/01\/crypto.jpg\" alt=\"\" width=\"480\" height=\"175\" srcset=\"https:\/\/balsamico.shop\/pl\/wp-content\/uploads\/2018\/01\/crypto.jpg 480w, https:\/\/balsamico.shop\/pl\/wp-content\/uploads\/2018\/01\/crypto-300x109.jpg 300w, https:\/\/balsamico.shop\/pl\/wp-content\/uploads\/2018\/01\/crypto-390x142.jpg 390w\" sizes=\"auto, (max-width: 480px) 100vw, 480px\" \/><\/p>\n","protected":false},"excerpt":{"rendered":"<p>W tej chwili obs\u0142ugujemy PayPal, karty kredytowe (Visa, Mastercard lub American Express) i dokonujemy przedp\u0142aty przelewem bankowym jako p\u0142atno\u015bci. Mo\u017cesz r\u00f3wnie\u017c u\u017cy\u0107 PayPal do zap\u0142aty kart\u0105 kredytow\u0105 (Visa lub Mastercard), nawet je\u015bli nie jeste\u015b zarejestrowany w systemie PayPal. Akceptujemy r\u00f3wnie\u017c nast\u0119puj\u0105cy margines krypto poprzez Coinify:<\/p>\n","protected":false},"author":1,"featured_media":0,"parent":0,"menu_order":0,"comment_status":"closed","ping_status":"closed","template":"","meta":{"footnotes":""},"class_list":["post-136","page","type-page","status-publish","hentry"],"yoast_head":"<!-- This site is optimized with the Yoast SEO plugin v27.5 - https:\/\/yoast.com\/product\/yoast-seo-wordpress\/ -->\n<title>Metody p\u0142atno\u015bci - Aceto Balsamico Shop - Polska<\/title>\n<meta name=\"robots\" content=\"index, follow, max-snippet:-1, max-image-preview:large, max-video-preview:-1\" \/>\n<link rel=\"canonical\" href=\"https:\/\/balsamico.shop\/pl\/metody-platnosci\/\" \/>\n<meta property=\"og:locale\" content=\"pl_PL\" \/>\n<meta property=\"og:type\" content=\"article\" \/>\n<meta property=\"og:title\" content=\"Metody p\u0142atno\u015bci - Aceto Balsamico Shop - Polska\" \/>\n<meta property=\"og:description\" content=\"W tej chwili obs\u0142ugujemy PayPal, karty kredytowe (Visa, Mastercard lub American Express) i dokonujemy przedp\u0142aty przelewem bankowym jako p\u0142atno\u015bci. Mo\u017cesz r\u00f3wnie\u017c u\u017cy\u0107 PayPal do zap\u0142aty kart\u0105 kredytow\u0105 (Visa lub Mastercard), nawet je\u015bli nie jeste\u015b zarejestrowany w systemie PayPal. Akceptujemy r\u00f3wnie\u017c nast\u0119puj\u0105cy margines krypto poprzez Coinify:\" \/>\n<meta property=\"og:url\" content=\"https:\/\/balsamico.shop\/pl\/metody-platnosci\/\" \/>\n<meta property=\"og:site_name\" content=\"Aceto Balsamico Shop - Polska\" \/>\n<meta property=\"article:modified_time\" content=\"2018-01-22T06:40:13+00:00\" \/>\n<meta property=\"og:image\" content=\"https:\/\/balsamico.shop\/dk\/wp-content\/uploads\/2018\/01\/crypto.jpg\" \/>\n<meta name=\"twitter:card\" content=\"summary_large_image\" \/>\n<script type=\"application\/ld+json\" class=\"yoast-schema-graph\">{\"@context\":\"https:\\\/\\\/schema.org\",\"@graph\":[{\"@type\":\"WebPage\",\"@id\":\"https:\\\/\\\/balsamico.shop\\\/pl\\\/metody-platnosci\\\/\",\"url\":\"https:\\\/\\\/balsamico.shop\\\/pl\\\/metody-platnosci\\\/\",\"name\":\"Metody p\u0142atno\u015bci - Aceto Balsamico Shop - Polska\",\"isPartOf\":{\"@id\":\"https:\\\/\\\/balsamico.shop\\\/pl\\\/#website\"},\"primaryImageOfPage\":{\"@id\":\"https:\\\/\\\/balsamico.shop\\\/pl\\\/metody-platnosci\\\/#primaryimage\"},\"image\":{\"@id\":\"https:\\\/\\\/balsamico.shop\\\/pl\\\/metody-platnosci\\\/#primaryimage\"},\"thumbnailUrl\":\"https:\\\/\\\/balsamico.shop\\\/dk\\\/wp-content\\\/uploads\\\/2018\\\/01\\\/crypto.jpg\",\"datePublished\":\"2016-04-11T14:22:23+00:00\",\"dateModified\":\"2018-01-22T06:40:13+00:00\",\"breadcrumb\":{\"@id\":\"https:\\\/\\\/balsamico.shop\\\/pl\\\/metody-platnosci\\\/#breadcrumb\"},\"inLanguage\":\"pl-PL\",\"potentialAction\":[{\"@type\":\"ReadAction\",\"target\":[\"https:\\\/\\\/balsamico.shop\\\/pl\\\/metody-platnosci\\\/\"]}]},{\"@type\":\"ImageObject\",\"inLanguage\":\"pl-PL\",\"@id\":\"https:\\\/\\\/balsamico.shop\\\/pl\\\/metody-platnosci\\\/#primaryimage\",\"url\":\"https:\\\/\\\/balsamico.shop\\\/dk\\\/wp-content\\\/uploads\\\/2018\\\/01\\\/crypto.jpg\",\"contentUrl\":\"https:\\\/\\\/balsamico.shop\\\/dk\\\/wp-content\\\/uploads\\\/2018\\\/01\\\/crypto.jpg\"},{\"@type\":\"BreadcrumbList\",\"@id\":\"https:\\\/\\\/balsamico.shop\\\/pl\\\/metody-platnosci\\\/#breadcrumb\",\"itemListElement\":[{\"@type\":\"ListItem\",\"position\":1,\"name\":\"Home\",\"item\":\"https:\\\/\\\/balsamico.shop\\\/pl\\\/\"},{\"@type\":\"ListItem\",\"position\":2,\"name\":\"Metody p\u0142atno\u015bci\"}]},{\"@type\":\"WebSite\",\"@id\":\"https:\\\/\\\/balsamico.shop\\\/pl\\\/#website\",\"url\":\"https:\\\/\\\/balsamico.shop\\\/pl\\\/\",\"name\":\"Aceto Balsamico Shop - Polska\",\"description\":\"Ocet balsamiczny sklep internetowy\",\"potentialAction\":[{\"@type\":\"SearchAction\",\"target\":{\"@type\":\"EntryPoint\",\"urlTemplate\":\"https:\\\/\\\/balsamico.shop\\\/pl\\\/?s={search_term_string}\"},\"query-input\":{\"@type\":\"PropertyValueSpecification\",\"valueRequired\":true,\"valueName\":\"search_term_string\"}}],\"inLanguage\":\"pl-PL\"}]}<\/script>\n<!-- \/ Yoast SEO plugin. -->","yoast_head_json":{"title":"Metody p\u0142atno\u015bci - Aceto Balsamico Shop - Polska","robots":{"index":"index","follow":"follow","max-snippet":"max-snippet:-1","max-image-preview":"max-image-preview:large","max-video-preview":"max-video-preview:-1"},"canonical":"https:\/\/balsamico.shop\/pl\/metody-platnosci\/","og_locale":"pl_PL","og_type":"article","og_title":"Metody p\u0142atno\u015bci - Aceto Balsamico Shop - Polska","og_description":"W tej chwili obs\u0142ugujemy PayPal, karty kredytowe (Visa, Mastercard lub American Express) i dokonujemy przedp\u0142aty przelewem bankowym jako p\u0142atno\u015bci. Mo\u017cesz r\u00f3wnie\u017c u\u017cy\u0107 PayPal do zap\u0142aty kart\u0105 kredytow\u0105 (Visa lub Mastercard), nawet je\u015bli nie jeste\u015b zarejestrowany w systemie PayPal. Akceptujemy r\u00f3wnie\u017c nast\u0119puj\u0105cy margines krypto poprzez Coinify:","og_url":"https:\/\/balsamico.shop\/pl\/metody-platnosci\/","og_site_name":"Aceto Balsamico Shop - Polska","article_modified_time":"2018-01-22T06:40:13+00:00","og_image":[{"url":"https:\/\/balsamico.shop\/dk\/wp-content\/uploads\/2018\/01\/crypto.jpg","type":"","width":"","height":""}],"twitter_card":"summary_large_image","schema":{"@context":"https:\/\/schema.org","@graph":[{"@type":"WebPage","@id":"https:\/\/balsamico.shop\/pl\/metody-platnosci\/","url":"https:\/\/balsamico.shop\/pl\/metody-platnosci\/","name":"Metody p\u0142atno\u015bci - Aceto Balsamico Shop - Polska","isPartOf":{"@id":"https:\/\/balsamico.shop\/pl\/#website"},"primaryImageOfPage":{"@id":"https:\/\/balsamico.shop\/pl\/metody-platnosci\/#primaryimage"},"image":{"@id":"https:\/\/balsamico.shop\/pl\/metody-platnosci\/#primaryimage"},"thumbnailUrl":"https:\/\/balsamico.shop\/dk\/wp-content\/uploads\/2018\/01\/crypto.jpg","datePublished":"2016-04-11T14:22:23+00:00","dateModified":"2018-01-22T06:40:13+00:00","breadcrumb":{"@id":"https:\/\/balsamico.shop\/pl\/metody-platnosci\/#breadcrumb"},"inLanguage":"pl-PL","potentialAction":[{"@type":"ReadAction","target":["https:\/\/balsamico.shop\/pl\/metody-platnosci\/"]}]},{"@type":"ImageObject","inLanguage":"pl-PL","@id":"https:\/\/balsamico.shop\/pl\/metody-platnosci\/#primaryimage","url":"https:\/\/balsamico.shop\/dk\/wp-content\/uploads\/2018\/01\/crypto.jpg","contentUrl":"https:\/\/balsamico.shop\/dk\/wp-content\/uploads\/2018\/01\/crypto.jpg"},{"@type":"BreadcrumbList","@id":"https:\/\/balsamico.shop\/pl\/metody-platnosci\/#breadcrumb","itemListElement":[{"@type":"ListItem","position":1,"name":"Home","item":"https:\/\/balsamico.shop\/pl\/"},{"@type":"ListItem","position":2,"name":"Metody p\u0142atno\u015bci"}]},{"@type":"WebSite","@id":"https:\/\/balsamico.shop\/pl\/#website","url":"https:\/\/balsamico.shop\/pl\/","name":"Aceto Balsamico Shop - Polska","description":"Ocet balsamiczny sklep internetowy","potentialAction":[{"@type":"SearchAction","target":{"@type":"EntryPoint","urlTemplate":"https:\/\/balsamico.shop\/pl\/?s={search_term_string}"},"query-input":{"@type":"PropertyValueSpecification","valueRequired":true,"valueName":"search_term_string"}}],"inLanguage":"pl-PL"}]}},"_links":{"self":[{"href":"https:\/\/balsamico.shop\/pl\/wp-json\/wp\/v2\/pages\/136","targetHints":{"allow":["GET"]}}],"collection":[{"href":"https:\/\/balsamico.shop\/pl\/wp-json\/wp\/v2\/pages"}],"about":[{"href":"https:\/\/balsamico.shop\/pl\/wp-json\/wp\/v2\/types\/page"}],"author":[{"embeddable":true,"href":"https:\/\/balsamico.shop\/pl\/wp-json\/wp\/v2\/users\/1"}],"replies":[{"embeddable":true,"href":"https:\/\/balsamico.shop\/pl\/wp-json\/wp\/v2\/comments?post=136"}],"version-history":[{"count":6,"href":"https:\/\/balsamico.shop\/pl\/wp-json\/wp\/v2\/pages\/136\/revisions"}],"predecessor-version":[{"id":1398,"href":"https:\/\/balsamico.shop\/pl\/wp-json\/wp\/v2\/pages\/136\/revisions\/1398"}],"wp:attachment":[{"href":"https:\/\/balsamico.shop\/pl\/wp-json\/wp\/v2\/media?parent=136"}],"curies":[{"name":"wp","href":"https:\/\/api.w.org\/{rel}","templated":true}]}}