{"id":1714,"date":"2016-10-02T00:57:39","date_gmt":"2016-10-01T22:57:39","guid":{"rendered":"https:\/\/balsamico.shop\/nl\/?post_type=product&#038;p=1714"},"modified":"2026-04-17T10:27:01","modified_gmt":"2026-04-17T08:27:01","slug":"duetto-aceti-balsamici-tradizionali-12-25-la-secchia","status":"publish","type":"product","link":"https:\/\/balsamico.shop\/nl\/product\/duetto-aceti-balsamici-tradizionali-12-25-la-secchia\/","title":{"rendered":"Duetto &#8211; Aceti Balsamici Tradizionali &#8211; 12 en 25 Jaar &#8211; La Secchia"},"content":{"rendered":"<p>Het perfecte geschenk voor de liefhebber van balsamico azijn &#8211; &#8220;Il Duetto&#8221; &#8211; de twee perfections komen samen in een gesloten geheel. De &#8220;Aceto Balsamico Tradizionale di Modena DOP &#8211; Affinato &#8211; 12 jaar gerijpt&#8221; en de &#8220;Aceto Balsamico Tradizionale di Modena extravecchio DOP 25 jaar gerijpt&#8221; van Lorenzo Righi worden geleverd in een mooie, moderne dubbele doos met traditionele tuit en tonen de kenner de hele vari\u00ebteit van het traditionele balsamico ambacht van Modena.<\/p>\n<p><img loading=\"lazy\" decoding=\"async\" class=\"wp-image-393 aligncenter\" src=\"https:\/\/balsamico.shop\/nl\/wp-content\/uploads\/2016\/10\/duetto-box.png\" alt=\"Aceto Balsamico Tradizionale DOP 12 &amp; 25 Modena\" width=\"657\" height=\"601\" srcset=\"https:\/\/balsamico.shop\/nl\/wp-content\/uploads\/2016\/10\/duetto-box.png 552w, https:\/\/balsamico.shop\/nl\/wp-content\/uploads\/2016\/10\/duetto-box-300x274.png 300w, https:\/\/balsamico.shop\/nl\/wp-content\/uploads\/2016\/10\/duetto-box-390x357.png 390w\" sizes=\"auto, (max-width: 657px) 100vw, 657px\" \/><\/p>\n<p>Als co\u00f6rdinator van Club Excellence, een co\u00f6peratie van toonaangevende wijnhandelaren en wijnimporteurs in Itali\u00eb, en met zijn professionele ervaring in de wijnsector, weet Lorenzo Righi ook de weg in de wereld van de wijnbouw. Als exploitant van zijn <a href=\"https:\/\/lasecchia.it\/\" target=\"_blank\" rel=\"noopener noreferrer\">Acetaia La Secchia<\/a> in het zuiden van Modena geeft hij ook ge\u00efnteresseerden een direct inzicht in de wereld van de balsamico azijn met een rondleiding door zijn opslagfaciliteiten voor vaten en een daaropvolgende proeverij op verzoek:<\/p>\n<p><img loading=\"lazy\" decoding=\"async\" width=\"699\" height=\"747\" class=\"wp-image-391 size-full aligncenter\" src=\"https:\/\/balsamico.shop\/nl\/wp-content\/uploads\/2016\/10\/la-secchia.png\" alt=\"La Secchia Balsamico Tradizionale\" srcset=\"https:\/\/balsamico.shop\/nl\/wp-content\/uploads\/2016\/10\/la-secchia.png 699w, https:\/\/balsamico.shop\/nl\/wp-content\/uploads\/2016\/10\/la-secchia-600x641.png 600w, https:\/\/balsamico.shop\/nl\/wp-content\/uploads\/2016\/10\/la-secchia-281x300.png 281w, https:\/\/balsamico.shop\/nl\/wp-content\/uploads\/2016\/10\/la-secchia-390x417.png 390w, https:\/\/balsamico.shop\/nl\/wp-content\/uploads\/2016\/10\/la-secchia-300x321.png 300w\" sizes=\"auto, (max-width: 699px) 100vw, 699px\" \/><\/p>\n<p>De ingredi\u00ebnten: 100% druivenmost<\/p>\n<p>Opmerking: Kan natuurlijke sulfieten bevatten.<\/p>\n<p>&nbsp;<\/p>\n<p>Fabrikant:<br \/>\nAntica Acetaia La Secchia di Righi L.<br \/>\nVia Francesco Ghiaroni, 169\/171<br \/>\n41126 Modena Itali\u00eb<\/p>\n<p>&nbsp;<\/p>\n<p>&nbsp;<\/p>\n","protected":false},"excerpt":{"rendered":"<p>Het perfecte geschenk voor de liefhebber van balsamico azijn &#8211; &#8220;Il Duetto&#8221; &#8211; de twee perfections komen samen in een gesloten geheel. De &#8220;Aceto Balsamico Tradizionale di Modena DOP &#8211; Affinato &#8211; 12 jaar gerijpt&#8221; en de &#8220;Aceto Balsamico Tradizionale di Modena extravecchio DOP 25 jaar gerijpt&#8221; van Lorenzo Righi worden geleverd in een mooie, moderne dubbele doos met traditionele tuit en tonen de kenner de hele vari\u00ebteit van het traditionele balsamico ambacht van Modena. Als co\u00f6rdinator van Club Excellence, een co\u00f6peratie van toonaangevende wijnhandelaren en wijnimporteurs in Itali\u00eb, en met zijn professionele ervaring in de wijnsector, weet Lorenzo Righi ook de weg in de wereld van de wijnbouw. Als exploitant van zijn Acetaia La Secchia in het zuiden van Modena geeft hij ook ge\u00efnteresseerden een direct inzicht in de wereld van de balsamico azijn met een rondleiding door zijn opslagfaciliteiten voor vaten en een daaropvolgende proeverij op verzoek: De ingredi\u00ebnten: 100% druivenmost Opmerking: Kan natuurlijke sulfieten bevatten. &nbsp; Fabrikant: Antica Acetaia La Secchia di Righi L. Via Francesco Ghiaroni, 169\/171 41126 Modena Itali\u00eb &nbsp; &nbsp;<\/p>\n","protected":false},"featured_media":2913,"template":"","meta":[],"product_brand":[],"product_cat":[33],"product_tag":[],"class_list":{"0":"post-1714","1":"product","2":"type-product","3":"status-publish","4":"has-post-thumbnail","6":"product_cat-la-secchia","7":"product_shipping_class-ueber-100","9":"first","10":"instock","11":"featured","12":"taxable","13":"shipping-taxable","14":"purchasable","15":"product-type-simple"},"bundle_layout":"","bundled_by":[],"bundled_items":[],"_links":{"self":[{"href":"https:\/\/balsamico.shop\/nl\/wp-json\/wp\/v2\/product\/1714","targetHints":{"allow":["GET"]}}],"collection":[{"href":"https:\/\/balsamico.shop\/nl\/wp-json\/wp\/v2\/product"}],"about":[{"href":"https:\/\/balsamico.shop\/nl\/wp-json\/wp\/v2\/types\/product"}],"wp:featuredmedia":[{"embeddable":true,"href":"https:\/\/balsamico.shop\/nl\/wp-json\/wp\/v2\/media\/2913"}],"wp:attachment":[{"href":"https:\/\/balsamico.shop\/nl\/wp-json\/wp\/v2\/media?parent=1714"}],"wp:term":[{"taxonomy":"product_brand","embeddable":true,"href":"https:\/\/balsamico.shop\/nl\/wp-json\/wp\/v2\/product_brand?post=1714"},{"taxonomy":"product_cat","embeddable":true,"href":"https:\/\/balsamico.shop\/nl\/wp-json\/wp\/v2\/product_cat?post=1714"},{"taxonomy":"product_tag","embeddable":true,"href":"https:\/\/balsamico.shop\/nl\/wp-json\/wp\/v2\/product_tag?post=1714"}],"curies":[{"name":"wp","href":"https:\/\/api.w.org\/{rel}","templated":true}]}}