{"id":21,"date":"2016-03-28T23:23:26","date_gmt":"2016-03-28T21:23:26","guid":{"rendered":"http:\/\/de.aceto-balsamico-tradizionale.com\/?page_id=21"},"modified":"2023-11-13T12:19:25","modified_gmt":"2023-11-13T11:19:25","slug":"verzenden","status":"publish","type":"page","link":"https:\/\/balsamico.shop\/nl\/verzenden\/","title":{"rendered":"Verzenden"},"content":{"rendered":"<p>Verzendkosten zijn in\u00a0<strong>Nederland<\/strong>, Duitsland en Oostenrijk\u00a0<strong>5,95 EUR<\/strong>\u00a0\/ verzendkosten tot een maximum van 5 kg.<\/p>\n<p>Voor bestellingen van\u00a0<strong>meer dan 100, \u2013 EUR<\/strong>, zijn leveringen naar Nederland, Duitsland en Oostenrijk\u00a0<strong>gratis<\/strong>!<\/p>\n<p>De levertijd is tussen de 3 en 5 werkdagen. Wij verzenden alle pakketten met <strong>UPS<\/strong>.<\/p>\n<p>Wij bieden momenteel alleen postadressen in de volgende landen: Nederland, Belgi\u00eb, Duitsland, Oostenrijk, Frankrijk, Denemarken, Finland, Tsjechi\u00eb, Polen, Zweden, Belgi\u00eb, Cyprus (Cyprus \u2013 Non-noord), Slowakije, Sloveni\u00eb, Luxemburg, Spanje, Verenigd Koninkrijk (VK) behalve eilanden, Kroati\u00eb, Litouwen, Letland, Estland, Griekenland en Hongarije.<\/p>\n<p>Verzending naar Frankrijk, Finland, Tsjechi\u00eb, Polen, Zweden,\u00a0 Cyprus (Cyprus \u2013 Niet-Noord), Slowakije, Sloveni\u00eb, Luxemburg, Spanje, Verenigd Koninkrijk (UK), behalve eilanden, Kroati\u00eb, Litouwen, Letland, Estland, Griekenland en Hongarijekosten een vaste prijs van 10,00 EUR.<\/p>\n","protected":false},"excerpt":{"rendered":"<p>Verzendkosten zijn in\u00a0Nederland, Duitsland en Oostenrijk\u00a05,95 EUR\u00a0\/ verzendkosten tot een maximum van 5 kg. Voor bestellingen van\u00a0meer dan 100, \u2013 EUR, zijn leveringen naar Nederland, Duitsland en Oostenrijk\u00a0gratis! De levertijd is tussen de 3 en 5 werkdagen. Wij verzenden alle pakketten met UPS. Wij bieden momenteel alleen postadressen in de volgende landen: Nederland, Belgi\u00eb, Duitsland, Oostenrijk, Frankrijk, Denemarken, Finland, Tsjechi\u00eb, Polen, Zweden, Belgi\u00eb, Cyprus (Cyprus \u2013 Non-noord), Slowakije, Sloveni\u00eb, Luxemburg, Spanje, Verenigd Koninkrijk (VK) behalve eilanden, Kroati\u00eb, Litouwen, Letland, Estland, Griekenland en Hongarije. Verzending naar Frankrijk, Finland, Tsjechi\u00eb, Polen, Zweden,\u00a0 Cyprus (Cyprus \u2013 Niet-Noord), Slowakije, Sloveni\u00eb, Luxemburg, Spanje, Verenigd Koninkrijk (UK), behalve eilanden, Kroati\u00eb, Litouwen, Letland, Estland, Griekenland en Hongarijekosten een vaste prijs van 10,00 EUR.<\/p>\n","protected":false},"author":1,"featured_media":0,"parent":0,"menu_order":0,"comment_status":"closed","ping_status":"closed","template":"","meta":{"footnotes":""},"class_list":["post-21","page","type-page","status-publish","hentry"],"_links":{"self":[{"href":"https:\/\/balsamico.shop\/nl\/wp-json\/wp\/v2\/pages\/21","targetHints":{"allow":["GET"]}}],"collection":[{"href":"https:\/\/balsamico.shop\/nl\/wp-json\/wp\/v2\/pages"}],"about":[{"href":"https:\/\/balsamico.shop\/nl\/wp-json\/wp\/v2\/types\/page"}],"author":[{"embeddable":true,"href":"https:\/\/balsamico.shop\/nl\/wp-json\/wp\/v2\/users\/1"}],"replies":[{"embeddable":true,"href":"https:\/\/balsamico.shop\/nl\/wp-json\/wp\/v2\/comments?post=21"}],"version-history":[{"count":12,"href":"https:\/\/balsamico.shop\/nl\/wp-json\/wp\/v2\/pages\/21\/revisions"}],"predecessor-version":[{"id":3098,"href":"https:\/\/balsamico.shop\/nl\/wp-json\/wp\/v2\/pages\/21\/revisions\/3098"}],"wp:attachment":[{"href":"https:\/\/balsamico.shop\/nl\/wp-json\/wp\/v2\/media?parent=21"}],"curies":[{"name":"wp","href":"https:\/\/api.w.org\/{rel}","templated":true}]}}