{"id":1964,"date":"2020-04-19T14:34:20","date_gmt":"2020-04-19T12:34:20","guid":{"rendered":"https:\/\/balsamico.shop\/it\/?post_type=product&#038;p=1964"},"modified":"2026-05-15T23:33:44","modified_gmt":"2026-05-15T21:33:44","slug":"giuseppe-cremonini-aceto-balsamico-di-modena-invecchiato-5-grappoli","status":"publish","type":"product","link":"https:\/\/balsamico.shop\/it\/prodotto\/giuseppe-cremonini-aceto-balsamico-di-modena-invecchiato-5-grappoli\/","title":{"rendered":"Aceto Balsamico di Modena I.G.P. &#8211; Invecchiato &#8211; Cremonini"},"content":{"rendered":"<p><img loading=\"lazy\" decoding=\"async\" class=\"alignright wp-image-3760 size-medium\" src=\"https:\/\/balsamico.shop\/de\/wp-content\/uploads\/2020\/04\/cremonini-logo-211x300.png\" alt=\"Giuseppe Cremonini Logo\" width=\"211\" height=\"300\" \/>Questo\u00a0<strong>Aceto Balsamico di Modena IGP invecchiato<\/strong>\u00a0dell\u2019acetaia\u00a0<strong>Giuseppe Cremonini<\/strong>\u00a0\u00e8 stato scelto come vincitore del test della della rivista tedesca <strong>\u00d6KO-TEST<\/strong> nel numero di luglio 2021. \u00c8 stato proclamato vincitore con la valutazione complessiva \u201c<strong>molto buono<\/strong>\u201c. Nel 2020, questo aceto balsamico IGP era stato scelto come vincitore del concorso di <strong>Stiftung Warentest<\/strong> con un punteggio di <strong>1,6<\/strong>. In quell\u2019occasione sono stati testati 27 diversi aceti balsamici IGP, tutti della fascia di prezzo medio-bassa.<\/p>\n<p>Gli aceti\u00a0<strong>Cremonini<\/strong>\u00a0si possono trovare solitamente anche al supermercato. Tuttavia, questo prodotto \u00e8 piuttosto raro da trovare nei negozi, perch\u00e9 si tratta della\u00a0<strong>variet\u00e0 5 grappoli<\/strong>\u00a0con l\u2019aggiunta \u201c<strong>Invecchiato<\/strong>\u201c, da non confondere con la versione pi\u00f9 economica 5 grappoli\u00a0<strong>senza l\u2019aggiunta<\/strong>\u00a0\u201c<strong>Invecchiato<\/strong>\u201c. Per sicurezza controllate sempre anche il retro della bottiglia!<\/p>\n<p>Questo balsamico ha una densit\u00e0 di 1,33. Molto raramente un balsamico IGP raggiunge questa densit\u00e0 elevata e ha quindi una consistenza sciropposa. L&#8217;alta percentuale di mosto d&#8217;uva cotto e il tempo di maturazione in botte sono determinanti per ottenere questa caratteristica. \u00c8 prodotto senza aromi e conservanti artificiali. Questo balsamico \u00e8 particolarmente indicato per pesce, formaggi stagionati, verdura e frutta.<\/p>\n<p>Giuseppe Cremonini produce nel paesino di Spilamberto,\u00a0 pochi chilometri a sud-est di Modena. Tra gli intenditori di aceto, Spilamberto \u00e8 la vera capitale del balsamico. Qui si trovano anche il famoso Museo del Balsamico e la Goccia balsamica (<a href=\"http:\/\/www.lunatiscenografie.it\/portfolio\/la-goccia-balsamica-di-spilamberto\/\" target=\"_blank\" rel=\"noopener noreferrer\">la Goccia balsamica<\/a>). A Spilamberto si svolge una volta all&#8217;anno anche la pi\u00f9 famosa competizione di aceto balsamico al mondo: il Palio di San Giovanni.<\/p>\n<p><strong>Il nostro consiglio per l&#8217;estate<\/strong>: potete usare questo balsamico per preparare uno spritz balsamico! Per farlo, aggiungete circa 2 cucchiaini di balsamico a un bicchiere (0,33) d&#8217;acqua minerale fresca e frizzante, mescolate un po&#8217; e il gioco \u00e8 fatto. Una bevanda estiva, agrodolce e rinfrescante per regolare l&#8217;equilibrio del pH e rinfrescarsi nelle calde giornate estive.<\/p>\n<p><strong>Informazioni sul prodotto:<\/strong><\/p>\n<p><strong>Invecchiamento:<\/strong> maturato per almeno 3 anni in botti di legno barrique.<\/p>\n<p><strong>Densit\u00e0:<\/strong> <strong>1,33<\/strong> &#8211; qualit\u00e0 premium (consistenza densa\/viscosa)<\/p>\n<p><strong>Colore:<\/strong> ricco bruno scuro<\/p>\n<p><strong>Profumo:<\/strong> gradevole, acidit\u00e0 non pungente, leggera nota di botte, intensa persistenza.<\/p>\n<p><strong>Gusto e intensit\u00e0:<\/strong> gusto dolce e intenso con una nota di vaniglia e un&#8217;acidit\u00e0 ben integrata.<\/p>\n<p><strong>Conservazione:<\/strong> conservare in luogo fresco e asciutto, al riparo dalla luce e dal calore.<\/p>\n<p><strong>Paese di origine:<\/strong> Italia<\/p>\n<p><strong>Prodotto e lavorato:<\/strong> Spilamberto, Italia<\/p>\n<p><strong>Denominazione protetta:<\/strong> I.G.P. \/ IGP (Indicazione Geografica Protetta).<\/p>\n<p><strong>Denominazione protetta da:<\/strong> <a href=\"https:\/\/eur-lex.europa.eu\/legal-content\/it\/TXT\/HTML\/?uri=CELEX:32009R0583\" target=\"_blank\" rel=\"noopener\">Regolamento (CE) n. 583\/2009 &#8211; Aceto Balsamico di Modena<\/a>.<\/p>\n<p><strong>Beccuccio:<\/strong> integrato, in silicone<\/p>\n<p><strong>Quantit\u00e0:<\/strong> 250 millilitri<\/p>\n<p><strong>Ingredienti:<\/strong><br \/>\n6% di acidi, mosto d&#8217;uva cotto, aceto di vino. Senza coloranti \/ caramello<\/p>\n<p><strong>Nota:<\/strong> contiene solfiti<\/p>\n<p><strong>Suggerimento video:<\/strong> Aceto Balsamico di Modena:<\/p>\n<p><a href=\"https:\/\/www.youtube.com\/watch?v=P384oRzxIyI\" target=\"_blank\" rel=\"noopener noreferrer\"><img loading=\"lazy\" decoding=\"async\" class=\"alignnone wp-image-3756 size-full\" src=\"https:\/\/balsamico.shop\/de\/wp-content\/uploads\/2020\/04\/cremonini-balsamico.jpg\" alt=\"Video Aceto Balsamico Cremonini \" width=\"500\" height=\"341\" \/><\/a><\/p>\n<p><strong>Andere Bezeichnungen<\/strong> &#8211; welche diesem Produkt zugeordnet werden k\u00f6nnen:<\/p>\n<ul>\n<li>Cremonini 5 Trauben Balsamico<\/li>\n<li>Aceto Balsamico Modena 5 GP Aged Inter<\/li>\n<li>Aceto Balsamico di Modena I.G.P. Invecchiato, 5 Grappoli d&#8217;oro<\/li>\n<li>Aceto Balsamico von Cremoni &#8211; 5 goldene Trauben<\/li>\n<li>Bottiglia da 250 ml di Aceto Balsamico di Cremonini ai 5 Grappoli<\/li>\n<\/ul>\n","protected":false},"excerpt":{"rendered":"<p>Questo <strong>Aceto Balsamico di Modena IGP invecchiato<\/strong> dell&#8217;acetaia <strong>Giuseppe Cremonini<\/strong> \u00e8 stato scelto come vincitore del test della della rivista tedesca \u00d6KO-TEST nel numero di luglio 2021. \u00c8 stato proclamato vincitore con la valutazione complessiva &#8220;<strong>molto buono<\/strong>&#8220;. Nel 2020, questo aceto balsamico IGP era stato scelto come vincitore del concorso di Stiftung Warentest con un punteggio di 1,6. In quell&#8217;occasione sono stati testati 27 diversi aceti balsamici IGP, tutti della fascia di prezzo medio-bassa.<\/p>\n<p>Questo balsamico ha una densit\u00e0 di 1,33. Molto raramente un balsamico IGP raggiunge questa densit\u00e0 elevata e ha quindi una consistenza sciropposa. L&#8217;alta percentuale di mosto d&#8217;uva cotto e il tempo di maturazione in botte sono determinanti per ottenere questa caratteristica. \u00c8 prodotto senza aromi e conservanti artificiali. Questo balsamico \u00e8 particolarmente indicato per pesce, formaggi stagionati, verdura e frutta.<\/p>\n","protected":false},"featured_media":1965,"template":"","meta":[],"product_brand":[],"product_cat":[73],"product_tag":[],"class_list":{"0":"post-1964","1":"product","2":"type-product","3":"status-publish","4":"has-post-thumbnail","6":"product_cat-cremonini","7":"product_shipping_class-balsamico","9":"first","10":"instock","11":"taxable","12":"shipping-taxable","13":"purchasable","14":"product-type-simple"},"bundle_layout":"","bundled_by":[],"bundled_items":[],"yoast_head":"<!-- This site is optimized with the Yoast SEO plugin v27.6 - https:\/\/yoast.com\/product\/yoast-seo-wordpress\/ -->\n<title>Aceto Balsamico di Modena I.G.P. - Invecchiato - Cremonini - Aceto Balsamico Shop - Italia<\/title>\n<meta name=\"description\" content=\"Vincitore del test della rivista tedesca \u00d6KO-TEST nel numero di luglio 2021 e del concorso di Stiftung Warentest nel 2020, questo prodotto \u00e8 piuttosto raro da trovare nei negozi, perch\u00e9 si tratta della variet\u00e0 5 grappoli con l&#039;aggiunta &quot;Invecchiato&quot; da non confondere con la versione pi\u00f9 economica 5 grappoli senza l&#039;aggiunta &quot;Invecchiato&quot;.\" \/>\n<meta name=\"robots\" content=\"index, follow, max-snippet:-1, max-image-preview:large, max-video-preview:-1\" \/>\n<link rel=\"canonical\" href=\"https:\/\/balsamico.shop\/it\/prodotto\/giuseppe-cremonini-aceto-balsamico-di-modena-invecchiato-5-grappoli\/\" \/>\n<meta property=\"og:locale\" content=\"it_IT\" \/>\n<meta property=\"og:type\" content=\"article\" \/>\n<meta property=\"og:title\" content=\"Aceto Balsamico di Modena I.G.P. - Invecchiato - Cremonini - Aceto Balsamico Shop - Italia\" \/>\n<meta property=\"og:description\" content=\"Vincitore del test della rivista tedesca \u00d6KO-TEST nel numero di luglio 2021 e del concorso di Stiftung Warentest nel 2020, questo prodotto \u00e8 piuttosto raro da trovare nei negozi, perch\u00e9 si tratta della variet\u00e0 5 grappoli con l&#039;aggiunta &quot;Invecchiato&quot; da non confondere con la versione pi\u00f9 economica 5 grappoli senza l&#039;aggiunta &quot;Invecchiato&quot;.\" \/>\n<meta property=\"og:url\" content=\"https:\/\/balsamico.shop\/it\/prodotto\/giuseppe-cremonini-aceto-balsamico-di-modena-invecchiato-5-grappoli\/\" \/>\n<meta property=\"og:site_name\" content=\"Aceto Balsamico Shop - Italia\" \/>\n<meta property=\"article:modified_time\" content=\"2026-05-15T21:33:44+00:00\" \/>\n<meta property=\"og:image\" content=\"https:\/\/balsamico.shop\/it\/wp-content\/uploads\/2020\/04\/giuseppe-cremonini-aceto-balsamico-di-modena-invecchiato-5-trauben-aged.jpg\" \/>\n\t<meta property=\"og:image:width\" content=\"1600\" \/>\n\t<meta property=\"og:image:height\" content=\"1872\" \/>\n\t<meta property=\"og:image:type\" content=\"image\/jpeg\" \/>\n<meta name=\"twitter:card\" content=\"summary_large_image\" \/>\n<meta name=\"twitter:label1\" content=\"Tempo di lettura stimato\" \/>\n\t<meta name=\"twitter:data1\" content=\"4 minuti\" \/>\n<script type=\"application\/ld+json\" class=\"yoast-schema-graph\">{\"@context\":\"https:\\\/\\\/schema.org\",\"@graph\":[{\"@type\":\"WebPage\",\"@id\":\"https:\\\/\\\/balsamico.shop\\\/it\\\/prodotto\\\/giuseppe-cremonini-aceto-balsamico-di-modena-invecchiato-5-grappoli\\\/\",\"url\":\"https:\\\/\\\/balsamico.shop\\\/it\\\/prodotto\\\/giuseppe-cremonini-aceto-balsamico-di-modena-invecchiato-5-grappoli\\\/\",\"name\":\"Aceto Balsamico di Modena I.G.P. - Invecchiato - Cremonini - Aceto Balsamico Shop - Italia\",\"isPartOf\":{\"@id\":\"https:\\\/\\\/balsamico.shop\\\/it\\\/#website\"},\"primaryImageOfPage\":{\"@id\":\"https:\\\/\\\/balsamico.shop\\\/it\\\/prodotto\\\/giuseppe-cremonini-aceto-balsamico-di-modena-invecchiato-5-grappoli\\\/#primaryimage\"},\"image\":{\"@id\":\"https:\\\/\\\/balsamico.shop\\\/it\\\/prodotto\\\/giuseppe-cremonini-aceto-balsamico-di-modena-invecchiato-5-grappoli\\\/#primaryimage\"},\"thumbnailUrl\":\"https:\\\/\\\/balsamico.shop\\\/it\\\/wp-content\\\/uploads\\\/2020\\\/04\\\/giuseppe-cremonini-aceto-balsamico-di-modena-invecchiato-5-trauben-aged.jpg\",\"datePublished\":\"2020-04-19T12:34:20+00:00\",\"dateModified\":\"2026-05-15T21:33:44+00:00\",\"description\":\"Vincitore del test della rivista tedesca \u00d6KO-TEST nel numero di luglio 2021 e del concorso di Stiftung Warentest nel 2020, questo prodotto \u00e8 piuttosto raro da trovare nei negozi, perch\u00e9 si tratta della variet\u00e0 5 grappoli con l'aggiunta \\\"Invecchiato\\\" da non confondere con la versione pi\u00f9 economica 5 grappoli senza l'aggiunta \\\"Invecchiato\\\".\",\"breadcrumb\":{\"@id\":\"https:\\\/\\\/balsamico.shop\\\/it\\\/prodotto\\\/giuseppe-cremonini-aceto-balsamico-di-modena-invecchiato-5-grappoli\\\/#breadcrumb\"},\"inLanguage\":\"it-IT\",\"potentialAction\":[{\"@type\":\"ReadAction\",\"target\":[\"https:\\\/\\\/balsamico.shop\\\/it\\\/prodotto\\\/giuseppe-cremonini-aceto-balsamico-di-modena-invecchiato-5-grappoli\\\/\"]}]},{\"@type\":\"ImageObject\",\"inLanguage\":\"it-IT\",\"@id\":\"https:\\\/\\\/balsamico.shop\\\/it\\\/prodotto\\\/giuseppe-cremonini-aceto-balsamico-di-modena-invecchiato-5-grappoli\\\/#primaryimage\",\"url\":\"https:\\\/\\\/balsamico.shop\\\/it\\\/wp-content\\\/uploads\\\/2020\\\/04\\\/giuseppe-cremonini-aceto-balsamico-di-modena-invecchiato-5-trauben-aged.jpg\",\"contentUrl\":\"https:\\\/\\\/balsamico.shop\\\/it\\\/wp-content\\\/uploads\\\/2020\\\/04\\\/giuseppe-cremonini-aceto-balsamico-di-modena-invecchiato-5-trauben-aged.jpg\",\"width\":1600,\"height\":1872},{\"@type\":\"BreadcrumbList\",\"@id\":\"https:\\\/\\\/balsamico.shop\\\/it\\\/prodotto\\\/giuseppe-cremonini-aceto-balsamico-di-modena-invecchiato-5-grappoli\\\/#breadcrumb\",\"itemListElement\":[{\"@type\":\"ListItem\",\"position\":1,\"name\":\"Home\",\"item\":\"https:\\\/\\\/balsamico.shop\\\/it\\\/\"},{\"@type\":\"ListItem\",\"position\":2,\"name\":\"Aceto Balsamico Shop\",\"item\":\"https:\\\/\\\/balsamico.shop\\\/it\\\/shop\\\/\"},{\"@type\":\"ListItem\",\"position\":3,\"name\":\"Aceto Balsamico di Modena I.G.P. &#8211; Invecchiato &#8211; Cremonini\"}]},{\"@type\":\"WebSite\",\"@id\":\"https:\\\/\\\/balsamico.shop\\\/it\\\/#website\",\"url\":\"https:\\\/\\\/balsamico.shop\\\/it\\\/\",\"name\":\"Aceto Balsamico Shop - Italia\",\"description\":\"Il miglior aceto balsamico di Modena e Reggio Emilia\",\"potentialAction\":[{\"@type\":\"SearchAction\",\"target\":{\"@type\":\"EntryPoint\",\"urlTemplate\":\"https:\\\/\\\/balsamico.shop\\\/it\\\/?s={search_term_string}\"},\"query-input\":{\"@type\":\"PropertyValueSpecification\",\"valueRequired\":true,\"valueName\":\"search_term_string\"}}],\"inLanguage\":\"it-IT\"}]}<\/script>\n<!-- \/ Yoast SEO plugin. -->","yoast_head_json":{"title":"Aceto Balsamico di Modena I.G.P. - Invecchiato - Cremonini - Aceto Balsamico Shop - Italia","description":"Vincitore del test della rivista tedesca \u00d6KO-TEST nel numero di luglio 2021 e del concorso di Stiftung Warentest nel 2020, questo prodotto \u00e8 piuttosto raro da trovare nei negozi, perch\u00e9 si tratta della variet\u00e0 5 grappoli con l'aggiunta \"Invecchiato\" da non confondere con la versione pi\u00f9 economica 5 grappoli senza l'aggiunta \"Invecchiato\".","robots":{"index":"index","follow":"follow","max-snippet":"max-snippet:-1","max-image-preview":"max-image-preview:large","max-video-preview":"max-video-preview:-1"},"canonical":"https:\/\/balsamico.shop\/it\/prodotto\/giuseppe-cremonini-aceto-balsamico-di-modena-invecchiato-5-grappoli\/","og_locale":"it_IT","og_type":"article","og_title":"Aceto Balsamico di Modena I.G.P. - Invecchiato - Cremonini - Aceto Balsamico Shop - Italia","og_description":"Vincitore del test della rivista tedesca \u00d6KO-TEST nel numero di luglio 2021 e del concorso di Stiftung Warentest nel 2020, questo prodotto \u00e8 piuttosto raro da trovare nei negozi, perch\u00e9 si tratta della variet\u00e0 5 grappoli con l'aggiunta \"Invecchiato\" da non confondere con la versione pi\u00f9 economica 5 grappoli senza l'aggiunta \"Invecchiato\".","og_url":"https:\/\/balsamico.shop\/it\/prodotto\/giuseppe-cremonini-aceto-balsamico-di-modena-invecchiato-5-grappoli\/","og_site_name":"Aceto Balsamico Shop - Italia","article_modified_time":"2026-05-15T21:33:44+00:00","og_image":[{"width":1600,"height":1872,"url":"https:\/\/balsamico.shop\/it\/wp-content\/uploads\/2020\/04\/giuseppe-cremonini-aceto-balsamico-di-modena-invecchiato-5-trauben-aged.jpg","type":"image\/jpeg"}],"twitter_card":"summary_large_image","twitter_misc":{"Tempo di lettura stimato":"4 minuti"},"schema":{"@context":"https:\/\/schema.org","@graph":[{"@type":"WebPage","@id":"https:\/\/balsamico.shop\/it\/prodotto\/giuseppe-cremonini-aceto-balsamico-di-modena-invecchiato-5-grappoli\/","url":"https:\/\/balsamico.shop\/it\/prodotto\/giuseppe-cremonini-aceto-balsamico-di-modena-invecchiato-5-grappoli\/","name":"Aceto Balsamico di Modena I.G.P. - Invecchiato - Cremonini - Aceto Balsamico Shop - Italia","isPartOf":{"@id":"https:\/\/balsamico.shop\/it\/#website"},"primaryImageOfPage":{"@id":"https:\/\/balsamico.shop\/it\/prodotto\/giuseppe-cremonini-aceto-balsamico-di-modena-invecchiato-5-grappoli\/#primaryimage"},"image":{"@id":"https:\/\/balsamico.shop\/it\/prodotto\/giuseppe-cremonini-aceto-balsamico-di-modena-invecchiato-5-grappoli\/#primaryimage"},"thumbnailUrl":"https:\/\/balsamico.shop\/it\/wp-content\/uploads\/2020\/04\/giuseppe-cremonini-aceto-balsamico-di-modena-invecchiato-5-trauben-aged.jpg","datePublished":"2020-04-19T12:34:20+00:00","dateModified":"2026-05-15T21:33:44+00:00","description":"Vincitore del test della rivista tedesca \u00d6KO-TEST nel numero di luglio 2021 e del concorso di Stiftung Warentest nel 2020, questo prodotto \u00e8 piuttosto raro da trovare nei negozi, perch\u00e9 si tratta della variet\u00e0 5 grappoli con l'aggiunta \"Invecchiato\" da non confondere con la versione pi\u00f9 economica 5 grappoli senza l'aggiunta \"Invecchiato\".","breadcrumb":{"@id":"https:\/\/balsamico.shop\/it\/prodotto\/giuseppe-cremonini-aceto-balsamico-di-modena-invecchiato-5-grappoli\/#breadcrumb"},"inLanguage":"it-IT","potentialAction":[{"@type":"ReadAction","target":["https:\/\/balsamico.shop\/it\/prodotto\/giuseppe-cremonini-aceto-balsamico-di-modena-invecchiato-5-grappoli\/"]}]},{"@type":"ImageObject","inLanguage":"it-IT","@id":"https:\/\/balsamico.shop\/it\/prodotto\/giuseppe-cremonini-aceto-balsamico-di-modena-invecchiato-5-grappoli\/#primaryimage","url":"https:\/\/balsamico.shop\/it\/wp-content\/uploads\/2020\/04\/giuseppe-cremonini-aceto-balsamico-di-modena-invecchiato-5-trauben-aged.jpg","contentUrl":"https:\/\/balsamico.shop\/it\/wp-content\/uploads\/2020\/04\/giuseppe-cremonini-aceto-balsamico-di-modena-invecchiato-5-trauben-aged.jpg","width":1600,"height":1872},{"@type":"BreadcrumbList","@id":"https:\/\/balsamico.shop\/it\/prodotto\/giuseppe-cremonini-aceto-balsamico-di-modena-invecchiato-5-grappoli\/#breadcrumb","itemListElement":[{"@type":"ListItem","position":1,"name":"Home","item":"https:\/\/balsamico.shop\/it\/"},{"@type":"ListItem","position":2,"name":"Aceto Balsamico Shop","item":"https:\/\/balsamico.shop\/it\/shop\/"},{"@type":"ListItem","position":3,"name":"Aceto Balsamico di Modena I.G.P. &#8211; Invecchiato &#8211; Cremonini"}]},{"@type":"WebSite","@id":"https:\/\/balsamico.shop\/it\/#website","url":"https:\/\/balsamico.shop\/it\/","name":"Aceto Balsamico Shop - Italia","description":"Il miglior aceto balsamico di Modena e Reggio Emilia","potentialAction":[{"@type":"SearchAction","target":{"@type":"EntryPoint","urlTemplate":"https:\/\/balsamico.shop\/it\/?s={search_term_string}"},"query-input":{"@type":"PropertyValueSpecification","valueRequired":true,"valueName":"search_term_string"}}],"inLanguage":"it-IT"}]}},"_links":{"self":[{"href":"https:\/\/balsamico.shop\/it\/wp-json\/wp\/v2\/product\/1964","targetHints":{"allow":["GET"]}}],"collection":[{"href":"https:\/\/balsamico.shop\/it\/wp-json\/wp\/v2\/product"}],"about":[{"href":"https:\/\/balsamico.shop\/it\/wp-json\/wp\/v2\/types\/product"}],"wp:featuredmedia":[{"embeddable":true,"href":"https:\/\/balsamico.shop\/it\/wp-json\/wp\/v2\/media\/1965"}],"wp:attachment":[{"href":"https:\/\/balsamico.shop\/it\/wp-json\/wp\/v2\/media?parent=1964"}],"wp:term":[{"taxonomy":"product_brand","embeddable":true,"href":"https:\/\/balsamico.shop\/it\/wp-json\/wp\/v2\/product_brand?post=1964"},{"taxonomy":"product_cat","embeddable":true,"href":"https:\/\/balsamico.shop\/it\/wp-json\/wp\/v2\/product_cat?post=1964"},{"taxonomy":"product_tag","embeddable":true,"href":"https:\/\/balsamico.shop\/it\/wp-json\/wp\/v2\/product_tag?post=1964"}],"curies":[{"name":"wp","href":"https:\/\/api.w.org\/{rel}","templated":true}]}}