{"id":1878,"date":"2016-10-02T16:54:11","date_gmt":"2016-10-02T14:54:11","guid":{"rendered":"https:\/\/balsamico.shop\/it\/?post_type=product&#038;p=1878"},"modified":"2024-07-15T17:47:15","modified_gmt":"2024-07-15T15:47:15","slug":"abt-modena-extra-vecchio-premium-pedroni","status":"publish","type":"product","link":"https:\/\/balsamico.shop\/it\/prodotto\/abt-modena-extra-vecchio-premium-pedroni\/","title":{"rendered":"Aceto Balsamico Tradizionale di Modena Extra Vecchio Premium &#8211; Pedroni"},"content":{"rendered":"<p><img loading=\"lazy\" decoding=\"async\" class=\"size-medium wp-image-396 alignright\" src=\"https:\/\/balsamico.shop\/de\/wp-content\/uploads\/2016\/10\/pedroni-199x300.png\" alt=\"pedroni\" width=\"199\" height=\"300\" srcset=\"https:\/\/balsamico.shop\/it\/wp-content\/uploads\/2016\/10\/pedroni-199x300.png 199w, https:\/\/balsamico.shop\/it\/wp-content\/uploads\/2016\/10\/pedroni.png 215w\" sizes=\"auto, (max-width: 199px) 100vw, 199px\" \/><strong>Questo prodotto \u00e8 la definizione di Aceto Balsamico<\/strong>. Se volete sapere che sapore dovrebbe avere l&#8217;originale, provate questa squisita goccia proveniente dalle botti di famiglia della famiglia Pedroni di Modena. Il balsamico di questa antica batteria di botti, le cui origini risalgono al 1862, definisce il prodotto epicureo che nel corso dei decenni ha ottenuto numerosi riconoscimenti ed \u00e8 oggi conosciuto come &#8220;<strong>Aceto Balsamico Tradizionale di Modena DOP extra vecchio<\/strong>&#8220;. Un prodotto di qualit\u00e0 non riproducibile, caratterizzato da infinita pazienza e passione. La batteria di botti della famiglia Pedroni, da cui proviene questo aceto balsamico, \u00e8 composta da vecchie botti di rovere e castagno. Alcune di queste botti sono in uso da oltre 100 anni e conferiscono a <strong>questo prodotto chiamato Cesare<\/strong> il suo gusto inconfondibile e genuino. Il balsamico di queste botti ha subito almeno 50 trasferimenti. Poich\u00e9 viene effettuato un solo trasferimento all&#8217;anno, il periodo di maturazione \u00e8 di almeno 50 anni. <strong>Cesare Pedroni<\/strong>, bisnonno di Giuseppe III Pedroni, fu la prima generazione di Pedroni a professionalizzare la produzione di aceto balsamico a Rubbiara, vicino a Modena, oltre a gestire la propria osteria. Grazie alla sua passione per l&#8217;Aceto Balsamico, ha costruito un futuro sicuro per la sua famiglia.<\/p>\n<blockquote><p>La qualit\u00e0 \u00e8 ancora ricordata quando il prezzo \u00e8 ormai dimenticato. Aldo Gucci<\/p><\/blockquote>\n<p>Per questo prodotto \u00e8 previsto un ordine massimo di 1 bottiglia a persona, fino a esaurimento scorte.<\/p>\n<p><strong>Ingredienti<\/strong>: 100% mosto d&#8217;uva di Trebbiano di Spagna.<\/p>\n<p><strong>Nota<\/strong>: si tratta di un prodotto naturale al 100%, senza additivi.<\/p>\n<p>Produttore:<br \/>\nAz. Agr. Pedroni<br \/>\nVia Risaia, 6<br \/>\nRubbiara di Nonantola<br \/>\n41015 Modena<br \/>\nItalia<\/p>\n","protected":false},"excerpt":{"rendered":"<p>Questo prodotto \u00e8 la definizione di Aceto Balsamico. Se volete sapere che sapore dovrebbe avere l&#8217;originale, provate questa squisita goccia proveniente dalle botti di famiglia della famiglia Pedroni di Modena. Il balsamico di questa antica batteria di botti, le cui origini risalgono al 1862, definisce il prodotto epicureo che nel corso dei decenni ha ottenuto numerosi riconoscimenti ed \u00e8 oggi conosciuto come &#8220;Aceto Balsamico Tradizionale di Modena DOP extra vecchio&#8220;. Un prodotto di qualit\u00e0 non riproducibile, caratterizzato da infinita pazienza e passione. La batteria di botti della famiglia Pedroni, da cui proviene questo aceto balsamico, \u00e8 composta da vecchie botti di rovere e castagno. Alcune di queste botti sono in uso da oltre 100 anni e conferiscono a questo prodotto chiamato Cesare il suo gusto inconfondibile e genuino. Il balsamico di queste botti ha subito almeno 50 trasferimenti. Poich\u00e9 viene effettuato un solo trasferimento all&#8217;anno, il periodo di maturazione \u00e8 di almeno 50 anni. Cesare Pedroni, bisnonno di Giuseppe III Pedroni, fu la prima generazione di Pedroni a professionalizzare la produzione di aceto balsamico a Rubbiara, vicino a Modena, oltre a gestire la propria osteria. Grazie alla sua passione per l&#8217;Aceto Balsamico, ha costruito un futuro sicuro per la sua famiglia. La qualit\u00e0 \u00e8 ancora ricordata quando il prezzo \u00e8 ormai dimenticato. Aldo Gucci Per questo prodotto \u00e8 previsto un ordine massimo di 1 bottiglia a persona, fino a esaurimento scorte. Ingredienti: 100% mosto d&#8217;uva di Trebbiano di Spagna. Nota: si tratta di un prodotto naturale al 100%, senza additivi. Produttore: Az. Agr. Pedroni Via Risaia, 6 Rubbiara di Nonantola 41015 Modena Italia<\/p>\n","protected":false},"featured_media":2014,"template":"","meta":[],"product_brand":[],"product_cat":[32],"product_tag":[],"class_list":{"0":"post-1878","1":"product","2":"type-product","3":"status-publish","4":"has-post-thumbnail","6":"product_cat-pedroni","7":"product_shipping_class-ueber-75","9":"first","10":"outofstock","11":"taxable","12":"shipping-taxable","13":"purchasable","14":"product-type-simple"},"bundle_layout":"","bundled_by":[],"bundled_items":[],"yoast_head":"<!-- This site is optimized with the Yoast SEO plugin v27.5 - https:\/\/yoast.com\/product\/yoast-seo-wordpress\/ -->\n<title>Aceto Balsamico Tradizionale di Modena Extra Vecchio Premium - Pedroni<\/title>\n<meta name=\"robots\" content=\"index, follow, max-snippet:-1, max-image-preview:large, max-video-preview:-1\" \/>\n<link rel=\"canonical\" href=\"https:\/\/balsamico.shop\/it\/prodotto\/abt-modena-extra-vecchio-premium-pedroni\/\" \/>\n<meta property=\"og:locale\" content=\"it_IT\" \/>\n<meta property=\"og:type\" content=\"article\" \/>\n<meta property=\"og:title\" content=\"Aceto Balsamico Tradizionale di Modena Extra Vecchio Premium - Pedroni\" \/>\n<meta property=\"og:description\" content=\"Questo prodotto \u00e8 la definizione di Aceto Balsamico. Se volete sapere che sapore dovrebbe avere l&#8217;originale, provate questa squisita goccia proveniente dalle botti di famiglia della famiglia Pedroni di Modena. Il balsamico di questa antica batteria di botti, le cui origini risalgono al 1862, definisce il prodotto epicureo che nel corso dei decenni ha ottenuto numerosi riconoscimenti ed \u00e8 oggi conosciuto come &#8220;Aceto Balsamico Tradizionale di Modena DOP extra vecchio&#8220;. Un prodotto di qualit\u00e0 non riproducibile, caratterizzato da infinita pazienza e passione. La batteria di botti della famiglia Pedroni, da cui proviene questo aceto balsamico, \u00e8 composta da vecchie botti di rovere e castagno. Alcune di queste botti sono in uso da oltre 100 anni e conferiscono a questo prodotto chiamato Cesare il suo gusto inconfondibile e genuino. Il balsamico di queste botti ha subito almeno 50 trasferimenti. Poich\u00e9 viene effettuato un solo trasferimento all&#8217;anno, il periodo di maturazione \u00e8 di almeno 50 anni. Cesare Pedroni, bisnonno di Giuseppe III Pedroni, fu la prima generazione di Pedroni a professionalizzare la produzione di aceto balsamico a Rubbiara, vicino a Modena, oltre a gestire la propria osteria. Grazie alla sua passione per l&#8217;Aceto Balsamico, ha costruito un futuro sicuro per la sua famiglia. La qualit\u00e0 \u00e8 ancora ricordata quando il prezzo \u00e8 ormai dimenticato. Aldo Gucci Per questo prodotto \u00e8 previsto un ordine massimo di 1 bottiglia a persona, fino a esaurimento scorte. Ingredienti: 100% mosto d&#8217;uva di Trebbiano di Spagna. Nota: si tratta di un prodotto naturale al 100%, senza additivi. Produttore: Az. Agr. Pedroni Via Risaia, 6 Rubbiara di Nonantola 41015 Modena Italia\" \/>\n<meta property=\"og:url\" content=\"https:\/\/balsamico.shop\/it\/prodotto\/abt-modena-extra-vecchio-premium-pedroni\/\" \/>\n<meta property=\"og:site_name\" content=\"Aceto Balsamico Shop - Italia\" \/>\n<meta property=\"article:modified_time\" content=\"2024-07-15T15:47:15+00:00\" \/>\n<meta property=\"og:image\" content=\"https:\/\/balsamico.shop\/it\/wp-content\/uploads\/2016\/10\/pedroni-aceto-balsamico-tradizionale-extravecchio-cesare-1.jpg\" \/>\n\t<meta property=\"og:image:width\" content=\"1600\" \/>\n\t<meta property=\"og:image:height\" content=\"1872\" \/>\n\t<meta property=\"og:image:type\" content=\"image\/jpeg\" \/>\n<meta name=\"twitter:card\" content=\"summary_large_image\" \/>\n<meta name=\"twitter:label1\" content=\"Tempo di lettura stimato\" \/>\n\t<meta name=\"twitter:data1\" content=\"2 minuti\" \/>\n<script type=\"application\/ld+json\" class=\"yoast-schema-graph\">{\"@context\":\"https:\\\/\\\/schema.org\",\"@graph\":[{\"@type\":\"WebPage\",\"@id\":\"https:\\\/\\\/balsamico.shop\\\/it\\\/prodotto\\\/abt-modena-extra-vecchio-premium-pedroni\\\/\",\"url\":\"https:\\\/\\\/balsamico.shop\\\/it\\\/prodotto\\\/abt-modena-extra-vecchio-premium-pedroni\\\/\",\"name\":\"Aceto Balsamico Tradizionale di Modena Extra Vecchio Premium - Pedroni\",\"isPartOf\":{\"@id\":\"https:\\\/\\\/balsamico.shop\\\/it\\\/#website\"},\"primaryImageOfPage\":{\"@id\":\"https:\\\/\\\/balsamico.shop\\\/it\\\/prodotto\\\/abt-modena-extra-vecchio-premium-pedroni\\\/#primaryimage\"},\"image\":{\"@id\":\"https:\\\/\\\/balsamico.shop\\\/it\\\/prodotto\\\/abt-modena-extra-vecchio-premium-pedroni\\\/#primaryimage\"},\"thumbnailUrl\":\"https:\\\/\\\/balsamico.shop\\\/it\\\/wp-content\\\/uploads\\\/2016\\\/10\\\/pedroni-aceto-balsamico-tradizionale-extravecchio-cesare-1.jpg\",\"datePublished\":\"2016-10-02T14:54:11+00:00\",\"dateModified\":\"2024-07-15T15:47:15+00:00\",\"breadcrumb\":{\"@id\":\"https:\\\/\\\/balsamico.shop\\\/it\\\/prodotto\\\/abt-modena-extra-vecchio-premium-pedroni\\\/#breadcrumb\"},\"inLanguage\":\"it-IT\",\"potentialAction\":[{\"@type\":\"ReadAction\",\"target\":[\"https:\\\/\\\/balsamico.shop\\\/it\\\/prodotto\\\/abt-modena-extra-vecchio-premium-pedroni\\\/\"]}]},{\"@type\":\"ImageObject\",\"inLanguage\":\"it-IT\",\"@id\":\"https:\\\/\\\/balsamico.shop\\\/it\\\/prodotto\\\/abt-modena-extra-vecchio-premium-pedroni\\\/#primaryimage\",\"url\":\"https:\\\/\\\/balsamico.shop\\\/it\\\/wp-content\\\/uploads\\\/2016\\\/10\\\/pedroni-aceto-balsamico-tradizionale-extravecchio-cesare-1.jpg\",\"contentUrl\":\"https:\\\/\\\/balsamico.shop\\\/it\\\/wp-content\\\/uploads\\\/2016\\\/10\\\/pedroni-aceto-balsamico-tradizionale-extravecchio-cesare-1.jpg\",\"width\":1600,\"height\":1872},{\"@type\":\"BreadcrumbList\",\"@id\":\"https:\\\/\\\/balsamico.shop\\\/it\\\/prodotto\\\/abt-modena-extra-vecchio-premium-pedroni\\\/#breadcrumb\",\"itemListElement\":[{\"@type\":\"ListItem\",\"position\":1,\"name\":\"Home\",\"item\":\"https:\\\/\\\/balsamico.shop\\\/it\\\/\"},{\"@type\":\"ListItem\",\"position\":2,\"name\":\"Aceto Balsamico Shop\",\"item\":\"https:\\\/\\\/balsamico.shop\\\/it\\\/shop\\\/\"},{\"@type\":\"ListItem\",\"position\":3,\"name\":\"Aceto Balsamico Tradizionale di Modena Extra Vecchio Premium &#8211; Pedroni\"}]},{\"@type\":\"WebSite\",\"@id\":\"https:\\\/\\\/balsamico.shop\\\/it\\\/#website\",\"url\":\"https:\\\/\\\/balsamico.shop\\\/it\\\/\",\"name\":\"Aceto Balsamico Shop - Italia\",\"description\":\"Il miglior aceto balsamico di Modena e Reggio Emilia\",\"potentialAction\":[{\"@type\":\"SearchAction\",\"target\":{\"@type\":\"EntryPoint\",\"urlTemplate\":\"https:\\\/\\\/balsamico.shop\\\/it\\\/?s={search_term_string}\"},\"query-input\":{\"@type\":\"PropertyValueSpecification\",\"valueRequired\":true,\"valueName\":\"search_term_string\"}}],\"inLanguage\":\"it-IT\"}]}<\/script>\n<!-- \/ Yoast SEO plugin. -->","yoast_head_json":{"title":"Aceto Balsamico Tradizionale di Modena Extra Vecchio Premium - Pedroni","robots":{"index":"index","follow":"follow","max-snippet":"max-snippet:-1","max-image-preview":"max-image-preview:large","max-video-preview":"max-video-preview:-1"},"canonical":"https:\/\/balsamico.shop\/it\/prodotto\/abt-modena-extra-vecchio-premium-pedroni\/","og_locale":"it_IT","og_type":"article","og_title":"Aceto Balsamico Tradizionale di Modena Extra Vecchio Premium - Pedroni","og_description":"Questo prodotto \u00e8 la definizione di Aceto Balsamico. Se volete sapere che sapore dovrebbe avere l&#8217;originale, provate questa squisita goccia proveniente dalle botti di famiglia della famiglia Pedroni di Modena. Il balsamico di questa antica batteria di botti, le cui origini risalgono al 1862, definisce il prodotto epicureo che nel corso dei decenni ha ottenuto numerosi riconoscimenti ed \u00e8 oggi conosciuto come &#8220;Aceto Balsamico Tradizionale di Modena DOP extra vecchio&#8220;. Un prodotto di qualit\u00e0 non riproducibile, caratterizzato da infinita pazienza e passione. La batteria di botti della famiglia Pedroni, da cui proviene questo aceto balsamico, \u00e8 composta da vecchie botti di rovere e castagno. Alcune di queste botti sono in uso da oltre 100 anni e conferiscono a questo prodotto chiamato Cesare il suo gusto inconfondibile e genuino. Il balsamico di queste botti ha subito almeno 50 trasferimenti. Poich\u00e9 viene effettuato un solo trasferimento all&#8217;anno, il periodo di maturazione \u00e8 di almeno 50 anni. Cesare Pedroni, bisnonno di Giuseppe III Pedroni, fu la prima generazione di Pedroni a professionalizzare la produzione di aceto balsamico a Rubbiara, vicino a Modena, oltre a gestire la propria osteria. Grazie alla sua passione per l&#8217;Aceto Balsamico, ha costruito un futuro sicuro per la sua famiglia. La qualit\u00e0 \u00e8 ancora ricordata quando il prezzo \u00e8 ormai dimenticato. Aldo Gucci Per questo prodotto \u00e8 previsto un ordine massimo di 1 bottiglia a persona, fino a esaurimento scorte. Ingredienti: 100% mosto d&#8217;uva di Trebbiano di Spagna. Nota: si tratta di un prodotto naturale al 100%, senza additivi. Produttore: Az. Agr. Pedroni Via Risaia, 6 Rubbiara di Nonantola 41015 Modena Italia","og_url":"https:\/\/balsamico.shop\/it\/prodotto\/abt-modena-extra-vecchio-premium-pedroni\/","og_site_name":"Aceto Balsamico Shop - Italia","article_modified_time":"2024-07-15T15:47:15+00:00","og_image":[{"width":1600,"height":1872,"url":"https:\/\/balsamico.shop\/it\/wp-content\/uploads\/2016\/10\/pedroni-aceto-balsamico-tradizionale-extravecchio-cesare-1.jpg","type":"image\/jpeg"}],"twitter_card":"summary_large_image","twitter_misc":{"Tempo di lettura stimato":"2 minuti"},"schema":{"@context":"https:\/\/schema.org","@graph":[{"@type":"WebPage","@id":"https:\/\/balsamico.shop\/it\/prodotto\/abt-modena-extra-vecchio-premium-pedroni\/","url":"https:\/\/balsamico.shop\/it\/prodotto\/abt-modena-extra-vecchio-premium-pedroni\/","name":"Aceto Balsamico Tradizionale di Modena Extra Vecchio Premium - Pedroni","isPartOf":{"@id":"https:\/\/balsamico.shop\/it\/#website"},"primaryImageOfPage":{"@id":"https:\/\/balsamico.shop\/it\/prodotto\/abt-modena-extra-vecchio-premium-pedroni\/#primaryimage"},"image":{"@id":"https:\/\/balsamico.shop\/it\/prodotto\/abt-modena-extra-vecchio-premium-pedroni\/#primaryimage"},"thumbnailUrl":"https:\/\/balsamico.shop\/it\/wp-content\/uploads\/2016\/10\/pedroni-aceto-balsamico-tradizionale-extravecchio-cesare-1.jpg","datePublished":"2016-10-02T14:54:11+00:00","dateModified":"2024-07-15T15:47:15+00:00","breadcrumb":{"@id":"https:\/\/balsamico.shop\/it\/prodotto\/abt-modena-extra-vecchio-premium-pedroni\/#breadcrumb"},"inLanguage":"it-IT","potentialAction":[{"@type":"ReadAction","target":["https:\/\/balsamico.shop\/it\/prodotto\/abt-modena-extra-vecchio-premium-pedroni\/"]}]},{"@type":"ImageObject","inLanguage":"it-IT","@id":"https:\/\/balsamico.shop\/it\/prodotto\/abt-modena-extra-vecchio-premium-pedroni\/#primaryimage","url":"https:\/\/balsamico.shop\/it\/wp-content\/uploads\/2016\/10\/pedroni-aceto-balsamico-tradizionale-extravecchio-cesare-1.jpg","contentUrl":"https:\/\/balsamico.shop\/it\/wp-content\/uploads\/2016\/10\/pedroni-aceto-balsamico-tradizionale-extravecchio-cesare-1.jpg","width":1600,"height":1872},{"@type":"BreadcrumbList","@id":"https:\/\/balsamico.shop\/it\/prodotto\/abt-modena-extra-vecchio-premium-pedroni\/#breadcrumb","itemListElement":[{"@type":"ListItem","position":1,"name":"Home","item":"https:\/\/balsamico.shop\/it\/"},{"@type":"ListItem","position":2,"name":"Aceto Balsamico Shop","item":"https:\/\/balsamico.shop\/it\/shop\/"},{"@type":"ListItem","position":3,"name":"Aceto Balsamico Tradizionale di Modena Extra Vecchio Premium &#8211; Pedroni"}]},{"@type":"WebSite","@id":"https:\/\/balsamico.shop\/it\/#website","url":"https:\/\/balsamico.shop\/it\/","name":"Aceto Balsamico Shop - Italia","description":"Il miglior aceto balsamico di Modena e Reggio Emilia","potentialAction":[{"@type":"SearchAction","target":{"@type":"EntryPoint","urlTemplate":"https:\/\/balsamico.shop\/it\/?s={search_term_string}"},"query-input":{"@type":"PropertyValueSpecification","valueRequired":true,"valueName":"search_term_string"}}],"inLanguage":"it-IT"}]}},"_links":{"self":[{"href":"https:\/\/balsamico.shop\/it\/wp-json\/wp\/v2\/product\/1878","targetHints":{"allow":["GET"]}}],"collection":[{"href":"https:\/\/balsamico.shop\/it\/wp-json\/wp\/v2\/product"}],"about":[{"href":"https:\/\/balsamico.shop\/it\/wp-json\/wp\/v2\/types\/product"}],"wp:featuredmedia":[{"embeddable":true,"href":"https:\/\/balsamico.shop\/it\/wp-json\/wp\/v2\/media\/2014"}],"wp:attachment":[{"href":"https:\/\/balsamico.shop\/it\/wp-json\/wp\/v2\/media?parent=1878"}],"wp:term":[{"taxonomy":"product_brand","embeddable":true,"href":"https:\/\/balsamico.shop\/it\/wp-json\/wp\/v2\/product_brand?post=1878"},{"taxonomy":"product_cat","embeddable":true,"href":"https:\/\/balsamico.shop\/it\/wp-json\/wp\/v2\/product_cat?post=1878"},{"taxonomy":"product_tag","embeddable":true,"href":"https:\/\/balsamico.shop\/it\/wp-json\/wp\/v2\/product_tag?post=1878"}],"curies":[{"name":"wp","href":"https:\/\/api.w.org\/{rel}","templated":true}]}}