{"id":1861,"date":"2016-09-23T08:31:29","date_gmt":"2016-09-23T06:31:29","guid":{"rendered":"https:\/\/balsamico.shop\/it\/?post_type=product&#038;p=1861"},"modified":"2026-03-11T11:24:37","modified_gmt":"2026-03-11T10:24:37","slug":"cavalli-abte-aceto-balsamico-reggio-emilia-25-oro","status":"publish","type":"product","link":"https:\/\/balsamico.shop\/it\/prodotto\/cavalli-abte-aceto-balsamico-reggio-emilia-25-oro\/","title":{"rendered":"Balsamico Tradizionale &#8211; Cavalli &#8211; 25 anni &#8211; Oro &#8211; extravecchio"},"content":{"rendered":"<p><strong>L&#8217;Acetaia Cavalli<\/strong> produce il suo Aceto Balsamico Tradizionale dorato nel piccolo comune di Fellegara di Scandiano, a 10 km da Reggio Emilia.\u00a0 L&#8217;enologo Giovanni Cavalli, insieme al fratello Roberto, continua la tradizione del padre e produce commercialmente Aceto Balsamico Tradizionale dal 1980. Gi\u00e0 negli anni Cinquanta, suo padre ha gettato le basi dell&#8217;attivit\u00e0 odierna acquistando antiche botti. Con oltre 800 botti, \u00e8 l&#8217;acetaia pi\u00f9 grande della regione.<\/p>\n<p>Per il suo Aceto Balsamico Tradizionale di Reggio Emilia Extravecchio sono state utilizzate solo le uve particolarmente dolci e chiare della variet\u00e0 Trebbiano. La serie qui in vendita \u00e8 stata invecchiata in cinque botti di legno nel seguente ordine: rovere, castagno, ginepro, ciliegio e gelso.<strong> La densit\u00e0 di questo balsamico \u00e8 di 1,35<\/strong>, ben al di sopra della specifica minima di 1,2, quindi questo balsamico \u00e8 pi\u00f9 denso di altri della nostra gamma. Sono disponibili solo 40 bottiglie di questa serie in tutto il mondo!<\/p>\n<p>Per ricevere il sigillo &#8220;Oro&#8221;, il balsamico deve aver ottenuto <strong>almeno 300 punti su 400<\/strong> nella valutazione dei controllori. L&#8217;aggiunta &#8220;extravecchio&#8221; definisce che questo Balsamico \u00e8 stato maturato per almeno 25 anni in botti di legno tradizionali.<\/p>\n<p>Ogni imbottigliamento \u00e8 controllato e certificato dal <a href=\"https:\/\/www.politicheagricole.it\/flex\/cm\/pages\/ServeBLOB.php\/L\/IT\/IDPagina\/309\">Ministero delle Politiche Agricole, Alimentari e Forestali<\/a>. Il consumatore pu\u00f2 riconoscere l&#8217;originale dal sigillo di ceralacca, contrassegnato dalle lettere: &#8220;<strong>DOP ABTRE<\/strong>&#8220;. Anche per questo aceto balsamico \u00e8 prescritta la forma a tulipano della bottiglia. La bottiglia \u00e8 contrassegnata dal sigillo D.O.P. rosso-giallo. L&#8217;etichetta riporta la dicitura &#8220;Certificato da organismo di controllo autorizzato dal Mipaaf&#8221; e conferma il test di accettazione da parte del Ministero.<\/p>\n<p><strong>Ingredienti<\/strong>: 100% mosto d&#8217;uva cotto<\/p>\n<p>Nota: non contiene solfiti<\/p>\n<p>Produttore:<br \/>\nCavalli cav. Ferdinando srl<br \/>\nVia del Cristo 6\/ab<br \/>\n42019 Scandiano Reggio Emilia<br \/>\nItalia<\/p>\n","protected":false},"excerpt":{"rendered":"<p>L&#8217;Acetaia Cavalli produce il suo Aceto Balsamico Tradizionale dorato nel piccolo comune di Fellegara di Scandiano, a 10 km da Reggio Emilia.\u00a0 L&#8217;enologo Giovanni Cavalli, insieme al fratello Roberto, continua la tradizione del padre e produce commercialmente Aceto Balsamico Tradizionale dal 1980. Gi\u00e0 negli anni Cinquanta, suo padre ha gettato le basi dell&#8217;attivit\u00e0 odierna acquistando antiche botti. Con oltre 800 botti, \u00e8 l&#8217;acetaia pi\u00f9 grande della regione. Per il suo Aceto Balsamico Tradizionale di Reggio Emilia Extravecchio sono state utilizzate solo le uve particolarmente dolci e chiare della variet\u00e0 Trebbiano. La serie qui in vendita \u00e8 stata invecchiata in cinque botti di legno nel seguente ordine: rovere, castagno, ginepro, ciliegio e gelso. La densit\u00e0 di questo balsamico \u00e8 di 1,35, ben al di sopra della specifica minima di 1,2, quindi questo balsamico \u00e8 pi\u00f9 denso di altri della nostra gamma. Sono disponibili solo 40 bottiglie di questa serie in tutto il mondo! Per ricevere il sigillo &#8220;Oro&#8221;, il balsamico deve aver ottenuto almeno 300 punti su 400 nella valutazione dei controllori. L&#8217;aggiunta &#8220;extravecchio&#8221; definisce che questo Balsamico \u00e8 stato maturato per almeno 25 anni in botti di legno tradizionali. Ogni imbottigliamento \u00e8 controllato e certificato dal Ministero delle Politiche Agricole, Alimentari e Forestali. Il consumatore pu\u00f2 riconoscere l&#8217;originale dal sigillo di ceralacca, contrassegnato dalle lettere: &#8220;DOP ABTRE&#8220;. Anche per questo aceto balsamico \u00e8 prescritta la forma a tulipano della bottiglia. La bottiglia \u00e8 contrassegnata dal sigillo D.O.P. rosso-giallo. L&#8217;etichetta riporta la dicitura &#8220;Certificato da organismo di controllo autorizzato dal Mipaaf&#8221; e conferma il test di accettazione da parte del Ministero. Ingredienti: 100% mosto d&#8217;uva cotto Nota: non contiene solfiti Produttore: Cavalli cav. Ferdinando srl Via del Cristo 6\/ab 42019 Scandiano Reggio Emilia Italia<\/p>\n","protected":false},"featured_media":2027,"template":"","meta":[],"product_brand":[],"product_cat":[31],"product_tag":[],"class_list":{"0":"post-1861","1":"product","2":"type-product","3":"status-publish","4":"has-post-thumbnail","6":"product_cat-cavalli","7":"product_shipping_class-ueber-75","9":"first","10":"instock","11":"taxable","12":"shipping-taxable","13":"purchasable","14":"product-type-simple"},"bundle_layout":"","bundled_by":[],"bundled_items":[],"yoast_head":"<!-- This site is optimized with the Yoast SEO plugin v27.5 - https:\/\/yoast.com\/product\/yoast-seo-wordpress\/ -->\n<title>Balsamico Tradizionale - Cavalli - 25 anni - Oro - extravecchio<\/title>\n<meta name=\"robots\" content=\"index, follow, max-snippet:-1, max-image-preview:large, max-video-preview:-1\" \/>\n<link rel=\"canonical\" href=\"https:\/\/balsamico.shop\/it\/prodotto\/cavalli-abte-aceto-balsamico-reggio-emilia-25-oro\/\" \/>\n<meta property=\"og:locale\" content=\"it_IT\" \/>\n<meta property=\"og:type\" content=\"article\" \/>\n<meta property=\"og:title\" content=\"Balsamico Tradizionale - Cavalli - 25 anni - Oro - extravecchio\" \/>\n<meta property=\"og:description\" content=\"L&#8217;Acetaia Cavalli produce il suo Aceto Balsamico Tradizionale dorato nel piccolo comune di Fellegara di Scandiano, a 10 km da Reggio Emilia.\u00a0 L&#8217;enologo Giovanni Cavalli, insieme al fratello Roberto, continua la tradizione del padre e produce commercialmente Aceto Balsamico Tradizionale dal 1980. Gi\u00e0 negli anni Cinquanta, suo padre ha gettato le basi dell&#8217;attivit\u00e0 odierna acquistando antiche botti. Con oltre 800 botti, \u00e8 l&#8217;acetaia pi\u00f9 grande della regione. Per il suo Aceto Balsamico Tradizionale di Reggio Emilia Extravecchio sono state utilizzate solo le uve particolarmente dolci e chiare della variet\u00e0 Trebbiano. La serie qui in vendita \u00e8 stata invecchiata in cinque botti di legno nel seguente ordine: rovere, castagno, ginepro, ciliegio e gelso. La densit\u00e0 di questo balsamico \u00e8 di 1,35, ben al di sopra della specifica minima di 1,2, quindi questo balsamico \u00e8 pi\u00f9 denso di altri della nostra gamma. Sono disponibili solo 40 bottiglie di questa serie in tutto il mondo! Per ricevere il sigillo &#8220;Oro&#8221;, il balsamico deve aver ottenuto almeno 300 punti su 400 nella valutazione dei controllori. L&#8217;aggiunta &#8220;extravecchio&#8221; definisce che questo Balsamico \u00e8 stato maturato per almeno 25 anni in botti di legno tradizionali. Ogni imbottigliamento \u00e8 controllato e certificato dal Ministero delle Politiche Agricole, Alimentari e Forestali. Il consumatore pu\u00f2 riconoscere l&#8217;originale dal sigillo di ceralacca, contrassegnato dalle lettere: &#8220;DOP ABTRE&#8220;. Anche per questo aceto balsamico \u00e8 prescritta la forma a tulipano della bottiglia. La bottiglia \u00e8 contrassegnata dal sigillo D.O.P. rosso-giallo. L&#8217;etichetta riporta la dicitura &#8220;Certificato da organismo di controllo autorizzato dal Mipaaf&#8221; e conferma il test di accettazione da parte del Ministero. Ingredienti: 100% mosto d&#8217;uva cotto Nota: non contiene solfiti Produttore: Cavalli cav. Ferdinando srl Via del Cristo 6\/ab 42019 Scandiano Reggio Emilia Italia\" \/>\n<meta property=\"og:url\" content=\"https:\/\/balsamico.shop\/it\/prodotto\/cavalli-abte-aceto-balsamico-reggio-emilia-25-oro\/\" \/>\n<meta property=\"og:site_name\" content=\"Aceto Balsamico Shop - Italia\" \/>\n<meta property=\"article:modified_time\" content=\"2026-03-11T10:24:37+00:00\" \/>\n<meta property=\"og:image\" content=\"https:\/\/balsamico.shop\/it\/wp-content\/uploads\/2016\/09\/aceto-balsamico-tradizionale-gold-reggioemilia-cavalli.jpg\" \/>\n\t<meta property=\"og:image:width\" content=\"1600\" \/>\n\t<meta property=\"og:image:height\" content=\"1872\" \/>\n\t<meta property=\"og:image:type\" content=\"image\/jpeg\" \/>\n<meta name=\"twitter:card\" content=\"summary_large_image\" \/>\n<meta name=\"twitter:label1\" content=\"Tempo di lettura stimato\" \/>\n\t<meta name=\"twitter:data1\" content=\"2 minuti\" \/>\n<script type=\"application\/ld+json\" class=\"yoast-schema-graph\">{\"@context\":\"https:\\\/\\\/schema.org\",\"@graph\":[{\"@type\":\"WebPage\",\"@id\":\"https:\\\/\\\/balsamico.shop\\\/it\\\/prodotto\\\/cavalli-abte-aceto-balsamico-reggio-emilia-25-oro\\\/\",\"url\":\"https:\\\/\\\/balsamico.shop\\\/it\\\/prodotto\\\/cavalli-abte-aceto-balsamico-reggio-emilia-25-oro\\\/\",\"name\":\"Balsamico Tradizionale - Cavalli - 25 anni - Oro - extravecchio\",\"isPartOf\":{\"@id\":\"https:\\\/\\\/balsamico.shop\\\/it\\\/#website\"},\"primaryImageOfPage\":{\"@id\":\"https:\\\/\\\/balsamico.shop\\\/it\\\/prodotto\\\/cavalli-abte-aceto-balsamico-reggio-emilia-25-oro\\\/#primaryimage\"},\"image\":{\"@id\":\"https:\\\/\\\/balsamico.shop\\\/it\\\/prodotto\\\/cavalli-abte-aceto-balsamico-reggio-emilia-25-oro\\\/#primaryimage\"},\"thumbnailUrl\":\"https:\\\/\\\/balsamico.shop\\\/it\\\/wp-content\\\/uploads\\\/2016\\\/09\\\/aceto-balsamico-tradizionale-gold-reggioemilia-cavalli.jpg\",\"datePublished\":\"2016-09-23T06:31:29+00:00\",\"dateModified\":\"2026-03-11T10:24:37+00:00\",\"breadcrumb\":{\"@id\":\"https:\\\/\\\/balsamico.shop\\\/it\\\/prodotto\\\/cavalli-abte-aceto-balsamico-reggio-emilia-25-oro\\\/#breadcrumb\"},\"inLanguage\":\"it-IT\",\"potentialAction\":[{\"@type\":\"ReadAction\",\"target\":[\"https:\\\/\\\/balsamico.shop\\\/it\\\/prodotto\\\/cavalli-abte-aceto-balsamico-reggio-emilia-25-oro\\\/\"]}]},{\"@type\":\"ImageObject\",\"inLanguage\":\"it-IT\",\"@id\":\"https:\\\/\\\/balsamico.shop\\\/it\\\/prodotto\\\/cavalli-abte-aceto-balsamico-reggio-emilia-25-oro\\\/#primaryimage\",\"url\":\"https:\\\/\\\/balsamico.shop\\\/it\\\/wp-content\\\/uploads\\\/2016\\\/09\\\/aceto-balsamico-tradizionale-gold-reggioemilia-cavalli.jpg\",\"contentUrl\":\"https:\\\/\\\/balsamico.shop\\\/it\\\/wp-content\\\/uploads\\\/2016\\\/09\\\/aceto-balsamico-tradizionale-gold-reggioemilia-cavalli.jpg\",\"width\":1600,\"height\":1872},{\"@type\":\"BreadcrumbList\",\"@id\":\"https:\\\/\\\/balsamico.shop\\\/it\\\/prodotto\\\/cavalli-abte-aceto-balsamico-reggio-emilia-25-oro\\\/#breadcrumb\",\"itemListElement\":[{\"@type\":\"ListItem\",\"position\":1,\"name\":\"Home\",\"item\":\"https:\\\/\\\/balsamico.shop\\\/it\\\/\"},{\"@type\":\"ListItem\",\"position\":2,\"name\":\"Aceto Balsamico Shop\",\"item\":\"https:\\\/\\\/balsamico.shop\\\/it\\\/shop\\\/\"},{\"@type\":\"ListItem\",\"position\":3,\"name\":\"Balsamico Tradizionale &#8211; Cavalli &#8211; 25 anni &#8211; Oro &#8211; extravecchio\"}]},{\"@type\":\"WebSite\",\"@id\":\"https:\\\/\\\/balsamico.shop\\\/it\\\/#website\",\"url\":\"https:\\\/\\\/balsamico.shop\\\/it\\\/\",\"name\":\"Aceto Balsamico Shop - Italia\",\"description\":\"Il miglior aceto balsamico di Modena e Reggio Emilia\",\"potentialAction\":[{\"@type\":\"SearchAction\",\"target\":{\"@type\":\"EntryPoint\",\"urlTemplate\":\"https:\\\/\\\/balsamico.shop\\\/it\\\/?s={search_term_string}\"},\"query-input\":{\"@type\":\"PropertyValueSpecification\",\"valueRequired\":true,\"valueName\":\"search_term_string\"}}],\"inLanguage\":\"it-IT\"}]}<\/script>\n<!-- \/ Yoast SEO plugin. -->","yoast_head_json":{"title":"Balsamico Tradizionale - Cavalli - 25 anni - Oro - extravecchio","robots":{"index":"index","follow":"follow","max-snippet":"max-snippet:-1","max-image-preview":"max-image-preview:large","max-video-preview":"max-video-preview:-1"},"canonical":"https:\/\/balsamico.shop\/it\/prodotto\/cavalli-abte-aceto-balsamico-reggio-emilia-25-oro\/","og_locale":"it_IT","og_type":"article","og_title":"Balsamico Tradizionale - Cavalli - 25 anni - Oro - extravecchio","og_description":"L&#8217;Acetaia Cavalli produce il suo Aceto Balsamico Tradizionale dorato nel piccolo comune di Fellegara di Scandiano, a 10 km da Reggio Emilia.\u00a0 L&#8217;enologo Giovanni Cavalli, insieme al fratello Roberto, continua la tradizione del padre e produce commercialmente Aceto Balsamico Tradizionale dal 1980. Gi\u00e0 negli anni Cinquanta, suo padre ha gettato le basi dell&#8217;attivit\u00e0 odierna acquistando antiche botti. Con oltre 800 botti, \u00e8 l&#8217;acetaia pi\u00f9 grande della regione. Per il suo Aceto Balsamico Tradizionale di Reggio Emilia Extravecchio sono state utilizzate solo le uve particolarmente dolci e chiare della variet\u00e0 Trebbiano. La serie qui in vendita \u00e8 stata invecchiata in cinque botti di legno nel seguente ordine: rovere, castagno, ginepro, ciliegio e gelso. La densit\u00e0 di questo balsamico \u00e8 di 1,35, ben al di sopra della specifica minima di 1,2, quindi questo balsamico \u00e8 pi\u00f9 denso di altri della nostra gamma. Sono disponibili solo 40 bottiglie di questa serie in tutto il mondo! Per ricevere il sigillo &#8220;Oro&#8221;, il balsamico deve aver ottenuto almeno 300 punti su 400 nella valutazione dei controllori. L&#8217;aggiunta &#8220;extravecchio&#8221; definisce che questo Balsamico \u00e8 stato maturato per almeno 25 anni in botti di legno tradizionali. Ogni imbottigliamento \u00e8 controllato e certificato dal Ministero delle Politiche Agricole, Alimentari e Forestali. Il consumatore pu\u00f2 riconoscere l&#8217;originale dal sigillo di ceralacca, contrassegnato dalle lettere: &#8220;DOP ABTRE&#8220;. Anche per questo aceto balsamico \u00e8 prescritta la forma a tulipano della bottiglia. La bottiglia \u00e8 contrassegnata dal sigillo D.O.P. rosso-giallo. L&#8217;etichetta riporta la dicitura &#8220;Certificato da organismo di controllo autorizzato dal Mipaaf&#8221; e conferma il test di accettazione da parte del Ministero. Ingredienti: 100% mosto d&#8217;uva cotto Nota: non contiene solfiti Produttore: Cavalli cav. Ferdinando srl Via del Cristo 6\/ab 42019 Scandiano Reggio Emilia Italia","og_url":"https:\/\/balsamico.shop\/it\/prodotto\/cavalli-abte-aceto-balsamico-reggio-emilia-25-oro\/","og_site_name":"Aceto Balsamico Shop - Italia","article_modified_time":"2026-03-11T10:24:37+00:00","og_image":[{"width":1600,"height":1872,"url":"https:\/\/balsamico.shop\/it\/wp-content\/uploads\/2016\/09\/aceto-balsamico-tradizionale-gold-reggioemilia-cavalli.jpg","type":"image\/jpeg"}],"twitter_card":"summary_large_image","twitter_misc":{"Tempo di lettura stimato":"2 minuti"},"schema":{"@context":"https:\/\/schema.org","@graph":[{"@type":"WebPage","@id":"https:\/\/balsamico.shop\/it\/prodotto\/cavalli-abte-aceto-balsamico-reggio-emilia-25-oro\/","url":"https:\/\/balsamico.shop\/it\/prodotto\/cavalli-abte-aceto-balsamico-reggio-emilia-25-oro\/","name":"Balsamico Tradizionale - Cavalli - 25 anni - Oro - extravecchio","isPartOf":{"@id":"https:\/\/balsamico.shop\/it\/#website"},"primaryImageOfPage":{"@id":"https:\/\/balsamico.shop\/it\/prodotto\/cavalli-abte-aceto-balsamico-reggio-emilia-25-oro\/#primaryimage"},"image":{"@id":"https:\/\/balsamico.shop\/it\/prodotto\/cavalli-abte-aceto-balsamico-reggio-emilia-25-oro\/#primaryimage"},"thumbnailUrl":"https:\/\/balsamico.shop\/it\/wp-content\/uploads\/2016\/09\/aceto-balsamico-tradizionale-gold-reggioemilia-cavalli.jpg","datePublished":"2016-09-23T06:31:29+00:00","dateModified":"2026-03-11T10:24:37+00:00","breadcrumb":{"@id":"https:\/\/balsamico.shop\/it\/prodotto\/cavalli-abte-aceto-balsamico-reggio-emilia-25-oro\/#breadcrumb"},"inLanguage":"it-IT","potentialAction":[{"@type":"ReadAction","target":["https:\/\/balsamico.shop\/it\/prodotto\/cavalli-abte-aceto-balsamico-reggio-emilia-25-oro\/"]}]},{"@type":"ImageObject","inLanguage":"it-IT","@id":"https:\/\/balsamico.shop\/it\/prodotto\/cavalli-abte-aceto-balsamico-reggio-emilia-25-oro\/#primaryimage","url":"https:\/\/balsamico.shop\/it\/wp-content\/uploads\/2016\/09\/aceto-balsamico-tradizionale-gold-reggioemilia-cavalli.jpg","contentUrl":"https:\/\/balsamico.shop\/it\/wp-content\/uploads\/2016\/09\/aceto-balsamico-tradizionale-gold-reggioemilia-cavalli.jpg","width":1600,"height":1872},{"@type":"BreadcrumbList","@id":"https:\/\/balsamico.shop\/it\/prodotto\/cavalli-abte-aceto-balsamico-reggio-emilia-25-oro\/#breadcrumb","itemListElement":[{"@type":"ListItem","position":1,"name":"Home","item":"https:\/\/balsamico.shop\/it\/"},{"@type":"ListItem","position":2,"name":"Aceto Balsamico Shop","item":"https:\/\/balsamico.shop\/it\/shop\/"},{"@type":"ListItem","position":3,"name":"Balsamico Tradizionale &#8211; Cavalli &#8211; 25 anni &#8211; Oro &#8211; extravecchio"}]},{"@type":"WebSite","@id":"https:\/\/balsamico.shop\/it\/#website","url":"https:\/\/balsamico.shop\/it\/","name":"Aceto Balsamico Shop - Italia","description":"Il miglior aceto balsamico di Modena e Reggio Emilia","potentialAction":[{"@type":"SearchAction","target":{"@type":"EntryPoint","urlTemplate":"https:\/\/balsamico.shop\/it\/?s={search_term_string}"},"query-input":{"@type":"PropertyValueSpecification","valueRequired":true,"valueName":"search_term_string"}}],"inLanguage":"it-IT"}]}},"_links":{"self":[{"href":"https:\/\/balsamico.shop\/it\/wp-json\/wp\/v2\/product\/1861","targetHints":{"allow":["GET"]}}],"collection":[{"href":"https:\/\/balsamico.shop\/it\/wp-json\/wp\/v2\/product"}],"about":[{"href":"https:\/\/balsamico.shop\/it\/wp-json\/wp\/v2\/types\/product"}],"wp:featuredmedia":[{"embeddable":true,"href":"https:\/\/balsamico.shop\/it\/wp-json\/wp\/v2\/media\/2027"}],"wp:attachment":[{"href":"https:\/\/balsamico.shop\/it\/wp-json\/wp\/v2\/media?parent=1861"}],"wp:term":[{"taxonomy":"product_brand","embeddable":true,"href":"https:\/\/balsamico.shop\/it\/wp-json\/wp\/v2\/product_brand?post=1861"},{"taxonomy":"product_cat","embeddable":true,"href":"https:\/\/balsamico.shop\/it\/wp-json\/wp\/v2\/product_cat?post=1861"},{"taxonomy":"product_tag","embeddable":true,"href":"https:\/\/balsamico.shop\/it\/wp-json\/wp\/v2\/product_tag?post=1861"}],"curies":[{"name":"wp","href":"https:\/\/api.w.org\/{rel}","templated":true}]}}