{"id":1847,"date":"2020-06-04T08:22:22","date_gmt":"2020-06-04T06:22:22","guid":{"rendered":"https:\/\/balsamico.shop\/it\/?post_type=product&#038;p=1847"},"modified":"2026-05-14T21:55:40","modified_gmt":"2026-05-14T19:55:40","slug":"aceto-balsamico-tradizionale-di-modena-extravecchio-malagoli","status":"publish","type":"product","link":"https:\/\/balsamico.shop\/it\/prodotto\/aceto-balsamico-tradizionale-di-modena-extravecchio-malagoli\/","title":{"rendered":"Aceto Balsamico Tradizionale di Modena &#8211; extravecchio &#8211; Malagoli"},"content":{"rendered":"<p>Questo <strong>Aceto Balsamico Tradizionale di Modena D.O.P. extravecchio<\/strong> \u00e8 il pi\u00f9 grande tesoro dell&#8217;Acetaia Malagoli. La famiglia Malagoli produce il suo Aceto Balsamico con grande passione. Quasi 30 anni fa, hanno iniziato a produrre il tradizionale balsamico in una tenuta tipica della regione, a sud-est di Modena, circondata da viti, alberi da frutto e campi. Il numero di botti \u00e8 cresciuto negli anni e con esso l&#8217;eccellente qualit\u00e0 dell&#8217;Aceto Balsamico prodotto. Oggi l&#8217;Acetaia \u00e8 rappresentata da Sofia Malagoli, figlia maggiore dei Malagoli. Come il padre, anche Sofia \u00e8 appassionata di balsamico e partecipa al Consorzio Tutela Aceto Balsamico Tradizionale di Modena come rappresentante, tenendo corsi di balsamico e visite guidate professionali sul tema.<\/p>\n<p>Questo Aceto Balsamico Tradizionale di Modena D.O.P. extravecchio \u00e8 maturato per oltre 25 anni nelle botti di legno dell&#8217;Acetaia Malagoli. Attualmente siamo uno dei pochissimi negozi online in cui \u00e8 possibile acquistare questo Balsamico tradizionale eccezionalmente buono.<\/p>\n<p><img loading=\"lazy\" decoding=\"async\" class=\"alignnone\" src=\"https:\/\/balsamico.shop\/de\/wp-content\/uploads\/2020\/06\/sofia-malagoli-extravecchio.jpg\" alt=\"Sofia Malagoli - Acetaia Malagoli\" width=\"561\" height=\"374\" \/><br \/>\nFoto &#8211; Sofia Malagoli &#8211; Acetaia Malagoli<\/p>\n<p>Questo lotto, che ha una disponibilit\u00e0 molto limitata, \u00e8 stato imbottigliato nel 2020 e si presenta in una scatola decorativa in legno di vero abete italiano con il tipico beccuccio. Per motivi di trasporto, il flacone \u00e8 ulteriormente imballato nella scatola.<\/p>\n<p><strong>Ingredienti<\/strong>: 100% mosto d&#8217;uva cotto.<\/p>\n<p>Nota: pu\u00f2 contenere solfiti.<\/p>\n<p>Produttore:<br \/>\nAcetaia Malagoli Daniele<br \/>\nVia Celeste 9<br \/>\n41013 Castelfranco Emilia (MO), Italia<\/p>\n","protected":false},"excerpt":{"rendered":"<p>Questo Aceto Balsamico Tradizionale di Modena D.O.P. extravecchio \u00e8 il pi\u00f9 grande tesoro dell&#8217;Acetaia Malagoli. La famiglia Malagoli produce il suo Aceto Balsamico con grande passione. Quasi 30 anni fa, hanno iniziato a produrre il tradizionale balsamico in una tenuta tipica della regione, a sud-est di Modena, circondata da viti, alberi da frutto e campi. Il numero di botti \u00e8 cresciuto negli anni e con esso l&#8217;eccellente qualit\u00e0 dell&#8217;Aceto Balsamico prodotto. Oggi l&#8217;Acetaia \u00e8 rappresentata da Sofia Malagoli, figlia maggiore dei Malagoli. Come il padre, anche Sofia \u00e8 appassionata di balsamico e partecipa al Consorzio Tutela Aceto Balsamico Tradizionale di Modena come rappresentante, tenendo corsi di balsamico e visite guidate professionali sul tema. Questo Aceto Balsamico Tradizionale di Modena D.O.P. extravecchio \u00e8 maturato per oltre 25 anni nelle botti di legno dell&#8217;Acetaia Malagoli. Attualmente siamo uno dei pochissimi negozi online in cui \u00e8 possibile acquistare questo Balsamico tradizionale eccezionalmente buono. Foto &#8211; Sofia Malagoli &#8211; Acetaia Malagoli Questo lotto, che ha una disponibilit\u00e0 molto limitata, \u00e8 stato imbottigliato nel 2020 e si presenta in una scatola decorativa in legno di vero abete italiano con il tipico beccuccio. Per motivi di trasporto, il flacone \u00e8 ulteriormente imballato nella scatola. Ingredienti: 100% mosto d&#8217;uva cotto. Nota: pu\u00f2 contenere solfiti. Produttore: Acetaia Malagoli Daniele Via Celeste 9 41013 Castelfranco Emilia (MO), Italia<\/p>\n","protected":false},"featured_media":1850,"template":"","meta":[],"product_brand":[],"product_cat":[57],"product_tag":[],"class_list":{"0":"post-1847","1":"product","2":"type-product","3":"status-publish","4":"has-post-thumbnail","6":"product_cat-malagoli","7":"product_shipping_class-ueber-75","9":"first","10":"instock","11":"featured","12":"taxable","13":"shipping-taxable","14":"purchasable","15":"product-type-simple"},"bundle_layout":"","bundled_by":[],"bundled_items":[],"yoast_head":"<!-- This site is optimized with the Yoast SEO plugin v27.6 - https:\/\/yoast.com\/product\/yoast-seo-wordpress\/ -->\n<title>Aceto Balsamico Tradizionale di Modena - extravecchio - Malagoli<\/title>\n<meta name=\"robots\" content=\"index, follow, max-snippet:-1, max-image-preview:large, max-video-preview:-1\" \/>\n<link rel=\"canonical\" href=\"https:\/\/balsamico.shop\/it\/prodotto\/aceto-balsamico-tradizionale-di-modena-extravecchio-malagoli\/\" \/>\n<meta property=\"og:locale\" content=\"it_IT\" \/>\n<meta property=\"og:type\" content=\"article\" \/>\n<meta property=\"og:title\" content=\"Aceto Balsamico Tradizionale di Modena - extravecchio - Malagoli\" \/>\n<meta property=\"og:description\" content=\"Questo Aceto Balsamico Tradizionale di Modena D.O.P. extravecchio \u00e8 il pi\u00f9 grande tesoro dell&#8217;Acetaia Malagoli. La famiglia Malagoli produce il suo Aceto Balsamico con grande passione. Quasi 30 anni fa, hanno iniziato a produrre il tradizionale balsamico in una tenuta tipica della regione, a sud-est di Modena, circondata da viti, alberi da frutto e campi. Il numero di botti \u00e8 cresciuto negli anni e con esso l&#8217;eccellente qualit\u00e0 dell&#8217;Aceto Balsamico prodotto. Oggi l&#8217;Acetaia \u00e8 rappresentata da Sofia Malagoli, figlia maggiore dei Malagoli. Come il padre, anche Sofia \u00e8 appassionata di balsamico e partecipa al Consorzio Tutela Aceto Balsamico Tradizionale di Modena come rappresentante, tenendo corsi di balsamico e visite guidate professionali sul tema. Questo Aceto Balsamico Tradizionale di Modena D.O.P. extravecchio \u00e8 maturato per oltre 25 anni nelle botti di legno dell&#8217;Acetaia Malagoli. Attualmente siamo uno dei pochissimi negozi online in cui \u00e8 possibile acquistare questo Balsamico tradizionale eccezionalmente buono. Foto &#8211; Sofia Malagoli &#8211; Acetaia Malagoli Questo lotto, che ha una disponibilit\u00e0 molto limitata, \u00e8 stato imbottigliato nel 2020 e si presenta in una scatola decorativa in legno di vero abete italiano con il tipico beccuccio. Per motivi di trasporto, il flacone \u00e8 ulteriormente imballato nella scatola. Ingredienti: 100% mosto d&#8217;uva cotto. Nota: pu\u00f2 contenere solfiti. Produttore: Acetaia Malagoli Daniele Via Celeste 9 41013 Castelfranco Emilia (MO), Italia\" \/>\n<meta property=\"og:url\" content=\"https:\/\/balsamico.shop\/it\/prodotto\/aceto-balsamico-tradizionale-di-modena-extravecchio-malagoli\/\" \/>\n<meta property=\"og:site_name\" content=\"Aceto Balsamico Shop - Italia\" \/>\n<meta property=\"article:modified_time\" content=\"2026-05-14T19:55:40+00:00\" \/>\n<meta property=\"og:image\" content=\"https:\/\/balsamico.shop\/it\/wp-content\/uploads\/2020\/06\/aceto-balsamico-tradizionale-di-modena-dop-malagoli-extravecchio_lum.jpg\" \/>\n\t<meta property=\"og:image:width\" content=\"1600\" \/>\n\t<meta property=\"og:image:height\" content=\"1872\" \/>\n\t<meta property=\"og:image:type\" content=\"image\/jpeg\" \/>\n<meta name=\"twitter:card\" content=\"summary_large_image\" \/>\n<meta name=\"twitter:label1\" content=\"Tempo di lettura stimato\" \/>\n\t<meta name=\"twitter:data1\" content=\"2 minuti\" \/>\n<script type=\"application\/ld+json\" class=\"yoast-schema-graph\">{\"@context\":\"https:\\\/\\\/schema.org\",\"@graph\":[{\"@type\":\"WebPage\",\"@id\":\"https:\\\/\\\/balsamico.shop\\\/it\\\/prodotto\\\/aceto-balsamico-tradizionale-di-modena-extravecchio-malagoli\\\/\",\"url\":\"https:\\\/\\\/balsamico.shop\\\/it\\\/prodotto\\\/aceto-balsamico-tradizionale-di-modena-extravecchio-malagoli\\\/\",\"name\":\"Aceto Balsamico Tradizionale di Modena - extravecchio - Malagoli\",\"isPartOf\":{\"@id\":\"https:\\\/\\\/balsamico.shop\\\/it\\\/#website\"},\"primaryImageOfPage\":{\"@id\":\"https:\\\/\\\/balsamico.shop\\\/it\\\/prodotto\\\/aceto-balsamico-tradizionale-di-modena-extravecchio-malagoli\\\/#primaryimage\"},\"image\":{\"@id\":\"https:\\\/\\\/balsamico.shop\\\/it\\\/prodotto\\\/aceto-balsamico-tradizionale-di-modena-extravecchio-malagoli\\\/#primaryimage\"},\"thumbnailUrl\":\"https:\\\/\\\/balsamico.shop\\\/it\\\/wp-content\\\/uploads\\\/2020\\\/06\\\/aceto-balsamico-tradizionale-di-modena-dop-malagoli-extravecchio_lum.jpg\",\"datePublished\":\"2020-06-04T06:22:22+00:00\",\"dateModified\":\"2026-05-14T19:55:40+00:00\",\"breadcrumb\":{\"@id\":\"https:\\\/\\\/balsamico.shop\\\/it\\\/prodotto\\\/aceto-balsamico-tradizionale-di-modena-extravecchio-malagoli\\\/#breadcrumb\"},\"inLanguage\":\"it-IT\",\"potentialAction\":[{\"@type\":\"ReadAction\",\"target\":[\"https:\\\/\\\/balsamico.shop\\\/it\\\/prodotto\\\/aceto-balsamico-tradizionale-di-modena-extravecchio-malagoli\\\/\"]}]},{\"@type\":\"ImageObject\",\"inLanguage\":\"it-IT\",\"@id\":\"https:\\\/\\\/balsamico.shop\\\/it\\\/prodotto\\\/aceto-balsamico-tradizionale-di-modena-extravecchio-malagoli\\\/#primaryimage\",\"url\":\"https:\\\/\\\/balsamico.shop\\\/it\\\/wp-content\\\/uploads\\\/2020\\\/06\\\/aceto-balsamico-tradizionale-di-modena-dop-malagoli-extravecchio_lum.jpg\",\"contentUrl\":\"https:\\\/\\\/balsamico.shop\\\/it\\\/wp-content\\\/uploads\\\/2020\\\/06\\\/aceto-balsamico-tradizionale-di-modena-dop-malagoli-extravecchio_lum.jpg\",\"width\":1600,\"height\":1872,\"caption\":\"Aceto Balsamico Tradizionale di Modena DOP Malagoli Extravecchio\"},{\"@type\":\"BreadcrumbList\",\"@id\":\"https:\\\/\\\/balsamico.shop\\\/it\\\/prodotto\\\/aceto-balsamico-tradizionale-di-modena-extravecchio-malagoli\\\/#breadcrumb\",\"itemListElement\":[{\"@type\":\"ListItem\",\"position\":1,\"name\":\"Home\",\"item\":\"https:\\\/\\\/balsamico.shop\\\/it\\\/\"},{\"@type\":\"ListItem\",\"position\":2,\"name\":\"Aceto Balsamico Shop\",\"item\":\"https:\\\/\\\/balsamico.shop\\\/it\\\/shop\\\/\"},{\"@type\":\"ListItem\",\"position\":3,\"name\":\"Aceto Balsamico Tradizionale di Modena &#8211; extravecchio &#8211; Malagoli\"}]},{\"@type\":\"WebSite\",\"@id\":\"https:\\\/\\\/balsamico.shop\\\/it\\\/#website\",\"url\":\"https:\\\/\\\/balsamico.shop\\\/it\\\/\",\"name\":\"Aceto Balsamico Shop - Italia\",\"description\":\"Il miglior aceto balsamico di Modena e Reggio Emilia\",\"potentialAction\":[{\"@type\":\"SearchAction\",\"target\":{\"@type\":\"EntryPoint\",\"urlTemplate\":\"https:\\\/\\\/balsamico.shop\\\/it\\\/?s={search_term_string}\"},\"query-input\":{\"@type\":\"PropertyValueSpecification\",\"valueRequired\":true,\"valueName\":\"search_term_string\"}}],\"inLanguage\":\"it-IT\"}]}<\/script>\n<!-- \/ Yoast SEO plugin. -->","yoast_head_json":{"title":"Aceto Balsamico Tradizionale di Modena - extravecchio - Malagoli","robots":{"index":"index","follow":"follow","max-snippet":"max-snippet:-1","max-image-preview":"max-image-preview:large","max-video-preview":"max-video-preview:-1"},"canonical":"https:\/\/balsamico.shop\/it\/prodotto\/aceto-balsamico-tradizionale-di-modena-extravecchio-malagoli\/","og_locale":"it_IT","og_type":"article","og_title":"Aceto Balsamico Tradizionale di Modena - extravecchio - Malagoli","og_description":"Questo Aceto Balsamico Tradizionale di Modena D.O.P. extravecchio \u00e8 il pi\u00f9 grande tesoro dell&#8217;Acetaia Malagoli. La famiglia Malagoli produce il suo Aceto Balsamico con grande passione. Quasi 30 anni fa, hanno iniziato a produrre il tradizionale balsamico in una tenuta tipica della regione, a sud-est di Modena, circondata da viti, alberi da frutto e campi. Il numero di botti \u00e8 cresciuto negli anni e con esso l&#8217;eccellente qualit\u00e0 dell&#8217;Aceto Balsamico prodotto. Oggi l&#8217;Acetaia \u00e8 rappresentata da Sofia Malagoli, figlia maggiore dei Malagoli. Come il padre, anche Sofia \u00e8 appassionata di balsamico e partecipa al Consorzio Tutela Aceto Balsamico Tradizionale di Modena come rappresentante, tenendo corsi di balsamico e visite guidate professionali sul tema. Questo Aceto Balsamico Tradizionale di Modena D.O.P. extravecchio \u00e8 maturato per oltre 25 anni nelle botti di legno dell&#8217;Acetaia Malagoli. Attualmente siamo uno dei pochissimi negozi online in cui \u00e8 possibile acquistare questo Balsamico tradizionale eccezionalmente buono. Foto &#8211; Sofia Malagoli &#8211; Acetaia Malagoli Questo lotto, che ha una disponibilit\u00e0 molto limitata, \u00e8 stato imbottigliato nel 2020 e si presenta in una scatola decorativa in legno di vero abete italiano con il tipico beccuccio. Per motivi di trasporto, il flacone \u00e8 ulteriormente imballato nella scatola. Ingredienti: 100% mosto d&#8217;uva cotto. Nota: pu\u00f2 contenere solfiti. Produttore: Acetaia Malagoli Daniele Via Celeste 9 41013 Castelfranco Emilia (MO), Italia","og_url":"https:\/\/balsamico.shop\/it\/prodotto\/aceto-balsamico-tradizionale-di-modena-extravecchio-malagoli\/","og_site_name":"Aceto Balsamico Shop - Italia","article_modified_time":"2026-05-14T19:55:40+00:00","og_image":[{"width":1600,"height":1872,"url":"https:\/\/balsamico.shop\/it\/wp-content\/uploads\/2020\/06\/aceto-balsamico-tradizionale-di-modena-dop-malagoli-extravecchio_lum.jpg","type":"image\/jpeg"}],"twitter_card":"summary_large_image","twitter_misc":{"Tempo di lettura stimato":"2 minuti"},"schema":{"@context":"https:\/\/schema.org","@graph":[{"@type":"WebPage","@id":"https:\/\/balsamico.shop\/it\/prodotto\/aceto-balsamico-tradizionale-di-modena-extravecchio-malagoli\/","url":"https:\/\/balsamico.shop\/it\/prodotto\/aceto-balsamico-tradizionale-di-modena-extravecchio-malagoli\/","name":"Aceto Balsamico Tradizionale di Modena - extravecchio - Malagoli","isPartOf":{"@id":"https:\/\/balsamico.shop\/it\/#website"},"primaryImageOfPage":{"@id":"https:\/\/balsamico.shop\/it\/prodotto\/aceto-balsamico-tradizionale-di-modena-extravecchio-malagoli\/#primaryimage"},"image":{"@id":"https:\/\/balsamico.shop\/it\/prodotto\/aceto-balsamico-tradizionale-di-modena-extravecchio-malagoli\/#primaryimage"},"thumbnailUrl":"https:\/\/balsamico.shop\/it\/wp-content\/uploads\/2020\/06\/aceto-balsamico-tradizionale-di-modena-dop-malagoli-extravecchio_lum.jpg","datePublished":"2020-06-04T06:22:22+00:00","dateModified":"2026-05-14T19:55:40+00:00","breadcrumb":{"@id":"https:\/\/balsamico.shop\/it\/prodotto\/aceto-balsamico-tradizionale-di-modena-extravecchio-malagoli\/#breadcrumb"},"inLanguage":"it-IT","potentialAction":[{"@type":"ReadAction","target":["https:\/\/balsamico.shop\/it\/prodotto\/aceto-balsamico-tradizionale-di-modena-extravecchio-malagoli\/"]}]},{"@type":"ImageObject","inLanguage":"it-IT","@id":"https:\/\/balsamico.shop\/it\/prodotto\/aceto-balsamico-tradizionale-di-modena-extravecchio-malagoli\/#primaryimage","url":"https:\/\/balsamico.shop\/it\/wp-content\/uploads\/2020\/06\/aceto-balsamico-tradizionale-di-modena-dop-malagoli-extravecchio_lum.jpg","contentUrl":"https:\/\/balsamico.shop\/it\/wp-content\/uploads\/2020\/06\/aceto-balsamico-tradizionale-di-modena-dop-malagoli-extravecchio_lum.jpg","width":1600,"height":1872,"caption":"Aceto Balsamico Tradizionale di Modena DOP Malagoli Extravecchio"},{"@type":"BreadcrumbList","@id":"https:\/\/balsamico.shop\/it\/prodotto\/aceto-balsamico-tradizionale-di-modena-extravecchio-malagoli\/#breadcrumb","itemListElement":[{"@type":"ListItem","position":1,"name":"Home","item":"https:\/\/balsamico.shop\/it\/"},{"@type":"ListItem","position":2,"name":"Aceto Balsamico Shop","item":"https:\/\/balsamico.shop\/it\/shop\/"},{"@type":"ListItem","position":3,"name":"Aceto Balsamico Tradizionale di Modena &#8211; extravecchio &#8211; Malagoli"}]},{"@type":"WebSite","@id":"https:\/\/balsamico.shop\/it\/#website","url":"https:\/\/balsamico.shop\/it\/","name":"Aceto Balsamico Shop - Italia","description":"Il miglior aceto balsamico di Modena e Reggio Emilia","potentialAction":[{"@type":"SearchAction","target":{"@type":"EntryPoint","urlTemplate":"https:\/\/balsamico.shop\/it\/?s={search_term_string}"},"query-input":{"@type":"PropertyValueSpecification","valueRequired":true,"valueName":"search_term_string"}}],"inLanguage":"it-IT"}]}},"_links":{"self":[{"href":"https:\/\/balsamico.shop\/it\/wp-json\/wp\/v2\/product\/1847","targetHints":{"allow":["GET"]}}],"collection":[{"href":"https:\/\/balsamico.shop\/it\/wp-json\/wp\/v2\/product"}],"about":[{"href":"https:\/\/balsamico.shop\/it\/wp-json\/wp\/v2\/types\/product"}],"wp:featuredmedia":[{"embeddable":true,"href":"https:\/\/balsamico.shop\/it\/wp-json\/wp\/v2\/media\/1850"}],"wp:attachment":[{"href":"https:\/\/balsamico.shop\/it\/wp-json\/wp\/v2\/media?parent=1847"}],"wp:term":[{"taxonomy":"product_brand","embeddable":true,"href":"https:\/\/balsamico.shop\/it\/wp-json\/wp\/v2\/product_brand?post=1847"},{"taxonomy":"product_cat","embeddable":true,"href":"https:\/\/balsamico.shop\/it\/wp-json\/wp\/v2\/product_cat?post=1847"},{"taxonomy":"product_tag","embeddable":true,"href":"https:\/\/balsamico.shop\/it\/wp-json\/wp\/v2\/product_tag?post=1847"}],"curies":[{"name":"wp","href":"https:\/\/api.w.org\/{rel}","templated":true}]}}