{"id":1511,"date":"2019-01-27T13:35:04","date_gmt":"2019-01-27T12:35:04","guid":{"rendered":"https:\/\/balsamico.shop\/it\/?post_type=product&#038;p=1511"},"modified":"2026-05-07T13:57:18","modified_gmt":"2026-05-07T11:57:18","slug":"aceto-balsamico-tradizionale-di-modena-dop","status":"publish","type":"product","link":"https:\/\/balsamico.shop\/it\/prodotto\/aceto-balsamico-tradizionale-di-modena-dop\/","title":{"rendered":"Aceto Balsamico Tradizionale di Modena D.O.P. &#8211; Bernardo Tesori"},"content":{"rendered":"<p><img loading=\"lazy\" decoding=\"async\" class=\"size-full wp-image-1515 alignright\" src=\"https:\/\/balsamico.shop\/it\/wp-content\/uploads\/2019\/01\/franco-mazzi-acetaia.jpg\" alt=\"Aceto Balsamico Tradizionale matura in botti di legno per almeno 12 anni\" width=\"250\" height=\"207\" \/>Con l&#8217;attuale serie in argento, siamo riusciti ad offrirvi un eccellente aceto balsamico invecchiato. Questo prodotto \u00e8 maturato in botti di legno selezionati, certificati e registrati a Modena da oltre 12 anni ed \u00e8 stato imbottigliato esclusivamente per Bernardo Tesori. Ci sono solo meno di 500 bottiglie di questo particolare imbottigliamento in tutto il mondo. Con un valore Brix molto alto di <strong>69<\/strong>, questo aceto balsamico \u00e8 caratterizzato dalla sua dolcezza, dalla sua consistenza e dal suo fantastico odore. Il valore di Brix definisce il contenuto di fruttosio, che indica la qualit\u00e0 della vendemmia. Di regola, un Aceto Balsamico Tradizionale di questa fascia di et\u00e0 raggiunge solo un valore tra 65 e 68.<\/p>\n<p>Questo aceto balsamico \u00e8 un prodotto naturale puro e consiste in un solo ingrediente: <strong>mosto d&#8217;uva cotto al 100%<\/strong>. A causa del lungo tempo di maturazione, l&#8217;aceto balsamico diventa denso e cremoso. Con una densit\u00e0 di 1.37 questo balsamico non gocciola pi\u00f9, ma \u00e8 come uno sciroppo.<\/p>\n<p>Con un&#8217;acidit\u00e0 residua del solo 5,30%, questo Tradizionale \u00e8 pi\u00f9 delicato di un aceto balsamico industriale.<\/p>\n<p>Per questo aceto balsamico sono stati utilizzati il \u200b\u200b<strong>40% di uve Trebbiano<\/strong> e il <strong>60% di Lambrusco Grasparossa<\/strong>. Queste variet\u00e0 sono i tipici vitigni per un vero aceto balsamico di Modena. Le variet\u00e0 sono particolarmente dolci e sono ideali per la produzione di Aceto Balsamico.<\/p>\n<p>Prendi una bottiglia da 100 ml numerata rigorosamente limitata di questo speciale imbottigliamento. La nostra edizione speciale &#8211; il Bernardo Tesori in argento, \u00e8 un originale aceto italiano tradizionale, un <strong>Aceto Balsamico Tradizionale di Modena D.O.P.<\/strong>\u00a0il prodotto \u00e8 stato fabbricato sotto stretto controllo del <strong>Consorzio Produttori Antiche Acetaie<\/strong> ed \u00e8 stagionato da oltre 12 anni.<\/p>\n<p><img loading=\"lazy\" decoding=\"async\" class=\"size-medium wp-image-1584 alignleft\" src=\"https:\/\/balsamico.shop\/it\/wp-content\/uploads\/2019\/01\/wooden-box-bernardo-tesori-mag-256x300.jpg\" alt=\"Aceto Balsamico Tradizionale di Modena D.O.P. - Bernardo Tesori\" width=\"256\" height=\"300\" srcset=\"https:\/\/balsamico.shop\/it\/wp-content\/uploads\/2019\/01\/wooden-box-bernardo-tesori-mag-256x300.jpg 256w, https:\/\/balsamico.shop\/it\/wp-content\/uploads\/2019\/01\/wooden-box-bernardo-tesori-mag-600x702.jpg 600w, https:\/\/balsamico.shop\/it\/wp-content\/uploads\/2019\/01\/wooden-box-bernardo-tesori-mag-768x899.jpg 768w, https:\/\/balsamico.shop\/it\/wp-content\/uploads\/2019\/01\/wooden-box-bernardo-tesori-mag-875x1024.jpg 875w, https:\/\/balsamico.shop\/it\/wp-content\/uploads\/2019\/01\/wooden-box-bernardo-tesori-mag-1170x1369.jpg 1170w, https:\/\/balsamico.shop\/it\/wp-content\/uploads\/2019\/01\/wooden-box-bernardo-tesori-mag-870x1018.jpg 870w, https:\/\/balsamico.shop\/it\/wp-content\/uploads\/2019\/01\/wooden-box-bernardo-tesori-mag-390x456.jpg 390w, https:\/\/balsamico.shop\/it\/wp-content\/uploads\/2019\/01\/wooden-box-bernardo-tesori-mag-300x351.jpg 300w, https:\/\/balsamico.shop\/it\/wp-content\/uploads\/2019\/01\/wooden-box-bernardo-tesori-mag.jpg 1600w\" sizes=\"auto, (max-width: 256px) 100vw, 256px\" \/>Noi, da <strong>Bernardo Tesori<\/strong>, assaggiamo innumerevoli aceti balsamici tradizionali, solo pochissimi di loro arrivano nel nostro negozio. La nostra serie d&#8217;argento corona questa selezione, onorando uno speciale imbottigliamento che cambia di anno in anno e ci ha convinto della sua consistenza, odore e sapore intenso. Ti lasciamo partecipare a questa selezione unica e vendi una parte molto limitata di questa serie anche qui nel negozio.<\/p>\n<p>Questo prodotto unico e di alta qualit\u00e0 viene consegnato in una pregiata scatola di legno realizzata con la migliore pineta lombarda. La bottiglia \u00e8 incastonata in un piccolo fascio di lana di legno. Un originale beccuccio in vetro \u00e8 incluso con questo prodotto e si tiene festivo con un fiocco rosso.<\/p>\n<p><strong>Ingredienti<\/strong>: mosto d&#8217;uva cotto al 100%. Pu\u00f2 contenere solfiti naturali.<\/p>\n<p>&nbsp;<\/p>\n<p>&nbsp;<\/p>\n<p>&nbsp;<\/p>\n<p>&nbsp;<\/p>\n<p>Luogo di imbottigliamento: n.CSAQ 392211, Modena, Italia.<\/p>\n<p>Distributore:<br \/>\nBernardo Tesori &#8211; un marchio di Acoonia Ltd.<br \/>\nBrabandtstrasse 8<br \/>\n38100 Brunswick<\/p>\n","protected":false},"excerpt":{"rendered":"<p>Con l&#8217;attuale serie in argento, siamo riusciti ad offrirvi un eccellente aceto balsamico invecchiato. Questo prodotto \u00e8 maturato in botti di legno selezionati, certificati e registrati a Modena da oltre 12 anni ed \u00e8 stato imbottigliato esclusivamente per Bernardo Tesori. Ci sono solo meno di 500 bottiglie di questo particolare imbottigliamento in tutto il mondo. Con un valore Brix molto alto di 69, questo aceto balsamico \u00e8 caratterizzato dalla sua dolcezza, dalla sua consistenza e dal suo fantastico odore. Il valore di Brix definisce il contenuto di fruttosio, che indica la qualit\u00e0 della vendemmia. Di regola, un Aceto Balsamico Tradizionale di questa fascia di et\u00e0 raggiunge solo un valore tra 65 e 68. Questo aceto balsamico \u00e8 un prodotto naturale puro e consiste in un solo ingrediente: mosto d&#8217;uva cotto al 100%. A causa del lungo tempo di maturazione, l&#8217;aceto balsamico diventa denso e cremoso. Con una densit\u00e0 di 1.37 questo balsamico non gocciola pi\u00f9, ma \u00e8 come uno sciroppo. Con un&#8217;acidit\u00e0 residua del solo 5,30%, questo Tradizionale \u00e8 pi\u00f9 delicato di un aceto balsamico industriale. Per questo aceto balsamico sono stati utilizzati il \u200b\u200b40% di uve Trebbiano e il 60% di Lambrusco Grasparossa. Queste variet\u00e0 sono i tipici vitigni per un vero aceto balsamico di Modena. Le variet\u00e0 sono particolarmente dolci e sono ideali per la produzione di Aceto Balsamico. Prendi una bottiglia da 100 ml numerata rigorosamente limitata di questo speciale imbottigliamento. La nostra edizione speciale &#8211; il Bernardo Tesori in argento, \u00e8 un originale aceto italiano tradizionale, un Aceto Balsamico Tradizionale di Modena D.O.P.\u00a0il prodotto \u00e8 stato fabbricato sotto stretto controllo del Consorzio Produttori Antiche Acetaie ed \u00e8 stagionato da oltre 12 anni. Noi, da Bernardo Tesori, assaggiamo innumerevoli aceti balsamici tradizionali, solo pochissimi di loro arrivano nel nostro negozio. La nostra serie d&#8217;argento corona questa selezione, onorando uno speciale imbottigliamento che cambia di anno in anno e ci ha convinto della sua consistenza, odore e sapore intenso. Ti lasciamo partecipare a questa selezione unica e vendi una parte molto limitata di questa serie anche qui nel negozio. Questo prodotto unico e di alta qualit\u00e0 viene consegnato in una pregiata scatola di legno realizzata con la migliore pineta lombarda. La bottiglia \u00e8 incastonata in un piccolo fascio di lana di legno. Un originale beccuccio in vetro \u00e8 incluso con questo prodotto e si tiene festivo con un fiocco rosso. Ingredienti: mosto d&#8217;uva cotto al 100%. Pu\u00f2 contenere solfiti naturali. &nbsp; &nbsp; &nbsp; &nbsp; Luogo di imbottigliamento: n.CSAQ 392211, Modena, Italia. Distributore: Bernardo Tesori &#8211; un marchio di Acoonia Ltd. Brabandtstrasse 8 38100 Brunswick<\/p>\n","protected":false},"featured_media":1655,"template":"","meta":[],"product_brand":[],"product_cat":[53],"product_tag":[],"class_list":{"0":"post-1511","1":"product","2":"type-product","3":"status-publish","4":"has-post-thumbnail","6":"product_cat-bernardo-tesori","7":"product_shipping_class-balsamico","9":"first","10":"instock","11":"featured","12":"taxable","13":"shipping-taxable","14":"purchasable","15":"product-type-simple"},"bundle_layout":"","bundled_by":[],"bundled_items":[],"yoast_head":"<!-- This site is optimized with the Yoast SEO plugin v27.6 - https:\/\/yoast.com\/product\/yoast-seo-wordpress\/ -->\n<title>Aceto Balsamico Tradizionale di Modena D.O.P. - Bernardo Tesori<\/title>\n<meta name=\"robots\" content=\"index, follow, max-snippet:-1, max-image-preview:large, max-video-preview:-1\" \/>\n<link rel=\"canonical\" href=\"https:\/\/balsamico.shop\/it\/prodotto\/aceto-balsamico-tradizionale-di-modena-dop\/\" \/>\n<meta property=\"og:locale\" content=\"it_IT\" \/>\n<meta property=\"og:type\" content=\"article\" \/>\n<meta property=\"og:title\" content=\"Aceto Balsamico Tradizionale di Modena D.O.P. - Bernardo Tesori\" \/>\n<meta property=\"og:description\" content=\"Con l&#8217;attuale serie in argento, siamo riusciti ad offrirvi un eccellente aceto balsamico invecchiato. Questo prodotto \u00e8 maturato in botti di legno selezionati, certificati e registrati a Modena da oltre 12 anni ed \u00e8 stato imbottigliato esclusivamente per Bernardo Tesori. Ci sono solo meno di 500 bottiglie di questo particolare imbottigliamento in tutto il mondo. Con un valore Brix molto alto di 69, questo aceto balsamico \u00e8 caratterizzato dalla sua dolcezza, dalla sua consistenza e dal suo fantastico odore. Il valore di Brix definisce il contenuto di fruttosio, che indica la qualit\u00e0 della vendemmia. Di regola, un Aceto Balsamico Tradizionale di questa fascia di et\u00e0 raggiunge solo un valore tra 65 e 68. Questo aceto balsamico \u00e8 un prodotto naturale puro e consiste in un solo ingrediente: mosto d&#8217;uva cotto al 100%. A causa del lungo tempo di maturazione, l&#8217;aceto balsamico diventa denso e cremoso. Con una densit\u00e0 di 1.37 questo balsamico non gocciola pi\u00f9, ma \u00e8 come uno sciroppo. Con un&#8217;acidit\u00e0 residua del solo 5,30%, questo Tradizionale \u00e8 pi\u00f9 delicato di un aceto balsamico industriale. Per questo aceto balsamico sono stati utilizzati il \u200b\u200b40% di uve Trebbiano e il 60% di Lambrusco Grasparossa. Queste variet\u00e0 sono i tipici vitigni per un vero aceto balsamico di Modena. Le variet\u00e0 sono particolarmente dolci e sono ideali per la produzione di Aceto Balsamico. Prendi una bottiglia da 100 ml numerata rigorosamente limitata di questo speciale imbottigliamento. La nostra edizione speciale &#8211; il Bernardo Tesori in argento, \u00e8 un originale aceto italiano tradizionale, un Aceto Balsamico Tradizionale di Modena D.O.P.\u00a0il prodotto \u00e8 stato fabbricato sotto stretto controllo del Consorzio Produttori Antiche Acetaie ed \u00e8 stagionato da oltre 12 anni. Noi, da Bernardo Tesori, assaggiamo innumerevoli aceti balsamici tradizionali, solo pochissimi di loro arrivano nel nostro negozio. La nostra serie d&#8217;argento corona questa selezione, onorando uno speciale imbottigliamento che cambia di anno in anno e ci ha convinto della sua consistenza, odore e sapore intenso. Ti lasciamo partecipare a questa selezione unica e vendi una parte molto limitata di questa serie anche qui nel negozio. Questo prodotto unico e di alta qualit\u00e0 viene consegnato in una pregiata scatola di legno realizzata con la migliore pineta lombarda. La bottiglia \u00e8 incastonata in un piccolo fascio di lana di legno. Un originale beccuccio in vetro \u00e8 incluso con questo prodotto e si tiene festivo con un fiocco rosso. Ingredienti: mosto d&#8217;uva cotto al 100%. Pu\u00f2 contenere solfiti naturali. &nbsp; &nbsp; &nbsp; &nbsp; Luogo di imbottigliamento: n.CSAQ 392211, Modena, Italia. Distributore: Bernardo Tesori &#8211; un marchio di Acoonia Ltd. Brabandtstrasse 8 38100 Brunswick\" \/>\n<meta property=\"og:url\" content=\"https:\/\/balsamico.shop\/it\/prodotto\/aceto-balsamico-tradizionale-di-modena-dop\/\" \/>\n<meta property=\"og:site_name\" content=\"Aceto Balsamico Shop - Italia\" \/>\n<meta property=\"article:modified_time\" content=\"2026-05-07T11:57:18+00:00\" \/>\n<meta property=\"og:image\" content=\"https:\/\/balsamico.shop\/it\/wp-content\/uploads\/2019\/01\/holzbox-bernardo-tesori-silber-dop.jpg\" \/>\n\t<meta property=\"og:image:width\" content=\"1600\" \/>\n\t<meta property=\"og:image:height\" content=\"1872\" \/>\n\t<meta property=\"og:image:type\" content=\"image\/jpeg\" \/>\n<meta name=\"twitter:card\" content=\"summary_large_image\" \/>\n<meta name=\"twitter:label1\" content=\"Tempo di lettura stimato\" \/>\n\t<meta name=\"twitter:data1\" content=\"3 minuti\" \/>\n<script type=\"application\/ld+json\" class=\"yoast-schema-graph\">{\"@context\":\"https:\\\/\\\/schema.org\",\"@graph\":[{\"@type\":\"WebPage\",\"@id\":\"https:\\\/\\\/balsamico.shop\\\/it\\\/prodotto\\\/aceto-balsamico-tradizionale-di-modena-dop\\\/\",\"url\":\"https:\\\/\\\/balsamico.shop\\\/it\\\/prodotto\\\/aceto-balsamico-tradizionale-di-modena-dop\\\/\",\"name\":\"Aceto Balsamico Tradizionale di Modena D.O.P. - Bernardo Tesori\",\"isPartOf\":{\"@id\":\"https:\\\/\\\/balsamico.shop\\\/it\\\/#website\"},\"primaryImageOfPage\":{\"@id\":\"https:\\\/\\\/balsamico.shop\\\/it\\\/prodotto\\\/aceto-balsamico-tradizionale-di-modena-dop\\\/#primaryimage\"},\"image\":{\"@id\":\"https:\\\/\\\/balsamico.shop\\\/it\\\/prodotto\\\/aceto-balsamico-tradizionale-di-modena-dop\\\/#primaryimage\"},\"thumbnailUrl\":\"https:\\\/\\\/balsamico.shop\\\/it\\\/wp-content\\\/uploads\\\/2019\\\/01\\\/holzbox-bernardo-tesori-silber-dop.jpg\",\"datePublished\":\"2019-01-27T12:35:04+00:00\",\"dateModified\":\"2026-05-07T11:57:18+00:00\",\"breadcrumb\":{\"@id\":\"https:\\\/\\\/balsamico.shop\\\/it\\\/prodotto\\\/aceto-balsamico-tradizionale-di-modena-dop\\\/#breadcrumb\"},\"inLanguage\":\"it-IT\",\"potentialAction\":[{\"@type\":\"ReadAction\",\"target\":[\"https:\\\/\\\/balsamico.shop\\\/it\\\/prodotto\\\/aceto-balsamico-tradizionale-di-modena-dop\\\/\"]}]},{\"@type\":\"ImageObject\",\"inLanguage\":\"it-IT\",\"@id\":\"https:\\\/\\\/balsamico.shop\\\/it\\\/prodotto\\\/aceto-balsamico-tradizionale-di-modena-dop\\\/#primaryimage\",\"url\":\"https:\\\/\\\/balsamico.shop\\\/it\\\/wp-content\\\/uploads\\\/2019\\\/01\\\/holzbox-bernardo-tesori-silber-dop.jpg\",\"contentUrl\":\"https:\\\/\\\/balsamico.shop\\\/it\\\/wp-content\\\/uploads\\\/2019\\\/01\\\/holzbox-bernardo-tesori-silber-dop.jpg\",\"width\":1600,\"height\":1872,\"caption\":\"Bernardo Tesori Silber Holzbox Geschenk - Aceto Balsamico Tradizionale di Modena DOP\"},{\"@type\":\"BreadcrumbList\",\"@id\":\"https:\\\/\\\/balsamico.shop\\\/it\\\/prodotto\\\/aceto-balsamico-tradizionale-di-modena-dop\\\/#breadcrumb\",\"itemListElement\":[{\"@type\":\"ListItem\",\"position\":1,\"name\":\"Home\",\"item\":\"https:\\\/\\\/balsamico.shop\\\/it\\\/\"},{\"@type\":\"ListItem\",\"position\":2,\"name\":\"Aceto Balsamico Shop\",\"item\":\"https:\\\/\\\/balsamico.shop\\\/it\\\/shop\\\/\"},{\"@type\":\"ListItem\",\"position\":3,\"name\":\"Aceto Balsamico Tradizionale di Modena D.O.P. &#8211; Bernardo Tesori\"}]},{\"@type\":\"WebSite\",\"@id\":\"https:\\\/\\\/balsamico.shop\\\/it\\\/#website\",\"url\":\"https:\\\/\\\/balsamico.shop\\\/it\\\/\",\"name\":\"Aceto Balsamico Shop - Italia\",\"description\":\"Il miglior aceto balsamico di Modena e Reggio Emilia\",\"potentialAction\":[{\"@type\":\"SearchAction\",\"target\":{\"@type\":\"EntryPoint\",\"urlTemplate\":\"https:\\\/\\\/balsamico.shop\\\/it\\\/?s={search_term_string}\"},\"query-input\":{\"@type\":\"PropertyValueSpecification\",\"valueRequired\":true,\"valueName\":\"search_term_string\"}}],\"inLanguage\":\"it-IT\"}]}<\/script>\n<!-- \/ Yoast SEO plugin. -->","yoast_head_json":{"title":"Aceto Balsamico Tradizionale di Modena D.O.P. - Bernardo Tesori","robots":{"index":"index","follow":"follow","max-snippet":"max-snippet:-1","max-image-preview":"max-image-preview:large","max-video-preview":"max-video-preview:-1"},"canonical":"https:\/\/balsamico.shop\/it\/prodotto\/aceto-balsamico-tradizionale-di-modena-dop\/","og_locale":"it_IT","og_type":"article","og_title":"Aceto Balsamico Tradizionale di Modena D.O.P. - Bernardo Tesori","og_description":"Con l&#8217;attuale serie in argento, siamo riusciti ad offrirvi un eccellente aceto balsamico invecchiato. Questo prodotto \u00e8 maturato in botti di legno selezionati, certificati e registrati a Modena da oltre 12 anni ed \u00e8 stato imbottigliato esclusivamente per Bernardo Tesori. Ci sono solo meno di 500 bottiglie di questo particolare imbottigliamento in tutto il mondo. Con un valore Brix molto alto di 69, questo aceto balsamico \u00e8 caratterizzato dalla sua dolcezza, dalla sua consistenza e dal suo fantastico odore. Il valore di Brix definisce il contenuto di fruttosio, che indica la qualit\u00e0 della vendemmia. Di regola, un Aceto Balsamico Tradizionale di questa fascia di et\u00e0 raggiunge solo un valore tra 65 e 68. Questo aceto balsamico \u00e8 un prodotto naturale puro e consiste in un solo ingrediente: mosto d&#8217;uva cotto al 100%. A causa del lungo tempo di maturazione, l&#8217;aceto balsamico diventa denso e cremoso. Con una densit\u00e0 di 1.37 questo balsamico non gocciola pi\u00f9, ma \u00e8 come uno sciroppo. Con un&#8217;acidit\u00e0 residua del solo 5,30%, questo Tradizionale \u00e8 pi\u00f9 delicato di un aceto balsamico industriale. Per questo aceto balsamico sono stati utilizzati il \u200b\u200b40% di uve Trebbiano e il 60% di Lambrusco Grasparossa. Queste variet\u00e0 sono i tipici vitigni per un vero aceto balsamico di Modena. Le variet\u00e0 sono particolarmente dolci e sono ideali per la produzione di Aceto Balsamico. Prendi una bottiglia da 100 ml numerata rigorosamente limitata di questo speciale imbottigliamento. La nostra edizione speciale &#8211; il Bernardo Tesori in argento, \u00e8 un originale aceto italiano tradizionale, un Aceto Balsamico Tradizionale di Modena D.O.P.\u00a0il prodotto \u00e8 stato fabbricato sotto stretto controllo del Consorzio Produttori Antiche Acetaie ed \u00e8 stagionato da oltre 12 anni. Noi, da Bernardo Tesori, assaggiamo innumerevoli aceti balsamici tradizionali, solo pochissimi di loro arrivano nel nostro negozio. La nostra serie d&#8217;argento corona questa selezione, onorando uno speciale imbottigliamento che cambia di anno in anno e ci ha convinto della sua consistenza, odore e sapore intenso. Ti lasciamo partecipare a questa selezione unica e vendi una parte molto limitata di questa serie anche qui nel negozio. Questo prodotto unico e di alta qualit\u00e0 viene consegnato in una pregiata scatola di legno realizzata con la migliore pineta lombarda. La bottiglia \u00e8 incastonata in un piccolo fascio di lana di legno. Un originale beccuccio in vetro \u00e8 incluso con questo prodotto e si tiene festivo con un fiocco rosso. Ingredienti: mosto d&#8217;uva cotto al 100%. Pu\u00f2 contenere solfiti naturali. &nbsp; &nbsp; &nbsp; &nbsp; Luogo di imbottigliamento: n.CSAQ 392211, Modena, Italia. Distributore: Bernardo Tesori &#8211; un marchio di Acoonia Ltd. Brabandtstrasse 8 38100 Brunswick","og_url":"https:\/\/balsamico.shop\/it\/prodotto\/aceto-balsamico-tradizionale-di-modena-dop\/","og_site_name":"Aceto Balsamico Shop - Italia","article_modified_time":"2026-05-07T11:57:18+00:00","og_image":[{"width":1600,"height":1872,"url":"https:\/\/balsamico.shop\/it\/wp-content\/uploads\/2019\/01\/holzbox-bernardo-tesori-silber-dop.jpg","type":"image\/jpeg"}],"twitter_card":"summary_large_image","twitter_misc":{"Tempo di lettura stimato":"3 minuti"},"schema":{"@context":"https:\/\/schema.org","@graph":[{"@type":"WebPage","@id":"https:\/\/balsamico.shop\/it\/prodotto\/aceto-balsamico-tradizionale-di-modena-dop\/","url":"https:\/\/balsamico.shop\/it\/prodotto\/aceto-balsamico-tradizionale-di-modena-dop\/","name":"Aceto Balsamico Tradizionale di Modena D.O.P. - Bernardo Tesori","isPartOf":{"@id":"https:\/\/balsamico.shop\/it\/#website"},"primaryImageOfPage":{"@id":"https:\/\/balsamico.shop\/it\/prodotto\/aceto-balsamico-tradizionale-di-modena-dop\/#primaryimage"},"image":{"@id":"https:\/\/balsamico.shop\/it\/prodotto\/aceto-balsamico-tradizionale-di-modena-dop\/#primaryimage"},"thumbnailUrl":"https:\/\/balsamico.shop\/it\/wp-content\/uploads\/2019\/01\/holzbox-bernardo-tesori-silber-dop.jpg","datePublished":"2019-01-27T12:35:04+00:00","dateModified":"2026-05-07T11:57:18+00:00","breadcrumb":{"@id":"https:\/\/balsamico.shop\/it\/prodotto\/aceto-balsamico-tradizionale-di-modena-dop\/#breadcrumb"},"inLanguage":"it-IT","potentialAction":[{"@type":"ReadAction","target":["https:\/\/balsamico.shop\/it\/prodotto\/aceto-balsamico-tradizionale-di-modena-dop\/"]}]},{"@type":"ImageObject","inLanguage":"it-IT","@id":"https:\/\/balsamico.shop\/it\/prodotto\/aceto-balsamico-tradizionale-di-modena-dop\/#primaryimage","url":"https:\/\/balsamico.shop\/it\/wp-content\/uploads\/2019\/01\/holzbox-bernardo-tesori-silber-dop.jpg","contentUrl":"https:\/\/balsamico.shop\/it\/wp-content\/uploads\/2019\/01\/holzbox-bernardo-tesori-silber-dop.jpg","width":1600,"height":1872,"caption":"Bernardo Tesori Silber Holzbox Geschenk - Aceto Balsamico Tradizionale di Modena DOP"},{"@type":"BreadcrumbList","@id":"https:\/\/balsamico.shop\/it\/prodotto\/aceto-balsamico-tradizionale-di-modena-dop\/#breadcrumb","itemListElement":[{"@type":"ListItem","position":1,"name":"Home","item":"https:\/\/balsamico.shop\/it\/"},{"@type":"ListItem","position":2,"name":"Aceto Balsamico Shop","item":"https:\/\/balsamico.shop\/it\/shop\/"},{"@type":"ListItem","position":3,"name":"Aceto Balsamico Tradizionale di Modena D.O.P. &#8211; Bernardo Tesori"}]},{"@type":"WebSite","@id":"https:\/\/balsamico.shop\/it\/#website","url":"https:\/\/balsamico.shop\/it\/","name":"Aceto Balsamico Shop - Italia","description":"Il miglior aceto balsamico di Modena e Reggio Emilia","potentialAction":[{"@type":"SearchAction","target":{"@type":"EntryPoint","urlTemplate":"https:\/\/balsamico.shop\/it\/?s={search_term_string}"},"query-input":{"@type":"PropertyValueSpecification","valueRequired":true,"valueName":"search_term_string"}}],"inLanguage":"it-IT"}]}},"_links":{"self":[{"href":"https:\/\/balsamico.shop\/it\/wp-json\/wp\/v2\/product\/1511","targetHints":{"allow":["GET"]}}],"collection":[{"href":"https:\/\/balsamico.shop\/it\/wp-json\/wp\/v2\/product"}],"about":[{"href":"https:\/\/balsamico.shop\/it\/wp-json\/wp\/v2\/types\/product"}],"wp:featuredmedia":[{"embeddable":true,"href":"https:\/\/balsamico.shop\/it\/wp-json\/wp\/v2\/media\/1655"}],"wp:attachment":[{"href":"https:\/\/balsamico.shop\/it\/wp-json\/wp\/v2\/media?parent=1511"}],"wp:term":[{"taxonomy":"product_brand","embeddable":true,"href":"https:\/\/balsamico.shop\/it\/wp-json\/wp\/v2\/product_brand?post=1511"},{"taxonomy":"product_cat","embeddable":true,"href":"https:\/\/balsamico.shop\/it\/wp-json\/wp\/v2\/product_cat?post=1511"},{"taxonomy":"product_tag","embeddable":true,"href":"https:\/\/balsamico.shop\/it\/wp-json\/wp\/v2\/product_tag?post=1511"}],"curies":[{"name":"wp","href":"https:\/\/api.w.org\/{rel}","templated":true}]}}