{"id":1372,"date":"2016-09-22T13:53:17","date_gmt":"2016-09-22T11:53:17","guid":{"rendered":"https:\/\/balsamico.shop\/dk\/?post_type=product&#038;p=1372"},"modified":"2026-03-11T11:24:36","modified_gmt":"2026-03-11T10:24:36","slug":"aceto-balsamico-tradizionale-di-reggio-emilia-argento","status":"publish","type":"product","link":"https:\/\/balsamico.shop\/it\/prodotto\/aceto-balsamico-tradizionale-di-reggio-emilia-argento\/","title":{"rendered":"Aceto Balsamico Tradizionale di Reggio Emilia D.O.P &#8211; Argento"},"content":{"rendered":"<p>Giovanni Cavalli prodotta a Scandiano, una piccola comunit\u00e0 in provincia di Reggio Emilia con amore il suo Aceto Balsamico Tradizionale di Reggio Emilia &#8211; Argento (argento). Cavalli utilizza per il suo ABTdiRE esclusivamente le uve Trebbiano dolci dalla regione di Reggio Emilia e ha ricevuto l&#8217;approvazione per la commercializzazione commerciale dell&#8217;Aceto Balsamico Tradizionale di Reggio Emilia gi\u00e0 oltre 30 anni fa ed \u00e8 uno dei primi nella sua regione. La serie in vendita qui \u00e8 stata conservata in cinque botti di legno nel seguente ordine: quercia, castagno, ginepro, ciliegia, gelso. La densit\u00e0, che descrive la propriet\u00e0 sciropposa, \u00e8 tra 1,33 e 1,34 in questo aceto balsamico, che \u00e8 ben al di sopra del requisito minimo di 1,2.<\/p>\n<p>12 anni e gi\u00e0 argento?<\/p>\n<p>Nonostante il deposito di 12 anni, questo balsamico \u00e8 stato premiato con il sigillo Argento &#8211; Argento, perch\u00e9 ci\u00f2 che pochi sanno \u00e8 che il sigillo viene assegnato secondo le specifiche del Ministero per il numero di punti di qualit\u00e0. Questo aceto raggiunge il numero sufficiente di punti di qualit\u00e0 dopo soli 12 anni per ottenere il sigillo d&#8217;argento. Secondo l&#8217;articolo 6 del decreto, il punteggio deve raggiungere oltre 270 punti &#8211; questo criterio viene raggiunto da questa serie e quindi porta giustamente il sigillo d&#8217;argento.<\/p>\n<p>Ogni imbottigliamento \u00e8 controllato e certificato dalla qualit\u00e0 dal Ministero delle Politiche Agricole, Alimentari e Forestali. Si riconosce l&#8217;originale sul sigillo di cera, che \u00e8 stato fornito con le lettere: &#8220;DOP ABTRE&#8221;. La forma della bottiglia, simile a un tulipano \u00e8 prescritta per questo aceto balsamico. La bottiglia \u00e8 contrassegnata con il sigillo D.O.P e l&#8217;etichetta contiene la frase: &#8220;Certificato da organismo di controllo autorizzato dal Mipaaf&#8221; e conferma il test di accettazione da parte del Ministero. La tracciabilit\u00e0 di questo prodotto \u00e8 indicata dal numero di serie sul retro del prodotto.<\/p>\n<p>Ingredienti: mosto d&#8217;uva cotto al 100%<\/p>\n<p>Nota: non contiene solfiti<\/p>\n<p>&nbsp;<\/p>\n<p>&nbsp;<\/p>\n<p>Produttore:<br \/>\nCavalli cav. Ferdinando srl<br \/>\nVia del Cristo 6\/ab<br \/>\n42019 Scandiano Reggio Emilia<br \/>\nItalia<\/p>\n","protected":false},"excerpt":{"rendered":"<p>Giovanni Cavalli prodotta a Scandiano, una piccola comunit\u00e0 in provincia di Reggio Emilia con amore il suo Aceto Balsamico Tradizionale di Reggio Emilia &#8211; Argento (argento). Cavalli utilizza per il suo ABTdiRE esclusivamente le uve Trebbiano dolci dalla regione di Reggio Emilia e ha ricevuto l&#8217;approvazione per la commercializzazione commerciale dell&#8217;Aceto Balsamico Tradizionale di Reggio Emilia gi\u00e0 oltre 30 anni fa ed \u00e8 uno dei primi nella sua regione. La serie in vendita qui \u00e8 stata conservata in cinque botti di legno nel seguente ordine: quercia, castagno, ginepro, ciliegia, gelso. La densit\u00e0, che descrive la propriet\u00e0 sciropposa, \u00e8 tra 1,33 e 1,34 in questo aceto balsamico, che \u00e8 ben al di sopra del requisito minimo di 1,2. 12 anni e gi\u00e0 argento? Nonostante il deposito di 12 anni, questo balsamico \u00e8 stato premiato con il sigillo Argento &#8211; Argento, perch\u00e9 ci\u00f2 che pochi sanno \u00e8 che il sigillo viene assegnato secondo le specifiche del Ministero per il numero di punti di qualit\u00e0. Questo aceto raggiunge il numero sufficiente di punti di qualit\u00e0 dopo soli 12 anni per ottenere il sigillo d&#8217;argento. Secondo l&#8217;articolo 6 del decreto, il punteggio deve raggiungere oltre 270 punti &#8211; questo criterio viene raggiunto da questa serie e quindi porta giustamente il sigillo d&#8217;argento. Ogni imbottigliamento \u00e8 controllato e certificato dalla qualit\u00e0 dal Ministero delle Politiche Agricole, Alimentari e Forestali. Si riconosce l&#8217;originale sul sigillo di cera, che \u00e8 stato fornito con le lettere: &#8220;DOP ABTRE&#8221;. La forma della bottiglia, simile a un tulipano \u00e8 prescritta per questo aceto balsamico. La bottiglia \u00e8 contrassegnata con il sigillo D.O.P e l&#8217;etichetta contiene la frase: &#8220;Certificato da organismo di controllo autorizzato dal Mipaaf&#8221; e conferma il test di accettazione da parte del Ministero. La tracciabilit\u00e0 di questo prodotto \u00e8 indicata dal numero di serie sul retro del prodotto. Ingredienti: mosto d&#8217;uva cotto al 100% Nota: non contiene solfiti &nbsp; &nbsp; Produttore: Cavalli cav. Ferdinando srl Via del Cristo 6\/ab 42019 Scandiano Reggio Emilia Italia<\/p>\n","protected":false},"featured_media":2026,"template":"","meta":[],"product_brand":[],"product_cat":[31],"product_tag":[],"class_list":{"0":"post-1372","1":"product","2":"type-product","3":"status-publish","4":"has-post-thumbnail","6":"product_cat-cavalli","7":"product_shipping_class-balsamico","9":"first","10":"instock","11":"featured","12":"taxable","13":"shipping-taxable","14":"purchasable","15":"product-type-simple"},"bundle_layout":"","bundled_by":[],"bundled_items":[],"yoast_head":"<!-- This site is optimized with the Yoast SEO plugin v27.6 - https:\/\/yoast.com\/product\/yoast-seo-wordpress\/ -->\n<title>Aceto Balsamico Tradizionale di Reggio Emilia D.O.P - Argento - Aceto Balsamico Shop - Italia<\/title>\n<meta name=\"robots\" content=\"index, follow, max-snippet:-1, max-image-preview:large, max-video-preview:-1\" \/>\n<link rel=\"canonical\" href=\"https:\/\/balsamico.shop\/it\/prodotto\/aceto-balsamico-tradizionale-di-reggio-emilia-argento\/\" \/>\n<meta property=\"og:locale\" content=\"it_IT\" \/>\n<meta property=\"og:type\" content=\"article\" \/>\n<meta property=\"og:title\" content=\"Aceto Balsamico Tradizionale di Reggio Emilia D.O.P - Argento - Aceto Balsamico Shop - Italia\" \/>\n<meta property=\"og:description\" content=\"Giovanni Cavalli prodotta a Scandiano, una piccola comunit\u00e0 in provincia di Reggio Emilia con amore il suo Aceto Balsamico Tradizionale di Reggio Emilia &#8211; Argento (argento). Cavalli utilizza per il suo ABTdiRE esclusivamente le uve Trebbiano dolci dalla regione di Reggio Emilia e ha ricevuto l&#8217;approvazione per la commercializzazione commerciale dell&#8217;Aceto Balsamico Tradizionale di Reggio Emilia gi\u00e0 oltre 30 anni fa ed \u00e8 uno dei primi nella sua regione. La serie in vendita qui \u00e8 stata conservata in cinque botti di legno nel seguente ordine: quercia, castagno, ginepro, ciliegia, gelso. La densit\u00e0, che descrive la propriet\u00e0 sciropposa, \u00e8 tra 1,33 e 1,34 in questo aceto balsamico, che \u00e8 ben al di sopra del requisito minimo di 1,2. 12 anni e gi\u00e0 argento? Nonostante il deposito di 12 anni, questo balsamico \u00e8 stato premiato con il sigillo Argento &#8211; Argento, perch\u00e9 ci\u00f2 che pochi sanno \u00e8 che il sigillo viene assegnato secondo le specifiche del Ministero per il numero di punti di qualit\u00e0. Questo aceto raggiunge il numero sufficiente di punti di qualit\u00e0 dopo soli 12 anni per ottenere il sigillo d&#8217;argento. Secondo l&#8217;articolo 6 del decreto, il punteggio deve raggiungere oltre 270 punti &#8211; questo criterio viene raggiunto da questa serie e quindi porta giustamente il sigillo d&#8217;argento. Ogni imbottigliamento \u00e8 controllato e certificato dalla qualit\u00e0 dal Ministero delle Politiche Agricole, Alimentari e Forestali. Si riconosce l&#8217;originale sul sigillo di cera, che \u00e8 stato fornito con le lettere: &#8220;DOP ABTRE&#8221;. La forma della bottiglia, simile a un tulipano \u00e8 prescritta per questo aceto balsamico. La bottiglia \u00e8 contrassegnata con il sigillo D.O.P e l&#8217;etichetta contiene la frase: &#8220;Certificato da organismo di controllo autorizzato dal Mipaaf&#8221; e conferma il test di accettazione da parte del Ministero. La tracciabilit\u00e0 di questo prodotto \u00e8 indicata dal numero di serie sul retro del prodotto. Ingredienti: mosto d&#8217;uva cotto al 100% Nota: non contiene solfiti &nbsp; &nbsp; Produttore: Cavalli cav. Ferdinando srl Via del Cristo 6\/ab 42019 Scandiano Reggio Emilia Italia\" \/>\n<meta property=\"og:url\" content=\"https:\/\/balsamico.shop\/it\/prodotto\/aceto-balsamico-tradizionale-di-reggio-emilia-argento\/\" \/>\n<meta property=\"og:site_name\" content=\"Aceto Balsamico Shop - Italia\" \/>\n<meta property=\"article:modified_time\" content=\"2026-03-11T10:24:36+00:00\" \/>\n<meta property=\"og:image\" content=\"https:\/\/balsamico.shop\/it\/wp-content\/uploads\/2016\/09\/aceto-balsamico-tradizionale-reggioemilia-argento-cavalli.jpg\" \/>\n\t<meta property=\"og:image:width\" content=\"1600\" \/>\n\t<meta property=\"og:image:height\" content=\"1872\" \/>\n\t<meta property=\"og:image:type\" content=\"image\/jpeg\" \/>\n<meta name=\"twitter:card\" content=\"summary_large_image\" \/>\n<meta name=\"twitter:label1\" content=\"Tempo di lettura stimato\" \/>\n\t<meta name=\"twitter:data1\" content=\"2 minuti\" \/>\n<script type=\"application\/ld+json\" class=\"yoast-schema-graph\">{\"@context\":\"https:\\\/\\\/schema.org\",\"@graph\":[{\"@type\":\"WebPage\",\"@id\":\"https:\\\/\\\/balsamico.shop\\\/it\\\/prodotto\\\/aceto-balsamico-tradizionale-di-reggio-emilia-argento\\\/\",\"url\":\"https:\\\/\\\/balsamico.shop\\\/it\\\/prodotto\\\/aceto-balsamico-tradizionale-di-reggio-emilia-argento\\\/\",\"name\":\"Aceto Balsamico Tradizionale di Reggio Emilia D.O.P - Argento - Aceto Balsamico Shop - Italia\",\"isPartOf\":{\"@id\":\"https:\\\/\\\/balsamico.shop\\\/it\\\/#website\"},\"primaryImageOfPage\":{\"@id\":\"https:\\\/\\\/balsamico.shop\\\/it\\\/prodotto\\\/aceto-balsamico-tradizionale-di-reggio-emilia-argento\\\/#primaryimage\"},\"image\":{\"@id\":\"https:\\\/\\\/balsamico.shop\\\/it\\\/prodotto\\\/aceto-balsamico-tradizionale-di-reggio-emilia-argento\\\/#primaryimage\"},\"thumbnailUrl\":\"https:\\\/\\\/balsamico.shop\\\/it\\\/wp-content\\\/uploads\\\/2016\\\/09\\\/aceto-balsamico-tradizionale-reggioemilia-argento-cavalli.jpg\",\"datePublished\":\"2016-09-22T11:53:17+00:00\",\"dateModified\":\"2026-03-11T10:24:36+00:00\",\"breadcrumb\":{\"@id\":\"https:\\\/\\\/balsamico.shop\\\/it\\\/prodotto\\\/aceto-balsamico-tradizionale-di-reggio-emilia-argento\\\/#breadcrumb\"},\"inLanguage\":\"it-IT\",\"potentialAction\":[{\"@type\":\"ReadAction\",\"target\":[\"https:\\\/\\\/balsamico.shop\\\/it\\\/prodotto\\\/aceto-balsamico-tradizionale-di-reggio-emilia-argento\\\/\"]}]},{\"@type\":\"ImageObject\",\"inLanguage\":\"it-IT\",\"@id\":\"https:\\\/\\\/balsamico.shop\\\/it\\\/prodotto\\\/aceto-balsamico-tradizionale-di-reggio-emilia-argento\\\/#primaryimage\",\"url\":\"https:\\\/\\\/balsamico.shop\\\/it\\\/wp-content\\\/uploads\\\/2016\\\/09\\\/aceto-balsamico-tradizionale-reggioemilia-argento-cavalli.jpg\",\"contentUrl\":\"https:\\\/\\\/balsamico.shop\\\/it\\\/wp-content\\\/uploads\\\/2016\\\/09\\\/aceto-balsamico-tradizionale-reggioemilia-argento-cavalli.jpg\",\"width\":1600,\"height\":1872},{\"@type\":\"BreadcrumbList\",\"@id\":\"https:\\\/\\\/balsamico.shop\\\/it\\\/prodotto\\\/aceto-balsamico-tradizionale-di-reggio-emilia-argento\\\/#breadcrumb\",\"itemListElement\":[{\"@type\":\"ListItem\",\"position\":1,\"name\":\"Home\",\"item\":\"https:\\\/\\\/balsamico.shop\\\/it\\\/\"},{\"@type\":\"ListItem\",\"position\":2,\"name\":\"Aceto Balsamico Shop\",\"item\":\"https:\\\/\\\/balsamico.shop\\\/it\\\/shop\\\/\"},{\"@type\":\"ListItem\",\"position\":3,\"name\":\"Aceto Balsamico Tradizionale di Reggio Emilia D.O.P &#8211; Argento\"}]},{\"@type\":\"WebSite\",\"@id\":\"https:\\\/\\\/balsamico.shop\\\/it\\\/#website\",\"url\":\"https:\\\/\\\/balsamico.shop\\\/it\\\/\",\"name\":\"Aceto Balsamico Shop - Italia\",\"description\":\"Il miglior aceto balsamico di Modena e Reggio Emilia\",\"potentialAction\":[{\"@type\":\"SearchAction\",\"target\":{\"@type\":\"EntryPoint\",\"urlTemplate\":\"https:\\\/\\\/balsamico.shop\\\/it\\\/?s={search_term_string}\"},\"query-input\":{\"@type\":\"PropertyValueSpecification\",\"valueRequired\":true,\"valueName\":\"search_term_string\"}}],\"inLanguage\":\"it-IT\"}]}<\/script>\n<!-- \/ Yoast SEO plugin. -->","yoast_head_json":{"title":"Aceto Balsamico Tradizionale di Reggio Emilia D.O.P - Argento - Aceto Balsamico Shop - Italia","robots":{"index":"index","follow":"follow","max-snippet":"max-snippet:-1","max-image-preview":"max-image-preview:large","max-video-preview":"max-video-preview:-1"},"canonical":"https:\/\/balsamico.shop\/it\/prodotto\/aceto-balsamico-tradizionale-di-reggio-emilia-argento\/","og_locale":"it_IT","og_type":"article","og_title":"Aceto Balsamico Tradizionale di Reggio Emilia D.O.P - Argento - Aceto Balsamico Shop - Italia","og_description":"Giovanni Cavalli prodotta a Scandiano, una piccola comunit\u00e0 in provincia di Reggio Emilia con amore il suo Aceto Balsamico Tradizionale di Reggio Emilia &#8211; Argento (argento). Cavalli utilizza per il suo ABTdiRE esclusivamente le uve Trebbiano dolci dalla regione di Reggio Emilia e ha ricevuto l&#8217;approvazione per la commercializzazione commerciale dell&#8217;Aceto Balsamico Tradizionale di Reggio Emilia gi\u00e0 oltre 30 anni fa ed \u00e8 uno dei primi nella sua regione. La serie in vendita qui \u00e8 stata conservata in cinque botti di legno nel seguente ordine: quercia, castagno, ginepro, ciliegia, gelso. La densit\u00e0, che descrive la propriet\u00e0 sciropposa, \u00e8 tra 1,33 e 1,34 in questo aceto balsamico, che \u00e8 ben al di sopra del requisito minimo di 1,2. 12 anni e gi\u00e0 argento? Nonostante il deposito di 12 anni, questo balsamico \u00e8 stato premiato con il sigillo Argento &#8211; Argento, perch\u00e9 ci\u00f2 che pochi sanno \u00e8 che il sigillo viene assegnato secondo le specifiche del Ministero per il numero di punti di qualit\u00e0. Questo aceto raggiunge il numero sufficiente di punti di qualit\u00e0 dopo soli 12 anni per ottenere il sigillo d&#8217;argento. Secondo l&#8217;articolo 6 del decreto, il punteggio deve raggiungere oltre 270 punti &#8211; questo criterio viene raggiunto da questa serie e quindi porta giustamente il sigillo d&#8217;argento. Ogni imbottigliamento \u00e8 controllato e certificato dalla qualit\u00e0 dal Ministero delle Politiche Agricole, Alimentari e Forestali. Si riconosce l&#8217;originale sul sigillo di cera, che \u00e8 stato fornito con le lettere: &#8220;DOP ABTRE&#8221;. La forma della bottiglia, simile a un tulipano \u00e8 prescritta per questo aceto balsamico. La bottiglia \u00e8 contrassegnata con il sigillo D.O.P e l&#8217;etichetta contiene la frase: &#8220;Certificato da organismo di controllo autorizzato dal Mipaaf&#8221; e conferma il test di accettazione da parte del Ministero. La tracciabilit\u00e0 di questo prodotto \u00e8 indicata dal numero di serie sul retro del prodotto. Ingredienti: mosto d&#8217;uva cotto al 100% Nota: non contiene solfiti &nbsp; &nbsp; Produttore: Cavalli cav. Ferdinando srl Via del Cristo 6\/ab 42019 Scandiano Reggio Emilia Italia","og_url":"https:\/\/balsamico.shop\/it\/prodotto\/aceto-balsamico-tradizionale-di-reggio-emilia-argento\/","og_site_name":"Aceto Balsamico Shop - Italia","article_modified_time":"2026-03-11T10:24:36+00:00","og_image":[{"width":1600,"height":1872,"url":"https:\/\/balsamico.shop\/it\/wp-content\/uploads\/2016\/09\/aceto-balsamico-tradizionale-reggioemilia-argento-cavalli.jpg","type":"image\/jpeg"}],"twitter_card":"summary_large_image","twitter_misc":{"Tempo di lettura stimato":"2 minuti"},"schema":{"@context":"https:\/\/schema.org","@graph":[{"@type":"WebPage","@id":"https:\/\/balsamico.shop\/it\/prodotto\/aceto-balsamico-tradizionale-di-reggio-emilia-argento\/","url":"https:\/\/balsamico.shop\/it\/prodotto\/aceto-balsamico-tradizionale-di-reggio-emilia-argento\/","name":"Aceto Balsamico Tradizionale di Reggio Emilia D.O.P - Argento - Aceto Balsamico Shop - Italia","isPartOf":{"@id":"https:\/\/balsamico.shop\/it\/#website"},"primaryImageOfPage":{"@id":"https:\/\/balsamico.shop\/it\/prodotto\/aceto-balsamico-tradizionale-di-reggio-emilia-argento\/#primaryimage"},"image":{"@id":"https:\/\/balsamico.shop\/it\/prodotto\/aceto-balsamico-tradizionale-di-reggio-emilia-argento\/#primaryimage"},"thumbnailUrl":"https:\/\/balsamico.shop\/it\/wp-content\/uploads\/2016\/09\/aceto-balsamico-tradizionale-reggioemilia-argento-cavalli.jpg","datePublished":"2016-09-22T11:53:17+00:00","dateModified":"2026-03-11T10:24:36+00:00","breadcrumb":{"@id":"https:\/\/balsamico.shop\/it\/prodotto\/aceto-balsamico-tradizionale-di-reggio-emilia-argento\/#breadcrumb"},"inLanguage":"it-IT","potentialAction":[{"@type":"ReadAction","target":["https:\/\/balsamico.shop\/it\/prodotto\/aceto-balsamico-tradizionale-di-reggio-emilia-argento\/"]}]},{"@type":"ImageObject","inLanguage":"it-IT","@id":"https:\/\/balsamico.shop\/it\/prodotto\/aceto-balsamico-tradizionale-di-reggio-emilia-argento\/#primaryimage","url":"https:\/\/balsamico.shop\/it\/wp-content\/uploads\/2016\/09\/aceto-balsamico-tradizionale-reggioemilia-argento-cavalli.jpg","contentUrl":"https:\/\/balsamico.shop\/it\/wp-content\/uploads\/2016\/09\/aceto-balsamico-tradizionale-reggioemilia-argento-cavalli.jpg","width":1600,"height":1872},{"@type":"BreadcrumbList","@id":"https:\/\/balsamico.shop\/it\/prodotto\/aceto-balsamico-tradizionale-di-reggio-emilia-argento\/#breadcrumb","itemListElement":[{"@type":"ListItem","position":1,"name":"Home","item":"https:\/\/balsamico.shop\/it\/"},{"@type":"ListItem","position":2,"name":"Aceto Balsamico Shop","item":"https:\/\/balsamico.shop\/it\/shop\/"},{"@type":"ListItem","position":3,"name":"Aceto Balsamico Tradizionale di Reggio Emilia D.O.P &#8211; Argento"}]},{"@type":"WebSite","@id":"https:\/\/balsamico.shop\/it\/#website","url":"https:\/\/balsamico.shop\/it\/","name":"Aceto Balsamico Shop - Italia","description":"Il miglior aceto balsamico di Modena e Reggio Emilia","potentialAction":[{"@type":"SearchAction","target":{"@type":"EntryPoint","urlTemplate":"https:\/\/balsamico.shop\/it\/?s={search_term_string}"},"query-input":{"@type":"PropertyValueSpecification","valueRequired":true,"valueName":"search_term_string"}}],"inLanguage":"it-IT"}]}},"_links":{"self":[{"href":"https:\/\/balsamico.shop\/it\/wp-json\/wp\/v2\/product\/1372","targetHints":{"allow":["GET"]}}],"collection":[{"href":"https:\/\/balsamico.shop\/it\/wp-json\/wp\/v2\/product"}],"about":[{"href":"https:\/\/balsamico.shop\/it\/wp-json\/wp\/v2\/types\/product"}],"wp:featuredmedia":[{"embeddable":true,"href":"https:\/\/balsamico.shop\/it\/wp-json\/wp\/v2\/media\/2026"}],"wp:attachment":[{"href":"https:\/\/balsamico.shop\/it\/wp-json\/wp\/v2\/media?parent=1372"}],"wp:term":[{"taxonomy":"product_brand","embeddable":true,"href":"https:\/\/balsamico.shop\/it\/wp-json\/wp\/v2\/product_brand?post=1372"},{"taxonomy":"product_cat","embeddable":true,"href":"https:\/\/balsamico.shop\/it\/wp-json\/wp\/v2\/product_cat?post=1372"},{"taxonomy":"product_tag","embeddable":true,"href":"https:\/\/balsamico.shop\/it\/wp-json\/wp\/v2\/product_tag?post=1372"}],"curies":[{"name":"wp","href":"https:\/\/api.w.org\/{rel}","templated":true}]}}