{"id":37,"date":"2016-03-30T23:01:06","date_gmt":"2016-03-30T21:01:06","guid":{"rendered":"http:\/\/de.aceto-balsamico-tradizionale.com\/?page_id=37"},"modified":"2018-01-28T08:40:05","modified_gmt":"2018-01-28T07:40:05","slug":"storia","status":"publish","type":"page","link":"https:\/\/balsamico.shop\/it\/storia\/","title":{"rendered":"Storia"},"content":{"rendered":"<p>Il nome &#8220;Bernardo Tesori&#8221; indica il commercio di aceti balsamici tradizionali selezionati da diversi fornitori certificati dall&#8217;Italia. Il nostro obiettivo \u00e8 quello di rendere la diversit\u00e0 dei numerosi aceti balsamici disponibili anche in altre parti d&#8217;Europa. Molti produttori di aceto pi\u00f9 piccoli sono aziende a conduzione familiare e hanno solo quantit\u00e0 molto piccole dei loro decenni di Aceti Balsamici prodotti tradizionalmente. Finora, questi squisiti aceti balsamici sono stati venduti localmente a Modena o Reggio Emilia o spesso solo nel commercio italiano. Il nostro obiettivo \u00e8 rendere questi prodotti esclusivi pi\u00f9 accessibili cos\u00ec anche tu puoi provare questi eccellenti Aceti Balsamici.<\/p>\n<p>I nostri clienti non sono ristoratori che vogliono riferirsi litri di aceto, ma i buongustai soprattutto privati \u200b\u200be gli amanti del cibo, e tutti coloro che hanno sempre voluto assaggiare o dare un vero aceto balsamico tradizionale. Le aziende utilizzano spesso il nostro prodotto come regalo o incentivo per le prestazioni eccezionali dei loro dipendenti o come attenzione speciale ai loro migliori clienti.<\/p>\n<p>Aceto Balsamico Tradizionale aiuta nel processo di fabbricazione dei virt\u00f9 della pazienza, della temperanza e diligenza insich combina e riflette un contrasto con la nostra societ\u00e0 altamente accelerata dove fast food, ottimizzazione della produzione e la produzione di massa, purtroppo, a determinare la nostra vita quotidiana. Il tempo \u00e8 il nostro bene pi\u00f9 prezioso e pi\u00f9 deperibile e probabilmente l&#8217;unica ragione che giustifica i prezzi piuttosto alti di questi prodotti. L&#8217;unico conservante in un tradizionale \u00e8 il tempo.<\/p>\n<p>La selezione di oltre 30 diversi prodotti tradizionali nell&#8217;assortimento nel corso di un anno \u00e8 preceduta dalla degustazione di oltre 70 diversi tradizionales. Solo i balsamici, di cui siamo convinti nella degustazione, lo fanno nel nostro negozio.<\/p>\n<p>Noi di Bernardo Tesori campioniamo personalmente tutti i lotti del tradizionale offerto dai nostri fornitori, prima di includerli nel nostro negozio online. Tutti i nostri fornitori sono in contatto diretto con famiglie e aziende in Italia. Nel nostro portafoglio di prodotti sono principalmente &#8220;tradizionali&#8221; &#8211; questo nome rappresenta un processo di produzione tradizionale e un processo di maturazione di almeno 12 anni. Solo dopo 12 anni il titolo &#8220;Tradizionale&#8221; pu\u00f2 essere dato ad un Aceto Balsamico. Inoltre, prestiamo attenzione in negozio principalmente all&#8217;Aceto Balsamico Tradizionale con la certificazione europea D.O.P &#8211; che sta per &#8220;Denominazione d&#8217;Origine Protetta&#8221; &#8211; record. Questa certificazione significa che tutte le fasi produttive devono aver avuto luogo nella regione di Modena o Reggio Emilia ed \u00e8 controllata dal Kiwa Cermet Italia.<\/p>\n<p>I nostri clienti apprezzano il nostro negozio non solo per il nostro fantastico assortimento balsamico, ma anche per i nostri consigli. Siamo anche felici di consigliarti se ci chiami.<\/p>\n<p>Se hai domande sui prodotti nel nostro negozio, puoi contattarci in qualsiasi momento o inviare una email a shop@balsamico.shop.<\/p>\n","protected":false},"excerpt":{"rendered":"<p>Il nome &#8220;Bernardo Tesori&#8221; indica il commercio di aceti balsamici tradizionali selezionati da diversi fornitori certificati dall&#8217;Italia. Il nostro obiettivo \u00e8 quello di rendere la diversit\u00e0 dei numerosi aceti balsamici disponibili anche in altre parti d&#8217;Europa. Molti produttori di aceto pi\u00f9 piccoli sono aziende a conduzione familiare e hanno solo quantit\u00e0 molto piccole dei loro decenni di Aceti Balsamici prodotti tradizionalmente. Finora, questi squisiti aceti balsamici sono stati venduti localmente a Modena o Reggio Emilia o spesso solo nel commercio italiano. Il nostro obiettivo \u00e8 rendere questi prodotti esclusivi pi\u00f9 accessibili cos\u00ec anche tu puoi provare questi eccellenti Aceti Balsamici. I nostri clienti non sono ristoratori che vogliono riferirsi litri di aceto, ma i buongustai soprattutto privati \u200b\u200be gli amanti del cibo, e tutti coloro che hanno sempre voluto assaggiare o dare un vero aceto balsamico tradizionale. Le aziende utilizzano spesso il nostro prodotto come regalo o incentivo per le prestazioni eccezionali dei loro dipendenti o come attenzione speciale ai loro migliori clienti. Aceto Balsamico Tradizionale aiuta nel processo di fabbricazione dei virt\u00f9 della pazienza, della temperanza e diligenza insich combina e riflette un contrasto con la nostra societ\u00e0 altamente accelerata dove fast food, ottimizzazione della produzione e la produzione di massa, purtroppo, a determinare la nostra vita quotidiana. Il tempo \u00e8 il nostro bene pi\u00f9 prezioso e pi\u00f9 deperibile e probabilmente l&#8217;unica ragione che giustifica i prezzi piuttosto alti di questi prodotti. L&#8217;unico conservante in un tradizionale \u00e8 il tempo. La selezione di oltre 30 diversi prodotti tradizionali nell&#8217;assortimento nel corso di un anno \u00e8 preceduta dalla degustazione di oltre 70 diversi tradizionales. Solo i balsamici, di cui siamo convinti nella degustazione, lo fanno nel nostro negozio. Noi di Bernardo Tesori campioniamo personalmente tutti i lotti del tradizionale offerto dai nostri fornitori, prima di includerli nel nostro negozio online. Tutti i nostri fornitori sono in contatto diretto con famiglie e aziende in Italia. Nel nostro portafoglio di prodotti sono principalmente &#8220;tradizionali&#8221; &#8211; questo nome rappresenta un processo di produzione tradizionale e un processo di maturazione di almeno 12 anni. Solo dopo 12 anni il titolo &#8220;Tradizionale&#8221; pu\u00f2 essere dato ad un Aceto Balsamico. Inoltre, prestiamo attenzione in negozio principalmente all&#8217;Aceto Balsamico Tradizionale con la certificazione europea D.O.P &#8211; che sta per &#8220;Denominazione d&#8217;Origine Protetta&#8221; &#8211; record. Questa certificazione significa che tutte le fasi produttive devono aver avuto luogo nella regione di Modena o Reggio Emilia ed \u00e8 controllata dal Kiwa Cermet Italia. I nostri clienti apprezzano il nostro negozio non solo per il nostro fantastico assortimento balsamico, ma anche per i nostri consigli. Siamo anche felici di consigliarti se ci chiami. Se hai domande sui prodotti nel nostro negozio, puoi contattarci in qualsiasi momento o inviare una email a shop@balsamico.shop.<\/p>\n","protected":false},"author":1,"featured_media":0,"parent":0,"menu_order":0,"comment_status":"closed","ping_status":"closed","template":"","meta":{"footnotes":""},"class_list":["post-37","page","type-page","status-publish","hentry"],"yoast_head":"<!-- This site is optimized with the Yoast SEO plugin v27.6 - https:\/\/yoast.com\/product\/yoast-seo-wordpress\/ -->\n<title>Storia - Aceto Balsamico Shop - Italia<\/title>\n<meta name=\"robots\" content=\"index, follow, max-snippet:-1, max-image-preview:large, max-video-preview:-1\" \/>\n<link rel=\"canonical\" href=\"https:\/\/balsamico.shop\/it\/storia\/\" \/>\n<meta property=\"og:locale\" content=\"it_IT\" \/>\n<meta property=\"og:type\" content=\"article\" \/>\n<meta property=\"og:title\" content=\"Storia - Aceto Balsamico Shop - Italia\" \/>\n<meta property=\"og:description\" content=\"Il nome &#8220;Bernardo Tesori&#8221; indica il commercio di aceti balsamici tradizionali selezionati da diversi fornitori certificati dall&#8217;Italia. Il nostro obiettivo \u00e8 quello di rendere la diversit\u00e0 dei numerosi aceti balsamici disponibili anche in altre parti d&#8217;Europa. Molti produttori di aceto pi\u00f9 piccoli sono aziende a conduzione familiare e hanno solo quantit\u00e0 molto piccole dei loro decenni di Aceti Balsamici prodotti tradizionalmente. Finora, questi squisiti aceti balsamici sono stati venduti localmente a Modena o Reggio Emilia o spesso solo nel commercio italiano. Il nostro obiettivo \u00e8 rendere questi prodotti esclusivi pi\u00f9 accessibili cos\u00ec anche tu puoi provare questi eccellenti Aceti Balsamici. I nostri clienti non sono ristoratori che vogliono riferirsi litri di aceto, ma i buongustai soprattutto privati \u200b\u200be gli amanti del cibo, e tutti coloro che hanno sempre voluto assaggiare o dare un vero aceto balsamico tradizionale. Le aziende utilizzano spesso il nostro prodotto come regalo o incentivo per le prestazioni eccezionali dei loro dipendenti o come attenzione speciale ai loro migliori clienti. Aceto Balsamico Tradizionale aiuta nel processo di fabbricazione dei virt\u00f9 della pazienza, della temperanza e diligenza insich combina e riflette un contrasto con la nostra societ\u00e0 altamente accelerata dove fast food, ottimizzazione della produzione e la produzione di massa, purtroppo, a determinare la nostra vita quotidiana. Il tempo \u00e8 il nostro bene pi\u00f9 prezioso e pi\u00f9 deperibile e probabilmente l&#8217;unica ragione che giustifica i prezzi piuttosto alti di questi prodotti. L&#8217;unico conservante in un tradizionale \u00e8 il tempo. La selezione di oltre 30 diversi prodotti tradizionali nell&#8217;assortimento nel corso di un anno \u00e8 preceduta dalla degustazione di oltre 70 diversi tradizionales. Solo i balsamici, di cui siamo convinti nella degustazione, lo fanno nel nostro negozio. Noi di Bernardo Tesori campioniamo personalmente tutti i lotti del tradizionale offerto dai nostri fornitori, prima di includerli nel nostro negozio online. Tutti i nostri fornitori sono in contatto diretto con famiglie e aziende in Italia. Nel nostro portafoglio di prodotti sono principalmente &#8220;tradizionali&#8221; &#8211; questo nome rappresenta un processo di produzione tradizionale e un processo di maturazione di almeno 12 anni. Solo dopo 12 anni il titolo &#8220;Tradizionale&#8221; pu\u00f2 essere dato ad un Aceto Balsamico. Inoltre, prestiamo attenzione in negozio principalmente all&#8217;Aceto Balsamico Tradizionale con la certificazione europea D.O.P &#8211; che sta per &#8220;Denominazione d&#8217;Origine Protetta&#8221; &#8211; record. Questa certificazione significa che tutte le fasi produttive devono aver avuto luogo nella regione di Modena o Reggio Emilia ed \u00e8 controllata dal Kiwa Cermet Italia. I nostri clienti apprezzano il nostro negozio non solo per il nostro fantastico assortimento balsamico, ma anche per i nostri consigli. Siamo anche felici di consigliarti se ci chiami. Se hai domande sui prodotti nel nostro negozio, puoi contattarci in qualsiasi momento o inviare una email a shop@balsamico.shop.\" \/>\n<meta property=\"og:url\" content=\"https:\/\/balsamico.shop\/it\/storia\/\" \/>\n<meta property=\"og:site_name\" content=\"Aceto Balsamico Shop - Italia\" \/>\n<meta property=\"article:modified_time\" content=\"2018-01-28T07:40:05+00:00\" \/>\n<meta name=\"twitter:card\" content=\"summary_large_image\" \/>\n<meta name=\"twitter:label1\" content=\"Tempo di lettura stimato\" \/>\n\t<meta name=\"twitter:data1\" content=\"2 minuti\" \/>\n<script type=\"application\/ld+json\" class=\"yoast-schema-graph\">{\"@context\":\"https:\\\/\\\/schema.org\",\"@graph\":[{\"@type\":\"WebPage\",\"@id\":\"https:\\\/\\\/balsamico.shop\\\/it\\\/storia\\\/\",\"url\":\"https:\\\/\\\/balsamico.shop\\\/it\\\/storia\\\/\",\"name\":\"Storia - Aceto Balsamico Shop - Italia\",\"isPartOf\":{\"@id\":\"https:\\\/\\\/balsamico.shop\\\/it\\\/#website\"},\"datePublished\":\"2016-03-30T21:01:06+00:00\",\"dateModified\":\"2018-01-28T07:40:05+00:00\",\"breadcrumb\":{\"@id\":\"https:\\\/\\\/balsamico.shop\\\/it\\\/storia\\\/#breadcrumb\"},\"inLanguage\":\"it-IT\",\"potentialAction\":[{\"@type\":\"ReadAction\",\"target\":[\"https:\\\/\\\/balsamico.shop\\\/it\\\/storia\\\/\"]}]},{\"@type\":\"BreadcrumbList\",\"@id\":\"https:\\\/\\\/balsamico.shop\\\/it\\\/storia\\\/#breadcrumb\",\"itemListElement\":[{\"@type\":\"ListItem\",\"position\":1,\"name\":\"Home\",\"item\":\"https:\\\/\\\/balsamico.shop\\\/it\\\/\"},{\"@type\":\"ListItem\",\"position\":2,\"name\":\"Storia\"}]},{\"@type\":\"WebSite\",\"@id\":\"https:\\\/\\\/balsamico.shop\\\/it\\\/#website\",\"url\":\"https:\\\/\\\/balsamico.shop\\\/it\\\/\",\"name\":\"Aceto Balsamico Shop - Italia\",\"description\":\"Il miglior aceto balsamico di Modena e Reggio Emilia\",\"potentialAction\":[{\"@type\":\"SearchAction\",\"target\":{\"@type\":\"EntryPoint\",\"urlTemplate\":\"https:\\\/\\\/balsamico.shop\\\/it\\\/?s={search_term_string}\"},\"query-input\":{\"@type\":\"PropertyValueSpecification\",\"valueRequired\":true,\"valueName\":\"search_term_string\"}}],\"inLanguage\":\"it-IT\"}]}<\/script>\n<!-- \/ Yoast SEO plugin. -->","yoast_head_json":{"title":"Storia - Aceto Balsamico Shop - Italia","robots":{"index":"index","follow":"follow","max-snippet":"max-snippet:-1","max-image-preview":"max-image-preview:large","max-video-preview":"max-video-preview:-1"},"canonical":"https:\/\/balsamico.shop\/it\/storia\/","og_locale":"it_IT","og_type":"article","og_title":"Storia - Aceto Balsamico Shop - Italia","og_description":"Il nome &#8220;Bernardo Tesori&#8221; indica il commercio di aceti balsamici tradizionali selezionati da diversi fornitori certificati dall&#8217;Italia. Il nostro obiettivo \u00e8 quello di rendere la diversit\u00e0 dei numerosi aceti balsamici disponibili anche in altre parti d&#8217;Europa. Molti produttori di aceto pi\u00f9 piccoli sono aziende a conduzione familiare e hanno solo quantit\u00e0 molto piccole dei loro decenni di Aceti Balsamici prodotti tradizionalmente. Finora, questi squisiti aceti balsamici sono stati venduti localmente a Modena o Reggio Emilia o spesso solo nel commercio italiano. Il nostro obiettivo \u00e8 rendere questi prodotti esclusivi pi\u00f9 accessibili cos\u00ec anche tu puoi provare questi eccellenti Aceti Balsamici. I nostri clienti non sono ristoratori che vogliono riferirsi litri di aceto, ma i buongustai soprattutto privati \u200b\u200be gli amanti del cibo, e tutti coloro che hanno sempre voluto assaggiare o dare un vero aceto balsamico tradizionale. Le aziende utilizzano spesso il nostro prodotto come regalo o incentivo per le prestazioni eccezionali dei loro dipendenti o come attenzione speciale ai loro migliori clienti. Aceto Balsamico Tradizionale aiuta nel processo di fabbricazione dei virt\u00f9 della pazienza, della temperanza e diligenza insich combina e riflette un contrasto con la nostra societ\u00e0 altamente accelerata dove fast food, ottimizzazione della produzione e la produzione di massa, purtroppo, a determinare la nostra vita quotidiana. Il tempo \u00e8 il nostro bene pi\u00f9 prezioso e pi\u00f9 deperibile e probabilmente l&#8217;unica ragione che giustifica i prezzi piuttosto alti di questi prodotti. L&#8217;unico conservante in un tradizionale \u00e8 il tempo. La selezione di oltre 30 diversi prodotti tradizionali nell&#8217;assortimento nel corso di un anno \u00e8 preceduta dalla degustazione di oltre 70 diversi tradizionales. Solo i balsamici, di cui siamo convinti nella degustazione, lo fanno nel nostro negozio. Noi di Bernardo Tesori campioniamo personalmente tutti i lotti del tradizionale offerto dai nostri fornitori, prima di includerli nel nostro negozio online. Tutti i nostri fornitori sono in contatto diretto con famiglie e aziende in Italia. Nel nostro portafoglio di prodotti sono principalmente &#8220;tradizionali&#8221; &#8211; questo nome rappresenta un processo di produzione tradizionale e un processo di maturazione di almeno 12 anni. Solo dopo 12 anni il titolo &#8220;Tradizionale&#8221; pu\u00f2 essere dato ad un Aceto Balsamico. Inoltre, prestiamo attenzione in negozio principalmente all&#8217;Aceto Balsamico Tradizionale con la certificazione europea D.O.P &#8211; che sta per &#8220;Denominazione d&#8217;Origine Protetta&#8221; &#8211; record. Questa certificazione significa che tutte le fasi produttive devono aver avuto luogo nella regione di Modena o Reggio Emilia ed \u00e8 controllata dal Kiwa Cermet Italia. I nostri clienti apprezzano il nostro negozio non solo per il nostro fantastico assortimento balsamico, ma anche per i nostri consigli. Siamo anche felici di consigliarti se ci chiami. Se hai domande sui prodotti nel nostro negozio, puoi contattarci in qualsiasi momento o inviare una email a shop@balsamico.shop.","og_url":"https:\/\/balsamico.shop\/it\/storia\/","og_site_name":"Aceto Balsamico Shop - Italia","article_modified_time":"2018-01-28T07:40:05+00:00","twitter_card":"summary_large_image","twitter_misc":{"Tempo di lettura stimato":"2 minuti"},"schema":{"@context":"https:\/\/schema.org","@graph":[{"@type":"WebPage","@id":"https:\/\/balsamico.shop\/it\/storia\/","url":"https:\/\/balsamico.shop\/it\/storia\/","name":"Storia - Aceto Balsamico Shop - Italia","isPartOf":{"@id":"https:\/\/balsamico.shop\/it\/#website"},"datePublished":"2016-03-30T21:01:06+00:00","dateModified":"2018-01-28T07:40:05+00:00","breadcrumb":{"@id":"https:\/\/balsamico.shop\/it\/storia\/#breadcrumb"},"inLanguage":"it-IT","potentialAction":[{"@type":"ReadAction","target":["https:\/\/balsamico.shop\/it\/storia\/"]}]},{"@type":"BreadcrumbList","@id":"https:\/\/balsamico.shop\/it\/storia\/#breadcrumb","itemListElement":[{"@type":"ListItem","position":1,"name":"Home","item":"https:\/\/balsamico.shop\/it\/"},{"@type":"ListItem","position":2,"name":"Storia"}]},{"@type":"WebSite","@id":"https:\/\/balsamico.shop\/it\/#website","url":"https:\/\/balsamico.shop\/it\/","name":"Aceto Balsamico Shop - Italia","description":"Il miglior aceto balsamico di Modena e Reggio Emilia","potentialAction":[{"@type":"SearchAction","target":{"@type":"EntryPoint","urlTemplate":"https:\/\/balsamico.shop\/it\/?s={search_term_string}"},"query-input":{"@type":"PropertyValueSpecification","valueRequired":true,"valueName":"search_term_string"}}],"inLanguage":"it-IT"}]}},"_links":{"self":[{"href":"https:\/\/balsamico.shop\/it\/wp-json\/wp\/v2\/pages\/37","targetHints":{"allow":["GET"]}}],"collection":[{"href":"https:\/\/balsamico.shop\/it\/wp-json\/wp\/v2\/pages"}],"about":[{"href":"https:\/\/balsamico.shop\/it\/wp-json\/wp\/v2\/types\/page"}],"author":[{"embeddable":true,"href":"https:\/\/balsamico.shop\/it\/wp-json\/wp\/v2\/users\/1"}],"replies":[{"embeddable":true,"href":"https:\/\/balsamico.shop\/it\/wp-json\/wp\/v2\/comments?post=37"}],"version-history":[{"count":7,"href":"https:\/\/balsamico.shop\/it\/wp-json\/wp\/v2\/pages\/37\/revisions"}],"predecessor-version":[{"id":1443,"href":"https:\/\/balsamico.shop\/it\/wp-json\/wp\/v2\/pages\/37\/revisions\/1443"}],"wp:attachment":[{"href":"https:\/\/balsamico.shop\/it\/wp-json\/wp\/v2\/media?parent=37"}],"curies":[{"name":"wp","href":"https:\/\/api.w.org\/{rel}","templated":true}]}}