{"id":1949,"date":"2023-02-17T18:44:06","date_gmt":"2023-02-17T17:44:06","guid":{"rendered":"https:\/\/balsamico.shop\/fi\/?post_type=product&#038;p=1949"},"modified":"2026-04-09T19:31:36","modified_gmt":"2026-04-09T17:31:36","slug":"novizio-balsamico-kastike-picci","status":"publish","type":"product","link":"https:\/\/balsamico.shop\/fi\/tuote\/novizio-balsamico-kastike-picci\/","title":{"rendered":"IL NOVIZIO &#8211; Balsamico Kastike &#8211; Picci"},"content":{"rendered":"<p>Italian Reggio Emilian alueella sijaitsevan Acetaia <strong>Picci <\/strong>-yrityksen <strong>IL NOVIZIO -balsamiviinietikkakastike on <\/strong>valikoimamme uusin tuote!<\/p>\n<p>Kuten nimest\u00e4 voi p\u00e4\u00e4tell\u00e4 (&#8221;Il <em>Novizio<\/em>&#8221; = uusi tulokas), kyseess\u00e4 on hyvin nuori tuote. Koska se kypsyy puutynnyreiss\u00e4 vain 3 vuotta, sen maku on hyvin eloisa ja hedelm\u00e4inen. Lyhyen kypsytysaikansa ansiosta sen kokonaishappopitoisuus on 6 %, mutta se on kuitenkin <strong>eritt\u00e4in miedosti hapokas <\/strong>ja miellytt\u00e4\u00e4 herkk\u00e4\u00e4kin makuaistia puhtaana. Yksinkertaisesti optimaalinen <strong>salaattikastike<\/strong>! Alhaisen tiheytens\u00e4 ansiosta t\u00e4m\u00e4 tuote ei ole viskoosi ja levittyy erinomaisesti salaatin lehdille.<\/p>\n<p>Suuressa 500 ml:n pullossa IL NOVIZIO on laadukas hedelm\u00e4inen balsamiviinietikka ilman lis\u00e4aineita ja <strong>sopii t\u00e4ydellisesti salaattiin.<\/strong><\/p>\n<p><img loading=\"lazy\" decoding=\"async\" class=\"alignleft wp-image-13483\" src=\"https:\/\/balsamico.shop\/de\/wp-content\/uploads\/2023\/02\/Unbenannt-1-picci-fass-detail-300x221.png\" alt=\"balsamico puutynnyrit\n\" width=\"422\" height=\"311\" \/>IL NOVIZIOn valmistukseen k\u00e4ytet\u00e4\u00e4n t\u00e4sm\u00e4lleen samaa <strong>Spergola- <\/strong>ja <strong>Trebbiano-lajikkeiden <\/strong>valkoisista ryp\u00e4leist\u00e4 valmistettua, <strong>sertifioitua ja keitetty\u00e4 ryp\u00e4leen puristemehua kuin <\/strong>Acetaia Picci k\u00e4ytt\u00e4\u00e4 kahteen vanhempaan ja laadukkaampaan tuotteeseen <em>Aceto Balsamico Tradizionale di Reggio Emilia D.O.P -Argento <\/em>(18 vuotta vanha) ja <em>Aceto Balsamico Tradizionale di Reggio Emilia D.O.P &#8211; Oro <\/em>(25 vuotta vanha).<\/p>\n<p>Aivan kuten perinteisesti tuotetut balsamicot, IL NOVIZIO -balsamietikkakastike koostuu ainoastaan keitetyst\u00e4 ryp\u00e4leen<strong> puristemehusta. <\/strong>Koska se sis\u00e4lt\u00e4\u00e4 vain t\u00e4m\u00e4n yhden ainesosan, se on <strong>puhtaasti luonnontuote<\/strong>!<\/p>\n<p>Tuote kypsytet\u00e4\u00e4n 100 litran puutynnyreiss\u00e4, jotka on valmistettu kahdesta eri puulajista: <strong>tammesta <\/strong>ja <strong>kastanjasta.<\/strong><\/p>\n<p>&nbsp;<\/p>\n<p><strong>Ainesosat<\/strong>: keitetty ryp\u00e4leen puristemehu, voi sis\u00e4lt\u00e4\u00e4 luonnollisia sulfiitteja.<\/p>\n","protected":false},"excerpt":{"rendered":"<p>Balsamiviinietikkakastike &#8221;<strong>IL NOVIZIO<\/strong>&#8221; sis\u00e4lt\u00e4\u00e4 &#8211; aivan kuten Aceto Balsamico Tradizionale &#8211; ainoana ainesosana keitetty\u00e4 ryp\u00e4leen <strong>puristemehua<\/strong>, joten se on puhdas luonnontuote. Koska se kypsyy puutynnyreiss\u00e4 vain 3 vuotta, sen maku on eritt\u00e4in eloisa ja hedelm\u00e4inen. Lyhyen kypsytysajan ansiosta sen kokonaishappopitoisuus on 6 %. Yksinkertaisesti <strong>optimaalinen salaattikastike<\/strong>!<\/p>\n","protected":false},"featured_media":1950,"template":"","meta":[],"product_brand":[],"product_cat":[26],"product_tag":[],"class_list":{"0":"post-1949","1":"product","2":"type-product","3":"status-publish","4":"has-post-thumbnail","6":"product_cat-picci","7":"product_shipping_class-balsamico","9":"first","10":"instock","11":"featured","12":"taxable","13":"shipping-taxable","14":"purchasable","15":"product-type-simple"},"bundle_layout":"","bundled_by":[],"bundled_items":[],"yoast_head":"<!-- This site is optimized with the Yoast SEO plugin v27.5 - https:\/\/yoast.com\/product\/yoast-seo-wordpress\/ -->\n<title>IL NOVIZIO - Balsamico Kastike - Picci - Aceto Balsamico Shop - Suomi<\/title>\n<meta name=\"robots\" content=\"index, follow, max-snippet:-1, max-image-preview:large, max-video-preview:-1\" \/>\n<link rel=\"canonical\" href=\"https:\/\/balsamico.shop\/fi\/tuote\/novizio-balsamico-kastike-picci\/\" \/>\n<meta property=\"og:locale\" content=\"fi_FI\" \/>\n<meta property=\"og:type\" content=\"article\" \/>\n<meta property=\"og:title\" content=\"IL NOVIZIO - Balsamico Kastike - Picci - Aceto Balsamico Shop - Suomi\" \/>\n<meta property=\"og:description\" content=\"Balsamiviinietikkakastike &quot;IL NOVIZIO&quot; sis\u00e4lt\u00e4\u00e4 - aivan kuten Aceto Balsamico Tradizionale - ainoana ainesosana keitetty\u00e4 ryp\u00e4leen puristemehua, joten se on puhdas luonnontuote. Koska se kypsyy puutynnyreiss\u00e4 vain 3 vuotta, sen maku on eritt\u00e4in eloisa ja hedelm\u00e4inen. Lyhyen kypsytysajan ansiosta sen kokonaishappopitoisuus on 6 %. Yksinkertaisesti optimaalinen salaattikastike!\" \/>\n<meta property=\"og:url\" content=\"https:\/\/balsamico.shop\/fi\/tuote\/novizio-balsamico-kastike-picci\/\" \/>\n<meta property=\"og:site_name\" content=\"Aceto Balsamico Shop - Suomi\" \/>\n<meta property=\"article:modified_time\" content=\"2026-04-09T17:31:36+00:00\" \/>\n<meta property=\"og:image\" content=\"https:\/\/balsamico.shop\/fi\/wp-content\/uploads\/2023\/02\/novizio-condimento-picci.jpg\" \/>\n\t<meta property=\"og:image:width\" content=\"1600\" \/>\n\t<meta property=\"og:image:height\" content=\"1872\" \/>\n\t<meta property=\"og:image:type\" content=\"image\/jpeg\" \/>\n<meta name=\"twitter:card\" content=\"summary_large_image\" \/>\n<meta name=\"twitter:label1\" content=\"Arvioitu lukuaika\" \/>\n\t<meta name=\"twitter:data1\" content=\"2 minuuttia\" \/>\n<script type=\"application\/ld+json\" class=\"yoast-schema-graph\">{\"@context\":\"https:\\\/\\\/schema.org\",\"@graph\":[{\"@type\":\"WebPage\",\"@id\":\"https:\\\/\\\/balsamico.shop\\\/fi\\\/tuote\\\/novizio-balsamico-kastike-picci\\\/\",\"url\":\"https:\\\/\\\/balsamico.shop\\\/fi\\\/tuote\\\/novizio-balsamico-kastike-picci\\\/\",\"name\":\"IL NOVIZIO - Balsamico Kastike - Picci - Aceto Balsamico Shop - Suomi\",\"isPartOf\":{\"@id\":\"https:\\\/\\\/balsamico.shop\\\/fi\\\/#website\"},\"primaryImageOfPage\":{\"@id\":\"https:\\\/\\\/balsamico.shop\\\/fi\\\/tuote\\\/novizio-balsamico-kastike-picci\\\/#primaryimage\"},\"image\":{\"@id\":\"https:\\\/\\\/balsamico.shop\\\/fi\\\/tuote\\\/novizio-balsamico-kastike-picci\\\/#primaryimage\"},\"thumbnailUrl\":\"https:\\\/\\\/balsamico.shop\\\/fi\\\/wp-content\\\/uploads\\\/2023\\\/02\\\/novizio-condimento-picci.jpg\",\"datePublished\":\"2023-02-17T17:44:06+00:00\",\"dateModified\":\"2026-04-09T17:31:36+00:00\",\"breadcrumb\":{\"@id\":\"https:\\\/\\\/balsamico.shop\\\/fi\\\/tuote\\\/novizio-balsamico-kastike-picci\\\/#breadcrumb\"},\"inLanguage\":\"fi\",\"potentialAction\":[{\"@type\":\"ReadAction\",\"target\":[\"https:\\\/\\\/balsamico.shop\\\/fi\\\/tuote\\\/novizio-balsamico-kastike-picci\\\/\"]}]},{\"@type\":\"ImageObject\",\"inLanguage\":\"fi\",\"@id\":\"https:\\\/\\\/balsamico.shop\\\/fi\\\/tuote\\\/novizio-balsamico-kastike-picci\\\/#primaryimage\",\"url\":\"https:\\\/\\\/balsamico.shop\\\/fi\\\/wp-content\\\/uploads\\\/2023\\\/02\\\/novizio-condimento-picci.jpg\",\"contentUrl\":\"https:\\\/\\\/balsamico.shop\\\/fi\\\/wp-content\\\/uploads\\\/2023\\\/02\\\/novizio-condimento-picci.jpg\",\"width\":1600,\"height\":1872},{\"@type\":\"BreadcrumbList\",\"@id\":\"https:\\\/\\\/balsamico.shop\\\/fi\\\/tuote\\\/novizio-balsamico-kastike-picci\\\/#breadcrumb\",\"itemListElement\":[{\"@type\":\"ListItem\",\"position\":1,\"name\":\"Home\",\"item\":\"https:\\\/\\\/balsamico.shop\\\/fi\\\/\"},{\"@type\":\"ListItem\",\"position\":2,\"name\":\"Balsamico Shop\",\"item\":\"https:\\\/\\\/balsamico.shop\\\/fi\\\/shop\\\/\"},{\"@type\":\"ListItem\",\"position\":3,\"name\":\"IL NOVIZIO &#8211; Balsamico Kastike &#8211; Picci\"}]},{\"@type\":\"WebSite\",\"@id\":\"https:\\\/\\\/balsamico.shop\\\/fi\\\/#website\",\"url\":\"https:\\\/\\\/balsamico.shop\\\/fi\\\/\",\"name\":\"Aceto Balsamico Shop - Suomi\",\"description\":\"Hienoin balsamietikka Italiasta\",\"potentialAction\":[{\"@type\":\"SearchAction\",\"target\":{\"@type\":\"EntryPoint\",\"urlTemplate\":\"https:\\\/\\\/balsamico.shop\\\/fi\\\/?s={search_term_string}\"},\"query-input\":{\"@type\":\"PropertyValueSpecification\",\"valueRequired\":true,\"valueName\":\"search_term_string\"}}],\"inLanguage\":\"fi\"}]}<\/script>\n<!-- \/ Yoast SEO plugin. -->","yoast_head_json":{"title":"IL NOVIZIO - Balsamico Kastike - Picci - Aceto Balsamico Shop - Suomi","robots":{"index":"index","follow":"follow","max-snippet":"max-snippet:-1","max-image-preview":"max-image-preview:large","max-video-preview":"max-video-preview:-1"},"canonical":"https:\/\/balsamico.shop\/fi\/tuote\/novizio-balsamico-kastike-picci\/","og_locale":"fi_FI","og_type":"article","og_title":"IL NOVIZIO - Balsamico Kastike - Picci - Aceto Balsamico Shop - Suomi","og_description":"Balsamiviinietikkakastike \"IL NOVIZIO\" sis\u00e4lt\u00e4\u00e4 - aivan kuten Aceto Balsamico Tradizionale - ainoana ainesosana keitetty\u00e4 ryp\u00e4leen puristemehua, joten se on puhdas luonnontuote. Koska se kypsyy puutynnyreiss\u00e4 vain 3 vuotta, sen maku on eritt\u00e4in eloisa ja hedelm\u00e4inen. Lyhyen kypsytysajan ansiosta sen kokonaishappopitoisuus on 6 %. Yksinkertaisesti optimaalinen salaattikastike!","og_url":"https:\/\/balsamico.shop\/fi\/tuote\/novizio-balsamico-kastike-picci\/","og_site_name":"Aceto Balsamico Shop - Suomi","article_modified_time":"2026-04-09T17:31:36+00:00","og_image":[{"width":1600,"height":1872,"url":"https:\/\/balsamico.shop\/fi\/wp-content\/uploads\/2023\/02\/novizio-condimento-picci.jpg","type":"image\/jpeg"}],"twitter_card":"summary_large_image","twitter_misc":{"Arvioitu lukuaika":"2 minuuttia"},"schema":{"@context":"https:\/\/schema.org","@graph":[{"@type":"WebPage","@id":"https:\/\/balsamico.shop\/fi\/tuote\/novizio-balsamico-kastike-picci\/","url":"https:\/\/balsamico.shop\/fi\/tuote\/novizio-balsamico-kastike-picci\/","name":"IL NOVIZIO - Balsamico Kastike - Picci - Aceto Balsamico Shop - Suomi","isPartOf":{"@id":"https:\/\/balsamico.shop\/fi\/#website"},"primaryImageOfPage":{"@id":"https:\/\/balsamico.shop\/fi\/tuote\/novizio-balsamico-kastike-picci\/#primaryimage"},"image":{"@id":"https:\/\/balsamico.shop\/fi\/tuote\/novizio-balsamico-kastike-picci\/#primaryimage"},"thumbnailUrl":"https:\/\/balsamico.shop\/fi\/wp-content\/uploads\/2023\/02\/novizio-condimento-picci.jpg","datePublished":"2023-02-17T17:44:06+00:00","dateModified":"2026-04-09T17:31:36+00:00","breadcrumb":{"@id":"https:\/\/balsamico.shop\/fi\/tuote\/novizio-balsamico-kastike-picci\/#breadcrumb"},"inLanguage":"fi","potentialAction":[{"@type":"ReadAction","target":["https:\/\/balsamico.shop\/fi\/tuote\/novizio-balsamico-kastike-picci\/"]}]},{"@type":"ImageObject","inLanguage":"fi","@id":"https:\/\/balsamico.shop\/fi\/tuote\/novizio-balsamico-kastike-picci\/#primaryimage","url":"https:\/\/balsamico.shop\/fi\/wp-content\/uploads\/2023\/02\/novizio-condimento-picci.jpg","contentUrl":"https:\/\/balsamico.shop\/fi\/wp-content\/uploads\/2023\/02\/novizio-condimento-picci.jpg","width":1600,"height":1872},{"@type":"BreadcrumbList","@id":"https:\/\/balsamico.shop\/fi\/tuote\/novizio-balsamico-kastike-picci\/#breadcrumb","itemListElement":[{"@type":"ListItem","position":1,"name":"Home","item":"https:\/\/balsamico.shop\/fi\/"},{"@type":"ListItem","position":2,"name":"Balsamico Shop","item":"https:\/\/balsamico.shop\/fi\/shop\/"},{"@type":"ListItem","position":3,"name":"IL NOVIZIO &#8211; Balsamico Kastike &#8211; Picci"}]},{"@type":"WebSite","@id":"https:\/\/balsamico.shop\/fi\/#website","url":"https:\/\/balsamico.shop\/fi\/","name":"Aceto Balsamico Shop - Suomi","description":"Hienoin balsamietikka Italiasta","potentialAction":[{"@type":"SearchAction","target":{"@type":"EntryPoint","urlTemplate":"https:\/\/balsamico.shop\/fi\/?s={search_term_string}"},"query-input":{"@type":"PropertyValueSpecification","valueRequired":true,"valueName":"search_term_string"}}],"inLanguage":"fi"}]}},"_links":{"self":[{"href":"https:\/\/balsamico.shop\/fi\/wp-json\/wp\/v2\/product\/1949","targetHints":{"allow":["GET"]}}],"collection":[{"href":"https:\/\/balsamico.shop\/fi\/wp-json\/wp\/v2\/product"}],"about":[{"href":"https:\/\/balsamico.shop\/fi\/wp-json\/wp\/v2\/types\/product"}],"wp:featuredmedia":[{"embeddable":true,"href":"https:\/\/balsamico.shop\/fi\/wp-json\/wp\/v2\/media\/1950"}],"wp:attachment":[{"href":"https:\/\/balsamico.shop\/fi\/wp-json\/wp\/v2\/media?parent=1949"}],"wp:term":[{"taxonomy":"product_brand","embeddable":true,"href":"https:\/\/balsamico.shop\/fi\/wp-json\/wp\/v2\/product_brand?post=1949"},{"taxonomy":"product_cat","embeddable":true,"href":"https:\/\/balsamico.shop\/fi\/wp-json\/wp\/v2\/product_cat?post=1949"},{"taxonomy":"product_tag","embeddable":true,"href":"https:\/\/balsamico.shop\/fi\/wp-json\/wp\/v2\/product_tag?post=1949"}],"curies":[{"name":"wp","href":"https:\/\/api.w.org\/{rel}","templated":true}]}}