{"id":1947,"date":"2020-04-19T14:34:20","date_gmt":"2020-04-19T12:34:20","guid":{"rendered":"https:\/\/balsamico.shop\/fi\/?post_type=product&#038;p=1947"},"modified":"2026-04-22T16:53:57","modified_gmt":"2026-04-22T14:53:57","slug":"giuseppe-cremonini-aceto-balsamico-di-modena-invecchiato-5-rypaleen-aged","status":"publish","type":"product","link":"https:\/\/balsamico.shop\/fi\/tuote\/giuseppe-cremonini-aceto-balsamico-di-modena-invecchiato-5-rypaleen-aged\/","title":{"rendered":"Aceto Balsamico di Modena I.G.P. &#8211; Invecchiato &#8211; Cremonini"},"content":{"rendered":"<p><img loading=\"lazy\" decoding=\"async\" class=\"alignright wp-image-3760 size-medium\" src=\"https:\/\/balsamico.shop\/de\/wp-content\/uploads\/2020\/04\/cremonini-logo-211x300.png\" alt=\"Giuseppe Cremonini Logo\" width=\"211\" height=\"300\" \/><\/p>\n<p>T\u00e4m\u00e4 <strong>Acetaia Giuseppe Cremoninin<\/strong> valmistama <strong>Modenan SMM<\/strong>-merkinn\u00e4ll\u00e4 suojattu balsamiviinietikka valittiin saksalaisen <strong>\u00d6KO-TEST<\/strong>-lehden testivoittajaksi hein\u00e4kuun 2021 numerossaan. Se julistettiin voittajaksi yleisarvosanalla &#8221;<strong>eritt\u00e4in hyv\u00e4<\/strong>&#8221;. Vuonna 2020 t\u00e4m\u00e4 SMM-suojatun maantieteellisen merkinn\u00e4n saanut balsamiviinietikka valittiin Stiftung Warentestin kilpailun voittajaksi arvosanalla 1,6. T\u00e4ss\u00e4 yhteydess\u00e4 testattiin 27 erilaista SMM-suojatun maantieteellisen merkinn\u00e4n saanutta balsamiviinietikkaa, jotka kaikki kuuluivat edulliseen tai keskihintaiseen hintaluokkaan.<\/p>\n<p><strong>Cremonini<\/strong>-etikkaa l\u00f6ytyy yleens\u00e4 my\u00f6s supermarketeista. T\u00e4t\u00e4 tuotetta on kuitenkin melko harvinaista l\u00f6yt\u00e4\u00e4 kaupoista, koska se on <strong>5 ryp\u00e4leen lajiketta<\/strong>, johon on lis\u00e4tty lis\u00e4ys &#8221;aged&#8221;, eik\u00e4 sit\u00e4 pid\u00e4 sekoittaa halvempaan 5 ryp\u00e4leen lajikkeeseen, jossa ei ole <strong>lis\u00e4yst\u00e4<\/strong> &#8221;<strong>aged<\/strong>&#8221;. Tarkista varmuuden vuoksi aina my\u00f6s pullon takaosa!<\/p>\n<p>T\u00e4m\u00e4n balsamicon tiheys on 1,33. Vain eritt\u00e4in harvoin IGP-balsamico saavuttaa n\u00e4in korkean tiheyden ja siten siirappimaisen juoksevuuden. Keitetyn ryp\u00e4leen puristemehun suuri osuus ja kypsytysaika tynnyriss\u00e4 ovat ratkaisevia tekij\u00f6it\u00e4 t\u00e4m\u00e4n ominaisuuden saavuttamisessa. Vain <a href=\"https:\/\/balsamico.shop\/fi\/tuote\/aceto-balsamico-tradizionale-di-modena-giuseppe-cremonini\/\" target=\"_blank\" rel=\"noopener\">Cremoninin Aceto Balsamico Tradizionale<\/a> voi ylitt\u00e4\u00e4 t\u00e4m\u00e4n balsamietikan. Se valmistetaan ilman keinotekoisia aromiaineita tai s\u00e4il\u00f6nt\u00e4aineita. T\u00e4m\u00e4 balsamietikka sopii erityisesti kalan, kovien juustojen, vihannesten ja hedelmien kanssa.<\/p>\n<p>Giuseppe Cremonini tuottaa viini\u00e4 pieness\u00e4 Spilamberton kyl\u00e4ss\u00e4, muutaman kilometrin p\u00e4\u00e4ss\u00e4 Modenasta kaakkoon. Etikan tuntijoiden keskuudessa Spilamberto on balsamicon todellinen p\u00e4\u00e4kaupunki. T\u00e4\u00e4ll\u00e4 on my\u00f6s kuuluisa Balsamico-museo ja j\u00e4ttil\u00e4ispisara (<a href=\"http:\/\/www.lunatiscenografie.it\/portfolio\/la-goccia-balsamica-di-spilamberto\/\" target=\"_blank\" rel=\"noopener\">la Goccia balsamica<\/a>). Spilambertossa j\u00e4rjestet\u00e4\u00e4n kerran vuodessa my\u00f6s tunnetuin Palio-kilpailu, Palio di San Giovanni.<\/p>\n<p><strong>Kes\u00e4vinkkimme<\/strong>: Voit k\u00e4ytt\u00e4\u00e4 t\u00e4t\u00e4 balsamicoa t\u00e4ydellisesti balsamicokastikkeen valmistamiseen! Lis\u00e4\u00e4 noin 2 teelusikallista balsamicoa lasilliseen (0,33) kuohuvaa, viile\u00e4\u00e4 kivenn\u00e4isvett\u00e4, sekoita hieman, valmis. Kes\u00e4inen, makeahappoinen virkist\u00e4v\u00e4 juoma pH-tasapainon s\u00e4\u00e4telyyn ja viilent\u00e4\u00e4 korkeissa l\u00e4mp\u00f6tiloissa.<\/p>\n<p><span style=\"text-decoration: underline;\"><strong>Tuotetiedot<\/strong><\/span>:<\/p>\n<p><strong>Kypsytys<\/strong>: kypsytetty barrique-puutynnyreiss\u00e4 v\u00e4hint\u00e4\u00e4n 3 vuotta<\/p>\n<p><strong>Tiheys<\/strong>: 1,33 &#8211; ensiluokkainen (siirappimainen \/ viskoosinen)<\/p>\n<p><strong>V\u00e4ri<\/strong>: runsas tummanruskea<\/p>\n<p><strong>Tuoksu<\/strong>: miellytt\u00e4v\u00e4, ei kirpe\u00e4 hapokkuus, hyv\u00e4 tynnyrintuoksu, voimakas sitkeys<\/p>\n<p><strong>Maku ja voimakkuus<\/strong>: makea intensiivinen maku, jossa on vaniljainen vivahde ja hyvin integroitu hapokkuus<\/p>\n<p><strong>S\u00e4ilytys<\/strong>: S\u00e4ilytet\u00e4\u00e4n viile\u00e4ss\u00e4 ja kuivassa paikassa valolta ja l\u00e4mm\u00f6lt\u00e4 suojattuna<\/p>\n<p><strong>Alkuper\u00e4maa<\/strong>: Italia<\/p>\n<p><strong>Valmistettu ja k\u00e4sitelty<\/strong>: Spilamberto, Italia<\/p>\n<p><strong>Suojamerkint\u00e4<\/strong>: I.G.P. \/ PGI (suojattu maantieteellinen merkint\u00e4)<\/p>\n<p><strong>Nimitys suojattu<\/strong>:<a href=\"https:\/\/eur-lex.europa.eu\/legal-content\/fi\/TXT\/HTML\/?uri=CELEX:32009R0583\" target=\"_blank\" rel=\"noopener\"> Asetus (EY) N:o 583\/2009 &#8211; Modenan balsamiviinietikka<\/a><\/p>\n<p><strong>Suulake<\/strong>: integroitu, silikoni<\/p>\n<p><strong>M\u00e4\u00e4r\u00e4<\/strong>: 250 millilitraa<\/p>\n<p><strong>Ainesosat<\/strong>: 6 % happoa, keitetty ryp\u00e4leen puristemehu, viinietikka. Ilman v\u00e4riainetta \/ karamellia<\/p>\n<p><strong>Huomautus<\/strong>: sis\u00e4lt\u00e4\u00e4 sulfiitteja<\/p>\n<p><strong>Videovinkki<\/strong>\u00a0<strong>Aceto Balsamico di Modena<\/strong>:<\/p>\n<p><a href=\"https:\/\/www.youtube.com\/watch?v=bFnQwZoXo_8\" target=\"_blank\" rel=\"noopener noreferrer\"><img loading=\"lazy\" decoding=\"async\" class=\"alignnone wp-image-3756 size-full\" src=\"https:\/\/balsamico.shop\/de\/wp-content\/uploads\/2020\/04\/cremonini-balsamico.jpg\" alt=\"Cremonini Balsamic Video\" width=\"500\" height=\"341\" \/><\/a><\/p>\n<p><strong>Muut nimet<\/strong> &#8211; jotka voidaan antaa t\u00e4lle tuotteelle:<\/p>\n<ul>\n<li>Cremonini 5 Grape Balsamico<\/li>\n<li>Aceto Balsamico Modena 5 GP Aged Inter<\/li>\n<li>Aceto Balsamico di Modena I.G.P. Invecchiato Aged, 5 kultaryp\u00e4lett\u00e4<\/li>\n<li>Giuseppe Cremonini Balsamico testivoittaja 2020<\/li>\n<li>Aceto Balsamico by Cremoni &#8211; 5 kultaista viiniryp\u00e4leit\u00e4.<\/li>\n<li>250 ml:n pullo Cremonini Balsamico by Cremonini, jossa on viisi viiniryp\u00e4leit\u00e4<\/li>\n<\/ul>\n","protected":false},"excerpt":{"rendered":"<p>T\u00e4m\u00e4 <strong>Acetaia Giuseppe Cremoninin<\/strong> valmistama <strong>Modenan SMM<\/strong>-merkinn\u00e4ll\u00e4 suojattu balsamiviinietikka valittiin saksalaisen <strong>\u00d6KO-TEST<\/strong>-lehden testivoittajaksi hein\u00e4kuun 2021 numerossaan. Se julistettiin voittajaksi yleisarvosanalla &#8221;<strong>eritt\u00e4in hyv\u00e4<\/strong>&#8221;. Vuonna 2020 t\u00e4m\u00e4 SMM-suojatun maantieteellisen merkinn\u00e4n saanut balsamiviinietikka valittiin Stiftung Warentestin kilpailun voittajaksi arvosanalla 1,6. T\u00e4ss\u00e4 yhteydess\u00e4 testattiin 27 erilaista SMM-suojatun maantieteellisen merkinn\u00e4n saanutta balsamiviinietikkaa, jotka kaikki kuuluivat edulliseen tai keskihintaiseen hintaluokkaan. T\u00e4m\u00e4n balsamicon tiheys on 1,33. Vain eritt\u00e4in harvoin IGP-balsamico saavuttaa n\u00e4in korkean tiheyden ja siten siirappimaisen juoksevuuden. Keitetyn ryp\u00e4leen puristemehun suuri osuus ja kypsytysaika tynnyriss\u00e4 ovat ratkaisevia tekij\u00f6it\u00e4 t\u00e4m\u00e4n ominaisuuden saavuttamisessa. Vain <a href=\"https:\/\/balsamico.shop\/fi\/tuote\/aceto-balsamico-tradizionale-di-modena-giuseppe-cremonini\/\" target=\"_blank\" rel=\"noopener\">Cremoninin Aceto Balsamico Tradizionale<\/a> voi ylitt\u00e4\u00e4 t\u00e4m\u00e4n balsamietikan. Se valmistetaan ilman keinotekoisia aromiaineita tai s\u00e4il\u00f6nt\u00e4aineita. T\u00e4m\u00e4 balsamietikka sopii erityisesti kalan, kovien juustojen, vihannesten ja hedelmien kanssa.<\/p>\n","protected":false},"featured_media":1948,"template":"","meta":[],"product_brand":[],"product_cat":[66],"product_tag":[],"class_list":{"0":"post-1947","1":"product","2":"type-product","3":"status-publish","4":"has-post-thumbnail","6":"product_cat-cremonini","7":"product_shipping_class-balsamico","9":"first","10":"instock","11":"featured","12":"taxable","13":"shipping-taxable","14":"purchasable","15":"product-type-simple"},"bundle_layout":"","bundled_by":[],"bundled_items":[],"yoast_head":"<!-- This site is optimized with the Yoast SEO plugin v27.4 - https:\/\/yoast.com\/product\/yoast-seo-wordpress\/ -->\n<title>Aceto Balsamico di Modena I.G.P. - Invecchiato - Cremonini - Aceto Balsamico Shop - Suomi<\/title>\n<meta name=\"robots\" content=\"index, follow, max-snippet:-1, max-image-preview:large, max-video-preview:-1\" \/>\n<link rel=\"canonical\" href=\"https:\/\/balsamico.shop\/fi\/tuote\/giuseppe-cremonini-aceto-balsamico-di-modena-invecchiato-5-rypaleen-aged\/\" \/>\n<meta property=\"og:locale\" content=\"fi_FI\" \/>\n<meta property=\"og:type\" content=\"article\" \/>\n<meta property=\"og:title\" content=\"Aceto Balsamico di Modena I.G.P. - Invecchiato - Cremonini - Aceto Balsamico Shop - Suomi\" \/>\n<meta property=\"og:description\" content=\"T\u00e4m\u00e4 Acetaia Giuseppe Cremoninin valmistama Modenan SMM-merkinn\u00e4ll\u00e4 suojattu balsamiviinietikka valittiin saksalaisen \u00d6KO-TEST-lehden testivoittajaksi hein\u00e4kuun 2021 numerossaan. Se julistettiin voittajaksi yleisarvosanalla &quot;eritt\u00e4in hyv\u00e4&quot;. Vuonna 2020 t\u00e4m\u00e4 SMM-suojatun maantieteellisen merkinn\u00e4n saanut balsamiviinietikka valittiin Stiftung Warentestin kilpailun voittajaksi arvosanalla 1,6. T\u00e4ss\u00e4 yhteydess\u00e4 testattiin 27 erilaista SMM-suojatun maantieteellisen merkinn\u00e4n saanutta balsamiviinietikkaa, jotka kaikki kuuluivat edulliseen tai keskihintaiseen hintaluokkaan. T\u00e4m\u00e4n balsamicon tiheys on 1,33. Vain eritt\u00e4in harvoin IGP-balsamico saavuttaa n\u00e4in korkean tiheyden ja siten siirappimaisen juoksevuuden. Keitetyn ryp\u00e4leen puristemehun suuri osuus ja kypsytysaika tynnyriss\u00e4 ovat ratkaisevia tekij\u00f6it\u00e4 t\u00e4m\u00e4n ominaisuuden saavuttamisessa. Vain Cremoninin Aceto Balsamico Tradizionale voi ylitt\u00e4\u00e4 t\u00e4m\u00e4n balsamietikan. Se valmistetaan ilman keinotekoisia aromiaineita tai s\u00e4il\u00f6nt\u00e4aineita. T\u00e4m\u00e4 balsamietikka sopii erityisesti kalan, kovien juustojen, vihannesten ja hedelmien kanssa.\" \/>\n<meta property=\"og:url\" content=\"https:\/\/balsamico.shop\/fi\/tuote\/giuseppe-cremonini-aceto-balsamico-di-modena-invecchiato-5-rypaleen-aged\/\" \/>\n<meta property=\"og:site_name\" content=\"Aceto Balsamico Shop - Suomi\" \/>\n<meta property=\"article:modified_time\" content=\"2026-04-22T14:53:57+00:00\" \/>\n<meta property=\"og:image\" content=\"https:\/\/balsamico.shop\/fi\/wp-content\/uploads\/2020\/04\/giuseppe-cremonini-aceto-balsamico-di-modena-invecchiato-5-trauben-aged.jpg\" \/>\n\t<meta property=\"og:image:width\" content=\"1600\" \/>\n\t<meta property=\"og:image:height\" content=\"1872\" \/>\n\t<meta property=\"og:image:type\" content=\"image\/jpeg\" \/>\n<meta name=\"twitter:card\" content=\"summary_large_image\" \/>\n<meta name=\"twitter:label1\" content=\"Arvioitu lukuaika\" \/>\n\t<meta name=\"twitter:data1\" content=\"3 minuuttia\" \/>\n<script type=\"application\/ld+json\" class=\"yoast-schema-graph\">{\"@context\":\"https:\\\/\\\/schema.org\",\"@graph\":[{\"@type\":\"WebPage\",\"@id\":\"https:\\\/\\\/balsamico.shop\\\/fi\\\/tuote\\\/giuseppe-cremonini-aceto-balsamico-di-modena-invecchiato-5-rypaleen-aged\\\/\",\"url\":\"https:\\\/\\\/balsamico.shop\\\/fi\\\/tuote\\\/giuseppe-cremonini-aceto-balsamico-di-modena-invecchiato-5-rypaleen-aged\\\/\",\"name\":\"Aceto Balsamico di Modena I.G.P. - Invecchiato - Cremonini - Aceto Balsamico Shop - Suomi\",\"isPartOf\":{\"@id\":\"https:\\\/\\\/balsamico.shop\\\/fi\\\/#website\"},\"primaryImageOfPage\":{\"@id\":\"https:\\\/\\\/balsamico.shop\\\/fi\\\/tuote\\\/giuseppe-cremonini-aceto-balsamico-di-modena-invecchiato-5-rypaleen-aged\\\/#primaryimage\"},\"image\":{\"@id\":\"https:\\\/\\\/balsamico.shop\\\/fi\\\/tuote\\\/giuseppe-cremonini-aceto-balsamico-di-modena-invecchiato-5-rypaleen-aged\\\/#primaryimage\"},\"thumbnailUrl\":\"https:\\\/\\\/balsamico.shop\\\/fi\\\/wp-content\\\/uploads\\\/2020\\\/04\\\/giuseppe-cremonini-aceto-balsamico-di-modena-invecchiato-5-trauben-aged.jpg\",\"datePublished\":\"2020-04-19T12:34:20+00:00\",\"dateModified\":\"2026-04-22T14:53:57+00:00\",\"breadcrumb\":{\"@id\":\"https:\\\/\\\/balsamico.shop\\\/fi\\\/tuote\\\/giuseppe-cremonini-aceto-balsamico-di-modena-invecchiato-5-rypaleen-aged\\\/#breadcrumb\"},\"inLanguage\":\"fi\",\"potentialAction\":[{\"@type\":\"ReadAction\",\"target\":[\"https:\\\/\\\/balsamico.shop\\\/fi\\\/tuote\\\/giuseppe-cremonini-aceto-balsamico-di-modena-invecchiato-5-rypaleen-aged\\\/\"]}]},{\"@type\":\"ImageObject\",\"inLanguage\":\"fi\",\"@id\":\"https:\\\/\\\/balsamico.shop\\\/fi\\\/tuote\\\/giuseppe-cremonini-aceto-balsamico-di-modena-invecchiato-5-rypaleen-aged\\\/#primaryimage\",\"url\":\"https:\\\/\\\/balsamico.shop\\\/fi\\\/wp-content\\\/uploads\\\/2020\\\/04\\\/giuseppe-cremonini-aceto-balsamico-di-modena-invecchiato-5-trauben-aged.jpg\",\"contentUrl\":\"https:\\\/\\\/balsamico.shop\\\/fi\\\/wp-content\\\/uploads\\\/2020\\\/04\\\/giuseppe-cremonini-aceto-balsamico-di-modena-invecchiato-5-trauben-aged.jpg\",\"width\":1600,\"height\":1872},{\"@type\":\"BreadcrumbList\",\"@id\":\"https:\\\/\\\/balsamico.shop\\\/fi\\\/tuote\\\/giuseppe-cremonini-aceto-balsamico-di-modena-invecchiato-5-rypaleen-aged\\\/#breadcrumb\",\"itemListElement\":[{\"@type\":\"ListItem\",\"position\":1,\"name\":\"Home\",\"item\":\"https:\\\/\\\/balsamico.shop\\\/fi\\\/\"},{\"@type\":\"ListItem\",\"position\":2,\"name\":\"Balsamico Shop\",\"item\":\"https:\\\/\\\/balsamico.shop\\\/fi\\\/shop\\\/\"},{\"@type\":\"ListItem\",\"position\":3,\"name\":\"Aceto Balsamico di Modena I.G.P. &#8211; Invecchiato &#8211; Cremonini\"}]},{\"@type\":\"WebSite\",\"@id\":\"https:\\\/\\\/balsamico.shop\\\/fi\\\/#website\",\"url\":\"https:\\\/\\\/balsamico.shop\\\/fi\\\/\",\"name\":\"Aceto Balsamico Shop - Suomi\",\"description\":\"Hienoin balsamietikka Italiasta\",\"potentialAction\":[{\"@type\":\"SearchAction\",\"target\":{\"@type\":\"EntryPoint\",\"urlTemplate\":\"https:\\\/\\\/balsamico.shop\\\/fi\\\/?s={search_term_string}\"},\"query-input\":{\"@type\":\"PropertyValueSpecification\",\"valueRequired\":true,\"valueName\":\"search_term_string\"}}],\"inLanguage\":\"fi\"}]}<\/script>\n<!-- \/ Yoast SEO plugin. -->","yoast_head_json":{"title":"Aceto Balsamico di Modena I.G.P. - Invecchiato - Cremonini - Aceto Balsamico Shop - Suomi","robots":{"index":"index","follow":"follow","max-snippet":"max-snippet:-1","max-image-preview":"max-image-preview:large","max-video-preview":"max-video-preview:-1"},"canonical":"https:\/\/balsamico.shop\/fi\/tuote\/giuseppe-cremonini-aceto-balsamico-di-modena-invecchiato-5-rypaleen-aged\/","og_locale":"fi_FI","og_type":"article","og_title":"Aceto Balsamico di Modena I.G.P. - Invecchiato - Cremonini - Aceto Balsamico Shop - Suomi","og_description":"T\u00e4m\u00e4 Acetaia Giuseppe Cremoninin valmistama Modenan SMM-merkinn\u00e4ll\u00e4 suojattu balsamiviinietikka valittiin saksalaisen \u00d6KO-TEST-lehden testivoittajaksi hein\u00e4kuun 2021 numerossaan. Se julistettiin voittajaksi yleisarvosanalla \"eritt\u00e4in hyv\u00e4\". Vuonna 2020 t\u00e4m\u00e4 SMM-suojatun maantieteellisen merkinn\u00e4n saanut balsamiviinietikka valittiin Stiftung Warentestin kilpailun voittajaksi arvosanalla 1,6. T\u00e4ss\u00e4 yhteydess\u00e4 testattiin 27 erilaista SMM-suojatun maantieteellisen merkinn\u00e4n saanutta balsamiviinietikkaa, jotka kaikki kuuluivat edulliseen tai keskihintaiseen hintaluokkaan. T\u00e4m\u00e4n balsamicon tiheys on 1,33. Vain eritt\u00e4in harvoin IGP-balsamico saavuttaa n\u00e4in korkean tiheyden ja siten siirappimaisen juoksevuuden. Keitetyn ryp\u00e4leen puristemehun suuri osuus ja kypsytysaika tynnyriss\u00e4 ovat ratkaisevia tekij\u00f6it\u00e4 t\u00e4m\u00e4n ominaisuuden saavuttamisessa. Vain Cremoninin Aceto Balsamico Tradizionale voi ylitt\u00e4\u00e4 t\u00e4m\u00e4n balsamietikan. Se valmistetaan ilman keinotekoisia aromiaineita tai s\u00e4il\u00f6nt\u00e4aineita. T\u00e4m\u00e4 balsamietikka sopii erityisesti kalan, kovien juustojen, vihannesten ja hedelmien kanssa.","og_url":"https:\/\/balsamico.shop\/fi\/tuote\/giuseppe-cremonini-aceto-balsamico-di-modena-invecchiato-5-rypaleen-aged\/","og_site_name":"Aceto Balsamico Shop - Suomi","article_modified_time":"2026-04-22T14:53:57+00:00","og_image":[{"width":1600,"height":1872,"url":"https:\/\/balsamico.shop\/fi\/wp-content\/uploads\/2020\/04\/giuseppe-cremonini-aceto-balsamico-di-modena-invecchiato-5-trauben-aged.jpg","type":"image\/jpeg"}],"twitter_card":"summary_large_image","twitter_misc":{"Arvioitu lukuaika":"3 minuuttia"},"schema":{"@context":"https:\/\/schema.org","@graph":[{"@type":"WebPage","@id":"https:\/\/balsamico.shop\/fi\/tuote\/giuseppe-cremonini-aceto-balsamico-di-modena-invecchiato-5-rypaleen-aged\/","url":"https:\/\/balsamico.shop\/fi\/tuote\/giuseppe-cremonini-aceto-balsamico-di-modena-invecchiato-5-rypaleen-aged\/","name":"Aceto Balsamico di Modena I.G.P. - Invecchiato - Cremonini - Aceto Balsamico Shop - Suomi","isPartOf":{"@id":"https:\/\/balsamico.shop\/fi\/#website"},"primaryImageOfPage":{"@id":"https:\/\/balsamico.shop\/fi\/tuote\/giuseppe-cremonini-aceto-balsamico-di-modena-invecchiato-5-rypaleen-aged\/#primaryimage"},"image":{"@id":"https:\/\/balsamico.shop\/fi\/tuote\/giuseppe-cremonini-aceto-balsamico-di-modena-invecchiato-5-rypaleen-aged\/#primaryimage"},"thumbnailUrl":"https:\/\/balsamico.shop\/fi\/wp-content\/uploads\/2020\/04\/giuseppe-cremonini-aceto-balsamico-di-modena-invecchiato-5-trauben-aged.jpg","datePublished":"2020-04-19T12:34:20+00:00","dateModified":"2026-04-22T14:53:57+00:00","breadcrumb":{"@id":"https:\/\/balsamico.shop\/fi\/tuote\/giuseppe-cremonini-aceto-balsamico-di-modena-invecchiato-5-rypaleen-aged\/#breadcrumb"},"inLanguage":"fi","potentialAction":[{"@type":"ReadAction","target":["https:\/\/balsamico.shop\/fi\/tuote\/giuseppe-cremonini-aceto-balsamico-di-modena-invecchiato-5-rypaleen-aged\/"]}]},{"@type":"ImageObject","inLanguage":"fi","@id":"https:\/\/balsamico.shop\/fi\/tuote\/giuseppe-cremonini-aceto-balsamico-di-modena-invecchiato-5-rypaleen-aged\/#primaryimage","url":"https:\/\/balsamico.shop\/fi\/wp-content\/uploads\/2020\/04\/giuseppe-cremonini-aceto-balsamico-di-modena-invecchiato-5-trauben-aged.jpg","contentUrl":"https:\/\/balsamico.shop\/fi\/wp-content\/uploads\/2020\/04\/giuseppe-cremonini-aceto-balsamico-di-modena-invecchiato-5-trauben-aged.jpg","width":1600,"height":1872},{"@type":"BreadcrumbList","@id":"https:\/\/balsamico.shop\/fi\/tuote\/giuseppe-cremonini-aceto-balsamico-di-modena-invecchiato-5-rypaleen-aged\/#breadcrumb","itemListElement":[{"@type":"ListItem","position":1,"name":"Home","item":"https:\/\/balsamico.shop\/fi\/"},{"@type":"ListItem","position":2,"name":"Balsamico Shop","item":"https:\/\/balsamico.shop\/fi\/shop\/"},{"@type":"ListItem","position":3,"name":"Aceto Balsamico di Modena I.G.P. &#8211; Invecchiato &#8211; Cremonini"}]},{"@type":"WebSite","@id":"https:\/\/balsamico.shop\/fi\/#website","url":"https:\/\/balsamico.shop\/fi\/","name":"Aceto Balsamico Shop - Suomi","description":"Hienoin balsamietikka Italiasta","potentialAction":[{"@type":"SearchAction","target":{"@type":"EntryPoint","urlTemplate":"https:\/\/balsamico.shop\/fi\/?s={search_term_string}"},"query-input":{"@type":"PropertyValueSpecification","valueRequired":true,"valueName":"search_term_string"}}],"inLanguage":"fi"}]}},"_links":{"self":[{"href":"https:\/\/balsamico.shop\/fi\/wp-json\/wp\/v2\/product\/1947","targetHints":{"allow":["GET"]}}],"collection":[{"href":"https:\/\/balsamico.shop\/fi\/wp-json\/wp\/v2\/product"}],"about":[{"href":"https:\/\/balsamico.shop\/fi\/wp-json\/wp\/v2\/types\/product"}],"wp:featuredmedia":[{"embeddable":true,"href":"https:\/\/balsamico.shop\/fi\/wp-json\/wp\/v2\/media\/1948"}],"wp:attachment":[{"href":"https:\/\/balsamico.shop\/fi\/wp-json\/wp\/v2\/media?parent=1947"}],"wp:term":[{"taxonomy":"product_brand","embeddable":true,"href":"https:\/\/balsamico.shop\/fi\/wp-json\/wp\/v2\/product_brand?post=1947"},{"taxonomy":"product_cat","embeddable":true,"href":"https:\/\/balsamico.shop\/fi\/wp-json\/wp\/v2\/product_cat?post=1947"},{"taxonomy":"product_tag","embeddable":true,"href":"https:\/\/balsamico.shop\/fi\/wp-json\/wp\/v2\/product_tag?post=1947"}],"curies":[{"name":"wp","href":"https:\/\/api.w.org\/{rel}","templated":true}]}}