{"id":1925,"date":"2020-02-21T08:50:42","date_gmt":"2020-02-21T07:50:42","guid":{"rendered":"https:\/\/balsamico.shop\/fi\/?post_type=product&#038;p=1925"},"modified":"2024-11-21T15:29:07","modified_gmt":"2024-11-21T14:29:07","slug":"ensiluokkainen-oliivioljy-italiasta-profumo-oliva-gonnelli","status":"publish","type":"product","link":"https:\/\/balsamico.shop\/fi\/tuote\/ensiluokkainen-oliivioljy-italiasta-profumo-oliva-gonnelli\/","title":{"rendered":"Ensiluokkainen oliivi\u00f6ljy Italiasta &#8211; Profumo d&#8217;Oliva &#8211; Gonnelli 1585"},"content":{"rendered":"<p>T\u00e4m\u00e4 korkealaatuinen &#8221;Extra Vergine &#8211; Gran Cru&#8221; -oliivi\u00f6ljy on per\u00e4isin Gonnellin perheen \u00f6ljynpuristamolta, joka sijaitsee Toscanassa, Italiassa. \u00d6ljylle on ominaista paitsi sen ainutlaatuisen kaunis ja jalo pakkaus, my\u00f6s sen ainutlaatuinen valmistus ilman happea. Koko tuotantoprosessi oliivin korjuusta valmiiseen \u00f6ljyyn kest\u00e4\u00e4 vain 15 tuntia. Tavoitteena on tuottaa oliivi\u00f6ljy\u00e4, joka on suojattu hapettumiselta tuotannon aikana. N\u00e4in tuoreen oliivi\u00f6ljyn maku s\u00e4ilyy mahdollisimman hyvin. T\u00e4ll\u00e4 tuotteella ostat eritt\u00e4in korkealaatuista k\u00e4sity\u00f6n\u00e4 valmistettua premium-oliivi\u00f6ljy\u00e4.<\/p>\n<p>Premium-oliivi\u00f6ljy Profumo d&#8217;Oliva on t\u00e4ysin tuoretta kaudelta 2023\/2024, ja se on mestarillinen koostumus p\u00e4\u00e4asiassa Frantoio- ja Moraiolo-oliivilajikkeista sek\u00e4 hieman Leccino-lajikkeesta. \u00d6ljyhappopitoisuus on hyvin alhainen, tuottajan mukaan vain noin 0,15 %!<\/p>\n<p><b><img loading=\"lazy\" decoding=\"async\" class=\"alignright wp-image-3551 size-full\" src=\"https:\/\/balsamico.shop\/de\/wp-content\/uploads\/2020\/02\/profumo-d-olivia-gonnelli.jpg\" alt=\"Ensiluokkainen oliivi\u00f6ljy Italiasta - Taste\" width=\"487\" height=\"355\" \/><\/b><strong>Oliivien korjuuaika<\/strong>: lokakuu ja marraskuun alku<\/p>\n<p><strong>Oliivien puhdistus<\/strong>: Oliivit poistetaan lehdist\u00e4 patentoidun j\u00e4rjestelm\u00e4n avulla ja niist\u00e4 erotetaan vieraat osat, kuten oksat ja lehdet. Sen j\u00e4lkeen ne pest\u00e4\u00e4n puhdistetulla vedell\u00e4.<\/p>\n<p><strong>K\u00e4sittely:<\/strong> Oliivit k\u00e4sitell\u00e4\u00e4n jatkuvassa prosessissa ilman happea typpi-ilmakeh\u00e4ss\u00e4. Uuttaminen suoritetaan valvotussa l\u00e4mp\u00f6tilassa (kylm\u00e4ss\u00e4).<\/p>\n<p><strong>Tuotanto<\/strong>: Tuotanto on rajoitettu muutamaan pulloon.<\/p>\n<p><strong>Suodatus<\/strong>: Oliivi\u00f6ljy suodatetaan puhtaalla selluloosalla.<\/p>\n<p><strong>Polyfenoliarvo<\/strong>: Polyfenoliarvo on keskim\u00e4\u00e4rin 480 mg\/kg. Oliivi\u00f6ljyn polyfenolit auttavat suojaamaan veren rasvoja hapettumisstressilt\u00e4.<\/p>\n<p><strong>Varastointi<\/strong>: Oliivi\u00f6ljy varastoidaan ruostumattomasta ter\u00e4ksest\u00e4 valmistetuissa s\u00e4ili\u00f6iss\u00e4 valvotussa l\u00e4mp\u00f6tilassa hapettomassa tilassa typen alla.<\/p>\n<p><strong>Tuoksu<\/strong>: Oliivi\u00f6ljyn tuoksu on rikas ja herkk\u00e4, ja siin\u00e4 on tuoreita mantelin ja artisokan aromeja.<\/p>\n<p><strong>Happamuus<\/strong>: \u00d6ljyss\u00e4 on hyvin v\u00e4h\u00e4n \u00f6ljyhappoa, vain noin 0,15 %.<\/p>\n<p><strong>Maku<\/strong>: \u00d6ljyss\u00e4 on harmoninen yhdistelm\u00e4 katkeran mausteisia aistimuksia ja yrttisi\u00e4 s\u00e4vyj\u00e4 sek\u00e4 tuoreita vihanneksia, ja lopputulos on pitk\u00e4 ja tasapainoinen.<\/p>\n<p><strong>Suositeltava<\/strong> <strong>yhdistelm\u00e4<\/strong>: \u00d6ljy sopii erinomaisesti katkarapukeittoon ja vihannesten crudit\u00e9siin sek\u00e4 pelkk\u00e4\u00e4n nautiskeluun.<\/p>\n<p><strong>Ainesosat<\/strong>: 100 % ekstra-neitsytoliivi\u00f6ljy Italiasta.<\/p>\n<p>&nbsp;<\/p>\n<p>Valmistaja<br \/>\nGonnelli 1585 S.r.l.<br \/>\nVia Piero della Francesca snc<br \/>\nPaikka. Cascia 50066 &#8211; Reggello (FI) Italia<\/p>\n","protected":false},"excerpt":{"rendered":"<p>T\u00e4m\u00e4 korkealaatuinen &#8221;Extra Vergine &#8211; Gran Cru&#8221; -oliivi\u00f6ljy on per\u00e4isin Gonnellin perheen \u00f6ljynpuristamolta, joka sijaitsee Toscanassa, Italiassa. \u00d6ljylle on ominaista paitsi sen ainutlaatuisen kaunis ja jalo pakkaus, my\u00f6s sen ainutlaatuinen valmistus ilman happea. Koko tuotantoprosessi oliivin korjuusta valmiiseen \u00f6ljyyn kest\u00e4\u00e4 vain 15 tuntia. Tavoitteena on tuottaa oliivi\u00f6ljy\u00e4, joka on suojattu hapettumiselta tuotannon aikana. N\u00e4in tuoreen oliivi\u00f6ljyn maku s\u00e4ilyy mahdollisimman hyvin. T\u00e4ll\u00e4 tuotteella ostat eritt\u00e4in korkealaatuista k\u00e4sity\u00f6n\u00e4 valmistettua premium-oliivi\u00f6ljy\u00e4. Premium-oliivi\u00f6ljy Profumo d&#8217;Oliva on t\u00e4ysin tuoretta kaudelta 2023\/2024, ja se on mestarillinen koostumus p\u00e4\u00e4asiassa Frantoio- ja Moraiolo-oliivilajikkeista sek\u00e4 hieman Leccino-lajikkeesta. \u00d6ljyhappopitoisuus on hyvin alhainen, tuottajan mukaan vain noin 0,15 %! Oliivien korjuuaika: lokakuu ja marraskuun alku Oliivien puhdistus: Oliivit poistetaan lehdist\u00e4 patentoidun j\u00e4rjestelm\u00e4n avulla ja niist\u00e4 erotetaan vieraat osat, kuten oksat ja lehdet. Sen j\u00e4lkeen ne pest\u00e4\u00e4n puhdistetulla vedell\u00e4. K\u00e4sittely: Oliivit k\u00e4sitell\u00e4\u00e4n jatkuvassa prosessissa ilman happea typpi-ilmakeh\u00e4ss\u00e4. Uuttaminen suoritetaan valvotussa l\u00e4mp\u00f6tilassa (kylm\u00e4ss\u00e4). Tuotanto: Tuotanto on rajoitettu muutamaan pulloon. Suodatus: Oliivi\u00f6ljy suodatetaan puhtaalla selluloosalla. Polyfenoliarvo: Polyfenoliarvo on keskim\u00e4\u00e4rin 480 mg\/kg. Oliivi\u00f6ljyn polyfenolit auttavat suojaamaan veren rasvoja hapettumisstressilt\u00e4. Varastointi: Oliivi\u00f6ljy varastoidaan ruostumattomasta ter\u00e4ksest\u00e4 valmistetuissa s\u00e4ili\u00f6iss\u00e4 valvotussa l\u00e4mp\u00f6tilassa hapettomassa tilassa typen alla. Tuoksu: Oliivi\u00f6ljyn tuoksu on rikas ja herkk\u00e4, ja siin\u00e4 on tuoreita mantelin ja artisokan aromeja. Happamuus: \u00d6ljyss\u00e4 on hyvin v\u00e4h\u00e4n \u00f6ljyhappoa, vain noin 0,15 %. Maku: \u00d6ljyss\u00e4 on harmoninen yhdistelm\u00e4 katkeran mausteisia aistimuksia ja yrttisi\u00e4 s\u00e4vyj\u00e4 sek\u00e4 tuoreita vihanneksia, ja lopputulos on pitk\u00e4 ja tasapainoinen. Suositeltava yhdistelm\u00e4: \u00d6ljy sopii erinomaisesti katkarapukeittoon ja vihannesten crudit\u00e9siin sek\u00e4 pelkk\u00e4\u00e4n nautiskeluun. Ainesosat: 100 % ekstra-neitsytoliivi\u00f6ljy Italiasta. &nbsp; Valmistaja Gonnelli 1585 S.r.l. Via Piero della Francesca snc Paikka. Cascia 50066 &#8211; Reggello (FI) Italia<\/p>\n","protected":false},"featured_media":1928,"template":"","meta":[],"product_brand":[],"product_cat":[81],"product_tag":[],"class_list":{"0":"post-1925","1":"product","2":"type-product","3":"status-publish","4":"has-post-thumbnail","6":"product_cat-gonnelli","8":"first","9":"outofstock","10":"taxable","11":"shipping-taxable","12":"purchasable","13":"product-type-simple"},"bundle_layout":"","bundled_by":[],"bundled_items":[],"yoast_head":"<!-- This site is optimized with the Yoast SEO plugin v27.4 - https:\/\/yoast.com\/product\/yoast-seo-wordpress\/ -->\n<title>Ensiluokkainen oliivi\u00f6ljy Italiasta - Profumo d&#039;Oliva - Gonnelli 1585<\/title>\n<meta name=\"robots\" content=\"index, follow, max-snippet:-1, max-image-preview:large, max-video-preview:-1\" \/>\n<link rel=\"canonical\" href=\"https:\/\/balsamico.shop\/fi\/tuote\/ensiluokkainen-oliivioljy-italiasta-profumo-oliva-gonnelli\/\" \/>\n<meta property=\"og:locale\" content=\"fi_FI\" \/>\n<meta property=\"og:type\" content=\"article\" \/>\n<meta property=\"og:title\" content=\"Ensiluokkainen oliivi\u00f6ljy Italiasta - Profumo d&#039;Oliva - Gonnelli 1585\" \/>\n<meta property=\"og:description\" content=\"T\u00e4m\u00e4 korkealaatuinen &#8221;Extra Vergine &#8211; Gran Cru&#8221; -oliivi\u00f6ljy on per\u00e4isin Gonnellin perheen \u00f6ljynpuristamolta, joka sijaitsee Toscanassa, Italiassa. \u00d6ljylle on ominaista paitsi sen ainutlaatuisen kaunis ja jalo pakkaus, my\u00f6s sen ainutlaatuinen valmistus ilman happea. Koko tuotantoprosessi oliivin korjuusta valmiiseen \u00f6ljyyn kest\u00e4\u00e4 vain 15 tuntia. Tavoitteena on tuottaa oliivi\u00f6ljy\u00e4, joka on suojattu hapettumiselta tuotannon aikana. N\u00e4in tuoreen oliivi\u00f6ljyn maku s\u00e4ilyy mahdollisimman hyvin. T\u00e4ll\u00e4 tuotteella ostat eritt\u00e4in korkealaatuista k\u00e4sity\u00f6n\u00e4 valmistettua premium-oliivi\u00f6ljy\u00e4. Premium-oliivi\u00f6ljy Profumo d&#8217;Oliva on t\u00e4ysin tuoretta kaudelta 2023\/2024, ja se on mestarillinen koostumus p\u00e4\u00e4asiassa Frantoio- ja Moraiolo-oliivilajikkeista sek\u00e4 hieman Leccino-lajikkeesta. \u00d6ljyhappopitoisuus on hyvin alhainen, tuottajan mukaan vain noin 0,15 %! Oliivien korjuuaika: lokakuu ja marraskuun alku Oliivien puhdistus: Oliivit poistetaan lehdist\u00e4 patentoidun j\u00e4rjestelm\u00e4n avulla ja niist\u00e4 erotetaan vieraat osat, kuten oksat ja lehdet. Sen j\u00e4lkeen ne pest\u00e4\u00e4n puhdistetulla vedell\u00e4. K\u00e4sittely: Oliivit k\u00e4sitell\u00e4\u00e4n jatkuvassa prosessissa ilman happea typpi-ilmakeh\u00e4ss\u00e4. Uuttaminen suoritetaan valvotussa l\u00e4mp\u00f6tilassa (kylm\u00e4ss\u00e4). Tuotanto: Tuotanto on rajoitettu muutamaan pulloon. Suodatus: Oliivi\u00f6ljy suodatetaan puhtaalla selluloosalla. Polyfenoliarvo: Polyfenoliarvo on keskim\u00e4\u00e4rin 480 mg\/kg. Oliivi\u00f6ljyn polyfenolit auttavat suojaamaan veren rasvoja hapettumisstressilt\u00e4. Varastointi: Oliivi\u00f6ljy varastoidaan ruostumattomasta ter\u00e4ksest\u00e4 valmistetuissa s\u00e4ili\u00f6iss\u00e4 valvotussa l\u00e4mp\u00f6tilassa hapettomassa tilassa typen alla. Tuoksu: Oliivi\u00f6ljyn tuoksu on rikas ja herkk\u00e4, ja siin\u00e4 on tuoreita mantelin ja artisokan aromeja. Happamuus: \u00d6ljyss\u00e4 on hyvin v\u00e4h\u00e4n \u00f6ljyhappoa, vain noin 0,15 %. Maku: \u00d6ljyss\u00e4 on harmoninen yhdistelm\u00e4 katkeran mausteisia aistimuksia ja yrttisi\u00e4 s\u00e4vyj\u00e4 sek\u00e4 tuoreita vihanneksia, ja lopputulos on pitk\u00e4 ja tasapainoinen. Suositeltava yhdistelm\u00e4: \u00d6ljy sopii erinomaisesti katkarapukeittoon ja vihannesten crudit\u00e9siin sek\u00e4 pelkk\u00e4\u00e4n nautiskeluun. Ainesosat: 100 % ekstra-neitsytoliivi\u00f6ljy Italiasta. &nbsp; Valmistaja Gonnelli 1585 S.r.l. Via Piero della Francesca snc Paikka. Cascia 50066 &#8211; Reggello (FI) Italia\" \/>\n<meta property=\"og:url\" content=\"https:\/\/balsamico.shop\/fi\/tuote\/ensiluokkainen-oliivioljy-italiasta-profumo-oliva-gonnelli\/\" \/>\n<meta property=\"og:site_name\" content=\"Aceto Balsamico Shop - Suomi\" \/>\n<meta property=\"article:modified_time\" content=\"2024-11-21T14:29:07+00:00\" \/>\n<meta property=\"og:image\" content=\"https:\/\/balsamico.shop\/fi\/wp-content\/uploads\/2020\/02\/profumodolivia-gonnelli.jpg\" \/>\n\t<meta property=\"og:image:width\" content=\"1600\" \/>\n\t<meta property=\"og:image:height\" content=\"1872\" \/>\n\t<meta property=\"og:image:type\" content=\"image\/jpeg\" \/>\n<meta name=\"twitter:card\" content=\"summary_large_image\" \/>\n<meta name=\"twitter:label1\" content=\"Arvioitu lukuaika\" \/>\n\t<meta name=\"twitter:data1\" content=\"2 minuuttia\" \/>\n<script type=\"application\/ld+json\" class=\"yoast-schema-graph\">{\"@context\":\"https:\\\/\\\/schema.org\",\"@graph\":[{\"@type\":\"WebPage\",\"@id\":\"https:\\\/\\\/balsamico.shop\\\/fi\\\/tuote\\\/ensiluokkainen-oliivioljy-italiasta-profumo-oliva-gonnelli\\\/\",\"url\":\"https:\\\/\\\/balsamico.shop\\\/fi\\\/tuote\\\/ensiluokkainen-oliivioljy-italiasta-profumo-oliva-gonnelli\\\/\",\"name\":\"Ensiluokkainen oliivi\u00f6ljy Italiasta - Profumo d'Oliva - Gonnelli 1585\",\"isPartOf\":{\"@id\":\"https:\\\/\\\/balsamico.shop\\\/fi\\\/#website\"},\"primaryImageOfPage\":{\"@id\":\"https:\\\/\\\/balsamico.shop\\\/fi\\\/tuote\\\/ensiluokkainen-oliivioljy-italiasta-profumo-oliva-gonnelli\\\/#primaryimage\"},\"image\":{\"@id\":\"https:\\\/\\\/balsamico.shop\\\/fi\\\/tuote\\\/ensiluokkainen-oliivioljy-italiasta-profumo-oliva-gonnelli\\\/#primaryimage\"},\"thumbnailUrl\":\"https:\\\/\\\/balsamico.shop\\\/fi\\\/wp-content\\\/uploads\\\/2020\\\/02\\\/profumodolivia-gonnelli.jpg\",\"datePublished\":\"2020-02-21T07:50:42+00:00\",\"dateModified\":\"2024-11-21T14:29:07+00:00\",\"breadcrumb\":{\"@id\":\"https:\\\/\\\/balsamico.shop\\\/fi\\\/tuote\\\/ensiluokkainen-oliivioljy-italiasta-profumo-oliva-gonnelli\\\/#breadcrumb\"},\"inLanguage\":\"fi\",\"potentialAction\":[{\"@type\":\"ReadAction\",\"target\":[\"https:\\\/\\\/balsamico.shop\\\/fi\\\/tuote\\\/ensiluokkainen-oliivioljy-italiasta-profumo-oliva-gonnelli\\\/\"]}]},{\"@type\":\"ImageObject\",\"inLanguage\":\"fi\",\"@id\":\"https:\\\/\\\/balsamico.shop\\\/fi\\\/tuote\\\/ensiluokkainen-oliivioljy-italiasta-profumo-oliva-gonnelli\\\/#primaryimage\",\"url\":\"https:\\\/\\\/balsamico.shop\\\/fi\\\/wp-content\\\/uploads\\\/2020\\\/02\\\/profumodolivia-gonnelli.jpg\",\"contentUrl\":\"https:\\\/\\\/balsamico.shop\\\/fi\\\/wp-content\\\/uploads\\\/2020\\\/02\\\/profumodolivia-gonnelli.jpg\",\"width\":1600,\"height\":1872,\"caption\":\"Premium Olivien\u00f6l aus Italien - Profumo d' Oliva - Gonnelli 1585\"},{\"@type\":\"BreadcrumbList\",\"@id\":\"https:\\\/\\\/balsamico.shop\\\/fi\\\/tuote\\\/ensiluokkainen-oliivioljy-italiasta-profumo-oliva-gonnelli\\\/#breadcrumb\",\"itemListElement\":[{\"@type\":\"ListItem\",\"position\":1,\"name\":\"Home\",\"item\":\"https:\\\/\\\/balsamico.shop\\\/fi\\\/\"},{\"@type\":\"ListItem\",\"position\":2,\"name\":\"Balsamico Shop\",\"item\":\"https:\\\/\\\/balsamico.shop\\\/fi\\\/shop\\\/\"},{\"@type\":\"ListItem\",\"position\":3,\"name\":\"Ensiluokkainen oliivi\u00f6ljy Italiasta &#8211; Profumo d&#8217;Oliva &#8211; Gonnelli 1585\"}]},{\"@type\":\"WebSite\",\"@id\":\"https:\\\/\\\/balsamico.shop\\\/fi\\\/#website\",\"url\":\"https:\\\/\\\/balsamico.shop\\\/fi\\\/\",\"name\":\"Aceto Balsamico Shop - Suomi\",\"description\":\"Hienoin balsamietikka Italiasta\",\"potentialAction\":[{\"@type\":\"SearchAction\",\"target\":{\"@type\":\"EntryPoint\",\"urlTemplate\":\"https:\\\/\\\/balsamico.shop\\\/fi\\\/?s={search_term_string}\"},\"query-input\":{\"@type\":\"PropertyValueSpecification\",\"valueRequired\":true,\"valueName\":\"search_term_string\"}}],\"inLanguage\":\"fi\"}]}<\/script>\n<!-- \/ Yoast SEO plugin. -->","yoast_head_json":{"title":"Ensiluokkainen oliivi\u00f6ljy Italiasta - Profumo d'Oliva - Gonnelli 1585","robots":{"index":"index","follow":"follow","max-snippet":"max-snippet:-1","max-image-preview":"max-image-preview:large","max-video-preview":"max-video-preview:-1"},"canonical":"https:\/\/balsamico.shop\/fi\/tuote\/ensiluokkainen-oliivioljy-italiasta-profumo-oliva-gonnelli\/","og_locale":"fi_FI","og_type":"article","og_title":"Ensiluokkainen oliivi\u00f6ljy Italiasta - Profumo d'Oliva - Gonnelli 1585","og_description":"T\u00e4m\u00e4 korkealaatuinen &#8221;Extra Vergine &#8211; Gran Cru&#8221; -oliivi\u00f6ljy on per\u00e4isin Gonnellin perheen \u00f6ljynpuristamolta, joka sijaitsee Toscanassa, Italiassa. \u00d6ljylle on ominaista paitsi sen ainutlaatuisen kaunis ja jalo pakkaus, my\u00f6s sen ainutlaatuinen valmistus ilman happea. Koko tuotantoprosessi oliivin korjuusta valmiiseen \u00f6ljyyn kest\u00e4\u00e4 vain 15 tuntia. Tavoitteena on tuottaa oliivi\u00f6ljy\u00e4, joka on suojattu hapettumiselta tuotannon aikana. N\u00e4in tuoreen oliivi\u00f6ljyn maku s\u00e4ilyy mahdollisimman hyvin. T\u00e4ll\u00e4 tuotteella ostat eritt\u00e4in korkealaatuista k\u00e4sity\u00f6n\u00e4 valmistettua premium-oliivi\u00f6ljy\u00e4. Premium-oliivi\u00f6ljy Profumo d&#8217;Oliva on t\u00e4ysin tuoretta kaudelta 2023\/2024, ja se on mestarillinen koostumus p\u00e4\u00e4asiassa Frantoio- ja Moraiolo-oliivilajikkeista sek\u00e4 hieman Leccino-lajikkeesta. \u00d6ljyhappopitoisuus on hyvin alhainen, tuottajan mukaan vain noin 0,15 %! Oliivien korjuuaika: lokakuu ja marraskuun alku Oliivien puhdistus: Oliivit poistetaan lehdist\u00e4 patentoidun j\u00e4rjestelm\u00e4n avulla ja niist\u00e4 erotetaan vieraat osat, kuten oksat ja lehdet. Sen j\u00e4lkeen ne pest\u00e4\u00e4n puhdistetulla vedell\u00e4. K\u00e4sittely: Oliivit k\u00e4sitell\u00e4\u00e4n jatkuvassa prosessissa ilman happea typpi-ilmakeh\u00e4ss\u00e4. Uuttaminen suoritetaan valvotussa l\u00e4mp\u00f6tilassa (kylm\u00e4ss\u00e4). Tuotanto: Tuotanto on rajoitettu muutamaan pulloon. Suodatus: Oliivi\u00f6ljy suodatetaan puhtaalla selluloosalla. Polyfenoliarvo: Polyfenoliarvo on keskim\u00e4\u00e4rin 480 mg\/kg. Oliivi\u00f6ljyn polyfenolit auttavat suojaamaan veren rasvoja hapettumisstressilt\u00e4. Varastointi: Oliivi\u00f6ljy varastoidaan ruostumattomasta ter\u00e4ksest\u00e4 valmistetuissa s\u00e4ili\u00f6iss\u00e4 valvotussa l\u00e4mp\u00f6tilassa hapettomassa tilassa typen alla. Tuoksu: Oliivi\u00f6ljyn tuoksu on rikas ja herkk\u00e4, ja siin\u00e4 on tuoreita mantelin ja artisokan aromeja. Happamuus: \u00d6ljyss\u00e4 on hyvin v\u00e4h\u00e4n \u00f6ljyhappoa, vain noin 0,15 %. Maku: \u00d6ljyss\u00e4 on harmoninen yhdistelm\u00e4 katkeran mausteisia aistimuksia ja yrttisi\u00e4 s\u00e4vyj\u00e4 sek\u00e4 tuoreita vihanneksia, ja lopputulos on pitk\u00e4 ja tasapainoinen. Suositeltava yhdistelm\u00e4: \u00d6ljy sopii erinomaisesti katkarapukeittoon ja vihannesten crudit\u00e9siin sek\u00e4 pelkk\u00e4\u00e4n nautiskeluun. Ainesosat: 100 % ekstra-neitsytoliivi\u00f6ljy Italiasta. &nbsp; Valmistaja Gonnelli 1585 S.r.l. Via Piero della Francesca snc Paikka. Cascia 50066 &#8211; Reggello (FI) Italia","og_url":"https:\/\/balsamico.shop\/fi\/tuote\/ensiluokkainen-oliivioljy-italiasta-profumo-oliva-gonnelli\/","og_site_name":"Aceto Balsamico Shop - Suomi","article_modified_time":"2024-11-21T14:29:07+00:00","og_image":[{"width":1600,"height":1872,"url":"https:\/\/balsamico.shop\/fi\/wp-content\/uploads\/2020\/02\/profumodolivia-gonnelli.jpg","type":"image\/jpeg"}],"twitter_card":"summary_large_image","twitter_misc":{"Arvioitu lukuaika":"2 minuuttia"},"schema":{"@context":"https:\/\/schema.org","@graph":[{"@type":"WebPage","@id":"https:\/\/balsamico.shop\/fi\/tuote\/ensiluokkainen-oliivioljy-italiasta-profumo-oliva-gonnelli\/","url":"https:\/\/balsamico.shop\/fi\/tuote\/ensiluokkainen-oliivioljy-italiasta-profumo-oliva-gonnelli\/","name":"Ensiluokkainen oliivi\u00f6ljy Italiasta - Profumo d'Oliva - Gonnelli 1585","isPartOf":{"@id":"https:\/\/balsamico.shop\/fi\/#website"},"primaryImageOfPage":{"@id":"https:\/\/balsamico.shop\/fi\/tuote\/ensiluokkainen-oliivioljy-italiasta-profumo-oliva-gonnelli\/#primaryimage"},"image":{"@id":"https:\/\/balsamico.shop\/fi\/tuote\/ensiluokkainen-oliivioljy-italiasta-profumo-oliva-gonnelli\/#primaryimage"},"thumbnailUrl":"https:\/\/balsamico.shop\/fi\/wp-content\/uploads\/2020\/02\/profumodolivia-gonnelli.jpg","datePublished":"2020-02-21T07:50:42+00:00","dateModified":"2024-11-21T14:29:07+00:00","breadcrumb":{"@id":"https:\/\/balsamico.shop\/fi\/tuote\/ensiluokkainen-oliivioljy-italiasta-profumo-oliva-gonnelli\/#breadcrumb"},"inLanguage":"fi","potentialAction":[{"@type":"ReadAction","target":["https:\/\/balsamico.shop\/fi\/tuote\/ensiluokkainen-oliivioljy-italiasta-profumo-oliva-gonnelli\/"]}]},{"@type":"ImageObject","inLanguage":"fi","@id":"https:\/\/balsamico.shop\/fi\/tuote\/ensiluokkainen-oliivioljy-italiasta-profumo-oliva-gonnelli\/#primaryimage","url":"https:\/\/balsamico.shop\/fi\/wp-content\/uploads\/2020\/02\/profumodolivia-gonnelli.jpg","contentUrl":"https:\/\/balsamico.shop\/fi\/wp-content\/uploads\/2020\/02\/profumodolivia-gonnelli.jpg","width":1600,"height":1872,"caption":"Premium Olivien\u00f6l aus Italien - Profumo d' Oliva - Gonnelli 1585"},{"@type":"BreadcrumbList","@id":"https:\/\/balsamico.shop\/fi\/tuote\/ensiluokkainen-oliivioljy-italiasta-profumo-oliva-gonnelli\/#breadcrumb","itemListElement":[{"@type":"ListItem","position":1,"name":"Home","item":"https:\/\/balsamico.shop\/fi\/"},{"@type":"ListItem","position":2,"name":"Balsamico Shop","item":"https:\/\/balsamico.shop\/fi\/shop\/"},{"@type":"ListItem","position":3,"name":"Ensiluokkainen oliivi\u00f6ljy Italiasta &#8211; Profumo d&#8217;Oliva &#8211; Gonnelli 1585"}]},{"@type":"WebSite","@id":"https:\/\/balsamico.shop\/fi\/#website","url":"https:\/\/balsamico.shop\/fi\/","name":"Aceto Balsamico Shop - Suomi","description":"Hienoin balsamietikka Italiasta","potentialAction":[{"@type":"SearchAction","target":{"@type":"EntryPoint","urlTemplate":"https:\/\/balsamico.shop\/fi\/?s={search_term_string}"},"query-input":{"@type":"PropertyValueSpecification","valueRequired":true,"valueName":"search_term_string"}}],"inLanguage":"fi"}]}},"_links":{"self":[{"href":"https:\/\/balsamico.shop\/fi\/wp-json\/wp\/v2\/product\/1925","targetHints":{"allow":["GET"]}}],"collection":[{"href":"https:\/\/balsamico.shop\/fi\/wp-json\/wp\/v2\/product"}],"about":[{"href":"https:\/\/balsamico.shop\/fi\/wp-json\/wp\/v2\/types\/product"}],"wp:featuredmedia":[{"embeddable":true,"href":"https:\/\/balsamico.shop\/fi\/wp-json\/wp\/v2\/media\/1928"}],"wp:attachment":[{"href":"https:\/\/balsamico.shop\/fi\/wp-json\/wp\/v2\/media?parent=1925"}],"wp:term":[{"taxonomy":"product_brand","embeddable":true,"href":"https:\/\/balsamico.shop\/fi\/wp-json\/wp\/v2\/product_brand?post=1925"},{"taxonomy":"product_cat","embeddable":true,"href":"https:\/\/balsamico.shop\/fi\/wp-json\/wp\/v2\/product_cat?post=1925"},{"taxonomy":"product_tag","embeddable":true,"href":"https:\/\/balsamico.shop\/fi\/wp-json\/wp\/v2\/product_tag?post=1925"}],"curies":[{"name":"wp","href":"https:\/\/api.w.org\/{rel}","templated":true}]}}