{"id":1912,"date":"2017-01-07T20:09:32","date_gmt":"2017-01-07T19:09:32","guid":{"rendered":"https:\/\/balsamico.shop\/fi\/?post_type=product&#038;p=1912"},"modified":"2026-03-02T14:28:19","modified_gmt":"2026-03-02T13:28:19","slug":"extravecchio-abtm-villa-san-donnino","status":"publish","type":"product","link":"https:\/\/balsamico.shop\/fi\/tuote\/extravecchio-abtm-villa-san-donnino\/","title":{"rendered":"Extravecchio &#8211; Aceto Balsamico Tradizionale di Modena DOP &#8211; Villa San Donnino"},"content":{"rendered":"<p><img loading=\"lazy\" decoding=\"async\" class=\"size-full wp-image-340 alignright\" src=\"https:\/\/balsamico.shop\/de\/wp-content\/uploads\/2016\/08\/villa-san-donnino.jpg\" alt=\"\" width=\"198\" height=\"145\" \/>T\u00e4m\u00e4 balsamico vietti yli 25 vuotta <strong>Acetaia Villa San Donninon<\/strong> omissa tynnyreiss\u00e4. Acetaia tunnetaan jugendtyylisest\u00e4 huvilastaan San Donninossa, joka sijaitsee l\u00e4hell\u00e4 Modenaa. Luultavasti strategisen sijaintinsa A1-tien varrella ja erinomaisen maineensa ansiosta t\u00e4m\u00e4 Acetaia oli my\u00f6s Facebookin perustajan Mark Zuckerbergin ja h\u00e4nen vaimonsa Priscilla Chanin pys\u00e4hdyspaikka heid\u00e4n lyhyell\u00e4 vierailullaan Modenassa (<a href=\"https:\/\/www.sassuolo2000.it\/2016\/08\/30\/mark-zuckerberg-incantato-dallaceto-balsamico-tradizionale-di-modena\/\">lehdist\u00f6tiedote<\/a>). Ennen vierailua Osteria Francescanassa he maistelivat kuuluisaa Aceto Balsamico Tradizionale di Modenan Aceto Balsamicoa Villa San Donninossa.<\/p>\n<p>Maku on ainutlaatuinen &#8211; tynnyrit ovat erityinen aarre, ja ne antavat t\u00e4lle <strong>ABTM extra vecchio<\/strong> -viinille aivan erityisen luonteen.<\/p>\n<p>Balsamiviinietikan valmistuksesta:<\/p>\n<p>T\u00e4m\u00e4 balsamiviinietikka valmistetaan k\u00e4ym\u00e4ll\u00e4 keitetty\u00e4 ryp\u00e4lemehua. Etikkabakteerit ovat usein per\u00e4isin bakteeripes\u00e4kkeist\u00e4, joita kutsutaan &#8221;emoiksi&#8221;. T\u00e4m\u00e4n j\u00e4lkeen tapahtuu pitk\u00e4n ajan kuluessa hidas kypsyminen entsyymien avulla. T\u00e4m\u00e4 on er\u00e4\u00e4nlainen kemiallis-fysikaalinen muutos. Ryp\u00e4leen puristemehu valmistetaan puristetuista Trebbiano-ryp\u00e4leist\u00e4 ja muista perinteisist\u00e4 modenalaisista ryp\u00e4lelajikkeista, esimerkiksi Lambruscosta. Ryp\u00e4leet puristetaan, ja keitt\u00e4m\u00e4t\u00f6n mehu kaadetaan avoimiin kiehuviin sammioihin, joissa sit\u00e4 keitet\u00e4\u00e4n avotulella noin 95 \u00b0C:ssa. Kun ryp\u00e4leen puristemehu keitet\u00e4\u00e4n, se pienenee ja tiivistyy, koska kiehumisen aikana haihtuu paljon vett\u00e4. Lis\u00e4ksi bakteerit kuolevat. Keitetty ryp\u00e4leen puristemehu on t\u00e4ll\u00f6in jo tummanruskeaa ja sen sokeripitoisuus on kohonnut. Keitt\u00e4misen j\u00e4lkeen ryp\u00e4leen puristemehu j\u00e4\u00e4hdytet\u00e4\u00e4n, dekantoidaan ja pannaan eri puulajeista (tammi, kastanja, mulperipuu, kirsikka, kataja jne.) valmistettuihin, tilavuudeltaan pieneneviin tynnyreihin. Jokaista tynnyririvi\u00e4, joka koostuu viidest\u00e4 tai seitsem\u00e4st\u00e4 yksitt\u00e4isest\u00e4 tynnyrist\u00e4, kutsutaan &#8221;akuksi&#8221;. Aceto Balsamico Tradizionale di Modena extravecchio D.O.P. kypsyy n\u00e4iss\u00e4 akuissa seuraavat vuosikymmenet.<\/p>\n<p><strong>Ainesosat<\/strong>: 100 % keitetty ryp\u00e4leen puristemehu.<\/p>\n<p>Tuottaja:<br \/>\nAcetaia Villa San Donnino<br \/>\nStrada Medicina 25<br \/>\n41126 San Donnino &#8211; Modena<br \/>\nItalia<\/p>\n","protected":false},"excerpt":{"rendered":"<p>T\u00e4m\u00e4 balsamico vietti yli 25 vuotta Acetaia Villa San Donninon omissa tynnyreiss\u00e4. Acetaia tunnetaan jugendtyylisest\u00e4 huvilastaan San Donninossa, joka sijaitsee l\u00e4hell\u00e4 Modenaa. Luultavasti strategisen sijaintinsa A1-tien varrella ja erinomaisen maineensa ansiosta t\u00e4m\u00e4 Acetaia oli my\u00f6s Facebookin perustajan Mark Zuckerbergin ja h\u00e4nen vaimonsa Priscilla Chanin pys\u00e4hdyspaikka heid\u00e4n lyhyell\u00e4 vierailullaan Modenassa (lehdist\u00f6tiedote). Ennen vierailua Osteria Francescanassa he maistelivat kuuluisaa Aceto Balsamico Tradizionale di Modenan Aceto Balsamicoa Villa San Donninossa. Maku on ainutlaatuinen &#8211; tynnyrit ovat erityinen aarre, ja ne antavat t\u00e4lle ABTM extra vecchio -viinille aivan erityisen luonteen. Balsamiviinietikan valmistuksesta: T\u00e4m\u00e4 balsamiviinietikka valmistetaan k\u00e4ym\u00e4ll\u00e4 keitetty\u00e4 ryp\u00e4lemehua. Etikkabakteerit ovat usein per\u00e4isin bakteeripes\u00e4kkeist\u00e4, joita kutsutaan &#8221;emoiksi&#8221;. T\u00e4m\u00e4n j\u00e4lkeen tapahtuu pitk\u00e4n ajan kuluessa hidas kypsyminen entsyymien avulla. T\u00e4m\u00e4 on er\u00e4\u00e4nlainen kemiallis-fysikaalinen muutos. Ryp\u00e4leen puristemehu valmistetaan puristetuista Trebbiano-ryp\u00e4leist\u00e4 ja muista perinteisist\u00e4 modenalaisista ryp\u00e4lelajikkeista, esimerkiksi Lambruscosta. Ryp\u00e4leet puristetaan, ja keitt\u00e4m\u00e4t\u00f6n mehu kaadetaan avoimiin kiehuviin sammioihin, joissa sit\u00e4 keitet\u00e4\u00e4n avotulella noin 95 \u00b0C:ssa. Kun ryp\u00e4leen puristemehu keitet\u00e4\u00e4n, se pienenee ja tiivistyy, koska kiehumisen aikana haihtuu paljon vett\u00e4. Lis\u00e4ksi bakteerit kuolevat. Keitetty ryp\u00e4leen puristemehu on t\u00e4ll\u00f6in jo tummanruskeaa ja sen sokeripitoisuus on kohonnut. Keitt\u00e4misen j\u00e4lkeen ryp\u00e4leen puristemehu j\u00e4\u00e4hdytet\u00e4\u00e4n, dekantoidaan ja pannaan eri puulajeista (tammi, kastanja, mulperipuu, kirsikka, kataja jne.) valmistettuihin, tilavuudeltaan pieneneviin tynnyreihin. Jokaista tynnyririvi\u00e4, joka koostuu viidest\u00e4 tai seitsem\u00e4st\u00e4 yksitt\u00e4isest\u00e4 tynnyrist\u00e4, kutsutaan &#8221;akuksi&#8221;. Aceto Balsamico Tradizionale di Modena extravecchio D.O.P. kypsyy n\u00e4iss\u00e4 akuissa seuraavat vuosikymmenet. Ainesosat: 100 % keitetty ryp\u00e4leen puristemehu. Tuottaja: Acetaia Villa San Donnino Strada Medicina 25 41126 San Donnino &#8211; Modena Italia<\/p>\n","protected":false},"featured_media":1986,"template":"","meta":[],"product_brand":[],"product_cat":[36],"product_tag":[],"class_list":{"0":"post-1912","1":"product","2":"type-product","3":"status-publish","4":"has-post-thumbnail","6":"product_cat-villa-san-donnino","7":"product_shipping_class-ueber-100","9":"first","10":"instock","11":"taxable","12":"shipping-taxable","13":"purchasable","14":"product-type-simple"},"bundle_layout":"","bundled_by":[],"bundled_items":[],"yoast_head":"<!-- This site is optimized with the Yoast SEO plugin v27.5 - https:\/\/yoast.com\/product\/yoast-seo-wordpress\/ -->\n<title>Extravecchio - Aceto Balsamico Tradizionale di Modena DOP - Villa San Donnino<\/title>\n<meta name=\"robots\" content=\"index, follow, max-snippet:-1, max-image-preview:large, max-video-preview:-1\" \/>\n<link rel=\"canonical\" href=\"https:\/\/balsamico.shop\/fi\/tuote\/extravecchio-abtm-villa-san-donnino\/\" \/>\n<meta property=\"og:locale\" content=\"fi_FI\" \/>\n<meta property=\"og:type\" content=\"article\" \/>\n<meta property=\"og:title\" content=\"Extravecchio - Aceto Balsamico Tradizionale di Modena DOP - Villa San Donnino\" \/>\n<meta property=\"og:description\" content=\"T\u00e4m\u00e4 balsamico vietti yli 25 vuotta Acetaia Villa San Donninon omissa tynnyreiss\u00e4. Acetaia tunnetaan jugendtyylisest\u00e4 huvilastaan San Donninossa, joka sijaitsee l\u00e4hell\u00e4 Modenaa. Luultavasti strategisen sijaintinsa A1-tien varrella ja erinomaisen maineensa ansiosta t\u00e4m\u00e4 Acetaia oli my\u00f6s Facebookin perustajan Mark Zuckerbergin ja h\u00e4nen vaimonsa Priscilla Chanin pys\u00e4hdyspaikka heid\u00e4n lyhyell\u00e4 vierailullaan Modenassa (lehdist\u00f6tiedote). Ennen vierailua Osteria Francescanassa he maistelivat kuuluisaa Aceto Balsamico Tradizionale di Modenan Aceto Balsamicoa Villa San Donninossa. Maku on ainutlaatuinen &#8211; tynnyrit ovat erityinen aarre, ja ne antavat t\u00e4lle ABTM extra vecchio -viinille aivan erityisen luonteen. Balsamiviinietikan valmistuksesta: T\u00e4m\u00e4 balsamiviinietikka valmistetaan k\u00e4ym\u00e4ll\u00e4 keitetty\u00e4 ryp\u00e4lemehua. Etikkabakteerit ovat usein per\u00e4isin bakteeripes\u00e4kkeist\u00e4, joita kutsutaan &#8221;emoiksi&#8221;. T\u00e4m\u00e4n j\u00e4lkeen tapahtuu pitk\u00e4n ajan kuluessa hidas kypsyminen entsyymien avulla. T\u00e4m\u00e4 on er\u00e4\u00e4nlainen kemiallis-fysikaalinen muutos. Ryp\u00e4leen puristemehu valmistetaan puristetuista Trebbiano-ryp\u00e4leist\u00e4 ja muista perinteisist\u00e4 modenalaisista ryp\u00e4lelajikkeista, esimerkiksi Lambruscosta. Ryp\u00e4leet puristetaan, ja keitt\u00e4m\u00e4t\u00f6n mehu kaadetaan avoimiin kiehuviin sammioihin, joissa sit\u00e4 keitet\u00e4\u00e4n avotulella noin 95 \u00b0C:ssa. Kun ryp\u00e4leen puristemehu keitet\u00e4\u00e4n, se pienenee ja tiivistyy, koska kiehumisen aikana haihtuu paljon vett\u00e4. Lis\u00e4ksi bakteerit kuolevat. Keitetty ryp\u00e4leen puristemehu on t\u00e4ll\u00f6in jo tummanruskeaa ja sen sokeripitoisuus on kohonnut. Keitt\u00e4misen j\u00e4lkeen ryp\u00e4leen puristemehu j\u00e4\u00e4hdytet\u00e4\u00e4n, dekantoidaan ja pannaan eri puulajeista (tammi, kastanja, mulperipuu, kirsikka, kataja jne.) valmistettuihin, tilavuudeltaan pieneneviin tynnyreihin. Jokaista tynnyririvi\u00e4, joka koostuu viidest\u00e4 tai seitsem\u00e4st\u00e4 yksitt\u00e4isest\u00e4 tynnyrist\u00e4, kutsutaan &#8221;akuksi&#8221;. Aceto Balsamico Tradizionale di Modena extravecchio D.O.P. kypsyy n\u00e4iss\u00e4 akuissa seuraavat vuosikymmenet. Ainesosat: 100 % keitetty ryp\u00e4leen puristemehu. Tuottaja: Acetaia Villa San Donnino Strada Medicina 25 41126 San Donnino &#8211; Modena Italia\" \/>\n<meta property=\"og:url\" content=\"https:\/\/balsamico.shop\/fi\/tuote\/extravecchio-abtm-villa-san-donnino\/\" \/>\n<meta property=\"og:site_name\" content=\"Aceto Balsamico Shop - Suomi\" \/>\n<meta property=\"article:modified_time\" content=\"2026-03-02T13:28:19+00:00\" \/>\n<meta property=\"og:image\" content=\"https:\/\/balsamico.shop\/fi\/wp-content\/uploads\/2017\/01\/villa-san-donnino-aceto-balsamico-tradizionale-extravecchio.jpg\" \/>\n\t<meta property=\"og:image:width\" content=\"1600\" \/>\n\t<meta property=\"og:image:height\" content=\"1872\" \/>\n\t<meta property=\"og:image:type\" content=\"image\/jpeg\" \/>\n<meta name=\"twitter:card\" content=\"summary_large_image\" \/>\n<meta name=\"twitter:label1\" content=\"Arvioitu lukuaika\" \/>\n\t<meta name=\"twitter:data1\" content=\"2 minuuttia\" \/>\n<script type=\"application\/ld+json\" class=\"yoast-schema-graph\">{\"@context\":\"https:\\\/\\\/schema.org\",\"@graph\":[{\"@type\":\"WebPage\",\"@id\":\"https:\\\/\\\/balsamico.shop\\\/fi\\\/tuote\\\/extravecchio-abtm-villa-san-donnino\\\/\",\"url\":\"https:\\\/\\\/balsamico.shop\\\/fi\\\/tuote\\\/extravecchio-abtm-villa-san-donnino\\\/\",\"name\":\"Extravecchio - Aceto Balsamico Tradizionale di Modena DOP - Villa San Donnino\",\"isPartOf\":{\"@id\":\"https:\\\/\\\/balsamico.shop\\\/fi\\\/#website\"},\"primaryImageOfPage\":{\"@id\":\"https:\\\/\\\/balsamico.shop\\\/fi\\\/tuote\\\/extravecchio-abtm-villa-san-donnino\\\/#primaryimage\"},\"image\":{\"@id\":\"https:\\\/\\\/balsamico.shop\\\/fi\\\/tuote\\\/extravecchio-abtm-villa-san-donnino\\\/#primaryimage\"},\"thumbnailUrl\":\"https:\\\/\\\/balsamico.shop\\\/fi\\\/wp-content\\\/uploads\\\/2017\\\/01\\\/villa-san-donnino-aceto-balsamico-tradizionale-extravecchio.jpg\",\"datePublished\":\"2017-01-07T19:09:32+00:00\",\"dateModified\":\"2026-03-02T13:28:19+00:00\",\"breadcrumb\":{\"@id\":\"https:\\\/\\\/balsamico.shop\\\/fi\\\/tuote\\\/extravecchio-abtm-villa-san-donnino\\\/#breadcrumb\"},\"inLanguage\":\"fi\",\"potentialAction\":[{\"@type\":\"ReadAction\",\"target\":[\"https:\\\/\\\/balsamico.shop\\\/fi\\\/tuote\\\/extravecchio-abtm-villa-san-donnino\\\/\"]}]},{\"@type\":\"ImageObject\",\"inLanguage\":\"fi\",\"@id\":\"https:\\\/\\\/balsamico.shop\\\/fi\\\/tuote\\\/extravecchio-abtm-villa-san-donnino\\\/#primaryimage\",\"url\":\"https:\\\/\\\/balsamico.shop\\\/fi\\\/wp-content\\\/uploads\\\/2017\\\/01\\\/villa-san-donnino-aceto-balsamico-tradizionale-extravecchio.jpg\",\"contentUrl\":\"https:\\\/\\\/balsamico.shop\\\/fi\\\/wp-content\\\/uploads\\\/2017\\\/01\\\/villa-san-donnino-aceto-balsamico-tradizionale-extravecchio.jpg\",\"width\":1600,\"height\":1872},{\"@type\":\"BreadcrumbList\",\"@id\":\"https:\\\/\\\/balsamico.shop\\\/fi\\\/tuote\\\/extravecchio-abtm-villa-san-donnino\\\/#breadcrumb\",\"itemListElement\":[{\"@type\":\"ListItem\",\"position\":1,\"name\":\"Home\",\"item\":\"https:\\\/\\\/balsamico.shop\\\/fi\\\/\"},{\"@type\":\"ListItem\",\"position\":2,\"name\":\"Balsamico Shop\",\"item\":\"https:\\\/\\\/balsamico.shop\\\/fi\\\/shop\\\/\"},{\"@type\":\"ListItem\",\"position\":3,\"name\":\"Extravecchio &#8211; Aceto Balsamico Tradizionale di Modena DOP &#8211; Villa San Donnino\"}]},{\"@type\":\"WebSite\",\"@id\":\"https:\\\/\\\/balsamico.shop\\\/fi\\\/#website\",\"url\":\"https:\\\/\\\/balsamico.shop\\\/fi\\\/\",\"name\":\"Aceto Balsamico Shop - Suomi\",\"description\":\"Hienoin balsamietikka Italiasta\",\"potentialAction\":[{\"@type\":\"SearchAction\",\"target\":{\"@type\":\"EntryPoint\",\"urlTemplate\":\"https:\\\/\\\/balsamico.shop\\\/fi\\\/?s={search_term_string}\"},\"query-input\":{\"@type\":\"PropertyValueSpecification\",\"valueRequired\":true,\"valueName\":\"search_term_string\"}}],\"inLanguage\":\"fi\"}]}<\/script>\n<!-- \/ Yoast SEO plugin. -->","yoast_head_json":{"title":"Extravecchio - Aceto Balsamico Tradizionale di Modena DOP - Villa San Donnino","robots":{"index":"index","follow":"follow","max-snippet":"max-snippet:-1","max-image-preview":"max-image-preview:large","max-video-preview":"max-video-preview:-1"},"canonical":"https:\/\/balsamico.shop\/fi\/tuote\/extravecchio-abtm-villa-san-donnino\/","og_locale":"fi_FI","og_type":"article","og_title":"Extravecchio - Aceto Balsamico Tradizionale di Modena DOP - Villa San Donnino","og_description":"T\u00e4m\u00e4 balsamico vietti yli 25 vuotta Acetaia Villa San Donninon omissa tynnyreiss\u00e4. Acetaia tunnetaan jugendtyylisest\u00e4 huvilastaan San Donninossa, joka sijaitsee l\u00e4hell\u00e4 Modenaa. Luultavasti strategisen sijaintinsa A1-tien varrella ja erinomaisen maineensa ansiosta t\u00e4m\u00e4 Acetaia oli my\u00f6s Facebookin perustajan Mark Zuckerbergin ja h\u00e4nen vaimonsa Priscilla Chanin pys\u00e4hdyspaikka heid\u00e4n lyhyell\u00e4 vierailullaan Modenassa (lehdist\u00f6tiedote). Ennen vierailua Osteria Francescanassa he maistelivat kuuluisaa Aceto Balsamico Tradizionale di Modenan Aceto Balsamicoa Villa San Donninossa. Maku on ainutlaatuinen &#8211; tynnyrit ovat erityinen aarre, ja ne antavat t\u00e4lle ABTM extra vecchio -viinille aivan erityisen luonteen. Balsamiviinietikan valmistuksesta: T\u00e4m\u00e4 balsamiviinietikka valmistetaan k\u00e4ym\u00e4ll\u00e4 keitetty\u00e4 ryp\u00e4lemehua. Etikkabakteerit ovat usein per\u00e4isin bakteeripes\u00e4kkeist\u00e4, joita kutsutaan &#8221;emoiksi&#8221;. T\u00e4m\u00e4n j\u00e4lkeen tapahtuu pitk\u00e4n ajan kuluessa hidas kypsyminen entsyymien avulla. T\u00e4m\u00e4 on er\u00e4\u00e4nlainen kemiallis-fysikaalinen muutos. Ryp\u00e4leen puristemehu valmistetaan puristetuista Trebbiano-ryp\u00e4leist\u00e4 ja muista perinteisist\u00e4 modenalaisista ryp\u00e4lelajikkeista, esimerkiksi Lambruscosta. Ryp\u00e4leet puristetaan, ja keitt\u00e4m\u00e4t\u00f6n mehu kaadetaan avoimiin kiehuviin sammioihin, joissa sit\u00e4 keitet\u00e4\u00e4n avotulella noin 95 \u00b0C:ssa. Kun ryp\u00e4leen puristemehu keitet\u00e4\u00e4n, se pienenee ja tiivistyy, koska kiehumisen aikana haihtuu paljon vett\u00e4. Lis\u00e4ksi bakteerit kuolevat. Keitetty ryp\u00e4leen puristemehu on t\u00e4ll\u00f6in jo tummanruskeaa ja sen sokeripitoisuus on kohonnut. Keitt\u00e4misen j\u00e4lkeen ryp\u00e4leen puristemehu j\u00e4\u00e4hdytet\u00e4\u00e4n, dekantoidaan ja pannaan eri puulajeista (tammi, kastanja, mulperipuu, kirsikka, kataja jne.) valmistettuihin, tilavuudeltaan pieneneviin tynnyreihin. Jokaista tynnyririvi\u00e4, joka koostuu viidest\u00e4 tai seitsem\u00e4st\u00e4 yksitt\u00e4isest\u00e4 tynnyrist\u00e4, kutsutaan &#8221;akuksi&#8221;. Aceto Balsamico Tradizionale di Modena extravecchio D.O.P. kypsyy n\u00e4iss\u00e4 akuissa seuraavat vuosikymmenet. Ainesosat: 100 % keitetty ryp\u00e4leen puristemehu. Tuottaja: Acetaia Villa San Donnino Strada Medicina 25 41126 San Donnino &#8211; Modena Italia","og_url":"https:\/\/balsamico.shop\/fi\/tuote\/extravecchio-abtm-villa-san-donnino\/","og_site_name":"Aceto Balsamico Shop - Suomi","article_modified_time":"2026-03-02T13:28:19+00:00","og_image":[{"width":1600,"height":1872,"url":"https:\/\/balsamico.shop\/fi\/wp-content\/uploads\/2017\/01\/villa-san-donnino-aceto-balsamico-tradizionale-extravecchio.jpg","type":"image\/jpeg"}],"twitter_card":"summary_large_image","twitter_misc":{"Arvioitu lukuaika":"2 minuuttia"},"schema":{"@context":"https:\/\/schema.org","@graph":[{"@type":"WebPage","@id":"https:\/\/balsamico.shop\/fi\/tuote\/extravecchio-abtm-villa-san-donnino\/","url":"https:\/\/balsamico.shop\/fi\/tuote\/extravecchio-abtm-villa-san-donnino\/","name":"Extravecchio - Aceto Balsamico Tradizionale di Modena DOP - Villa San Donnino","isPartOf":{"@id":"https:\/\/balsamico.shop\/fi\/#website"},"primaryImageOfPage":{"@id":"https:\/\/balsamico.shop\/fi\/tuote\/extravecchio-abtm-villa-san-donnino\/#primaryimage"},"image":{"@id":"https:\/\/balsamico.shop\/fi\/tuote\/extravecchio-abtm-villa-san-donnino\/#primaryimage"},"thumbnailUrl":"https:\/\/balsamico.shop\/fi\/wp-content\/uploads\/2017\/01\/villa-san-donnino-aceto-balsamico-tradizionale-extravecchio.jpg","datePublished":"2017-01-07T19:09:32+00:00","dateModified":"2026-03-02T13:28:19+00:00","breadcrumb":{"@id":"https:\/\/balsamico.shop\/fi\/tuote\/extravecchio-abtm-villa-san-donnino\/#breadcrumb"},"inLanguage":"fi","potentialAction":[{"@type":"ReadAction","target":["https:\/\/balsamico.shop\/fi\/tuote\/extravecchio-abtm-villa-san-donnino\/"]}]},{"@type":"ImageObject","inLanguage":"fi","@id":"https:\/\/balsamico.shop\/fi\/tuote\/extravecchio-abtm-villa-san-donnino\/#primaryimage","url":"https:\/\/balsamico.shop\/fi\/wp-content\/uploads\/2017\/01\/villa-san-donnino-aceto-balsamico-tradizionale-extravecchio.jpg","contentUrl":"https:\/\/balsamico.shop\/fi\/wp-content\/uploads\/2017\/01\/villa-san-donnino-aceto-balsamico-tradizionale-extravecchio.jpg","width":1600,"height":1872},{"@type":"BreadcrumbList","@id":"https:\/\/balsamico.shop\/fi\/tuote\/extravecchio-abtm-villa-san-donnino\/#breadcrumb","itemListElement":[{"@type":"ListItem","position":1,"name":"Home","item":"https:\/\/balsamico.shop\/fi\/"},{"@type":"ListItem","position":2,"name":"Balsamico Shop","item":"https:\/\/balsamico.shop\/fi\/shop\/"},{"@type":"ListItem","position":3,"name":"Extravecchio &#8211; Aceto Balsamico Tradizionale di Modena DOP &#8211; Villa San Donnino"}]},{"@type":"WebSite","@id":"https:\/\/balsamico.shop\/fi\/#website","url":"https:\/\/balsamico.shop\/fi\/","name":"Aceto Balsamico Shop - Suomi","description":"Hienoin balsamietikka Italiasta","potentialAction":[{"@type":"SearchAction","target":{"@type":"EntryPoint","urlTemplate":"https:\/\/balsamico.shop\/fi\/?s={search_term_string}"},"query-input":{"@type":"PropertyValueSpecification","valueRequired":true,"valueName":"search_term_string"}}],"inLanguage":"fi"}]}},"_links":{"self":[{"href":"https:\/\/balsamico.shop\/fi\/wp-json\/wp\/v2\/product\/1912","targetHints":{"allow":["GET"]}}],"collection":[{"href":"https:\/\/balsamico.shop\/fi\/wp-json\/wp\/v2\/product"}],"about":[{"href":"https:\/\/balsamico.shop\/fi\/wp-json\/wp\/v2\/types\/product"}],"wp:featuredmedia":[{"embeddable":true,"href":"https:\/\/balsamico.shop\/fi\/wp-json\/wp\/v2\/media\/1986"}],"wp:attachment":[{"href":"https:\/\/balsamico.shop\/fi\/wp-json\/wp\/v2\/media?parent=1912"}],"wp:term":[{"taxonomy":"product_brand","embeddable":true,"href":"https:\/\/balsamico.shop\/fi\/wp-json\/wp\/v2\/product_brand?post=1912"},{"taxonomy":"product_cat","embeddable":true,"href":"https:\/\/balsamico.shop\/fi\/wp-json\/wp\/v2\/product_cat?post=1912"},{"taxonomy":"product_tag","embeddable":true,"href":"https:\/\/balsamico.shop\/fi\/wp-json\/wp\/v2\/product_tag?post=1912"}],"curies":[{"name":"wp","href":"https:\/\/api.w.org\/{rel}","templated":true}]}}