{"id":1907,"date":"2016-11-17T21:17:53","date_gmt":"2016-11-17T20:17:53","guid":{"rendered":"https:\/\/balsamico.shop\/fi\/?post_type=product&#038;p=1907"},"modified":"2026-03-03T16:02:15","modified_gmt":"2026-03-03T15:02:15","slug":"ermes-malpighi-aceto-balsamico-tradizionale-extra-vecchio","status":"publish","type":"product","link":"https:\/\/balsamico.shop\/fi\/tuote\/ermes-malpighi-aceto-balsamico-tradizionale-extra-vecchio\/","title":{"rendered":"Ermes Malpighi &#8211; Aceto Balsamico Tradizionale extra vecchio"},"content":{"rendered":"<p><strong>Ermes Malpighi<\/strong> syntyi vuonna 1945. Ermes Malpighi on vaikuttanut ratkaisevasti Acetaia Malpighin nelj\u00e4nteen sukupolveen, ja Consorzio Produttori Aceto Balsamico Tradizionale di Modenan aktiivisena j\u00e4senen\u00e4 h\u00e4n on aina ollut Aceto Balsamicon vahva puolestapuhuja. H\u00e4nen johdollaan Malpighi voitti muun muassa &#8221;Kultaisen lusikan&#8221; 364 pisteell\u00e4 400 pisteest\u00e4 ja sijoittui toiseksi vuoden 1991 Super Palio -kilpailussa. T\u00e4m\u00e4 Balsamico Tradizionale on omistettu t\u00e4lle etikka-alan mestarille. Ermes Malpighi on henkil\u00f6kohtaisesti allekirjoittanut jokaisen ainutlaatuisen kappaleen ja seisoo nimell\u00e4\u00e4n t\u00e4m\u00e4n ainutlaatuisen mestariteoksen maun ja tasapainon takana. Malpighi itse kutsuu t\u00e4t\u00e4 etikkaa &#8221;35 transferiksi&#8221;, mik\u00e4 tarkoittaa 35 dekantointikierrosta ennen ensimm\u00e4ist\u00e4 pullotusta. Kerran vuodessa tynnyrit (Batteria) tyhjennet\u00e4\u00e4n ja t\u00e4ytet\u00e4\u00e4n uudelleen. <strong>T\u00e4m\u00e4 ekstravecchio pullotetaan 35 vuoden kuluttua, mik\u00e4 ylitt\u00e4\u00e4 vaaditun 25 vuoden v\u00e4himm\u00e4isajan<\/strong>.<\/p>\n<p>T\u00e4m\u00e4 ABTM on eritt\u00e4in siirappimainen, tummanruskea, eritt\u00e4in tasapainoinen ja maultaan hyvin monitahoinen pisara. Malpighi k\u00e4ytt\u00e4\u00e4 tuotannossaan Trebbiano-ryp\u00e4leiden lis\u00e4ksi my\u00f6s hyv\u00e4ksyttyj\u00e4 Lambrusco-ryp\u00e4leit\u00e4.<\/p>\n<p>Katso Ermes Malpighin haastattelu alta, jossa h\u00e4n kertoo Acetaia-asiastaan, tuotteistaan ja Aceto Balsamico Tradizionalen maailmasta:<\/p>\n<p><iframe loading=\"lazy\" title=\"&quot;Italian Food&quot; - Traditional &quot;Balsamic Vinegar&quot; of Modena  (part 1 of 2) - &quot;Acetaia Malpighi&quot;\" width=\"1170\" height=\"658\" src=\"https:\/\/www.youtube.com\/embed\/LUD30o-G1YM?feature=oembed\" frameborder=\"0\" allow=\"accelerometer; autoplay; clipboard-write; encrypted-media; gyroscope; picture-in-picture\" allowfullscreen title=\"\"Italian Food\" - Traditional \"Balsamic Vinegar\" of Modena  (part 1 of 2) - \"Acetaia Malpighi\"\"><\/iframe><\/p>\n<p><strong>Ainesosat<\/strong>: 100 % keitetty ryp\u00e4leen puristemehu<\/p>\n<p>Huomautus: Saattaa sis\u00e4lt\u00e4\u00e4 luonnollisia sulfiitteja.<\/p>\n<p>Valmistaja:<br \/>\nAcetaia MALPIGHI Srl.<br \/>\nStradello Barca, 20<br \/>\n41126 Modena, Italia<\/p>\n","protected":false},"excerpt":{"rendered":"<p>Ermes Malpighi syntyi vuonna 1945. Ermes Malpighi on vaikuttanut ratkaisevasti Acetaia Malpighin nelj\u00e4nteen sukupolveen, ja Consorzio Produttori Aceto Balsamico Tradizionale di Modenan aktiivisena j\u00e4senen\u00e4 h\u00e4n on aina ollut Aceto Balsamicon vahva puolestapuhuja. H\u00e4nen johdollaan Malpighi voitti muun muassa &#8221;Kultaisen lusikan&#8221; 364 pisteell\u00e4 400 pisteest\u00e4 ja sijoittui toiseksi vuoden 1991 Super Palio -kilpailussa. T\u00e4m\u00e4 Balsamico Tradizionale on omistettu t\u00e4lle etikka-alan mestarille. Ermes Malpighi on henkil\u00f6kohtaisesti allekirjoittanut jokaisen ainutlaatuisen kappaleen ja seisoo nimell\u00e4\u00e4n t\u00e4m\u00e4n ainutlaatuisen mestariteoksen maun ja tasapainon takana. Malpighi itse kutsuu t\u00e4t\u00e4 etikkaa &#8221;35 transferiksi&#8221;, mik\u00e4 tarkoittaa 35 dekantointikierrosta ennen ensimm\u00e4ist\u00e4 pullotusta. Kerran vuodessa tynnyrit (Batteria) tyhjennet\u00e4\u00e4n ja t\u00e4ytet\u00e4\u00e4n uudelleen. T\u00e4m\u00e4 ekstravecchio pullotetaan 35 vuoden kuluttua, mik\u00e4 ylitt\u00e4\u00e4 vaaditun 25 vuoden v\u00e4himm\u00e4isajan. T\u00e4m\u00e4 ABTM on eritt\u00e4in siirappimainen, tummanruskea, eritt\u00e4in tasapainoinen ja maultaan hyvin monitahoinen pisara. Malpighi k\u00e4ytt\u00e4\u00e4 tuotannossaan Trebbiano-ryp\u00e4leiden lis\u00e4ksi my\u00f6s hyv\u00e4ksyttyj\u00e4 Lambrusco-ryp\u00e4leit\u00e4. Katso Ermes Malpighin haastattelu alta, jossa h\u00e4n kertoo Acetaia-asiastaan, tuotteistaan ja Aceto Balsamico Tradizionalen maailmasta: Ainesosat: 100 % keitetty ryp\u00e4leen puristemehu Huomautus: Saattaa sis\u00e4lt\u00e4\u00e4 luonnollisia sulfiitteja. Valmistaja: Acetaia MALPIGHI Srl. Stradello Barca, 20 41126 Modena, Italia<\/p>\n","protected":false},"featured_media":1978,"template":"","meta":[],"product_brand":[],"product_cat":[34],"product_tag":[],"class_list":{"0":"post-1907","1":"product","2":"type-product","3":"status-publish","4":"has-post-thumbnail","6":"product_cat-malpighi","7":"product_shipping_class-ueber-100","9":"first","10":"instock","11":"taxable","12":"shipping-taxable","13":"purchasable","14":"product-type-simple"},"bundle_layout":"","bundled_by":[],"bundled_items":[],"yoast_head":"<!-- This site is optimized with the Yoast SEO plugin v27.5 - https:\/\/yoast.com\/product\/yoast-seo-wordpress\/ -->\n<title>Ermes Malpighi - Aceto Balsamico Tradizionale extra vecchio<\/title>\n<meta name=\"robots\" content=\"index, follow, max-snippet:-1, max-image-preview:large, max-video-preview:-1\" \/>\n<link rel=\"canonical\" href=\"https:\/\/balsamico.shop\/fi\/tuote\/ermes-malpighi-aceto-balsamico-tradizionale-extra-vecchio\/\" \/>\n<meta property=\"og:locale\" content=\"fi_FI\" \/>\n<meta property=\"og:type\" content=\"article\" \/>\n<meta property=\"og:title\" content=\"Ermes Malpighi - Aceto Balsamico Tradizionale extra vecchio\" \/>\n<meta property=\"og:description\" content=\"Ermes Malpighi syntyi vuonna 1945. Ermes Malpighi on vaikuttanut ratkaisevasti Acetaia Malpighin nelj\u00e4nteen sukupolveen, ja Consorzio Produttori Aceto Balsamico Tradizionale di Modenan aktiivisena j\u00e4senen\u00e4 h\u00e4n on aina ollut Aceto Balsamicon vahva puolestapuhuja. H\u00e4nen johdollaan Malpighi voitti muun muassa &#8221;Kultaisen lusikan&#8221; 364 pisteell\u00e4 400 pisteest\u00e4 ja sijoittui toiseksi vuoden 1991 Super Palio -kilpailussa. T\u00e4m\u00e4 Balsamico Tradizionale on omistettu t\u00e4lle etikka-alan mestarille. Ermes Malpighi on henkil\u00f6kohtaisesti allekirjoittanut jokaisen ainutlaatuisen kappaleen ja seisoo nimell\u00e4\u00e4n t\u00e4m\u00e4n ainutlaatuisen mestariteoksen maun ja tasapainon takana. Malpighi itse kutsuu t\u00e4t\u00e4 etikkaa &#8221;35 transferiksi&#8221;, mik\u00e4 tarkoittaa 35 dekantointikierrosta ennen ensimm\u00e4ist\u00e4 pullotusta. Kerran vuodessa tynnyrit (Batteria) tyhjennet\u00e4\u00e4n ja t\u00e4ytet\u00e4\u00e4n uudelleen. T\u00e4m\u00e4 ekstravecchio pullotetaan 35 vuoden kuluttua, mik\u00e4 ylitt\u00e4\u00e4 vaaditun 25 vuoden v\u00e4himm\u00e4isajan. T\u00e4m\u00e4 ABTM on eritt\u00e4in siirappimainen, tummanruskea, eritt\u00e4in tasapainoinen ja maultaan hyvin monitahoinen pisara. Malpighi k\u00e4ytt\u00e4\u00e4 tuotannossaan Trebbiano-ryp\u00e4leiden lis\u00e4ksi my\u00f6s hyv\u00e4ksyttyj\u00e4 Lambrusco-ryp\u00e4leit\u00e4. Katso Ermes Malpighin haastattelu alta, jossa h\u00e4n kertoo Acetaia-asiastaan, tuotteistaan ja Aceto Balsamico Tradizionalen maailmasta: Ainesosat: 100 % keitetty ryp\u00e4leen puristemehu Huomautus: Saattaa sis\u00e4lt\u00e4\u00e4 luonnollisia sulfiitteja. Valmistaja: Acetaia MALPIGHI Srl. Stradello Barca, 20 41126 Modena, Italia\" \/>\n<meta property=\"og:url\" content=\"https:\/\/balsamico.shop\/fi\/tuote\/ermes-malpighi-aceto-balsamico-tradizionale-extra-vecchio\/\" \/>\n<meta property=\"og:site_name\" content=\"Aceto Balsamico Shop - Suomi\" \/>\n<meta property=\"article:modified_time\" content=\"2026-03-03T15:02:15+00:00\" \/>\n<meta property=\"og:image\" content=\"https:\/\/balsamico.shop\/fi\/wp-content\/uploads\/2016\/11\/malpighi-aceto-balsamico-affinato-extravecchio-ermes-1.jpg\" \/>\n\t<meta property=\"og:image:width\" content=\"1600\" \/>\n\t<meta property=\"og:image:height\" content=\"1872\" \/>\n\t<meta property=\"og:image:type\" content=\"image\/jpeg\" \/>\n<meta name=\"twitter:card\" content=\"summary_large_image\" \/>\n<meta name=\"twitter:label1\" content=\"Arvioitu lukuaika\" \/>\n\t<meta name=\"twitter:data1\" content=\"2 minuuttia\" \/>\n<script type=\"application\/ld+json\" class=\"yoast-schema-graph\">{\"@context\":\"https:\\\/\\\/schema.org\",\"@graph\":[{\"@type\":\"WebPage\",\"@id\":\"https:\\\/\\\/balsamico.shop\\\/fi\\\/tuote\\\/ermes-malpighi-aceto-balsamico-tradizionale-extra-vecchio\\\/\",\"url\":\"https:\\\/\\\/balsamico.shop\\\/fi\\\/tuote\\\/ermes-malpighi-aceto-balsamico-tradizionale-extra-vecchio\\\/\",\"name\":\"Ermes Malpighi - Aceto Balsamico Tradizionale extra vecchio\",\"isPartOf\":{\"@id\":\"https:\\\/\\\/balsamico.shop\\\/fi\\\/#website\"},\"primaryImageOfPage\":{\"@id\":\"https:\\\/\\\/balsamico.shop\\\/fi\\\/tuote\\\/ermes-malpighi-aceto-balsamico-tradizionale-extra-vecchio\\\/#primaryimage\"},\"image\":{\"@id\":\"https:\\\/\\\/balsamico.shop\\\/fi\\\/tuote\\\/ermes-malpighi-aceto-balsamico-tradizionale-extra-vecchio\\\/#primaryimage\"},\"thumbnailUrl\":\"https:\\\/\\\/balsamico.shop\\\/fi\\\/wp-content\\\/uploads\\\/2016\\\/11\\\/malpighi-aceto-balsamico-affinato-extravecchio-ermes-1.jpg\",\"datePublished\":\"2016-11-17T20:17:53+00:00\",\"dateModified\":\"2026-03-03T15:02:15+00:00\",\"breadcrumb\":{\"@id\":\"https:\\\/\\\/balsamico.shop\\\/fi\\\/tuote\\\/ermes-malpighi-aceto-balsamico-tradizionale-extra-vecchio\\\/#breadcrumb\"},\"inLanguage\":\"fi\",\"potentialAction\":[{\"@type\":\"ReadAction\",\"target\":[\"https:\\\/\\\/balsamico.shop\\\/fi\\\/tuote\\\/ermes-malpighi-aceto-balsamico-tradizionale-extra-vecchio\\\/\"]}]},{\"@type\":\"ImageObject\",\"inLanguage\":\"fi\",\"@id\":\"https:\\\/\\\/balsamico.shop\\\/fi\\\/tuote\\\/ermes-malpighi-aceto-balsamico-tradizionale-extra-vecchio\\\/#primaryimage\",\"url\":\"https:\\\/\\\/balsamico.shop\\\/fi\\\/wp-content\\\/uploads\\\/2016\\\/11\\\/malpighi-aceto-balsamico-affinato-extravecchio-ermes-1.jpg\",\"contentUrl\":\"https:\\\/\\\/balsamico.shop\\\/fi\\\/wp-content\\\/uploads\\\/2016\\\/11\\\/malpighi-aceto-balsamico-affinato-extravecchio-ermes-1.jpg\",\"width\":1600,\"height\":1872},{\"@type\":\"BreadcrumbList\",\"@id\":\"https:\\\/\\\/balsamico.shop\\\/fi\\\/tuote\\\/ermes-malpighi-aceto-balsamico-tradizionale-extra-vecchio\\\/#breadcrumb\",\"itemListElement\":[{\"@type\":\"ListItem\",\"position\":1,\"name\":\"Home\",\"item\":\"https:\\\/\\\/balsamico.shop\\\/fi\\\/\"},{\"@type\":\"ListItem\",\"position\":2,\"name\":\"Balsamico Shop\",\"item\":\"https:\\\/\\\/balsamico.shop\\\/fi\\\/shop\\\/\"},{\"@type\":\"ListItem\",\"position\":3,\"name\":\"Ermes Malpighi &#8211; Aceto Balsamico Tradizionale extra vecchio\"}]},{\"@type\":\"WebSite\",\"@id\":\"https:\\\/\\\/balsamico.shop\\\/fi\\\/#website\",\"url\":\"https:\\\/\\\/balsamico.shop\\\/fi\\\/\",\"name\":\"Aceto Balsamico Shop - Suomi\",\"description\":\"Hienoin balsamietikka Italiasta\",\"potentialAction\":[{\"@type\":\"SearchAction\",\"target\":{\"@type\":\"EntryPoint\",\"urlTemplate\":\"https:\\\/\\\/balsamico.shop\\\/fi\\\/?s={search_term_string}\"},\"query-input\":{\"@type\":\"PropertyValueSpecification\",\"valueRequired\":true,\"valueName\":\"search_term_string\"}}],\"inLanguage\":\"fi\"}]}<\/script>\n<!-- \/ Yoast SEO plugin. -->","yoast_head_json":{"title":"Ermes Malpighi - Aceto Balsamico Tradizionale extra vecchio","robots":{"index":"index","follow":"follow","max-snippet":"max-snippet:-1","max-image-preview":"max-image-preview:large","max-video-preview":"max-video-preview:-1"},"canonical":"https:\/\/balsamico.shop\/fi\/tuote\/ermes-malpighi-aceto-balsamico-tradizionale-extra-vecchio\/","og_locale":"fi_FI","og_type":"article","og_title":"Ermes Malpighi - Aceto Balsamico Tradizionale extra vecchio","og_description":"Ermes Malpighi syntyi vuonna 1945. Ermes Malpighi on vaikuttanut ratkaisevasti Acetaia Malpighin nelj\u00e4nteen sukupolveen, ja Consorzio Produttori Aceto Balsamico Tradizionale di Modenan aktiivisena j\u00e4senen\u00e4 h\u00e4n on aina ollut Aceto Balsamicon vahva puolestapuhuja. H\u00e4nen johdollaan Malpighi voitti muun muassa &#8221;Kultaisen lusikan&#8221; 364 pisteell\u00e4 400 pisteest\u00e4 ja sijoittui toiseksi vuoden 1991 Super Palio -kilpailussa. T\u00e4m\u00e4 Balsamico Tradizionale on omistettu t\u00e4lle etikka-alan mestarille. Ermes Malpighi on henkil\u00f6kohtaisesti allekirjoittanut jokaisen ainutlaatuisen kappaleen ja seisoo nimell\u00e4\u00e4n t\u00e4m\u00e4n ainutlaatuisen mestariteoksen maun ja tasapainon takana. Malpighi itse kutsuu t\u00e4t\u00e4 etikkaa &#8221;35 transferiksi&#8221;, mik\u00e4 tarkoittaa 35 dekantointikierrosta ennen ensimm\u00e4ist\u00e4 pullotusta. Kerran vuodessa tynnyrit (Batteria) tyhjennet\u00e4\u00e4n ja t\u00e4ytet\u00e4\u00e4n uudelleen. T\u00e4m\u00e4 ekstravecchio pullotetaan 35 vuoden kuluttua, mik\u00e4 ylitt\u00e4\u00e4 vaaditun 25 vuoden v\u00e4himm\u00e4isajan. T\u00e4m\u00e4 ABTM on eritt\u00e4in siirappimainen, tummanruskea, eritt\u00e4in tasapainoinen ja maultaan hyvin monitahoinen pisara. Malpighi k\u00e4ytt\u00e4\u00e4 tuotannossaan Trebbiano-ryp\u00e4leiden lis\u00e4ksi my\u00f6s hyv\u00e4ksyttyj\u00e4 Lambrusco-ryp\u00e4leit\u00e4. Katso Ermes Malpighin haastattelu alta, jossa h\u00e4n kertoo Acetaia-asiastaan, tuotteistaan ja Aceto Balsamico Tradizionalen maailmasta: Ainesosat: 100 % keitetty ryp\u00e4leen puristemehu Huomautus: Saattaa sis\u00e4lt\u00e4\u00e4 luonnollisia sulfiitteja. Valmistaja: Acetaia MALPIGHI Srl. Stradello Barca, 20 41126 Modena, Italia","og_url":"https:\/\/balsamico.shop\/fi\/tuote\/ermes-malpighi-aceto-balsamico-tradizionale-extra-vecchio\/","og_site_name":"Aceto Balsamico Shop - Suomi","article_modified_time":"2026-03-03T15:02:15+00:00","og_image":[{"width":1600,"height":1872,"url":"https:\/\/balsamico.shop\/fi\/wp-content\/uploads\/2016\/11\/malpighi-aceto-balsamico-affinato-extravecchio-ermes-1.jpg","type":"image\/jpeg"}],"twitter_card":"summary_large_image","twitter_misc":{"Arvioitu lukuaika":"2 minuuttia"},"schema":{"@context":"https:\/\/schema.org","@graph":[{"@type":"WebPage","@id":"https:\/\/balsamico.shop\/fi\/tuote\/ermes-malpighi-aceto-balsamico-tradizionale-extra-vecchio\/","url":"https:\/\/balsamico.shop\/fi\/tuote\/ermes-malpighi-aceto-balsamico-tradizionale-extra-vecchio\/","name":"Ermes Malpighi - Aceto Balsamico Tradizionale extra vecchio","isPartOf":{"@id":"https:\/\/balsamico.shop\/fi\/#website"},"primaryImageOfPage":{"@id":"https:\/\/balsamico.shop\/fi\/tuote\/ermes-malpighi-aceto-balsamico-tradizionale-extra-vecchio\/#primaryimage"},"image":{"@id":"https:\/\/balsamico.shop\/fi\/tuote\/ermes-malpighi-aceto-balsamico-tradizionale-extra-vecchio\/#primaryimage"},"thumbnailUrl":"https:\/\/balsamico.shop\/fi\/wp-content\/uploads\/2016\/11\/malpighi-aceto-balsamico-affinato-extravecchio-ermes-1.jpg","datePublished":"2016-11-17T20:17:53+00:00","dateModified":"2026-03-03T15:02:15+00:00","breadcrumb":{"@id":"https:\/\/balsamico.shop\/fi\/tuote\/ermes-malpighi-aceto-balsamico-tradizionale-extra-vecchio\/#breadcrumb"},"inLanguage":"fi","potentialAction":[{"@type":"ReadAction","target":["https:\/\/balsamico.shop\/fi\/tuote\/ermes-malpighi-aceto-balsamico-tradizionale-extra-vecchio\/"]}]},{"@type":"ImageObject","inLanguage":"fi","@id":"https:\/\/balsamico.shop\/fi\/tuote\/ermes-malpighi-aceto-balsamico-tradizionale-extra-vecchio\/#primaryimage","url":"https:\/\/balsamico.shop\/fi\/wp-content\/uploads\/2016\/11\/malpighi-aceto-balsamico-affinato-extravecchio-ermes-1.jpg","contentUrl":"https:\/\/balsamico.shop\/fi\/wp-content\/uploads\/2016\/11\/malpighi-aceto-balsamico-affinato-extravecchio-ermes-1.jpg","width":1600,"height":1872},{"@type":"BreadcrumbList","@id":"https:\/\/balsamico.shop\/fi\/tuote\/ermes-malpighi-aceto-balsamico-tradizionale-extra-vecchio\/#breadcrumb","itemListElement":[{"@type":"ListItem","position":1,"name":"Home","item":"https:\/\/balsamico.shop\/fi\/"},{"@type":"ListItem","position":2,"name":"Balsamico Shop","item":"https:\/\/balsamico.shop\/fi\/shop\/"},{"@type":"ListItem","position":3,"name":"Ermes Malpighi &#8211; Aceto Balsamico Tradizionale extra vecchio"}]},{"@type":"WebSite","@id":"https:\/\/balsamico.shop\/fi\/#website","url":"https:\/\/balsamico.shop\/fi\/","name":"Aceto Balsamico Shop - Suomi","description":"Hienoin balsamietikka Italiasta","potentialAction":[{"@type":"SearchAction","target":{"@type":"EntryPoint","urlTemplate":"https:\/\/balsamico.shop\/fi\/?s={search_term_string}"},"query-input":{"@type":"PropertyValueSpecification","valueRequired":true,"valueName":"search_term_string"}}],"inLanguage":"fi"}]}},"_links":{"self":[{"href":"https:\/\/balsamico.shop\/fi\/wp-json\/wp\/v2\/product\/1907","targetHints":{"allow":["GET"]}}],"collection":[{"href":"https:\/\/balsamico.shop\/fi\/wp-json\/wp\/v2\/product"}],"about":[{"href":"https:\/\/balsamico.shop\/fi\/wp-json\/wp\/v2\/types\/product"}],"wp:featuredmedia":[{"embeddable":true,"href":"https:\/\/balsamico.shop\/fi\/wp-json\/wp\/v2\/media\/1978"}],"wp:attachment":[{"href":"https:\/\/balsamico.shop\/fi\/wp-json\/wp\/v2\/media?parent=1907"}],"wp:term":[{"taxonomy":"product_brand","embeddable":true,"href":"https:\/\/balsamico.shop\/fi\/wp-json\/wp\/v2\/product_brand?post=1907"},{"taxonomy":"product_cat","embeddable":true,"href":"https:\/\/balsamico.shop\/fi\/wp-json\/wp\/v2\/product_cat?post=1907"},{"taxonomy":"product_tag","embeddable":true,"href":"https:\/\/balsamico.shop\/fi\/wp-json\/wp\/v2\/product_tag?post=1907"}],"curies":[{"name":"wp","href":"https:\/\/api.w.org\/{rel}","templated":true}]}}