{"id":1899,"date":"2016-09-23T08:31:29","date_gmt":"2016-09-23T06:31:29","guid":{"rendered":"https:\/\/balsamico.shop\/fi\/?post_type=product&#038;p=1899"},"modified":"2026-03-11T11:24:37","modified_gmt":"2026-03-11T10:24:37","slug":"cavalli-abte-25-oro-kulta","status":"publish","type":"product","link":"https:\/\/balsamico.shop\/fi\/tuote\/cavalli-abte-25-oro-kulta\/","title":{"rendered":"Balsamico Tradizionale &#8211; Cavalli &#8211; 25 vuotta &#8211; Kulta &#8211; extravecchio"},"content":{"rendered":"<p><strong>Acetaia Cavalli<\/strong> valmistaa kultaista Aceto Balsamico Tradizionale -viini\u00e4 pieness\u00e4 Fellegara di Scandianon kunnassa, 10 kilometrin p\u00e4\u00e4ss\u00e4 Reggio Emilialta.\u00a0 Viinintekij\u00e4 Giovanni Cavalli jatkaa yhdess\u00e4 veljens\u00e4 Roberton kanssa is\u00e4ns\u00e4 perinnett\u00e4 ja on tuottanut Aceto Balsamico Tradizionale -viini\u00e4 kaupallisesti vuodesta 1980 l\u00e4htien. Jo 1950-luvulla h\u00e4nen is\u00e4ns\u00e4 loi perustan nykyiselle yritykselle ostamalla vanhoja tynnyreit\u00e4. Yli 800 tynnyrill\u00e4\u00e4n se on alueen suurin acetaia.<\/p>\n<p><strong>Aceto Balsamico Tradizionale di Reggio Emilia Extravecchio<\/strong> -viinin valmistuksessa k\u00e4ytettiin ainoastaan erityisen makeita ja vaaleanv\u00e4risi\u00e4 Trebbiano-lajikkeen ryp\u00e4leit\u00e4. T\u00e4ss\u00e4 myynniss\u00e4 oleva sarja on kypsytetty viidess\u00e4 puutynnyriss\u00e4 seuraavassa j\u00e4rjestyksess\u00e4: tammi, kastanja, kataja, kirsikka ja mulperi.<strong> T\u00e4m\u00e4n balsamicon tiheys on 1,35<\/strong>, mik\u00e4 on selv\u00e4sti yli 1,2:n v\u00e4himm\u00e4isvaatimuksen, joten t\u00e4m\u00e4 balsamico on paksumpi kuin muutamat muut valikoimamme tuotteet. T\u00e4t\u00e4 sarjaa on maailmanlaajuisesti vain 40 pulloa!<\/p>\n<p>Saadakseen &#8221;Oro&#8221;-merkin (kultainen) balsamico on saanut v\u00e4hint\u00e4\u00e4n <strong>300 pistett\u00e4 400<\/strong> pisteest\u00e4 valvojien arvioinnissa. Lis\u00e4ys &#8221;extravecchio&#8221; tarkoittaa, ett\u00e4 t\u00e4t\u00e4 Balsamicoa on kypsytetty v\u00e4hint\u00e4\u00e4n 25 vuotta perinteisiss\u00e4 puutynnyreiss\u00e4.<\/p>\n<p>Maatalous-, elintarvike- ja mets\u00e4talousministeri\u00f6 valvoo ja sertifioi jokaisen pullotuksen laatua. Kuluttajana voit tunnistaa alkuper\u00e4isen vahasinetist\u00e4, johon on merkitty kirjaimet: &#8221;<strong>DOP ABTRE<\/strong>&#8221;. Tulppaaninmuotoinen pullon muoto on my\u00f6s m\u00e4\u00e4r\u00e4tty t\u00e4lle balsamiviinietikalle. Pullossa on punakeltainen D.O.P.-sinetti. Merkinn\u00e4ss\u00e4 on maininta &#8221;Certificato da organismo di controllo autorizzato dal Mipaaf&#8221; ja se vahvistaa ministeri\u00f6n suorittaman hyv\u00e4ksymistestin.<\/p>\n<p><strong>Ainesosat<\/strong>: 100 % keitetty ryp\u00e4leen puristemehu<\/p>\n<p>Huomautus: ei sis\u00e4ll\u00e4 sulfiitteja<\/p>\n<p>Tuottaja:<br \/>\nCavalli cav. Ferdinando srl<br \/>\nVia del Cristo 6\/ab<br \/>\n42019 Scandiano Reggio Emilia Reggio Emilia<br \/>\nItalia<\/p>\n","protected":false},"excerpt":{"rendered":"<p>Acetaia Cavalli valmistaa kultaista Aceto Balsamico Tradizionale -viini\u00e4 pieness\u00e4 Fellegara di Scandianon kunnassa, 10 kilometrin p\u00e4\u00e4ss\u00e4 Reggio Emilialta.\u00a0 Viinintekij\u00e4 Giovanni Cavalli jatkaa yhdess\u00e4 veljens\u00e4 Roberton kanssa is\u00e4ns\u00e4 perinnett\u00e4 ja on tuottanut Aceto Balsamico Tradizionale -viini\u00e4 kaupallisesti vuodesta 1980 l\u00e4htien. Jo 1950-luvulla h\u00e4nen is\u00e4ns\u00e4 loi perustan nykyiselle yritykselle ostamalla vanhoja tynnyreit\u00e4. Yli 800 tynnyrill\u00e4\u00e4n se on alueen suurin acetaia. Aceto Balsamico Tradizionale di Reggio Emilia Extravecchio -viinin valmistuksessa k\u00e4ytettiin ainoastaan erityisen makeita ja vaaleanv\u00e4risi\u00e4 Trebbiano-lajikkeen ryp\u00e4leit\u00e4. T\u00e4ss\u00e4 myynniss\u00e4 oleva sarja on kypsytetty viidess\u00e4 puutynnyriss\u00e4 seuraavassa j\u00e4rjestyksess\u00e4: tammi, kastanja, kataja, kirsikka ja mulperi. T\u00e4m\u00e4n balsamicon tiheys on 1,35, mik\u00e4 on selv\u00e4sti yli 1,2:n v\u00e4himm\u00e4isvaatimuksen, joten t\u00e4m\u00e4 balsamico on paksumpi kuin muutamat muut valikoimamme tuotteet. T\u00e4t\u00e4 sarjaa on maailmanlaajuisesti vain 40 pulloa! Saadakseen &#8221;Oro&#8221;-merkin (kultainen) balsamico on saanut v\u00e4hint\u00e4\u00e4n 300 pistett\u00e4 400 pisteest\u00e4 valvojien arvioinnissa. Lis\u00e4ys &#8221;extravecchio&#8221; tarkoittaa, ett\u00e4 t\u00e4t\u00e4 Balsamicoa on kypsytetty v\u00e4hint\u00e4\u00e4n 25 vuotta perinteisiss\u00e4 puutynnyreiss\u00e4. Maatalous-, elintarvike- ja mets\u00e4talousministeri\u00f6 valvoo ja sertifioi jokaisen pullotuksen laatua. Kuluttajana voit tunnistaa alkuper\u00e4isen vahasinetist\u00e4, johon on merkitty kirjaimet: &#8221;DOP ABTRE&#8221;. Tulppaaninmuotoinen pullon muoto on my\u00f6s m\u00e4\u00e4r\u00e4tty t\u00e4lle balsamiviinietikalle. Pullossa on punakeltainen D.O.P.-sinetti. Merkinn\u00e4ss\u00e4 on maininta &#8221;Certificato da organismo di controllo autorizzato dal Mipaaf&#8221; ja se vahvistaa ministeri\u00f6n suorittaman hyv\u00e4ksymistestin. Ainesosat: 100 % keitetty ryp\u00e4leen puristemehu Huomautus: ei sis\u00e4ll\u00e4 sulfiitteja Tuottaja: Cavalli cav. Ferdinando srl Via del Cristo 6\/ab 42019 Scandiano Reggio Emilia Reggio Emilia Italia<\/p>\n","protected":false},"featured_media":1988,"template":"","meta":[],"product_brand":[],"product_cat":[31],"product_tag":[],"class_list":{"0":"post-1899","1":"product","2":"type-product","3":"status-publish","4":"has-post-thumbnail","6":"product_cat-cavalli","7":"product_shipping_class-ueber-100","9":"first","10":"instock","11":"taxable","12":"shipping-taxable","13":"purchasable","14":"product-type-simple"},"bundle_layout":"","bundled_by":[],"bundled_items":[],"yoast_head":"<!-- This site is optimized with the Yoast SEO plugin v27.5 - https:\/\/yoast.com\/product\/yoast-seo-wordpress\/ -->\n<title>Balsamico Tradizionale - Cavalli - 25 vuotta - Kulta - extravecchio<\/title>\n<meta name=\"robots\" content=\"index, follow, max-snippet:-1, max-image-preview:large, max-video-preview:-1\" \/>\n<link rel=\"canonical\" href=\"https:\/\/balsamico.shop\/fi\/tuote\/cavalli-abte-25-oro-kulta\/\" \/>\n<meta property=\"og:locale\" content=\"fi_FI\" \/>\n<meta property=\"og:type\" content=\"article\" \/>\n<meta property=\"og:title\" content=\"Balsamico Tradizionale - Cavalli - 25 vuotta - Kulta - extravecchio\" \/>\n<meta property=\"og:description\" content=\"Acetaia Cavalli valmistaa kultaista Aceto Balsamico Tradizionale -viini\u00e4 pieness\u00e4 Fellegara di Scandianon kunnassa, 10 kilometrin p\u00e4\u00e4ss\u00e4 Reggio Emilialta.\u00a0 Viinintekij\u00e4 Giovanni Cavalli jatkaa yhdess\u00e4 veljens\u00e4 Roberton kanssa is\u00e4ns\u00e4 perinnett\u00e4 ja on tuottanut Aceto Balsamico Tradizionale -viini\u00e4 kaupallisesti vuodesta 1980 l\u00e4htien. Jo 1950-luvulla h\u00e4nen is\u00e4ns\u00e4 loi perustan nykyiselle yritykselle ostamalla vanhoja tynnyreit\u00e4. Yli 800 tynnyrill\u00e4\u00e4n se on alueen suurin acetaia. Aceto Balsamico Tradizionale di Reggio Emilia Extravecchio -viinin valmistuksessa k\u00e4ytettiin ainoastaan erityisen makeita ja vaaleanv\u00e4risi\u00e4 Trebbiano-lajikkeen ryp\u00e4leit\u00e4. T\u00e4ss\u00e4 myynniss\u00e4 oleva sarja on kypsytetty viidess\u00e4 puutynnyriss\u00e4 seuraavassa j\u00e4rjestyksess\u00e4: tammi, kastanja, kataja, kirsikka ja mulperi. T\u00e4m\u00e4n balsamicon tiheys on 1,35, mik\u00e4 on selv\u00e4sti yli 1,2:n v\u00e4himm\u00e4isvaatimuksen, joten t\u00e4m\u00e4 balsamico on paksumpi kuin muutamat muut valikoimamme tuotteet. T\u00e4t\u00e4 sarjaa on maailmanlaajuisesti vain 40 pulloa! Saadakseen &#8221;Oro&#8221;-merkin (kultainen) balsamico on saanut v\u00e4hint\u00e4\u00e4n 300 pistett\u00e4 400 pisteest\u00e4 valvojien arvioinnissa. Lis\u00e4ys &#8221;extravecchio&#8221; tarkoittaa, ett\u00e4 t\u00e4t\u00e4 Balsamicoa on kypsytetty v\u00e4hint\u00e4\u00e4n 25 vuotta perinteisiss\u00e4 puutynnyreiss\u00e4. Maatalous-, elintarvike- ja mets\u00e4talousministeri\u00f6 valvoo ja sertifioi jokaisen pullotuksen laatua. Kuluttajana voit tunnistaa alkuper\u00e4isen vahasinetist\u00e4, johon on merkitty kirjaimet: &#8221;DOP ABTRE&#8221;. Tulppaaninmuotoinen pullon muoto on my\u00f6s m\u00e4\u00e4r\u00e4tty t\u00e4lle balsamiviinietikalle. Pullossa on punakeltainen D.O.P.-sinetti. Merkinn\u00e4ss\u00e4 on maininta &#8221;Certificato da organismo di controllo autorizzato dal Mipaaf&#8221; ja se vahvistaa ministeri\u00f6n suorittaman hyv\u00e4ksymistestin. Ainesosat: 100 % keitetty ryp\u00e4leen puristemehu Huomautus: ei sis\u00e4ll\u00e4 sulfiitteja Tuottaja: Cavalli cav. Ferdinando srl Via del Cristo 6\/ab 42019 Scandiano Reggio Emilia Reggio Emilia Italia\" \/>\n<meta property=\"og:url\" content=\"https:\/\/balsamico.shop\/fi\/tuote\/cavalli-abte-25-oro-kulta\/\" \/>\n<meta property=\"og:site_name\" content=\"Aceto Balsamico Shop - Suomi\" \/>\n<meta property=\"article:modified_time\" content=\"2026-03-11T10:24:37+00:00\" \/>\n<meta property=\"og:image\" content=\"https:\/\/balsamico.shop\/fi\/wp-content\/uploads\/2016\/09\/aceto-balsamico-tradizionale-gold-reggioemilia-cavalli.jpg\" \/>\n\t<meta property=\"og:image:width\" content=\"1600\" \/>\n\t<meta property=\"og:image:height\" content=\"1872\" \/>\n\t<meta property=\"og:image:type\" content=\"image\/jpeg\" \/>\n<meta name=\"twitter:card\" content=\"summary_large_image\" \/>\n<meta name=\"twitter:label1\" content=\"Arvioitu lukuaika\" \/>\n\t<meta name=\"twitter:data1\" content=\"2 minuuttia\" \/>\n<script type=\"application\/ld+json\" class=\"yoast-schema-graph\">{\"@context\":\"https:\\\/\\\/schema.org\",\"@graph\":[{\"@type\":\"WebPage\",\"@id\":\"https:\\\/\\\/balsamico.shop\\\/fi\\\/tuote\\\/cavalli-abte-25-oro-kulta\\\/\",\"url\":\"https:\\\/\\\/balsamico.shop\\\/fi\\\/tuote\\\/cavalli-abte-25-oro-kulta\\\/\",\"name\":\"Balsamico Tradizionale - Cavalli - 25 vuotta - Kulta - extravecchio\",\"isPartOf\":{\"@id\":\"https:\\\/\\\/balsamico.shop\\\/fi\\\/#website\"},\"primaryImageOfPage\":{\"@id\":\"https:\\\/\\\/balsamico.shop\\\/fi\\\/tuote\\\/cavalli-abte-25-oro-kulta\\\/#primaryimage\"},\"image\":{\"@id\":\"https:\\\/\\\/balsamico.shop\\\/fi\\\/tuote\\\/cavalli-abte-25-oro-kulta\\\/#primaryimage\"},\"thumbnailUrl\":\"https:\\\/\\\/balsamico.shop\\\/fi\\\/wp-content\\\/uploads\\\/2016\\\/09\\\/aceto-balsamico-tradizionale-gold-reggioemilia-cavalli.jpg\",\"datePublished\":\"2016-09-23T06:31:29+00:00\",\"dateModified\":\"2026-03-11T10:24:37+00:00\",\"breadcrumb\":{\"@id\":\"https:\\\/\\\/balsamico.shop\\\/fi\\\/tuote\\\/cavalli-abte-25-oro-kulta\\\/#breadcrumb\"},\"inLanguage\":\"fi\",\"potentialAction\":[{\"@type\":\"ReadAction\",\"target\":[\"https:\\\/\\\/balsamico.shop\\\/fi\\\/tuote\\\/cavalli-abte-25-oro-kulta\\\/\"]}]},{\"@type\":\"ImageObject\",\"inLanguage\":\"fi\",\"@id\":\"https:\\\/\\\/balsamico.shop\\\/fi\\\/tuote\\\/cavalli-abte-25-oro-kulta\\\/#primaryimage\",\"url\":\"https:\\\/\\\/balsamico.shop\\\/fi\\\/wp-content\\\/uploads\\\/2016\\\/09\\\/aceto-balsamico-tradizionale-gold-reggioemilia-cavalli.jpg\",\"contentUrl\":\"https:\\\/\\\/balsamico.shop\\\/fi\\\/wp-content\\\/uploads\\\/2016\\\/09\\\/aceto-balsamico-tradizionale-gold-reggioemilia-cavalli.jpg\",\"width\":1600,\"height\":1872},{\"@type\":\"BreadcrumbList\",\"@id\":\"https:\\\/\\\/balsamico.shop\\\/fi\\\/tuote\\\/cavalli-abte-25-oro-kulta\\\/#breadcrumb\",\"itemListElement\":[{\"@type\":\"ListItem\",\"position\":1,\"name\":\"Home\",\"item\":\"https:\\\/\\\/balsamico.shop\\\/fi\\\/\"},{\"@type\":\"ListItem\",\"position\":2,\"name\":\"Balsamico Shop\",\"item\":\"https:\\\/\\\/balsamico.shop\\\/fi\\\/shop\\\/\"},{\"@type\":\"ListItem\",\"position\":3,\"name\":\"Balsamico Tradizionale &#8211; Cavalli &#8211; 25 vuotta &#8211; Kulta &#8211; extravecchio\"}]},{\"@type\":\"WebSite\",\"@id\":\"https:\\\/\\\/balsamico.shop\\\/fi\\\/#website\",\"url\":\"https:\\\/\\\/balsamico.shop\\\/fi\\\/\",\"name\":\"Aceto Balsamico Shop - Suomi\",\"description\":\"Hienoin balsamietikka Italiasta\",\"potentialAction\":[{\"@type\":\"SearchAction\",\"target\":{\"@type\":\"EntryPoint\",\"urlTemplate\":\"https:\\\/\\\/balsamico.shop\\\/fi\\\/?s={search_term_string}\"},\"query-input\":{\"@type\":\"PropertyValueSpecification\",\"valueRequired\":true,\"valueName\":\"search_term_string\"}}],\"inLanguage\":\"fi\"}]}<\/script>\n<!-- \/ Yoast SEO plugin. -->","yoast_head_json":{"title":"Balsamico Tradizionale - Cavalli - 25 vuotta - Kulta - extravecchio","robots":{"index":"index","follow":"follow","max-snippet":"max-snippet:-1","max-image-preview":"max-image-preview:large","max-video-preview":"max-video-preview:-1"},"canonical":"https:\/\/balsamico.shop\/fi\/tuote\/cavalli-abte-25-oro-kulta\/","og_locale":"fi_FI","og_type":"article","og_title":"Balsamico Tradizionale - Cavalli - 25 vuotta - Kulta - extravecchio","og_description":"Acetaia Cavalli valmistaa kultaista Aceto Balsamico Tradizionale -viini\u00e4 pieness\u00e4 Fellegara di Scandianon kunnassa, 10 kilometrin p\u00e4\u00e4ss\u00e4 Reggio Emilialta.\u00a0 Viinintekij\u00e4 Giovanni Cavalli jatkaa yhdess\u00e4 veljens\u00e4 Roberton kanssa is\u00e4ns\u00e4 perinnett\u00e4 ja on tuottanut Aceto Balsamico Tradizionale -viini\u00e4 kaupallisesti vuodesta 1980 l\u00e4htien. Jo 1950-luvulla h\u00e4nen is\u00e4ns\u00e4 loi perustan nykyiselle yritykselle ostamalla vanhoja tynnyreit\u00e4. Yli 800 tynnyrill\u00e4\u00e4n se on alueen suurin acetaia. Aceto Balsamico Tradizionale di Reggio Emilia Extravecchio -viinin valmistuksessa k\u00e4ytettiin ainoastaan erityisen makeita ja vaaleanv\u00e4risi\u00e4 Trebbiano-lajikkeen ryp\u00e4leit\u00e4. T\u00e4ss\u00e4 myynniss\u00e4 oleva sarja on kypsytetty viidess\u00e4 puutynnyriss\u00e4 seuraavassa j\u00e4rjestyksess\u00e4: tammi, kastanja, kataja, kirsikka ja mulperi. T\u00e4m\u00e4n balsamicon tiheys on 1,35, mik\u00e4 on selv\u00e4sti yli 1,2:n v\u00e4himm\u00e4isvaatimuksen, joten t\u00e4m\u00e4 balsamico on paksumpi kuin muutamat muut valikoimamme tuotteet. T\u00e4t\u00e4 sarjaa on maailmanlaajuisesti vain 40 pulloa! Saadakseen &#8221;Oro&#8221;-merkin (kultainen) balsamico on saanut v\u00e4hint\u00e4\u00e4n 300 pistett\u00e4 400 pisteest\u00e4 valvojien arvioinnissa. Lis\u00e4ys &#8221;extravecchio&#8221; tarkoittaa, ett\u00e4 t\u00e4t\u00e4 Balsamicoa on kypsytetty v\u00e4hint\u00e4\u00e4n 25 vuotta perinteisiss\u00e4 puutynnyreiss\u00e4. Maatalous-, elintarvike- ja mets\u00e4talousministeri\u00f6 valvoo ja sertifioi jokaisen pullotuksen laatua. Kuluttajana voit tunnistaa alkuper\u00e4isen vahasinetist\u00e4, johon on merkitty kirjaimet: &#8221;DOP ABTRE&#8221;. Tulppaaninmuotoinen pullon muoto on my\u00f6s m\u00e4\u00e4r\u00e4tty t\u00e4lle balsamiviinietikalle. Pullossa on punakeltainen D.O.P.-sinetti. Merkinn\u00e4ss\u00e4 on maininta &#8221;Certificato da organismo di controllo autorizzato dal Mipaaf&#8221; ja se vahvistaa ministeri\u00f6n suorittaman hyv\u00e4ksymistestin. Ainesosat: 100 % keitetty ryp\u00e4leen puristemehu Huomautus: ei sis\u00e4ll\u00e4 sulfiitteja Tuottaja: Cavalli cav. Ferdinando srl Via del Cristo 6\/ab 42019 Scandiano Reggio Emilia Reggio Emilia Italia","og_url":"https:\/\/balsamico.shop\/fi\/tuote\/cavalli-abte-25-oro-kulta\/","og_site_name":"Aceto Balsamico Shop - Suomi","article_modified_time":"2026-03-11T10:24:37+00:00","og_image":[{"width":1600,"height":1872,"url":"https:\/\/balsamico.shop\/fi\/wp-content\/uploads\/2016\/09\/aceto-balsamico-tradizionale-gold-reggioemilia-cavalli.jpg","type":"image\/jpeg"}],"twitter_card":"summary_large_image","twitter_misc":{"Arvioitu lukuaika":"2 minuuttia"},"schema":{"@context":"https:\/\/schema.org","@graph":[{"@type":"WebPage","@id":"https:\/\/balsamico.shop\/fi\/tuote\/cavalli-abte-25-oro-kulta\/","url":"https:\/\/balsamico.shop\/fi\/tuote\/cavalli-abte-25-oro-kulta\/","name":"Balsamico Tradizionale - Cavalli - 25 vuotta - Kulta - extravecchio","isPartOf":{"@id":"https:\/\/balsamico.shop\/fi\/#website"},"primaryImageOfPage":{"@id":"https:\/\/balsamico.shop\/fi\/tuote\/cavalli-abte-25-oro-kulta\/#primaryimage"},"image":{"@id":"https:\/\/balsamico.shop\/fi\/tuote\/cavalli-abte-25-oro-kulta\/#primaryimage"},"thumbnailUrl":"https:\/\/balsamico.shop\/fi\/wp-content\/uploads\/2016\/09\/aceto-balsamico-tradizionale-gold-reggioemilia-cavalli.jpg","datePublished":"2016-09-23T06:31:29+00:00","dateModified":"2026-03-11T10:24:37+00:00","breadcrumb":{"@id":"https:\/\/balsamico.shop\/fi\/tuote\/cavalli-abte-25-oro-kulta\/#breadcrumb"},"inLanguage":"fi","potentialAction":[{"@type":"ReadAction","target":["https:\/\/balsamico.shop\/fi\/tuote\/cavalli-abte-25-oro-kulta\/"]}]},{"@type":"ImageObject","inLanguage":"fi","@id":"https:\/\/balsamico.shop\/fi\/tuote\/cavalli-abte-25-oro-kulta\/#primaryimage","url":"https:\/\/balsamico.shop\/fi\/wp-content\/uploads\/2016\/09\/aceto-balsamico-tradizionale-gold-reggioemilia-cavalli.jpg","contentUrl":"https:\/\/balsamico.shop\/fi\/wp-content\/uploads\/2016\/09\/aceto-balsamico-tradizionale-gold-reggioemilia-cavalli.jpg","width":1600,"height":1872},{"@type":"BreadcrumbList","@id":"https:\/\/balsamico.shop\/fi\/tuote\/cavalli-abte-25-oro-kulta\/#breadcrumb","itemListElement":[{"@type":"ListItem","position":1,"name":"Home","item":"https:\/\/balsamico.shop\/fi\/"},{"@type":"ListItem","position":2,"name":"Balsamico Shop","item":"https:\/\/balsamico.shop\/fi\/shop\/"},{"@type":"ListItem","position":3,"name":"Balsamico Tradizionale &#8211; Cavalli &#8211; 25 vuotta &#8211; Kulta &#8211; extravecchio"}]},{"@type":"WebSite","@id":"https:\/\/balsamico.shop\/fi\/#website","url":"https:\/\/balsamico.shop\/fi\/","name":"Aceto Balsamico Shop - Suomi","description":"Hienoin balsamietikka Italiasta","potentialAction":[{"@type":"SearchAction","target":{"@type":"EntryPoint","urlTemplate":"https:\/\/balsamico.shop\/fi\/?s={search_term_string}"},"query-input":{"@type":"PropertyValueSpecification","valueRequired":true,"valueName":"search_term_string"}}],"inLanguage":"fi"}]}},"_links":{"self":[{"href":"https:\/\/balsamico.shop\/fi\/wp-json\/wp\/v2\/product\/1899","targetHints":{"allow":["GET"]}}],"collection":[{"href":"https:\/\/balsamico.shop\/fi\/wp-json\/wp\/v2\/product"}],"about":[{"href":"https:\/\/balsamico.shop\/fi\/wp-json\/wp\/v2\/types\/product"}],"wp:featuredmedia":[{"embeddable":true,"href":"https:\/\/balsamico.shop\/fi\/wp-json\/wp\/v2\/media\/1988"}],"wp:attachment":[{"href":"https:\/\/balsamico.shop\/fi\/wp-json\/wp\/v2\/media?parent=1899"}],"wp:term":[{"taxonomy":"product_brand","embeddable":true,"href":"https:\/\/balsamico.shop\/fi\/wp-json\/wp\/v2\/product_brand?post=1899"},{"taxonomy":"product_cat","embeddable":true,"href":"https:\/\/balsamico.shop\/fi\/wp-json\/wp\/v2\/product_cat?post=1899"},{"taxonomy":"product_tag","embeddable":true,"href":"https:\/\/balsamico.shop\/fi\/wp-json\/wp\/v2\/product_tag?post=1899"}],"curies":[{"name":"wp","href":"https:\/\/api.w.org\/{rel}","templated":true}]}}