{"id":1892,"date":"2016-05-03T22:45:03","date_gmt":"2016-05-03T20:45:03","guid":{"rendered":"https:\/\/balsamico.shop\/fi\/?post_type=product&#038;p=1892"},"modified":"2026-02-24T22:35:11","modified_gmt":"2026-02-24T21:35:11","slug":"aceto-balsamico-tradizionale-di-reggio-emilia-d-o-p-argento-picci-18-vuotta","status":"publish","type":"product","link":"https:\/\/balsamico.shop\/fi\/tuote\/aceto-balsamico-tradizionale-di-reggio-emilia-d-o-p-argento-picci-18-vuotta\/","title":{"rendered":"Aceto Balsamico Tradizionale di Reggio Emilia D.O.P &#8211; Argento &#8211; Picci &#8211; 18 vuotta"},"content":{"rendered":"<p>Hopeinen (italialaisittain &#8221;<strong>Argento<\/strong>&#8221;) kypsyi v\u00e4hint\u00e4\u00e4n 18 vuotta <strong>Acetaia Piccin<\/strong> tynnyreiss\u00e4, ja sit\u00e4 kasvatettiin vuosien varrella suurella rakkaudella. T\u00e4m\u00e4 Aceto Balsamico kypsyy 6-7 vuotta pidemp\u00e4\u00e4n kuin pikkuveljens\u00e4 &#8221;Aragosta&#8221;. Pidemm\u00e4n kypsytysajan ja siit\u00e4 johtuvan voimakkaan haihtumisen ansiosta v\u00e4kevyys on viskoosisempi ja maku intensiivisempi ja tasapainoisempi. Happamuus on enemm\u00e4n taustalla, joten t\u00e4m\u00e4 Aceto sopii ruokalistasi ensimm\u00e4iseksi tai toiseksi ruokalajiksi.<\/p>\n<p>Henkil\u00f6kohtainen maistiaisemme osoitti, ett\u00e4 tuoksu on uskomattoman pitk\u00e4kestoinen. Viel\u00e4 minuutteja my\u00f6hemmin nen\u00e4ss\u00e4si oli hienojen viiniryp\u00e4leiden ja makean puun maku, ja voit nauttia siit\u00e4 erityisen pitk\u00e4\u00e4n. My\u00f6s makeuden ja happamuuden v\u00e4linen tasapaino ylitti odotuksemme.<\/p>\n<p>Yhdess\u00e4 parmesaanipalan kanssa balsamico p\u00e4\u00e4see avaamaan t\u00e4yden voimansa ilman, ett\u00e4 se on liian voimakas. <strong>T\u00e4ll\u00e4 hetkell\u00e4 henkil\u00f6kohtainen suosikkimme.<\/strong><\/p>\n<p><strong>Ainesosat<\/strong>: 100 % keitetty ryp\u00e4leen puristemehu<\/p>\n<p>Huomautus: sis\u00e4lt\u00e4\u00e4 luonnollisia sulfiitteja.<\/p>\n<p>Tuottaja:<br \/>\nACETAIA PICCI snc<br \/>\nVia Roncaglio 29<br \/>\n42025 Cavriago Reggio Emilia<br \/>\nItalia<\/p>\n","protected":false},"excerpt":{"rendered":"<p>Hopeinen (italialaisittain &#8221;Argento&#8221;) kypsyi v\u00e4hint\u00e4\u00e4n 18 vuotta Acetaia Piccin tynnyreiss\u00e4, ja sit\u00e4 kasvatettiin vuosien varrella suurella rakkaudella. T\u00e4m\u00e4 Aceto Balsamico kypsyy 6-7 vuotta pidemp\u00e4\u00e4n kuin pikkuveljens\u00e4 &#8221;Aragosta&#8221;. Pidemm\u00e4n kypsytysajan ja siit\u00e4 johtuvan voimakkaan haihtumisen ansiosta v\u00e4kevyys on viskoosisempi ja maku intensiivisempi ja tasapainoisempi. Happamuus on enemm\u00e4n taustalla, joten t\u00e4m\u00e4 Aceto sopii ruokalistasi ensimm\u00e4iseksi tai toiseksi ruokalajiksi. Henkil\u00f6kohtainen maistiaisemme osoitti, ett\u00e4 tuoksu on uskomattoman pitk\u00e4kestoinen. Viel\u00e4 minuutteja my\u00f6hemmin nen\u00e4ss\u00e4si oli hienojen viiniryp\u00e4leiden ja makean puun maku, ja voit nauttia siit\u00e4 erityisen pitk\u00e4\u00e4n. My\u00f6s makeuden ja happamuuden v\u00e4linen tasapaino ylitti odotuksemme. Yhdess\u00e4 parmesaanipalan kanssa balsamico p\u00e4\u00e4see avaamaan t\u00e4yden voimansa ilman, ett\u00e4 se on liian voimakas. T\u00e4ll\u00e4 hetkell\u00e4 henkil\u00f6kohtainen suosikkimme. Ainesosat: 100 % keitetty ryp\u00e4leen puristemehu Huomautus: sis\u00e4lt\u00e4\u00e4 luonnollisia sulfiitteja. Tuottaja: ACETAIA PICCI snc Via Roncaglio 29 42025 Cavriago Reggio Emilia Italia<\/p>\n","protected":false},"featured_media":1975,"template":"","meta":[],"product_brand":[],"product_cat":[26],"product_tag":[],"class_list":{"0":"post-1892","1":"product","2":"type-product","3":"status-publish","4":"has-post-thumbnail","6":"product_cat-picci","7":"product_shipping_class-ueber-100","9":"first","10":"instock","11":"taxable","12":"shipping-taxable","13":"purchasable","14":"product-type-simple"},"bundle_layout":"","bundled_by":[],"bundled_items":[],"yoast_head":"<!-- This site is optimized with the Yoast SEO plugin v27.5 - https:\/\/yoast.com\/product\/yoast-seo-wordpress\/ -->\n<title>Aceto Balsamico Tradizionale di Reggio Emilia D.O.P - Argento - Picci - 18 vuotta<\/title>\n<meta name=\"robots\" content=\"index, follow, max-snippet:-1, max-image-preview:large, max-video-preview:-1\" \/>\n<link rel=\"canonical\" href=\"https:\/\/balsamico.shop\/fi\/tuote\/aceto-balsamico-tradizionale-di-reggio-emilia-d-o-p-argento-picci-18-vuotta\/\" \/>\n<meta property=\"og:locale\" content=\"fi_FI\" \/>\n<meta property=\"og:type\" content=\"article\" \/>\n<meta property=\"og:title\" content=\"Aceto Balsamico Tradizionale di Reggio Emilia D.O.P - Argento - Picci - 18 vuotta\" \/>\n<meta property=\"og:description\" content=\"Hopeinen (italialaisittain &#8221;Argento&#8221;) kypsyi v\u00e4hint\u00e4\u00e4n 18 vuotta Acetaia Piccin tynnyreiss\u00e4, ja sit\u00e4 kasvatettiin vuosien varrella suurella rakkaudella. T\u00e4m\u00e4 Aceto Balsamico kypsyy 6-7 vuotta pidemp\u00e4\u00e4n kuin pikkuveljens\u00e4 &#8221;Aragosta&#8221;. Pidemm\u00e4n kypsytysajan ja siit\u00e4 johtuvan voimakkaan haihtumisen ansiosta v\u00e4kevyys on viskoosisempi ja maku intensiivisempi ja tasapainoisempi. Happamuus on enemm\u00e4n taustalla, joten t\u00e4m\u00e4 Aceto sopii ruokalistasi ensimm\u00e4iseksi tai toiseksi ruokalajiksi. Henkil\u00f6kohtainen maistiaisemme osoitti, ett\u00e4 tuoksu on uskomattoman pitk\u00e4kestoinen. Viel\u00e4 minuutteja my\u00f6hemmin nen\u00e4ss\u00e4si oli hienojen viiniryp\u00e4leiden ja makean puun maku, ja voit nauttia siit\u00e4 erityisen pitk\u00e4\u00e4n. My\u00f6s makeuden ja happamuuden v\u00e4linen tasapaino ylitti odotuksemme. Yhdess\u00e4 parmesaanipalan kanssa balsamico p\u00e4\u00e4see avaamaan t\u00e4yden voimansa ilman, ett\u00e4 se on liian voimakas. T\u00e4ll\u00e4 hetkell\u00e4 henkil\u00f6kohtainen suosikkimme. Ainesosat: 100 % keitetty ryp\u00e4leen puristemehu Huomautus: sis\u00e4lt\u00e4\u00e4 luonnollisia sulfiitteja. Tuottaja: ACETAIA PICCI snc Via Roncaglio 29 42025 Cavriago Reggio Emilia Italia\" \/>\n<meta property=\"og:url\" content=\"https:\/\/balsamico.shop\/fi\/tuote\/aceto-balsamico-tradizionale-di-reggio-emilia-d-o-p-argento-picci-18-vuotta\/\" \/>\n<meta property=\"og:site_name\" content=\"Aceto Balsamico Shop - Suomi\" \/>\n<meta property=\"article:modified_time\" content=\"2026-02-24T21:35:11+00:00\" \/>\n<meta property=\"og:image\" content=\"https:\/\/balsamico.shop\/fi\/wp-content\/uploads\/2016\/05\/acetaia-picci-aceto-balsamico-tradizionale-argento-reggioemilia-1.jpg\" \/>\n\t<meta property=\"og:image:width\" content=\"1600\" \/>\n\t<meta property=\"og:image:height\" content=\"1872\" \/>\n\t<meta property=\"og:image:type\" content=\"image\/jpeg\" \/>\n<meta name=\"twitter:card\" content=\"summary_large_image\" \/>\n<meta name=\"twitter:label1\" content=\"Arvioitu lukuaika\" \/>\n\t<meta name=\"twitter:data1\" content=\"1 minuutti\" \/>\n<script type=\"application\/ld+json\" class=\"yoast-schema-graph\">{\"@context\":\"https:\\\/\\\/schema.org\",\"@graph\":[{\"@type\":\"WebPage\",\"@id\":\"https:\\\/\\\/balsamico.shop\\\/fi\\\/tuote\\\/aceto-balsamico-tradizionale-di-reggio-emilia-d-o-p-argento-picci-18-vuotta\\\/\",\"url\":\"https:\\\/\\\/balsamico.shop\\\/fi\\\/tuote\\\/aceto-balsamico-tradizionale-di-reggio-emilia-d-o-p-argento-picci-18-vuotta\\\/\",\"name\":\"Aceto Balsamico Tradizionale di Reggio Emilia D.O.P - Argento - Picci - 18 vuotta\",\"isPartOf\":{\"@id\":\"https:\\\/\\\/balsamico.shop\\\/fi\\\/#website\"},\"primaryImageOfPage\":{\"@id\":\"https:\\\/\\\/balsamico.shop\\\/fi\\\/tuote\\\/aceto-balsamico-tradizionale-di-reggio-emilia-d-o-p-argento-picci-18-vuotta\\\/#primaryimage\"},\"image\":{\"@id\":\"https:\\\/\\\/balsamico.shop\\\/fi\\\/tuote\\\/aceto-balsamico-tradizionale-di-reggio-emilia-d-o-p-argento-picci-18-vuotta\\\/#primaryimage\"},\"thumbnailUrl\":\"https:\\\/\\\/balsamico.shop\\\/fi\\\/wp-content\\\/uploads\\\/2016\\\/05\\\/acetaia-picci-aceto-balsamico-tradizionale-argento-reggioemilia-1.jpg\",\"datePublished\":\"2016-05-03T20:45:03+00:00\",\"dateModified\":\"2026-02-24T21:35:11+00:00\",\"breadcrumb\":{\"@id\":\"https:\\\/\\\/balsamico.shop\\\/fi\\\/tuote\\\/aceto-balsamico-tradizionale-di-reggio-emilia-d-o-p-argento-picci-18-vuotta\\\/#breadcrumb\"},\"inLanguage\":\"fi\",\"potentialAction\":[{\"@type\":\"ReadAction\",\"target\":[\"https:\\\/\\\/balsamico.shop\\\/fi\\\/tuote\\\/aceto-balsamico-tradizionale-di-reggio-emilia-d-o-p-argento-picci-18-vuotta\\\/\"]}]},{\"@type\":\"ImageObject\",\"inLanguage\":\"fi\",\"@id\":\"https:\\\/\\\/balsamico.shop\\\/fi\\\/tuote\\\/aceto-balsamico-tradizionale-di-reggio-emilia-d-o-p-argento-picci-18-vuotta\\\/#primaryimage\",\"url\":\"https:\\\/\\\/balsamico.shop\\\/fi\\\/wp-content\\\/uploads\\\/2016\\\/05\\\/acetaia-picci-aceto-balsamico-tradizionale-argento-reggioemilia-1.jpg\",\"contentUrl\":\"https:\\\/\\\/balsamico.shop\\\/fi\\\/wp-content\\\/uploads\\\/2016\\\/05\\\/acetaia-picci-aceto-balsamico-tradizionale-argento-reggioemilia-1.jpg\",\"width\":1600,\"height\":1872},{\"@type\":\"BreadcrumbList\",\"@id\":\"https:\\\/\\\/balsamico.shop\\\/fi\\\/tuote\\\/aceto-balsamico-tradizionale-di-reggio-emilia-d-o-p-argento-picci-18-vuotta\\\/#breadcrumb\",\"itemListElement\":[{\"@type\":\"ListItem\",\"position\":1,\"name\":\"Home\",\"item\":\"https:\\\/\\\/balsamico.shop\\\/fi\\\/\"},{\"@type\":\"ListItem\",\"position\":2,\"name\":\"Balsamico Shop\",\"item\":\"https:\\\/\\\/balsamico.shop\\\/fi\\\/shop\\\/\"},{\"@type\":\"ListItem\",\"position\":3,\"name\":\"Aceto Balsamico Tradizionale di Reggio Emilia D.O.P &#8211; Argento &#8211; Picci &#8211; 18 vuotta\"}]},{\"@type\":\"WebSite\",\"@id\":\"https:\\\/\\\/balsamico.shop\\\/fi\\\/#website\",\"url\":\"https:\\\/\\\/balsamico.shop\\\/fi\\\/\",\"name\":\"Aceto Balsamico Shop - Suomi\",\"description\":\"Hienoin balsamietikka Italiasta\",\"potentialAction\":[{\"@type\":\"SearchAction\",\"target\":{\"@type\":\"EntryPoint\",\"urlTemplate\":\"https:\\\/\\\/balsamico.shop\\\/fi\\\/?s={search_term_string}\"},\"query-input\":{\"@type\":\"PropertyValueSpecification\",\"valueRequired\":true,\"valueName\":\"search_term_string\"}}],\"inLanguage\":\"fi\"}]}<\/script>\n<!-- \/ Yoast SEO plugin. -->","yoast_head_json":{"title":"Aceto Balsamico Tradizionale di Reggio Emilia D.O.P - Argento - Picci - 18 vuotta","robots":{"index":"index","follow":"follow","max-snippet":"max-snippet:-1","max-image-preview":"max-image-preview:large","max-video-preview":"max-video-preview:-1"},"canonical":"https:\/\/balsamico.shop\/fi\/tuote\/aceto-balsamico-tradizionale-di-reggio-emilia-d-o-p-argento-picci-18-vuotta\/","og_locale":"fi_FI","og_type":"article","og_title":"Aceto Balsamico Tradizionale di Reggio Emilia D.O.P - Argento - Picci - 18 vuotta","og_description":"Hopeinen (italialaisittain &#8221;Argento&#8221;) kypsyi v\u00e4hint\u00e4\u00e4n 18 vuotta Acetaia Piccin tynnyreiss\u00e4, ja sit\u00e4 kasvatettiin vuosien varrella suurella rakkaudella. T\u00e4m\u00e4 Aceto Balsamico kypsyy 6-7 vuotta pidemp\u00e4\u00e4n kuin pikkuveljens\u00e4 &#8221;Aragosta&#8221;. Pidemm\u00e4n kypsytysajan ja siit\u00e4 johtuvan voimakkaan haihtumisen ansiosta v\u00e4kevyys on viskoosisempi ja maku intensiivisempi ja tasapainoisempi. Happamuus on enemm\u00e4n taustalla, joten t\u00e4m\u00e4 Aceto sopii ruokalistasi ensimm\u00e4iseksi tai toiseksi ruokalajiksi. Henkil\u00f6kohtainen maistiaisemme osoitti, ett\u00e4 tuoksu on uskomattoman pitk\u00e4kestoinen. Viel\u00e4 minuutteja my\u00f6hemmin nen\u00e4ss\u00e4si oli hienojen viiniryp\u00e4leiden ja makean puun maku, ja voit nauttia siit\u00e4 erityisen pitk\u00e4\u00e4n. My\u00f6s makeuden ja happamuuden v\u00e4linen tasapaino ylitti odotuksemme. Yhdess\u00e4 parmesaanipalan kanssa balsamico p\u00e4\u00e4see avaamaan t\u00e4yden voimansa ilman, ett\u00e4 se on liian voimakas. T\u00e4ll\u00e4 hetkell\u00e4 henkil\u00f6kohtainen suosikkimme. Ainesosat: 100 % keitetty ryp\u00e4leen puristemehu Huomautus: sis\u00e4lt\u00e4\u00e4 luonnollisia sulfiitteja. Tuottaja: ACETAIA PICCI snc Via Roncaglio 29 42025 Cavriago Reggio Emilia Italia","og_url":"https:\/\/balsamico.shop\/fi\/tuote\/aceto-balsamico-tradizionale-di-reggio-emilia-d-o-p-argento-picci-18-vuotta\/","og_site_name":"Aceto Balsamico Shop - Suomi","article_modified_time":"2026-02-24T21:35:11+00:00","og_image":[{"width":1600,"height":1872,"url":"https:\/\/balsamico.shop\/fi\/wp-content\/uploads\/2016\/05\/acetaia-picci-aceto-balsamico-tradizionale-argento-reggioemilia-1.jpg","type":"image\/jpeg"}],"twitter_card":"summary_large_image","twitter_misc":{"Arvioitu lukuaika":"1 minuutti"},"schema":{"@context":"https:\/\/schema.org","@graph":[{"@type":"WebPage","@id":"https:\/\/balsamico.shop\/fi\/tuote\/aceto-balsamico-tradizionale-di-reggio-emilia-d-o-p-argento-picci-18-vuotta\/","url":"https:\/\/balsamico.shop\/fi\/tuote\/aceto-balsamico-tradizionale-di-reggio-emilia-d-o-p-argento-picci-18-vuotta\/","name":"Aceto Balsamico Tradizionale di Reggio Emilia D.O.P - Argento - Picci - 18 vuotta","isPartOf":{"@id":"https:\/\/balsamico.shop\/fi\/#website"},"primaryImageOfPage":{"@id":"https:\/\/balsamico.shop\/fi\/tuote\/aceto-balsamico-tradizionale-di-reggio-emilia-d-o-p-argento-picci-18-vuotta\/#primaryimage"},"image":{"@id":"https:\/\/balsamico.shop\/fi\/tuote\/aceto-balsamico-tradizionale-di-reggio-emilia-d-o-p-argento-picci-18-vuotta\/#primaryimage"},"thumbnailUrl":"https:\/\/balsamico.shop\/fi\/wp-content\/uploads\/2016\/05\/acetaia-picci-aceto-balsamico-tradizionale-argento-reggioemilia-1.jpg","datePublished":"2016-05-03T20:45:03+00:00","dateModified":"2026-02-24T21:35:11+00:00","breadcrumb":{"@id":"https:\/\/balsamico.shop\/fi\/tuote\/aceto-balsamico-tradizionale-di-reggio-emilia-d-o-p-argento-picci-18-vuotta\/#breadcrumb"},"inLanguage":"fi","potentialAction":[{"@type":"ReadAction","target":["https:\/\/balsamico.shop\/fi\/tuote\/aceto-balsamico-tradizionale-di-reggio-emilia-d-o-p-argento-picci-18-vuotta\/"]}]},{"@type":"ImageObject","inLanguage":"fi","@id":"https:\/\/balsamico.shop\/fi\/tuote\/aceto-balsamico-tradizionale-di-reggio-emilia-d-o-p-argento-picci-18-vuotta\/#primaryimage","url":"https:\/\/balsamico.shop\/fi\/wp-content\/uploads\/2016\/05\/acetaia-picci-aceto-balsamico-tradizionale-argento-reggioemilia-1.jpg","contentUrl":"https:\/\/balsamico.shop\/fi\/wp-content\/uploads\/2016\/05\/acetaia-picci-aceto-balsamico-tradizionale-argento-reggioemilia-1.jpg","width":1600,"height":1872},{"@type":"BreadcrumbList","@id":"https:\/\/balsamico.shop\/fi\/tuote\/aceto-balsamico-tradizionale-di-reggio-emilia-d-o-p-argento-picci-18-vuotta\/#breadcrumb","itemListElement":[{"@type":"ListItem","position":1,"name":"Home","item":"https:\/\/balsamico.shop\/fi\/"},{"@type":"ListItem","position":2,"name":"Balsamico Shop","item":"https:\/\/balsamico.shop\/fi\/shop\/"},{"@type":"ListItem","position":3,"name":"Aceto Balsamico Tradizionale di Reggio Emilia D.O.P &#8211; Argento &#8211; Picci &#8211; 18 vuotta"}]},{"@type":"WebSite","@id":"https:\/\/balsamico.shop\/fi\/#website","url":"https:\/\/balsamico.shop\/fi\/","name":"Aceto Balsamico Shop - Suomi","description":"Hienoin balsamietikka Italiasta","potentialAction":[{"@type":"SearchAction","target":{"@type":"EntryPoint","urlTemplate":"https:\/\/balsamico.shop\/fi\/?s={search_term_string}"},"query-input":{"@type":"PropertyValueSpecification","valueRequired":true,"valueName":"search_term_string"}}],"inLanguage":"fi"}]}},"_links":{"self":[{"href":"https:\/\/balsamico.shop\/fi\/wp-json\/wp\/v2\/product\/1892","targetHints":{"allow":["GET"]}}],"collection":[{"href":"https:\/\/balsamico.shop\/fi\/wp-json\/wp\/v2\/product"}],"about":[{"href":"https:\/\/balsamico.shop\/fi\/wp-json\/wp\/v2\/types\/product"}],"wp:featuredmedia":[{"embeddable":true,"href":"https:\/\/balsamico.shop\/fi\/wp-json\/wp\/v2\/media\/1975"}],"wp:attachment":[{"href":"https:\/\/balsamico.shop\/fi\/wp-json\/wp\/v2\/media?parent=1892"}],"wp:term":[{"taxonomy":"product_brand","embeddable":true,"href":"https:\/\/balsamico.shop\/fi\/wp-json\/wp\/v2\/product_brand?post=1892"},{"taxonomy":"product_cat","embeddable":true,"href":"https:\/\/balsamico.shop\/fi\/wp-json\/wp\/v2\/product_cat?post=1892"},{"taxonomy":"product_tag","embeddable":true,"href":"https:\/\/balsamico.shop\/fi\/wp-json\/wp\/v2\/product_tag?post=1892"}],"curies":[{"name":"wp","href":"https:\/\/api.w.org\/{rel}","templated":true}]}}