{"id":1884,"date":"2020-06-04T08:22:22","date_gmt":"2020-06-04T06:22:22","guid":{"rendered":"https:\/\/balsamico.shop\/fi\/?post_type=product&#038;p=1884"},"modified":"2026-02-01T15:40:41","modified_gmt":"2026-02-01T14:40:41","slug":"aceto-balsamico-tradizionale-di-modena-extravecchio-malagoli","status":"publish","type":"product","link":"https:\/\/balsamico.shop\/fi\/tuote\/aceto-balsamico-tradizionale-di-modena-extravecchio-malagoli\/","title":{"rendered":"Aceto Balsamico Tradizionale di Modena &#8211; extravecchio &#8211; Malagoli"},"content":{"rendered":"<p>T\u00e4m\u00e4 <strong>Aceto Balsamico Tradizionale di Modena D.O.P. extravecchio<\/strong> on Acetaia Malagolin suurin aarre. Malagolin perhe valmistaa Aceto Balsamico -viini\u00e4 suurella intohimolla. L\u00e4hes 30 vuotta sitten he alkoivat valmistaa perinteist\u00e4 balsamicoa alueelle tyypillisell\u00e4 tilalla Modenan kaakkoispuolella, viinik\u00f6ynn\u00f6sten, hedelm\u00e4puiden ja peltojen ymp\u00e4r\u00f6im\u00e4n\u00e4. Tynnyrien m\u00e4\u00e4r\u00e4 kasvoi vuosien mittaan ja sen my\u00f6t\u00e4 my\u00f6s siell\u00e4 tuotetun Aceto Balsamicon erinomainen laatu. Nyky\u00e4\u00e4n Acetaiaa edustaa Sofia Malagoli, Malagolien vanhin tyt\u00e4r. Is\u00e4ns\u00e4 tavoin my\u00f6s Sofia on intohimoinen balsamicoasiantuntija, ja h\u00e4n on mukana Consorzio Tutela Aceto Balsamico Tradizionale di Modena -j\u00e4rjest\u00f6n edustajana antamassa balsamicokursseja ja ammattimaisia opastettuja kierroksia aiheesta.<\/p>\n<p>T\u00e4m\u00e4 Aceto Balsamico Tradizionale di Modena D.O.P. extravecchio kypsyi yli 25 vuotta Acetaia Malagolin puutynnyreiss\u00e4. Olemme t\u00e4ll\u00e4 hetkell\u00e4 yksi harvoista verkkokaupoista, joista voit ostaa t\u00e4t\u00e4 poikkeuksellisen hyv\u00e4\u00e4 perinteist\u00e4 balsamicoa verkossa.<\/p>\n<p><img loading=\"lazy\" decoding=\"async\" class=\"alignnone\" src=\"https:\/\/balsamico.shop\/de\/wp-content\/uploads\/2020\/06\/sofia-malagoli-extravecchio.jpg\" alt=\"Sofia Malagoli - Acetaia Malagoli\" width=\"561\" height=\"374\" \/><br \/>\nKuva &#8211; Sofia Malagoli &#8211; Acetaia Malagoli<\/p>\n<p>T\u00e4m\u00e4 er\u00e4, jota on hyvin rajoitetusti saatavilla, pullotettiin vuonna 2020, ja se toimitetaan aidosta italialaisesta kuusipuusta valmistetussa koristeellisessa puulaatikossa, jossa on tyypillinen nokka. Pullo on lis\u00e4ksi pakattu laatikkoon kuljetussyist\u00e4.<\/p>\n<p>Ainesosat: 100 % keitetty ryp\u00e4leen puristemehu.<\/p>\n<p>Huomautus: Saattaa sis\u00e4lt\u00e4\u00e4 sulfiitteja.<\/p>\n<p>Tuottaja:<br \/>\nAcetaia Malagoli Daniele<br \/>\nVia Celeste 9<br \/>\n41013 Castelfranco Emilia (MO), Italia<\/p>\n","protected":false},"excerpt":{"rendered":"<p>T\u00e4m\u00e4 Aceto Balsamico Tradizionale di Modena D.O.P. extravecchio on Acetaia Malagolin suurin aarre. Malagolin perhe valmistaa Aceto Balsamico -viini\u00e4 suurella intohimolla. L\u00e4hes 30 vuotta sitten he alkoivat valmistaa perinteist\u00e4 balsamicoa alueelle tyypillisell\u00e4 tilalla Modenan kaakkoispuolella, viinik\u00f6ynn\u00f6sten, hedelm\u00e4puiden ja peltojen ymp\u00e4r\u00f6im\u00e4n\u00e4. Tynnyrien m\u00e4\u00e4r\u00e4 kasvoi vuosien mittaan ja sen my\u00f6t\u00e4 my\u00f6s siell\u00e4 tuotetun Aceto Balsamicon erinomainen laatu. Nyky\u00e4\u00e4n Acetaiaa edustaa Sofia Malagoli, Malagolien vanhin tyt\u00e4r. Is\u00e4ns\u00e4 tavoin my\u00f6s Sofia on intohimoinen balsamicoasiantuntija, ja h\u00e4n on mukana Consorzio Tutela Aceto Balsamico Tradizionale di Modena -j\u00e4rjest\u00f6n edustajana antamassa balsamicokursseja ja ammattimaisia opastettuja kierroksia aiheesta. T\u00e4m\u00e4 Aceto Balsamico Tradizionale di Modena D.O.P. extravecchio kypsyi yli 25 vuotta Acetaia Malagolin puutynnyreiss\u00e4. Olemme t\u00e4ll\u00e4 hetkell\u00e4 yksi harvoista verkkokaupoista, joista voit ostaa t\u00e4t\u00e4 poikkeuksellisen hyv\u00e4\u00e4 perinteist\u00e4 balsamicoa verkossa. Kuva &#8211; Sofia Malagoli &#8211; Acetaia Malagoli T\u00e4m\u00e4 er\u00e4, jota on hyvin rajoitetusti saatavilla, pullotettiin vuonna 2020, ja se toimitetaan aidosta italialaisesta kuusipuusta valmistetussa koristeellisessa puulaatikossa, jossa on tyypillinen nokka. Pullo on lis\u00e4ksi pakattu laatikkoon kuljetussyist\u00e4. Ainesosat: 100 % keitetty ryp\u00e4leen puristemehu. Huomautus: Saattaa sis\u00e4lt\u00e4\u00e4 sulfiitteja. Tuottaja: Acetaia Malagoli Daniele Via Celeste 9 41013 Castelfranco Emilia (MO), Italia<\/p>\n","protected":false},"featured_media":1887,"template":"","meta":[],"product_brand":[],"product_cat":[79],"product_tag":[],"class_list":{"0":"post-1884","1":"product","2":"type-product","3":"status-publish","4":"has-post-thumbnail","6":"product_cat-malagoli","7":"product_shipping_class-ueber-100","9":"first","10":"instock","11":"featured","12":"taxable","13":"shipping-taxable","14":"purchasable","15":"product-type-simple"},"bundle_layout":"","bundled_by":[],"bundled_items":[],"yoast_head":"<!-- This site is optimized with the Yoast SEO plugin v27.4 - https:\/\/yoast.com\/product\/yoast-seo-wordpress\/ -->\n<title>Aceto Balsamico Tradizionale di Modena - extravecchio - Malagoli<\/title>\n<meta name=\"robots\" content=\"index, follow, max-snippet:-1, max-image-preview:large, max-video-preview:-1\" \/>\n<link rel=\"canonical\" href=\"https:\/\/balsamico.shop\/fi\/tuote\/aceto-balsamico-tradizionale-di-modena-extravecchio-malagoli\/\" \/>\n<meta property=\"og:locale\" content=\"fi_FI\" \/>\n<meta property=\"og:type\" content=\"article\" \/>\n<meta property=\"og:title\" content=\"Aceto Balsamico Tradizionale di Modena - extravecchio - Malagoli\" \/>\n<meta property=\"og:description\" content=\"T\u00e4m\u00e4 Aceto Balsamico Tradizionale di Modena D.O.P. extravecchio on Acetaia Malagolin suurin aarre. Malagolin perhe valmistaa Aceto Balsamico -viini\u00e4 suurella intohimolla. L\u00e4hes 30 vuotta sitten he alkoivat valmistaa perinteist\u00e4 balsamicoa alueelle tyypillisell\u00e4 tilalla Modenan kaakkoispuolella, viinik\u00f6ynn\u00f6sten, hedelm\u00e4puiden ja peltojen ymp\u00e4r\u00f6im\u00e4n\u00e4. Tynnyrien m\u00e4\u00e4r\u00e4 kasvoi vuosien mittaan ja sen my\u00f6t\u00e4 my\u00f6s siell\u00e4 tuotetun Aceto Balsamicon erinomainen laatu. Nyky\u00e4\u00e4n Acetaiaa edustaa Sofia Malagoli, Malagolien vanhin tyt\u00e4r. Is\u00e4ns\u00e4 tavoin my\u00f6s Sofia on intohimoinen balsamicoasiantuntija, ja h\u00e4n on mukana Consorzio Tutela Aceto Balsamico Tradizionale di Modena -j\u00e4rjest\u00f6n edustajana antamassa balsamicokursseja ja ammattimaisia opastettuja kierroksia aiheesta. T\u00e4m\u00e4 Aceto Balsamico Tradizionale di Modena D.O.P. extravecchio kypsyi yli 25 vuotta Acetaia Malagolin puutynnyreiss\u00e4. Olemme t\u00e4ll\u00e4 hetkell\u00e4 yksi harvoista verkkokaupoista, joista voit ostaa t\u00e4t\u00e4 poikkeuksellisen hyv\u00e4\u00e4 perinteist\u00e4 balsamicoa verkossa. Kuva &#8211; Sofia Malagoli &#8211; Acetaia Malagoli T\u00e4m\u00e4 er\u00e4, jota on hyvin rajoitetusti saatavilla, pullotettiin vuonna 2020, ja se toimitetaan aidosta italialaisesta kuusipuusta valmistetussa koristeellisessa puulaatikossa, jossa on tyypillinen nokka. Pullo on lis\u00e4ksi pakattu laatikkoon kuljetussyist\u00e4. Ainesosat: 100 % keitetty ryp\u00e4leen puristemehu. Huomautus: Saattaa sis\u00e4lt\u00e4\u00e4 sulfiitteja. Tuottaja: Acetaia Malagoli Daniele Via Celeste 9 41013 Castelfranco Emilia (MO), Italia\" \/>\n<meta property=\"og:url\" content=\"https:\/\/balsamico.shop\/fi\/tuote\/aceto-balsamico-tradizionale-di-modena-extravecchio-malagoli\/\" \/>\n<meta property=\"og:site_name\" content=\"Aceto Balsamico Shop - Suomi\" \/>\n<meta property=\"article:modified_time\" content=\"2026-02-01T14:40:41+00:00\" \/>\n<meta property=\"og:image\" content=\"https:\/\/balsamico.shop\/fi\/wp-content\/uploads\/2020\/06\/aceto-balsamico-tradizionale-di-modena-dop-malagoli-extravecchio_lum.jpg\" \/>\n\t<meta property=\"og:image:width\" content=\"1600\" \/>\n\t<meta property=\"og:image:height\" content=\"1872\" \/>\n\t<meta property=\"og:image:type\" content=\"image\/jpeg\" \/>\n<meta name=\"twitter:card\" content=\"summary_large_image\" \/>\n<meta name=\"twitter:label1\" content=\"Arvioitu lukuaika\" \/>\n\t<meta name=\"twitter:data1\" content=\"2 minuuttia\" \/>\n<script type=\"application\/ld+json\" class=\"yoast-schema-graph\">{\"@context\":\"https:\\\/\\\/schema.org\",\"@graph\":[{\"@type\":\"WebPage\",\"@id\":\"https:\\\/\\\/balsamico.shop\\\/fi\\\/tuote\\\/aceto-balsamico-tradizionale-di-modena-extravecchio-malagoli\\\/\",\"url\":\"https:\\\/\\\/balsamico.shop\\\/fi\\\/tuote\\\/aceto-balsamico-tradizionale-di-modena-extravecchio-malagoli\\\/\",\"name\":\"Aceto Balsamico Tradizionale di Modena - extravecchio - Malagoli\",\"isPartOf\":{\"@id\":\"https:\\\/\\\/balsamico.shop\\\/fi\\\/#website\"},\"primaryImageOfPage\":{\"@id\":\"https:\\\/\\\/balsamico.shop\\\/fi\\\/tuote\\\/aceto-balsamico-tradizionale-di-modena-extravecchio-malagoli\\\/#primaryimage\"},\"image\":{\"@id\":\"https:\\\/\\\/balsamico.shop\\\/fi\\\/tuote\\\/aceto-balsamico-tradizionale-di-modena-extravecchio-malagoli\\\/#primaryimage\"},\"thumbnailUrl\":\"https:\\\/\\\/balsamico.shop\\\/fi\\\/wp-content\\\/uploads\\\/2020\\\/06\\\/aceto-balsamico-tradizionale-di-modena-dop-malagoli-extravecchio_lum.jpg\",\"datePublished\":\"2020-06-04T06:22:22+00:00\",\"dateModified\":\"2026-02-01T14:40:41+00:00\",\"breadcrumb\":{\"@id\":\"https:\\\/\\\/balsamico.shop\\\/fi\\\/tuote\\\/aceto-balsamico-tradizionale-di-modena-extravecchio-malagoli\\\/#breadcrumb\"},\"inLanguage\":\"fi\",\"potentialAction\":[{\"@type\":\"ReadAction\",\"target\":[\"https:\\\/\\\/balsamico.shop\\\/fi\\\/tuote\\\/aceto-balsamico-tradizionale-di-modena-extravecchio-malagoli\\\/\"]}]},{\"@type\":\"ImageObject\",\"inLanguage\":\"fi\",\"@id\":\"https:\\\/\\\/balsamico.shop\\\/fi\\\/tuote\\\/aceto-balsamico-tradizionale-di-modena-extravecchio-malagoli\\\/#primaryimage\",\"url\":\"https:\\\/\\\/balsamico.shop\\\/fi\\\/wp-content\\\/uploads\\\/2020\\\/06\\\/aceto-balsamico-tradizionale-di-modena-dop-malagoli-extravecchio_lum.jpg\",\"contentUrl\":\"https:\\\/\\\/balsamico.shop\\\/fi\\\/wp-content\\\/uploads\\\/2020\\\/06\\\/aceto-balsamico-tradizionale-di-modena-dop-malagoli-extravecchio_lum.jpg\",\"width\":1600,\"height\":1872,\"caption\":\"Aceto Balsamico Tradizionale di Modena DOP Malagoli Extravecchio\"},{\"@type\":\"BreadcrumbList\",\"@id\":\"https:\\\/\\\/balsamico.shop\\\/fi\\\/tuote\\\/aceto-balsamico-tradizionale-di-modena-extravecchio-malagoli\\\/#breadcrumb\",\"itemListElement\":[{\"@type\":\"ListItem\",\"position\":1,\"name\":\"Home\",\"item\":\"https:\\\/\\\/balsamico.shop\\\/fi\\\/\"},{\"@type\":\"ListItem\",\"position\":2,\"name\":\"Balsamico Shop\",\"item\":\"https:\\\/\\\/balsamico.shop\\\/fi\\\/shop\\\/\"},{\"@type\":\"ListItem\",\"position\":3,\"name\":\"Aceto Balsamico Tradizionale di Modena &#8211; extravecchio &#8211; Malagoli\"}]},{\"@type\":\"WebSite\",\"@id\":\"https:\\\/\\\/balsamico.shop\\\/fi\\\/#website\",\"url\":\"https:\\\/\\\/balsamico.shop\\\/fi\\\/\",\"name\":\"Aceto Balsamico Shop - Suomi\",\"description\":\"Hienoin balsamietikka Italiasta\",\"potentialAction\":[{\"@type\":\"SearchAction\",\"target\":{\"@type\":\"EntryPoint\",\"urlTemplate\":\"https:\\\/\\\/balsamico.shop\\\/fi\\\/?s={search_term_string}\"},\"query-input\":{\"@type\":\"PropertyValueSpecification\",\"valueRequired\":true,\"valueName\":\"search_term_string\"}}],\"inLanguage\":\"fi\"}]}<\/script>\n<!-- \/ Yoast SEO plugin. -->","yoast_head_json":{"title":"Aceto Balsamico Tradizionale di Modena - extravecchio - Malagoli","robots":{"index":"index","follow":"follow","max-snippet":"max-snippet:-1","max-image-preview":"max-image-preview:large","max-video-preview":"max-video-preview:-1"},"canonical":"https:\/\/balsamico.shop\/fi\/tuote\/aceto-balsamico-tradizionale-di-modena-extravecchio-malagoli\/","og_locale":"fi_FI","og_type":"article","og_title":"Aceto Balsamico Tradizionale di Modena - extravecchio - Malagoli","og_description":"T\u00e4m\u00e4 Aceto Balsamico Tradizionale di Modena D.O.P. extravecchio on Acetaia Malagolin suurin aarre. Malagolin perhe valmistaa Aceto Balsamico -viini\u00e4 suurella intohimolla. L\u00e4hes 30 vuotta sitten he alkoivat valmistaa perinteist\u00e4 balsamicoa alueelle tyypillisell\u00e4 tilalla Modenan kaakkoispuolella, viinik\u00f6ynn\u00f6sten, hedelm\u00e4puiden ja peltojen ymp\u00e4r\u00f6im\u00e4n\u00e4. Tynnyrien m\u00e4\u00e4r\u00e4 kasvoi vuosien mittaan ja sen my\u00f6t\u00e4 my\u00f6s siell\u00e4 tuotetun Aceto Balsamicon erinomainen laatu. Nyky\u00e4\u00e4n Acetaiaa edustaa Sofia Malagoli, Malagolien vanhin tyt\u00e4r. Is\u00e4ns\u00e4 tavoin my\u00f6s Sofia on intohimoinen balsamicoasiantuntija, ja h\u00e4n on mukana Consorzio Tutela Aceto Balsamico Tradizionale di Modena -j\u00e4rjest\u00f6n edustajana antamassa balsamicokursseja ja ammattimaisia opastettuja kierroksia aiheesta. T\u00e4m\u00e4 Aceto Balsamico Tradizionale di Modena D.O.P. extravecchio kypsyi yli 25 vuotta Acetaia Malagolin puutynnyreiss\u00e4. Olemme t\u00e4ll\u00e4 hetkell\u00e4 yksi harvoista verkkokaupoista, joista voit ostaa t\u00e4t\u00e4 poikkeuksellisen hyv\u00e4\u00e4 perinteist\u00e4 balsamicoa verkossa. Kuva &#8211; Sofia Malagoli &#8211; Acetaia Malagoli T\u00e4m\u00e4 er\u00e4, jota on hyvin rajoitetusti saatavilla, pullotettiin vuonna 2020, ja se toimitetaan aidosta italialaisesta kuusipuusta valmistetussa koristeellisessa puulaatikossa, jossa on tyypillinen nokka. Pullo on lis\u00e4ksi pakattu laatikkoon kuljetussyist\u00e4. Ainesosat: 100 % keitetty ryp\u00e4leen puristemehu. Huomautus: Saattaa sis\u00e4lt\u00e4\u00e4 sulfiitteja. Tuottaja: Acetaia Malagoli Daniele Via Celeste 9 41013 Castelfranco Emilia (MO), Italia","og_url":"https:\/\/balsamico.shop\/fi\/tuote\/aceto-balsamico-tradizionale-di-modena-extravecchio-malagoli\/","og_site_name":"Aceto Balsamico Shop - Suomi","article_modified_time":"2026-02-01T14:40:41+00:00","og_image":[{"width":1600,"height":1872,"url":"https:\/\/balsamico.shop\/fi\/wp-content\/uploads\/2020\/06\/aceto-balsamico-tradizionale-di-modena-dop-malagoli-extravecchio_lum.jpg","type":"image\/jpeg"}],"twitter_card":"summary_large_image","twitter_misc":{"Arvioitu lukuaika":"2 minuuttia"},"schema":{"@context":"https:\/\/schema.org","@graph":[{"@type":"WebPage","@id":"https:\/\/balsamico.shop\/fi\/tuote\/aceto-balsamico-tradizionale-di-modena-extravecchio-malagoli\/","url":"https:\/\/balsamico.shop\/fi\/tuote\/aceto-balsamico-tradizionale-di-modena-extravecchio-malagoli\/","name":"Aceto Balsamico Tradizionale di Modena - extravecchio - Malagoli","isPartOf":{"@id":"https:\/\/balsamico.shop\/fi\/#website"},"primaryImageOfPage":{"@id":"https:\/\/balsamico.shop\/fi\/tuote\/aceto-balsamico-tradizionale-di-modena-extravecchio-malagoli\/#primaryimage"},"image":{"@id":"https:\/\/balsamico.shop\/fi\/tuote\/aceto-balsamico-tradizionale-di-modena-extravecchio-malagoli\/#primaryimage"},"thumbnailUrl":"https:\/\/balsamico.shop\/fi\/wp-content\/uploads\/2020\/06\/aceto-balsamico-tradizionale-di-modena-dop-malagoli-extravecchio_lum.jpg","datePublished":"2020-06-04T06:22:22+00:00","dateModified":"2026-02-01T14:40:41+00:00","breadcrumb":{"@id":"https:\/\/balsamico.shop\/fi\/tuote\/aceto-balsamico-tradizionale-di-modena-extravecchio-malagoli\/#breadcrumb"},"inLanguage":"fi","potentialAction":[{"@type":"ReadAction","target":["https:\/\/balsamico.shop\/fi\/tuote\/aceto-balsamico-tradizionale-di-modena-extravecchio-malagoli\/"]}]},{"@type":"ImageObject","inLanguage":"fi","@id":"https:\/\/balsamico.shop\/fi\/tuote\/aceto-balsamico-tradizionale-di-modena-extravecchio-malagoli\/#primaryimage","url":"https:\/\/balsamico.shop\/fi\/wp-content\/uploads\/2020\/06\/aceto-balsamico-tradizionale-di-modena-dop-malagoli-extravecchio_lum.jpg","contentUrl":"https:\/\/balsamico.shop\/fi\/wp-content\/uploads\/2020\/06\/aceto-balsamico-tradizionale-di-modena-dop-malagoli-extravecchio_lum.jpg","width":1600,"height":1872,"caption":"Aceto Balsamico Tradizionale di Modena DOP Malagoli Extravecchio"},{"@type":"BreadcrumbList","@id":"https:\/\/balsamico.shop\/fi\/tuote\/aceto-balsamico-tradizionale-di-modena-extravecchio-malagoli\/#breadcrumb","itemListElement":[{"@type":"ListItem","position":1,"name":"Home","item":"https:\/\/balsamico.shop\/fi\/"},{"@type":"ListItem","position":2,"name":"Balsamico Shop","item":"https:\/\/balsamico.shop\/fi\/shop\/"},{"@type":"ListItem","position":3,"name":"Aceto Balsamico Tradizionale di Modena &#8211; extravecchio &#8211; Malagoli"}]},{"@type":"WebSite","@id":"https:\/\/balsamico.shop\/fi\/#website","url":"https:\/\/balsamico.shop\/fi\/","name":"Aceto Balsamico Shop - Suomi","description":"Hienoin balsamietikka Italiasta","potentialAction":[{"@type":"SearchAction","target":{"@type":"EntryPoint","urlTemplate":"https:\/\/balsamico.shop\/fi\/?s={search_term_string}"},"query-input":{"@type":"PropertyValueSpecification","valueRequired":true,"valueName":"search_term_string"}}],"inLanguage":"fi"}]}},"_links":{"self":[{"href":"https:\/\/balsamico.shop\/fi\/wp-json\/wp\/v2\/product\/1884","targetHints":{"allow":["GET"]}}],"collection":[{"href":"https:\/\/balsamico.shop\/fi\/wp-json\/wp\/v2\/product"}],"about":[{"href":"https:\/\/balsamico.shop\/fi\/wp-json\/wp\/v2\/types\/product"}],"wp:featuredmedia":[{"embeddable":true,"href":"https:\/\/balsamico.shop\/fi\/wp-json\/wp\/v2\/media\/1887"}],"wp:attachment":[{"href":"https:\/\/balsamico.shop\/fi\/wp-json\/wp\/v2\/media?parent=1884"}],"wp:term":[{"taxonomy":"product_brand","embeddable":true,"href":"https:\/\/balsamico.shop\/fi\/wp-json\/wp\/v2\/product_brand?post=1884"},{"taxonomy":"product_cat","embeddable":true,"href":"https:\/\/balsamico.shop\/fi\/wp-json\/wp\/v2\/product_cat?post=1884"},{"taxonomy":"product_tag","embeddable":true,"href":"https:\/\/balsamico.shop\/fi\/wp-json\/wp\/v2\/product_tag?post=1884"}],"curies":[{"name":"wp","href":"https:\/\/api.w.org\/{rel}","templated":true}]}}