{"id":1876,"date":"2016-10-02T17:40:28","date_gmt":"2016-10-02T15:40:28","guid":{"rendered":"https:\/\/balsamico.shop\/fi\/?post_type=product&#038;p=1876"},"modified":"2026-01-29T19:15:39","modified_gmt":"2026-01-29T18:15:39","slug":"balsamico-tradizionale-juniper-12-vuotta-pedroni","status":"publish","type":"product","link":"https:\/\/balsamico.shop\/fi\/tuote\/balsamico-tradizionale-juniper-12-vuotta-pedroni\/","title":{"rendered":"Aceto Balsamico Tradizionale Juniper &#8211; 12 vuotta &#8211; Pedroni"},"content":{"rendered":"<p>Jos etsit hyvin erityist\u00e4 <strong>Aceto Balsamico Tradizionale<\/strong> -\u00f6ljy\u00e4, olet l\u00f6yt\u00e4nyt m\u00e4\u00e4r\u00e4np\u00e4\u00e4n t\u00e4m\u00e4n tuotteen avulla. Rubbiarassa, Modenan kaupungin l\u00e4hell\u00e4 sijaitsevalta perinteiselt\u00e4 Pedronin viinitilalta tulee t\u00e4m\u00e4 mausteinen ja ainutlaatuinen Aceto Balsamico Tradizionale. T\u00e4m\u00e4n Aceto Balsamicon perustana ovat historiallisen viinitarhan makeat Trebbiano-ryp\u00e4leet, jotka jo tuolloin kuuluivat Alfonso I d&#8217;Est\u00e9n aatelissuvun alueelle. T\u00e4m\u00e4 balsamico on erityinen ja erottamaton, koska se saavuttaa lopullisen kypsyytens\u00e4 erityisen mausteisissa <strong>katajatynnyreiss\u00e4<\/strong>. Kataja tynnyrit ovat hyvin harvinaisia, koska t\u00e4m\u00e4 puutyyppi on nyky\u00e4\u00e4n suojattu eik\u00e4 siit\u00e4 saa valmistaa uusia tynnyreit\u00e4. Acetaia Pedroni omistaa edelleen joitakin historiallisia tynnyreit\u00e4, joissa on t\u00e4llaista puuta, ja voi siksi tarjota sinulle Aceto Balsamico Tradizionale di Modena DOP Juniper -juomaa. Jokainen, joka on maistanut mausteista Tradizionale-juustoa, ei halua j\u00e4tt\u00e4\u00e4 sit\u00e4 v\u00e4liin uudestaan, varsinkaan jalon lihapalan p\u00e4\u00e4ll\u00e4. Pullossa on nimi UMBERTO.<\/p>\n<p>Nimi tulee Italo Pedronin is\u00e4n sed\u00e4lt\u00e4. H\u00e4n toimitti h\u00e4nelle katajatynnyrit.<\/p>\n<p>Ne, jotka ovat jo nauttineet &#8221;tavallisesta&#8221; ABTM:st\u00e4, l\u00f6yt\u00e4v\u00e4t uuden makumaailman t\u00e4m\u00e4n balsamicon avulla. Ep\u00e4ilem\u00e4t\u00f6n ja vain hyvin harvoin balsamicomarkkinoilla saatavilla! Tartu t\u00e4h\u00e4n ainutlaatuiseen tilaisuuteen ja tuo t\u00e4m\u00e4 hieno Aceto Balsamico kotiin Belgiaan.<\/p>\n<p><strong>Ainesosat<\/strong>: 100-prosenttisesti Trebbiano di Spagna -ryp\u00e4leest\u00e4 valmistettu ryp\u00e4leen puristemehu.<\/p>\n<p>Huomautus: Saattaa sis\u00e4lt\u00e4\u00e4 luonnollisia sulfiitteja.<\/p>\n<p>Tuottaja:<br \/>\nAz. Agr. Pedroni<br \/>\nVia Risaia, 6<br \/>\nRubbiara di Nonantola<br \/>\n41015 Modena<br \/>\nItalia<\/p>\n","protected":false},"excerpt":{"rendered":"<p>Jos etsit hyvin erityist\u00e4 Aceto Balsamico Tradizionale -\u00f6ljy\u00e4, olet l\u00f6yt\u00e4nyt m\u00e4\u00e4r\u00e4np\u00e4\u00e4n t\u00e4m\u00e4n tuotteen avulla. Rubbiarassa, Modenan kaupungin l\u00e4hell\u00e4 sijaitsevalta perinteiselt\u00e4 Pedronin viinitilalta tulee t\u00e4m\u00e4 mausteinen ja ainutlaatuinen Aceto Balsamico Tradizionale. T\u00e4m\u00e4n Aceto Balsamicon perustana ovat historiallisen viinitarhan makeat Trebbiano-ryp\u00e4leet, jotka jo tuolloin kuuluivat Alfonso I d&#8217;Est\u00e9n aatelissuvun alueelle. T\u00e4m\u00e4 balsamico on erityinen ja erottamaton, koska se saavuttaa lopullisen kypsyytens\u00e4 erityisen mausteisissa katajatynnyreiss\u00e4. Kataja tynnyrit ovat hyvin harvinaisia, koska t\u00e4m\u00e4 puutyyppi on nyky\u00e4\u00e4n suojattu eik\u00e4 siit\u00e4 saa valmistaa uusia tynnyreit\u00e4. Acetaia Pedroni omistaa edelleen joitakin historiallisia tynnyreit\u00e4, joissa on t\u00e4llaista puuta, ja voi siksi tarjota sinulle Aceto Balsamico Tradizionale di Modena DOP Juniper -juomaa. Jokainen, joka on maistanut mausteista Tradizionale-juustoa, ei halua j\u00e4tt\u00e4\u00e4 sit\u00e4 v\u00e4liin uudestaan, varsinkaan jalon lihapalan p\u00e4\u00e4ll\u00e4. Pullossa on nimi UMBERTO. Nimi tulee Italo Pedronin is\u00e4n sed\u00e4lt\u00e4. H\u00e4n toimitti h\u00e4nelle katajatynnyrit. Ne, jotka ovat jo nauttineet &#8221;tavallisesta&#8221; ABTM:st\u00e4, l\u00f6yt\u00e4v\u00e4t uuden makumaailman t\u00e4m\u00e4n balsamicon avulla. Ep\u00e4ilem\u00e4t\u00f6n ja vain hyvin harvoin balsamicomarkkinoilla saatavilla! Tartu t\u00e4h\u00e4n ainutlaatuiseen tilaisuuteen ja tuo t\u00e4m\u00e4 hieno Aceto Balsamico kotiin Belgiaan. Ainesosat: 100-prosenttisesti Trebbiano di Spagna -ryp\u00e4leest\u00e4 valmistettu ryp\u00e4leen puristemehu. Huomautus: Saattaa sis\u00e4lt\u00e4\u00e4 luonnollisia sulfiitteja. Tuottaja: Az. Agr. Pedroni Via Risaia, 6 Rubbiara di Nonantola 41015 Modena Italia<\/p>\n","protected":false},"featured_media":1984,"template":"","meta":[],"product_brand":[],"product_cat":[32],"product_tag":[],"class_list":{"0":"post-1876","1":"product","2":"type-product","3":"status-publish","4":"has-post-thumbnail","6":"product_cat-pedroni","7":"product_shipping_class-ueber-100","9":"first","10":"instock","11":"taxable","12":"shipping-taxable","13":"purchasable","14":"product-type-simple"},"bundle_layout":"","bundled_by":[],"bundled_items":[],"yoast_head":"<!-- This site is optimized with the Yoast SEO plugin v27.5 - https:\/\/yoast.com\/product\/yoast-seo-wordpress\/ -->\n<title>Aceto Balsamico Tradizionale Juniper - 12 vuotta - Pedroni<\/title>\n<meta name=\"robots\" content=\"index, follow, max-snippet:-1, max-image-preview:large, max-video-preview:-1\" \/>\n<link rel=\"canonical\" href=\"https:\/\/balsamico.shop\/fi\/tuote\/balsamico-tradizionale-juniper-12-vuotta-pedroni\/\" \/>\n<meta property=\"og:locale\" content=\"fi_FI\" \/>\n<meta property=\"og:type\" content=\"article\" \/>\n<meta property=\"og:title\" content=\"Aceto Balsamico Tradizionale Juniper - 12 vuotta - Pedroni\" \/>\n<meta property=\"og:description\" content=\"Jos etsit hyvin erityist\u00e4 Aceto Balsamico Tradizionale -\u00f6ljy\u00e4, olet l\u00f6yt\u00e4nyt m\u00e4\u00e4r\u00e4np\u00e4\u00e4n t\u00e4m\u00e4n tuotteen avulla. Rubbiarassa, Modenan kaupungin l\u00e4hell\u00e4 sijaitsevalta perinteiselt\u00e4 Pedronin viinitilalta tulee t\u00e4m\u00e4 mausteinen ja ainutlaatuinen Aceto Balsamico Tradizionale. T\u00e4m\u00e4n Aceto Balsamicon perustana ovat historiallisen viinitarhan makeat Trebbiano-ryp\u00e4leet, jotka jo tuolloin kuuluivat Alfonso I d&#8217;Est\u00e9n aatelissuvun alueelle. T\u00e4m\u00e4 balsamico on erityinen ja erottamaton, koska se saavuttaa lopullisen kypsyytens\u00e4 erityisen mausteisissa katajatynnyreiss\u00e4. Kataja tynnyrit ovat hyvin harvinaisia, koska t\u00e4m\u00e4 puutyyppi on nyky\u00e4\u00e4n suojattu eik\u00e4 siit\u00e4 saa valmistaa uusia tynnyreit\u00e4. Acetaia Pedroni omistaa edelleen joitakin historiallisia tynnyreit\u00e4, joissa on t\u00e4llaista puuta, ja voi siksi tarjota sinulle Aceto Balsamico Tradizionale di Modena DOP Juniper -juomaa. Jokainen, joka on maistanut mausteista Tradizionale-juustoa, ei halua j\u00e4tt\u00e4\u00e4 sit\u00e4 v\u00e4liin uudestaan, varsinkaan jalon lihapalan p\u00e4\u00e4ll\u00e4. Pullossa on nimi UMBERTO. Nimi tulee Italo Pedronin is\u00e4n sed\u00e4lt\u00e4. H\u00e4n toimitti h\u00e4nelle katajatynnyrit. Ne, jotka ovat jo nauttineet &#8221;tavallisesta&#8221; ABTM:st\u00e4, l\u00f6yt\u00e4v\u00e4t uuden makumaailman t\u00e4m\u00e4n balsamicon avulla. Ep\u00e4ilem\u00e4t\u00f6n ja vain hyvin harvoin balsamicomarkkinoilla saatavilla! Tartu t\u00e4h\u00e4n ainutlaatuiseen tilaisuuteen ja tuo t\u00e4m\u00e4 hieno Aceto Balsamico kotiin Belgiaan. Ainesosat: 100-prosenttisesti Trebbiano di Spagna -ryp\u00e4leest\u00e4 valmistettu ryp\u00e4leen puristemehu. Huomautus: Saattaa sis\u00e4lt\u00e4\u00e4 luonnollisia sulfiitteja. Tuottaja: Az. Agr. Pedroni Via Risaia, 6 Rubbiara di Nonantola 41015 Modena Italia\" \/>\n<meta property=\"og:url\" content=\"https:\/\/balsamico.shop\/fi\/tuote\/balsamico-tradizionale-juniper-12-vuotta-pedroni\/\" \/>\n<meta property=\"og:site_name\" content=\"Aceto Balsamico Shop - Suomi\" \/>\n<meta property=\"article:modified_time\" content=\"2026-01-29T18:15:39+00:00\" \/>\n<meta property=\"og:image\" content=\"https:\/\/balsamico.shop\/fi\/wp-content\/uploads\/2016\/10\/pedroni-aceto-balsamico-tradizionale-umberto.jpg\" \/>\n\t<meta property=\"og:image:width\" content=\"1600\" \/>\n\t<meta property=\"og:image:height\" content=\"1872\" \/>\n\t<meta property=\"og:image:type\" content=\"image\/jpeg\" \/>\n<meta name=\"twitter:card\" content=\"summary_large_image\" \/>\n<meta name=\"twitter:label1\" content=\"Arvioitu lukuaika\" \/>\n\t<meta name=\"twitter:data1\" content=\"2 minuuttia\" \/>\n<script type=\"application\/ld+json\" class=\"yoast-schema-graph\">{\"@context\":\"https:\\\/\\\/schema.org\",\"@graph\":[{\"@type\":\"WebPage\",\"@id\":\"https:\\\/\\\/balsamico.shop\\\/fi\\\/tuote\\\/balsamico-tradizionale-juniper-12-vuotta-pedroni\\\/\",\"url\":\"https:\\\/\\\/balsamico.shop\\\/fi\\\/tuote\\\/balsamico-tradizionale-juniper-12-vuotta-pedroni\\\/\",\"name\":\"Aceto Balsamico Tradizionale Juniper - 12 vuotta - Pedroni\",\"isPartOf\":{\"@id\":\"https:\\\/\\\/balsamico.shop\\\/fi\\\/#website\"},\"primaryImageOfPage\":{\"@id\":\"https:\\\/\\\/balsamico.shop\\\/fi\\\/tuote\\\/balsamico-tradizionale-juniper-12-vuotta-pedroni\\\/#primaryimage\"},\"image\":{\"@id\":\"https:\\\/\\\/balsamico.shop\\\/fi\\\/tuote\\\/balsamico-tradizionale-juniper-12-vuotta-pedroni\\\/#primaryimage\"},\"thumbnailUrl\":\"https:\\\/\\\/balsamico.shop\\\/fi\\\/wp-content\\\/uploads\\\/2016\\\/10\\\/pedroni-aceto-balsamico-tradizionale-umberto.jpg\",\"datePublished\":\"2016-10-02T15:40:28+00:00\",\"dateModified\":\"2026-01-29T18:15:39+00:00\",\"breadcrumb\":{\"@id\":\"https:\\\/\\\/balsamico.shop\\\/fi\\\/tuote\\\/balsamico-tradizionale-juniper-12-vuotta-pedroni\\\/#breadcrumb\"},\"inLanguage\":\"fi\",\"potentialAction\":[{\"@type\":\"ReadAction\",\"target\":[\"https:\\\/\\\/balsamico.shop\\\/fi\\\/tuote\\\/balsamico-tradizionale-juniper-12-vuotta-pedroni\\\/\"]}]},{\"@type\":\"ImageObject\",\"inLanguage\":\"fi\",\"@id\":\"https:\\\/\\\/balsamico.shop\\\/fi\\\/tuote\\\/balsamico-tradizionale-juniper-12-vuotta-pedroni\\\/#primaryimage\",\"url\":\"https:\\\/\\\/balsamico.shop\\\/fi\\\/wp-content\\\/uploads\\\/2016\\\/10\\\/pedroni-aceto-balsamico-tradizionale-umberto.jpg\",\"contentUrl\":\"https:\\\/\\\/balsamico.shop\\\/fi\\\/wp-content\\\/uploads\\\/2016\\\/10\\\/pedroni-aceto-balsamico-tradizionale-umberto.jpg\",\"width\":1600,\"height\":1872},{\"@type\":\"BreadcrumbList\",\"@id\":\"https:\\\/\\\/balsamico.shop\\\/fi\\\/tuote\\\/balsamico-tradizionale-juniper-12-vuotta-pedroni\\\/#breadcrumb\",\"itemListElement\":[{\"@type\":\"ListItem\",\"position\":1,\"name\":\"Home\",\"item\":\"https:\\\/\\\/balsamico.shop\\\/fi\\\/\"},{\"@type\":\"ListItem\",\"position\":2,\"name\":\"Balsamico Shop\",\"item\":\"https:\\\/\\\/balsamico.shop\\\/fi\\\/shop\\\/\"},{\"@type\":\"ListItem\",\"position\":3,\"name\":\"Aceto Balsamico Tradizionale Juniper &#8211; 12 vuotta &#8211; Pedroni\"}]},{\"@type\":\"WebSite\",\"@id\":\"https:\\\/\\\/balsamico.shop\\\/fi\\\/#website\",\"url\":\"https:\\\/\\\/balsamico.shop\\\/fi\\\/\",\"name\":\"Aceto Balsamico Shop - Suomi\",\"description\":\"Hienoin balsamietikka Italiasta\",\"potentialAction\":[{\"@type\":\"SearchAction\",\"target\":{\"@type\":\"EntryPoint\",\"urlTemplate\":\"https:\\\/\\\/balsamico.shop\\\/fi\\\/?s={search_term_string}\"},\"query-input\":{\"@type\":\"PropertyValueSpecification\",\"valueRequired\":true,\"valueName\":\"search_term_string\"}}],\"inLanguage\":\"fi\"}]}<\/script>\n<!-- \/ Yoast SEO plugin. -->","yoast_head_json":{"title":"Aceto Balsamico Tradizionale Juniper - 12 vuotta - Pedroni","robots":{"index":"index","follow":"follow","max-snippet":"max-snippet:-1","max-image-preview":"max-image-preview:large","max-video-preview":"max-video-preview:-1"},"canonical":"https:\/\/balsamico.shop\/fi\/tuote\/balsamico-tradizionale-juniper-12-vuotta-pedroni\/","og_locale":"fi_FI","og_type":"article","og_title":"Aceto Balsamico Tradizionale Juniper - 12 vuotta - Pedroni","og_description":"Jos etsit hyvin erityist\u00e4 Aceto Balsamico Tradizionale -\u00f6ljy\u00e4, olet l\u00f6yt\u00e4nyt m\u00e4\u00e4r\u00e4np\u00e4\u00e4n t\u00e4m\u00e4n tuotteen avulla. Rubbiarassa, Modenan kaupungin l\u00e4hell\u00e4 sijaitsevalta perinteiselt\u00e4 Pedronin viinitilalta tulee t\u00e4m\u00e4 mausteinen ja ainutlaatuinen Aceto Balsamico Tradizionale. T\u00e4m\u00e4n Aceto Balsamicon perustana ovat historiallisen viinitarhan makeat Trebbiano-ryp\u00e4leet, jotka jo tuolloin kuuluivat Alfonso I d&#8217;Est\u00e9n aatelissuvun alueelle. T\u00e4m\u00e4 balsamico on erityinen ja erottamaton, koska se saavuttaa lopullisen kypsyytens\u00e4 erityisen mausteisissa katajatynnyreiss\u00e4. Kataja tynnyrit ovat hyvin harvinaisia, koska t\u00e4m\u00e4 puutyyppi on nyky\u00e4\u00e4n suojattu eik\u00e4 siit\u00e4 saa valmistaa uusia tynnyreit\u00e4. Acetaia Pedroni omistaa edelleen joitakin historiallisia tynnyreit\u00e4, joissa on t\u00e4llaista puuta, ja voi siksi tarjota sinulle Aceto Balsamico Tradizionale di Modena DOP Juniper -juomaa. Jokainen, joka on maistanut mausteista Tradizionale-juustoa, ei halua j\u00e4tt\u00e4\u00e4 sit\u00e4 v\u00e4liin uudestaan, varsinkaan jalon lihapalan p\u00e4\u00e4ll\u00e4. Pullossa on nimi UMBERTO. Nimi tulee Italo Pedronin is\u00e4n sed\u00e4lt\u00e4. H\u00e4n toimitti h\u00e4nelle katajatynnyrit. Ne, jotka ovat jo nauttineet &#8221;tavallisesta&#8221; ABTM:st\u00e4, l\u00f6yt\u00e4v\u00e4t uuden makumaailman t\u00e4m\u00e4n balsamicon avulla. Ep\u00e4ilem\u00e4t\u00f6n ja vain hyvin harvoin balsamicomarkkinoilla saatavilla! Tartu t\u00e4h\u00e4n ainutlaatuiseen tilaisuuteen ja tuo t\u00e4m\u00e4 hieno Aceto Balsamico kotiin Belgiaan. Ainesosat: 100-prosenttisesti Trebbiano di Spagna -ryp\u00e4leest\u00e4 valmistettu ryp\u00e4leen puristemehu. Huomautus: Saattaa sis\u00e4lt\u00e4\u00e4 luonnollisia sulfiitteja. Tuottaja: Az. Agr. Pedroni Via Risaia, 6 Rubbiara di Nonantola 41015 Modena Italia","og_url":"https:\/\/balsamico.shop\/fi\/tuote\/balsamico-tradizionale-juniper-12-vuotta-pedroni\/","og_site_name":"Aceto Balsamico Shop - Suomi","article_modified_time":"2026-01-29T18:15:39+00:00","og_image":[{"width":1600,"height":1872,"url":"https:\/\/balsamico.shop\/fi\/wp-content\/uploads\/2016\/10\/pedroni-aceto-balsamico-tradizionale-umberto.jpg","type":"image\/jpeg"}],"twitter_card":"summary_large_image","twitter_misc":{"Arvioitu lukuaika":"2 minuuttia"},"schema":{"@context":"https:\/\/schema.org","@graph":[{"@type":"WebPage","@id":"https:\/\/balsamico.shop\/fi\/tuote\/balsamico-tradizionale-juniper-12-vuotta-pedroni\/","url":"https:\/\/balsamico.shop\/fi\/tuote\/balsamico-tradizionale-juniper-12-vuotta-pedroni\/","name":"Aceto Balsamico Tradizionale Juniper - 12 vuotta - Pedroni","isPartOf":{"@id":"https:\/\/balsamico.shop\/fi\/#website"},"primaryImageOfPage":{"@id":"https:\/\/balsamico.shop\/fi\/tuote\/balsamico-tradizionale-juniper-12-vuotta-pedroni\/#primaryimage"},"image":{"@id":"https:\/\/balsamico.shop\/fi\/tuote\/balsamico-tradizionale-juniper-12-vuotta-pedroni\/#primaryimage"},"thumbnailUrl":"https:\/\/balsamico.shop\/fi\/wp-content\/uploads\/2016\/10\/pedroni-aceto-balsamico-tradizionale-umberto.jpg","datePublished":"2016-10-02T15:40:28+00:00","dateModified":"2026-01-29T18:15:39+00:00","breadcrumb":{"@id":"https:\/\/balsamico.shop\/fi\/tuote\/balsamico-tradizionale-juniper-12-vuotta-pedroni\/#breadcrumb"},"inLanguage":"fi","potentialAction":[{"@type":"ReadAction","target":["https:\/\/balsamico.shop\/fi\/tuote\/balsamico-tradizionale-juniper-12-vuotta-pedroni\/"]}]},{"@type":"ImageObject","inLanguage":"fi","@id":"https:\/\/balsamico.shop\/fi\/tuote\/balsamico-tradizionale-juniper-12-vuotta-pedroni\/#primaryimage","url":"https:\/\/balsamico.shop\/fi\/wp-content\/uploads\/2016\/10\/pedroni-aceto-balsamico-tradizionale-umberto.jpg","contentUrl":"https:\/\/balsamico.shop\/fi\/wp-content\/uploads\/2016\/10\/pedroni-aceto-balsamico-tradizionale-umberto.jpg","width":1600,"height":1872},{"@type":"BreadcrumbList","@id":"https:\/\/balsamico.shop\/fi\/tuote\/balsamico-tradizionale-juniper-12-vuotta-pedroni\/#breadcrumb","itemListElement":[{"@type":"ListItem","position":1,"name":"Home","item":"https:\/\/balsamico.shop\/fi\/"},{"@type":"ListItem","position":2,"name":"Balsamico Shop","item":"https:\/\/balsamico.shop\/fi\/shop\/"},{"@type":"ListItem","position":3,"name":"Aceto Balsamico Tradizionale Juniper &#8211; 12 vuotta &#8211; Pedroni"}]},{"@type":"WebSite","@id":"https:\/\/balsamico.shop\/fi\/#website","url":"https:\/\/balsamico.shop\/fi\/","name":"Aceto Balsamico Shop - Suomi","description":"Hienoin balsamietikka Italiasta","potentialAction":[{"@type":"SearchAction","target":{"@type":"EntryPoint","urlTemplate":"https:\/\/balsamico.shop\/fi\/?s={search_term_string}"},"query-input":{"@type":"PropertyValueSpecification","valueRequired":true,"valueName":"search_term_string"}}],"inLanguage":"fi"}]}},"_links":{"self":[{"href":"https:\/\/balsamico.shop\/fi\/wp-json\/wp\/v2\/product\/1876","targetHints":{"allow":["GET"]}}],"collection":[{"href":"https:\/\/balsamico.shop\/fi\/wp-json\/wp\/v2\/product"}],"about":[{"href":"https:\/\/balsamico.shop\/fi\/wp-json\/wp\/v2\/types\/product"}],"wp:featuredmedia":[{"embeddable":true,"href":"https:\/\/balsamico.shop\/fi\/wp-json\/wp\/v2\/media\/1984"}],"wp:attachment":[{"href":"https:\/\/balsamico.shop\/fi\/wp-json\/wp\/v2\/media?parent=1876"}],"wp:term":[{"taxonomy":"product_brand","embeddable":true,"href":"https:\/\/balsamico.shop\/fi\/wp-json\/wp\/v2\/product_brand?post=1876"},{"taxonomy":"product_cat","embeddable":true,"href":"https:\/\/balsamico.shop\/fi\/wp-json\/wp\/v2\/product_cat?post=1876"},{"taxonomy":"product_tag","embeddable":true,"href":"https:\/\/balsamico.shop\/fi\/wp-json\/wp\/v2\/product_tag?post=1876"}],"curies":[{"name":"wp","href":"https:\/\/api.w.org\/{rel}","templated":true}]}}