{"id":1869,"date":"2019-12-06T09:09:52","date_gmt":"2019-12-06T08:09:52","guid":{"rendered":"https:\/\/balsamico.shop\/fi\/?post_type=product&#038;p=1869"},"modified":"2026-04-16T18:38:57","modified_gmt":"2026-04-16T16:38:57","slug":"malagoli-aceto-balsamico-tradizionale-di-modena-dop","status":"publish","type":"product","link":"https:\/\/balsamico.shop\/fi\/tuote\/malagoli-aceto-balsamico-tradizionale-di-modena-dop\/","title":{"rendered":"Aceto Balsamico Tradizionale di Modena D.O.P. Affinato &#8211; Malagoli"},"content":{"rendered":"<p><img loading=\"lazy\" decoding=\"async\" class=\"alignright\" src=\"https:\/\/balsamico.shop\/de\/wp-content\/uploads\/2019\/12\/acetaia-malagoli.jpg\" alt=\"Acetaia Malagoli\" width=\"236\" height=\"328\" \/>T\u00e4m\u00e4 Aceto Balsamico Tradizionale di Modena D.O.P. on per\u00e4isin Acetaia Malagolin tynnyreist\u00e4. T\u00e4m\u00e4n Acetaian perusti Daniele Malagoli, ja se syntyi intohimosta balsamicoon l\u00e4hes 30 vuotta sitten Modenan kaakkoispuolella sijaitsevalle alueelle tyypillisell\u00e4 tilalla. Acetaiaa ymp\u00e4r\u00f6iv\u00e4t viinik\u00f6ynn\u00f6kset, hedelm\u00e4puut ja pellot. Tynnyrien m\u00e4\u00e4r\u00e4 kasvoi vuosien mittaan ja sen my\u00f6t\u00e4 my\u00f6s siell\u00e4 tuotetun Aceto Balsamicon erinomainen laatu. Nyky\u00e4\u00e4n Acetaiaa edustaa Sofia Malagoli, Malagolien vanhin tyt\u00e4r. Is\u00e4ns\u00e4 tavoin my\u00f6s Sofia on intohimoinen balsamicoasiantuntija, ja h\u00e4n on mukana Consorzio Tutela Aceto Balsamico Tradizionale di Modena -j\u00e4rjest\u00f6n edustajana ja pit\u00e4\u00e4 balsamikursseja ja ammattiopastuksia aiheesta.<\/p>\n<p>T\u00e4m\u00e4 Aceto Balsamico Tradizionale di Modena D.O.P. Affinato kypsyi 12-24 vuotta Acetaia Malagolin puutynnyreiss\u00e4. Olemme yksi harvoista kaupoista maailmassa, joista voit ostaa t\u00e4t\u00e4 poikkeuksellisen hyv\u00e4\u00e4 perinteist\u00e4 balsamicoa verkossa.<\/p>\n<p><img loading=\"lazy\" decoding=\"async\" class=\"alignnone\" src=\"https:\/\/balsamico.shop\/de\/wp-content\/uploads\/2019\/12\/sofia-malagoli-abtm-affinato.jpg\" alt=\"Sofia Malagoli\" width=\"600\" height=\"400\" \/><\/p>\n<p>Kuva &#8211; Sofia Malagoli &#8211; Acetaia Malagoli<\/p>\n<p>T\u00e4m\u00e4 er\u00e4, jota on hyvin rajoitetusti saatavilla, toimitetaan puulaatikossa, jossa on tyypillinen nokka.<\/p>\n<p><strong>Ainesosat<\/strong>: 100 % keitetty ryp\u00e4leen puristemehu.<\/p>\n<p>Huomautus: Saattaa sis\u00e4lt\u00e4\u00e4 sulfiitteja.<\/p>\n<p>Tuottaja:<br \/>\nAcetaia Malagoli Daniele<br \/>\nVia Celeste 9<br \/>\n41013 Castelfranco Emilia (MO), Italia<\/p>\n","protected":false},"excerpt":{"rendered":"<p>T\u00e4m\u00e4 Aceto Balsamico Tradizionale di Modena D.O.P. on per\u00e4isin Acetaia Malagolin tynnyreist\u00e4. T\u00e4m\u00e4n Acetaian perusti Daniele Malagoli, ja se syntyi intohimosta balsamicoon l\u00e4hes 30 vuotta sitten Modenan kaakkoispuolella sijaitsevalle alueelle tyypillisell\u00e4 tilalla. Acetaiaa ymp\u00e4r\u00f6iv\u00e4t viinik\u00f6ynn\u00f6kset, hedelm\u00e4puut ja pellot. Tynnyrien m\u00e4\u00e4r\u00e4 kasvoi vuosien mittaan ja sen my\u00f6t\u00e4 my\u00f6s siell\u00e4 tuotetun Aceto Balsamicon erinomainen laatu. Nyky\u00e4\u00e4n Acetaiaa edustaa Sofia Malagoli, Malagolien vanhin tyt\u00e4r. Is\u00e4ns\u00e4 tavoin my\u00f6s Sofia on intohimoinen balsamicoasiantuntija, ja h\u00e4n on mukana Consorzio Tutela Aceto Balsamico Tradizionale di Modena -j\u00e4rjest\u00f6n edustajana ja pit\u00e4\u00e4 balsamikursseja ja ammattiopastuksia aiheesta. T\u00e4m\u00e4 Aceto Balsamico Tradizionale di Modena D.O.P. Affinato kypsyi 12-24 vuotta Acetaia Malagolin puutynnyreiss\u00e4. Olemme yksi harvoista kaupoista maailmassa, joista voit ostaa t\u00e4t\u00e4 poikkeuksellisen hyv\u00e4\u00e4 perinteist\u00e4 balsamicoa verkossa. Kuva &#8211; Sofia Malagoli &#8211; Acetaia Malagoli T\u00e4m\u00e4 er\u00e4, jota on hyvin rajoitetusti saatavilla, toimitetaan puulaatikossa, jossa on tyypillinen nokka. Ainesosat: 100 % keitetty ryp\u00e4leen puristemehu. Huomautus: Saattaa sis\u00e4lt\u00e4\u00e4 sulfiitteja. Tuottaja: Acetaia Malagoli Daniele Via Celeste 9 41013 Castelfranco Emilia (MO), Italia<\/p>\n","protected":false},"featured_media":1872,"template":"","meta":[],"product_brand":[],"product_cat":[79],"product_tag":[],"class_list":{"0":"post-1869","1":"product","2":"type-product","3":"status-publish","4":"has-post-thumbnail","6":"product_cat-malagoli","7":"product_shipping_class-balsamico","9":"first","10":"instock","11":"taxable","12":"shipping-taxable","13":"purchasable","14":"product-type-simple"},"bundle_layout":"","bundled_by":[],"bundled_items":[],"yoast_head":"<!-- This site is optimized with the Yoast SEO plugin v27.4 - https:\/\/yoast.com\/product\/yoast-seo-wordpress\/ -->\n<title>Aceto Balsamico Tradizionale di Modena D.O.P. Affinato - Malagoli<\/title>\n<meta name=\"robots\" content=\"index, follow, max-snippet:-1, max-image-preview:large, max-video-preview:-1\" \/>\n<link rel=\"canonical\" href=\"https:\/\/balsamico.shop\/fi\/tuote\/malagoli-aceto-balsamico-tradizionale-di-modena-dop\/\" \/>\n<meta property=\"og:locale\" content=\"fi_FI\" \/>\n<meta property=\"og:type\" content=\"article\" \/>\n<meta property=\"og:title\" content=\"Aceto Balsamico Tradizionale di Modena D.O.P. Affinato - Malagoli\" \/>\n<meta property=\"og:description\" content=\"T\u00e4m\u00e4 Aceto Balsamico Tradizionale di Modena D.O.P. on per\u00e4isin Acetaia Malagolin tynnyreist\u00e4. T\u00e4m\u00e4n Acetaian perusti Daniele Malagoli, ja se syntyi intohimosta balsamicoon l\u00e4hes 30 vuotta sitten Modenan kaakkoispuolella sijaitsevalle alueelle tyypillisell\u00e4 tilalla. Acetaiaa ymp\u00e4r\u00f6iv\u00e4t viinik\u00f6ynn\u00f6kset, hedelm\u00e4puut ja pellot. Tynnyrien m\u00e4\u00e4r\u00e4 kasvoi vuosien mittaan ja sen my\u00f6t\u00e4 my\u00f6s siell\u00e4 tuotetun Aceto Balsamicon erinomainen laatu. Nyky\u00e4\u00e4n Acetaiaa edustaa Sofia Malagoli, Malagolien vanhin tyt\u00e4r. Is\u00e4ns\u00e4 tavoin my\u00f6s Sofia on intohimoinen balsamicoasiantuntija, ja h\u00e4n on mukana Consorzio Tutela Aceto Balsamico Tradizionale di Modena -j\u00e4rjest\u00f6n edustajana ja pit\u00e4\u00e4 balsamikursseja ja ammattiopastuksia aiheesta. T\u00e4m\u00e4 Aceto Balsamico Tradizionale di Modena D.O.P. Affinato kypsyi 12-24 vuotta Acetaia Malagolin puutynnyreiss\u00e4. Olemme yksi harvoista kaupoista maailmassa, joista voit ostaa t\u00e4t\u00e4 poikkeuksellisen hyv\u00e4\u00e4 perinteist\u00e4 balsamicoa verkossa. Kuva &#8211; Sofia Malagoli &#8211; Acetaia Malagoli T\u00e4m\u00e4 er\u00e4, jota on hyvin rajoitetusti saatavilla, toimitetaan puulaatikossa, jossa on tyypillinen nokka. Ainesosat: 100 % keitetty ryp\u00e4leen puristemehu. Huomautus: Saattaa sis\u00e4lt\u00e4\u00e4 sulfiitteja. Tuottaja: Acetaia Malagoli Daniele Via Celeste 9 41013 Castelfranco Emilia (MO), Italia\" \/>\n<meta property=\"og:url\" content=\"https:\/\/balsamico.shop\/fi\/tuote\/malagoli-aceto-balsamico-tradizionale-di-modena-dop\/\" \/>\n<meta property=\"og:site_name\" content=\"Aceto Balsamico Shop - Suomi\" \/>\n<meta property=\"article:modified_time\" content=\"2026-04-16T16:38:57+00:00\" \/>\n<meta property=\"og:image\" content=\"https:\/\/balsamico.shop\/fi\/wp-content\/uploads\/2019\/12\/aceto-balsamico-tradizionale-di-modena-dop-malagoli-12.jpg\" \/>\n\t<meta property=\"og:image:width\" content=\"1600\" \/>\n\t<meta property=\"og:image:height\" content=\"1872\" \/>\n\t<meta property=\"og:image:type\" content=\"image\/jpeg\" \/>\n<meta name=\"twitter:card\" content=\"summary_large_image\" \/>\n<meta name=\"twitter:label1\" content=\"Arvioitu lukuaika\" \/>\n\t<meta name=\"twitter:data1\" content=\"2 minuuttia\" \/>\n<script type=\"application\/ld+json\" class=\"yoast-schema-graph\">{\"@context\":\"https:\\\/\\\/schema.org\",\"@graph\":[{\"@type\":\"WebPage\",\"@id\":\"https:\\\/\\\/balsamico.shop\\\/fi\\\/tuote\\\/malagoli-aceto-balsamico-tradizionale-di-modena-dop\\\/\",\"url\":\"https:\\\/\\\/balsamico.shop\\\/fi\\\/tuote\\\/malagoli-aceto-balsamico-tradizionale-di-modena-dop\\\/\",\"name\":\"Aceto Balsamico Tradizionale di Modena D.O.P. Affinato - Malagoli\",\"isPartOf\":{\"@id\":\"https:\\\/\\\/balsamico.shop\\\/fi\\\/#website\"},\"primaryImageOfPage\":{\"@id\":\"https:\\\/\\\/balsamico.shop\\\/fi\\\/tuote\\\/malagoli-aceto-balsamico-tradizionale-di-modena-dop\\\/#primaryimage\"},\"image\":{\"@id\":\"https:\\\/\\\/balsamico.shop\\\/fi\\\/tuote\\\/malagoli-aceto-balsamico-tradizionale-di-modena-dop\\\/#primaryimage\"},\"thumbnailUrl\":\"https:\\\/\\\/balsamico.shop\\\/fi\\\/wp-content\\\/uploads\\\/2019\\\/12\\\/aceto-balsamico-tradizionale-di-modena-dop-malagoli-12.jpg\",\"datePublished\":\"2019-12-06T08:09:52+00:00\",\"dateModified\":\"2026-04-16T16:38:57+00:00\",\"breadcrumb\":{\"@id\":\"https:\\\/\\\/balsamico.shop\\\/fi\\\/tuote\\\/malagoli-aceto-balsamico-tradizionale-di-modena-dop\\\/#breadcrumb\"},\"inLanguage\":\"fi\",\"potentialAction\":[{\"@type\":\"ReadAction\",\"target\":[\"https:\\\/\\\/balsamico.shop\\\/fi\\\/tuote\\\/malagoli-aceto-balsamico-tradizionale-di-modena-dop\\\/\"]}]},{\"@type\":\"ImageObject\",\"inLanguage\":\"fi\",\"@id\":\"https:\\\/\\\/balsamico.shop\\\/fi\\\/tuote\\\/malagoli-aceto-balsamico-tradizionale-di-modena-dop\\\/#primaryimage\",\"url\":\"https:\\\/\\\/balsamico.shop\\\/fi\\\/wp-content\\\/uploads\\\/2019\\\/12\\\/aceto-balsamico-tradizionale-di-modena-dop-malagoli-12.jpg\",\"contentUrl\":\"https:\\\/\\\/balsamico.shop\\\/fi\\\/wp-content\\\/uploads\\\/2019\\\/12\\\/aceto-balsamico-tradizionale-di-modena-dop-malagoli-12.jpg\",\"width\":1600,\"height\":1872,\"caption\":\"Aceto Balsamico Tradizionale di Modena DOP - Malagoli\"},{\"@type\":\"BreadcrumbList\",\"@id\":\"https:\\\/\\\/balsamico.shop\\\/fi\\\/tuote\\\/malagoli-aceto-balsamico-tradizionale-di-modena-dop\\\/#breadcrumb\",\"itemListElement\":[{\"@type\":\"ListItem\",\"position\":1,\"name\":\"Home\",\"item\":\"https:\\\/\\\/balsamico.shop\\\/fi\\\/\"},{\"@type\":\"ListItem\",\"position\":2,\"name\":\"Balsamico Shop\",\"item\":\"https:\\\/\\\/balsamico.shop\\\/fi\\\/shop\\\/\"},{\"@type\":\"ListItem\",\"position\":3,\"name\":\"Aceto Balsamico Tradizionale di Modena D.O.P. Affinato &#8211; Malagoli\"}]},{\"@type\":\"WebSite\",\"@id\":\"https:\\\/\\\/balsamico.shop\\\/fi\\\/#website\",\"url\":\"https:\\\/\\\/balsamico.shop\\\/fi\\\/\",\"name\":\"Aceto Balsamico Shop - Suomi\",\"description\":\"Hienoin balsamietikka Italiasta\",\"potentialAction\":[{\"@type\":\"SearchAction\",\"target\":{\"@type\":\"EntryPoint\",\"urlTemplate\":\"https:\\\/\\\/balsamico.shop\\\/fi\\\/?s={search_term_string}\"},\"query-input\":{\"@type\":\"PropertyValueSpecification\",\"valueRequired\":true,\"valueName\":\"search_term_string\"}}],\"inLanguage\":\"fi\"}]}<\/script>\n<!-- \/ Yoast SEO plugin. -->","yoast_head_json":{"title":"Aceto Balsamico Tradizionale di Modena D.O.P. Affinato - Malagoli","robots":{"index":"index","follow":"follow","max-snippet":"max-snippet:-1","max-image-preview":"max-image-preview:large","max-video-preview":"max-video-preview:-1"},"canonical":"https:\/\/balsamico.shop\/fi\/tuote\/malagoli-aceto-balsamico-tradizionale-di-modena-dop\/","og_locale":"fi_FI","og_type":"article","og_title":"Aceto Balsamico Tradizionale di Modena D.O.P. Affinato - Malagoli","og_description":"T\u00e4m\u00e4 Aceto Balsamico Tradizionale di Modena D.O.P. on per\u00e4isin Acetaia Malagolin tynnyreist\u00e4. T\u00e4m\u00e4n Acetaian perusti Daniele Malagoli, ja se syntyi intohimosta balsamicoon l\u00e4hes 30 vuotta sitten Modenan kaakkoispuolella sijaitsevalle alueelle tyypillisell\u00e4 tilalla. Acetaiaa ymp\u00e4r\u00f6iv\u00e4t viinik\u00f6ynn\u00f6kset, hedelm\u00e4puut ja pellot. Tynnyrien m\u00e4\u00e4r\u00e4 kasvoi vuosien mittaan ja sen my\u00f6t\u00e4 my\u00f6s siell\u00e4 tuotetun Aceto Balsamicon erinomainen laatu. Nyky\u00e4\u00e4n Acetaiaa edustaa Sofia Malagoli, Malagolien vanhin tyt\u00e4r. Is\u00e4ns\u00e4 tavoin my\u00f6s Sofia on intohimoinen balsamicoasiantuntija, ja h\u00e4n on mukana Consorzio Tutela Aceto Balsamico Tradizionale di Modena -j\u00e4rjest\u00f6n edustajana ja pit\u00e4\u00e4 balsamikursseja ja ammattiopastuksia aiheesta. T\u00e4m\u00e4 Aceto Balsamico Tradizionale di Modena D.O.P. Affinato kypsyi 12-24 vuotta Acetaia Malagolin puutynnyreiss\u00e4. Olemme yksi harvoista kaupoista maailmassa, joista voit ostaa t\u00e4t\u00e4 poikkeuksellisen hyv\u00e4\u00e4 perinteist\u00e4 balsamicoa verkossa. Kuva &#8211; Sofia Malagoli &#8211; Acetaia Malagoli T\u00e4m\u00e4 er\u00e4, jota on hyvin rajoitetusti saatavilla, toimitetaan puulaatikossa, jossa on tyypillinen nokka. Ainesosat: 100 % keitetty ryp\u00e4leen puristemehu. Huomautus: Saattaa sis\u00e4lt\u00e4\u00e4 sulfiitteja. Tuottaja: Acetaia Malagoli Daniele Via Celeste 9 41013 Castelfranco Emilia (MO), Italia","og_url":"https:\/\/balsamico.shop\/fi\/tuote\/malagoli-aceto-balsamico-tradizionale-di-modena-dop\/","og_site_name":"Aceto Balsamico Shop - Suomi","article_modified_time":"2026-04-16T16:38:57+00:00","og_image":[{"width":1600,"height":1872,"url":"https:\/\/balsamico.shop\/fi\/wp-content\/uploads\/2019\/12\/aceto-balsamico-tradizionale-di-modena-dop-malagoli-12.jpg","type":"image\/jpeg"}],"twitter_card":"summary_large_image","twitter_misc":{"Arvioitu lukuaika":"2 minuuttia"},"schema":{"@context":"https:\/\/schema.org","@graph":[{"@type":"WebPage","@id":"https:\/\/balsamico.shop\/fi\/tuote\/malagoli-aceto-balsamico-tradizionale-di-modena-dop\/","url":"https:\/\/balsamico.shop\/fi\/tuote\/malagoli-aceto-balsamico-tradizionale-di-modena-dop\/","name":"Aceto Balsamico Tradizionale di Modena D.O.P. Affinato - Malagoli","isPartOf":{"@id":"https:\/\/balsamico.shop\/fi\/#website"},"primaryImageOfPage":{"@id":"https:\/\/balsamico.shop\/fi\/tuote\/malagoli-aceto-balsamico-tradizionale-di-modena-dop\/#primaryimage"},"image":{"@id":"https:\/\/balsamico.shop\/fi\/tuote\/malagoli-aceto-balsamico-tradizionale-di-modena-dop\/#primaryimage"},"thumbnailUrl":"https:\/\/balsamico.shop\/fi\/wp-content\/uploads\/2019\/12\/aceto-balsamico-tradizionale-di-modena-dop-malagoli-12.jpg","datePublished":"2019-12-06T08:09:52+00:00","dateModified":"2026-04-16T16:38:57+00:00","breadcrumb":{"@id":"https:\/\/balsamico.shop\/fi\/tuote\/malagoli-aceto-balsamico-tradizionale-di-modena-dop\/#breadcrumb"},"inLanguage":"fi","potentialAction":[{"@type":"ReadAction","target":["https:\/\/balsamico.shop\/fi\/tuote\/malagoli-aceto-balsamico-tradizionale-di-modena-dop\/"]}]},{"@type":"ImageObject","inLanguage":"fi","@id":"https:\/\/balsamico.shop\/fi\/tuote\/malagoli-aceto-balsamico-tradizionale-di-modena-dop\/#primaryimage","url":"https:\/\/balsamico.shop\/fi\/wp-content\/uploads\/2019\/12\/aceto-balsamico-tradizionale-di-modena-dop-malagoli-12.jpg","contentUrl":"https:\/\/balsamico.shop\/fi\/wp-content\/uploads\/2019\/12\/aceto-balsamico-tradizionale-di-modena-dop-malagoli-12.jpg","width":1600,"height":1872,"caption":"Aceto Balsamico Tradizionale di Modena DOP - Malagoli"},{"@type":"BreadcrumbList","@id":"https:\/\/balsamico.shop\/fi\/tuote\/malagoli-aceto-balsamico-tradizionale-di-modena-dop\/#breadcrumb","itemListElement":[{"@type":"ListItem","position":1,"name":"Home","item":"https:\/\/balsamico.shop\/fi\/"},{"@type":"ListItem","position":2,"name":"Balsamico Shop","item":"https:\/\/balsamico.shop\/fi\/shop\/"},{"@type":"ListItem","position":3,"name":"Aceto Balsamico Tradizionale di Modena D.O.P. Affinato &#8211; Malagoli"}]},{"@type":"WebSite","@id":"https:\/\/balsamico.shop\/fi\/#website","url":"https:\/\/balsamico.shop\/fi\/","name":"Aceto Balsamico Shop - Suomi","description":"Hienoin balsamietikka Italiasta","potentialAction":[{"@type":"SearchAction","target":{"@type":"EntryPoint","urlTemplate":"https:\/\/balsamico.shop\/fi\/?s={search_term_string}"},"query-input":{"@type":"PropertyValueSpecification","valueRequired":true,"valueName":"search_term_string"}}],"inLanguage":"fi"}]}},"_links":{"self":[{"href":"https:\/\/balsamico.shop\/fi\/wp-json\/wp\/v2\/product\/1869","targetHints":{"allow":["GET"]}}],"collection":[{"href":"https:\/\/balsamico.shop\/fi\/wp-json\/wp\/v2\/product"}],"about":[{"href":"https:\/\/balsamico.shop\/fi\/wp-json\/wp\/v2\/types\/product"}],"wp:featuredmedia":[{"embeddable":true,"href":"https:\/\/balsamico.shop\/fi\/wp-json\/wp\/v2\/media\/1872"}],"wp:attachment":[{"href":"https:\/\/balsamico.shop\/fi\/wp-json\/wp\/v2\/media?parent=1869"}],"wp:term":[{"taxonomy":"product_brand","embeddable":true,"href":"https:\/\/balsamico.shop\/fi\/wp-json\/wp\/v2\/product_brand?post=1869"},{"taxonomy":"product_cat","embeddable":true,"href":"https:\/\/balsamico.shop\/fi\/wp-json\/wp\/v2\/product_cat?post=1869"},{"taxonomy":"product_tag","embeddable":true,"href":"https:\/\/balsamico.shop\/fi\/wp-json\/wp\/v2\/product_tag?post=1869"}],"curies":[{"name":"wp","href":"https:\/\/api.w.org\/{rel}","templated":true}]}}