{"id":1861,"date":"2016-10-01T21:29:19","date_gmt":"2016-10-01T19:29:19","guid":{"rendered":"https:\/\/balsamico.shop\/fi\/?post_type=product&#038;p=1861"},"modified":"2026-05-02T19:35:01","modified_gmt":"2026-05-02T17:35:01","slug":"aceto-balsamico-tradizionale-di-modena-pedroni-italo","status":"publish","type":"product","link":"https:\/\/balsamico.shop\/fi\/tuote\/aceto-balsamico-tradizionale-di-modena-pedroni-italo\/","title":{"rendered":"Pedroni Italo &#8211; Perinteinen balsamiviinietikka &#8211; 12 v."},"content":{"rendered":"<p>Aceto Balsamico Italo on moninkertaisesti kruunatun Pedroni-etikkapuristamon klassikko. Pedronit nime\u00e4v\u00e4t perinteiset balsamiviinietikkansa aina t\u00e4rkeiden perheenj\u00e4senten mukaan, kuten t\u00e4ss\u00e4 tapauksessa. Italo Pedroni on Rubbiarassa sijaitsevan Acetaia Pedronin nykyisen yritt\u00e4j\u00e4n Giuseppe III:n is\u00e4. Pedronit omistavat ja viljelev\u00e4t Rubbiara di Nonantola -nimist\u00e4 viinitarhaa vain 5 km linnuntiet\u00e4 Modenan keskustasta. T\u00e4ll\u00e4 historiallisella viinitarhalla kasvaa vanha ryp\u00e4lelajike &#8221;<strong>Trebbiano di Spagna<\/strong>&#8221;. T\u00e4t\u00e4 ryp\u00e4lelajiketta k\u00e4ytettiin jo Francesco I d&#8217;Esten aikana, ja se s\u00e4\u00e4styi sodalta. T\u00e4m\u00e4 ryp\u00e4lelajike on t\u00e4m\u00e4n erehtym\u00e4tt\u00f6m\u00e4n Aceto Balsamico Tradizionale di Modenan perustana. Pedronit ovat ty\u00f6skennelleet t\u00e4ll\u00e4 paikalla vuodesta 1862 l\u00e4htien, ja niille on ominaista vanhat tynnyrit ja uskomaton kokemus balsamicon valmistuksesta. Perinteinen balsamiviinietikka, joka ei saisi puuttua yhdest\u00e4k\u00e4\u00e4n herkkukeitti\u00f6st\u00e4!<\/p>\n<p>Ainesosat: 100 % ryp\u00e4leen puristemehu<\/p>\n<p>Huomautus: Saattaa sis\u00e4lt\u00e4\u00e4 luonnollisia sulfiitteja.<\/p>\n<p>Tuottaja:<br \/>\nAz. Agr. Pedroni<br \/>\nVia Risaia, 6<br \/>\nRubbiara di Nonantola<br \/>\n41015 Modena<br \/>\nItalia<\/p>\n","protected":false},"excerpt":{"rendered":"<p>Aceto Balsamico Italo on moninkertaisesti kruunatun Pedroni-etikkapuristamon klassikko. Pedronit nime\u00e4v\u00e4t perinteiset balsamiviinietikkansa aina t\u00e4rkeiden perheenj\u00e4senten mukaan, kuten t\u00e4ss\u00e4 tapauksessa. Italo Pedroni on Rubbiarassa sijaitsevan Acetaia Pedronin nykyisen yritt\u00e4j\u00e4n Giuseppe III:n is\u00e4. Pedronit omistavat ja viljelev\u00e4t Rubbiara di Nonantola -nimist\u00e4 viinitarhaa vain 5 km linnuntiet\u00e4 Modenan keskustasta. T\u00e4ll\u00e4 historiallisella viinitarhalla kasvaa vanha ryp\u00e4lelajike &#8221;Trebbiano di Spagna&#8221;. T\u00e4t\u00e4 ryp\u00e4lelajiketta k\u00e4ytettiin jo Francesco I d&#8217;Esten aikana, ja se s\u00e4\u00e4styi sodalta. T\u00e4m\u00e4 ryp\u00e4lelajike on t\u00e4m\u00e4n erehtym\u00e4tt\u00f6m\u00e4n Aceto Balsamico Tradizionale di Modenan perustana. Pedronit ovat ty\u00f6skennelleet t\u00e4ll\u00e4 paikalla vuodesta 1862 l\u00e4htien, ja niille on ominaista vanhat tynnyrit ja uskomaton kokemus balsamicon valmistuksesta. Perinteinen balsamiviinietikka, joka ei saisi puuttua yhdest\u00e4k\u00e4\u00e4n herkkukeitti\u00f6st\u00e4! Ainesosat: 100 % ryp\u00e4leen puristemehu Huomautus: Saattaa sis\u00e4lt\u00e4\u00e4 luonnollisia sulfiitteja. Tuottaja: Az. Agr. Pedroni Via Risaia, 6 Rubbiara di Nonantola 41015 Modena Italia<\/p>\n","protected":false},"featured_media":1976,"template":"","meta":[],"product_brand":[],"product_cat":[32],"product_tag":[],"class_list":{"0":"post-1861","1":"product","2":"type-product","3":"status-publish","4":"has-post-thumbnail","6":"product_cat-pedroni","7":"product_shipping_class-balsamico","9":"first","10":"instock","11":"taxable","12":"shipping-taxable","13":"purchasable","14":"product-type-simple"},"bundle_layout":"","bundled_by":[],"bundled_items":[],"yoast_head":"<!-- This site is optimized with the Yoast SEO plugin v27.5 - https:\/\/yoast.com\/product\/yoast-seo-wordpress\/ -->\n<title>Pedroni Italo - Perinteinen balsamiviinietikka - 12 v.<\/title>\n<meta name=\"robots\" content=\"index, follow, max-snippet:-1, max-image-preview:large, max-video-preview:-1\" \/>\n<link rel=\"canonical\" href=\"https:\/\/balsamico.shop\/fi\/tuote\/aceto-balsamico-tradizionale-di-modena-pedroni-italo\/\" \/>\n<meta property=\"og:locale\" content=\"fi_FI\" \/>\n<meta property=\"og:type\" content=\"article\" \/>\n<meta property=\"og:title\" content=\"Pedroni Italo - Perinteinen balsamiviinietikka - 12 v.\" \/>\n<meta property=\"og:description\" content=\"Aceto Balsamico Italo on moninkertaisesti kruunatun Pedroni-etikkapuristamon klassikko. Pedronit nime\u00e4v\u00e4t perinteiset balsamiviinietikkansa aina t\u00e4rkeiden perheenj\u00e4senten mukaan, kuten t\u00e4ss\u00e4 tapauksessa. Italo Pedroni on Rubbiarassa sijaitsevan Acetaia Pedronin nykyisen yritt\u00e4j\u00e4n Giuseppe III:n is\u00e4. Pedronit omistavat ja viljelev\u00e4t Rubbiara di Nonantola -nimist\u00e4 viinitarhaa vain 5 km linnuntiet\u00e4 Modenan keskustasta. T\u00e4ll\u00e4 historiallisella viinitarhalla kasvaa vanha ryp\u00e4lelajike &#8221;Trebbiano di Spagna&#8221;. T\u00e4t\u00e4 ryp\u00e4lelajiketta k\u00e4ytettiin jo Francesco I d&#8217;Esten aikana, ja se s\u00e4\u00e4styi sodalta. T\u00e4m\u00e4 ryp\u00e4lelajike on t\u00e4m\u00e4n erehtym\u00e4tt\u00f6m\u00e4n Aceto Balsamico Tradizionale di Modenan perustana. Pedronit ovat ty\u00f6skennelleet t\u00e4ll\u00e4 paikalla vuodesta 1862 l\u00e4htien, ja niille on ominaista vanhat tynnyrit ja uskomaton kokemus balsamicon valmistuksesta. Perinteinen balsamiviinietikka, joka ei saisi puuttua yhdest\u00e4k\u00e4\u00e4n herkkukeitti\u00f6st\u00e4! Ainesosat: 100 % ryp\u00e4leen puristemehu Huomautus: Saattaa sis\u00e4lt\u00e4\u00e4 luonnollisia sulfiitteja. Tuottaja: Az. Agr. Pedroni Via Risaia, 6 Rubbiara di Nonantola 41015 Modena Italia\" \/>\n<meta property=\"og:url\" content=\"https:\/\/balsamico.shop\/fi\/tuote\/aceto-balsamico-tradizionale-di-modena-pedroni-italo\/\" \/>\n<meta property=\"og:site_name\" content=\"Aceto Balsamico Shop - Suomi\" \/>\n<meta property=\"article:modified_time\" content=\"2026-05-02T17:35:01+00:00\" \/>\n<meta property=\"og:image\" content=\"https:\/\/balsamico.shop\/fi\/wp-content\/uploads\/2016\/10\/aceto-balsamico-tradizionale-affinato-pedroni-italo-1.jpg\" \/>\n\t<meta property=\"og:image:width\" content=\"1600\" \/>\n\t<meta property=\"og:image:height\" content=\"1872\" \/>\n\t<meta property=\"og:image:type\" content=\"image\/jpeg\" \/>\n<meta name=\"twitter:card\" content=\"summary_large_image\" \/>\n<meta name=\"twitter:label1\" content=\"Arvioitu lukuaika\" \/>\n\t<meta name=\"twitter:data1\" content=\"1 minuutti\" \/>\n<script type=\"application\/ld+json\" class=\"yoast-schema-graph\">{\"@context\":\"https:\\\/\\\/schema.org\",\"@graph\":[{\"@type\":\"WebPage\",\"@id\":\"https:\\\/\\\/balsamico.shop\\\/fi\\\/tuote\\\/aceto-balsamico-tradizionale-di-modena-pedroni-italo\\\/\",\"url\":\"https:\\\/\\\/balsamico.shop\\\/fi\\\/tuote\\\/aceto-balsamico-tradizionale-di-modena-pedroni-italo\\\/\",\"name\":\"Pedroni Italo - Perinteinen balsamiviinietikka - 12 v.\",\"isPartOf\":{\"@id\":\"https:\\\/\\\/balsamico.shop\\\/fi\\\/#website\"},\"primaryImageOfPage\":{\"@id\":\"https:\\\/\\\/balsamico.shop\\\/fi\\\/tuote\\\/aceto-balsamico-tradizionale-di-modena-pedroni-italo\\\/#primaryimage\"},\"image\":{\"@id\":\"https:\\\/\\\/balsamico.shop\\\/fi\\\/tuote\\\/aceto-balsamico-tradizionale-di-modena-pedroni-italo\\\/#primaryimage\"},\"thumbnailUrl\":\"https:\\\/\\\/balsamico.shop\\\/fi\\\/wp-content\\\/uploads\\\/2016\\\/10\\\/aceto-balsamico-tradizionale-affinato-pedroni-italo-1.jpg\",\"datePublished\":\"2016-10-01T19:29:19+00:00\",\"dateModified\":\"2026-05-02T17:35:01+00:00\",\"breadcrumb\":{\"@id\":\"https:\\\/\\\/balsamico.shop\\\/fi\\\/tuote\\\/aceto-balsamico-tradizionale-di-modena-pedroni-italo\\\/#breadcrumb\"},\"inLanguage\":\"fi\",\"potentialAction\":[{\"@type\":\"ReadAction\",\"target\":[\"https:\\\/\\\/balsamico.shop\\\/fi\\\/tuote\\\/aceto-balsamico-tradizionale-di-modena-pedroni-italo\\\/\"]}]},{\"@type\":\"ImageObject\",\"inLanguage\":\"fi\",\"@id\":\"https:\\\/\\\/balsamico.shop\\\/fi\\\/tuote\\\/aceto-balsamico-tradizionale-di-modena-pedroni-italo\\\/#primaryimage\",\"url\":\"https:\\\/\\\/balsamico.shop\\\/fi\\\/wp-content\\\/uploads\\\/2016\\\/10\\\/aceto-balsamico-tradizionale-affinato-pedroni-italo-1.jpg\",\"contentUrl\":\"https:\\\/\\\/balsamico.shop\\\/fi\\\/wp-content\\\/uploads\\\/2016\\\/10\\\/aceto-balsamico-tradizionale-affinato-pedroni-italo-1.jpg\",\"width\":1600,\"height\":1872},{\"@type\":\"BreadcrumbList\",\"@id\":\"https:\\\/\\\/balsamico.shop\\\/fi\\\/tuote\\\/aceto-balsamico-tradizionale-di-modena-pedroni-italo\\\/#breadcrumb\",\"itemListElement\":[{\"@type\":\"ListItem\",\"position\":1,\"name\":\"Home\",\"item\":\"https:\\\/\\\/balsamico.shop\\\/fi\\\/\"},{\"@type\":\"ListItem\",\"position\":2,\"name\":\"Balsamico Shop\",\"item\":\"https:\\\/\\\/balsamico.shop\\\/fi\\\/shop\\\/\"},{\"@type\":\"ListItem\",\"position\":3,\"name\":\"Pedroni Italo &#8211; Perinteinen balsamiviinietikka &#8211; 12 v.\"}]},{\"@type\":\"WebSite\",\"@id\":\"https:\\\/\\\/balsamico.shop\\\/fi\\\/#website\",\"url\":\"https:\\\/\\\/balsamico.shop\\\/fi\\\/\",\"name\":\"Aceto Balsamico Shop - Suomi\",\"description\":\"Hienoin balsamietikka Italiasta\",\"potentialAction\":[{\"@type\":\"SearchAction\",\"target\":{\"@type\":\"EntryPoint\",\"urlTemplate\":\"https:\\\/\\\/balsamico.shop\\\/fi\\\/?s={search_term_string}\"},\"query-input\":{\"@type\":\"PropertyValueSpecification\",\"valueRequired\":true,\"valueName\":\"search_term_string\"}}],\"inLanguage\":\"fi\"}]}<\/script>\n<!-- \/ Yoast SEO plugin. -->","yoast_head_json":{"title":"Pedroni Italo - Perinteinen balsamiviinietikka - 12 v.","robots":{"index":"index","follow":"follow","max-snippet":"max-snippet:-1","max-image-preview":"max-image-preview:large","max-video-preview":"max-video-preview:-1"},"canonical":"https:\/\/balsamico.shop\/fi\/tuote\/aceto-balsamico-tradizionale-di-modena-pedroni-italo\/","og_locale":"fi_FI","og_type":"article","og_title":"Pedroni Italo - Perinteinen balsamiviinietikka - 12 v.","og_description":"Aceto Balsamico Italo on moninkertaisesti kruunatun Pedroni-etikkapuristamon klassikko. Pedronit nime\u00e4v\u00e4t perinteiset balsamiviinietikkansa aina t\u00e4rkeiden perheenj\u00e4senten mukaan, kuten t\u00e4ss\u00e4 tapauksessa. Italo Pedroni on Rubbiarassa sijaitsevan Acetaia Pedronin nykyisen yritt\u00e4j\u00e4n Giuseppe III:n is\u00e4. Pedronit omistavat ja viljelev\u00e4t Rubbiara di Nonantola -nimist\u00e4 viinitarhaa vain 5 km linnuntiet\u00e4 Modenan keskustasta. T\u00e4ll\u00e4 historiallisella viinitarhalla kasvaa vanha ryp\u00e4lelajike &#8221;Trebbiano di Spagna&#8221;. T\u00e4t\u00e4 ryp\u00e4lelajiketta k\u00e4ytettiin jo Francesco I d&#8217;Esten aikana, ja se s\u00e4\u00e4styi sodalta. T\u00e4m\u00e4 ryp\u00e4lelajike on t\u00e4m\u00e4n erehtym\u00e4tt\u00f6m\u00e4n Aceto Balsamico Tradizionale di Modenan perustana. Pedronit ovat ty\u00f6skennelleet t\u00e4ll\u00e4 paikalla vuodesta 1862 l\u00e4htien, ja niille on ominaista vanhat tynnyrit ja uskomaton kokemus balsamicon valmistuksesta. Perinteinen balsamiviinietikka, joka ei saisi puuttua yhdest\u00e4k\u00e4\u00e4n herkkukeitti\u00f6st\u00e4! Ainesosat: 100 % ryp\u00e4leen puristemehu Huomautus: Saattaa sis\u00e4lt\u00e4\u00e4 luonnollisia sulfiitteja. Tuottaja: Az. Agr. Pedroni Via Risaia, 6 Rubbiara di Nonantola 41015 Modena Italia","og_url":"https:\/\/balsamico.shop\/fi\/tuote\/aceto-balsamico-tradizionale-di-modena-pedroni-italo\/","og_site_name":"Aceto Balsamico Shop - Suomi","article_modified_time":"2026-05-02T17:35:01+00:00","og_image":[{"width":1600,"height":1872,"url":"https:\/\/balsamico.shop\/fi\/wp-content\/uploads\/2016\/10\/aceto-balsamico-tradizionale-affinato-pedroni-italo-1.jpg","type":"image\/jpeg"}],"twitter_card":"summary_large_image","twitter_misc":{"Arvioitu lukuaika":"1 minuutti"},"schema":{"@context":"https:\/\/schema.org","@graph":[{"@type":"WebPage","@id":"https:\/\/balsamico.shop\/fi\/tuote\/aceto-balsamico-tradizionale-di-modena-pedroni-italo\/","url":"https:\/\/balsamico.shop\/fi\/tuote\/aceto-balsamico-tradizionale-di-modena-pedroni-italo\/","name":"Pedroni Italo - Perinteinen balsamiviinietikka - 12 v.","isPartOf":{"@id":"https:\/\/balsamico.shop\/fi\/#website"},"primaryImageOfPage":{"@id":"https:\/\/balsamico.shop\/fi\/tuote\/aceto-balsamico-tradizionale-di-modena-pedroni-italo\/#primaryimage"},"image":{"@id":"https:\/\/balsamico.shop\/fi\/tuote\/aceto-balsamico-tradizionale-di-modena-pedroni-italo\/#primaryimage"},"thumbnailUrl":"https:\/\/balsamico.shop\/fi\/wp-content\/uploads\/2016\/10\/aceto-balsamico-tradizionale-affinato-pedroni-italo-1.jpg","datePublished":"2016-10-01T19:29:19+00:00","dateModified":"2026-05-02T17:35:01+00:00","breadcrumb":{"@id":"https:\/\/balsamico.shop\/fi\/tuote\/aceto-balsamico-tradizionale-di-modena-pedroni-italo\/#breadcrumb"},"inLanguage":"fi","potentialAction":[{"@type":"ReadAction","target":["https:\/\/balsamico.shop\/fi\/tuote\/aceto-balsamico-tradizionale-di-modena-pedroni-italo\/"]}]},{"@type":"ImageObject","inLanguage":"fi","@id":"https:\/\/balsamico.shop\/fi\/tuote\/aceto-balsamico-tradizionale-di-modena-pedroni-italo\/#primaryimage","url":"https:\/\/balsamico.shop\/fi\/wp-content\/uploads\/2016\/10\/aceto-balsamico-tradizionale-affinato-pedroni-italo-1.jpg","contentUrl":"https:\/\/balsamico.shop\/fi\/wp-content\/uploads\/2016\/10\/aceto-balsamico-tradizionale-affinato-pedroni-italo-1.jpg","width":1600,"height":1872},{"@type":"BreadcrumbList","@id":"https:\/\/balsamico.shop\/fi\/tuote\/aceto-balsamico-tradizionale-di-modena-pedroni-italo\/#breadcrumb","itemListElement":[{"@type":"ListItem","position":1,"name":"Home","item":"https:\/\/balsamico.shop\/fi\/"},{"@type":"ListItem","position":2,"name":"Balsamico Shop","item":"https:\/\/balsamico.shop\/fi\/shop\/"},{"@type":"ListItem","position":3,"name":"Pedroni Italo &#8211; Perinteinen balsamiviinietikka &#8211; 12 v."}]},{"@type":"WebSite","@id":"https:\/\/balsamico.shop\/fi\/#website","url":"https:\/\/balsamico.shop\/fi\/","name":"Aceto Balsamico Shop - Suomi","description":"Hienoin balsamietikka Italiasta","potentialAction":[{"@type":"SearchAction","target":{"@type":"EntryPoint","urlTemplate":"https:\/\/balsamico.shop\/fi\/?s={search_term_string}"},"query-input":{"@type":"PropertyValueSpecification","valueRequired":true,"valueName":"search_term_string"}}],"inLanguage":"fi"}]}},"_links":{"self":[{"href":"https:\/\/balsamico.shop\/fi\/wp-json\/wp\/v2\/product\/1861","targetHints":{"allow":["GET"]}}],"collection":[{"href":"https:\/\/balsamico.shop\/fi\/wp-json\/wp\/v2\/product"}],"about":[{"href":"https:\/\/balsamico.shop\/fi\/wp-json\/wp\/v2\/types\/product"}],"wp:featuredmedia":[{"embeddable":true,"href":"https:\/\/balsamico.shop\/fi\/wp-json\/wp\/v2\/media\/1976"}],"wp:attachment":[{"href":"https:\/\/balsamico.shop\/fi\/wp-json\/wp\/v2\/media?parent=1861"}],"wp:term":[{"taxonomy":"product_brand","embeddable":true,"href":"https:\/\/balsamico.shop\/fi\/wp-json\/wp\/v2\/product_brand?post=1861"},{"taxonomy":"product_cat","embeddable":true,"href":"https:\/\/balsamico.shop\/fi\/wp-json\/wp\/v2\/product_cat?post=1861"},{"taxonomy":"product_tag","embeddable":true,"href":"https:\/\/balsamico.shop\/fi\/wp-json\/wp\/v2\/product_tag?post=1861"}],"curies":[{"name":"wp","href":"https:\/\/api.w.org\/{rel}","templated":true}]}}