{"id":1852,"date":"2016-11-17T22:31:46","date_gmt":"2016-11-17T21:31:46","guid":{"rendered":"https:\/\/balsamico.shop\/fi\/?post_type=product&#038;p=1852"},"modified":"2026-03-23T06:45:30","modified_gmt":"2026-03-23T05:45:30","slug":"malpighi-balsamico-affinato-aceto-tradizionale-12","status":"publish","type":"product","link":"https:\/\/balsamico.shop\/fi\/tuote\/malpighi-balsamico-affinato-aceto-tradizionale-12\/","title":{"rendered":"Malpighi &#8211; Aceto Balsamico Tradizionale Affinato &#8211; Kypsytetty 12 vuotta"},"content":{"rendered":"<p>Acetaia <strong>Malpighi<\/strong> on valmistanut Aceto Balsamicoa viiden sukupolven ajan vuodesta 1850 l\u00e4htien. Massimo Malpighin nykyisen johdon alaisuudessa myyd\u00e4\u00e4n noin 10 000 pulloa vuodessa ymp\u00e4ri maailmaa. <strong>Aceto Balsamico Tradizionale<\/strong> muodostaa pienimm\u00e4n osan, mik\u00e4 johtuu sen hinnasta ja rajoitetusta saatavuudesta. Tieto aidon balsamicon valmistamisesta vanhan perinteen mukaisesti siirtyy Malpighien keskuudessa sukupolvelta toiselle. T\u00e4m\u00e4 nuori <strong>Affinato<\/strong> on hyv\u00e4 johdatus Tradizionalen maailmaan, ja se on yksi ensimm\u00e4isist\u00e4 ABTM:ist\u00e4, joita maistoin balsamico-urani aikana. Kermanv\u00e4rinen korkki osoittaa, ett\u00e4 t\u00e4m\u00e4 balsamico on pullotettu Spilambertossa. Sit\u00e4 on kypsytetty 12 vuotta Acetaian puutynnyreiss\u00e4, ja jokainen er\u00e4 maistettiin ja luokiteltiin ennen pullotusta.<\/p>\n<p>Palaan t\u00e4h\u00e4n tippaan yh\u00e4 uudestaan ja uudestaan ja k\u00e4yt\u00e4n sit\u00e4 valittujen salaattien tai carpaccioiden koristeena. Todellinen originaali.<\/p>\n<p>Acetaia Malpighi sijaitsee Modenan etel\u00e4puolella, ja se tarjoaa matkailijoille my\u00f6s mahdollisuuden opastettuun kierrokseen.<\/p>\n<p>&nbsp;<\/p>\n<p>Ainesosat: 100-prosenttisesti s\u00e4il\u00f6tty ryp\u00e4leen puristemehu Lambrusco- ja Trebbiano-ryp\u00e4leist\u00e4.<\/p>\n<p>Huomautus: Saattaa sis\u00e4lt\u00e4\u00e4 luonnollisia sulfiitteja.<\/p>\n<p>Tuottaja:<br \/>\nAcetaia MALPIGHI Srl.<br \/>\nStradello Barca, 20<br \/>\n41126 Modena, Italia<\/p>\n","protected":false},"excerpt":{"rendered":"<p>Acetaia Malpighi on valmistanut Aceto Balsamicoa viiden sukupolven ajan vuodesta 1850 l\u00e4htien. Massimo Malpighin nykyisen johdon alaisuudessa myyd\u00e4\u00e4n noin 10 000 pulloa vuodessa ymp\u00e4ri maailmaa. Aceto Balsamico Tradizionale muodostaa pienimm\u00e4n osan, mik\u00e4 johtuu sen hinnasta ja rajoitetusta saatavuudesta. Tieto aidon balsamicon valmistamisesta vanhan perinteen mukaisesti siirtyy Malpighien keskuudessa sukupolvelta toiselle. T\u00e4m\u00e4 nuori Affinato on hyv\u00e4 johdatus Tradizionalen maailmaan, ja se on yksi ensimm\u00e4isist\u00e4 ABTM:ist\u00e4, joita maistoin balsamico-urani aikana. Kermanv\u00e4rinen korkki osoittaa, ett\u00e4 t\u00e4m\u00e4 balsamico on pullotettu Spilambertossa. Sit\u00e4 on kypsytetty 12 vuotta Acetaian puutynnyreiss\u00e4, ja jokainen er\u00e4 maistettiin ja luokiteltiin ennen pullotusta. Palaan t\u00e4h\u00e4n tippaan yh\u00e4 uudestaan ja uudestaan ja k\u00e4yt\u00e4n sit\u00e4 valittujen salaattien tai carpaccioiden koristeena. Todellinen originaali. Acetaia Malpighi sijaitsee Modenan etel\u00e4puolella, ja se tarjoaa matkailijoille my\u00f6s mahdollisuuden opastettuun kierrokseen. &nbsp; Ainesosat: 100-prosenttisesti s\u00e4il\u00f6tty ryp\u00e4leen puristemehu Lambrusco- ja Trebbiano-ryp\u00e4leist\u00e4. Huomautus: Saattaa sis\u00e4lt\u00e4\u00e4 luonnollisia sulfiitteja. Tuottaja: Acetaia MALPIGHI Srl. Stradello Barca, 20 41126 Modena, Italia<\/p>\n","protected":false},"featured_media":1983,"template":"","meta":[],"product_brand":[],"product_cat":[34],"product_tag":[],"class_list":{"0":"post-1852","1":"product","2":"type-product","3":"status-publish","4":"has-post-thumbnail","6":"product_cat-malpighi","7":"product_shipping_class-balsamico","9":"first","10":"outofstock","11":"taxable","12":"shipping-taxable","13":"purchasable","14":"product-type-simple"},"bundle_layout":"","bundled_by":[],"bundled_items":[],"yoast_head":"<!-- This site is optimized with the Yoast SEO plugin v27.5 - https:\/\/yoast.com\/product\/yoast-seo-wordpress\/ -->\n<title>Malpighi - Aceto Balsamico Tradizionale Affinato - Kypsytetty 12 vuotta<\/title>\n<meta name=\"robots\" content=\"index, follow, max-snippet:-1, max-image-preview:large, max-video-preview:-1\" \/>\n<link rel=\"canonical\" href=\"https:\/\/balsamico.shop\/fi\/tuote\/malpighi-balsamico-affinato-aceto-tradizionale-12\/\" \/>\n<meta property=\"og:locale\" content=\"fi_FI\" \/>\n<meta property=\"og:type\" content=\"article\" \/>\n<meta property=\"og:title\" content=\"Malpighi - Aceto Balsamico Tradizionale Affinato - Kypsytetty 12 vuotta\" \/>\n<meta property=\"og:description\" content=\"Acetaia Malpighi on valmistanut Aceto Balsamicoa viiden sukupolven ajan vuodesta 1850 l\u00e4htien. Massimo Malpighin nykyisen johdon alaisuudessa myyd\u00e4\u00e4n noin 10 000 pulloa vuodessa ymp\u00e4ri maailmaa. Aceto Balsamico Tradizionale muodostaa pienimm\u00e4n osan, mik\u00e4 johtuu sen hinnasta ja rajoitetusta saatavuudesta. Tieto aidon balsamicon valmistamisesta vanhan perinteen mukaisesti siirtyy Malpighien keskuudessa sukupolvelta toiselle. T\u00e4m\u00e4 nuori Affinato on hyv\u00e4 johdatus Tradizionalen maailmaan, ja se on yksi ensimm\u00e4isist\u00e4 ABTM:ist\u00e4, joita maistoin balsamico-urani aikana. Kermanv\u00e4rinen korkki osoittaa, ett\u00e4 t\u00e4m\u00e4 balsamico on pullotettu Spilambertossa. Sit\u00e4 on kypsytetty 12 vuotta Acetaian puutynnyreiss\u00e4, ja jokainen er\u00e4 maistettiin ja luokiteltiin ennen pullotusta. Palaan t\u00e4h\u00e4n tippaan yh\u00e4 uudestaan ja uudestaan ja k\u00e4yt\u00e4n sit\u00e4 valittujen salaattien tai carpaccioiden koristeena. Todellinen originaali. Acetaia Malpighi sijaitsee Modenan etel\u00e4puolella, ja se tarjoaa matkailijoille my\u00f6s mahdollisuuden opastettuun kierrokseen. &nbsp; Ainesosat: 100-prosenttisesti s\u00e4il\u00f6tty ryp\u00e4leen puristemehu Lambrusco- ja Trebbiano-ryp\u00e4leist\u00e4. Huomautus: Saattaa sis\u00e4lt\u00e4\u00e4 luonnollisia sulfiitteja. Tuottaja: Acetaia MALPIGHI Srl. Stradello Barca, 20 41126 Modena, Italia\" \/>\n<meta property=\"og:url\" content=\"https:\/\/balsamico.shop\/fi\/tuote\/malpighi-balsamico-affinato-aceto-tradizionale-12\/\" \/>\n<meta property=\"og:site_name\" content=\"Aceto Balsamico Shop - Suomi\" \/>\n<meta property=\"article:modified_time\" content=\"2026-03-23T05:45:30+00:00\" \/>\n<meta property=\"og:image\" content=\"https:\/\/balsamico.shop\/fi\/wp-content\/uploads\/2016\/11\/malpighi-balsamico-tradizionale-modena-affinato.jpg\" \/>\n\t<meta property=\"og:image:width\" content=\"1600\" \/>\n\t<meta property=\"og:image:height\" content=\"1872\" \/>\n\t<meta property=\"og:image:type\" content=\"image\/jpeg\" \/>\n<meta name=\"twitter:card\" content=\"summary_large_image\" \/>\n<meta name=\"twitter:label1\" content=\"Arvioitu lukuaika\" \/>\n\t<meta name=\"twitter:data1\" content=\"1 minuutti\" \/>\n<script type=\"application\/ld+json\" class=\"yoast-schema-graph\">{\"@context\":\"https:\\\/\\\/schema.org\",\"@graph\":[{\"@type\":\"WebPage\",\"@id\":\"https:\\\/\\\/balsamico.shop\\\/fi\\\/tuote\\\/malpighi-balsamico-affinato-aceto-tradizionale-12\\\/\",\"url\":\"https:\\\/\\\/balsamico.shop\\\/fi\\\/tuote\\\/malpighi-balsamico-affinato-aceto-tradizionale-12\\\/\",\"name\":\"Malpighi - Aceto Balsamico Tradizionale Affinato - Kypsytetty 12 vuotta\",\"isPartOf\":{\"@id\":\"https:\\\/\\\/balsamico.shop\\\/fi\\\/#website\"},\"primaryImageOfPage\":{\"@id\":\"https:\\\/\\\/balsamico.shop\\\/fi\\\/tuote\\\/malpighi-balsamico-affinato-aceto-tradizionale-12\\\/#primaryimage\"},\"image\":{\"@id\":\"https:\\\/\\\/balsamico.shop\\\/fi\\\/tuote\\\/malpighi-balsamico-affinato-aceto-tradizionale-12\\\/#primaryimage\"},\"thumbnailUrl\":\"https:\\\/\\\/balsamico.shop\\\/fi\\\/wp-content\\\/uploads\\\/2016\\\/11\\\/malpighi-balsamico-tradizionale-modena-affinato.jpg\",\"datePublished\":\"2016-11-17T21:31:46+00:00\",\"dateModified\":\"2026-03-23T05:45:30+00:00\",\"breadcrumb\":{\"@id\":\"https:\\\/\\\/balsamico.shop\\\/fi\\\/tuote\\\/malpighi-balsamico-affinato-aceto-tradizionale-12\\\/#breadcrumb\"},\"inLanguage\":\"fi\",\"potentialAction\":[{\"@type\":\"ReadAction\",\"target\":[\"https:\\\/\\\/balsamico.shop\\\/fi\\\/tuote\\\/malpighi-balsamico-affinato-aceto-tradizionale-12\\\/\"]}]},{\"@type\":\"ImageObject\",\"inLanguage\":\"fi\",\"@id\":\"https:\\\/\\\/balsamico.shop\\\/fi\\\/tuote\\\/malpighi-balsamico-affinato-aceto-tradizionale-12\\\/#primaryimage\",\"url\":\"https:\\\/\\\/balsamico.shop\\\/fi\\\/wp-content\\\/uploads\\\/2016\\\/11\\\/malpighi-balsamico-tradizionale-modena-affinato.jpg\",\"contentUrl\":\"https:\\\/\\\/balsamico.shop\\\/fi\\\/wp-content\\\/uploads\\\/2016\\\/11\\\/malpighi-balsamico-tradizionale-modena-affinato.jpg\",\"width\":1600,\"height\":1872},{\"@type\":\"BreadcrumbList\",\"@id\":\"https:\\\/\\\/balsamico.shop\\\/fi\\\/tuote\\\/malpighi-balsamico-affinato-aceto-tradizionale-12\\\/#breadcrumb\",\"itemListElement\":[{\"@type\":\"ListItem\",\"position\":1,\"name\":\"Home\",\"item\":\"https:\\\/\\\/balsamico.shop\\\/fi\\\/\"},{\"@type\":\"ListItem\",\"position\":2,\"name\":\"Balsamico Shop\",\"item\":\"https:\\\/\\\/balsamico.shop\\\/fi\\\/shop\\\/\"},{\"@type\":\"ListItem\",\"position\":3,\"name\":\"Malpighi &#8211; Aceto Balsamico Tradizionale Affinato &#8211; Kypsytetty 12 vuotta\"}]},{\"@type\":\"WebSite\",\"@id\":\"https:\\\/\\\/balsamico.shop\\\/fi\\\/#website\",\"url\":\"https:\\\/\\\/balsamico.shop\\\/fi\\\/\",\"name\":\"Aceto Balsamico Shop - Suomi\",\"description\":\"Hienoin balsamietikka Italiasta\",\"potentialAction\":[{\"@type\":\"SearchAction\",\"target\":{\"@type\":\"EntryPoint\",\"urlTemplate\":\"https:\\\/\\\/balsamico.shop\\\/fi\\\/?s={search_term_string}\"},\"query-input\":{\"@type\":\"PropertyValueSpecification\",\"valueRequired\":true,\"valueName\":\"search_term_string\"}}],\"inLanguage\":\"fi\"}]}<\/script>\n<!-- \/ Yoast SEO plugin. -->","yoast_head_json":{"title":"Malpighi - Aceto Balsamico Tradizionale Affinato - Kypsytetty 12 vuotta","robots":{"index":"index","follow":"follow","max-snippet":"max-snippet:-1","max-image-preview":"max-image-preview:large","max-video-preview":"max-video-preview:-1"},"canonical":"https:\/\/balsamico.shop\/fi\/tuote\/malpighi-balsamico-affinato-aceto-tradizionale-12\/","og_locale":"fi_FI","og_type":"article","og_title":"Malpighi - Aceto Balsamico Tradizionale Affinato - Kypsytetty 12 vuotta","og_description":"Acetaia Malpighi on valmistanut Aceto Balsamicoa viiden sukupolven ajan vuodesta 1850 l\u00e4htien. Massimo Malpighin nykyisen johdon alaisuudessa myyd\u00e4\u00e4n noin 10 000 pulloa vuodessa ymp\u00e4ri maailmaa. Aceto Balsamico Tradizionale muodostaa pienimm\u00e4n osan, mik\u00e4 johtuu sen hinnasta ja rajoitetusta saatavuudesta. Tieto aidon balsamicon valmistamisesta vanhan perinteen mukaisesti siirtyy Malpighien keskuudessa sukupolvelta toiselle. T\u00e4m\u00e4 nuori Affinato on hyv\u00e4 johdatus Tradizionalen maailmaan, ja se on yksi ensimm\u00e4isist\u00e4 ABTM:ist\u00e4, joita maistoin balsamico-urani aikana. Kermanv\u00e4rinen korkki osoittaa, ett\u00e4 t\u00e4m\u00e4 balsamico on pullotettu Spilambertossa. Sit\u00e4 on kypsytetty 12 vuotta Acetaian puutynnyreiss\u00e4, ja jokainen er\u00e4 maistettiin ja luokiteltiin ennen pullotusta. Palaan t\u00e4h\u00e4n tippaan yh\u00e4 uudestaan ja uudestaan ja k\u00e4yt\u00e4n sit\u00e4 valittujen salaattien tai carpaccioiden koristeena. Todellinen originaali. Acetaia Malpighi sijaitsee Modenan etel\u00e4puolella, ja se tarjoaa matkailijoille my\u00f6s mahdollisuuden opastettuun kierrokseen. &nbsp; Ainesosat: 100-prosenttisesti s\u00e4il\u00f6tty ryp\u00e4leen puristemehu Lambrusco- ja Trebbiano-ryp\u00e4leist\u00e4. Huomautus: Saattaa sis\u00e4lt\u00e4\u00e4 luonnollisia sulfiitteja. Tuottaja: Acetaia MALPIGHI Srl. Stradello Barca, 20 41126 Modena, Italia","og_url":"https:\/\/balsamico.shop\/fi\/tuote\/malpighi-balsamico-affinato-aceto-tradizionale-12\/","og_site_name":"Aceto Balsamico Shop - Suomi","article_modified_time":"2026-03-23T05:45:30+00:00","og_image":[{"width":1600,"height":1872,"url":"https:\/\/balsamico.shop\/fi\/wp-content\/uploads\/2016\/11\/malpighi-balsamico-tradizionale-modena-affinato.jpg","type":"image\/jpeg"}],"twitter_card":"summary_large_image","twitter_misc":{"Arvioitu lukuaika":"1 minuutti"},"schema":{"@context":"https:\/\/schema.org","@graph":[{"@type":"WebPage","@id":"https:\/\/balsamico.shop\/fi\/tuote\/malpighi-balsamico-affinato-aceto-tradizionale-12\/","url":"https:\/\/balsamico.shop\/fi\/tuote\/malpighi-balsamico-affinato-aceto-tradizionale-12\/","name":"Malpighi - Aceto Balsamico Tradizionale Affinato - Kypsytetty 12 vuotta","isPartOf":{"@id":"https:\/\/balsamico.shop\/fi\/#website"},"primaryImageOfPage":{"@id":"https:\/\/balsamico.shop\/fi\/tuote\/malpighi-balsamico-affinato-aceto-tradizionale-12\/#primaryimage"},"image":{"@id":"https:\/\/balsamico.shop\/fi\/tuote\/malpighi-balsamico-affinato-aceto-tradizionale-12\/#primaryimage"},"thumbnailUrl":"https:\/\/balsamico.shop\/fi\/wp-content\/uploads\/2016\/11\/malpighi-balsamico-tradizionale-modena-affinato.jpg","datePublished":"2016-11-17T21:31:46+00:00","dateModified":"2026-03-23T05:45:30+00:00","breadcrumb":{"@id":"https:\/\/balsamico.shop\/fi\/tuote\/malpighi-balsamico-affinato-aceto-tradizionale-12\/#breadcrumb"},"inLanguage":"fi","potentialAction":[{"@type":"ReadAction","target":["https:\/\/balsamico.shop\/fi\/tuote\/malpighi-balsamico-affinato-aceto-tradizionale-12\/"]}]},{"@type":"ImageObject","inLanguage":"fi","@id":"https:\/\/balsamico.shop\/fi\/tuote\/malpighi-balsamico-affinato-aceto-tradizionale-12\/#primaryimage","url":"https:\/\/balsamico.shop\/fi\/wp-content\/uploads\/2016\/11\/malpighi-balsamico-tradizionale-modena-affinato.jpg","contentUrl":"https:\/\/balsamico.shop\/fi\/wp-content\/uploads\/2016\/11\/malpighi-balsamico-tradizionale-modena-affinato.jpg","width":1600,"height":1872},{"@type":"BreadcrumbList","@id":"https:\/\/balsamico.shop\/fi\/tuote\/malpighi-balsamico-affinato-aceto-tradizionale-12\/#breadcrumb","itemListElement":[{"@type":"ListItem","position":1,"name":"Home","item":"https:\/\/balsamico.shop\/fi\/"},{"@type":"ListItem","position":2,"name":"Balsamico Shop","item":"https:\/\/balsamico.shop\/fi\/shop\/"},{"@type":"ListItem","position":3,"name":"Malpighi &#8211; Aceto Balsamico Tradizionale Affinato &#8211; Kypsytetty 12 vuotta"}]},{"@type":"WebSite","@id":"https:\/\/balsamico.shop\/fi\/#website","url":"https:\/\/balsamico.shop\/fi\/","name":"Aceto Balsamico Shop - Suomi","description":"Hienoin balsamietikka Italiasta","potentialAction":[{"@type":"SearchAction","target":{"@type":"EntryPoint","urlTemplate":"https:\/\/balsamico.shop\/fi\/?s={search_term_string}"},"query-input":{"@type":"PropertyValueSpecification","valueRequired":true,"valueName":"search_term_string"}}],"inLanguage":"fi"}]}},"_links":{"self":[{"href":"https:\/\/balsamico.shop\/fi\/wp-json\/wp\/v2\/product\/1852","targetHints":{"allow":["GET"]}}],"collection":[{"href":"https:\/\/balsamico.shop\/fi\/wp-json\/wp\/v2\/product"}],"about":[{"href":"https:\/\/balsamico.shop\/fi\/wp-json\/wp\/v2\/types\/product"}],"wp:featuredmedia":[{"embeddable":true,"href":"https:\/\/balsamico.shop\/fi\/wp-json\/wp\/v2\/media\/1983"}],"wp:attachment":[{"href":"https:\/\/balsamico.shop\/fi\/wp-json\/wp\/v2\/media?parent=1852"}],"wp:term":[{"taxonomy":"product_brand","embeddable":true,"href":"https:\/\/balsamico.shop\/fi\/wp-json\/wp\/v2\/product_brand?post=1852"},{"taxonomy":"product_cat","embeddable":true,"href":"https:\/\/balsamico.shop\/fi\/wp-json\/wp\/v2\/product_cat?post=1852"},{"taxonomy":"product_tag","embeddable":true,"href":"https:\/\/balsamico.shop\/fi\/wp-json\/wp\/v2\/product_tag?post=1852"}],"curies":[{"name":"wp","href":"https:\/\/api.w.org\/{rel}","templated":true}]}}