{"id":1829,"date":"2018-07-07T19:07:33","date_gmt":"2018-07-07T17:07:33","guid":{"rendered":"https:\/\/balsamico.shop\/fi\/?post_type=product&#038;p=1829"},"modified":"2026-04-13T20:05:12","modified_gmt":"2026-04-13T18:05:12","slug":"bernardo-tesori-kulta-aceto-balsamico-tradizionale-di-modena-dop-extra-vecchio","status":"publish","type":"product","link":"https:\/\/balsamico.shop\/fi\/tuote\/bernardo-tesori-kulta-aceto-balsamico-tradizionale-di-modena-dop-extra-vecchio\/","title":{"rendered":"Bernardo Tesori &#8211; Kulta &#8211; Aceto Balsamico Tradizionale di Modena ExtraVecchio D.O.P."},"content":{"rendered":"<p>Erikoispainoksemme Bernardo Tesori Kulta on <strong>Aceto Balsamico Tradizionale di Modena extravecchio D.O.P.<\/strong> omaa luokkaansa. Me Bernardo Tesorilla maistelemme lukemattomia perinteisi\u00e4 balsamiviinietikoita, ja vain hyvin harvat niist\u00e4 p\u00e4\u00e4sev\u00e4t myym\u00e4l\u00e4\u00e4mme. Kultainen sarjamme kruunaa t\u00e4m\u00e4n valikoiman ja kunnioittaa erityist\u00e4 pullotusta, joka on vakuuttanut meid\u00e4t tasaisuudellaan, aromillaan ja intensiivisell\u00e4 maullaan. Jaamme t\u00e4m\u00e4n ainutlaatuisen valinnan tuloksen kanssasi ja myymme my\u00f6s hyvin rajoitetun osan t\u00e4st\u00e4 sarjasta t\u00e4\u00e4ll\u00e4 myym\u00e4l\u00e4ss\u00e4.<\/p>\n<p><img decoding=\"async\" class=\"alignleft\" src=\"https:\/\/balsamico.shop\/de\/wp-content\/uploads\/2018\/07\/acetaia.jpg\" \/>Tietoja Bernardo Tesorin kultaisesta sarjasta: T\u00e4m\u00e4 korkealaatuinen balsamico kypsyi yli 25 vuotta viidess\u00e4 eri puutynnyriss\u00e4 (tammi, kastanja, saarni, kirsikka ja kataja). T\u00e4m\u00e4n balsamicoviinin viinik\u00f6ynn\u00f6kset sijaitsevat noin 15 km Modenan keskustasta pohjoiseen. T\u00e4ss\u00e4 balsamicossa on jalostettu Trebbiano- ja Lambrusco-ryp\u00e4leit\u00e4.<img decoding=\"async\" class=\"alignright\" src=\"https:\/\/balsamico.shop\/de\/wp-content\/uploads\/2018\/07\/zeit-ist-geld.jpg\" \/><\/p>\n<p>Maistelumme osoitti, ett\u00e4 t\u00e4ss\u00e4 balsamicossa on sopiva harmonia happamuuden, voimakkuuden ja makeuden v\u00e4lill\u00e4. Tasapaino ja alueelle ja ryp\u00e4lelajikkeelle tyypilliset aromit sek\u00e4 vanhat tynnyriakut vakuuttivat meid\u00e4t. Aceto Balsamico Tradizionale D.O.P. on Brix-arvoltaan yli 70 pistett\u00e4, ja se tarjoaa eritt\u00e4in vanhan balsamicon tarpeellisen makeuden. 4 %:n happamuus on t\u00e4ydellisesti integroitu. T\u00e4llaiselta<strong> Tradizionale Extravecchio<\/strong> -juuston on maistuttava!<\/p>\n<p>Toimitamme kultaisen sarjamme alkuper\u00e4isess\u00e4 pullossa ja kest\u00e4v\u00e4ss\u00e4 puisessa lahjalaatikossa, jossa on <strong>alkuper\u00e4inen lasikorkkikaadin<\/strong>.<\/p>\n<p>&nbsp;<\/p>\n<p>&nbsp;<\/p>\n<p>Ainesosat: 100 % keitetty ryp\u00e4leen puristemehu. Saattaa sis\u00e4lt\u00e4\u00e4 luonnollisia sulfiitteja.<\/p>\n<p>Jakelija: Bernardo Tesori &#8211; Acoonia GmbH:n tuotemerkki. Brabandtstra\u00dfe 8, 38100 Braunschweig, Saksa<\/p>\n<p>Vastuullinen tuottaja: ACETOMODENA &#8211; Borelle 120 &#8211; 41126 Modena (MO), Italia.<\/p>\n","protected":false},"excerpt":{"rendered":"<p>Erikoispainoksemme Bernardo Tesori Kulta on Aceto Balsamico Tradizionale di Modena extravecchio D.O.P. omaa luokkaansa. Me Bernardo Tesorilla maistelemme lukemattomia perinteisi\u00e4 balsamiviinietikoita, ja vain hyvin harvat niist\u00e4 p\u00e4\u00e4sev\u00e4t myym\u00e4l\u00e4\u00e4mme. Kultainen sarjamme kruunaa t\u00e4m\u00e4n valikoiman ja kunnioittaa erityist\u00e4 pullotusta, joka on vakuuttanut meid\u00e4t tasaisuudellaan, aromillaan ja intensiivisell\u00e4 maullaan. Jaamme t\u00e4m\u00e4n ainutlaatuisen valinnan tuloksen kanssasi ja myymme my\u00f6s hyvin rajoitetun osan t\u00e4st\u00e4 sarjasta t\u00e4\u00e4ll\u00e4 myym\u00e4l\u00e4ss\u00e4. Tietoja Bernardo Tesorin kultaisesta sarjasta: T\u00e4m\u00e4 korkealaatuinen balsamico kypsyi yli 25 vuotta viidess\u00e4 eri puutynnyriss\u00e4 (tammi, kastanja, saarni, kirsikka ja kataja). T\u00e4m\u00e4n balsamicoviinin viinik\u00f6ynn\u00f6kset sijaitsevat noin 15 km Modenan keskustasta pohjoiseen. T\u00e4ss\u00e4 balsamicossa on jalostettu Trebbiano- ja Lambrusco-ryp\u00e4leit\u00e4. Maistelumme osoitti, ett\u00e4 t\u00e4ss\u00e4 balsamicossa on sopiva harmonia happamuuden, voimakkuuden ja makeuden v\u00e4lill\u00e4. Tasapaino ja alueelle ja ryp\u00e4lelajikkeelle tyypilliset aromit sek\u00e4 vanhat tynnyriakut vakuuttivat meid\u00e4t. Aceto Balsamico Tradizionale D.O.P. on Brix-arvoltaan yli 70 pistett\u00e4, ja se tarjoaa eritt\u00e4in vanhan balsamicon tarpeellisen makeuden. 4 %:n happamuus on t\u00e4ydellisesti integroitu. T\u00e4llaiselta Tradizionale Extravecchio -juuston on maistuttava! Toimitamme kultaisen sarjamme alkuper\u00e4isess\u00e4 pullossa ja kest\u00e4v\u00e4ss\u00e4 puisessa lahjalaatikossa, jossa on alkuper\u00e4inen lasikorkkikaadin. &nbsp; &nbsp; Ainesosat: 100 % keitetty ryp\u00e4leen puristemehu. Saattaa sis\u00e4lt\u00e4\u00e4 luonnollisia sulfiitteja. Jakelija: Bernardo Tesori &#8211; Acoonia GmbH:n tuotemerkki. Brabandtstra\u00dfe 8, 38100 Braunschweig, Saksa Vastuullinen tuottaja: ACETOMODENA &#8211; Borelle 120 &#8211; 41126 Modena (MO), Italia.<\/p>\n","protected":false},"featured_media":1832,"template":"","meta":[],"product_brand":[],"product_cat":[62],"product_tag":[],"class_list":{"0":"post-1829","1":"product","2":"type-product","3":"status-publish","4":"has-post-thumbnail","6":"product_cat-bernardo-tesori","7":"product_shipping_class-ueber-100","9":"first","10":"instock","11":"featured","12":"taxable","13":"shipping-taxable","14":"purchasable","15":"product-type-simple"},"bundle_layout":"","bundled_by":[],"bundled_items":[],"yoast_head":"<!-- This site is optimized with the Yoast SEO plugin v27.4 - https:\/\/yoast.com\/product\/yoast-seo-wordpress\/ -->\n<title>Bernardo Tesori - Kulta - Aceto Balsamico Tradizionale di Modena ExtraVecchio D.O.P.<\/title>\n<meta name=\"robots\" content=\"index, follow, max-snippet:-1, max-image-preview:large, max-video-preview:-1\" \/>\n<link rel=\"canonical\" href=\"https:\/\/balsamico.shop\/fi\/tuote\/bernardo-tesori-kulta-aceto-balsamico-tradizionale-di-modena-dop-extra-vecchio\/\" \/>\n<meta property=\"og:locale\" content=\"fi_FI\" \/>\n<meta property=\"og:type\" content=\"article\" \/>\n<meta property=\"og:title\" content=\"Bernardo Tesori - Kulta - Aceto Balsamico Tradizionale di Modena ExtraVecchio D.O.P.\" \/>\n<meta property=\"og:description\" content=\"Erikoispainoksemme Bernardo Tesori Kulta on Aceto Balsamico Tradizionale di Modena extravecchio D.O.P. omaa luokkaansa. Me Bernardo Tesorilla maistelemme lukemattomia perinteisi\u00e4 balsamiviinietikoita, ja vain hyvin harvat niist\u00e4 p\u00e4\u00e4sev\u00e4t myym\u00e4l\u00e4\u00e4mme. Kultainen sarjamme kruunaa t\u00e4m\u00e4n valikoiman ja kunnioittaa erityist\u00e4 pullotusta, joka on vakuuttanut meid\u00e4t tasaisuudellaan, aromillaan ja intensiivisell\u00e4 maullaan. Jaamme t\u00e4m\u00e4n ainutlaatuisen valinnan tuloksen kanssasi ja myymme my\u00f6s hyvin rajoitetun osan t\u00e4st\u00e4 sarjasta t\u00e4\u00e4ll\u00e4 myym\u00e4l\u00e4ss\u00e4. Tietoja Bernardo Tesorin kultaisesta sarjasta: T\u00e4m\u00e4 korkealaatuinen balsamico kypsyi yli 25 vuotta viidess\u00e4 eri puutynnyriss\u00e4 (tammi, kastanja, saarni, kirsikka ja kataja). T\u00e4m\u00e4n balsamicoviinin viinik\u00f6ynn\u00f6kset sijaitsevat noin 15 km Modenan keskustasta pohjoiseen. T\u00e4ss\u00e4 balsamicossa on jalostettu Trebbiano- ja Lambrusco-ryp\u00e4leit\u00e4. Maistelumme osoitti, ett\u00e4 t\u00e4ss\u00e4 balsamicossa on sopiva harmonia happamuuden, voimakkuuden ja makeuden v\u00e4lill\u00e4. Tasapaino ja alueelle ja ryp\u00e4lelajikkeelle tyypilliset aromit sek\u00e4 vanhat tynnyriakut vakuuttivat meid\u00e4t. Aceto Balsamico Tradizionale D.O.P. on Brix-arvoltaan yli 70 pistett\u00e4, ja se tarjoaa eritt\u00e4in vanhan balsamicon tarpeellisen makeuden. 4 %:n happamuus on t\u00e4ydellisesti integroitu. T\u00e4llaiselta Tradizionale Extravecchio -juuston on maistuttava! Toimitamme kultaisen sarjamme alkuper\u00e4isess\u00e4 pullossa ja kest\u00e4v\u00e4ss\u00e4 puisessa lahjalaatikossa, jossa on alkuper\u00e4inen lasikorkkikaadin. &nbsp; &nbsp; Ainesosat: 100 % keitetty ryp\u00e4leen puristemehu. Saattaa sis\u00e4lt\u00e4\u00e4 luonnollisia sulfiitteja. Jakelija: Bernardo Tesori &#8211; Acoonia GmbH:n tuotemerkki. Brabandtstra\u00dfe 8, 38100 Braunschweig, Saksa Vastuullinen tuottaja: ACETOMODENA &#8211; Borelle 120 &#8211; 41126 Modena (MO), Italia.\" \/>\n<meta property=\"og:url\" content=\"https:\/\/balsamico.shop\/fi\/tuote\/bernardo-tesori-kulta-aceto-balsamico-tradizionale-di-modena-dop-extra-vecchio\/\" \/>\n<meta property=\"og:site_name\" content=\"Aceto Balsamico Shop - Suomi\" \/>\n<meta property=\"article:modified_time\" content=\"2026-04-13T18:05:12+00:00\" \/>\n<meta property=\"og:image\" content=\"https:\/\/balsamico.shop\/fi\/wp-content\/uploads\/2018\/07\/bernardo-tesori-aceto-balsamico-tradizionale-di-modena-gold.jpg\" \/>\n\t<meta property=\"og:image:width\" content=\"400\" \/>\n\t<meta property=\"og:image:height\" content=\"520\" \/>\n\t<meta property=\"og:image:type\" content=\"image\/jpeg\" \/>\n<meta name=\"twitter:card\" content=\"summary_large_image\" \/>\n<meta name=\"twitter:label1\" content=\"Arvioitu lukuaika\" \/>\n\t<meta name=\"twitter:data1\" content=\"2 minuuttia\" \/>\n<script type=\"application\/ld+json\" class=\"yoast-schema-graph\">{\"@context\":\"https:\\\/\\\/schema.org\",\"@graph\":[{\"@type\":\"WebPage\",\"@id\":\"https:\\\/\\\/balsamico.shop\\\/fi\\\/tuote\\\/bernardo-tesori-kulta-aceto-balsamico-tradizionale-di-modena-dop-extra-vecchio\\\/\",\"url\":\"https:\\\/\\\/balsamico.shop\\\/fi\\\/tuote\\\/bernardo-tesori-kulta-aceto-balsamico-tradizionale-di-modena-dop-extra-vecchio\\\/\",\"name\":\"Bernardo Tesori - Kulta - Aceto Balsamico Tradizionale di Modena ExtraVecchio D.O.P.\",\"isPartOf\":{\"@id\":\"https:\\\/\\\/balsamico.shop\\\/fi\\\/#website\"},\"primaryImageOfPage\":{\"@id\":\"https:\\\/\\\/balsamico.shop\\\/fi\\\/tuote\\\/bernardo-tesori-kulta-aceto-balsamico-tradizionale-di-modena-dop-extra-vecchio\\\/#primaryimage\"},\"image\":{\"@id\":\"https:\\\/\\\/balsamico.shop\\\/fi\\\/tuote\\\/bernardo-tesori-kulta-aceto-balsamico-tradizionale-di-modena-dop-extra-vecchio\\\/#primaryimage\"},\"thumbnailUrl\":\"https:\\\/\\\/balsamico.shop\\\/fi\\\/wp-content\\\/uploads\\\/2018\\\/07\\\/bernardo-tesori-aceto-balsamico-tradizionale-di-modena-gold.jpg\",\"datePublished\":\"2018-07-07T17:07:33+00:00\",\"dateModified\":\"2026-04-13T18:05:12+00:00\",\"breadcrumb\":{\"@id\":\"https:\\\/\\\/balsamico.shop\\\/fi\\\/tuote\\\/bernardo-tesori-kulta-aceto-balsamico-tradizionale-di-modena-dop-extra-vecchio\\\/#breadcrumb\"},\"inLanguage\":\"fi\",\"potentialAction\":[{\"@type\":\"ReadAction\",\"target\":[\"https:\\\/\\\/balsamico.shop\\\/fi\\\/tuote\\\/bernardo-tesori-kulta-aceto-balsamico-tradizionale-di-modena-dop-extra-vecchio\\\/\"]}]},{\"@type\":\"ImageObject\",\"inLanguage\":\"fi\",\"@id\":\"https:\\\/\\\/balsamico.shop\\\/fi\\\/tuote\\\/bernardo-tesori-kulta-aceto-balsamico-tradizionale-di-modena-dop-extra-vecchio\\\/#primaryimage\",\"url\":\"https:\\\/\\\/balsamico.shop\\\/fi\\\/wp-content\\\/uploads\\\/2018\\\/07\\\/bernardo-tesori-aceto-balsamico-tradizionale-di-modena-gold.jpg\",\"contentUrl\":\"https:\\\/\\\/balsamico.shop\\\/fi\\\/wp-content\\\/uploads\\\/2018\\\/07\\\/bernardo-tesori-aceto-balsamico-tradizionale-di-modena-gold.jpg\",\"width\":400,\"height\":520,\"caption\":\"Bernardo Tesori Aceto Balsamico Tradizionale di Modena DOP extravecchio - Gold\"},{\"@type\":\"BreadcrumbList\",\"@id\":\"https:\\\/\\\/balsamico.shop\\\/fi\\\/tuote\\\/bernardo-tesori-kulta-aceto-balsamico-tradizionale-di-modena-dop-extra-vecchio\\\/#breadcrumb\",\"itemListElement\":[{\"@type\":\"ListItem\",\"position\":1,\"name\":\"Home\",\"item\":\"https:\\\/\\\/balsamico.shop\\\/fi\\\/\"},{\"@type\":\"ListItem\",\"position\":2,\"name\":\"Balsamico Shop\",\"item\":\"https:\\\/\\\/balsamico.shop\\\/fi\\\/shop\\\/\"},{\"@type\":\"ListItem\",\"position\":3,\"name\":\"Bernardo Tesori &#8211; Kulta &#8211; Aceto Balsamico Tradizionale di Modena ExtraVecchio D.O.P.\"}]},{\"@type\":\"WebSite\",\"@id\":\"https:\\\/\\\/balsamico.shop\\\/fi\\\/#website\",\"url\":\"https:\\\/\\\/balsamico.shop\\\/fi\\\/\",\"name\":\"Aceto Balsamico Shop - Suomi\",\"description\":\"Hienoin balsamietikka Italiasta\",\"potentialAction\":[{\"@type\":\"SearchAction\",\"target\":{\"@type\":\"EntryPoint\",\"urlTemplate\":\"https:\\\/\\\/balsamico.shop\\\/fi\\\/?s={search_term_string}\"},\"query-input\":{\"@type\":\"PropertyValueSpecification\",\"valueRequired\":true,\"valueName\":\"search_term_string\"}}],\"inLanguage\":\"fi\"}]}<\/script>\n<!-- \/ Yoast SEO plugin. -->","yoast_head_json":{"title":"Bernardo Tesori - Kulta - Aceto Balsamico Tradizionale di Modena ExtraVecchio D.O.P.","robots":{"index":"index","follow":"follow","max-snippet":"max-snippet:-1","max-image-preview":"max-image-preview:large","max-video-preview":"max-video-preview:-1"},"canonical":"https:\/\/balsamico.shop\/fi\/tuote\/bernardo-tesori-kulta-aceto-balsamico-tradizionale-di-modena-dop-extra-vecchio\/","og_locale":"fi_FI","og_type":"article","og_title":"Bernardo Tesori - Kulta - Aceto Balsamico Tradizionale di Modena ExtraVecchio D.O.P.","og_description":"Erikoispainoksemme Bernardo Tesori Kulta on Aceto Balsamico Tradizionale di Modena extravecchio D.O.P. omaa luokkaansa. Me Bernardo Tesorilla maistelemme lukemattomia perinteisi\u00e4 balsamiviinietikoita, ja vain hyvin harvat niist\u00e4 p\u00e4\u00e4sev\u00e4t myym\u00e4l\u00e4\u00e4mme. Kultainen sarjamme kruunaa t\u00e4m\u00e4n valikoiman ja kunnioittaa erityist\u00e4 pullotusta, joka on vakuuttanut meid\u00e4t tasaisuudellaan, aromillaan ja intensiivisell\u00e4 maullaan. Jaamme t\u00e4m\u00e4n ainutlaatuisen valinnan tuloksen kanssasi ja myymme my\u00f6s hyvin rajoitetun osan t\u00e4st\u00e4 sarjasta t\u00e4\u00e4ll\u00e4 myym\u00e4l\u00e4ss\u00e4. Tietoja Bernardo Tesorin kultaisesta sarjasta: T\u00e4m\u00e4 korkealaatuinen balsamico kypsyi yli 25 vuotta viidess\u00e4 eri puutynnyriss\u00e4 (tammi, kastanja, saarni, kirsikka ja kataja). T\u00e4m\u00e4n balsamicoviinin viinik\u00f6ynn\u00f6kset sijaitsevat noin 15 km Modenan keskustasta pohjoiseen. T\u00e4ss\u00e4 balsamicossa on jalostettu Trebbiano- ja Lambrusco-ryp\u00e4leit\u00e4. Maistelumme osoitti, ett\u00e4 t\u00e4ss\u00e4 balsamicossa on sopiva harmonia happamuuden, voimakkuuden ja makeuden v\u00e4lill\u00e4. Tasapaino ja alueelle ja ryp\u00e4lelajikkeelle tyypilliset aromit sek\u00e4 vanhat tynnyriakut vakuuttivat meid\u00e4t. Aceto Balsamico Tradizionale D.O.P. on Brix-arvoltaan yli 70 pistett\u00e4, ja se tarjoaa eritt\u00e4in vanhan balsamicon tarpeellisen makeuden. 4 %:n happamuus on t\u00e4ydellisesti integroitu. T\u00e4llaiselta Tradizionale Extravecchio -juuston on maistuttava! Toimitamme kultaisen sarjamme alkuper\u00e4isess\u00e4 pullossa ja kest\u00e4v\u00e4ss\u00e4 puisessa lahjalaatikossa, jossa on alkuper\u00e4inen lasikorkkikaadin. &nbsp; &nbsp; Ainesosat: 100 % keitetty ryp\u00e4leen puristemehu. Saattaa sis\u00e4lt\u00e4\u00e4 luonnollisia sulfiitteja. Jakelija: Bernardo Tesori &#8211; Acoonia GmbH:n tuotemerkki. Brabandtstra\u00dfe 8, 38100 Braunschweig, Saksa Vastuullinen tuottaja: ACETOMODENA &#8211; Borelle 120 &#8211; 41126 Modena (MO), Italia.","og_url":"https:\/\/balsamico.shop\/fi\/tuote\/bernardo-tesori-kulta-aceto-balsamico-tradizionale-di-modena-dop-extra-vecchio\/","og_site_name":"Aceto Balsamico Shop - Suomi","article_modified_time":"2026-04-13T18:05:12+00:00","og_image":[{"width":400,"height":520,"url":"https:\/\/balsamico.shop\/fi\/wp-content\/uploads\/2018\/07\/bernardo-tesori-aceto-balsamico-tradizionale-di-modena-gold.jpg","type":"image\/jpeg"}],"twitter_card":"summary_large_image","twitter_misc":{"Arvioitu lukuaika":"2 minuuttia"},"schema":{"@context":"https:\/\/schema.org","@graph":[{"@type":"WebPage","@id":"https:\/\/balsamico.shop\/fi\/tuote\/bernardo-tesori-kulta-aceto-balsamico-tradizionale-di-modena-dop-extra-vecchio\/","url":"https:\/\/balsamico.shop\/fi\/tuote\/bernardo-tesori-kulta-aceto-balsamico-tradizionale-di-modena-dop-extra-vecchio\/","name":"Bernardo Tesori - Kulta - Aceto Balsamico Tradizionale di Modena ExtraVecchio D.O.P.","isPartOf":{"@id":"https:\/\/balsamico.shop\/fi\/#website"},"primaryImageOfPage":{"@id":"https:\/\/balsamico.shop\/fi\/tuote\/bernardo-tesori-kulta-aceto-balsamico-tradizionale-di-modena-dop-extra-vecchio\/#primaryimage"},"image":{"@id":"https:\/\/balsamico.shop\/fi\/tuote\/bernardo-tesori-kulta-aceto-balsamico-tradizionale-di-modena-dop-extra-vecchio\/#primaryimage"},"thumbnailUrl":"https:\/\/balsamico.shop\/fi\/wp-content\/uploads\/2018\/07\/bernardo-tesori-aceto-balsamico-tradizionale-di-modena-gold.jpg","datePublished":"2018-07-07T17:07:33+00:00","dateModified":"2026-04-13T18:05:12+00:00","breadcrumb":{"@id":"https:\/\/balsamico.shop\/fi\/tuote\/bernardo-tesori-kulta-aceto-balsamico-tradizionale-di-modena-dop-extra-vecchio\/#breadcrumb"},"inLanguage":"fi","potentialAction":[{"@type":"ReadAction","target":["https:\/\/balsamico.shop\/fi\/tuote\/bernardo-tesori-kulta-aceto-balsamico-tradizionale-di-modena-dop-extra-vecchio\/"]}]},{"@type":"ImageObject","inLanguage":"fi","@id":"https:\/\/balsamico.shop\/fi\/tuote\/bernardo-tesori-kulta-aceto-balsamico-tradizionale-di-modena-dop-extra-vecchio\/#primaryimage","url":"https:\/\/balsamico.shop\/fi\/wp-content\/uploads\/2018\/07\/bernardo-tesori-aceto-balsamico-tradizionale-di-modena-gold.jpg","contentUrl":"https:\/\/balsamico.shop\/fi\/wp-content\/uploads\/2018\/07\/bernardo-tesori-aceto-balsamico-tradizionale-di-modena-gold.jpg","width":400,"height":520,"caption":"Bernardo Tesori Aceto Balsamico Tradizionale di Modena DOP extravecchio - Gold"},{"@type":"BreadcrumbList","@id":"https:\/\/balsamico.shop\/fi\/tuote\/bernardo-tesori-kulta-aceto-balsamico-tradizionale-di-modena-dop-extra-vecchio\/#breadcrumb","itemListElement":[{"@type":"ListItem","position":1,"name":"Home","item":"https:\/\/balsamico.shop\/fi\/"},{"@type":"ListItem","position":2,"name":"Balsamico Shop","item":"https:\/\/balsamico.shop\/fi\/shop\/"},{"@type":"ListItem","position":3,"name":"Bernardo Tesori &#8211; Kulta &#8211; Aceto Balsamico Tradizionale di Modena ExtraVecchio D.O.P."}]},{"@type":"WebSite","@id":"https:\/\/balsamico.shop\/fi\/#website","url":"https:\/\/balsamico.shop\/fi\/","name":"Aceto Balsamico Shop - Suomi","description":"Hienoin balsamietikka Italiasta","potentialAction":[{"@type":"SearchAction","target":{"@type":"EntryPoint","urlTemplate":"https:\/\/balsamico.shop\/fi\/?s={search_term_string}"},"query-input":{"@type":"PropertyValueSpecification","valueRequired":true,"valueName":"search_term_string"}}],"inLanguage":"fi"}]}},"_links":{"self":[{"href":"https:\/\/balsamico.shop\/fi\/wp-json\/wp\/v2\/product\/1829","targetHints":{"allow":["GET"]}}],"collection":[{"href":"https:\/\/balsamico.shop\/fi\/wp-json\/wp\/v2\/product"}],"about":[{"href":"https:\/\/balsamico.shop\/fi\/wp-json\/wp\/v2\/types\/product"}],"wp:featuredmedia":[{"embeddable":true,"href":"https:\/\/balsamico.shop\/fi\/wp-json\/wp\/v2\/media\/1832"}],"wp:attachment":[{"href":"https:\/\/balsamico.shop\/fi\/wp-json\/wp\/v2\/media?parent=1829"}],"wp:term":[{"taxonomy":"product_brand","embeddable":true,"href":"https:\/\/balsamico.shop\/fi\/wp-json\/wp\/v2\/product_brand?post=1829"},{"taxonomy":"product_cat","embeddable":true,"href":"https:\/\/balsamico.shop\/fi\/wp-json\/wp\/v2\/product_cat?post=1829"},{"taxonomy":"product_tag","embeddable":true,"href":"https:\/\/balsamico.shop\/fi\/wp-json\/wp\/v2\/product_tag?post=1829"}],"curies":[{"name":"wp","href":"https:\/\/api.w.org\/{rel}","templated":true}]}}