{"id":1620,"date":"2020-06-04T08:24:52","date_gmt":"2020-06-04T06:24:52","guid":{"rendered":"https:\/\/balsamico.shop\/fi\/?post_type=product&#038;p=1620"},"modified":"2025-11-30T21:01:45","modified_gmt":"2025-11-30T20:01:45","slug":"aceto-balsamico-tradizionale-di-modena-giuseppe-cremonini","status":"publish","type":"product","link":"https:\/\/balsamico.shop\/fi\/tuote\/aceto-balsamico-tradizionale-di-modena-giuseppe-cremonini\/","title":{"rendered":"Aceto Balsamico Tradizionale di Modena &#8211; Giuseppe Cremonini"},"content":{"rendered":"<p><img loading=\"lazy\" decoding=\"async\" class=\"size-medium wp-image-1622 alignright\" src=\"https:\/\/balsamico.shop\/fi\/wp-content\/uploads\/2020\/06\/cremonini-logo-211x300.png\" alt=\"\" width=\"211\" height=\"300\" srcset=\"https:\/\/balsamico.shop\/fi\/wp-content\/uploads\/2020\/06\/cremonini-logo-211x300.png 211w, https:\/\/balsamico.shop\/fi\/wp-content\/uploads\/2020\/06\/cremonini-logo.png 238w\" sizes=\"auto, (max-width: 211px) 100vw, 211px\" \/>Cremonini-perhe on yksi kuuluisimmista balsamietikkavalmistajista Italiassa. <strong>Giuseppe Cremonini<\/strong> -yritys on viiniviljelmien ja peltojen ymp\u00e4r\u00f6imien San Donnino ja Spilamberto -kaupunkien v\u00e4lill\u00e4 vuosien ajan valmistanut balsamietikka-asetaattia.<\/p>\n<p>Perinteinen yritys tuntee hyvin erilaiset teollisuuden laatutasot, ja lukuisten v\u00e4hitt\u00e4ismyyntihintaan optimoitujen balsamietikka-etikoiden lis\u00e4ksi Cremonini voi my\u00f6s pisteet eritt\u00e4in korkealla laadulla. T\u00e4m\u00e4 todistettiin \u00e4skett\u00e4in Saksassa Stiftung Warentestin suorittamassa testiss\u00e4 &#8211; t\u00e4\u00e4ll\u00e4 Giuseppe Cremonini voitti tynnyrill\u00e4 kypsytetyll\u00e4 erinomaisella aceto-balsamietikalla!<\/p>\n<p>Giuseppe Cremonini tuottaa Aseto Balsamico Tradizionale di Modena D.O.P.: t\u00e4 eritt\u00e4in pienin\u00e4 m\u00e4\u00e4rin\u00e4. Se on palsamietikkatuotannon korkein taito, ja t\u00e4ll\u00e4 alueella Affinato voi t\u00e4ysin vakuuttaa maunsa suhteen 12 vuotta vanhettuneen puustynnyreiss\u00e4.<\/p>\n<p>Koe t\u00e4m\u00e4n <strong>Aceto Balsamico Tradizionale di Modenan<\/strong> poikkeuksellinen makuvoimakkuus. Voit maistaa eron muihin t\u00e4m\u00e4n valmistajan tuotteisiin heti.<\/p>\n<p>T\u00e4m\u00e4 Aceto Balsamico Tradizionale koostuu yksinomaan kypsennetyst\u00e4 ryp\u00e4leen puristemehusta ja ilman muita lis\u00e4aineita, etenkin lis\u00e4\u00e4m\u00e4tt\u00e4 viinietikkaa. Happo integroituu erinomaisesti tuotteeseen, sill\u00e4 on voimakas ja pitk\u00e4ik\u00e4inen maku ja vakuuttaa omalla maullaan kypsymisen vuosien ajan.<\/p>\n<p>Ainesosat: 100% keitetty ryp\u00e4leen puristemehu<\/p>\n<p>Huomaa: voi sis\u00e4lt\u00e4\u00e4 sulfiitteja.<\/p>\n<p>&nbsp;<\/p>\n<p>&nbsp;<\/p>\n<p>&nbsp;<\/p>\n<p>Tuottaja:<br \/>\nAcetaia Giuseppe Cremonini srl<br \/>\nVia Foschiero, 1142 Spilamberto, Modena, Italia<\/p>\n","protected":false},"excerpt":{"rendered":"<p>Cremonini-perhe on yksi kuuluisimmista balsamietikkavalmistajista Italiassa. Giuseppe Cremonini -yritys on viiniviljelmien ja peltojen ymp\u00e4r\u00f6imien San Donnino ja Spilamberto -kaupunkien v\u00e4lill\u00e4 vuosien ajan valmistanut balsamietikka-asetaattia. Perinteinen yritys tuntee hyvin erilaiset teollisuuden laatutasot, ja lukuisten v\u00e4hitt\u00e4ismyyntihintaan optimoitujen balsamietikka-etikoiden lis\u00e4ksi Cremonini voi my\u00f6s pisteet eritt\u00e4in korkealla laadulla. T\u00e4m\u00e4 todistettiin \u00e4skett\u00e4in Saksassa Stiftung Warentestin suorittamassa testiss\u00e4 &#8211; t\u00e4\u00e4ll\u00e4 Giuseppe Cremonini voitti tynnyrill\u00e4 kypsytetyll\u00e4 erinomaisella aceto-balsamietikalla! Giuseppe Cremonini tuottaa Aseto Balsamico Tradizionale di Modena D.O.P.: t\u00e4 eritt\u00e4in pienin\u00e4 m\u00e4\u00e4rin\u00e4. Se on palsamietikkatuotannon korkein taito, ja t\u00e4ll\u00e4 alueella Affinato voi t\u00e4ysin vakuuttaa maunsa suhteen 12 vuotta vanhettuneen puustynnyreiss\u00e4. Koe t\u00e4m\u00e4n Aceto Balsamico Tradizionale di Modenan poikkeuksellinen makuvoimakkuus. Voit maistaa eron muihin t\u00e4m\u00e4n valmistajan tuotteisiin heti. T\u00e4m\u00e4 Aceto Balsamico Tradizionale koostuu yksinomaan kypsennetyst\u00e4 ryp\u00e4leen puristemehusta ja ilman muita lis\u00e4aineita, etenkin lis\u00e4\u00e4m\u00e4tt\u00e4 viinietikkaa. Happo integroituu erinomaisesti tuotteeseen, sill\u00e4 on voimakas ja pitk\u00e4ik\u00e4inen maku ja vakuuttaa omalla maullaan kypsymisen vuosien ajan. Ainesosat: 100% keitetty ryp\u00e4leen puristemehu Huomaa: voi sis\u00e4lt\u00e4\u00e4 sulfiitteja. &nbsp; &nbsp; &nbsp; Tuottaja: Acetaia Giuseppe Cremonini srl Via Foschiero, 1142 Spilamberto, Modena, Italia<\/p>\n","protected":false},"featured_media":1625,"template":"","meta":[],"product_brand":[],"product_cat":[66],"product_tag":[],"class_list":{"0":"post-1620","1":"product","2":"type-product","3":"status-publish","4":"has-post-thumbnail","6":"product_cat-cremonini","7":"product_shipping_class-balsamico","9":"first","10":"outofstock","11":"featured","12":"taxable","13":"shipping-taxable","14":"purchasable","15":"product-type-simple"},"bundle_layout":"","bundled_by":[],"bundled_items":[],"yoast_head":"<!-- This site is optimized with the Yoast SEO plugin v27.4 - https:\/\/yoast.com\/product\/yoast-seo-wordpress\/ -->\n<title>Aceto Balsamico Tradizionale di Modena - Giuseppe Cremonini<\/title>\n<meta name=\"robots\" content=\"index, follow, max-snippet:-1, max-image-preview:large, max-video-preview:-1\" \/>\n<link rel=\"canonical\" href=\"https:\/\/balsamico.shop\/fi\/tuote\/aceto-balsamico-tradizionale-di-modena-giuseppe-cremonini\/\" \/>\n<meta property=\"og:locale\" content=\"fi_FI\" \/>\n<meta property=\"og:type\" content=\"article\" \/>\n<meta property=\"og:title\" content=\"Aceto Balsamico Tradizionale di Modena - Giuseppe Cremonini\" \/>\n<meta property=\"og:description\" content=\"Cremonini-perhe on yksi kuuluisimmista balsamietikkavalmistajista Italiassa. Giuseppe Cremonini -yritys on viiniviljelmien ja peltojen ymp\u00e4r\u00f6imien San Donnino ja Spilamberto -kaupunkien v\u00e4lill\u00e4 vuosien ajan valmistanut balsamietikka-asetaattia. Perinteinen yritys tuntee hyvin erilaiset teollisuuden laatutasot, ja lukuisten v\u00e4hitt\u00e4ismyyntihintaan optimoitujen balsamietikka-etikoiden lis\u00e4ksi Cremonini voi my\u00f6s pisteet eritt\u00e4in korkealla laadulla. T\u00e4m\u00e4 todistettiin \u00e4skett\u00e4in Saksassa Stiftung Warentestin suorittamassa testiss\u00e4 &#8211; t\u00e4\u00e4ll\u00e4 Giuseppe Cremonini voitti tynnyrill\u00e4 kypsytetyll\u00e4 erinomaisella aceto-balsamietikalla! Giuseppe Cremonini tuottaa Aseto Balsamico Tradizionale di Modena D.O.P.: t\u00e4 eritt\u00e4in pienin\u00e4 m\u00e4\u00e4rin\u00e4. Se on palsamietikkatuotannon korkein taito, ja t\u00e4ll\u00e4 alueella Affinato voi t\u00e4ysin vakuuttaa maunsa suhteen 12 vuotta vanhettuneen puustynnyreiss\u00e4. Koe t\u00e4m\u00e4n Aceto Balsamico Tradizionale di Modenan poikkeuksellinen makuvoimakkuus. Voit maistaa eron muihin t\u00e4m\u00e4n valmistajan tuotteisiin heti. T\u00e4m\u00e4 Aceto Balsamico Tradizionale koostuu yksinomaan kypsennetyst\u00e4 ryp\u00e4leen puristemehusta ja ilman muita lis\u00e4aineita, etenkin lis\u00e4\u00e4m\u00e4tt\u00e4 viinietikkaa. Happo integroituu erinomaisesti tuotteeseen, sill\u00e4 on voimakas ja pitk\u00e4ik\u00e4inen maku ja vakuuttaa omalla maullaan kypsymisen vuosien ajan. Ainesosat: 100% keitetty ryp\u00e4leen puristemehu Huomaa: voi sis\u00e4lt\u00e4\u00e4 sulfiitteja. &nbsp; &nbsp; &nbsp; Tuottaja: Acetaia Giuseppe Cremonini srl Via Foschiero, 1142 Spilamberto, Modena, Italia\" \/>\n<meta property=\"og:url\" content=\"https:\/\/balsamico.shop\/fi\/tuote\/aceto-balsamico-tradizionale-di-modena-giuseppe-cremonini\/\" \/>\n<meta property=\"og:site_name\" content=\"Aceto Balsamico Shop - Suomi\" \/>\n<meta property=\"article:modified_time\" content=\"2025-11-30T20:01:45+00:00\" \/>\n<meta property=\"og:image\" content=\"https:\/\/balsamico.shop\/fi\/wp-content\/uploads\/2020\/06\/aceto-balsamico-tradizionale-di-modena-giuseppe-cremonini-12-lum.jpg\" \/>\n\t<meta property=\"og:image:width\" content=\"1600\" \/>\n\t<meta property=\"og:image:height\" content=\"1872\" \/>\n\t<meta property=\"og:image:type\" content=\"image\/jpeg\" \/>\n<meta name=\"twitter:card\" content=\"summary_large_image\" \/>\n<meta name=\"twitter:label1\" content=\"Arvioitu lukuaika\" \/>\n\t<meta name=\"twitter:data1\" content=\"2 minuuttia\" \/>\n<script type=\"application\/ld+json\" class=\"yoast-schema-graph\">{\"@context\":\"https:\\\/\\\/schema.org\",\"@graph\":[{\"@type\":\"WebPage\",\"@id\":\"https:\\\/\\\/balsamico.shop\\\/fi\\\/tuote\\\/aceto-balsamico-tradizionale-di-modena-giuseppe-cremonini\\\/\",\"url\":\"https:\\\/\\\/balsamico.shop\\\/fi\\\/tuote\\\/aceto-balsamico-tradizionale-di-modena-giuseppe-cremonini\\\/\",\"name\":\"Aceto Balsamico Tradizionale di Modena - Giuseppe Cremonini\",\"isPartOf\":{\"@id\":\"https:\\\/\\\/balsamico.shop\\\/fi\\\/#website\"},\"primaryImageOfPage\":{\"@id\":\"https:\\\/\\\/balsamico.shop\\\/fi\\\/tuote\\\/aceto-balsamico-tradizionale-di-modena-giuseppe-cremonini\\\/#primaryimage\"},\"image\":{\"@id\":\"https:\\\/\\\/balsamico.shop\\\/fi\\\/tuote\\\/aceto-balsamico-tradizionale-di-modena-giuseppe-cremonini\\\/#primaryimage\"},\"thumbnailUrl\":\"https:\\\/\\\/balsamico.shop\\\/fi\\\/wp-content\\\/uploads\\\/2020\\\/06\\\/aceto-balsamico-tradizionale-di-modena-giuseppe-cremonini-12-lum.jpg\",\"datePublished\":\"2020-06-04T06:24:52+00:00\",\"dateModified\":\"2025-11-30T20:01:45+00:00\",\"breadcrumb\":{\"@id\":\"https:\\\/\\\/balsamico.shop\\\/fi\\\/tuote\\\/aceto-balsamico-tradizionale-di-modena-giuseppe-cremonini\\\/#breadcrumb\"},\"inLanguage\":\"fi\",\"potentialAction\":[{\"@type\":\"ReadAction\",\"target\":[\"https:\\\/\\\/balsamico.shop\\\/fi\\\/tuote\\\/aceto-balsamico-tradizionale-di-modena-giuseppe-cremonini\\\/\"]}]},{\"@type\":\"ImageObject\",\"inLanguage\":\"fi\",\"@id\":\"https:\\\/\\\/balsamico.shop\\\/fi\\\/tuote\\\/aceto-balsamico-tradizionale-di-modena-giuseppe-cremonini\\\/#primaryimage\",\"url\":\"https:\\\/\\\/balsamico.shop\\\/fi\\\/wp-content\\\/uploads\\\/2020\\\/06\\\/aceto-balsamico-tradizionale-di-modena-giuseppe-cremonini-12-lum.jpg\",\"contentUrl\":\"https:\\\/\\\/balsamico.shop\\\/fi\\\/wp-content\\\/uploads\\\/2020\\\/06\\\/aceto-balsamico-tradizionale-di-modena-giuseppe-cremonini-12-lum.jpg\",\"width\":1600,\"height\":1872,\"caption\":\"Aceto Balsamico Tradizionale Giuseppe Cremonini\"},{\"@type\":\"BreadcrumbList\",\"@id\":\"https:\\\/\\\/balsamico.shop\\\/fi\\\/tuote\\\/aceto-balsamico-tradizionale-di-modena-giuseppe-cremonini\\\/#breadcrumb\",\"itemListElement\":[{\"@type\":\"ListItem\",\"position\":1,\"name\":\"Home\",\"item\":\"https:\\\/\\\/balsamico.shop\\\/fi\\\/\"},{\"@type\":\"ListItem\",\"position\":2,\"name\":\"Balsamico Shop\",\"item\":\"https:\\\/\\\/balsamico.shop\\\/fi\\\/shop\\\/\"},{\"@type\":\"ListItem\",\"position\":3,\"name\":\"Aceto Balsamico Tradizionale di Modena &#8211; Giuseppe Cremonini\"}]},{\"@type\":\"WebSite\",\"@id\":\"https:\\\/\\\/balsamico.shop\\\/fi\\\/#website\",\"url\":\"https:\\\/\\\/balsamico.shop\\\/fi\\\/\",\"name\":\"Aceto Balsamico Shop - Suomi\",\"description\":\"Hienoin balsamietikka Italiasta\",\"potentialAction\":[{\"@type\":\"SearchAction\",\"target\":{\"@type\":\"EntryPoint\",\"urlTemplate\":\"https:\\\/\\\/balsamico.shop\\\/fi\\\/?s={search_term_string}\"},\"query-input\":{\"@type\":\"PropertyValueSpecification\",\"valueRequired\":true,\"valueName\":\"search_term_string\"}}],\"inLanguage\":\"fi\"}]}<\/script>\n<!-- \/ Yoast SEO plugin. -->","yoast_head_json":{"title":"Aceto Balsamico Tradizionale di Modena - Giuseppe Cremonini","robots":{"index":"index","follow":"follow","max-snippet":"max-snippet:-1","max-image-preview":"max-image-preview:large","max-video-preview":"max-video-preview:-1"},"canonical":"https:\/\/balsamico.shop\/fi\/tuote\/aceto-balsamico-tradizionale-di-modena-giuseppe-cremonini\/","og_locale":"fi_FI","og_type":"article","og_title":"Aceto Balsamico Tradizionale di Modena - Giuseppe Cremonini","og_description":"Cremonini-perhe on yksi kuuluisimmista balsamietikkavalmistajista Italiassa. Giuseppe Cremonini -yritys on viiniviljelmien ja peltojen ymp\u00e4r\u00f6imien San Donnino ja Spilamberto -kaupunkien v\u00e4lill\u00e4 vuosien ajan valmistanut balsamietikka-asetaattia. Perinteinen yritys tuntee hyvin erilaiset teollisuuden laatutasot, ja lukuisten v\u00e4hitt\u00e4ismyyntihintaan optimoitujen balsamietikka-etikoiden lis\u00e4ksi Cremonini voi my\u00f6s pisteet eritt\u00e4in korkealla laadulla. T\u00e4m\u00e4 todistettiin \u00e4skett\u00e4in Saksassa Stiftung Warentestin suorittamassa testiss\u00e4 &#8211; t\u00e4\u00e4ll\u00e4 Giuseppe Cremonini voitti tynnyrill\u00e4 kypsytetyll\u00e4 erinomaisella aceto-balsamietikalla! Giuseppe Cremonini tuottaa Aseto Balsamico Tradizionale di Modena D.O.P.: t\u00e4 eritt\u00e4in pienin\u00e4 m\u00e4\u00e4rin\u00e4. Se on palsamietikkatuotannon korkein taito, ja t\u00e4ll\u00e4 alueella Affinato voi t\u00e4ysin vakuuttaa maunsa suhteen 12 vuotta vanhettuneen puustynnyreiss\u00e4. Koe t\u00e4m\u00e4n Aceto Balsamico Tradizionale di Modenan poikkeuksellinen makuvoimakkuus. Voit maistaa eron muihin t\u00e4m\u00e4n valmistajan tuotteisiin heti. T\u00e4m\u00e4 Aceto Balsamico Tradizionale koostuu yksinomaan kypsennetyst\u00e4 ryp\u00e4leen puristemehusta ja ilman muita lis\u00e4aineita, etenkin lis\u00e4\u00e4m\u00e4tt\u00e4 viinietikkaa. Happo integroituu erinomaisesti tuotteeseen, sill\u00e4 on voimakas ja pitk\u00e4ik\u00e4inen maku ja vakuuttaa omalla maullaan kypsymisen vuosien ajan. Ainesosat: 100% keitetty ryp\u00e4leen puristemehu Huomaa: voi sis\u00e4lt\u00e4\u00e4 sulfiitteja. &nbsp; &nbsp; &nbsp; Tuottaja: Acetaia Giuseppe Cremonini srl Via Foschiero, 1142 Spilamberto, Modena, Italia","og_url":"https:\/\/balsamico.shop\/fi\/tuote\/aceto-balsamico-tradizionale-di-modena-giuseppe-cremonini\/","og_site_name":"Aceto Balsamico Shop - Suomi","article_modified_time":"2025-11-30T20:01:45+00:00","og_image":[{"width":1600,"height":1872,"url":"https:\/\/balsamico.shop\/fi\/wp-content\/uploads\/2020\/06\/aceto-balsamico-tradizionale-di-modena-giuseppe-cremonini-12-lum.jpg","type":"image\/jpeg"}],"twitter_card":"summary_large_image","twitter_misc":{"Arvioitu lukuaika":"2 minuuttia"},"schema":{"@context":"https:\/\/schema.org","@graph":[{"@type":"WebPage","@id":"https:\/\/balsamico.shop\/fi\/tuote\/aceto-balsamico-tradizionale-di-modena-giuseppe-cremonini\/","url":"https:\/\/balsamico.shop\/fi\/tuote\/aceto-balsamico-tradizionale-di-modena-giuseppe-cremonini\/","name":"Aceto Balsamico Tradizionale di Modena - Giuseppe Cremonini","isPartOf":{"@id":"https:\/\/balsamico.shop\/fi\/#website"},"primaryImageOfPage":{"@id":"https:\/\/balsamico.shop\/fi\/tuote\/aceto-balsamico-tradizionale-di-modena-giuseppe-cremonini\/#primaryimage"},"image":{"@id":"https:\/\/balsamico.shop\/fi\/tuote\/aceto-balsamico-tradizionale-di-modena-giuseppe-cremonini\/#primaryimage"},"thumbnailUrl":"https:\/\/balsamico.shop\/fi\/wp-content\/uploads\/2020\/06\/aceto-balsamico-tradizionale-di-modena-giuseppe-cremonini-12-lum.jpg","datePublished":"2020-06-04T06:24:52+00:00","dateModified":"2025-11-30T20:01:45+00:00","breadcrumb":{"@id":"https:\/\/balsamico.shop\/fi\/tuote\/aceto-balsamico-tradizionale-di-modena-giuseppe-cremonini\/#breadcrumb"},"inLanguage":"fi","potentialAction":[{"@type":"ReadAction","target":["https:\/\/balsamico.shop\/fi\/tuote\/aceto-balsamico-tradizionale-di-modena-giuseppe-cremonini\/"]}]},{"@type":"ImageObject","inLanguage":"fi","@id":"https:\/\/balsamico.shop\/fi\/tuote\/aceto-balsamico-tradizionale-di-modena-giuseppe-cremonini\/#primaryimage","url":"https:\/\/balsamico.shop\/fi\/wp-content\/uploads\/2020\/06\/aceto-balsamico-tradizionale-di-modena-giuseppe-cremonini-12-lum.jpg","contentUrl":"https:\/\/balsamico.shop\/fi\/wp-content\/uploads\/2020\/06\/aceto-balsamico-tradizionale-di-modena-giuseppe-cremonini-12-lum.jpg","width":1600,"height":1872,"caption":"Aceto Balsamico Tradizionale Giuseppe Cremonini"},{"@type":"BreadcrumbList","@id":"https:\/\/balsamico.shop\/fi\/tuote\/aceto-balsamico-tradizionale-di-modena-giuseppe-cremonini\/#breadcrumb","itemListElement":[{"@type":"ListItem","position":1,"name":"Home","item":"https:\/\/balsamico.shop\/fi\/"},{"@type":"ListItem","position":2,"name":"Balsamico Shop","item":"https:\/\/balsamico.shop\/fi\/shop\/"},{"@type":"ListItem","position":3,"name":"Aceto Balsamico Tradizionale di Modena &#8211; Giuseppe Cremonini"}]},{"@type":"WebSite","@id":"https:\/\/balsamico.shop\/fi\/#website","url":"https:\/\/balsamico.shop\/fi\/","name":"Aceto Balsamico Shop - Suomi","description":"Hienoin balsamietikka Italiasta","potentialAction":[{"@type":"SearchAction","target":{"@type":"EntryPoint","urlTemplate":"https:\/\/balsamico.shop\/fi\/?s={search_term_string}"},"query-input":{"@type":"PropertyValueSpecification","valueRequired":true,"valueName":"search_term_string"}}],"inLanguage":"fi"}]}},"_links":{"self":[{"href":"https:\/\/balsamico.shop\/fi\/wp-json\/wp\/v2\/product\/1620","targetHints":{"allow":["GET"]}}],"collection":[{"href":"https:\/\/balsamico.shop\/fi\/wp-json\/wp\/v2\/product"}],"about":[{"href":"https:\/\/balsamico.shop\/fi\/wp-json\/wp\/v2\/types\/product"}],"wp:featuredmedia":[{"embeddable":true,"href":"https:\/\/balsamico.shop\/fi\/wp-json\/wp\/v2\/media\/1625"}],"wp:attachment":[{"href":"https:\/\/balsamico.shop\/fi\/wp-json\/wp\/v2\/media?parent=1620"}],"wp:term":[{"taxonomy":"product_brand","embeddable":true,"href":"https:\/\/balsamico.shop\/fi\/wp-json\/wp\/v2\/product_brand?post=1620"},{"taxonomy":"product_cat","embeddable":true,"href":"https:\/\/balsamico.shop\/fi\/wp-json\/wp\/v2\/product_cat?post=1620"},{"taxonomy":"product_tag","embeddable":true,"href":"https:\/\/balsamico.shop\/fi\/wp-json\/wp\/v2\/product_tag?post=1620"}],"curies":[{"name":"wp","href":"https:\/\/api.w.org\/{rel}","templated":true}]}}