{"id":1618,"date":"2016-10-02T00:57:39","date_gmt":"2016-10-01T22:57:39","guid":{"rendered":"https:\/\/balsamico.shop\/fi\/?post_type=product&#038;p=1618"},"modified":"2026-04-17T10:27:00","modified_gmt":"2026-04-17T08:27:00","slug":"duetto-aceti-balsamici-tradizionali-12v-25v-la-secchia","status":"publish","type":"product","link":"https:\/\/balsamico.shop\/fi\/tuote\/duetto-aceti-balsamici-tradizionali-12v-25v-la-secchia\/","title":{"rendered":"Duetto &#8211; Aceti Balsamici Tradizionali &#8211; 12v + 25v &#8211; La Secchia"},"content":{"rendered":"<p>T\u00e4ydellinen lahja balsamia rakastavalle &#8211; &#8221;Il <strong>Duetto<\/strong>&#8221; &#8211; kaksi t\u00e4ydellisyytt\u00e4 tulevat yhteen suljetussa yksik\u00f6ss\u00e4. Lorenzo Righin &#8221;Aceto Balsamico Tradizionale di Modena DOP&#8221; ja &#8221;Aceto Balsamico Tradizionale di Modena extravecchio DOP&#8221; toimitetaan kauniissa, uudenaikaisessa kaksoislaatikossa, johon sis\u00e4ltyy perinteinen voide, ja ne osoittavat tuntevalle henkil\u00f6lle kaikenlaisen perinteisen balsamic modeen -lajin.<\/p>\n<p><img loading=\"lazy\" decoding=\"async\" width=\"552\" height=\"505\" class=\"alignnone wp-image-393 size-full\" src=\"https:\/\/balsamico.shop\/fi\/wp-content\/uploads\/2016\/10\/duetto-box.png\" alt=\"Aceto Balsamico Tradizionale 12v + 25v Modena\" srcset=\"https:\/\/balsamico.shop\/fi\/wp-content\/uploads\/2016\/10\/duetto-box.png 552w, https:\/\/balsamico.shop\/fi\/wp-content\/uploads\/2016\/10\/duetto-box-300x274.png 300w, https:\/\/balsamico.shop\/fi\/wp-content\/uploads\/2016\/10\/duetto-box-390x357.png 390w\" sizes=\"auto, (max-width: 552px) 100vw, 552px\" \/><\/p>\n<p>Lorenzo Righi, joka on Italian johtavien viinikauppiaiden ja viinintuojien osuuskunnan Club Excellence -koordinaattori ja jolla on ammattikokemus viinialalla, tuntee my\u00f6s viinintuotannon. Modenan etel\u00e4puolella sijaitsevan <a href=\"https:\/\/lasecchia.it\/\" target=\"_blank\" rel=\"noopener noreferrer\">Acetaia La Secchian<\/a> operaattorina h\u00e4n antaa my\u00f6s kiinnostuneille osapuolille suoran n\u00e4kemyksen balsamikoiden maailmaan kiert\u00e4m\u00e4ll\u00e4 h\u00e4nen tynnyrivarastoaan ja sit\u00e4 seuraavaa maistamista:<\/p>\n<p><img loading=\"lazy\" decoding=\"async\" width=\"699\" height=\"747\" class=\"alignnone wp-image-391 size-full\" src=\"https:\/\/balsamico.shop\/fi\/wp-content\/uploads\/2016\/10\/la-secchia.png\" alt=\"Acetaia La Secchia Modena\" srcset=\"https:\/\/balsamico.shop\/fi\/wp-content\/uploads\/2016\/10\/la-secchia.png 699w, https:\/\/balsamico.shop\/fi\/wp-content\/uploads\/2016\/10\/la-secchia-600x641.png 600w, https:\/\/balsamico.shop\/fi\/wp-content\/uploads\/2016\/10\/la-secchia-281x300.png 281w, https:\/\/balsamico.shop\/fi\/wp-content\/uploads\/2016\/10\/la-secchia-390x417.png 390w, https:\/\/balsamico.shop\/fi\/wp-content\/uploads\/2016\/10\/la-secchia-300x321.png 300w\" sizes=\"auto, (max-width: 699px) 100vw, 699px\" \/><\/p>\n<p>Ainesosat: 100% ryp\u00e4leen puristemehu<\/p>\n<p>Huomaa: Voi sis\u00e4lt\u00e4\u00e4 luonnollisia sulfiitteja.<\/p>\n<p>&nbsp;<\/p>\n<p>&nbsp;<\/p>\n<p>&nbsp;<\/p>\n<p>Tuottaja:<br \/>\nAntica Acetaia La Secchia di Righi L.<br \/>\nVia Francesco Ghiaroni, 169\/171<br \/>\n41126 Modena<br \/>\nItalia<\/p>\n","protected":false},"excerpt":{"rendered":"<p>T\u00e4ydellinen lahja balsamia rakastavalle &#8211; &#8221;Il Duetto&#8221; &#8211; kaksi t\u00e4ydellisyytt\u00e4 tulevat yhteen suljetussa yksik\u00f6ss\u00e4. Lorenzo Righin &#8221;Aceto Balsamico Tradizionale di Modena DOP&#8221; ja &#8221;Aceto Balsamico Tradizionale di Modena extravecchio DOP&#8221; toimitetaan kauniissa, uudenaikaisessa kaksoislaatikossa, johon sis\u00e4ltyy perinteinen voide, ja ne osoittavat tuntevalle henkil\u00f6lle kaikenlaisen perinteisen balsamic modeen -lajin. Lorenzo Righi, joka on Italian johtavien viinikauppiaiden ja viinintuojien osuuskunnan Club Excellence -koordinaattori ja jolla on ammattikokemus viinialalla, tuntee my\u00f6s viinintuotannon. Modenan etel\u00e4puolella sijaitsevan Acetaia La Secchian operaattorina h\u00e4n antaa my\u00f6s kiinnostuneille osapuolille suoran n\u00e4kemyksen balsamikoiden maailmaan kiert\u00e4m\u00e4ll\u00e4 h\u00e4nen tynnyrivarastoaan ja sit\u00e4 seuraavaa maistamista: Ainesosat: 100% ryp\u00e4leen puristemehu Huomaa: Voi sis\u00e4lt\u00e4\u00e4 luonnollisia sulfiitteja. &nbsp; &nbsp; &nbsp; Tuottaja: Antica Acetaia La Secchia di Righi L. Via Francesco Ghiaroni, 169\/171 41126 Modena Italia<\/p>\n","protected":false},"featured_media":1980,"template":"","meta":[],"product_brand":[],"product_cat":[33],"product_tag":[],"class_list":{"0":"post-1618","1":"product","2":"type-product","3":"status-publish","4":"has-post-thumbnail","6":"product_cat-la-secchia","8":"first","9":"instock","10":"taxable","11":"shipping-taxable","12":"purchasable","13":"product-type-simple"},"bundle_layout":"","bundled_by":[],"bundled_items":[],"yoast_head":"<!-- This site is optimized with the Yoast SEO plugin v27.4 - https:\/\/yoast.com\/product\/yoast-seo-wordpress\/ -->\n<title>Duetto - Aceti Balsamici Tradizionali - 12v + 25v - La Secchia<\/title>\n<meta name=\"robots\" content=\"index, follow, max-snippet:-1, max-image-preview:large, max-video-preview:-1\" \/>\n<link rel=\"canonical\" href=\"https:\/\/balsamico.shop\/fi\/tuote\/duetto-aceti-balsamici-tradizionali-12v-25v-la-secchia\/\" \/>\n<meta property=\"og:locale\" content=\"fi_FI\" \/>\n<meta property=\"og:type\" content=\"article\" \/>\n<meta property=\"og:title\" content=\"Duetto - Aceti Balsamici Tradizionali - 12v + 25v - La Secchia\" \/>\n<meta property=\"og:description\" content=\"T\u00e4ydellinen lahja balsamia rakastavalle &#8211; &#8221;Il Duetto&#8221; &#8211; kaksi t\u00e4ydellisyytt\u00e4 tulevat yhteen suljetussa yksik\u00f6ss\u00e4. Lorenzo Righin &#8221;Aceto Balsamico Tradizionale di Modena DOP&#8221; ja &#8221;Aceto Balsamico Tradizionale di Modena extravecchio DOP&#8221; toimitetaan kauniissa, uudenaikaisessa kaksoislaatikossa, johon sis\u00e4ltyy perinteinen voide, ja ne osoittavat tuntevalle henkil\u00f6lle kaikenlaisen perinteisen balsamic modeen -lajin. Lorenzo Righi, joka on Italian johtavien viinikauppiaiden ja viinintuojien osuuskunnan Club Excellence -koordinaattori ja jolla on ammattikokemus viinialalla, tuntee my\u00f6s viinintuotannon. Modenan etel\u00e4puolella sijaitsevan Acetaia La Secchian operaattorina h\u00e4n antaa my\u00f6s kiinnostuneille osapuolille suoran n\u00e4kemyksen balsamikoiden maailmaan kiert\u00e4m\u00e4ll\u00e4 h\u00e4nen tynnyrivarastoaan ja sit\u00e4 seuraavaa maistamista: Ainesosat: 100% ryp\u00e4leen puristemehu Huomaa: Voi sis\u00e4lt\u00e4\u00e4 luonnollisia sulfiitteja. &nbsp; &nbsp; &nbsp; Tuottaja: Antica Acetaia La Secchia di Righi L. Via Francesco Ghiaroni, 169\/171 41126 Modena Italia\" \/>\n<meta property=\"og:url\" content=\"https:\/\/balsamico.shop\/fi\/tuote\/duetto-aceti-balsamici-tradizionali-12v-25v-la-secchia\/\" \/>\n<meta property=\"og:site_name\" content=\"Aceto Balsamico Shop - Suomi\" \/>\n<meta property=\"article:modified_time\" content=\"2026-04-17T08:27:00+00:00\" \/>\n<meta property=\"og:image\" content=\"https:\/\/balsamico.shop\/fi\/wp-content\/uploads\/2016\/10\/duetto-aceto-balsamico-affinato-extravecchio-1.jpg\" \/>\n\t<meta property=\"og:image:width\" content=\"1600\" \/>\n\t<meta property=\"og:image:height\" content=\"1872\" \/>\n\t<meta property=\"og:image:type\" content=\"image\/jpeg\" \/>\n<meta name=\"twitter:card\" content=\"summary_large_image\" \/>\n<meta name=\"twitter:label1\" content=\"Arvioitu lukuaika\" \/>\n\t<meta name=\"twitter:data1\" content=\"2 minuuttia\" \/>\n<script type=\"application\/ld+json\" class=\"yoast-schema-graph\">{\"@context\":\"https:\\\/\\\/schema.org\",\"@graph\":[{\"@type\":\"WebPage\",\"@id\":\"https:\\\/\\\/balsamico.shop\\\/fi\\\/tuote\\\/duetto-aceti-balsamici-tradizionali-12v-25v-la-secchia\\\/\",\"url\":\"https:\\\/\\\/balsamico.shop\\\/fi\\\/tuote\\\/duetto-aceti-balsamici-tradizionali-12v-25v-la-secchia\\\/\",\"name\":\"Duetto - Aceti Balsamici Tradizionali - 12v + 25v - La Secchia\",\"isPartOf\":{\"@id\":\"https:\\\/\\\/balsamico.shop\\\/fi\\\/#website\"},\"primaryImageOfPage\":{\"@id\":\"https:\\\/\\\/balsamico.shop\\\/fi\\\/tuote\\\/duetto-aceti-balsamici-tradizionali-12v-25v-la-secchia\\\/#primaryimage\"},\"image\":{\"@id\":\"https:\\\/\\\/balsamico.shop\\\/fi\\\/tuote\\\/duetto-aceti-balsamici-tradizionali-12v-25v-la-secchia\\\/#primaryimage\"},\"thumbnailUrl\":\"https:\\\/\\\/balsamico.shop\\\/fi\\\/wp-content\\\/uploads\\\/2016\\\/10\\\/duetto-aceto-balsamico-affinato-extravecchio-1.jpg\",\"datePublished\":\"2016-10-01T22:57:39+00:00\",\"dateModified\":\"2026-04-17T08:27:00+00:00\",\"breadcrumb\":{\"@id\":\"https:\\\/\\\/balsamico.shop\\\/fi\\\/tuote\\\/duetto-aceti-balsamici-tradizionali-12v-25v-la-secchia\\\/#breadcrumb\"},\"inLanguage\":\"fi\",\"potentialAction\":[{\"@type\":\"ReadAction\",\"target\":[\"https:\\\/\\\/balsamico.shop\\\/fi\\\/tuote\\\/duetto-aceti-balsamici-tradizionali-12v-25v-la-secchia\\\/\"]}]},{\"@type\":\"ImageObject\",\"inLanguage\":\"fi\",\"@id\":\"https:\\\/\\\/balsamico.shop\\\/fi\\\/tuote\\\/duetto-aceti-balsamici-tradizionali-12v-25v-la-secchia\\\/#primaryimage\",\"url\":\"https:\\\/\\\/balsamico.shop\\\/fi\\\/wp-content\\\/uploads\\\/2016\\\/10\\\/duetto-aceto-balsamico-affinato-extravecchio-1.jpg\",\"contentUrl\":\"https:\\\/\\\/balsamico.shop\\\/fi\\\/wp-content\\\/uploads\\\/2016\\\/10\\\/duetto-aceto-balsamico-affinato-extravecchio-1.jpg\",\"width\":1600,\"height\":1872},{\"@type\":\"BreadcrumbList\",\"@id\":\"https:\\\/\\\/balsamico.shop\\\/fi\\\/tuote\\\/duetto-aceti-balsamici-tradizionali-12v-25v-la-secchia\\\/#breadcrumb\",\"itemListElement\":[{\"@type\":\"ListItem\",\"position\":1,\"name\":\"Home\",\"item\":\"https:\\\/\\\/balsamico.shop\\\/fi\\\/\"},{\"@type\":\"ListItem\",\"position\":2,\"name\":\"Balsamico Shop\",\"item\":\"https:\\\/\\\/balsamico.shop\\\/fi\\\/shop\\\/\"},{\"@type\":\"ListItem\",\"position\":3,\"name\":\"Duetto &#8211; Aceti Balsamici Tradizionali &#8211; 12v + 25v &#8211; La Secchia\"}]},{\"@type\":\"WebSite\",\"@id\":\"https:\\\/\\\/balsamico.shop\\\/fi\\\/#website\",\"url\":\"https:\\\/\\\/balsamico.shop\\\/fi\\\/\",\"name\":\"Aceto Balsamico Shop - Suomi\",\"description\":\"Hienoin balsamietikka Italiasta\",\"potentialAction\":[{\"@type\":\"SearchAction\",\"target\":{\"@type\":\"EntryPoint\",\"urlTemplate\":\"https:\\\/\\\/balsamico.shop\\\/fi\\\/?s={search_term_string}\"},\"query-input\":{\"@type\":\"PropertyValueSpecification\",\"valueRequired\":true,\"valueName\":\"search_term_string\"}}],\"inLanguage\":\"fi\"}]}<\/script>\n<!-- \/ Yoast SEO plugin. -->","yoast_head_json":{"title":"Duetto - Aceti Balsamici Tradizionali - 12v + 25v - La Secchia","robots":{"index":"index","follow":"follow","max-snippet":"max-snippet:-1","max-image-preview":"max-image-preview:large","max-video-preview":"max-video-preview:-1"},"canonical":"https:\/\/balsamico.shop\/fi\/tuote\/duetto-aceti-balsamici-tradizionali-12v-25v-la-secchia\/","og_locale":"fi_FI","og_type":"article","og_title":"Duetto - Aceti Balsamici Tradizionali - 12v + 25v - La Secchia","og_description":"T\u00e4ydellinen lahja balsamia rakastavalle &#8211; &#8221;Il Duetto&#8221; &#8211; kaksi t\u00e4ydellisyytt\u00e4 tulevat yhteen suljetussa yksik\u00f6ss\u00e4. Lorenzo Righin &#8221;Aceto Balsamico Tradizionale di Modena DOP&#8221; ja &#8221;Aceto Balsamico Tradizionale di Modena extravecchio DOP&#8221; toimitetaan kauniissa, uudenaikaisessa kaksoislaatikossa, johon sis\u00e4ltyy perinteinen voide, ja ne osoittavat tuntevalle henkil\u00f6lle kaikenlaisen perinteisen balsamic modeen -lajin. Lorenzo Righi, joka on Italian johtavien viinikauppiaiden ja viinintuojien osuuskunnan Club Excellence -koordinaattori ja jolla on ammattikokemus viinialalla, tuntee my\u00f6s viinintuotannon. Modenan etel\u00e4puolella sijaitsevan Acetaia La Secchian operaattorina h\u00e4n antaa my\u00f6s kiinnostuneille osapuolille suoran n\u00e4kemyksen balsamikoiden maailmaan kiert\u00e4m\u00e4ll\u00e4 h\u00e4nen tynnyrivarastoaan ja sit\u00e4 seuraavaa maistamista: Ainesosat: 100% ryp\u00e4leen puristemehu Huomaa: Voi sis\u00e4lt\u00e4\u00e4 luonnollisia sulfiitteja. &nbsp; &nbsp; &nbsp; Tuottaja: Antica Acetaia La Secchia di Righi L. Via Francesco Ghiaroni, 169\/171 41126 Modena Italia","og_url":"https:\/\/balsamico.shop\/fi\/tuote\/duetto-aceti-balsamici-tradizionali-12v-25v-la-secchia\/","og_site_name":"Aceto Balsamico Shop - Suomi","article_modified_time":"2026-04-17T08:27:00+00:00","og_image":[{"width":1600,"height":1872,"url":"https:\/\/balsamico.shop\/fi\/wp-content\/uploads\/2016\/10\/duetto-aceto-balsamico-affinato-extravecchio-1.jpg","type":"image\/jpeg"}],"twitter_card":"summary_large_image","twitter_misc":{"Arvioitu lukuaika":"2 minuuttia"},"schema":{"@context":"https:\/\/schema.org","@graph":[{"@type":"WebPage","@id":"https:\/\/balsamico.shop\/fi\/tuote\/duetto-aceti-balsamici-tradizionali-12v-25v-la-secchia\/","url":"https:\/\/balsamico.shop\/fi\/tuote\/duetto-aceti-balsamici-tradizionali-12v-25v-la-secchia\/","name":"Duetto - Aceti Balsamici Tradizionali - 12v + 25v - La Secchia","isPartOf":{"@id":"https:\/\/balsamico.shop\/fi\/#website"},"primaryImageOfPage":{"@id":"https:\/\/balsamico.shop\/fi\/tuote\/duetto-aceti-balsamici-tradizionali-12v-25v-la-secchia\/#primaryimage"},"image":{"@id":"https:\/\/balsamico.shop\/fi\/tuote\/duetto-aceti-balsamici-tradizionali-12v-25v-la-secchia\/#primaryimage"},"thumbnailUrl":"https:\/\/balsamico.shop\/fi\/wp-content\/uploads\/2016\/10\/duetto-aceto-balsamico-affinato-extravecchio-1.jpg","datePublished":"2016-10-01T22:57:39+00:00","dateModified":"2026-04-17T08:27:00+00:00","breadcrumb":{"@id":"https:\/\/balsamico.shop\/fi\/tuote\/duetto-aceti-balsamici-tradizionali-12v-25v-la-secchia\/#breadcrumb"},"inLanguage":"fi","potentialAction":[{"@type":"ReadAction","target":["https:\/\/balsamico.shop\/fi\/tuote\/duetto-aceti-balsamici-tradizionali-12v-25v-la-secchia\/"]}]},{"@type":"ImageObject","inLanguage":"fi","@id":"https:\/\/balsamico.shop\/fi\/tuote\/duetto-aceti-balsamici-tradizionali-12v-25v-la-secchia\/#primaryimage","url":"https:\/\/balsamico.shop\/fi\/wp-content\/uploads\/2016\/10\/duetto-aceto-balsamico-affinato-extravecchio-1.jpg","contentUrl":"https:\/\/balsamico.shop\/fi\/wp-content\/uploads\/2016\/10\/duetto-aceto-balsamico-affinato-extravecchio-1.jpg","width":1600,"height":1872},{"@type":"BreadcrumbList","@id":"https:\/\/balsamico.shop\/fi\/tuote\/duetto-aceti-balsamici-tradizionali-12v-25v-la-secchia\/#breadcrumb","itemListElement":[{"@type":"ListItem","position":1,"name":"Home","item":"https:\/\/balsamico.shop\/fi\/"},{"@type":"ListItem","position":2,"name":"Balsamico Shop","item":"https:\/\/balsamico.shop\/fi\/shop\/"},{"@type":"ListItem","position":3,"name":"Duetto &#8211; Aceti Balsamici Tradizionali &#8211; 12v + 25v &#8211; La Secchia"}]},{"@type":"WebSite","@id":"https:\/\/balsamico.shop\/fi\/#website","url":"https:\/\/balsamico.shop\/fi\/","name":"Aceto Balsamico Shop - Suomi","description":"Hienoin balsamietikka Italiasta","potentialAction":[{"@type":"SearchAction","target":{"@type":"EntryPoint","urlTemplate":"https:\/\/balsamico.shop\/fi\/?s={search_term_string}"},"query-input":{"@type":"PropertyValueSpecification","valueRequired":true,"valueName":"search_term_string"}}],"inLanguage":"fi"}]}},"_links":{"self":[{"href":"https:\/\/balsamico.shop\/fi\/wp-json\/wp\/v2\/product\/1618","targetHints":{"allow":["GET"]}}],"collection":[{"href":"https:\/\/balsamico.shop\/fi\/wp-json\/wp\/v2\/product"}],"about":[{"href":"https:\/\/balsamico.shop\/fi\/wp-json\/wp\/v2\/types\/product"}],"wp:featuredmedia":[{"embeddable":true,"href":"https:\/\/balsamico.shop\/fi\/wp-json\/wp\/v2\/media\/1980"}],"wp:attachment":[{"href":"https:\/\/balsamico.shop\/fi\/wp-json\/wp\/v2\/media?parent=1618"}],"wp:term":[{"taxonomy":"product_brand","embeddable":true,"href":"https:\/\/balsamico.shop\/fi\/wp-json\/wp\/v2\/product_brand?post=1618"},{"taxonomy":"product_cat","embeddable":true,"href":"https:\/\/balsamico.shop\/fi\/wp-json\/wp\/v2\/product_cat?post=1618"},{"taxonomy":"product_tag","embeddable":true,"href":"https:\/\/balsamico.shop\/fi\/wp-json\/wp\/v2\/product_tag?post=1618"}],"curies":[{"name":"wp","href":"https:\/\/api.w.org\/{rel}","templated":true}]}}