{"id":1525,"date":"2018-02-16T18:29:57","date_gmt":"2018-02-16T17:29:57","guid":{"rendered":"https:\/\/balsamico.shop\/fi\/?post_type=product&#038;p=1525"},"modified":"2026-05-14T16:22:04","modified_gmt":"2026-05-14T14:22:04","slug":"aceto-balsamico-tradizionale-modena-extravecchio-malpighi","status":"publish","type":"product","link":"https:\/\/balsamico.shop\/fi\/tuote\/aceto-balsamico-tradizionale-modena-extravecchio-malpighi\/","title":{"rendered":"Aceto Balsamico Tradizionale di Modena extravecchio DOP &#8211; Malpighi"},"content":{"rendered":"<p>Modena DOP: n &#8221;extra vecchio&#8221; perinteinen balsamiviinietikka on kypsynyt v\u00e4hint\u00e4\u00e4n 25 vuotta puupatruunoissa. Se on valmistettu parhaista Trebbiano- ja Lambrusco-viiniryp\u00e4leist\u00e4, jotka on valmistettu Modenan viinitarhoista ja jotka on k\u00e4sitelty Modenan perinteisess\u00e4 Malpighi-viinitilassa. T\u00e4m\u00e4 alkuper\u00e4inen Aceto Balsamico Tradizionale di Modena DOP Extra Vecchio on ominaista syv\u00e4 ruskea ja kirkas v\u00e4ri, voimakas maku ja suuri tiheys. Tuoksu on sopusointuista ja pysyv\u00e4\u00e4, ja siin\u00e4 on nurmikon, hein\u00e4n ja luumujen aromeja.<\/p>\n<p>Kypsyminen tapahtuu Acetaia Malpighin arvokkaimmissa metsiss\u00e4 vanhan &#8221;tynnyrilt\u00e4&#8221;.<\/p>\n<p>Ainesosat: 100% ryp\u00e4leen puristemehusta<\/p>\n<p>Pakkaus: Giorgetto Giugiaron suunnittelema lasipullo, alkuper\u00e4inen konsortiopakkaus ja vastaava nokka lasiputkella.<\/p>\n<p>K\u00e4ytt\u00f6: Puhdas, pieniss\u00e4 pisaroissa kaikentyyppisiss\u00e4 elintarvikkeissa, erityisesti juustolle, parmesanjuustolle, tuoreille mansikoille, j\u00e4lkiruoille, vaniljaj\u00e4\u00e4tel\u00f6lle tai hienostuneille cocktaileille.<\/p>\n<p><iframe loading=\"lazy\" title=\"House of Balsamics - Traditional Balsamic Vinegar from Modena\" width=\"1170\" height=\"658\" src=\"https:\/\/www.youtube.com\/embed\/KxHEpD9YPKs?feature=oembed\" frameborder=\"0\" allow=\"accelerometer; autoplay; clipboard-write; encrypted-media; gyroscope; picture-in-picture\" allowfullscreen><\/iframe><\/p>\n<p>&nbsp;<\/p>\n<p>Valmistaja:<br \/>\nAcetaia MALPIGHI Srl<br \/>\nStradello Barca, 20<br \/>\n41126 Modena, Italia<\/p>\n","protected":false},"excerpt":{"rendered":"<p>Modena DOP: n &#8221;extra vecchio&#8221; perinteinen balsamiviinietikka on kypsynyt v\u00e4hint\u00e4\u00e4n 25 vuotta puupatruunoissa. Se on valmistettu parhaista Trebbiano- ja Lambrusco-viiniryp\u00e4leist\u00e4, jotka on valmistettu Modenan viinitarhoista ja jotka on k\u00e4sitelty Modenan perinteisess\u00e4 Malpighi-viinitilassa. T\u00e4m\u00e4 alkuper\u00e4inen Aceto Balsamico Tradizionale di Modena DOP Extra Vecchio on ominaista syv\u00e4 ruskea ja kirkas v\u00e4ri, voimakas maku ja suuri tiheys. Tuoksu on sopusointuista ja pysyv\u00e4\u00e4, ja siin\u00e4 on nurmikon, hein\u00e4n ja luumujen aromeja. Kypsyminen tapahtuu Acetaia Malpighin arvokkaimmissa metsiss\u00e4 vanhan &#8221;tynnyrilt\u00e4&#8221;. Ainesosat: 100% ryp\u00e4leen puristemehusta Pakkaus: Giorgetto Giugiaron suunnittelema lasipullo, alkuper\u00e4inen konsortiopakkaus ja vastaava nokka lasiputkella. K\u00e4ytt\u00f6: Puhdas, pieniss\u00e4 pisaroissa kaikentyyppisiss\u00e4 elintarvikkeissa, erityisesti juustolle, parmesanjuustolle, tuoreille mansikoille, j\u00e4lkiruoille, vaniljaj\u00e4\u00e4tel\u00f6lle tai hienostuneille cocktaileille. &nbsp; Valmistaja: Acetaia MALPIGHI Srl Stradello Barca, 20 41126 Modena, Italia<\/p>\n","protected":false},"featured_media":1977,"template":"","meta":[],"product_brand":[],"product_cat":[34],"product_tag":[],"class_list":{"0":"post-1525","1":"product","2":"type-product","3":"status-publish","4":"has-post-thumbnail","6":"product_cat-malpighi","7":"product_shipping_class-balsamico","9":"first","10":"instock","11":"sale","12":"featured","13":"taxable","14":"shipping-taxable","15":"purchasable","16":"product-type-simple"},"bundle_layout":"","bundled_by":[],"bundled_items":[],"yoast_head":"<!-- This site is optimized with the Yoast SEO plugin v27.6 - https:\/\/yoast.com\/product\/yoast-seo-wordpress\/ -->\n<title>Aceto Balsamico Tradizionale di Modena extravecchio DOP - osta nyt<\/title>\n<meta name=\"robots\" content=\"index, follow, max-snippet:-1, max-image-preview:large, max-video-preview:-1\" \/>\n<link rel=\"canonical\" href=\"https:\/\/balsamico.shop\/fi\/tuote\/aceto-balsamico-tradizionale-modena-extravecchio-malpighi\/\" \/>\n<meta property=\"og:locale\" content=\"fi_FI\" \/>\n<meta property=\"og:type\" content=\"article\" \/>\n<meta property=\"og:title\" content=\"Aceto Balsamico Tradizionale di Modena extravecchio DOP - osta nyt\" \/>\n<meta property=\"og:description\" content=\"Modena DOP: n &#8221;extra vecchio&#8221; perinteinen balsamiviinietikka on kypsynyt v\u00e4hint\u00e4\u00e4n 25 vuotta puupatruunoissa. Se on valmistettu parhaista Trebbiano- ja Lambrusco-viiniryp\u00e4leist\u00e4, jotka on valmistettu Modenan viinitarhoista ja jotka on k\u00e4sitelty Modenan perinteisess\u00e4 Malpighi-viinitilassa. T\u00e4m\u00e4 alkuper\u00e4inen Aceto Balsamico Tradizionale di Modena DOP Extra Vecchio on ominaista syv\u00e4 ruskea ja kirkas v\u00e4ri, voimakas maku ja suuri tiheys. Tuoksu on sopusointuista ja pysyv\u00e4\u00e4, ja siin\u00e4 on nurmikon, hein\u00e4n ja luumujen aromeja. Kypsyminen tapahtuu Acetaia Malpighin arvokkaimmissa metsiss\u00e4 vanhan &#8221;tynnyrilt\u00e4&#8221;. Ainesosat: 100% ryp\u00e4leen puristemehusta Pakkaus: Giorgetto Giugiaron suunnittelema lasipullo, alkuper\u00e4inen konsortiopakkaus ja vastaava nokka lasiputkella. K\u00e4ytt\u00f6: Puhdas, pieniss\u00e4 pisaroissa kaikentyyppisiss\u00e4 elintarvikkeissa, erityisesti juustolle, parmesanjuustolle, tuoreille mansikoille, j\u00e4lkiruoille, vaniljaj\u00e4\u00e4tel\u00f6lle tai hienostuneille cocktaileille. &nbsp; Valmistaja: Acetaia MALPIGHI Srl Stradello Barca, 20 41126 Modena, Italia\" \/>\n<meta property=\"og:url\" content=\"https:\/\/balsamico.shop\/fi\/tuote\/aceto-balsamico-tradizionale-modena-extravecchio-malpighi\/\" \/>\n<meta property=\"og:site_name\" content=\"Aceto Balsamico Shop - Suomi\" \/>\n<meta property=\"article:modified_time\" content=\"2026-05-14T14:22:04+00:00\" \/>\n<meta property=\"og:image\" content=\"https:\/\/balsamico.shop\/fi\/wp-content\/uploads\/2018\/02\/aceto-balsamico-tradizionale-extravecchio-malpighi-1.jpg\" \/>\n\t<meta property=\"og:image:width\" content=\"1600\" \/>\n\t<meta property=\"og:image:height\" content=\"1872\" \/>\n\t<meta property=\"og:image:type\" content=\"image\/jpeg\" \/>\n<meta name=\"twitter:card\" content=\"summary_large_image\" \/>\n<meta name=\"twitter:label1\" content=\"Arvioitu lukuaika\" \/>\n\t<meta name=\"twitter:data1\" content=\"1 minuutti\" \/>\n<script type=\"application\/ld+json\" class=\"yoast-schema-graph\">{\"@context\":\"https:\\\/\\\/schema.org\",\"@graph\":[{\"@type\":\"WebPage\",\"@id\":\"https:\\\/\\\/balsamico.shop\\\/fi\\\/tuote\\\/aceto-balsamico-tradizionale-modena-extravecchio-malpighi\\\/\",\"url\":\"https:\\\/\\\/balsamico.shop\\\/fi\\\/tuote\\\/aceto-balsamico-tradizionale-modena-extravecchio-malpighi\\\/\",\"name\":\"Aceto Balsamico Tradizionale di Modena extravecchio DOP - osta nyt\",\"isPartOf\":{\"@id\":\"https:\\\/\\\/balsamico.shop\\\/fi\\\/#website\"},\"primaryImageOfPage\":{\"@id\":\"https:\\\/\\\/balsamico.shop\\\/fi\\\/tuote\\\/aceto-balsamico-tradizionale-modena-extravecchio-malpighi\\\/#primaryimage\"},\"image\":{\"@id\":\"https:\\\/\\\/balsamico.shop\\\/fi\\\/tuote\\\/aceto-balsamico-tradizionale-modena-extravecchio-malpighi\\\/#primaryimage\"},\"thumbnailUrl\":\"https:\\\/\\\/balsamico.shop\\\/fi\\\/wp-content\\\/uploads\\\/2018\\\/02\\\/aceto-balsamico-tradizionale-extravecchio-malpighi-1.jpg\",\"datePublished\":\"2018-02-16T17:29:57+00:00\",\"dateModified\":\"2026-05-14T14:22:04+00:00\",\"breadcrumb\":{\"@id\":\"https:\\\/\\\/balsamico.shop\\\/fi\\\/tuote\\\/aceto-balsamico-tradizionale-modena-extravecchio-malpighi\\\/#breadcrumb\"},\"inLanguage\":\"fi\",\"potentialAction\":[{\"@type\":\"ReadAction\",\"target\":[\"https:\\\/\\\/balsamico.shop\\\/fi\\\/tuote\\\/aceto-balsamico-tradizionale-modena-extravecchio-malpighi\\\/\"]}]},{\"@type\":\"ImageObject\",\"inLanguage\":\"fi\",\"@id\":\"https:\\\/\\\/balsamico.shop\\\/fi\\\/tuote\\\/aceto-balsamico-tradizionale-modena-extravecchio-malpighi\\\/#primaryimage\",\"url\":\"https:\\\/\\\/balsamico.shop\\\/fi\\\/wp-content\\\/uploads\\\/2018\\\/02\\\/aceto-balsamico-tradizionale-extravecchio-malpighi-1.jpg\",\"contentUrl\":\"https:\\\/\\\/balsamico.shop\\\/fi\\\/wp-content\\\/uploads\\\/2018\\\/02\\\/aceto-balsamico-tradizionale-extravecchio-malpighi-1.jpg\",\"width\":1600,\"height\":1872},{\"@type\":\"BreadcrumbList\",\"@id\":\"https:\\\/\\\/balsamico.shop\\\/fi\\\/tuote\\\/aceto-balsamico-tradizionale-modena-extravecchio-malpighi\\\/#breadcrumb\",\"itemListElement\":[{\"@type\":\"ListItem\",\"position\":1,\"name\":\"Home\",\"item\":\"https:\\\/\\\/balsamico.shop\\\/fi\\\/\"},{\"@type\":\"ListItem\",\"position\":2,\"name\":\"Balsamico Shop\",\"item\":\"https:\\\/\\\/balsamico.shop\\\/fi\\\/shop\\\/\"},{\"@type\":\"ListItem\",\"position\":3,\"name\":\"Aceto Balsamico Tradizionale di Modena extravecchio DOP &#8211; Malpighi\"}]},{\"@type\":\"WebSite\",\"@id\":\"https:\\\/\\\/balsamico.shop\\\/fi\\\/#website\",\"url\":\"https:\\\/\\\/balsamico.shop\\\/fi\\\/\",\"name\":\"Aceto Balsamico Shop - Suomi\",\"description\":\"Hienoin balsamietikka Italiasta\",\"potentialAction\":[{\"@type\":\"SearchAction\",\"target\":{\"@type\":\"EntryPoint\",\"urlTemplate\":\"https:\\\/\\\/balsamico.shop\\\/fi\\\/?s={search_term_string}\"},\"query-input\":{\"@type\":\"PropertyValueSpecification\",\"valueRequired\":true,\"valueName\":\"search_term_string\"}}],\"inLanguage\":\"fi\"}]}<\/script>\n<!-- \/ Yoast SEO plugin. -->","yoast_head_json":{"title":"Aceto Balsamico Tradizionale di Modena extravecchio DOP - osta nyt","robots":{"index":"index","follow":"follow","max-snippet":"max-snippet:-1","max-image-preview":"max-image-preview:large","max-video-preview":"max-video-preview:-1"},"canonical":"https:\/\/balsamico.shop\/fi\/tuote\/aceto-balsamico-tradizionale-modena-extravecchio-malpighi\/","og_locale":"fi_FI","og_type":"article","og_title":"Aceto Balsamico Tradizionale di Modena extravecchio DOP - osta nyt","og_description":"Modena DOP: n &#8221;extra vecchio&#8221; perinteinen balsamiviinietikka on kypsynyt v\u00e4hint\u00e4\u00e4n 25 vuotta puupatruunoissa. Se on valmistettu parhaista Trebbiano- ja Lambrusco-viiniryp\u00e4leist\u00e4, jotka on valmistettu Modenan viinitarhoista ja jotka on k\u00e4sitelty Modenan perinteisess\u00e4 Malpighi-viinitilassa. T\u00e4m\u00e4 alkuper\u00e4inen Aceto Balsamico Tradizionale di Modena DOP Extra Vecchio on ominaista syv\u00e4 ruskea ja kirkas v\u00e4ri, voimakas maku ja suuri tiheys. Tuoksu on sopusointuista ja pysyv\u00e4\u00e4, ja siin\u00e4 on nurmikon, hein\u00e4n ja luumujen aromeja. Kypsyminen tapahtuu Acetaia Malpighin arvokkaimmissa metsiss\u00e4 vanhan &#8221;tynnyrilt\u00e4&#8221;. Ainesosat: 100% ryp\u00e4leen puristemehusta Pakkaus: Giorgetto Giugiaron suunnittelema lasipullo, alkuper\u00e4inen konsortiopakkaus ja vastaava nokka lasiputkella. K\u00e4ytt\u00f6: Puhdas, pieniss\u00e4 pisaroissa kaikentyyppisiss\u00e4 elintarvikkeissa, erityisesti juustolle, parmesanjuustolle, tuoreille mansikoille, j\u00e4lkiruoille, vaniljaj\u00e4\u00e4tel\u00f6lle tai hienostuneille cocktaileille. &nbsp; Valmistaja: Acetaia MALPIGHI Srl Stradello Barca, 20 41126 Modena, Italia","og_url":"https:\/\/balsamico.shop\/fi\/tuote\/aceto-balsamico-tradizionale-modena-extravecchio-malpighi\/","og_site_name":"Aceto Balsamico Shop - Suomi","article_modified_time":"2026-05-14T14:22:04+00:00","og_image":[{"width":1600,"height":1872,"url":"https:\/\/balsamico.shop\/fi\/wp-content\/uploads\/2018\/02\/aceto-balsamico-tradizionale-extravecchio-malpighi-1.jpg","type":"image\/jpeg"}],"twitter_card":"summary_large_image","twitter_misc":{"Arvioitu lukuaika":"1 minuutti"},"schema":{"@context":"https:\/\/schema.org","@graph":[{"@type":"WebPage","@id":"https:\/\/balsamico.shop\/fi\/tuote\/aceto-balsamico-tradizionale-modena-extravecchio-malpighi\/","url":"https:\/\/balsamico.shop\/fi\/tuote\/aceto-balsamico-tradizionale-modena-extravecchio-malpighi\/","name":"Aceto Balsamico Tradizionale di Modena extravecchio DOP - osta nyt","isPartOf":{"@id":"https:\/\/balsamico.shop\/fi\/#website"},"primaryImageOfPage":{"@id":"https:\/\/balsamico.shop\/fi\/tuote\/aceto-balsamico-tradizionale-modena-extravecchio-malpighi\/#primaryimage"},"image":{"@id":"https:\/\/balsamico.shop\/fi\/tuote\/aceto-balsamico-tradizionale-modena-extravecchio-malpighi\/#primaryimage"},"thumbnailUrl":"https:\/\/balsamico.shop\/fi\/wp-content\/uploads\/2018\/02\/aceto-balsamico-tradizionale-extravecchio-malpighi-1.jpg","datePublished":"2018-02-16T17:29:57+00:00","dateModified":"2026-05-14T14:22:04+00:00","breadcrumb":{"@id":"https:\/\/balsamico.shop\/fi\/tuote\/aceto-balsamico-tradizionale-modena-extravecchio-malpighi\/#breadcrumb"},"inLanguage":"fi","potentialAction":[{"@type":"ReadAction","target":["https:\/\/balsamico.shop\/fi\/tuote\/aceto-balsamico-tradizionale-modena-extravecchio-malpighi\/"]}]},{"@type":"ImageObject","inLanguage":"fi","@id":"https:\/\/balsamico.shop\/fi\/tuote\/aceto-balsamico-tradizionale-modena-extravecchio-malpighi\/#primaryimage","url":"https:\/\/balsamico.shop\/fi\/wp-content\/uploads\/2018\/02\/aceto-balsamico-tradizionale-extravecchio-malpighi-1.jpg","contentUrl":"https:\/\/balsamico.shop\/fi\/wp-content\/uploads\/2018\/02\/aceto-balsamico-tradizionale-extravecchio-malpighi-1.jpg","width":1600,"height":1872},{"@type":"BreadcrumbList","@id":"https:\/\/balsamico.shop\/fi\/tuote\/aceto-balsamico-tradizionale-modena-extravecchio-malpighi\/#breadcrumb","itemListElement":[{"@type":"ListItem","position":1,"name":"Home","item":"https:\/\/balsamico.shop\/fi\/"},{"@type":"ListItem","position":2,"name":"Balsamico Shop","item":"https:\/\/balsamico.shop\/fi\/shop\/"},{"@type":"ListItem","position":3,"name":"Aceto Balsamico Tradizionale di Modena extravecchio DOP &#8211; Malpighi"}]},{"@type":"WebSite","@id":"https:\/\/balsamico.shop\/fi\/#website","url":"https:\/\/balsamico.shop\/fi\/","name":"Aceto Balsamico Shop - Suomi","description":"Hienoin balsamietikka Italiasta","potentialAction":[{"@type":"SearchAction","target":{"@type":"EntryPoint","urlTemplate":"https:\/\/balsamico.shop\/fi\/?s={search_term_string}"},"query-input":{"@type":"PropertyValueSpecification","valueRequired":true,"valueName":"search_term_string"}}],"inLanguage":"fi"}]}},"_links":{"self":[{"href":"https:\/\/balsamico.shop\/fi\/wp-json\/wp\/v2\/product\/1525","targetHints":{"allow":["GET"]}}],"collection":[{"href":"https:\/\/balsamico.shop\/fi\/wp-json\/wp\/v2\/product"}],"about":[{"href":"https:\/\/balsamico.shop\/fi\/wp-json\/wp\/v2\/types\/product"}],"wp:featuredmedia":[{"embeddable":true,"href":"https:\/\/balsamico.shop\/fi\/wp-json\/wp\/v2\/media\/1977"}],"wp:attachment":[{"href":"https:\/\/balsamico.shop\/fi\/wp-json\/wp\/v2\/media?parent=1525"}],"wp:term":[{"taxonomy":"product_brand","embeddable":true,"href":"https:\/\/balsamico.shop\/fi\/wp-json\/wp\/v2\/product_brand?post=1525"},{"taxonomy":"product_cat","embeddable":true,"href":"https:\/\/balsamico.shop\/fi\/wp-json\/wp\/v2\/product_cat?post=1525"},{"taxonomy":"product_tag","embeddable":true,"href":"https:\/\/balsamico.shop\/fi\/wp-json\/wp\/v2\/product_tag?post=1525"}],"curies":[{"name":"wp","href":"https:\/\/api.w.org\/{rel}","templated":true}]}}